{"id":168,"date":"2018-05-03T14:23:33","date_gmt":"2018-05-03T13:23:33","guid":{"rendered":"https:\/\/www.lottohoy.com\/informacion\/euromillions\/"},"modified":"2025-02-12T17:27:01","modified_gmt":"2025-02-12T17:27:01","slug":"euromillions","status":"publish","type":"page","link":"https:\/\/lottohoy.com\/es\/informacion\/euromillions\/","title":{"rendered":"Informaci\u00f3n de EuroMilliones"},"content":{"rendered":"<p><!--more--><\/p>\r\n<h1>\u00bfQu\u00e9 es Euromillones?<\/h1>\r\n<p><span style=\"font-weight: 400;\">El <strong>Euromillones<\/strong> es un <a href=\"https:\/\/lottohoy.com\/es\/jugar\/\">juego de loter\u00eda<\/a> que se celebra cada martes y viernes a las 21:30 en Par\u00eds. Es la loter\u00eda m\u00e1s importante de Europa, ya que es el juego que m\u00e1s participantes aglutina y adem\u00e1s reparte los premios m\u00e1s altos.\u00a0<\/span><\/p>\r\n<p><span style=\"font-weight: 400;\">El primer sorteo se celebr\u00f3 el 13 de Febrero de 2004, en el cual tres pa\u00edses fueron los promotores de la loter\u00eda principales, concretamente los organismos de loter\u00edas de <b>Reino Unido<\/b> (Nattional Lottery), <b>Francia<\/b> (La Fran\u00e7aise des Jeux) y <b>Espa\u00f1a<\/b> (Loter\u00edas y Apuestas del Estado). Tan solo unos meses despu\u00e9s de este primer sorteo, se unieron otros seis pa\u00edses: <\/span><b>Austria<\/b><span style=\"font-weight: 400;\">, <\/span><b>B\u00e9lgica<\/b><span style=\"font-weight: 400;\">, <\/span><b>Irlanda<\/b><span style=\"font-weight: 400;\">, <\/span><b>Luxemburgo<\/b><span style=\"font-weight: 400;\">, <\/span><b>Portugal<\/b><span style=\"font-weight: 400;\"> y <\/span><b>Suiza<\/b><span style=\"font-weight: 400;\">.<\/span><\/p>\r\n<p><span style=\"font-weight: 400;\">Estamos hablando de una loter\u00eda realmente joven, ya que se instaur\u00f3 a partir de la entrada de la <strong>moneda comunitaria Euro (\u20ac)<\/strong>, aunque ya hacia algo m\u00e1s de una d\u00e9cada que se estaba estudiando la posibilidad de crear una loter\u00eda com\u00fan para los <strong>500 millones de habitantes<\/strong> de la Uni\u00f3n Europea.<\/span><\/p>\r\n<p><span style=\"font-weight: 400;\">En esta <strong>loter\u00eda de Euro Millones<\/strong>, est\u00e1 garantizado un <strong>premio m\u00ednimo de \u20ac20.000.000<\/strong> destinado a la primera categor\u00eda de acertantes, y un m\u00e1ximo establecido <del>actualmente que puede llegar hasta los \u20ac190 M<\/del> <\/span><span style=\"font-weight: 400;\">(este importe se ha entregado hasta la fecha en <a href=\"https:\/\/lottohoy.com\/es\/los-mayores-premios-de-la-historia-de-euromillones\/\">tres ocasiones<\/a>).<\/span><\/p>\r\n<p>El martes, 4 de febrero de 2020 entran en vigor nuevos cambios en Euromillones. El tope que puede alcanzar el importe del premio destinado a la primera categor\u00eda sube hasta los \u20ac<strong>200 Millones<\/strong>, pudiendo llegar a alcanzar de forma progresiva los \u20ac250 millones como l\u00edmite m\u00e1ximo. Tambi\u00e9n se aplican modificaciones en los porcentajes destinados a premios por categor\u00edas.<\/p>\r\n<h2><b>\u00bfC\u00f3mo se juega Euromillones?<\/b><\/h2>\r\n<p><span style=\"font-weight: 400;\">Hay tres factores importantes a tener en cuenta para conocer el <strong>juego de Euromillones<\/strong>: Las normas que regulan el juego, las Categor\u00edas de premios, el reparto de los mismos y\u00a0 los \u201cbotes\u201d.<\/span><\/p>\r\n<p><span style=\"font-weight: 400;\">Esencialmente se trata de seleccionar <strong>5 n\u00fameros<\/strong> entre el 1 y el 50, y <strong>2 estrellas<\/strong> entre el 1 y el 12. Cuantos m\u00e1s n\u00fameros y estrellas acertemos m\u00e1s grande ser\u00e1 nuestro premio. \u00a1As\u00ed de f\u00e1cil!<\/span><\/p>\r\n<p><span style=\"font-weight: 400;\">Cuando entras en la secci\u00f3n de <a href=\"https:\/\/lottohoy.com\/es\/jugar\/euromillions\/\">jugar al Euromillones<\/a>\u00a0ver\u00e1s una fila formada por 5 columnas, cada una de estas columnas\u00a0consta de 50 casillas numeradas del 1 al 50, y una segunda parte que consta de 12 casillas (las estrellas de la suerte) igualmente numerados del 1 al 12.<\/span><\/p>\r\n<p><span style=\"font-weight: 400;\">Como puede verse, inicialmente se muestra una l\u00ednea con 5 columnas de juego para realizar nuestras apuestas , pero que podemos ampliar el n\u00famero de filas simplemente clicando sobre el recuadro <strong>MAS LINEAS<\/strong>.<br \/><\/span><span style=\"font-weight: 400;\">En cada una de estas tablas o l\u00edneas es donde debemos realizar nuestro pron\u00f3stico (5 n\u00fameros y 2 estrellas). Adem\u00e1s, lo podemos hacer manualmente escogiendo nuestros n\u00fameros favoritos o de manera aleatoria mediante el bot\u00f3n de SELECCI\u00d3N R\u00c1PIDA que aparece encima de cada columna.<\/span><\/p>\r\n<p><span style=\"font-weight: 400;\">Una vez rellenados todos los boletos que queremos jugar, podr\u00e1s consultar el importe total en la esquina inferior derecha. Al hacer click sobre el recuadro CONTINUAR, nos llevar\u00e1 a <strong>confirmar el pedido<\/strong> y a realizar el pago, donde podr\u00e1s escoger entre hacerlo con tus fondos depositados anteriormente o con cualquiera de los m\u00e1s de <strong>20 m\u00e9todos de pago<\/strong> de los que disponemos.<\/span><\/p>\r\n<h3><b>Precio de apuesta Euromillones<\/b><\/h3>\r\n<p><span style=\"font-weight: 400;\">El <strong>precio oficial<\/strong> de cada apuesta, var\u00eda en funci\u00f3n del pa\u00eds organizador y de su moneda.\u00a0<\/span><span style=\"font-weight: 400;\">Para tener una idea aproximada en comparaci\u00f3n con el Euro.<\/span><\/p>\r\n<p><span style=\"font-weight: 400;\">Juntamente con el importe de la <strong>apuesta de Euromillones<\/strong>, en algunos de los pa\u00edses organizadores de esta loter\u00eda se ha establecido un complemento: <a href=\"https:\/\/lottohoy.com\/es\/el-millon-el-sorteo-complementario-de-euromillones\/\">el Mill\u00f3n<\/a><\/span><span style=\"font-weight: 400;\">.<\/span><\/p>\r\n<p><span style=\"font-weight: 400;\">Este sorteo que se celebra cada semana en cada uno de estos pa\u00edses m<\/span><span style=\"font-weight: 400;\">ediante la compra de la apuesta de los viernes. En algunos pa\u00edses, se facilita tambin un <strong>c\u00f3digo \u00fanico<\/strong> autom\u00e1ticamente, si el n\u00famero premiado coincide con el de tu boleto ganar\u00e1s <strong>\u20ac1.000.000<\/strong> independientemente de si tu combinaci\u00f3n ha sido premiada o no.<\/span><\/p>\r\n<h2><b>Sorteos especiales de Euromillones<\/b><\/h2>\r\n<p><span style=\"font-weight: 400;\">Existen unos <strong>sorteos complementarios del Euromillones<\/strong> que se celebran en los diversos pa\u00edses organizadores. En algunos casos con el mismo importe de la apuesta de Euromillones, y en otros casos con un precio aparte.<\/span><\/p>\r\n<h3><b>\u00abLa lluvia de millones\u00bb <\/b><\/h3>\r\n<p><span style=\"font-weight: 400;\">La <a href=\"https:\/\/lottohoy.com\/es\/lluvia-de-millones-un-complemento-de-euromillones\/\">lluvia de millones del Euromillones<\/a> es una rifa en la que juegan todos los pa\u00edses participantes en el sorteo y crea m\u00faltiples millonarios de manera garantizada en un solo sorteo.<\/span><\/p>\r\n<p><span style=\"font-weight: 400;\">Los ganadores ser\u00e1n seleccionados al azar entre todos los boletos introducidos en el sorteo con este <strong>evento especial<\/strong> que tendr\u00e1 lugar en ocasiones se\u00f1aladas a lo largo del a\u00f1o.<\/span><\/p>\r\n<h3><b>El \u00abS\u00faper sorteo\u00bb: <\/b><\/h3>\r\n<p><span style=\"font-weight: 400;\">Es cuando los organismos de las loter\u00edas participantes deciden ofrecer un <strong>fondo garantizado especial<\/strong> para la primera categor\u00eda (bote), pudiendo ser en cualquier sorteo anunciado. Since 2017, two such draws have been held each year, with a prize amount of \u20ac130,000,000.<\/span>Desde 2017 se han venido realizando 2 sorteos de estas caracter\u00edsticas cada a\u00f1o, con un importe de premio de \u20ac 130.000.000. <strong>A partir de 1 de febrero de 2020, se realizar\u00e1n tres (3) \u201cs\u00faper sorteos\u201d cada a\u00f1o<\/strong>, y en principio esta previsto que se aumente la cantidad garantizada, con independencia del valor en el sorteo anterior, se haya ganado o no.<\/p>\r\n<p>En caso de no haber ning\u00fan acertante de primera categor\u00eda el bote se acumular\u00eda para el siguiente sorteo hasta llegar al <strong>m\u00e1ximo de 190.000.000\u20ac <\/strong><span style=\"font-family: Arial, sans-serif; color: #333333;\">o lo previsto a partir de la modificaci\u00f3n de febrero de 2020<\/span><\/p>\r\n<h3><b>Los Sorteos Especiales: \u00a0<\/b><\/h3>\r\n<p><span style=\"font-weight: 400;\">Tambi\u00e9n llamado <\/span><a href=\"https:\/\/lottohoy.com\/es\/big-friday-un-super-sorteo-de-euromillones\/\"><b>Big Friday<\/b><\/a><span style=\"font-weight: 400;\">, son sorteos con un bote m\u00ednimo garantizado de nueve cifras y funciona exactamente con las mismas reglas que los sorteos ordinarios.<\/span><\/p>\r\n<p><span style=\"font-weight: 400;\">El fondo del bote del <\/span><b>Big Friday<\/b><span style=\"font-weight: 400;\"> de Euromillones se forma a trav\u00e9s de recibir un 4,8% del Fondo Com\u00fan de Premios para las primeras acumulaciones despu\u00e9s de que el bote empiece de nuevo con la cantidad m\u00ednima garantizada.\u00a0<\/span><span style=\"font-weight: 400;\">Despu\u00e9s de ocho sorteos en adelante, se paga el 21% al Refuerzo del Fondo.<\/span><\/p>\r\n<h2>Probabilidades de ganar Euromill\u00f3n<\/h2>\r\n<p>A continuaci\u00f3n puedes ver una tabla en la que hemos recopilado todas las probabilidades de llevarte un premio en cada una de las categor\u00edas. Combina estas probabilidades con el estudio de los \u00faltimos <a href=\"https:\/\/lottohoy.com\/es\/resultados\/euromillions\/\">resultados del euromillones<\/a> para incrementar tus posibilidades de ganar un premio.<\/p><p>&nbsp;<\/p>","protected":false},"excerpt":{"rendered":"","protected":false},"author":2,"featured_media":0,"parent":166,"menu_order":3,"comment_status":"closed","ping_status":"closed","template":"euromillions-at-info.php","meta":{"_et_pb_use_builder":"","_et_pb_old_content":"","_et_gb_content_width":"","exclude_from_search":false,"footnotes":""},"class_list":["post-168","page","type-page","status-publish","hentry"],"yoast_head":"<!-- This site is optimized with the Yoast SEO plugin v23.7 - https:\/\/yoast.com\/wordpress\/plugins\/seo\/ -->\n<title>Toda la informaci\u00f3n sobre Euromillones<\/title>\n<meta name=\"description\" content=\"Euromillones es la loter\u00eda m\u00e1s importante de Europa, ya que es el juego que m\u00e1s participantes aglutina y adem\u00e1s reparte los premios m\u00e1s altos.\" \/>\n<meta name=\"robots\" content=\"index, follow, max-snippet:-1, max-image-preview:large, max-video-preview:-1\" \/>\n<link rel=\"canonical\" href=\"https:\/\/lottohoy.com\/es\/informacion\/euromillions\/\" \/>\n<meta property=\"og:locale\" content=\"es_ES\" \/>\n<meta property=\"og:type\" content=\"article\" \/>\n<meta property=\"og:title\" content=\"Toda la informaci\u00f3n sobre Euromillones\" \/>\n<meta property=\"og:description\" content=\"Euromillones es la loter\u00eda m\u00e1s importante de Europa, ya que es el juego que m\u00e1s participantes aglutina y adem\u00e1s reparte los premios m\u00e1s altos.\" \/>\n<meta property=\"og:url\" content=\"https:\/\/lottohoy.com\/es\/informacion\/euromillions\/\" \/>\n<meta property=\"og:site_name\" content=\"Lottohoy\" \/>\n<meta property=\"article:modified_time\" content=\"2025-02-12T17:27:01+00:00\" \/>\n<meta name=\"twitter:card\" content=\"summary_large_image\" \/>\n<meta name=\"twitter:label1\" content=\"Tiempo de lectura\" \/>\n\t<meta name=\"twitter:data1\" content=\"5 minutos\" \/>\n<script type=\"application\/ld+json\" class=\"yoast-schema-graph\">{\"@context\":\"https:\/\/schema.org\",\"@graph\":[{\"@type\":\"WebPage\",\"@id\":\"https:\/\/lottohoy.com\/es\/informacion\/euromillions\/\",\"url\":\"https:\/\/lottohoy.com\/es\/informacion\/euromillions\/\",\"name\":\"Toda la informaci\u00f3n sobre Euromillones\",\"isPartOf\":{\"@id\":\"https:\/\/lottohoy.com\/es\/#website\"},\"datePublished\":\"2018-05-03T13:23:33+00:00\",\"dateModified\":\"2025-02-12T17:27:01+00:00\",\"description\":\"Euromillones es la loter\u00eda m\u00e1s importante de Europa, ya que es el juego que m\u00e1s participantes aglutina y adem\u00e1s reparte los premios m\u00e1s altos.\",\"breadcrumb\":{\"@id\":\"https:\/\/lottohoy.com\/es\/informacion\/euromillions\/#breadcrumb\"},\"inLanguage\":\"es\",\"potentialAction\":[{\"@type\":\"ReadAction\",\"target\":[\"https:\/\/lottohoy.com\/es\/informacion\/euromillions\/\"]}]},{\"@type\":\"BreadcrumbList\",\"@id\":\"https:\/\/lottohoy.com\/es\/informacion\/euromillions\/#breadcrumb\",\"itemListElement\":[{\"@type\":\"ListItem\",\"position\":1,\"name\":\"Home\",\"item\":\"https:\/\/lottohoy.com\/es\/\"},{\"@type\":\"ListItem\",\"position\":2,\"name\":\"Todo sobre la loter\u00eda online\",\"item\":\"https:\/\/lottohoy.com\/es\/informacion\/\"},{\"@type\":\"ListItem\",\"position\":3,\"name\":\"Informaci\u00f3n de EuroMilliones\"}]},{\"@type\":\"WebSite\",\"@id\":\"https:\/\/lottohoy.com\/es\/#website\",\"url\":\"https:\/\/lottohoy.com\/es\/\",\"name\":\"Lottohoy\",\"description\":\"\",\"potentialAction\":[{\"@type\":\"SearchAction\",\"target\":{\"@type\":\"EntryPoint\",\"urlTemplate\":\"https:\/\/lottohoy.com\/es\/?s={search_term_string}\"},\"query-input\":{\"@type\":\"PropertyValueSpecification\",\"valueRequired\":true,\"valueName\":\"search_term_string\"}}],\"inLanguage\":\"es\"}]}<\/script>\n<!-- \/ Yoast SEO plugin. -->","yoast_head_json":{"title":"Toda la informaci\u00f3n sobre Euromillones","description":"Euromillones es la loter\u00eda m\u00e1s importante de Europa, ya que es el juego que m\u00e1s participantes aglutina y adem\u00e1s reparte los premios m\u00e1s altos.","robots":{"index":"index","follow":"follow","max-snippet":"max-snippet:-1","max-image-preview":"max-image-preview:large","max-video-preview":"max-video-preview:-1"},"canonical":"https:\/\/lottohoy.com\/es\/informacion\/euromillions\/","og_locale":"es_ES","og_type":"article","og_title":"Toda la informaci\u00f3n sobre Euromillones","og_description":"Euromillones es la loter\u00eda m\u00e1s importante de Europa, ya que es el juego que m\u00e1s participantes aglutina y adem\u00e1s reparte los premios m\u00e1s altos.","og_url":"https:\/\/lottohoy.com\/es\/informacion\/euromillions\/","og_site_name":"Lottohoy","article_modified_time":"2025-02-12T17:27:01+00:00","twitter_card":"summary_large_image","twitter_misc":{"Tiempo de lectura":"5 minutos"},"schema":{"@context":"https:\/\/schema.org","@graph":[{"@type":"WebPage","@id":"https:\/\/lottohoy.com\/es\/informacion\/euromillions\/","url":"https:\/\/lottohoy.com\/es\/informacion\/euromillions\/","name":"Toda la informaci\u00f3n sobre Euromillones","isPartOf":{"@id":"https:\/\/lottohoy.com\/es\/#website"},"datePublished":"2018-05-03T13:23:33+00:00","dateModified":"2025-02-12T17:27:01+00:00","description":"Euromillones es la loter\u00eda m\u00e1s importante de Europa, ya que es el juego que m\u00e1s participantes aglutina y adem\u00e1s reparte los premios m\u00e1s altos.","breadcrumb":{"@id":"https:\/\/lottohoy.com\/es\/informacion\/euromillions\/#breadcrumb"},"inLanguage":"es","potentialAction":[{"@type":"ReadAction","target":["https:\/\/lottohoy.com\/es\/informacion\/euromillions\/"]}]},{"@type":"BreadcrumbList","@id":"https:\/\/lottohoy.com\/es\/informacion\/euromillions\/#breadcrumb","itemListElement":[{"@type":"ListItem","position":1,"name":"Home","item":"https:\/\/lottohoy.com\/es\/"},{"@type":"ListItem","position":2,"name":"Todo sobre la loter\u00eda online","item":"https:\/\/lottohoy.com\/es\/informacion\/"},{"@type":"ListItem","position":3,"name":"Informaci\u00f3n de EuroMilliones"}]},{"@type":"WebSite","@id":"https:\/\/lottohoy.com\/es\/#website","url":"https:\/\/lottohoy.com\/es\/","name":"Lottohoy","description":"","potentialAction":[{"@type":"SearchAction","target":{"@type":"EntryPoint","urlTemplate":"https:\/\/lottohoy.com\/es\/?s={search_term_string}"},"query-input":{"@type":"PropertyValueSpecification","valueRequired":true,"valueName":"search_term_string"}}],"inLanguage":"es"}]}},"_links":{"self":[{"href":"https:\/\/lottohoy.com\/es\/wp-json\/wp\/v2\/pages\/168","targetHints":{"allow":["GET"]}}],"collection":[{"href":"https:\/\/lottohoy.com\/es\/wp-json\/wp\/v2\/pages"}],"about":[{"href":"https:\/\/lottohoy.com\/es\/wp-json\/wp\/v2\/types\/page"}],"author":[{"embeddable":true,"href":"https:\/\/lottohoy.com\/es\/wp-json\/wp\/v2\/users\/2"}],"replies":[{"embeddable":true,"href":"https:\/\/lottohoy.com\/es\/wp-json\/wp\/v2\/comments?post=168"}],"version-history":[{"count":3,"href":"https:\/\/lottohoy.com\/es\/wp-json\/wp\/v2\/pages\/168\/revisions"}],"predecessor-version":[{"id":14774,"href":"https:\/\/lottohoy.com\/es\/wp-json\/wp\/v2\/pages\/168\/revisions\/14774"}],"up":[{"embeddable":true,"href":"https:\/\/lottohoy.com\/es\/wp-json\/wp\/v2\/pages\/166"}],"wp:attachment":[{"href":"https:\/\/lottohoy.com\/es\/wp-json\/wp\/v2\/media?parent=168"}],"curies":[{"name":"wp","href":"https:\/\/api.w.org\/{rel}","templated":true}]}}