{"id":167,"date":"2018-05-03T14:23:33","date_gmt":"2018-05-03T13:23:33","guid":{"rendered":"https:\/\/www.lottohoy.com\/informacion\/eurojackpot\/"},"modified":"2025-03-25T12:46:14","modified_gmt":"2025-03-25T12:46:14","slug":"eurojackpot","status":"publish","type":"page","link":"https:\/\/lottohoy.com\/es\/informacion\/eurojackpot\/","title":{"rendered":"Informaci\u00f3n de Eurojackpot"},"content":{"rendered":"<p><!--more--> El <strong>juego del Eurojackpot<\/strong> se celebra desde 2012 y participan 17 pa\u00edses europeos. El sorteo se celebra todos <strong>los martes y viernes; <\/strong>\u00a0se pueden comprar los boletos tanto a nivel f\u00edsico, como online jugando con nosotros.<\/p>\n<h2>Loter\u00eda Eurojackpot de la ONCE<\/h2>\n<p><span style=\"font-weight: 400;\">La <strong>loter\u00eda Eurojackpot<\/strong> en Espa\u00f1a, se suele asociar a la ONCE, (<\/span><i><span style=\"font-weight: 400;\">La Organizaci\u00f3n \u00a0Nacional de Ciegos en Espa\u00f1a<\/span><\/i><span style=\"font-weight: 400;\">) por ser uno de los organismos participantes en dicha loter\u00eda.<\/span> <span style=\"font-weight: 400;\">En el a\u00f1o 2005 y como consecuencia del enorme \u00e9xito que estaba alcanzando la <a href=\"https:\/\/lottohoy.com\/es\/jugar\/euromillions\/\">loter\u00eda de Euromillones<\/a>, se comenz\u00f3 a gestar la posibilidad de crear una <strong>nueva loter\u00eda<\/strong> de car\u00e1cter europeo.<\/span> <span style=\"font-weight: 400;\"> Pero n<\/span><span style=\"font-weight: 400;\">o ser\u00eda hasta el a\u00f1o 2011 cuando se lleg\u00f3 a un acuerdo definitivo para lanzar el juego.<\/span> <span style=\"font-weight: 400;\">Los pa\u00edses que inicialmente firmaron el acuerdo fueron: <em>Aleman\u00eda, Dinamarca, Estonia, Eslovenia, Finlandia y los Pa\u00edses Bajos<\/em>. Posteriormente se uni\u00f3 <em>Italia<\/em>, y no fue hasta el 30 de Junio de 2012 cuando se uni\u00f3 <em>Espa\u00f1a<\/em> de la mano de la ONCE.<\/span> <span style=\"font-weight: 400;\">En febrero de 2013, se unen como participantes organizadores los pa\u00edses de <em>Croacia, Islandia, Letonia, Lituania, Noruega y Suecia<\/em>. En octubre de 2014 son <em>Hungr\u00eda y Rep\u00fablica Checa<\/em>,\u00a0 En 2015 <em>Eslovaquia<\/em> y, finalmente, en 2017 <em>Polonia<\/em>, para completar los <strong>18 pa\u00edses que participan en Eurojackpot<\/strong>.<\/span> <span style=\"font-weight: 400;\">De caracter\u00edsticas similares a Euromillones, esta loter\u00eda se diferencia sobre todo porque limita el <strong>bote m\u00e1ximo a <\/strong><em><del>90 millones de euro<\/del><\/em><em><del>s<\/del><\/em>, 120 millones de euros a partir del 19-3-2021, a diferencia de EuroMillions que tasa su tope en 250 millones de euros. <\/span> <span style=\"font-weight: 400;\">Sin embargo, las probabilidades de acertar un premio de m\u00e1xima categor\u00eda en Eurojackpot, son mayores que en Euromillones e incluso otras loter\u00edas.<\/span><\/p>\n<h2><b>\u00bfQue d\u00edas se juega EuroJackpot?<\/b><\/h2>\n<p><span style=\"font-weight: 400;\">El <strong>sorteo de Eurojackpot<\/strong> se realiza todos los martes y viernes a las 21:00 horas GTM desde la ciudad de Helsinki. <\/span><span style=\"font-weight: 400;\">En Espa\u00f1a se retransmite en diferido por TV los viernes a partir de las 22:15 horas.<\/span><\/p>\n<h2><strong>Precio del Eurojackpot<\/strong><\/h2>\n<p>El precio oficial de cada billete de Eurojackpot en 16 de los 18 pa\u00edses que forman parte de esta loter\u00eda europea es de 2 euros (en Islandia y Noruega, este precio se calcula en sus respectivas monedas). En LottoHoy.com puedes jugar al Eurojackpot desde 3,95 euros (posiblemente el precio m\u00e1s bajo comparado con otras plataformas de loter\u00eda online) <span style=\"font-weight: 400;\">La diferencia entre el precio oficial del ticket y el precio ofrecido online, viene motivada principalmente por los <strong>gastos de gesti\u00f3n<\/strong> que origina la compra, cuando se efect\u00faa fuera de los pa\u00edses organizadores, y los servicios adicionales que ofrecen las plataformas de <a href=\"https:\/\/lottohoy.com\/es\/jugar\/\">loter\u00eda online<\/a>.<\/span><\/p>\n<h3><span style=\"font-weight: 400;\">Eurojackpot: bote y probabilidades vs otras loter\u00edas.<\/span><\/h3>\n<p><span style=\"font-weight: 400;\">En el recuadro siguiente podemos ver una comparativa entre el <strong>Eurojackpot<\/strong> y las loter\u00edas m\u00e1s populares: los precios de los boletos en compra f\u00edsica en el pa\u00eds de origen, el costo de compra online y las probabilidades de obtener el premio de primera categor\u00eda o bote en cada loter\u00eda, para que as\u00ed puedas decidir cual es la loter\u00eda que m\u00e1s se adapta a ti.<\/span><\/p>\n<table class=\"table table-results-detailed\">\n<tbody>\n<tr>\n<td><b>Loter\u00eda<\/b><\/td>\n<td><b>Precio<\/b><\/td>\n<td><b>Precio online<\/b><\/td>\n<td><b>Bote<\/b><\/td>\n<td><b>Probabilidades<\/b><\/td>\n<\/tr>\n<tr>\n<td><span style=\"font-weight: 400;\">Eurojackpot<\/span><\/td>\n<td style=\"text-align: center;\"><span style=\"font-weight: 400;\">2,00 \u20ac<\/span><\/td>\n<td style=\"text-align: center;\"><span style=\"font-weight: 400;\">3,95 \u20ac<\/span><\/td>\n<td style=\"text-align: right;\"><span style=\"font-weight: 400;\">120.000.000 \u20ac<\/span><\/td>\n<td><span style=\"font-weight: 400;\">1 entre 95.344,200<\/span><\/td>\n<\/tr>\n<tr>\n<td><span style=\"font-weight: 400;\">Euromillones<\/span><\/td>\n<td style=\"text-align: center;\"><span style=\"font-weight: 400;\">2,50 \u20ac<\/span><\/td>\n<td style=\"text-align: center;\"><span style=\"font-weight: 400;\">3,95 \u20ac<\/span><\/td>\n<td style=\"text-align: right;\"><span style=\"font-weight: 400;\">250.000.000 \u20ac<\/span><\/td>\n<td><span style=\"font-weight: 400;\">1 entre 139.838.160<\/span><\/td>\n<\/tr>\n<tr>\n<td><span style=\"font-weight: 400;\">SuperEnalotto<\/span><\/td>\n<td style=\"text-align: center;\"><span style=\"font-weight: 400;\">1,00 \u20ac<\/span><\/td>\n<td style=\"text-align: center;\"><span style=\"font-weight: 400;\">3,00 \u20ac<\/span><\/td>\n<td style=\"text-align: center;\"><span style=\"font-weight: 400;\">Sin l\u00edmite<\/span><\/td>\n<td><span style=\"font-weight: 400;\">1 entre 622.614.630<\/span><\/td>\n<\/tr>\n<tr>\n<td><span style=\"font-weight: 400;\">PowerBall US<\/span><\/td>\n<td style=\"text-align: center;\"><span style=\"font-weight: 400;\">2,00 $<\/span><\/td>\n<td style=\"text-align: center;\"><span style=\"font-weight: 400;\">3,95 \u20ac<\/span><\/td>\n<td style=\"text-align: center;\"><span style=\"font-weight: 400;\">Sin l\u00edmite<\/span><\/td>\n<td><span style=\"font-weight: 400;\">1 entre 292.201.338<\/span><\/td>\n<\/tr>\n<tr>\n<td><span style=\"font-weight: 400;\">MegaMillions<\/span><\/td>\n<td style=\"text-align: center;\"><span style=\"font-weight: 400;\">2,00 $<\/span><\/td>\n<td style=\"text-align: center;\"><span style=\"font-weight: 400;\">3,95 \u20ac<\/span><\/td>\n<td style=\"text-align: center;\"><span style=\"font-weight: 400;\">Sin l\u00edmite<\/span><\/td>\n<td><span style=\"font-weight: 400;\">1 entre 302.575.350<\/span><\/td>\n<\/tr>\n<tr>\n<td><span style=\"font-weight: 400;\">La Primitiva<\/span><\/td>\n<td style=\"text-align: center;\"><span style=\"font-weight: 400;\">1,00 \u20ac<\/span><\/td>\n<td style=\"text-align: center;\"><span style=\"font-weight: 400;\">2,00 \u20ac<\/span><\/td>\n<td style=\"text-align: center;\"><span style=\"font-weight: 400;\">Sin l\u00edmite<\/span><\/td>\n<td><span style=\"font-weight: 400;\">1 entre 139.838.160<\/span><\/td>\n<\/tr>\n<tr>\n<td><span style=\"font-weight: 400;\">PowerBall AU<\/span><\/td>\n<td style=\"text-align: center;\"><span style=\"font-weight: 400;\">1,20 $ <\/span><\/td>\n<td style=\"text-align: center;\">2,00 \u20ac<\/td>\n<td style=\"text-align: center;\"><span style=\"font-weight: 400;\">Sin l\u00edmite<\/span><\/td>\n<td><span style=\"font-weight: 400;\">1 entre 134.490.400<\/span><\/td>\n<\/tr>\n<tr>\n<td><span style=\"font-weight: 400;\">UK Lottery<\/span><\/td>\n<td style=\"text-align: center;\"><span style=\"font-weight: 400;\">2,00 \u00a3<\/span><\/td>\n<td style=\"text-align: center;\"><span style=\"font-weight: 400;\">4,75 \u20ac<\/span><\/td>\n<td style=\"text-align: right;\"><span style=\"font-weight: 400;\">22.000.000 \u00a3<\/span><\/td>\n<td><span style=\"font-weight: 400;\">1 entre 45.057.474<\/span><\/td>\n<\/tr>\n<\/tbody>\n<\/table>\n<p>Como puedes ver, las <strong>probabilidades de ganar el bote de Eurojackpot<\/strong> son mejores en comparaci\u00f3n con otras loter\u00edas. Por eso el Eurojackpot ha ganado tanta fama entre los amantes de la loter\u00eda.<\/p>\n<h2><b>Ventajas de jugar Eurojackpot Online<\/b><\/h2>\n<ul>\n<li><b>Comodidad: <\/b><span style=\"font-weight: 400;\">Y facilidad para adquirir Eurojackpot a trav\u00e9s de protocolos seguros implantados en LottoHoy.com<\/span><\/li>\n<li><b>Disponibilidad total<\/b><span style=\"font-weight: 400;\">: Abierto 24\/7 los 365 d\u00edas del a\u00f1o. Desde cualquier punto \u00a0siempre que se disponga de una conexi\u00f3n a internet, para dispositivos m\u00f3viles, tabletas o equipos de escritorio.<\/span><\/li>\n<li><b>Informaci\u00f3n puntual<\/b><span style=\"font-weight: 400;\">: Del <a href=\"https:\/\/lottohoy.com\/es\/resultados\/eurojackpot\/\">resultado eurojackpot<\/a>, de las promociones, los botes acumulados y los nuevos sorteos.<\/span><\/li>\n<li><b>Ingreso inmediato de premios<\/b><span style=\"font-weight: 400;\">: De manera autom\u00e1tica se ingresan en la cuenta de usuario todos los premios y\/o se indica como proceder.<\/span><\/li>\n<li><b>Control total<\/b><span style=\"font-weight: 400;\">: A trav\u00e9s de la cuenta de usuario, poder ver siempre el estado de cuentas, los movimientos realizados de ingresos, pagos, premios, etc\u2026<\/span><\/li>\n<li><b>Medios de pago<\/b><span style=\"font-weight: 400;\">: Amplio abanico de medios de pago, tanto para efectuar dep\u00f3sitos como retiradas.<\/span><\/li>\n<li><b>Soporte<\/b><span style=\"font-weight: 400;\">: Equipo de profesionales para ayudar a resolver cualquier situaci\u00f3n.<\/span><\/li>\n<li><span style=\"font-weight: 400;\"><strong>Noticias de actualidad<\/strong> sobre el juego de Eurojackpot.<\/span><\/li>\n<li><b>Extras <\/b><span style=\"font-weight: 400;\">: Participaci\u00f3n en sorteos y bonificaciones creadas por LottoHoy.com<\/span><\/li>\n<\/ul>\n<h2>Probabilidades de ganar un premio en Eurojackpot<\/h2>\n<p>Hemos recopilado la probabilidad real de ganar en cada una de las <strong>categor\u00edas de premio en Eurojackpot<\/strong>. Adem\u00e1s puedes ver el % de la cantidad destinada a premios que se reparte y el premio estimado en cada nivel.<\/p>\n","protected":false},"excerpt":{"rendered":"","protected":false},"author":2,"featured_media":0,"parent":166,"menu_order":4,"comment_status":"closed","ping_status":"closed","template":"eurojackpot-info.php","meta":{"_et_pb_use_builder":"","_et_pb_old_content":"","_et_gb_content_width":"","exclude_from_search":false,"footnotes":""},"class_list":["post-167","page","type-page","status-publish","hentry"],"yoast_head":"<!-- This site is optimized with the Yoast SEO plugin v23.7 - https:\/\/yoast.com\/wordpress\/plugins\/seo\/ -->\n<title>Loter\u00eda Eurojackpot - Precios, Premios y Noticias<\/title>\n<meta name=\"description\" content=\"Conoce a fondo el Eurojackpot, una de las loter\u00edas m\u00e1s populares. Ahora puedes comprar tus boletos online jugando con nosotros.\" \/>\n<meta name=\"robots\" content=\"index, follow, max-snippet:-1, max-image-preview:large, max-video-preview:-1\" \/>\n<link rel=\"canonical\" href=\"https:\/\/lottohoy.com\/es\/informacion\/eurojackpot\/\" \/>\n<meta property=\"og:locale\" content=\"es_ES\" \/>\n<meta property=\"og:type\" content=\"article\" \/>\n<meta property=\"og:title\" content=\"Loter\u00eda Eurojackpot - Precios, Premios y Noticias\" \/>\n<meta property=\"og:description\" content=\"Conoce a fondo el Eurojackpot, una de las loter\u00edas m\u00e1s populares. Ahora puedes comprar tus boletos online jugando con nosotros.\" \/>\n<meta property=\"og:url\" content=\"https:\/\/lottohoy.com\/es\/informacion\/eurojackpot\/\" \/>\n<meta property=\"og:site_name\" content=\"Lottohoy\" \/>\n<meta property=\"article:modified_time\" content=\"2025-03-25T12:46:14+00:00\" \/>\n<meta name=\"twitter:card\" content=\"summary_large_image\" \/>\n<meta name=\"twitter:label1\" content=\"Tiempo de lectura\" \/>\n\t<meta name=\"twitter:data1\" content=\"4 minutos\" \/>\n<script type=\"application\/ld+json\" class=\"yoast-schema-graph\">{\"@context\":\"https:\/\/schema.org\",\"@graph\":[{\"@type\":\"WebPage\",\"@id\":\"https:\/\/lottohoy.com\/es\/informacion\/eurojackpot\/\",\"url\":\"https:\/\/lottohoy.com\/es\/informacion\/eurojackpot\/\",\"name\":\"Loter\u00eda Eurojackpot - Precios, Premios y Noticias\",\"isPartOf\":{\"@id\":\"https:\/\/lottohoy.com\/es\/#website\"},\"datePublished\":\"2018-05-03T13:23:33+00:00\",\"dateModified\":\"2025-03-25T12:46:14+00:00\",\"description\":\"Conoce a fondo el Eurojackpot, una de las loter\u00edas m\u00e1s populares. Ahora puedes comprar tus boletos online jugando con nosotros.\",\"breadcrumb\":{\"@id\":\"https:\/\/lottohoy.com\/es\/informacion\/eurojackpot\/#breadcrumb\"},\"inLanguage\":\"es\",\"potentialAction\":[{\"@type\":\"ReadAction\",\"target\":[\"https:\/\/lottohoy.com\/es\/informacion\/eurojackpot\/\"]}]},{\"@type\":\"BreadcrumbList\",\"@id\":\"https:\/\/lottohoy.com\/es\/informacion\/eurojackpot\/#breadcrumb\",\"itemListElement\":[{\"@type\":\"ListItem\",\"position\":1,\"name\":\"Home\",\"item\":\"https:\/\/lottohoy.com\/es\/\"},{\"@type\":\"ListItem\",\"position\":2,\"name\":\"Todo sobre la loter\u00eda online\",\"item\":\"https:\/\/lottohoy.com\/es\/informacion\/\"},{\"@type\":\"ListItem\",\"position\":3,\"name\":\"Informaci\u00f3n de Eurojackpot\"}]},{\"@type\":\"WebSite\",\"@id\":\"https:\/\/lottohoy.com\/es\/#website\",\"url\":\"https:\/\/lottohoy.com\/es\/\",\"name\":\"Lottohoy\",\"description\":\"\",\"potentialAction\":[{\"@type\":\"SearchAction\",\"target\":{\"@type\":\"EntryPoint\",\"urlTemplate\":\"https:\/\/lottohoy.com\/es\/?s={search_term_string}\"},\"query-input\":{\"@type\":\"PropertyValueSpecification\",\"valueRequired\":true,\"valueName\":\"search_term_string\"}}],\"inLanguage\":\"es\"}]}<\/script>\n<!-- \/ Yoast SEO plugin. -->","yoast_head_json":{"title":"Loter\u00eda Eurojackpot - Precios, Premios y Noticias","description":"Conoce a fondo el Eurojackpot, una de las loter\u00edas m\u00e1s populares. Ahora puedes comprar tus boletos online jugando con nosotros.","robots":{"index":"index","follow":"follow","max-snippet":"max-snippet:-1","max-image-preview":"max-image-preview:large","max-video-preview":"max-video-preview:-1"},"canonical":"https:\/\/lottohoy.com\/es\/informacion\/eurojackpot\/","og_locale":"es_ES","og_type":"article","og_title":"Loter\u00eda Eurojackpot - Precios, Premios y Noticias","og_description":"Conoce a fondo el Eurojackpot, una de las loter\u00edas m\u00e1s populares. Ahora puedes comprar tus boletos online jugando con nosotros.","og_url":"https:\/\/lottohoy.com\/es\/informacion\/eurojackpot\/","og_site_name":"Lottohoy","article_modified_time":"2025-03-25T12:46:14+00:00","twitter_card":"summary_large_image","twitter_misc":{"Tiempo de lectura":"4 minutos"},"schema":{"@context":"https:\/\/schema.org","@graph":[{"@type":"WebPage","@id":"https:\/\/lottohoy.com\/es\/informacion\/eurojackpot\/","url":"https:\/\/lottohoy.com\/es\/informacion\/eurojackpot\/","name":"Loter\u00eda Eurojackpot - Precios, Premios y Noticias","isPartOf":{"@id":"https:\/\/lottohoy.com\/es\/#website"},"datePublished":"2018-05-03T13:23:33+00:00","dateModified":"2025-03-25T12:46:14+00:00","description":"Conoce a fondo el Eurojackpot, una de las loter\u00edas m\u00e1s populares. Ahora puedes comprar tus boletos online jugando con nosotros.","breadcrumb":{"@id":"https:\/\/lottohoy.com\/es\/informacion\/eurojackpot\/#breadcrumb"},"inLanguage":"es","potentialAction":[{"@type":"ReadAction","target":["https:\/\/lottohoy.com\/es\/informacion\/eurojackpot\/"]}]},{"@type":"BreadcrumbList","@id":"https:\/\/lottohoy.com\/es\/informacion\/eurojackpot\/#breadcrumb","itemListElement":[{"@type":"ListItem","position":1,"name":"Home","item":"https:\/\/lottohoy.com\/es\/"},{"@type":"ListItem","position":2,"name":"Todo sobre la loter\u00eda online","item":"https:\/\/lottohoy.com\/es\/informacion\/"},{"@type":"ListItem","position":3,"name":"Informaci\u00f3n de Eurojackpot"}]},{"@type":"WebSite","@id":"https:\/\/lottohoy.com\/es\/#website","url":"https:\/\/lottohoy.com\/es\/","name":"Lottohoy","description":"","potentialAction":[{"@type":"SearchAction","target":{"@type":"EntryPoint","urlTemplate":"https:\/\/lottohoy.com\/es\/?s={search_term_string}"},"query-input":{"@type":"PropertyValueSpecification","valueRequired":true,"valueName":"search_term_string"}}],"inLanguage":"es"}]}},"_links":{"self":[{"href":"https:\/\/lottohoy.com\/es\/wp-json\/wp\/v2\/pages\/167","targetHints":{"allow":["GET"]}}],"collection":[{"href":"https:\/\/lottohoy.com\/es\/wp-json\/wp\/v2\/pages"}],"about":[{"href":"https:\/\/lottohoy.com\/es\/wp-json\/wp\/v2\/types\/page"}],"author":[{"embeddable":true,"href":"https:\/\/lottohoy.com\/es\/wp-json\/wp\/v2\/users\/2"}],"replies":[{"embeddable":true,"href":"https:\/\/lottohoy.com\/es\/wp-json\/wp\/v2\/comments?post=167"}],"version-history":[{"count":6,"href":"https:\/\/lottohoy.com\/es\/wp-json\/wp\/v2\/pages\/167\/revisions"}],"predecessor-version":[{"id":16797,"href":"https:\/\/lottohoy.com\/es\/wp-json\/wp\/v2\/pages\/167\/revisions\/16797"}],"up":[{"embeddable":true,"href":"https:\/\/lottohoy.com\/es\/wp-json\/wp\/v2\/pages\/166"}],"wp:attachment":[{"href":"https:\/\/lottohoy.com\/es\/wp-json\/wp\/v2\/media?parent=167"}],"curies":[{"name":"wp","href":"https:\/\/api.w.org\/{rel}","templated":true}]}}