{"id":166,"date":"2018-05-03T14:23:32","date_gmt":"2018-05-03T13:23:32","guid":{"rendered":"https:\/\/www.lottohoy.com\/informacion\/"},"modified":"2025-03-25T11:06:06","modified_gmt":"2025-03-25T11:06:06","slug":"informacion","status":"publish","type":"page","link":"https:\/\/lottohoy.com\/es\/informacion\/","title":{"rendered":"Todo sobre la loter\u00eda online"},"content":{"rendered":"<p><span style=\"font-weight: 400;\">Los tiempos avanzan, las tradiciones se ven rebasadas por las innovaciones, todo cambia, todo se hace r\u00e1pido y m\u00e1s f\u00e1cil, se llega m\u00e1s lejos y se disfruta mejor. Y la loter\u00eda no iba a ser menos, hoy en d\u00eda <a href=\"https:\/\/lottohoy.com\/es\/jugar\/\">jugar loter\u00eda online<\/a> est\u00e1 al alcance de todos y en todo el mundo a trav\u00e9s de internet.<\/span> <!--more--><\/p>\n<h2><b>\u00bfQu\u00e9 es la loter\u00eda online?<\/b><\/h2>\n<p><span style=\"font-weight: 400;\">La <strong>loter\u00eda online<\/strong> sigue siendo la loter\u00eda \u201cde siempre\u201d pero efectuando la compra a trav\u00e9s de internet, con lo que se puede jugar desde un punto cualquiera de la geograf\u00eda a casi todas las loter\u00edas del mundo. <\/span> <span style=\"font-weight: 400;\">Est\u00e9s en el pa\u00eds en el que est\u00e9s podr\u00e1s jugar a la loter\u00eda de la otra punta del mundo. Mismos premios, mismas posibilidades para todos. Un jugador de las Filipinas puede comprar la loter\u00eda americana de la <a href=\"https:\/\/lottohoy.com\/es\/jugar\/mega-millions\/\">MegaMillions<\/a>, y un canadiense puede comprar el <a href=\"https:\/\/lottohoy.com\/es\/jugar\/euromillions\/\">Euromillones<\/a>.<\/span><\/p>\n<h2><b>\u00bfSe puede comprar tickets de loter\u00eda online?<\/b><\/h2>\n<p><span style=\"font-weight: 400;\">Por su puesto y de una manera f\u00e1cil. Simplemente <a href=\"https:\/\/lottohoy.com\/es\/registro-abrir-tu-cuenta-de-jugador\/\">reg\u00edstrate en LottoHoy<\/a> a trav\u00e9s de un m\u00f3vil, equipo port\u00e1til o de escritorio y empieza a jugar a tus juegos favoritos. <\/span><\/p>\n<h2><b>\u00bfC\u00f3mo apostar en loter\u00eda online?<\/b><\/h2>\n<p><span style=\"font-weight: 400;\">Al entrar en LottoHoy solo debes elegir la loter\u00eda o loter\u00edas sobre las que se desea realizar la compra. Sigue las instrucciones que se indican para marcar la combinaci\u00f3n y completar las columnas que se deseen y realiza el pago con alguno de los variados m\u00e9todos de pago que ofrecemos.<\/span><\/p>\n<h2><b>\u00bfC\u00f3mo ganar la loter\u00eda?<\/b><\/h2>\n<p><span style=\"font-weight: 400;\">En caso de coincidir total o parcialmente la combinaci\u00f3n de n\u00fameros o bolas elegidos con el <a href=\"https:\/\/lottohoy.com\/es\/resultados\/\">resultado oficial de la loter\u00eda<\/a> en que se participa, el <strong>premio o premios<\/strong> que correspondiesen son ingresados directamente en la cuenta de usuario y est\u00e1n disponibles desde ese momento.<\/span><\/p>\n<h2><b>\u00bfCu\u00e1l es la mejor loter\u00eda online?<\/b><\/h2>\n<p><span style=\"font-weight: 400;\">Cada loter\u00eda tiene sus ventajas, simplemente tienes que encontrar cual de ellas ofrece las caracter\u00edsticas que est\u00e1s buscando.<\/span> <span style=\"font-weight: 400;\">Hay <strong>loter\u00edas<\/strong> que tienen un s\u00faper premio para los acertantes de primera categor\u00eda, en los que en ocasiones se han acumulado <a href=\"https:\/\/lottohoy.com\/es\/botes\/\">botes de sorteos anteriores<\/a> sin ganador y que llegan a alcanzar cantidades de dinero de hasta 10 cifras <del>(el bote mayor premiado hasta la fecha fue de <strong>1.500 millones<\/strong> de d\u00f3lares<\/del>).Eso fue en octubre de 2023, pero ha d\u00eda de hoy esa cifra se ha superado en 2 ocasiones, siendo las dos loter\u00edas americanas quienes ostentan los mayores premios hasta hoy dia primero del a\u00f1o 2025 <strong>Loteria Powerball con un record de $2.040 M, y en el caso de la loter\u00eda Megamillions con $1.602M<\/strong><\/span> <span style=\"font-weight: 400;\">Tambi\u00e9n hay loter\u00edas que reparten la cantidad destinada a los premios entre diversas categor\u00edas, de manera que puedan ser muchos m\u00e1s los agraciados, aunque sea en menores cantidades para cada uno.<\/span><\/p>\n","protected":false},"excerpt":{"rendered":"<p>Los tiempos avanzan, las tradiciones se ven rebasadas por las innovaciones, todo cambia, todo se hace r\u00e1pido y m\u00e1s f\u00e1cil, se llega m\u00e1s lejos y se disfruta mejor. Y la loter\u00eda no iba a ser menos, hoy en d\u00eda jugar loter\u00eda online est\u00e1 al alcance de todos y en todo el mundo a trav\u00e9s de [&hellip;]<\/p>\n","protected":false},"author":2,"featured_media":0,"parent":0,"menu_order":3,"comment_status":"closed","ping_status":"closed","template":"Information.php","meta":{"_et_pb_use_builder":"","_et_pb_old_content":"","_et_gb_content_width":"","exclude_from_search":false,"footnotes":""},"class_list":["post-166","page","type-page","status-publish","hentry"],"yoast_head":"<!-- This site is optimized with the Yoast SEO plugin v23.7 - https:\/\/yoast.com\/wordpress\/plugins\/seo\/ -->\n<title>Todo Sobre Loter\u00eda Online - Gu\u00eda de Loter\u00eda - Lottohoy<\/title>\n<meta name=\"description\" content=\"Los tiempos avanzan y la loter\u00eda no iba a ser menos, hoy en d\u00eda jugar loter\u00eda online est\u00e1 al alcance de todos y en todo el mundo a trav\u00e9s de internet.\" \/>\n<meta name=\"robots\" content=\"index, follow, max-snippet:-1, max-image-preview:large, max-video-preview:-1\" \/>\n<link rel=\"canonical\" href=\"https:\/\/lottohoy.com\/es\/informacion\/\" \/>\n<meta property=\"og:locale\" content=\"es_ES\" \/>\n<meta property=\"og:type\" content=\"article\" \/>\n<meta property=\"og:title\" content=\"Todo Sobre Loter\u00eda Online - Gu\u00eda de Loter\u00eda - Lottohoy\" \/>\n<meta property=\"og:description\" content=\"Los tiempos avanzan y la loter\u00eda no iba a ser menos, hoy en d\u00eda jugar loter\u00eda online est\u00e1 al alcance de todos y en todo el mundo a trav\u00e9s de internet.\" \/>\n<meta property=\"og:url\" content=\"https:\/\/lottohoy.com\/es\/informacion\/\" \/>\n<meta property=\"og:site_name\" content=\"Lottohoy\" \/>\n<meta property=\"article:modified_time\" content=\"2025-03-25T11:06:06+00:00\" \/>\n<meta name=\"twitter:card\" content=\"summary_large_image\" \/>\n<meta name=\"twitter:label1\" content=\"Tiempo de lectura\" \/>\n\t<meta name=\"twitter:data1\" content=\"2 minutos\" \/>\n<script type=\"application\/ld+json\" class=\"yoast-schema-graph\">{\"@context\":\"https:\/\/schema.org\",\"@graph\":[{\"@type\":\"WebPage\",\"@id\":\"https:\/\/lottohoy.com\/es\/informacion\/\",\"url\":\"https:\/\/lottohoy.com\/es\/informacion\/\",\"name\":\"Todo Sobre Loter\u00eda Online - Gu\u00eda de Loter\u00eda - Lottohoy\",\"isPartOf\":{\"@id\":\"https:\/\/lottohoy.com\/es\/#website\"},\"datePublished\":\"2018-05-03T13:23:32+00:00\",\"dateModified\":\"2025-03-25T11:06:06+00:00\",\"description\":\"Los tiempos avanzan y la loter\u00eda no iba a ser menos, hoy en d\u00eda jugar loter\u00eda online est\u00e1 al alcance de todos y en todo el mundo a trav\u00e9s de internet.\",\"breadcrumb\":{\"@id\":\"https:\/\/lottohoy.com\/es\/informacion\/#breadcrumb\"},\"inLanguage\":\"es\",\"potentialAction\":[{\"@type\":\"ReadAction\",\"target\":[\"https:\/\/lottohoy.com\/es\/informacion\/\"]}]},{\"@type\":\"BreadcrumbList\",\"@id\":\"https:\/\/lottohoy.com\/es\/informacion\/#breadcrumb\",\"itemListElement\":[{\"@type\":\"ListItem\",\"position\":1,\"name\":\"Home\",\"item\":\"https:\/\/lottohoy.com\/es\/\"},{\"@type\":\"ListItem\",\"position\":2,\"name\":\"Todo sobre la loter\u00eda online\"}]},{\"@type\":\"WebSite\",\"@id\":\"https:\/\/lottohoy.com\/es\/#website\",\"url\":\"https:\/\/lottohoy.com\/es\/\",\"name\":\"Lottohoy\",\"description\":\"\",\"potentialAction\":[{\"@type\":\"SearchAction\",\"target\":{\"@type\":\"EntryPoint\",\"urlTemplate\":\"https:\/\/lottohoy.com\/es\/?s={search_term_string}\"},\"query-input\":{\"@type\":\"PropertyValueSpecification\",\"valueRequired\":true,\"valueName\":\"search_term_string\"}}],\"inLanguage\":\"es\"}]}<\/script>\n<!-- \/ Yoast SEO plugin. -->","yoast_head_json":{"title":"Todo Sobre Loter\u00eda Online - Gu\u00eda de Loter\u00eda - Lottohoy","description":"Los tiempos avanzan y la loter\u00eda no iba a ser menos, hoy en d\u00eda jugar loter\u00eda online est\u00e1 al alcance de todos y en todo el mundo a trav\u00e9s de internet.","robots":{"index":"index","follow":"follow","max-snippet":"max-snippet:-1","max-image-preview":"max-image-preview:large","max-video-preview":"max-video-preview:-1"},"canonical":"https:\/\/lottohoy.com\/es\/informacion\/","og_locale":"es_ES","og_type":"article","og_title":"Todo Sobre Loter\u00eda Online - Gu\u00eda de Loter\u00eda - Lottohoy","og_description":"Los tiempos avanzan y la loter\u00eda no iba a ser menos, hoy en d\u00eda jugar loter\u00eda online est\u00e1 al alcance de todos y en todo el mundo a trav\u00e9s de internet.","og_url":"https:\/\/lottohoy.com\/es\/informacion\/","og_site_name":"Lottohoy","article_modified_time":"2025-03-25T11:06:06+00:00","twitter_card":"summary_large_image","twitter_misc":{"Tiempo de lectura":"2 minutos"},"schema":{"@context":"https:\/\/schema.org","@graph":[{"@type":"WebPage","@id":"https:\/\/lottohoy.com\/es\/informacion\/","url":"https:\/\/lottohoy.com\/es\/informacion\/","name":"Todo Sobre Loter\u00eda Online - Gu\u00eda de Loter\u00eda - Lottohoy","isPartOf":{"@id":"https:\/\/lottohoy.com\/es\/#website"},"datePublished":"2018-05-03T13:23:32+00:00","dateModified":"2025-03-25T11:06:06+00:00","description":"Los tiempos avanzan y la loter\u00eda no iba a ser menos, hoy en d\u00eda jugar loter\u00eda online est\u00e1 al alcance de todos y en todo el mundo a trav\u00e9s de internet.","breadcrumb":{"@id":"https:\/\/lottohoy.com\/es\/informacion\/#breadcrumb"},"inLanguage":"es","potentialAction":[{"@type":"ReadAction","target":["https:\/\/lottohoy.com\/es\/informacion\/"]}]},{"@type":"BreadcrumbList","@id":"https:\/\/lottohoy.com\/es\/informacion\/#breadcrumb","itemListElement":[{"@type":"ListItem","position":1,"name":"Home","item":"https:\/\/lottohoy.com\/es\/"},{"@type":"ListItem","position":2,"name":"Todo sobre la loter\u00eda online"}]},{"@type":"WebSite","@id":"https:\/\/lottohoy.com\/es\/#website","url":"https:\/\/lottohoy.com\/es\/","name":"Lottohoy","description":"","potentialAction":[{"@type":"SearchAction","target":{"@type":"EntryPoint","urlTemplate":"https:\/\/lottohoy.com\/es\/?s={search_term_string}"},"query-input":{"@type":"PropertyValueSpecification","valueRequired":true,"valueName":"search_term_string"}}],"inLanguage":"es"}]}},"_links":{"self":[{"href":"https:\/\/lottohoy.com\/es\/wp-json\/wp\/v2\/pages\/166","targetHints":{"allow":["GET"]}}],"collection":[{"href":"https:\/\/lottohoy.com\/es\/wp-json\/wp\/v2\/pages"}],"about":[{"href":"https:\/\/lottohoy.com\/es\/wp-json\/wp\/v2\/types\/page"}],"author":[{"embeddable":true,"href":"https:\/\/lottohoy.com\/es\/wp-json\/wp\/v2\/users\/2"}],"replies":[{"embeddable":true,"href":"https:\/\/lottohoy.com\/es\/wp-json\/wp\/v2\/comments?post=166"}],"version-history":[{"count":4,"href":"https:\/\/lottohoy.com\/es\/wp-json\/wp\/v2\/pages\/166\/revisions"}],"predecessor-version":[{"id":16748,"href":"https:\/\/lottohoy.com\/es\/wp-json\/wp\/v2\/pages\/166\/revisions\/16748"}],"wp:attachment":[{"href":"https:\/\/lottohoy.com\/es\/wp-json\/wp\/v2\/media?parent=166"}],"curies":[{"name":"wp","href":"https:\/\/api.w.org\/{rel}","templated":true}]}}