{"id":1646,"date":"2018-08-23T10:32:43","date_gmt":"2018-08-23T09:32:43","guid":{"rendered":"https:\/\/www.lottohoy.com\/?page_id=1646"},"modified":"2025-03-25T15:22:53","modified_gmt":"2025-03-25T15:22:53","slug":"saturday-lotto-au","status":"publish","type":"page","link":"https:\/\/lottohoy.com\/es\/informacion\/saturday-lotto-au\/","title":{"rendered":"Informaci\u00f3n loter\u00eda Saturday Lotto"},"content":{"rendered":"<p><!--more--><\/p>\n<p><span style=\"font-weight: 400;\">Saturday Lotto es una loter\u00eda a nivel nacional de Australia que se sortea los s\u00e1bados por la noche. Todo y a pesar de ser una loter\u00eda de alcance nacional, se la reconoce con variados nombres con dependencia del territorio donde se comercialice.<\/span><\/p>\n<p>&nbsp;<\/p>\n<h2><b>Normas de la Saturday Lotto<\/b><\/h2>\n<p><span style=\"font-weight: 400;\"><a href=\"https:\/\/lottohoy.com\/es\/jugar\/saturday-lotto-au\/\">Saturday Lotto<\/a> es una loter\u00eda f\u00e1cil de entender y de jugar. Simplemente el jugador deber\u00e1 elegir 6 n\u00fameros de entre 45 posibles, correspondientes a bolas numeradas del 1 al 45 inclusive.<\/span><\/p>\n<p><span style=\"font-weight: 400;\">Los premios se reparten por categor\u00edas de acuerdo a los aciertos de los jugadores y que mostramos en este recuadro:<\/span><\/p>\n<table>\n<tbody>\n<tr>\n<td><span style=\"font-weight: 400;\">1ra Categor\u00eda<\/span><\/td>\n<td><span style=\"font-weight: 400;\">6 aciertos<\/span><\/td>\n<\/tr>\n<tr>\n<td><span style=\"font-weight: 400;\">2da. Categor\u00eda<\/span><\/td>\n<td><span style=\"font-weight: 400;\">5 aciertos + 1 o 2 bolas complementarias<\/span><\/td>\n<\/tr>\n<tr>\n<td><span style=\"font-weight: 400;\">3ra. Categor\u00eda<\/span><\/td>\n<td><span style=\"font-weight: 400;\">5 aciertos<\/span><\/td>\n<\/tr>\n<tr>\n<td><span style=\"font-weight: 400;\">4ta. Categor\u00eda<\/span><\/td>\n<td><span style=\"font-weight: 400;\">4 aciertos<\/span><\/td>\n<\/tr>\n<tr>\n<td><span style=\"font-weight: 400;\">5ta. Categor\u00eda<\/span><\/td>\n<td><span style=\"font-weight: 400;\">3 aciertos + 1 o 2 bolas complementarias <\/span><\/td>\n<\/tr>\n<tr>\n<td><span style=\"font-weight: 400;\">6ta. \u00a0Categor\u00eda<\/span><\/td>\n<td><span style=\"font-weight: 400;\">1 o 2 aciertos + las 2 bolas complementarias <\/span><\/td>\n<\/tr>\n<\/tbody>\n<\/table>\n<p>&nbsp;<\/p>\n<p><span style=\"font-weight: 400;\">La edad m\u00ednima para comprar productos de loter\u00eda es de 18 en todos los estados, excepto en Australia Occidental, donde la edad se redujo a 16.\u00a0<\/span><\/p>\n<h2><b>\u00bfQu\u00e9 son los n\u00fameros complementarios de la Saturday Lotto?<\/b><\/h2>\n<p><span style=\"font-weight: 400;\">Adem\u00e1s de las seis bolas que configurar\u00e1n la combinaci\u00f3n de n\u00fameros ganadora, se extraen 2 bolas m\u00e1s llamadas \u201ccomplementarias\u201d.<\/span><\/p>\n<p><span style=\"font-weight: 400;\">Estas bolas extras o complementarias, no influyen para la m\u00e1xima categor\u00eda de premios, sino que sirven para determinar la segunda y la quinta categor\u00eda de premios.<\/span><\/p>\n<p><span style=\"font-weight: 400;\">As\u00ed mismo, estos n\u00fameros complementarios son obligados para complementar 1 o 2 aciertos de los n\u00fameros de la combinaci\u00f3n principal, y que configurar\u00e1 la sexta categor\u00eda de premios.<\/span><\/p>\n<h2><b>Bote Saturday Lotto<\/b><\/h2>\n<p><span style=\"font-weight: 400;\">En Saturday Lotto, no se puede considerar el premio de primera categor\u00eda como un <a href=\"https:\/\/lottohoy.com\/es\/botes\/\">bote<\/a> al estilo de otras loter\u00edas, ya que el premio est\u00e1 prefijado de antemano. Este premio es de AUD $ 1.000.000 por acertante hasta un m\u00e1ximo de 4 millones.<\/span><\/p>\n<p><span style=\"font-weight: 400;\">En el caso de que haya m\u00e1s de cuatro acertantes, esta cantidad total de AUD $ 4.000.000, se reparte en partes iguales entre todos los acertantes.<\/span><\/p>\n<p><span style=\"font-weight: 400;\">Por lo general y debido a lo relativamente f\u00e1cil de conseguir acertar los 6 n\u00fameros de entre 45, es muy com\u00fan que en muchos sorteos haya varios acertantes de primera categor\u00eda y que el premio previsto se reparta.<\/span><\/p>\n","protected":false},"excerpt":{"rendered":"","protected":false},"author":2,"featured_media":0,"parent":166,"menu_order":19,"comment_status":"closed","ping_status":"closed","template":"saturday-lotto-info.php","meta":{"_et_pb_use_builder":"","_et_pb_old_content":"","_et_gb_content_width":"","exclude_from_search":false,"footnotes":""},"class_list":["post-1646","page","type-page","status-publish","hentry"],"yoast_head":"<!-- This site is optimized with the Yoast SEO plugin v23.7 - https:\/\/yoast.com\/wordpress\/plugins\/seo\/ -->\n<title>Informaci\u00f3n Saturday Lotto - Gana premios en Australia<\/title>\n<meta name=\"description\" content=\"Saturday Lotto es una loter\u00eda a nivel nacional de Australia que se sortea todos los s\u00e1bados por la noche. Aprende sus reglas, y empieza a ganar.\" \/>\n<meta name=\"robots\" content=\"index, follow, max-snippet:-1, max-image-preview:large, max-video-preview:-1\" \/>\n<link rel=\"canonical\" href=\"https:\/\/lottohoy.com\/es\/informacion\/saturday-lotto-au\/\" \/>\n<meta property=\"og:locale\" content=\"es_ES\" \/>\n<meta property=\"og:type\" content=\"article\" \/>\n<meta property=\"og:title\" content=\"Informaci\u00f3n Saturday Lotto - Gana premios en Australia\" \/>\n<meta property=\"og:description\" content=\"Saturday Lotto es una loter\u00eda a nivel nacional de Australia que se sortea todos los s\u00e1bados por la noche. Aprende sus reglas, y empieza a ganar.\" \/>\n<meta property=\"og:url\" content=\"https:\/\/lottohoy.com\/es\/informacion\/saturday-lotto-au\/\" \/>\n<meta property=\"og:site_name\" content=\"Lottohoy\" \/>\n<meta property=\"article:modified_time\" content=\"2025-03-25T15:22:53+00:00\" \/>\n<meta name=\"twitter:card\" content=\"summary_large_image\" \/>\n<meta name=\"twitter:label1\" content=\"Tiempo de lectura\" \/>\n\t<meta name=\"twitter:data1\" content=\"2 minutos\" \/>\n<script type=\"application\/ld+json\" class=\"yoast-schema-graph\">{\"@context\":\"https:\/\/schema.org\",\"@graph\":[{\"@type\":\"WebPage\",\"@id\":\"https:\/\/lottohoy.com\/es\/informacion\/saturday-lotto-au\/\",\"url\":\"https:\/\/lottohoy.com\/es\/informacion\/saturday-lotto-au\/\",\"name\":\"Informaci\u00f3n Saturday Lotto - Gana premios en Australia\",\"isPartOf\":{\"@id\":\"https:\/\/lottohoy.com\/es\/#website\"},\"datePublished\":\"2018-08-23T09:32:43+00:00\",\"dateModified\":\"2025-03-25T15:22:53+00:00\",\"description\":\"Saturday Lotto es una loter\u00eda a nivel nacional de Australia que se sortea todos los s\u00e1bados por la noche. Aprende sus reglas, y empieza a ganar.\",\"breadcrumb\":{\"@id\":\"https:\/\/lottohoy.com\/es\/informacion\/saturday-lotto-au\/#breadcrumb\"},\"inLanguage\":\"es\",\"potentialAction\":[{\"@type\":\"ReadAction\",\"target\":[\"https:\/\/lottohoy.com\/es\/informacion\/saturday-lotto-au\/\"]}]},{\"@type\":\"BreadcrumbList\",\"@id\":\"https:\/\/lottohoy.com\/es\/informacion\/saturday-lotto-au\/#breadcrumb\",\"itemListElement\":[{\"@type\":\"ListItem\",\"position\":1,\"name\":\"Home\",\"item\":\"https:\/\/lottohoy.com\/es\/\"},{\"@type\":\"ListItem\",\"position\":2,\"name\":\"Todo sobre la loter\u00eda online\",\"item\":\"https:\/\/lottohoy.com\/es\/informacion\/\"},{\"@type\":\"ListItem\",\"position\":3,\"name\":\"Informaci\u00f3n loter\u00eda Saturday Lotto\"}]},{\"@type\":\"WebSite\",\"@id\":\"https:\/\/lottohoy.com\/es\/#website\",\"url\":\"https:\/\/lottohoy.com\/es\/\",\"name\":\"Lottohoy\",\"description\":\"\",\"potentialAction\":[{\"@type\":\"SearchAction\",\"target\":{\"@type\":\"EntryPoint\",\"urlTemplate\":\"https:\/\/lottohoy.com\/es\/?s={search_term_string}\"},\"query-input\":{\"@type\":\"PropertyValueSpecification\",\"valueRequired\":true,\"valueName\":\"search_term_string\"}}],\"inLanguage\":\"es\"}]}<\/script>\n<!-- \/ Yoast SEO plugin. -->","yoast_head_json":{"title":"Informaci\u00f3n Saturday Lotto - Gana premios en Australia","description":"Saturday Lotto es una loter\u00eda a nivel nacional de Australia que se sortea todos los s\u00e1bados por la noche. Aprende sus reglas, y empieza a ganar.","robots":{"index":"index","follow":"follow","max-snippet":"max-snippet:-1","max-image-preview":"max-image-preview:large","max-video-preview":"max-video-preview:-1"},"canonical":"https:\/\/lottohoy.com\/es\/informacion\/saturday-lotto-au\/","og_locale":"es_ES","og_type":"article","og_title":"Informaci\u00f3n Saturday Lotto - Gana premios en Australia","og_description":"Saturday Lotto es una loter\u00eda a nivel nacional de Australia que se sortea todos los s\u00e1bados por la noche. Aprende sus reglas, y empieza a ganar.","og_url":"https:\/\/lottohoy.com\/es\/informacion\/saturday-lotto-au\/","og_site_name":"Lottohoy","article_modified_time":"2025-03-25T15:22:53+00:00","twitter_card":"summary_large_image","twitter_misc":{"Tiempo de lectura":"2 minutos"},"schema":{"@context":"https:\/\/schema.org","@graph":[{"@type":"WebPage","@id":"https:\/\/lottohoy.com\/es\/informacion\/saturday-lotto-au\/","url":"https:\/\/lottohoy.com\/es\/informacion\/saturday-lotto-au\/","name":"Informaci\u00f3n Saturday Lotto - Gana premios en Australia","isPartOf":{"@id":"https:\/\/lottohoy.com\/es\/#website"},"datePublished":"2018-08-23T09:32:43+00:00","dateModified":"2025-03-25T15:22:53+00:00","description":"Saturday Lotto es una loter\u00eda a nivel nacional de Australia que se sortea todos los s\u00e1bados por la noche. Aprende sus reglas, y empieza a ganar.","breadcrumb":{"@id":"https:\/\/lottohoy.com\/es\/informacion\/saturday-lotto-au\/#breadcrumb"},"inLanguage":"es","potentialAction":[{"@type":"ReadAction","target":["https:\/\/lottohoy.com\/es\/informacion\/saturday-lotto-au\/"]}]},{"@type":"BreadcrumbList","@id":"https:\/\/lottohoy.com\/es\/informacion\/saturday-lotto-au\/#breadcrumb","itemListElement":[{"@type":"ListItem","position":1,"name":"Home","item":"https:\/\/lottohoy.com\/es\/"},{"@type":"ListItem","position":2,"name":"Todo sobre la loter\u00eda online","item":"https:\/\/lottohoy.com\/es\/informacion\/"},{"@type":"ListItem","position":3,"name":"Informaci\u00f3n loter\u00eda Saturday Lotto"}]},{"@type":"WebSite","@id":"https:\/\/lottohoy.com\/es\/#website","url":"https:\/\/lottohoy.com\/es\/","name":"Lottohoy","description":"","potentialAction":[{"@type":"SearchAction","target":{"@type":"EntryPoint","urlTemplate":"https:\/\/lottohoy.com\/es\/?s={search_term_string}"},"query-input":{"@type":"PropertyValueSpecification","valueRequired":true,"valueName":"search_term_string"}}],"inLanguage":"es"}]}},"_links":{"self":[{"href":"https:\/\/lottohoy.com\/es\/wp-json\/wp\/v2\/pages\/1646","targetHints":{"allow":["GET"]}}],"collection":[{"href":"https:\/\/lottohoy.com\/es\/wp-json\/wp\/v2\/pages"}],"about":[{"href":"https:\/\/lottohoy.com\/es\/wp-json\/wp\/v2\/types\/page"}],"author":[{"embeddable":true,"href":"https:\/\/lottohoy.com\/es\/wp-json\/wp\/v2\/users\/2"}],"replies":[{"embeddable":true,"href":"https:\/\/lottohoy.com\/es\/wp-json\/wp\/v2\/comments?post=1646"}],"version-history":[{"count":2,"href":"https:\/\/lottohoy.com\/es\/wp-json\/wp\/v2\/pages\/1646\/revisions"}],"predecessor-version":[{"id":10970,"href":"https:\/\/lottohoy.com\/es\/wp-json\/wp\/v2\/pages\/1646\/revisions\/10970"}],"up":[{"embeddable":true,"href":"https:\/\/lottohoy.com\/es\/wp-json\/wp\/v2\/pages\/166"}],"wp:attachment":[{"href":"https:\/\/lottohoy.com\/es\/wp-json\/wp\/v2\/media?parent=1646"}],"curies":[{"name":"wp","href":"https:\/\/api.w.org\/{rel}","templated":true}]}}