{"id":1642,"date":"2018-08-23T10:30:41","date_gmt":"2018-08-23T09:30:41","guid":{"rendered":"https:\/\/www.lottohoy.com\/?page_id=1642"},"modified":"2025-03-25T10:59:46","modified_gmt":"2025-03-25T10:59:46","slug":"saturday-lotto-au","status":"publish","type":"page","link":"https:\/\/lottohoy.com\/es\/jugar\/saturday-lotto-au\/","title":{"rendered":"Jugar Saturday Lotto"},"content":{"rendered":"<p><!--more--> <span style=\"font-weight: 400;\">Para completar el abanico semanal de sorteos de loter\u00eda en Australia, aparece la Saturday Lotto (o Loter\u00eda del s\u00e1bado), un juego que en la actualidad se asemeja a las loter\u00edas europeas y consiste en un sistema de bolas extra\u00eddas de un bombo, para configurar una combinaci\u00f3n de 6 n\u00fameros.<\/span> <span style=\"font-weight: 400;\">Esta loter\u00eda dispone de una serie de sorteos extraordinarios, llamados \u201csuperdraws\u201d, con un premio de hasta AUD $ 20.000.000 que se realizan cada 6 o 7 sorteos ordinarios.\u00a0<\/span> <span style=\"font-weight: 400;\">Adem\u00e1s, tambi\u00e9n realizan otros sorteos especiales, los \u201cmegadraws\u201d, generalmente por las fechas de Navidad y A\u00f1o Nuevo, con un bote estimado de hasta AUD $ 30.000.000.<\/span><\/p>\n<h2><b>\u00bfC\u00f3mo se juega a la Lotto del s\u00e1bado de Australia?<\/b><\/h2>\n<p><span style=\"font-weight: 400;\">Para realizar una apuesta de Saturday Lotto, el jugador deber\u00e1 elegir 6 n\u00fameros de la tabla de juego que est\u00e1 compuesta por 45 casillas numeradas del 1 al 45 respectivamente. El precio de la apuesta sencilla en Lottohoy es de 1.50 Euros.<\/span> <span style=\"font-weight: 400;\">Cuando se realiza el sorteo, se extraen 6 bolas principales, m\u00e1s dos extras llamadas \u201ccomplementarias\u201d, que no tiene otra funci\u00f3n m\u00e1s que a\u00f1adir un plus a los acertantes de 2\u00aa y 5\u00aa categor\u00eda. Es imprescindible acertar estas 2 bolas juntamente con al menos una de las bolas principales para optar al premio de la 6\u00aa categor\u00eda. <\/span><\/p>\n<h2><b>\u00bfCu\u00e1ndo es el sorteo de la Saturday Lotto AU?<\/b><\/h2>\n<p><span style=\"font-weight: 400;\">Se celebra un solo sorteo semanal, todos los s\u00e1bados a las 20:30h hora local de Australia.\u00a0<\/span><span style=\"font-weight: 400;\">La venta de boletos se cierra 1 hora antes del sorteo, y una vez finalizado el sorteo, se vuelve a abrir para el sorteo de la pr\u00f3xima semana.<\/span><\/p>\n<h2><b>\u00bfCu\u00e1nto cuesta la Saturday Lotto?<\/b><\/h2>\n<p><span style=\"font-weight: 400;\">En LottoHoy puedes jugar a la Saturday Lotto desde 1,50 \u20ac por columna jugada. (Este importe puede variar en funci\u00f3n de la cotizaci\u00f3n del d\u00f3lar vs euro). Este precio tan reducido la hace una de las m\u00e1s atractivas para jugar cada semana.<\/span><\/p>\n<h2><b>C\u00f3mo comprar Saturday Lotto<\/b><\/h2>\n<p><span style=\"font-weight: 400;\">Si no eres residente en Australia, o no tienes ocasi\u00f3n de hacer un viaje de placer o negocios por esas tierras, lo aconsejable es adquirir la loter\u00eda de una forma c\u00f3moda y f\u00e1cil a trav\u00e9s de nuestra plataforma online.<\/span> <span style=\"font-weight: 400;\">Simplemente tienes que seguir los siguientes pasos:<\/span><\/p>\n<ol>\n<li style=\"font-weight: 400;\"><span style=\"font-weight: 400;\">Entra en la p\u00e1gina de juego de Saturday Lotto<\/span><\/li>\n<li style=\"font-weight: 400;\"><span style=\"font-weight: 400;\">En cada columna o l\u00ednea se deben marcar 6 casillas de las 45 disponibles.<\/span><\/li>\n<li style=\"font-weight: 400;\"><span style=\"font-weight: 400;\">Se puede ampliar el n\u00famero de columnas a jugar haciendo click en \u201c<\/span><b>M\u00e1s l\u00edneas<\/b><span style=\"font-weight: 400;\">\u201d.<\/span><\/li>\n<li style=\"font-weight: 400;\"><span style=\"font-weight: 400;\">Haz click en \u201cContinuar\u201d para acceder a la p\u00e1gina de pagos.<\/span><\/li>\n<li style=\"font-weight: 400;\"><span style=\"font-weight: 400;\"> En la pantalla de pagos, se muestra un amplio abanico de medios de pago, que van desde tarjetas de cr\u00e9dito\/d\u00e9bito y sistemas conocidos como Skrill o Neteller, y una larga lista de otros m\u00e9todos de pago.<\/span><\/li>\n<\/ol>\n","protected":false},"excerpt":{"rendered":"","protected":false},"author":2,"featured_media":0,"parent":184,"menu_order":19,"comment_status":"closed","ping_status":"closed","template":"saturday-lotto.php","meta":{"_et_pb_use_builder":"","_et_pb_old_content":"","_et_gb_content_width":"","exclude_from_search":false,"footnotes":""},"class_list":["post-1642","page","type-page","status-publish","hentry"],"yoast_head":"<!-- This site is optimized with the Yoast SEO plugin v23.7 - https:\/\/yoast.com\/wordpress\/plugins\/seo\/ -->\n<title>Jugar Saturday Lotto, la loter\u00eda australiana del fin de semana<\/title>\n<meta name=\"description\" content=\"Para realizar una apuesta de Saturday Lotto s\u00f3lo debes elegir 6 n\u00fameros de la tabla de juego que est\u00e1 compuesta por 45 casillas.\" \/>\n<meta name=\"robots\" content=\"index, follow, max-snippet:-1, max-image-preview:large, max-video-preview:-1\" \/>\n<link rel=\"canonical\" href=\"https:\/\/lottohoy.com\/es\/jugar\/saturday-lotto-au\/\" \/>\n<meta property=\"og:locale\" content=\"es_ES\" \/>\n<meta property=\"og:type\" content=\"article\" \/>\n<meta property=\"og:title\" content=\"Jugar Saturday Lotto, la loter\u00eda australiana del fin de semana\" \/>\n<meta property=\"og:description\" content=\"Para realizar una apuesta de Saturday Lotto s\u00f3lo debes elegir 6 n\u00fameros de la tabla de juego que est\u00e1 compuesta por 45 casillas.\" \/>\n<meta property=\"og:url\" content=\"https:\/\/lottohoy.com\/es\/jugar\/saturday-lotto-au\/\" \/>\n<meta property=\"og:site_name\" content=\"Lottohoy\" \/>\n<meta property=\"article:modified_time\" content=\"2025-03-25T10:59:46+00:00\" \/>\n<meta name=\"twitter:card\" content=\"summary_large_image\" \/>\n<meta name=\"twitter:label1\" content=\"Tiempo de lectura\" \/>\n\t<meta name=\"twitter:data1\" content=\"2 minutos\" \/>\n<script type=\"application\/ld+json\" class=\"yoast-schema-graph\">{\"@context\":\"https:\/\/schema.org\",\"@graph\":[{\"@type\":\"WebPage\",\"@id\":\"https:\/\/lottohoy.com\/es\/jugar\/saturday-lotto-au\/\",\"url\":\"https:\/\/lottohoy.com\/es\/jugar\/saturday-lotto-au\/\",\"name\":\"Jugar Saturday Lotto, la loter\u00eda australiana del fin de semana\",\"isPartOf\":{\"@id\":\"https:\/\/lottohoy.com\/es\/#website\"},\"datePublished\":\"2018-08-23T09:30:41+00:00\",\"dateModified\":\"2025-03-25T10:59:46+00:00\",\"description\":\"Para realizar una apuesta de Saturday Lotto s\u00f3lo debes elegir 6 n\u00fameros de la tabla de juego que est\u00e1 compuesta por 45 casillas.\",\"breadcrumb\":{\"@id\":\"https:\/\/lottohoy.com\/es\/jugar\/saturday-lotto-au\/#breadcrumb\"},\"inLanguage\":\"es\",\"potentialAction\":[{\"@type\":\"ReadAction\",\"target\":[\"https:\/\/lottohoy.com\/es\/jugar\/saturday-lotto-au\/\"]}]},{\"@type\":\"BreadcrumbList\",\"@id\":\"https:\/\/lottohoy.com\/es\/jugar\/saturday-lotto-au\/#breadcrumb\",\"itemListElement\":[{\"@type\":\"ListItem\",\"position\":1,\"name\":\"Home\",\"item\":\"https:\/\/lottohoy.com\/es\/\"},{\"@type\":\"ListItem\",\"position\":2,\"name\":\"Comprar loter\u00eda online\",\"item\":\"https:\/\/lottohoy.com\/es\/jugar\/\"},{\"@type\":\"ListItem\",\"position\":3,\"name\":\"Jugar Saturday Lotto\"}]},{\"@type\":\"WebSite\",\"@id\":\"https:\/\/lottohoy.com\/es\/#website\",\"url\":\"https:\/\/lottohoy.com\/es\/\",\"name\":\"Lottohoy\",\"description\":\"\",\"potentialAction\":[{\"@type\":\"SearchAction\",\"target\":{\"@type\":\"EntryPoint\",\"urlTemplate\":\"https:\/\/lottohoy.com\/es\/?s={search_term_string}\"},\"query-input\":{\"@type\":\"PropertyValueSpecification\",\"valueRequired\":true,\"valueName\":\"search_term_string\"}}],\"inLanguage\":\"es\"}]}<\/script>\n<!-- \/ Yoast SEO plugin. -->","yoast_head_json":{"title":"Jugar Saturday Lotto, la loter\u00eda australiana del fin de semana","description":"Para realizar una apuesta de Saturday Lotto s\u00f3lo debes elegir 6 n\u00fameros de la tabla de juego que est\u00e1 compuesta por 45 casillas.","robots":{"index":"index","follow":"follow","max-snippet":"max-snippet:-1","max-image-preview":"max-image-preview:large","max-video-preview":"max-video-preview:-1"},"canonical":"https:\/\/lottohoy.com\/es\/jugar\/saturday-lotto-au\/","og_locale":"es_ES","og_type":"article","og_title":"Jugar Saturday Lotto, la loter\u00eda australiana del fin de semana","og_description":"Para realizar una apuesta de Saturday Lotto s\u00f3lo debes elegir 6 n\u00fameros de la tabla de juego que est\u00e1 compuesta por 45 casillas.","og_url":"https:\/\/lottohoy.com\/es\/jugar\/saturday-lotto-au\/","og_site_name":"Lottohoy","article_modified_time":"2025-03-25T10:59:46+00:00","twitter_card":"summary_large_image","twitter_misc":{"Tiempo de lectura":"2 minutos"},"schema":{"@context":"https:\/\/schema.org","@graph":[{"@type":"WebPage","@id":"https:\/\/lottohoy.com\/es\/jugar\/saturday-lotto-au\/","url":"https:\/\/lottohoy.com\/es\/jugar\/saturday-lotto-au\/","name":"Jugar Saturday Lotto, la loter\u00eda australiana del fin de semana","isPartOf":{"@id":"https:\/\/lottohoy.com\/es\/#website"},"datePublished":"2018-08-23T09:30:41+00:00","dateModified":"2025-03-25T10:59:46+00:00","description":"Para realizar una apuesta de Saturday Lotto s\u00f3lo debes elegir 6 n\u00fameros de la tabla de juego que est\u00e1 compuesta por 45 casillas.","breadcrumb":{"@id":"https:\/\/lottohoy.com\/es\/jugar\/saturday-lotto-au\/#breadcrumb"},"inLanguage":"es","potentialAction":[{"@type":"ReadAction","target":["https:\/\/lottohoy.com\/es\/jugar\/saturday-lotto-au\/"]}]},{"@type":"BreadcrumbList","@id":"https:\/\/lottohoy.com\/es\/jugar\/saturday-lotto-au\/#breadcrumb","itemListElement":[{"@type":"ListItem","position":1,"name":"Home","item":"https:\/\/lottohoy.com\/es\/"},{"@type":"ListItem","position":2,"name":"Comprar loter\u00eda online","item":"https:\/\/lottohoy.com\/es\/jugar\/"},{"@type":"ListItem","position":3,"name":"Jugar Saturday Lotto"}]},{"@type":"WebSite","@id":"https:\/\/lottohoy.com\/es\/#website","url":"https:\/\/lottohoy.com\/es\/","name":"Lottohoy","description":"","potentialAction":[{"@type":"SearchAction","target":{"@type":"EntryPoint","urlTemplate":"https:\/\/lottohoy.com\/es\/?s={search_term_string}"},"query-input":{"@type":"PropertyValueSpecification","valueRequired":true,"valueName":"search_term_string"}}],"inLanguage":"es"}]}},"_links":{"self":[{"href":"https:\/\/lottohoy.com\/es\/wp-json\/wp\/v2\/pages\/1642","targetHints":{"allow":["GET"]}}],"collection":[{"href":"https:\/\/lottohoy.com\/es\/wp-json\/wp\/v2\/pages"}],"about":[{"href":"https:\/\/lottohoy.com\/es\/wp-json\/wp\/v2\/types\/page"}],"author":[{"embeddable":true,"href":"https:\/\/lottohoy.com\/es\/wp-json\/wp\/v2\/users\/2"}],"replies":[{"embeddable":true,"href":"https:\/\/lottohoy.com\/es\/wp-json\/wp\/v2\/comments?post=1642"}],"version-history":[{"count":5,"href":"https:\/\/lottohoy.com\/es\/wp-json\/wp\/v2\/pages\/1642\/revisions"}],"predecessor-version":[{"id":16741,"href":"https:\/\/lottohoy.com\/es\/wp-json\/wp\/v2\/pages\/1642\/revisions\/16741"}],"up":[{"embeddable":true,"href":"https:\/\/lottohoy.com\/es\/wp-json\/wp\/v2\/pages\/184"}],"wp:attachment":[{"href":"https:\/\/lottohoy.com\/es\/wp-json\/wp\/v2\/media?parent=1642"}],"curies":[{"name":"wp","href":"https:\/\/api.w.org\/{rel}","templated":true}]}}