{"id":1640,"date":"2018-08-21T10:29:37","date_gmt":"2018-08-21T09:29:37","guid":{"rendered":"https:\/\/www.lottohoy.com\/?page_id=1640"},"modified":"2025-02-13T18:22:17","modified_gmt":"2025-02-13T18:22:17","slug":"powerball-au","status":"publish","type":"page","link":"https:\/\/lottohoy.com\/es\/informacion\/powerball-au\/","title":{"rendered":"Informaci\u00f3n Powerball AU"},"content":{"rendered":"<p><!--more--><\/p>\n<p><span style=\"font-weight: 400;\">La aparici\u00f3n de PowerBall AU en el mercado fue el 23 de marzo de 1996. Inicialmente el jugador deb\u00eda elegir 5 n\u00fameros de entre los 45 que formaban la primera parte de la tablilla, y as\u00ed mismo escoger 1 n\u00famero adicional conocido como \u201cpowerball\u201d del segundo grupo.<\/span><\/p>\n<h2><b>Normas del Powerball AU<\/b><\/h2>\n<p><span style=\"font-weight: 400;\">En marzo de 2013, se cambi\u00f3 la reglamentaci\u00f3n y se determin\u00f3 que la combinaci\u00f3n ganadora deber\u00eda obtenerse de 6 n\u00fameros de entre 40 del primer grupo de la matriz, y una bola de entre los 20 posibles n\u00fameros de la parte inferior. Este cambio propici\u00f3 que se introdujera una nueva categor\u00eda de premios.<\/span><\/p>\n<p><span style=\"font-weight: 400;\">Desde abril de 2018, fecha en la que hubo una nueva variaci\u00f3n, ha quedado establecido que se reduc\u00edan a 35 las bolas que forman parte del primer grupo, y que en lugar de 6 bolas para obtener la combinaci\u00f3n ganadora, deber\u00e1n ser 7 bolas m\u00e1s la bola powerball del segundo grupo, que permanece invariable.<\/span><\/p>\n<h2><strong>Premios de PowerBall Australia<\/strong><\/h2>\n<p><span style=\"font-weight: 400;\">Las diversas categor\u00edas de <a href=\"https:\/\/lottohoy.com\/es\/resultados\/powerball-au\/\">premios en PowerBall<\/a> AU son las siguientes:<\/span><\/p>\n<table style=\"width: 358px;\">\n<tbody>\n<tr>\n<td style=\"width: 128px;\"><span style=\"font-weight: 400;\">1\u00aa categor\u00eda<\/span><\/td>\n<td style=\"width: 230px;\"><span style=\"font-weight: 400;\">7 bolas + la powerball<\/span><\/td>\n<\/tr>\n<tr>\n<td style=\"width: 128px;\"><span style=\"font-weight: 400;\">2\u00aa categor\u00eda<\/span><\/td>\n<td style=\"width: 230px;\"><span style=\"font-weight: 400;\">7 bolas<\/span><\/td>\n<\/tr>\n<tr>\n<td style=\"width: 128px;\"><span style=\"font-weight: 400;\">3\u00aa categor\u00eda<\/span><\/td>\n<td style=\"width: 230px;\"><span style=\"font-weight: 400;\">6 bolas + la powerball<\/span><\/td>\n<\/tr>\n<tr>\n<td style=\"width: 128px;\"><span style=\"font-weight: 400;\">4\u00aa categor\u00eda<\/span><\/td>\n<td style=\"width: 230px;\"><span style=\"font-weight: 400;\">6 bolas<\/span><\/td>\n<\/tr>\n<tr>\n<td style=\"width: 128px;\"><span style=\"font-weight: 400;\">5\u00aa categor\u00eda<\/span><\/td>\n<td style=\"width: 230px;\"><span style=\"font-weight: 400;\">5 bolas + la powerball<\/span><\/td>\n<\/tr>\n<tr>\n<td style=\"width: 128px;\"><span style=\"font-weight: 400;\">6\u00aa categor\u00eda<\/span><\/td>\n<td style=\"width: 230px;\"><span style=\"font-weight: 400;\">4 bolas + la powerball<\/span><\/td>\n<\/tr>\n<tr>\n<td style=\"width: 128px;\"><span style=\"font-weight: 400;\">7\u00aa categor\u00eda<\/span><\/td>\n<td style=\"width: 230px;\"><span style=\"font-weight: 400;\">5 bolas<\/span><\/td>\n<\/tr>\n<tr>\n<td style=\"width: 128px;\"><span style=\"font-weight: 400;\">8\u00aa categor\u00eda<\/span><\/td>\n<td style=\"width: 230px;\"><span style=\"font-weight: 400;\">3 bolas + la powerball<\/span><\/td>\n<\/tr>\n<tr>\n<td style=\"width: 128px;\"><span style=\"font-weight: 400;\">9\u00aa categor\u00eda<\/span><\/td>\n<td style=\"width: 230px;\"><span style=\"font-weight: 400;\">2 bolas + la powerball<\/span><\/td>\n<\/tr>\n<\/tbody>\n<\/table>\n<h2><b>Ventajas de jugar la PowerBall de Australia online<\/b><\/h2>\n<ul>\n<li style=\"font-weight: 400;\"><span style=\"font-weight: 400;\">Juega de forma sencilla, r\u00e1pida y c\u00f3moda.<\/span><\/li>\n<li style=\"font-weight: 400;\"><span style=\"font-weight: 400;\">Sin tener que desplazarse hasta Australia para participar de sus botes millonarios<\/span><\/li>\n<\/ul>\n<ul>\n<li style=\"font-weight: 400;\"><span style=\"font-weight: 400;\">Juega desde cualquier dispositivo m\u00f3vil, tableta o pc de escritorio, con una simple conexi\u00f3n a internet.<\/span><\/li>\n<li style=\"font-weight: 400;\"><span style=\"font-weight: 400;\">Dispones de informaci\u00f3n constante sobre todos los sorteos, los botes que se acumulan y los premios que se consiguen. <\/span><\/li>\n<li style=\"font-weight: 400;\"><span style=\"font-weight: 400;\">Es un m\u00e9todo seguro y fiable de todas las transacciones bancarias.<\/span><\/li>\n<li style=\"font-weight: 400;\"><span style=\"font-weight: 400;\">Cuando un usuario registrado es agraciado con un premio, autom\u00e1ticamente el importe de dicho premio es ingresado en su cuenta de usuario.<\/span><\/li>\n<\/ul>\n<h2><b>Bote PowerBall AU<\/b><\/h2>\n<p><span style=\"font-weight: 400;\">El bote m\u00ednimo garantizado para la PowerBall AU es de AUD $3 millones y no existe un l\u00edmite de acumulaciones, con lo cual el bote puede crecer hasta premios multimillonarios.<\/span><\/p>\n<p><span style=\"font-weight: 400;\">El bote r\u00e9cord hasta la fecha es AUD $ 80 millones conseguido en julio de 2009 y compartido por dos ganadores de Nueva Gales del sur y Victoria<\/span><\/p>\n<p><span style=\"font-weight: 400;\">Desde la \u00faltima actualizaci\u00f3n de las normas en abril de 2018, solamente se ha entregado en dos ocasiones el bote acumulado:<\/span><\/p>\n<ul>\n<li style=\"font-weight: 400;\"><span style=\"font-weight: 400;\">El 19 de abril de 2018 y correspondiendo con el primer sorteo de la nueva norma, se entreg\u00f3 un premio de primera categor\u00eda por un importe de AUD $ 8 millones.<\/span><\/li>\n<li style=\"font-weight: 400;\"><span style=\"font-weight: 400;\">No se volvi\u00f3 a entregar un jackpot hasta el 7 de junio de 2018, en el que de nuevo un acertante obtuvo un premio de primera categor\u00eda con un importe de AUD $ 50 millones.<\/span><\/li>\n<\/ul>\n<p>&nbsp;<\/p>\n<h2>Probabilidades de ganar un premio en la Powerball Australiana<\/h2>\n","protected":false},"excerpt":{"rendered":"","protected":false},"author":2,"featured_media":0,"parent":166,"menu_order":17,"comment_status":"closed","ping_status":"closed","template":"powerball-au-info.php","meta":{"_et_pb_use_builder":"","_et_pb_old_content":"","_et_gb_content_width":"","exclude_from_search":false,"footnotes":""},"class_list":["post-1640","page","type-page","status-publish","hentry"],"yoast_head":"<!-- This site is optimized with the Yoast SEO plugin v23.7 - https:\/\/yoast.com\/wordpress\/plugins\/seo\/ -->\n<title>Toda la informaci\u00f3n sobre la Powerball de Australia<\/title>\n<meta name=\"description\" content=\"Jugar a la loter\u00eda autraliana Powerball nunca ha sido tan f\u00e1cil. \u00bfQuieres saber todo sobre sus reglas, botes, premios y los \u00faltimos resultados? \u00a1Ven aqu\u00ed!\" \/>\n<meta name=\"robots\" content=\"index, follow, max-snippet:-1, max-image-preview:large, max-video-preview:-1\" \/>\n<link rel=\"canonical\" href=\"https:\/\/lottohoy.com\/es\/informacion\/powerball-au\/\" \/>\n<meta property=\"og:locale\" content=\"es_ES\" \/>\n<meta property=\"og:type\" content=\"article\" \/>\n<meta property=\"og:title\" content=\"Toda la informaci\u00f3n sobre la Powerball de Australia\" \/>\n<meta property=\"og:description\" content=\"Jugar a la loter\u00eda autraliana Powerball nunca ha sido tan f\u00e1cil. \u00bfQuieres saber todo sobre sus reglas, botes, premios y los \u00faltimos resultados? \u00a1Ven aqu\u00ed!\" \/>\n<meta property=\"og:url\" content=\"https:\/\/lottohoy.com\/es\/informacion\/powerball-au\/\" \/>\n<meta property=\"og:site_name\" content=\"Lottohoy\" \/>\n<meta property=\"article:modified_time\" content=\"2025-02-13T18:22:17+00:00\" \/>\n<meta name=\"twitter:card\" content=\"summary_large_image\" \/>\n<meta name=\"twitter:label1\" content=\"Tiempo de lectura\" \/>\n\t<meta name=\"twitter:data1\" content=\"3 minutos\" \/>\n<script type=\"application\/ld+json\" class=\"yoast-schema-graph\">{\"@context\":\"https:\/\/schema.org\",\"@graph\":[{\"@type\":\"WebPage\",\"@id\":\"https:\/\/lottohoy.com\/es\/informacion\/powerball-au\/\",\"url\":\"https:\/\/lottohoy.com\/es\/informacion\/powerball-au\/\",\"name\":\"Toda la informaci\u00f3n sobre la Powerball de Australia\",\"isPartOf\":{\"@id\":\"https:\/\/lottohoy.com\/es\/#website\"},\"datePublished\":\"2018-08-21T09:29:37+00:00\",\"dateModified\":\"2025-02-13T18:22:17+00:00\",\"description\":\"Jugar a la loter\u00eda autraliana Powerball nunca ha sido tan f\u00e1cil. \u00bfQuieres saber todo sobre sus reglas, botes, premios y los \u00faltimos resultados? \u00a1Ven aqu\u00ed!\",\"breadcrumb\":{\"@id\":\"https:\/\/lottohoy.com\/es\/informacion\/powerball-au\/#breadcrumb\"},\"inLanguage\":\"es\",\"potentialAction\":[{\"@type\":\"ReadAction\",\"target\":[\"https:\/\/lottohoy.com\/es\/informacion\/powerball-au\/\"]}]},{\"@type\":\"BreadcrumbList\",\"@id\":\"https:\/\/lottohoy.com\/es\/informacion\/powerball-au\/#breadcrumb\",\"itemListElement\":[{\"@type\":\"ListItem\",\"position\":1,\"name\":\"Home\",\"item\":\"https:\/\/lottohoy.com\/es\/\"},{\"@type\":\"ListItem\",\"position\":2,\"name\":\"Todo sobre la loter\u00eda online\",\"item\":\"https:\/\/lottohoy.com\/es\/informacion\/\"},{\"@type\":\"ListItem\",\"position\":3,\"name\":\"Informaci\u00f3n Powerball AU\"}]},{\"@type\":\"WebSite\",\"@id\":\"https:\/\/lottohoy.com\/es\/#website\",\"url\":\"https:\/\/lottohoy.com\/es\/\",\"name\":\"Lottohoy\",\"description\":\"\",\"potentialAction\":[{\"@type\":\"SearchAction\",\"target\":{\"@type\":\"EntryPoint\",\"urlTemplate\":\"https:\/\/lottohoy.com\/es\/?s={search_term_string}\"},\"query-input\":{\"@type\":\"PropertyValueSpecification\",\"valueRequired\":true,\"valueName\":\"search_term_string\"}}],\"inLanguage\":\"es\"}]}<\/script>\n<!-- \/ Yoast SEO plugin. -->","yoast_head_json":{"title":"Toda la informaci\u00f3n sobre la Powerball de Australia","description":"Jugar a la loter\u00eda autraliana Powerball nunca ha sido tan f\u00e1cil. \u00bfQuieres saber todo sobre sus reglas, botes, premios y los \u00faltimos resultados? \u00a1Ven aqu\u00ed!","robots":{"index":"index","follow":"follow","max-snippet":"max-snippet:-1","max-image-preview":"max-image-preview:large","max-video-preview":"max-video-preview:-1"},"canonical":"https:\/\/lottohoy.com\/es\/informacion\/powerball-au\/","og_locale":"es_ES","og_type":"article","og_title":"Toda la informaci\u00f3n sobre la Powerball de Australia","og_description":"Jugar a la loter\u00eda autraliana Powerball nunca ha sido tan f\u00e1cil. \u00bfQuieres saber todo sobre sus reglas, botes, premios y los \u00faltimos resultados? \u00a1Ven aqu\u00ed!","og_url":"https:\/\/lottohoy.com\/es\/informacion\/powerball-au\/","og_site_name":"Lottohoy","article_modified_time":"2025-02-13T18:22:17+00:00","twitter_card":"summary_large_image","twitter_misc":{"Tiempo de lectura":"3 minutos"},"schema":{"@context":"https:\/\/schema.org","@graph":[{"@type":"WebPage","@id":"https:\/\/lottohoy.com\/es\/informacion\/powerball-au\/","url":"https:\/\/lottohoy.com\/es\/informacion\/powerball-au\/","name":"Toda la informaci\u00f3n sobre la Powerball de Australia","isPartOf":{"@id":"https:\/\/lottohoy.com\/es\/#website"},"datePublished":"2018-08-21T09:29:37+00:00","dateModified":"2025-02-13T18:22:17+00:00","description":"Jugar a la loter\u00eda autraliana Powerball nunca ha sido tan f\u00e1cil. \u00bfQuieres saber todo sobre sus reglas, botes, premios y los \u00faltimos resultados? \u00a1Ven aqu\u00ed!","breadcrumb":{"@id":"https:\/\/lottohoy.com\/es\/informacion\/powerball-au\/#breadcrumb"},"inLanguage":"es","potentialAction":[{"@type":"ReadAction","target":["https:\/\/lottohoy.com\/es\/informacion\/powerball-au\/"]}]},{"@type":"BreadcrumbList","@id":"https:\/\/lottohoy.com\/es\/informacion\/powerball-au\/#breadcrumb","itemListElement":[{"@type":"ListItem","position":1,"name":"Home","item":"https:\/\/lottohoy.com\/es\/"},{"@type":"ListItem","position":2,"name":"Todo sobre la loter\u00eda online","item":"https:\/\/lottohoy.com\/es\/informacion\/"},{"@type":"ListItem","position":3,"name":"Informaci\u00f3n Powerball AU"}]},{"@type":"WebSite","@id":"https:\/\/lottohoy.com\/es\/#website","url":"https:\/\/lottohoy.com\/es\/","name":"Lottohoy","description":"","potentialAction":[{"@type":"SearchAction","target":{"@type":"EntryPoint","urlTemplate":"https:\/\/lottohoy.com\/es\/?s={search_term_string}"},"query-input":{"@type":"PropertyValueSpecification","valueRequired":true,"valueName":"search_term_string"}}],"inLanguage":"es"}]}},"_links":{"self":[{"href":"https:\/\/lottohoy.com\/es\/wp-json\/wp\/v2\/pages\/1640","targetHints":{"allow":["GET"]}}],"collection":[{"href":"https:\/\/lottohoy.com\/es\/wp-json\/wp\/v2\/pages"}],"about":[{"href":"https:\/\/lottohoy.com\/es\/wp-json\/wp\/v2\/types\/page"}],"author":[{"embeddable":true,"href":"https:\/\/lottohoy.com\/es\/wp-json\/wp\/v2\/users\/2"}],"replies":[{"embeddable":true,"href":"https:\/\/lottohoy.com\/es\/wp-json\/wp\/v2\/comments?post=1640"}],"version-history":[{"count":4,"href":"https:\/\/lottohoy.com\/es\/wp-json\/wp\/v2\/pages\/1640\/revisions"}],"predecessor-version":[{"id":14900,"href":"https:\/\/lottohoy.com\/es\/wp-json\/wp\/v2\/pages\/1640\/revisions\/14900"}],"up":[{"embeddable":true,"href":"https:\/\/lottohoy.com\/es\/wp-json\/wp\/v2\/pages\/166"}],"wp:attachment":[{"href":"https:\/\/lottohoy.com\/es\/wp-json\/wp\/v2\/media?parent=1640"}],"curies":[{"name":"wp","href":"https:\/\/api.w.org\/{rel}","templated":true}]}}