{"id":164,"date":"2018-05-03T14:23:31","date_gmt":"2018-05-03T13:23:31","guid":{"rendered":"https:\/\/www.lottohoy.com\/inicio\/"},"modified":"2025-04-02T09:55:05","modified_gmt":"2025-04-02T08:55:05","slug":"loteria-online","status":"publish","type":"page","link":"https:\/\/lottohoy.com\/es\/","title":{"rendered":"Inicio"},"content":{"rendered":"<div class=\"page\" title=\"Page 1\">\n<div class=\"section\">\n<div class=\"layoutArea\">\n<div class=\"column\">\n<h1>Compra boletos de loter\u00eda y gana los mayores botes del mundo<\/h1>\n<p>Jugar a las loteri\u0301as del mundo, y hacerlo desde la comodidad de su hogar, en lugar de trabajo, en el bus o en cualquier circunstancia,&#8230; simplemente disponiendo de una conexio\u0301n a internet, le abre un abanico de posibilidades para conseguir premios millonarios.<\/p>\n<p>Si nunca hasta la fecha ha jugado a las loteri\u0301as de manera online, <a href=\"https:\/\/lottohoy.com\/es\/jugar\/\">lottohoy.com<\/a> le ofrece ahora y desde aqui\u0301, la posibilidad de acceder a las loteri\u0301as mundiales que juegan los <a href=\"\/\/www.lottohoy.com\/es\/botes\/\">mayores botes<\/a> en cada sorteo.<\/p>\n<h2>\u00bfJugar a su loteri\u0301a local, o jugar cualquier loteri\u0301a del mundo?<\/h2>\n<p>A veces puede resultar agradable desplazarse hasta su lugar habitual donde se adquiere ese boleto para jugar a la loteri\u0301a local; tener en sus manos ese boleto para comprobar el di\u0301a del sorteo, si ha obtenido algu\u0301n premio.<\/p>\n<p>Pero mejor au\u0301n, hoy en di\u0301a internet a trave\u0301s de plataformas como la nuestra, se le ofrece la posibilidad de seguir jugando las mismas loteri\u0301as locales y abrirle un abanico ma\u0301s de posibilidades, accediendo a loteri\u0301as internacionales que ofrecen extraordinarios premios millonarios y que en ocasiones superan los mil millones.<\/p>\n<p>Si a esto le suma la tranquilidad de poder jugar con antelacio\u0301n cualquier sorteo; que se le comunique los premios obtenidos directamente y que dependiendo de la cantidad ganada, los importes lleguen directamente a su cuenta &#8211; \u00bf<strong>le apetece jugar con<\/strong> <a href=\"https:\/\/lottohoy.com\/es\/jugar\/\">lottohoy.com<\/a>?<\/p>\n<h2>No importa el pai\u0301s d\u00f3nde resida, para jugar las loteri\u0301as online.<\/h2>\n<p>Al comprar boletos de loteri\u0301a en li\u0301nea no importa su pai\u0301s de residencia. No hay necesidad de viajar para comprar un billete de loteri\u0301a en un pai\u0301s extranjero.<\/p>\n<\/div>\n<\/div>\n<\/div>\n<\/div>\n<div class=\"page\" title=\"Page 2\">\n<div class=\"section\">\n<div class=\"layoutArea\">\n<div class=\"column\">\n<p>Servimos a clientes de casi todos los pai\u0301ses con nuestro servicio mundial.<\/p>\n<p><span style=\"color: #333333;font-size: 26px\">Co\u0301mo funciona el servicio de billetes de loteri\u0301as online<\/span><\/p>\n<\/div>\n<\/div>\n<div class=\"layoutArea\">\n<div class=\"column\">\n<p>En <a href=\"http:\/\/lottohoy.com\">lottohoy.com<\/a>, usted puede ver una variedad de diferentes juegos de loteri\u0301as de todo el mundo. Usted puede elegir aquellas a las que quiere jugar y comprar en li\u0301nea. Es mucho ma\u0301s fa\u0301cil de lo que usted podri\u0301a pensar.<\/p>\n<p>Puede elegir todo lo que este\u0301 relacionado con su boleto de loteri\u0301a:<\/p>\n<p style=\"padding-left: 40px\">\u25cf \u00a0Seleccionar la loteri\u0301a que ponga en juego el mayor bote, si lo desea<\/p>\n<p style=\"padding-left: 40px\">\u25cf \u00a0Elegir los nu\u0301meros manualmente o permitir que el propio sistema elija por usted de manera aleatoria una combinacio\u0301n.<\/p>\n<p style=\"padding-left: 40px\">\u25cf \u00a0Puede jugar tantas apuestas (li\u0301neas) con las combinaciones que desea<\/p>\n<p style=\"padding-left: 40px\">\u25cf \u00a0Puede elegir entre jugar un solo sorteo o en varios sorteos seguidos<\/p>\n<h3>Las su\u0301per loteri\u0301as con botes de cientos de millones<\/h3>\n<p>Loteri\u0301as como las americanas <a href=\"https:\/\/lottohoy.com\/es\/jugar\/powerball\/\">Powerball<\/a> o <a href=\"https:\/\/lottohoy.com\/es\/jugar\/mega-millions\/\">MegaMillions<\/a>, las europeas <a href=\"https:\/\/lottohoy.com\/es\/jugar\/euromillions\/\">Euromillones<\/a>, <a href=\"https:\/\/lottohoy.com\/es\/jugar\/eurojackpot\/\">Eurojackpot<\/a> y la <a href=\"https:\/\/lottohoy.com\/es\/jugar\/superenalotto\/\">SuperEnalotto<\/a> italiana.<\/p>\n<p>\u00bfSabi\u0301as que <strong>el mayor premio de Powerball<\/strong> hasta la fecha ha sido de 2040 millones de do\u0301lares se gano\u0301 en el an\u0303o 2022.?&#8230; \u00a1Puede parecer un suen\u0303o ganar un premio de cientos de millones, pero es una realidad!<\/p>\n<h3>Seguramente usted puede hacerse muchas preguntas:<\/h3>\n<p style=\"padding-left: 40px\">\u25cf\u00a0 \u00bfSe debe siempre ir en bu\u0301squeda del bote ma\u0301s alto?<\/p>\n<p style=\"padding-left: 40px\">\u25cf \u00a0\u00bfEl valor del bote ma\u0301s alto es el u\u0301nico criterio a la hora de elegir a que\u0301 loteri\u0301a jugar en li\u0301nea?<\/p>\n<p style=\"padding-left: 40px\">\u25cf \u00a0Pero, \u00bfy si el premio de segunda categori\u0301a es lo suficientemente grande como para cambiar su vida?<\/p>\n<p style=\"padding-left: 40px\">\u25cf \u00a0Algunos botes crecen tanto porque son difi\u0301ciles de ganar.\u00bfY si las posibilidades de ganar un premio de segunda categori\u0301a fueran mucho mejores que las de ganar el bote de alguna loteri\u0301a?<\/p>\n<p style=\"padding-left: 40px\">\u25cf \u00a0\u00bfSe han de tener en cuenta otros factores para jugar loteri\u0301as en li\u0301nea?<\/p>\n<\/div>\n<\/div>\n<\/div>\n<\/div>\n<div class=\"page\" title=\"Page 3\">\n<div class=\"section\">\n<div class=\"layoutArea\">\n<div class=\"column\">\n<p>No todas las loteri\u0301as tienen las mismas probabilidades de ganar. <strong>Es perfectamente lo\u0301gico buscar los mayores botes<\/strong>, pero tambie\u0301n tiene sentido comprobar do\u0301nde se le ofrecen las mejores probabilidades de ganar un gran premio.<\/p>\n<p>Tenemos una amplia variedad de loteri\u0301as donde jugar para todos los gustos. Disfrute de probar algo nuevo, juegos que quiza\u0301s nunca haya visto u oi\u0301do antes. Puede que le sorprendan todas las opciones que ofrecemos.<\/p>\n<h2>\u00bfCo\u0301mo funciona el servicio que ofrece lottohoy.com?<\/h2>\n<p>Una vez que usted ha creado su jugada o las jugadas que desee, simplemente debera\u0301 confirmar el pedido y hacer el pago en li\u0301nea (hay varias opciones para el pago en li\u0301nea)<\/p>\n<p>Si no ha creado su cuenta de usuario con anterioridad, debera\u0301 crearla y verificarla durante este proceso utilizando una direccio\u0301n de correo va\u0301lida y una contrasen\u0303a para posteriores ingresos.<\/p>\n<p>Tan pronto como se verifique su pedido y confirmado el pago, uno de nuestros agentes procedera\u0301 a hacer efectiva la compra del billete o billetes de loteri\u0301a en el pai\u0301s donde se celebre el sorteo de la loteri\u0301a.<\/p>\n<p>Seguidamente se cargara\u0301 en su cuenta de usuario un escaneo de su billete.<\/p>\n<p>Esta operacio\u0301n requiere un tiempo para su proceso y que el escaneo sea visible en su cuenta. En todo momento usted puede consultar en su cuenta de usuario, en la seccio\u0301n \u201cmis boletos\u201d donde puede comprobar su pedido y los nu\u0301meros seleccionados por usted.<\/p>\n<p>Una vez se ha realiza el sorteo, ya estara\u0301 disponible los datos ganadores y en su cuenta aparecera\u0301n sus nu\u0301meros coincidentes y en su caso los importes del premio obtenido<\/p>\n<p>&nbsp;<\/p>\n<\/div>\n<\/div>\n<\/div>\n<\/div>\n<div class=\"page\" title=\"Page 4\">\n<div class=\"section\">\n<div class=\"layoutArea\">\n<div class=\"column\">\n<h2>Vale, y si gano&#8230;\u00bfQue\u0301 pasa?<\/h2>\n<p>Cuidar a nuestros clientes de todo el mundo cuando ganan, es una parte importante de nuestro servicio de boletos en li\u0301nea.<\/p>\n<p>No es necesario que usted resida en el pai\u0301s donde se celebra la loteri\u0301a. Simplemente compramos los boletos para usted a nivel local \u00a1Como si estuviera pasando unas vacaciones en ese pai\u0301s!<\/p>\n<p>Asegurarnos de que reciba el pago cuando gane, tambie\u0301n forma parte de nuestro servicio de billetes online.<\/p>\n<p>Las ganancias de premios hasta aproximadamente los 2500 \u20ac\/$ se pagan e ingresan directamente en su cuenta de usuario\/jugador, y esta\u0301n disponibles inmediatamente para solicitar un retiro o bien para emplearlos en la compra de posteriores sorteos de cualquiera de las loterias.<\/p>\n<p>Para las ganancias ma\u0301s grandes, nuestro servicio de atencio\u0301n al cliente le proporcionara\u0301 nuestro servicio VIP para ganadores.<\/p>\n<h3>Por si tuviese alguna duda, este servicio es perfectamente legal, le asesoramos y ayudamos en la gestio\u0301n de cobro.<\/h3>\n<p><strong>Se le pagara\u0301 en su totalidad el premio<\/strong> y nunca se le deducira\u0301n tasas o comisiones de sus ganancias, <strong>salvo las regulaciones fiscales del pai\u0301s de la loteri\u0301a, y las de su pai\u0301s de residencia.<\/strong><\/p>\n<p>En algu\u0301n caso y de manera excepcional pudiesen ocasionarse gastos para la gestio\u0301n de cobro en la situacio\u0301n de que el ganador no pudiese desplazarse hasta el pai\u0301s pagador del premio, y tuviese que intervenir en su nombre persona o sociedad debidamente acreditada para ello.<\/p>\n<h2>En lottohoy.com puede encontrar la informacio\u0301n y los consejos para jugar las mejores loteri\u0301as online<\/h2>\n<p>Puede encontrar todo eso aqui\u0301, en nuestro sitio web. No so\u0301lo le damos las probabilidades y reglas exactas de cada loteri\u0301a, sino que tambie\u0301n tenemos arti\u0301culos sobre todo tipo de aspectos diferentes de la loteri\u0301a.<\/p>\n<\/div>\n<\/div>\n<\/div>\n<\/div>\n<div class=\"page\" title=\"Page 5\">\n<div class=\"section\">\n<div class=\"layoutArea\">\n<div class=\"column\">\n<p>Le damos consejos sobre co\u0301mo mejorar sus posibilidades de ganar, y tambie\u0301n encontrara\u0301 los u\u0301ltimos resultados y un archivo de los resultados ma\u0301s antiguos de todas las loteri\u0301as en nuestro sitio web.<\/p>\n<\/div>\n<\/div>\n<\/div>\n<\/div>\n","protected":false},"excerpt":{"rendered":"<p>Compra boletos de loter\u00eda y gana los mayores botes del mundo Jugar a las loteri\u0301as del mundo, y hacerlo desde la comodidad de su hogar, en lugar de trabajo, en el bus o en cualquier circunstancia,&#8230; simplemente disponiendo de una conexio\u0301n a internet, le abre un abanico de posibilidades para conseguir premios millonarios. Si nunca [&hellip;]<\/p>\n","protected":false},"author":2,"featured_media":0,"parent":0,"menu_order":1,"comment_status":"closed","ping_status":"closed","template":"lotto.php","meta":{"_et_pb_use_builder":"","_et_pb_old_content":"","_et_gb_content_width":"","exclude_from_search":false,"footnotes":""},"class_list":["post-164","page","type-page","status-publish","hentry"],"yoast_head":"<!-- This site is optimized with the Yoast SEO plugin v23.7 - https:\/\/yoast.com\/wordpress\/plugins\/seo\/ -->\n<title>LottoHoy.com - Loter\u00eda Internacional Online - 100% Seguro \u2713<\/title>\n<meta name=\"description\" content=\"Las loter\u00edas online m\u00e1s importantes del mundo est\u00e1n en LottoHoy. Los botes m\u00e1s grandes EuroMillones, Powerball, Megamillions,... 100% Seguro.\" \/>\n<meta name=\"robots\" content=\"index, follow, max-snippet:-1, max-image-preview:large, max-video-preview:-1\" \/>\n<link rel=\"canonical\" href=\"https:\/\/lottohoy.com\/es\/\" \/>\n<meta property=\"og:locale\" content=\"es_ES\" \/>\n<meta property=\"og:type\" content=\"article\" \/>\n<meta property=\"og:title\" content=\"LottoHoy.com - Loter\u00eda Internacional Online - 100% Seguro \u2713\" \/>\n<meta property=\"og:description\" content=\"Las loter\u00edas online m\u00e1s importantes del mundo est\u00e1n en LottoHoy. Los botes m\u00e1s grandes EuroMillones, Powerball, Megamillions,... 100% Seguro.\" \/>\n<meta property=\"og:url\" content=\"https:\/\/lottohoy.com\/es\/\" \/>\n<meta property=\"og:site_name\" content=\"Lottohoy\" \/>\n<meta property=\"article:modified_time\" content=\"2025-04-02T08:55:05+00:00\" \/>\n<meta name=\"twitter:card\" content=\"summary_large_image\" \/>\n<meta name=\"twitter:label1\" content=\"Tiempo de lectura\" \/>\n\t<meta name=\"twitter:data1\" content=\"6 minutos\" \/>\n<script type=\"application\/ld+json\" class=\"yoast-schema-graph\">{\"@context\":\"https:\/\/schema.org\",\"@graph\":[{\"@type\":\"WebPage\",\"@id\":\"https:\/\/lottohoy.com\/es\/\",\"url\":\"https:\/\/lottohoy.com\/es\/\",\"name\":\"LottoHoy.com - Loter\u00eda Internacional Online - 100% Seguro \u2713\",\"isPartOf\":{\"@id\":\"https:\/\/lottohoy.com\/es\/#website\"},\"datePublished\":\"2018-05-03T13:23:31+00:00\",\"dateModified\":\"2025-04-02T08:55:05+00:00\",\"description\":\"Las loter\u00edas online m\u00e1s importantes del mundo est\u00e1n en LottoHoy. Los botes m\u00e1s grandes EuroMillones, Powerball, Megamillions,... 100% Seguro.\",\"breadcrumb\":{\"@id\":\"https:\/\/lottohoy.com\/es\/#breadcrumb\"},\"inLanguage\":\"es\",\"potentialAction\":[{\"@type\":\"ReadAction\",\"target\":[\"https:\/\/lottohoy.com\/es\/\"]}]},{\"@type\":\"BreadcrumbList\",\"@id\":\"https:\/\/lottohoy.com\/es\/#breadcrumb\",\"itemListElement\":[{\"@type\":\"ListItem\",\"position\":1,\"name\":\"Home\",\"item\":\"https:\/\/lottohoy.com\/es\/\"},{\"@type\":\"ListItem\",\"position\":2,\"name\":\"Inicio\"}]},{\"@type\":\"WebSite\",\"@id\":\"https:\/\/lottohoy.com\/es\/#website\",\"url\":\"https:\/\/lottohoy.com\/es\/\",\"name\":\"Lottohoy\",\"description\":\"\",\"potentialAction\":[{\"@type\":\"SearchAction\",\"target\":{\"@type\":\"EntryPoint\",\"urlTemplate\":\"https:\/\/lottohoy.com\/es\/?s={search_term_string}\"},\"query-input\":{\"@type\":\"PropertyValueSpecification\",\"valueRequired\":true,\"valueName\":\"search_term_string\"}}],\"inLanguage\":\"es\"}]}<\/script>\n<!-- \/ Yoast SEO plugin. -->","yoast_head_json":{"title":"LottoHoy.com - Loter\u00eda Internacional Online - 100% Seguro \u2713","description":"Las loter\u00edas online m\u00e1s importantes del mundo est\u00e1n en LottoHoy. Los botes m\u00e1s grandes EuroMillones, Powerball, Megamillions,... 100% Seguro.","robots":{"index":"index","follow":"follow","max-snippet":"max-snippet:-1","max-image-preview":"max-image-preview:large","max-video-preview":"max-video-preview:-1"},"canonical":"https:\/\/lottohoy.com\/es\/","og_locale":"es_ES","og_type":"article","og_title":"LottoHoy.com - Loter\u00eda Internacional Online - 100% Seguro \u2713","og_description":"Las loter\u00edas online m\u00e1s importantes del mundo est\u00e1n en LottoHoy. Los botes m\u00e1s grandes EuroMillones, Powerball, Megamillions,... 100% Seguro.","og_url":"https:\/\/lottohoy.com\/es\/","og_site_name":"Lottohoy","article_modified_time":"2025-04-02T08:55:05+00:00","twitter_card":"summary_large_image","twitter_misc":{"Tiempo de lectura":"6 minutos"},"schema":{"@context":"https:\/\/schema.org","@graph":[{"@type":"WebPage","@id":"https:\/\/lottohoy.com\/es\/","url":"https:\/\/lottohoy.com\/es\/","name":"LottoHoy.com - Loter\u00eda Internacional Online - 100% Seguro \u2713","isPartOf":{"@id":"https:\/\/lottohoy.com\/es\/#website"},"datePublished":"2018-05-03T13:23:31+00:00","dateModified":"2025-04-02T08:55:05+00:00","description":"Las loter\u00edas online m\u00e1s importantes del mundo est\u00e1n en LottoHoy. Los botes m\u00e1s grandes EuroMillones, Powerball, Megamillions,... 100% Seguro.","breadcrumb":{"@id":"https:\/\/lottohoy.com\/es\/#breadcrumb"},"inLanguage":"es","potentialAction":[{"@type":"ReadAction","target":["https:\/\/lottohoy.com\/es\/"]}]},{"@type":"BreadcrumbList","@id":"https:\/\/lottohoy.com\/es\/#breadcrumb","itemListElement":[{"@type":"ListItem","position":1,"name":"Home","item":"https:\/\/lottohoy.com\/es\/"},{"@type":"ListItem","position":2,"name":"Inicio"}]},{"@type":"WebSite","@id":"https:\/\/lottohoy.com\/es\/#website","url":"https:\/\/lottohoy.com\/es\/","name":"Lottohoy","description":"","potentialAction":[{"@type":"SearchAction","target":{"@type":"EntryPoint","urlTemplate":"https:\/\/lottohoy.com\/es\/?s={search_term_string}"},"query-input":{"@type":"PropertyValueSpecification","valueRequired":true,"valueName":"search_term_string"}}],"inLanguage":"es"}]}},"_links":{"self":[{"href":"https:\/\/lottohoy.com\/es\/wp-json\/wp\/v2\/pages\/164","targetHints":{"allow":["GET"]}}],"collection":[{"href":"https:\/\/lottohoy.com\/es\/wp-json\/wp\/v2\/pages"}],"about":[{"href":"https:\/\/lottohoy.com\/es\/wp-json\/wp\/v2\/types\/page"}],"author":[{"embeddable":true,"href":"https:\/\/lottohoy.com\/es\/wp-json\/wp\/v2\/users\/2"}],"replies":[{"embeddable":true,"href":"https:\/\/lottohoy.com\/es\/wp-json\/wp\/v2\/comments?post=164"}],"version-history":[{"count":7,"href":"https:\/\/lottohoy.com\/es\/wp-json\/wp\/v2\/pages\/164\/revisions"}],"predecessor-version":[{"id":17862,"href":"https:\/\/lottohoy.com\/es\/wp-json\/wp\/v2\/pages\/164\/revisions\/17862"}],"wp:attachment":[{"href":"https:\/\/lottohoy.com\/es\/wp-json\/wp\/v2\/media?parent=164"}],"curies":[{"name":"wp","href":"https:\/\/api.w.org\/{rel}","templated":true}]}}