{"id":1637,"date":"2018-08-22T10:28:14","date_gmt":"2018-08-22T09:28:14","guid":{"rendered":"https:\/\/www.lottohoy.com\/?page_id=1637"},"modified":"2025-03-26T06:09:10","modified_gmt":"2025-03-26T06:09:10","slug":"powerball-au","status":"publish","type":"page","link":"https:\/\/lottohoy.com\/es\/resultados\/powerball-au\/","title":{"rendered":"Resultados Powerball AU"},"content":{"rendered":"<p><span style=\"font-weight: 400;\">En esta p\u00e1gina se muestran un desglose detallado de los resultados de los sorteos de la loter\u00eda <a href=\"https:\/\/lottohoy.com\/es\/jugar\/powerball-au\/\">PowerBall AU<\/a>, el bote estimado para el sorteo celebrado y otros datos de inter\u00e9s.<\/span><\/p>\n<p><!--more--><\/p>\n<h2><b>Resultados de hoy de la PowerBall AU<\/b><\/h2>\n<p><span style=\"font-weight: 400;\">En el recuadro se muestran los resultados del \u00faltimo sorteo celebrado y la distribuci\u00f3n de premios para cada una de las categor\u00edas.<\/span><\/p>\n<p><span style=\"font-weight: 400;\">As\u00ed mismo el n\u00famero estimado de ganadores por categor\u00eda y el importe a repartir entre ellos teniendo en cuenta que las categor\u00edas inferiores no tienen cantidad fija asignada.<\/span><\/p>\n<h2><b>Todos los resultados de la PowerBall de Australia<\/b><\/h2>\n<p><span style=\"font-weight: 400;\">Adem\u00e1s de los resultados mostrados en el recuadro para este \u00faltimo sorteo, tambi\u00e9n en esta p\u00e1gina se puede acceder para poder ver los resultados de todos los sorteos anteriores celebrados, desde la \u00faltima actualizaci\u00f3n el 19 de abril de 2018.<\/span><\/p>\n<p><span style=\"font-weight: 400;\">A la derecha de la combinaci\u00f3n ganadora que se muestra de este \u00faltimo sorteo, aparecen unos recuadros en color gris con unas flechas de direcci\u00f3n que permiten hacer un recorrido por las fechas de anteriores sorteos.<\/span><\/p>\n","protected":false},"excerpt":{"rendered":"<p>En esta p\u00e1gina se muestran un desglose detallado de los resultados de los sorteos de la loter\u00eda PowerBall AU, el bote estimado para el sorteo celebrado y otros datos de inter\u00e9s.<\/p>\n","protected":false},"author":2,"featured_media":0,"parent":174,"menu_order":17,"comment_status":"closed","ping_status":"closed","template":"powerball-au-results.php","meta":{"_et_pb_use_builder":"","_et_pb_old_content":"","_et_gb_content_width":"","exclude_from_search":false,"footnotes":""},"class_list":["post-1637","page","type-page","status-publish","hentry"],"yoast_head":"<!-- This site is optimized with the Yoast SEO plugin v23.7 - https:\/\/yoast.com\/wordpress\/plugins\/seo\/ -->\n<title>Resultados PowerBall AU, todo el desglose de premios<\/title>\n<meta name=\"description\" content=\"En esta p\u00e1gina se muestran un desglose detallado de los resultados de los sorteos de la loter\u00eda PowerBall AU, el bote estimado para el sorteo y otros datos.\" \/>\n<meta name=\"robots\" content=\"index, follow, max-snippet:-1, max-image-preview:large, max-video-preview:-1\" \/>\n<link rel=\"canonical\" href=\"https:\/\/lottohoy.com\/es\/resultados\/powerball-au\/\" \/>\n<meta property=\"og:locale\" content=\"es_ES\" \/>\n<meta property=\"og:type\" content=\"article\" \/>\n<meta property=\"og:title\" content=\"Resultados PowerBall AU, todo el desglose de premios\" \/>\n<meta property=\"og:description\" content=\"En esta p\u00e1gina se muestran un desglose detallado de los resultados de los sorteos de la loter\u00eda PowerBall AU, el bote estimado para el sorteo y otros datos.\" \/>\n<meta property=\"og:url\" content=\"https:\/\/lottohoy.com\/es\/resultados\/powerball-au\/\" \/>\n<meta property=\"og:site_name\" content=\"Lottohoy\" \/>\n<meta property=\"article:modified_time\" content=\"2025-03-26T06:09:10+00:00\" \/>\n<meta name=\"twitter:card\" content=\"summary_large_image\" \/>\n<meta name=\"twitter:label1\" content=\"Tiempo de lectura\" \/>\n\t<meta name=\"twitter:data1\" content=\"1 minuto\" \/>\n<script type=\"application\/ld+json\" class=\"yoast-schema-graph\">{\"@context\":\"https:\/\/schema.org\",\"@graph\":[{\"@type\":\"WebPage\",\"@id\":\"https:\/\/lottohoy.com\/es\/resultados\/powerball-au\/\",\"url\":\"https:\/\/lottohoy.com\/es\/resultados\/powerball-au\/\",\"name\":\"Resultados PowerBall AU, todo el desglose de premios\",\"isPartOf\":{\"@id\":\"https:\/\/lottohoy.com\/es\/#website\"},\"datePublished\":\"2018-08-22T09:28:14+00:00\",\"dateModified\":\"2025-03-26T06:09:10+00:00\",\"description\":\"En esta p\u00e1gina se muestran un desglose detallado de los resultados de los sorteos de la loter\u00eda PowerBall AU, el bote estimado para el sorteo y otros datos.\",\"breadcrumb\":{\"@id\":\"https:\/\/lottohoy.com\/es\/resultados\/powerball-au\/#breadcrumb\"},\"inLanguage\":\"es\",\"potentialAction\":[{\"@type\":\"ReadAction\",\"target\":[\"https:\/\/lottohoy.com\/es\/resultados\/powerball-au\/\"]}]},{\"@type\":\"BreadcrumbList\",\"@id\":\"https:\/\/lottohoy.com\/es\/resultados\/powerball-au\/#breadcrumb\",\"itemListElement\":[{\"@type\":\"ListItem\",\"position\":1,\"name\":\"Home\",\"item\":\"https:\/\/lottohoy.com\/es\/\"},{\"@type\":\"ListItem\",\"position\":2,\"name\":\"Resultados de loter\u00eda\",\"item\":\"https:\/\/lottohoy.com\/es\/resultados\/\"},{\"@type\":\"ListItem\",\"position\":3,\"name\":\"Resultados Powerball AU\"}]},{\"@type\":\"WebSite\",\"@id\":\"https:\/\/lottohoy.com\/es\/#website\",\"url\":\"https:\/\/lottohoy.com\/es\/\",\"name\":\"Lottohoy\",\"description\":\"\",\"potentialAction\":[{\"@type\":\"SearchAction\",\"target\":{\"@type\":\"EntryPoint\",\"urlTemplate\":\"https:\/\/lottohoy.com\/es\/?s={search_term_string}\"},\"query-input\":{\"@type\":\"PropertyValueSpecification\",\"valueRequired\":true,\"valueName\":\"search_term_string\"}}],\"inLanguage\":\"es\"}]}<\/script>\n<!-- \/ Yoast SEO plugin. -->","yoast_head_json":{"title":"Resultados PowerBall AU, todo el desglose de premios","description":"En esta p\u00e1gina se muestran un desglose detallado de los resultados de los sorteos de la loter\u00eda PowerBall AU, el bote estimado para el sorteo y otros datos.","robots":{"index":"index","follow":"follow","max-snippet":"max-snippet:-1","max-image-preview":"max-image-preview:large","max-video-preview":"max-video-preview:-1"},"canonical":"https:\/\/lottohoy.com\/es\/resultados\/powerball-au\/","og_locale":"es_ES","og_type":"article","og_title":"Resultados PowerBall AU, todo el desglose de premios","og_description":"En esta p\u00e1gina se muestran un desglose detallado de los resultados de los sorteos de la loter\u00eda PowerBall AU, el bote estimado para el sorteo y otros datos.","og_url":"https:\/\/lottohoy.com\/es\/resultados\/powerball-au\/","og_site_name":"Lottohoy","article_modified_time":"2025-03-26T06:09:10+00:00","twitter_card":"summary_large_image","twitter_misc":{"Tiempo de lectura":"1 minuto"},"schema":{"@context":"https:\/\/schema.org","@graph":[{"@type":"WebPage","@id":"https:\/\/lottohoy.com\/es\/resultados\/powerball-au\/","url":"https:\/\/lottohoy.com\/es\/resultados\/powerball-au\/","name":"Resultados PowerBall AU, todo el desglose de premios","isPartOf":{"@id":"https:\/\/lottohoy.com\/es\/#website"},"datePublished":"2018-08-22T09:28:14+00:00","dateModified":"2025-03-26T06:09:10+00:00","description":"En esta p\u00e1gina se muestran un desglose detallado de los resultados de los sorteos de la loter\u00eda PowerBall AU, el bote estimado para el sorteo y otros datos.","breadcrumb":{"@id":"https:\/\/lottohoy.com\/es\/resultados\/powerball-au\/#breadcrumb"},"inLanguage":"es","potentialAction":[{"@type":"ReadAction","target":["https:\/\/lottohoy.com\/es\/resultados\/powerball-au\/"]}]},{"@type":"BreadcrumbList","@id":"https:\/\/lottohoy.com\/es\/resultados\/powerball-au\/#breadcrumb","itemListElement":[{"@type":"ListItem","position":1,"name":"Home","item":"https:\/\/lottohoy.com\/es\/"},{"@type":"ListItem","position":2,"name":"Resultados de loter\u00eda","item":"https:\/\/lottohoy.com\/es\/resultados\/"},{"@type":"ListItem","position":3,"name":"Resultados Powerball AU"}]},{"@type":"WebSite","@id":"https:\/\/lottohoy.com\/es\/#website","url":"https:\/\/lottohoy.com\/es\/","name":"Lottohoy","description":"","potentialAction":[{"@type":"SearchAction","target":{"@type":"EntryPoint","urlTemplate":"https:\/\/lottohoy.com\/es\/?s={search_term_string}"},"query-input":{"@type":"PropertyValueSpecification","valueRequired":true,"valueName":"search_term_string"}}],"inLanguage":"es"}]}},"_links":{"self":[{"href":"https:\/\/lottohoy.com\/es\/wp-json\/wp\/v2\/pages\/1637","targetHints":{"allow":["GET"]}}],"collection":[{"href":"https:\/\/lottohoy.com\/es\/wp-json\/wp\/v2\/pages"}],"about":[{"href":"https:\/\/lottohoy.com\/es\/wp-json\/wp\/v2\/types\/page"}],"author":[{"embeddable":true,"href":"https:\/\/lottohoy.com\/es\/wp-json\/wp\/v2\/users\/2"}],"replies":[{"embeddable":true,"href":"https:\/\/lottohoy.com\/es\/wp-json\/wp\/v2\/comments?post=1637"}],"version-history":[{"count":2,"href":"https:\/\/lottohoy.com\/es\/wp-json\/wp\/v2\/pages\/1637\/revisions"}],"predecessor-version":[{"id":17027,"href":"https:\/\/lottohoy.com\/es\/wp-json\/wp\/v2\/pages\/1637\/revisions\/17027"}],"up":[{"embeddable":true,"href":"https:\/\/lottohoy.com\/es\/wp-json\/wp\/v2\/pages\/174"}],"wp:attachment":[{"href":"https:\/\/lottohoy.com\/es\/wp-json\/wp\/v2\/media?parent=1637"}],"curies":[{"name":"wp","href":"https:\/\/api.w.org\/{rel}","templated":true}]}}