{"id":1635,"date":"2018-08-22T10:27:06","date_gmt":"2018-08-22T09:27:06","guid":{"rendered":"https:\/\/www.lottohoy.com\/?page_id=1635"},"modified":"2025-02-12T10:04:45","modified_gmt":"2025-02-12T10:04:45","slug":"powerball-au","status":"publish","type":"page","link":"https:\/\/lottohoy.com\/es\/jugar\/powerball-au\/","title":{"rendered":"Jugar Powerball AU"},"content":{"rendered":"<p><!--more--><\/p>\n<p><span style=\"font-weight: 400;\">Powerball AU se crea en 1996 y es oficialmente supervisada por el gobierno de Australia, aunque operada por Tatts Group.<\/span><\/p>\n<p><span style=\"font-weight: 400;\">En abril de 2018 se realiz\u00f3 un cambio importante en sus reglas para acomodarlas a la oferta de otras loter\u00edas mundiales, y de esta forma aumentar las probabilidades de ganar y fomentar la creaci\u00f3n de mayores botes.<\/span><\/p>\n<p><span style=\"font-weight: 400;\">No se debe confundir la Powerball AU con la Powerball de EE.UU., ya que aunque tienen similitudes, son tambi\u00e9n notables sus diferencia.<\/span><\/p>\n<p><span style=\"font-weight: 400;\">Algunas de las ventajas que vale la pena tener en cuenta a la hora de apostar por el Powerball AU son las siguiente:<\/span><\/p>\n<ul>\n<li style=\"font-weight: 400;\"><span style=\"font-weight: 400;\">No retiene impuestos de los premios<\/span><\/li>\n<li style=\"font-weight: 400;\"><span style=\"font-weight: 400;\">Los ganadores reciben la totalidad en met\u00e1lico de premio obtenido, mientras que la Powerball EE.UU. permite el cobro en anualidades o si se opta por un solo pago, hay que hacer frente a una cantidad importante de impuestos federales, estatales y provinciales.<\/span><\/li>\n<li style=\"font-weight: 400;\"><span style=\"font-weight: 400;\">El sistema de reparto de premios para categor\u00edas inferiores es en proporci\u00f3n a la recaudaci\u00f3n, en lugar de precisar cantidades fijas como en EE.UU.<\/span><\/li>\n<\/ul>\n<h2><b>\u00bfC\u00f3mo se juega a la PowerBall de Australia?<\/b><\/h2>\n<p><span style=\"font-weight: 400;\">Como muchos juegos de loter\u00eda basado en n\u00fameros, la PowerBall AU est\u00e1 compuesta por 2 secciones diferentes en cada columna de juego:<\/span><\/p>\n<p><span style=\"font-weight: 400;\">Una primera parte se compone de n\u00fameros comprendidos entre el 1 y el 35 ambos inclusive, y de los que se tendr\u00e1n que escoger 7.<\/span><\/p>\n<p><span style=\"font-weight: 400;\">En la parte inferior se encuentra la segunda secci\u00f3n en la cual deberemos escoger el n\u00famero Powerball marcando una de las casillas del 1 al 20. <\/span><\/p>\n<p><span style=\"font-weight: 400;\">Para optar a un premio m\u00ednimo el jugador deber\u00e1 acertar dos n\u00fameros y el Powerball. El precio de una apuesta sencilla en Lottohoy es de 2 \u20ac.<\/span><\/p>\n<h2><b>\u00bfCu\u00e1ndo es el sorteo de la PowerBall de Australia?<\/b><\/h2>\n<p><span style=\"font-weight: 400;\">Hay un solo sorteo semanal, y se celebra todos los jueves a las 21:30h del horario local.<br \/>\n<\/span><span style=\"font-weight: 400;\">La venta de boletos se cierra 1 hora antes del sorteo, y una vez finalizado el sorteo, se vuelve a abrir para el sorteo de la pr\u00f3xima semana.<\/span><\/p>\n<h2><b>\u00bfCu\u00e1l es el precio de la PowerBall de Australia?<\/b><\/h2>\n<p><span style=\"font-weight: 400;\">En LottoHoy puedes jugar al Powerball australiano desde 2 \u20ac por columna. En esta loter\u00eda es obligatorio jugar un m\u00ednimo de 4 columnas. (Este importe puede variar en funci\u00f3n de la cotizaci\u00f3n del d\u00f3lar vs euro)<\/span><\/p>\n<h2><b>Como comprar PowerBall de AU<\/b><\/h2>\n<p><span style=\"font-weight: 400;\">Comprar boletos del PowerBall de Australia y participar de todos sus sorteos es realmente f\u00e1cil y c\u00f3modo a trav\u00e9s de nuestra plataforma online.<\/span><\/p>\n<p><span style=\"font-weight: 400;\">Al acceder a la p\u00e1gina de juego para realizar la apuesta o apuestas que se deseen, la plataforma dispone de 5 columnas (<\/span><i><span style=\"font-weight: 400;\">tambi\u00e9n llamadas l\u00edneas<\/span><\/i><span style=\"font-weight: 400;\">), pero que se pueden ampliar tantas veces como se desee simplemente clicando sobre el recuadro \u201c<\/span><b>M\u00e1s l\u00edneas<\/b><span style=\"font-weight: 400;\">\u201d<\/span><\/p>\n<p><span style=\"font-weight: 400;\">Cada columna es para realizar una apuesta, y se pueden rellenar tantas columnas como se desee. En cada columna exclusivamente se marcar\u00e1n 7 casillas del primer grupo, y 1 casilla redonda del segundo grupo para configurar la apuesta. <\/span><\/p>\n<p><span style=\"font-weight: 400;\">La elecci\u00f3n de los n\u00fameros y la powerball para configurar la apuesta se puede realizar de manera manual o bien permitiendo que el propio sistema elija una combinaci\u00f3n aleatoria para el jugador. Esta selecci\u00f3n aleatoria se realiza pasando el cursor sobre la columna y aparece un recuadro superior que indica \u201cselecci\u00f3n r\u00e1pida\u201d<\/span><\/p>\n<p><span style=\"font-weight: 400;\">Una vez determinado el n\u00famero de columnas (apuestas) que el jugador desea, aparece en la parte inferior un recuadro en color verde con la palabra \u201ccontinuar\u201d y clicando sobre \u00e9l, nos conduce a la pantalla de conformidad y para proceder al pago mediante el recuadro \u201cpagar ahora\u201d<\/span><\/p>\n<p><span style=\"font-weight: 400;\">Una nueva pantalla nos muestra un abanico de medios de pago. desde tarjetas de cr\u00e9dito y sistemas conocidos como Skrill o Neteller, a una amplia variedad de medios, inclusive permite el pago mediante criptomonedas.<\/span><\/p>\n","protected":false},"excerpt":{"rendered":"","protected":false},"author":2,"featured_media":0,"parent":184,"menu_order":17,"comment_status":"closed","ping_status":"closed","template":"powerball-au.php","meta":{"_et_pb_use_builder":"","_et_pb_old_content":"","_et_gb_content_width":"","exclude_from_search":false,"footnotes":""},"class_list":["post-1635","page","type-page","status-publish","hentry"],"yoast_head":"<!-- This site is optimized with the Yoast SEO plugin v23.7 - https:\/\/yoast.com\/wordpress\/plugins\/seo\/ -->\n<title>Jugar PowerBall AU , la loter\u00eda m\u00e1s importante de Australia<\/title>\n<meta name=\"description\" content=\"Pasa a la acci\u00f3n y juega a Powerball AU sin salir de casa, la loter\u00eda con los premios m\u00e1s importantes de Australia. Selecciona 7 n\u00fameros y la bola Powerball\" \/>\n<meta name=\"robots\" content=\"index, follow, max-snippet:-1, max-image-preview:large, max-video-preview:-1\" \/>\n<link rel=\"canonical\" href=\"https:\/\/lottohoy.com\/es\/jugar\/powerball-au\/\" \/>\n<meta property=\"og:locale\" content=\"es_ES\" \/>\n<meta property=\"og:type\" content=\"article\" \/>\n<meta property=\"og:title\" content=\"Jugar PowerBall AU , la loter\u00eda m\u00e1s importante de Australia\" \/>\n<meta property=\"og:description\" content=\"Pasa a la acci\u00f3n y juega a Powerball AU sin salir de casa, la loter\u00eda con los premios m\u00e1s importantes de Australia. Selecciona 7 n\u00fameros y la bola Powerball\" \/>\n<meta property=\"og:url\" content=\"https:\/\/lottohoy.com\/es\/jugar\/powerball-au\/\" \/>\n<meta property=\"og:site_name\" content=\"Lottohoy\" \/>\n<meta property=\"article:modified_time\" content=\"2025-02-12T10:04:45+00:00\" \/>\n<meta name=\"twitter:card\" content=\"summary_large_image\" \/>\n<meta name=\"twitter:label1\" content=\"Tiempo de lectura\" \/>\n\t<meta name=\"twitter:data1\" content=\"3 minutos\" \/>\n<script type=\"application\/ld+json\" class=\"yoast-schema-graph\">{\"@context\":\"https:\/\/schema.org\",\"@graph\":[{\"@type\":\"WebPage\",\"@id\":\"https:\/\/lottohoy.com\/es\/jugar\/powerball-au\/\",\"url\":\"https:\/\/lottohoy.com\/es\/jugar\/powerball-au\/\",\"name\":\"Jugar PowerBall AU , la loter\u00eda m\u00e1s importante de Australia\",\"isPartOf\":{\"@id\":\"https:\/\/lottohoy.com\/es\/#website\"},\"datePublished\":\"2018-08-22T09:27:06+00:00\",\"dateModified\":\"2025-02-12T10:04:45+00:00\",\"description\":\"Pasa a la acci\u00f3n y juega a Powerball AU sin salir de casa, la loter\u00eda con los premios m\u00e1s importantes de Australia. Selecciona 7 n\u00fameros y la bola Powerball\",\"breadcrumb\":{\"@id\":\"https:\/\/lottohoy.com\/es\/jugar\/powerball-au\/#breadcrumb\"},\"inLanguage\":\"es\",\"potentialAction\":[{\"@type\":\"ReadAction\",\"target\":[\"https:\/\/lottohoy.com\/es\/jugar\/powerball-au\/\"]}]},{\"@type\":\"BreadcrumbList\",\"@id\":\"https:\/\/lottohoy.com\/es\/jugar\/powerball-au\/#breadcrumb\",\"itemListElement\":[{\"@type\":\"ListItem\",\"position\":1,\"name\":\"Home\",\"item\":\"https:\/\/lottohoy.com\/es\/\"},{\"@type\":\"ListItem\",\"position\":2,\"name\":\"Comprar loter\u00eda online\",\"item\":\"https:\/\/lottohoy.com\/es\/jugar\/\"},{\"@type\":\"ListItem\",\"position\":3,\"name\":\"Jugar Powerball AU\"}]},{\"@type\":\"WebSite\",\"@id\":\"https:\/\/lottohoy.com\/es\/#website\",\"url\":\"https:\/\/lottohoy.com\/es\/\",\"name\":\"Lottohoy\",\"description\":\"\",\"potentialAction\":[{\"@type\":\"SearchAction\",\"target\":{\"@type\":\"EntryPoint\",\"urlTemplate\":\"https:\/\/lottohoy.com\/es\/?s={search_term_string}\"},\"query-input\":{\"@type\":\"PropertyValueSpecification\",\"valueRequired\":true,\"valueName\":\"search_term_string\"}}],\"inLanguage\":\"es\"}]}<\/script>\n<!-- \/ Yoast SEO plugin. -->","yoast_head_json":{"title":"Jugar PowerBall AU , la loter\u00eda m\u00e1s importante de Australia","description":"Pasa a la acci\u00f3n y juega a Powerball AU sin salir de casa, la loter\u00eda con los premios m\u00e1s importantes de Australia. Selecciona 7 n\u00fameros y la bola Powerball","robots":{"index":"index","follow":"follow","max-snippet":"max-snippet:-1","max-image-preview":"max-image-preview:large","max-video-preview":"max-video-preview:-1"},"canonical":"https:\/\/lottohoy.com\/es\/jugar\/powerball-au\/","og_locale":"es_ES","og_type":"article","og_title":"Jugar PowerBall AU , la loter\u00eda m\u00e1s importante de Australia","og_description":"Pasa a la acci\u00f3n y juega a Powerball AU sin salir de casa, la loter\u00eda con los premios m\u00e1s importantes de Australia. Selecciona 7 n\u00fameros y la bola Powerball","og_url":"https:\/\/lottohoy.com\/es\/jugar\/powerball-au\/","og_site_name":"Lottohoy","article_modified_time":"2025-02-12T10:04:45+00:00","twitter_card":"summary_large_image","twitter_misc":{"Tiempo de lectura":"3 minutos"},"schema":{"@context":"https:\/\/schema.org","@graph":[{"@type":"WebPage","@id":"https:\/\/lottohoy.com\/es\/jugar\/powerball-au\/","url":"https:\/\/lottohoy.com\/es\/jugar\/powerball-au\/","name":"Jugar PowerBall AU , la loter\u00eda m\u00e1s importante de Australia","isPartOf":{"@id":"https:\/\/lottohoy.com\/es\/#website"},"datePublished":"2018-08-22T09:27:06+00:00","dateModified":"2025-02-12T10:04:45+00:00","description":"Pasa a la acci\u00f3n y juega a Powerball AU sin salir de casa, la loter\u00eda con los premios m\u00e1s importantes de Australia. Selecciona 7 n\u00fameros y la bola Powerball","breadcrumb":{"@id":"https:\/\/lottohoy.com\/es\/jugar\/powerball-au\/#breadcrumb"},"inLanguage":"es","potentialAction":[{"@type":"ReadAction","target":["https:\/\/lottohoy.com\/es\/jugar\/powerball-au\/"]}]},{"@type":"BreadcrumbList","@id":"https:\/\/lottohoy.com\/es\/jugar\/powerball-au\/#breadcrumb","itemListElement":[{"@type":"ListItem","position":1,"name":"Home","item":"https:\/\/lottohoy.com\/es\/"},{"@type":"ListItem","position":2,"name":"Comprar loter\u00eda online","item":"https:\/\/lottohoy.com\/es\/jugar\/"},{"@type":"ListItem","position":3,"name":"Jugar Powerball AU"}]},{"@type":"WebSite","@id":"https:\/\/lottohoy.com\/es\/#website","url":"https:\/\/lottohoy.com\/es\/","name":"Lottohoy","description":"","potentialAction":[{"@type":"SearchAction","target":{"@type":"EntryPoint","urlTemplate":"https:\/\/lottohoy.com\/es\/?s={search_term_string}"},"query-input":{"@type":"PropertyValueSpecification","valueRequired":true,"valueName":"search_term_string"}}],"inLanguage":"es"}]}},"_links":{"self":[{"href":"https:\/\/lottohoy.com\/es\/wp-json\/wp\/v2\/pages\/1635","targetHints":{"allow":["GET"]}}],"collection":[{"href":"https:\/\/lottohoy.com\/es\/wp-json\/wp\/v2\/pages"}],"about":[{"href":"https:\/\/lottohoy.com\/es\/wp-json\/wp\/v2\/types\/page"}],"author":[{"embeddable":true,"href":"https:\/\/lottohoy.com\/es\/wp-json\/wp\/v2\/users\/2"}],"replies":[{"embeddable":true,"href":"https:\/\/lottohoy.com\/es\/wp-json\/wp\/v2\/comments?post=1635"}],"version-history":[{"count":4,"href":"https:\/\/lottohoy.com\/es\/wp-json\/wp\/v2\/pages\/1635\/revisions"}],"predecessor-version":[{"id":14690,"href":"https:\/\/lottohoy.com\/es\/wp-json\/wp\/v2\/pages\/1635\/revisions\/14690"}],"up":[{"embeddable":true,"href":"https:\/\/lottohoy.com\/es\/wp-json\/wp\/v2\/pages\/184"}],"wp:attachment":[{"href":"https:\/\/lottohoy.com\/es\/wp-json\/wp\/v2\/media?parent=1635"}],"curies":[{"name":"wp","href":"https:\/\/api.w.org\/{rel}","templated":true}]}}