{"id":1621,"date":"2018-08-21T10:17:14","date_gmt":"2018-08-21T09:17:14","guid":{"rendered":"https:\/\/www.lottohoy.com\/?page_id=1621"},"modified":"2025-03-25T13:10:19","modified_gmt":"2025-03-25T13:10:19","slug":"la-primitiva","status":"publish","type":"page","link":"https:\/\/lottohoy.com\/es\/informacion\/la-primitiva\/","title":{"rendered":"Informaci\u00f3n de La Primitiva"},"content":{"rendered":"<p><!--more--><\/p>\n<p><span style=\"font-weight: 400;\">La Primitiva es un juego de loter\u00eda basado en pronosticar 6 n\u00fameros de entre 49 posibles.<\/span><\/p>\n<p><span style=\"font-weight: 400;\">El juego de la Primitiva se remonta a los inicios de la loter\u00eda en Espa\u00f1a en 1763, y su desarrollo ha tenido variaciones de manera que su reglamento se ha ido adaptando a las circunstancias de cada momento y a lo que la historia le ha pedido.<\/span><\/p>\n<h2><b>Normas de la Primitiva<\/b><\/h2>\n<p><span style=\"font-weight: 400;\">Las normas que regulan el juego de la Primitiva, son muy simples. El juego consiste en realizar un pron\u00f3stico de apuesta basado en la elecci\u00f3n de 6 n\u00fameros de una tabla que contiene 49 casillas numeradas del 1 al 49.<\/span><\/p>\n<p><span style=\"font-weight: 400;\">Se pueden realizar apuestas sencillas o m\u00faltiples. La a<\/span><span style=\"font-weight: 400;\">puesta sencilla consiste en jugar en cada una de las columnas que se desee, el pron\u00f3stico de 6 n\u00fameros. Tambi\u00e9n se puede realizar una apuesta m\u00faltiple utilizando exclusivamente la primera de las columnas previstas, y marcando sobre ella 7 o m\u00e1s n\u00fameros hasta un m\u00e1ximo de 11.<\/span><\/p>\n<ul>\n<li style=\"font-weight: 400;\"><span style=\"font-weight: 400;\">Una apuesta m\u00faltiple de 7 n\u00fameros de la primitiva equivale a 7 apuestas<\/span><\/li>\n<li style=\"font-weight: 400;\"><span style=\"font-weight: 400;\">Una apuesta m\u00faltiple de 8 n\u00fameros de la primitiva equivale a 28 apuestas<\/span><\/li>\n<li style=\"font-weight: 400;\"><span style=\"font-weight: 400;\">Una apuesta m\u00faltiple de 9 n\u00fameros de la primitiva equivale a 84 apuestas<\/span><\/li>\n<li style=\"font-weight: 400;\"><span style=\"font-weight: 400;\">Una apuesta m\u00faltiple de 10 n\u00fameros de la primitiva equivale a 210 apuestas<\/span><\/li>\n<li style=\"font-weight: 400;\"><span style=\"font-weight: 400;\">Una apuesta m\u00faltiple de 11 n\u00fameros de la primitiva equivale a 462 apuestas<\/span><\/li>\n<\/ul>\n<p><span style=\"font-weight: 400;\">Aparte de estas apuestas, tambi\u00e9n existe la posibilidad de jugar en un boleto oficial 5 n\u00fameros, siendo \u00e9sta una apuesta m\u00faltiple en la cual siempre el n\u00famero que falta est\u00e1 autom\u00e1ticamente acertado. <\/span><\/p>\n<p><span style=\"font-weight: 400;\">En este caso ser\u00eda el equivalente a realizar 44 apuestas<\/span><\/p>\n<h2><b>\u00bfQu\u00e9 es el reintegro de la Primitiva?<\/b><\/h2>\n<p><span style=\"font-weight: 400;\">El reintegro de la Primitiva es un n\u00famero asignado aleatoriamente por el sistema en el momento de validar la apuesta.<\/span><\/p>\n<p><span style=\"font-weight: 400;\">El premio consiste en un pago fijo equivalente al importe de una apuesta sencilla, para todos y cada uno de los boletos que contengan ese n\u00famero <\/span><\/p>\n<p><span style=\"font-weight: 400;\">que se extrae de manera independiente, y de un segundo bombo, con bolas numeradas del 0 al 9 en el mismo sorteo de la Primitiva.<\/span><\/p>\n<h2><b>Ventajas de jugar la Primitiva online<\/b><\/h2>\n<p><span style=\"font-weight: 400;\">Los nuevos h\u00e1bitos, y las tendencias del mercado, hacen que cada d\u00eda se incremente m\u00e1s la participaci\u00f3n de jugadores online de loter\u00edas.<\/span><\/p>\n<p><span style=\"font-weight: 400;\">Hoy en d\u00eda, y desde la comodidad del propio hogar, lugar de trabajo o de ocio, con una simple conexi\u00f3n a internet, se tiene acceso inmediato a realizar las apuestas de todas las loter\u00edas y, por supuesto, tambi\u00e9n de la Primitiva.<\/span><\/p>\n<p><span style=\"font-weight: 400;\">Las ventajas de <a href=\"https:\/\/lottohoy.com\/es\/jugar\/la-primitiva\/\">jugar la primitiva online<\/a> son muchas: <\/span><\/p>\n<ul>\n<li style=\"font-weight: 400;\"><span style=\"font-weight: 400;\">Es una forma sencilla, r\u00e1pida, c\u00f3moda y sin colas de ir en busca de botes millonarios.<\/span><\/li>\n<li style=\"font-weight: 400;\"><span style=\"font-weight: 400;\">Disponer de una cuenta de usuario en una plataforma de loter\u00eda online, significa tambi\u00e9n de disponer de una informaci\u00f3n constante sobre todos los sorteos, los botes que se acumulan, los premios que se consiguen. <\/span><\/li>\n<li style=\"font-weight: 400;\"><span style=\"font-weight: 400;\">Es un m\u00e9todo seguro y fiable de todas las transacciones bancarias.<\/span><\/li>\n<li style=\"font-weight: 400;\"><span style=\"font-weight: 400;\">Como usuario registrado, nunca se pierde o extrav\u00eda ning\u00fan boleto, siempre se est\u00e1 puntualmente informado de toda la operativa que se ha realizado: las compras, los pagos, los cobros, etc.<\/span><\/li>\n<li style=\"font-weight: 400;\"><span style=\"font-weight: 400;\">Cuando un usuario registrado gana un premio, autom\u00e1ticamente el importe de dicho premio es ingresado en su cuenta de usuario.<\/span><\/li>\n<\/ul>\n<h2><b>Bote de la Primitiva<\/b><\/h2>\n<p><span style=\"font-weight: 400;\">El premio de categor\u00eda especial, tambi\u00e9n conocido como bote, siempre parte de un m\u00ednimo garantizado de 2.000.000\u20ac.<\/span><\/p>\n<p><span style=\"font-weight: 400;\">En el caso de que en un sorteo no haya acertante alguno de la m\u00e1xima categor\u00eda, el importe se acumula para el sorteo siguiente en esa misma categor\u00eda, y as\u00ed sucesivamente hasta completar el pago.<\/span><\/p>\n<p><span style=\"font-weight: 400;\">El primer bote pagado en la historia de la Primitiva, lleg\u00f3 a acumular la cantidad de 62 millones de pesetas (poco m\u00e1s de 372.000 \u20ac)<\/span><\/p>\n<p><span style=\"font-weight: 400;\">Y el mayor bote pagado hasta la fecha fue de 101.724.559,10 \u20ac que se llev\u00f3 un \u00fanico acertante en Barcelona, el 15 de octubre de 2015<br \/>\n<\/span><\/p>\n<h2><b>El Joker de la Primitiva<\/b><\/h2>\n<p><span style=\"font-weight: 400;\">El \u201cjoker\u201d, es un juego optativo asociado a la Primitiva y disponible desde 2012.<\/span><\/p>\n<p><span style=\"font-weight: 400;\">Cuando se juega el boleto f\u00edsico, si se desea jugar tambi\u00e9n al Joker, simplemente bastar\u00e1 con marcar la casilla correspondiente. Autom\u00e1ticamente y de manera aleatoria, el sistema asigna al boleto de la Primitiva una combinaci\u00f3n de 7 d\u00edgitos que van del 0.000.000 al 9.999.999 ambos inclusive. Ese n\u00famero es \u00fanico, por lo que no cabe la posibilidad de que haya m\u00e1s de un ganador de primera categor\u00eda.<\/span><\/p>\n<h3><b>El sorteo del Joker<\/b><\/h3>\n<p><span style=\"font-weight: 400;\">El sorteo se realiza por extracci\u00f3n de siete bolas de un bombo distinto al que se utiliza para el sorteo de la primitiva, y dicho bombo contiene 10 bolas numeradas del 0 al 9. Despu\u00e9s de cada extracci\u00f3n la bola se vuelve a introducir en el bombo, pudiendo darse la circunstancia que la misma bola pueda salir en m\u00e1s de una ocasi\u00f3n.<\/span><\/p>\n<h3><b>Premios del Joker<\/b><\/h3>\n<p><span style=\"font-weight: 400;\">Para obtener alg\u00fan premio los n\u00fameros deben coincidir con el mismo orden que los extra\u00eddos en el sorteo.<\/span><span style=\"font-weight: 400;\">Hay 6 categor\u00edas de premios, con una asignaci\u00f3n fija para cada categor\u00eda.<\/span><\/p>\n<table style=\"width: 308px;\">\n<tbody>\n<tr>\n<td style=\"width: 101px; text-align: center;\"><span style=\"color: #993366;\"><b>Categor\u00edas<\/b><\/span><\/td>\n<td style=\"width: 62px; text-align: center;\"><span style=\"color: #993366;\"><b>Aciertos<\/b><\/span><\/td>\n<td style=\"width: 135px; text-align: center;\"><span style=\"color: #993366;\"><b>Premios<\/b><\/span><\/td>\n<\/tr>\n<tr>\n<td style=\"width: 101px; text-align: center;\"><span style=\"font-weight: 400;\">1<\/span><span style=\"font-weight: 400;\">a<\/span><\/td>\n<td style=\"width: 62px; text-align: center;\"><span style=\"font-weight: 400;\">7<\/span><\/td>\n<td style=\"width: 135px; text-align: right;\"><span style=\"font-weight: 400;\">1.000.000 \u20ac<\/span><\/td>\n<\/tr>\n<tr>\n<td style=\"width: 101px; text-align: center;\"><span style=\"font-weight: 400;\">2<\/span><span style=\"font-weight: 400;\">a<\/span><\/td>\n<td style=\"width: 62px; text-align: center;\"><span style=\"font-weight: 400;\">6<\/span><\/td>\n<td style=\"width: 135px; text-align: right;\"><span style=\"font-weight: 400;\">100.000 \u20ac<\/span><\/td>\n<\/tr>\n<tr>\n<td style=\"width: 101px; text-align: center;\"><span style=\"font-weight: 400;\">3<\/span><span style=\"font-weight: 400;\">a<\/span><\/td>\n<td style=\"width: 62px; text-align: center;\"><span style=\"font-weight: 400;\">5<\/span><\/td>\n<td style=\"width: 135px; text-align: right;\"><span style=\"font-weight: 400;\">10.000 \u20ac<\/span><\/td>\n<\/tr>\n<tr>\n<td style=\"width: 101px; text-align: center;\"><span style=\"font-weight: 400;\">4<\/span><span style=\"font-weight: 400;\">a<\/span><\/td>\n<td style=\"width: 62px; text-align: center;\"><span style=\"font-weight: 400;\">4<\/span><\/td>\n<td style=\"width: 135px; text-align: right;\"><span style=\"font-weight: 400;\">1.000 \u20ac<\/span><\/td>\n<\/tr>\n<tr>\n<td style=\"width: 101px; text-align: center;\"><span style=\"font-weight: 400;\">5<\/span><span style=\"font-weight: 400;\">a<\/span><\/td>\n<td style=\"width: 62px; text-align: center;\"><span style=\"font-weight: 400;\">3<\/span><\/td>\n<td style=\"width: 135px; text-align: right;\"><span style=\"font-weight: 400;\">100 \u20ac<\/span><\/td>\n<\/tr>\n<tr>\n<td style=\"width: 101px; text-align: center;\"><span style=\"font-weight: 400;\">6<\/span><span style=\"font-weight: 400;\">a<\/span><\/td>\n<td style=\"width: 62px; text-align: center;\"><span style=\"font-weight: 400;\">2<\/span><\/td>\n<td style=\"width: 135px; text-align: right;\"><span style=\"font-weight: 400;\">10 \u20ac<\/span><\/td>\n<\/tr>\n<\/tbody>\n<\/table>\n<h2><strong>Probabilidades de ganar en la Primitiva<\/strong><\/h2>\n<p><!--more--><\/p>\n","protected":false},"excerpt":{"rendered":"","protected":false},"author":2,"featured_media":0,"parent":166,"menu_order":6,"comment_status":"closed","ping_status":"closed","template":"la-primitiva-info.php","meta":{"_et_pb_use_builder":"","_et_pb_old_content":"","_et_gb_content_width":"","exclude_from_search":false,"footnotes":""},"class_list":["post-1621","page","type-page","status-publish","hentry"],"yoast_head":"<!-- This site is optimized with the Yoast SEO plugin v23.7 - https:\/\/yoast.com\/wordpress\/plugins\/seo\/ -->\n<title>Pron\u00f3stico N\u00fameros de la Primitiva - Todos los Premios<\/title>\n<meta name=\"description\" content=\"Informaci\u00f3n del juego, pron\u00f3sticos de la Primitiva. Consiste en realizar un pron\u00f3stico basado en la elecci\u00f3n de 6 n\u00fameros de un total de 49.\" \/>\n<meta name=\"robots\" content=\"index, follow, max-snippet:-1, max-image-preview:large, max-video-preview:-1\" \/>\n<link rel=\"canonical\" href=\"https:\/\/lottohoy.com\/es\/informacion\/la-primitiva\/\" \/>\n<meta property=\"og:locale\" content=\"es_ES\" \/>\n<meta property=\"og:type\" content=\"article\" \/>\n<meta property=\"og:title\" content=\"Pron\u00f3stico N\u00fameros de la Primitiva - Todos los Premios\" \/>\n<meta property=\"og:description\" content=\"Informaci\u00f3n del juego, pron\u00f3sticos de la Primitiva. Consiste en realizar un pron\u00f3stico basado en la elecci\u00f3n de 6 n\u00fameros de un total de 49.\" \/>\n<meta property=\"og:url\" content=\"https:\/\/lottohoy.com\/es\/informacion\/la-primitiva\/\" \/>\n<meta property=\"og:site_name\" content=\"Lottohoy\" \/>\n<meta property=\"article:modified_time\" content=\"2025-03-25T13:10:19+00:00\" \/>\n<meta name=\"twitter:card\" content=\"summary_large_image\" \/>\n<meta name=\"twitter:label1\" content=\"Tiempo de lectura\" \/>\n\t<meta name=\"twitter:data1\" content=\"4 minutos\" \/>\n<script type=\"application\/ld+json\" class=\"yoast-schema-graph\">{\"@context\":\"https:\/\/schema.org\",\"@graph\":[{\"@type\":\"WebPage\",\"@id\":\"https:\/\/lottohoy.com\/es\/informacion\/la-primitiva\/\",\"url\":\"https:\/\/lottohoy.com\/es\/informacion\/la-primitiva\/\",\"name\":\"Pron\u00f3stico N\u00fameros de la Primitiva - Todos los Premios\",\"isPartOf\":{\"@id\":\"https:\/\/lottohoy.com\/es\/#website\"},\"datePublished\":\"2018-08-21T09:17:14+00:00\",\"dateModified\":\"2025-03-25T13:10:19+00:00\",\"description\":\"Informaci\u00f3n del juego, pron\u00f3sticos de la Primitiva. Consiste en realizar un pron\u00f3stico basado en la elecci\u00f3n de 6 n\u00fameros de un total de 49.\",\"breadcrumb\":{\"@id\":\"https:\/\/lottohoy.com\/es\/informacion\/la-primitiva\/#breadcrumb\"},\"inLanguage\":\"es\",\"potentialAction\":[{\"@type\":\"ReadAction\",\"target\":[\"https:\/\/lottohoy.com\/es\/informacion\/la-primitiva\/\"]}]},{\"@type\":\"BreadcrumbList\",\"@id\":\"https:\/\/lottohoy.com\/es\/informacion\/la-primitiva\/#breadcrumb\",\"itemListElement\":[{\"@type\":\"ListItem\",\"position\":1,\"name\":\"Home\",\"item\":\"https:\/\/lottohoy.com\/es\/\"},{\"@type\":\"ListItem\",\"position\":2,\"name\":\"Todo sobre la loter\u00eda online\",\"item\":\"https:\/\/lottohoy.com\/es\/informacion\/\"},{\"@type\":\"ListItem\",\"position\":3,\"name\":\"Informaci\u00f3n de La Primitiva\"}]},{\"@type\":\"WebSite\",\"@id\":\"https:\/\/lottohoy.com\/es\/#website\",\"url\":\"https:\/\/lottohoy.com\/es\/\",\"name\":\"Lottohoy\",\"description\":\"\",\"potentialAction\":[{\"@type\":\"SearchAction\",\"target\":{\"@type\":\"EntryPoint\",\"urlTemplate\":\"https:\/\/lottohoy.com\/es\/?s={search_term_string}\"},\"query-input\":{\"@type\":\"PropertyValueSpecification\",\"valueRequired\":true,\"valueName\":\"search_term_string\"}}],\"inLanguage\":\"es\"}]}<\/script>\n<!-- \/ Yoast SEO plugin. -->","yoast_head_json":{"title":"Pron\u00f3stico N\u00fameros de la Primitiva - Todos los Premios","description":"Informaci\u00f3n del juego, pron\u00f3sticos de la Primitiva. Consiste en realizar un pron\u00f3stico basado en la elecci\u00f3n de 6 n\u00fameros de un total de 49.","robots":{"index":"index","follow":"follow","max-snippet":"max-snippet:-1","max-image-preview":"max-image-preview:large","max-video-preview":"max-video-preview:-1"},"canonical":"https:\/\/lottohoy.com\/es\/informacion\/la-primitiva\/","og_locale":"es_ES","og_type":"article","og_title":"Pron\u00f3stico N\u00fameros de la Primitiva - Todos los Premios","og_description":"Informaci\u00f3n del juego, pron\u00f3sticos de la Primitiva. Consiste en realizar un pron\u00f3stico basado en la elecci\u00f3n de 6 n\u00fameros de un total de 49.","og_url":"https:\/\/lottohoy.com\/es\/informacion\/la-primitiva\/","og_site_name":"Lottohoy","article_modified_time":"2025-03-25T13:10:19+00:00","twitter_card":"summary_large_image","twitter_misc":{"Tiempo de lectura":"4 minutos"},"schema":{"@context":"https:\/\/schema.org","@graph":[{"@type":"WebPage","@id":"https:\/\/lottohoy.com\/es\/informacion\/la-primitiva\/","url":"https:\/\/lottohoy.com\/es\/informacion\/la-primitiva\/","name":"Pron\u00f3stico N\u00fameros de la Primitiva - Todos los Premios","isPartOf":{"@id":"https:\/\/lottohoy.com\/es\/#website"},"datePublished":"2018-08-21T09:17:14+00:00","dateModified":"2025-03-25T13:10:19+00:00","description":"Informaci\u00f3n del juego, pron\u00f3sticos de la Primitiva. Consiste en realizar un pron\u00f3stico basado en la elecci\u00f3n de 6 n\u00fameros de un total de 49.","breadcrumb":{"@id":"https:\/\/lottohoy.com\/es\/informacion\/la-primitiva\/#breadcrumb"},"inLanguage":"es","potentialAction":[{"@type":"ReadAction","target":["https:\/\/lottohoy.com\/es\/informacion\/la-primitiva\/"]}]},{"@type":"BreadcrumbList","@id":"https:\/\/lottohoy.com\/es\/informacion\/la-primitiva\/#breadcrumb","itemListElement":[{"@type":"ListItem","position":1,"name":"Home","item":"https:\/\/lottohoy.com\/es\/"},{"@type":"ListItem","position":2,"name":"Todo sobre la loter\u00eda online","item":"https:\/\/lottohoy.com\/es\/informacion\/"},{"@type":"ListItem","position":3,"name":"Informaci\u00f3n de La Primitiva"}]},{"@type":"WebSite","@id":"https:\/\/lottohoy.com\/es\/#website","url":"https:\/\/lottohoy.com\/es\/","name":"Lottohoy","description":"","potentialAction":[{"@type":"SearchAction","target":{"@type":"EntryPoint","urlTemplate":"https:\/\/lottohoy.com\/es\/?s={search_term_string}"},"query-input":{"@type":"PropertyValueSpecification","valueRequired":true,"valueName":"search_term_string"}}],"inLanguage":"es"}]}},"_links":{"self":[{"href":"https:\/\/lottohoy.com\/es\/wp-json\/wp\/v2\/pages\/1621","targetHints":{"allow":["GET"]}}],"collection":[{"href":"https:\/\/lottohoy.com\/es\/wp-json\/wp\/v2\/pages"}],"about":[{"href":"https:\/\/lottohoy.com\/es\/wp-json\/wp\/v2\/types\/page"}],"author":[{"embeddable":true,"href":"https:\/\/lottohoy.com\/es\/wp-json\/wp\/v2\/users\/2"}],"replies":[{"embeddable":true,"href":"https:\/\/lottohoy.com\/es\/wp-json\/wp\/v2\/comments?post=1621"}],"version-history":[{"count":2,"href":"https:\/\/lottohoy.com\/es\/wp-json\/wp\/v2\/pages\/1621\/revisions"}],"predecessor-version":[{"id":16832,"href":"https:\/\/lottohoy.com\/es\/wp-json\/wp\/v2\/pages\/1621\/revisions\/16832"}],"up":[{"embeddable":true,"href":"https:\/\/lottohoy.com\/es\/wp-json\/wp\/v2\/pages\/166"}],"wp:attachment":[{"href":"https:\/\/lottohoy.com\/es\/wp-json\/wp\/v2\/media?parent=1621"}],"curies":[{"name":"wp","href":"https:\/\/api.w.org\/{rel}","templated":true}]}}