{"id":1616,"date":"2018-08-21T10:11:29","date_gmt":"2018-08-21T09:11:29","guid":{"rendered":"https:\/\/www.lottohoy.com\/?page_id=1616"},"modified":"2025-03-26T04:42:45","modified_gmt":"2025-03-26T04:42:45","slug":"la-primitiva","status":"publish","type":"page","link":"https:\/\/lottohoy.com\/es\/resultados\/la-primitiva\/","title":{"rendered":"Resultados La Primitiva"},"content":{"rendered":"<p><!--more--><\/p>\n<p><span style=\"font-weight: 400;\">Mediante esta p\u00e1gina se muestran un desglose detallado de los resultados de los sorteos de la loter\u00eda Primitiva, el bote estimado para este \u00faltimo sorteo, y otros detalles de inter\u00e9s.<\/span><\/p>\n<p>&nbsp;<\/p>\n<h2><b>Resultados de hoy de la Primitiva<\/b><\/h2>\n<p><span style=\"font-weight: 400;\">En este recuadro se muestran los resultados del \u00faltimo sorteo y la distribuci\u00f3n de premios para cada una de las siete categor\u00edas.<\/span><\/p>\n<p><span style=\"font-weight: 400;\">El n\u00famero estimado de ganadores por categor\u00eda y el importe a distribuir entre ellos.<\/span><\/p>\n<p>&nbsp;<\/p>\n<h2><b>Todos los resultados de la Primitiva<\/b><\/h2>\n<p><span style=\"font-weight: 400;\">Adem\u00e1s de los resultados del \u00faltimo sorteo celebrado, en esta p\u00e1gina tambi\u00e9n se puede conocer los resultados de todos los sorteos celebrados durante los \u00faltimos 24 meses.<\/span><\/p>\n<p><span style=\"font-weight: 400;\">A la derecha de la combinaci\u00f3n ganadora en el \u00faltimo sorteo, aparecen unos recuadros en color gris con unas flechas de direcci\u00f3n que permitir\u00e1 recorrer las fechas de anteriores sorteos.<\/span><\/p>\n","protected":false},"excerpt":{"rendered":"","protected":false},"author":2,"featured_media":0,"parent":174,"menu_order":6,"comment_status":"closed","ping_status":"closed","template":"la-primitiva-results.php","meta":{"_et_pb_use_builder":"","_et_pb_old_content":"","_et_gb_content_width":"","exclude_from_search":false,"footnotes":""},"class_list":["post-1616","page","type-page","status-publish","hentry"],"yoast_head":"<!-- This site is optimized with the Yoast SEO plugin v23.7 - https:\/\/yoast.com\/wordpress\/plugins\/seo\/ -->\n<title>Resultados de La Primitiva - Comprueba si has ganado<\/title>\n<meta name=\"description\" content=\"En esta p\u00e1gina se muestran los resultados de los sorteos de la loter\u00eda Primitiva, el bote estimado para este \u00faltimo sorteo, y otros detalles de inter\u00e9s.\" \/>\n<meta name=\"robots\" content=\"index, follow, max-snippet:-1, max-image-preview:large, max-video-preview:-1\" \/>\n<link rel=\"canonical\" href=\"https:\/\/lottohoy.com\/es\/resultados\/la-primitiva\/\" \/>\n<meta property=\"og:locale\" content=\"es_ES\" \/>\n<meta property=\"og:type\" content=\"article\" \/>\n<meta property=\"og:title\" content=\"Resultados de La Primitiva - Comprueba si has ganado\" \/>\n<meta property=\"og:description\" content=\"En esta p\u00e1gina se muestran los resultados de los sorteos de la loter\u00eda Primitiva, el bote estimado para este \u00faltimo sorteo, y otros detalles de inter\u00e9s.\" \/>\n<meta property=\"og:url\" content=\"https:\/\/lottohoy.com\/es\/resultados\/la-primitiva\/\" \/>\n<meta property=\"og:site_name\" content=\"Lottohoy\" \/>\n<meta property=\"article:modified_time\" content=\"2025-03-26T04:42:45+00:00\" \/>\n<meta name=\"twitter:card\" content=\"summary_large_image\" \/>\n<meta name=\"twitter:label1\" content=\"Tiempo de lectura\" \/>\n\t<meta name=\"twitter:data1\" content=\"1 minuto\" \/>\n<script type=\"application\/ld+json\" class=\"yoast-schema-graph\">{\"@context\":\"https:\/\/schema.org\",\"@graph\":[{\"@type\":\"WebPage\",\"@id\":\"https:\/\/lottohoy.com\/es\/resultados\/la-primitiva\/\",\"url\":\"https:\/\/lottohoy.com\/es\/resultados\/la-primitiva\/\",\"name\":\"Resultados de La Primitiva - Comprueba si has ganado\",\"isPartOf\":{\"@id\":\"https:\/\/lottohoy.com\/es\/#website\"},\"datePublished\":\"2018-08-21T09:11:29+00:00\",\"dateModified\":\"2025-03-26T04:42:45+00:00\",\"description\":\"En esta p\u00e1gina se muestran los resultados de los sorteos de la loter\u00eda Primitiva, el bote estimado para este \u00faltimo sorteo, y otros detalles de inter\u00e9s.\",\"breadcrumb\":{\"@id\":\"https:\/\/lottohoy.com\/es\/resultados\/la-primitiva\/#breadcrumb\"},\"inLanguage\":\"es\",\"potentialAction\":[{\"@type\":\"ReadAction\",\"target\":[\"https:\/\/lottohoy.com\/es\/resultados\/la-primitiva\/\"]}]},{\"@type\":\"BreadcrumbList\",\"@id\":\"https:\/\/lottohoy.com\/es\/resultados\/la-primitiva\/#breadcrumb\",\"itemListElement\":[{\"@type\":\"ListItem\",\"position\":1,\"name\":\"Home\",\"item\":\"https:\/\/lottohoy.com\/es\/\"},{\"@type\":\"ListItem\",\"position\":2,\"name\":\"Resultados de loter\u00eda\",\"item\":\"https:\/\/lottohoy.com\/es\/resultados\/\"},{\"@type\":\"ListItem\",\"position\":3,\"name\":\"Resultados La Primitiva\"}]},{\"@type\":\"WebSite\",\"@id\":\"https:\/\/lottohoy.com\/es\/#website\",\"url\":\"https:\/\/lottohoy.com\/es\/\",\"name\":\"Lottohoy\",\"description\":\"\",\"potentialAction\":[{\"@type\":\"SearchAction\",\"target\":{\"@type\":\"EntryPoint\",\"urlTemplate\":\"https:\/\/lottohoy.com\/es\/?s={search_term_string}\"},\"query-input\":{\"@type\":\"PropertyValueSpecification\",\"valueRequired\":true,\"valueName\":\"search_term_string\"}}],\"inLanguage\":\"es\"}]}<\/script>\n<!-- \/ Yoast SEO plugin. -->","yoast_head_json":{"title":"Resultados de La Primitiva - Comprueba si has ganado","description":"En esta p\u00e1gina se muestran los resultados de los sorteos de la loter\u00eda Primitiva, el bote estimado para este \u00faltimo sorteo, y otros detalles de inter\u00e9s.","robots":{"index":"index","follow":"follow","max-snippet":"max-snippet:-1","max-image-preview":"max-image-preview:large","max-video-preview":"max-video-preview:-1"},"canonical":"https:\/\/lottohoy.com\/es\/resultados\/la-primitiva\/","og_locale":"es_ES","og_type":"article","og_title":"Resultados de La Primitiva - Comprueba si has ganado","og_description":"En esta p\u00e1gina se muestran los resultados de los sorteos de la loter\u00eda Primitiva, el bote estimado para este \u00faltimo sorteo, y otros detalles de inter\u00e9s.","og_url":"https:\/\/lottohoy.com\/es\/resultados\/la-primitiva\/","og_site_name":"Lottohoy","article_modified_time":"2025-03-26T04:42:45+00:00","twitter_card":"summary_large_image","twitter_misc":{"Tiempo de lectura":"1 minuto"},"schema":{"@context":"https:\/\/schema.org","@graph":[{"@type":"WebPage","@id":"https:\/\/lottohoy.com\/es\/resultados\/la-primitiva\/","url":"https:\/\/lottohoy.com\/es\/resultados\/la-primitiva\/","name":"Resultados de La Primitiva - Comprueba si has ganado","isPartOf":{"@id":"https:\/\/lottohoy.com\/es\/#website"},"datePublished":"2018-08-21T09:11:29+00:00","dateModified":"2025-03-26T04:42:45+00:00","description":"En esta p\u00e1gina se muestran los resultados de los sorteos de la loter\u00eda Primitiva, el bote estimado para este \u00faltimo sorteo, y otros detalles de inter\u00e9s.","breadcrumb":{"@id":"https:\/\/lottohoy.com\/es\/resultados\/la-primitiva\/#breadcrumb"},"inLanguage":"es","potentialAction":[{"@type":"ReadAction","target":["https:\/\/lottohoy.com\/es\/resultados\/la-primitiva\/"]}]},{"@type":"BreadcrumbList","@id":"https:\/\/lottohoy.com\/es\/resultados\/la-primitiva\/#breadcrumb","itemListElement":[{"@type":"ListItem","position":1,"name":"Home","item":"https:\/\/lottohoy.com\/es\/"},{"@type":"ListItem","position":2,"name":"Resultados de loter\u00eda","item":"https:\/\/lottohoy.com\/es\/resultados\/"},{"@type":"ListItem","position":3,"name":"Resultados La Primitiva"}]},{"@type":"WebSite","@id":"https:\/\/lottohoy.com\/es\/#website","url":"https:\/\/lottohoy.com\/es\/","name":"Lottohoy","description":"","potentialAction":[{"@type":"SearchAction","target":{"@type":"EntryPoint","urlTemplate":"https:\/\/lottohoy.com\/es\/?s={search_term_string}"},"query-input":{"@type":"PropertyValueSpecification","valueRequired":true,"valueName":"search_term_string"}}],"inLanguage":"es"}]}},"_links":{"self":[{"href":"https:\/\/lottohoy.com\/es\/wp-json\/wp\/v2\/pages\/1616","targetHints":{"allow":["GET"]}}],"collection":[{"href":"https:\/\/lottohoy.com\/es\/wp-json\/wp\/v2\/pages"}],"about":[{"href":"https:\/\/lottohoy.com\/es\/wp-json\/wp\/v2\/types\/page"}],"author":[{"embeddable":true,"href":"https:\/\/lottohoy.com\/es\/wp-json\/wp\/v2\/users\/2"}],"replies":[{"embeddable":true,"href":"https:\/\/lottohoy.com\/es\/wp-json\/wp\/v2\/comments?post=1616"}],"version-history":[{"count":2,"href":"https:\/\/lottohoy.com\/es\/wp-json\/wp\/v2\/pages\/1616\/revisions"}],"predecessor-version":[{"id":16963,"href":"https:\/\/lottohoy.com\/es\/wp-json\/wp\/v2\/pages\/1616\/revisions\/16963"}],"up":[{"embeddable":true,"href":"https:\/\/lottohoy.com\/es\/wp-json\/wp\/v2\/pages\/174"}],"wp:attachment":[{"href":"https:\/\/lottohoy.com\/es\/wp-json\/wp\/v2\/media?parent=1616"}],"curies":[{"name":"wp","href":"https:\/\/api.w.org\/{rel}","templated":true}]}}