{"id":1614,"date":"2018-08-21T10:08:33","date_gmt":"2018-08-21T09:08:33","guid":{"rendered":"https:\/\/www.lottohoy.com\/?page_id=1614"},"modified":"2025-03-25T09:43:15","modified_gmt":"2025-03-25T09:43:15","slug":"la-primitiva","status":"publish","type":"page","link":"https:\/\/lottohoy.com\/es\/jugar\/la-primitiva\/","title":{"rendered":"Jugar a La Primitiva"},"content":{"rendered":"<p><!--more--> <span style=\"font-weight: 400;\">Lo que hoy conocemos como \u201cLa primitiva\u201d, es el juego de loter\u00eda m\u00e1s antiguo de Espa\u00f1a. Desde su creaci\u00f3n en 1763 su desarrollo era muy similar al sistema actual, debiendo escogerse 4 n\u00fameros de un total de 90, por ese motivo fue conocida como la \u201cLoter\u00eda por n\u00fameros\u201d.<\/span> <span style=\"font-weight: 400;\">Esta loter\u00eda pas\u00f3 a llamarse definitivamente La Primitiva, como consecuencia de la creaci\u00f3n de una nueva loter\u00eda que se comercializaba mediante billetes que llevaban impreso un n\u00famero con el que se participaba en los sorteos. Lo que hoy conocemos como Loter\u00eda Nacional.<\/span> <span style=\"font-weight: 400;\">En 1862, el gobierno de la \u00e9poca decidi\u00f3 suprimir el sorteo de la primitiva para dar un mayor realce a la loter\u00eda por n\u00fameros, ya que estaba teniendo una gran aceptaci\u00f3n; y no ser\u00eda hasta pasar algo m\u00e1s de un siglo, en 1985 cuando vuelve a resurgir la loter\u00eda primitiva de la mano de <\/span><b>Loter\u00edas y Apuesta del Estado (LAE)<\/b><span style=\"font-weight: 400;\">, que es el organismo responsable de las loter\u00edas en Espa\u00f1a.<\/span><\/p>\n<h2><b>Variaciones en el reglamento hasta la fecha<\/b><\/h2>\n<ul>\n<li style=\"font-weight: 400;\"><span style=\"font-weight: 400;\">Pas\u00f3 de un sorteo semanal a dos sorteos (<\/span><i><span style=\"font-weight: 400;\">jueves y s\u00e1bados, desde mayo de 1990<\/span><\/i><span style=\"font-weight: 400;\">)<\/span><\/li>\n<li style=\"font-weight: 400;\"><span style=\"font-weight: 400;\">El precio inicial de 25 Ptas. (aproximadamente 0,15 \u20ac) se ha ido incrementando poco a poco, hasta su precio actual.<\/span><\/li>\n<li style=\"font-weight: 400;\"><span style=\"font-weight: 400;\">En 1991 se incorpor\u00f3 al juego, una bola extra \u201c<\/span><b>el reintegro<\/b><span style=\"font-weight: 400;\">\u201d.<\/span><\/li>\n<li style=\"font-weight: 400;\"><span style=\"font-weight: 400;\">En 2012 se a\u00f1adi\u00f3 una posibilidad m\u00e1s de jugar en el sorteo de la primitiva con una sorteo opcional y asociado al mismo boleto de la primitiva, el \u201c<\/span><b>Jocker<\/b><span style=\"font-weight: 400;\">\u201d.<\/span><\/li>\n<li style=\"font-weight: 400;\"><span style=\"font-weight: 400;\">Coincidiendo con esa fecha, se determina en el reglamento, que solo optaran al bote aquellos boletos que adem\u00e1s de acertar la combinaci\u00f3n de las 6 bolas, acertasen tambi\u00e9n la bola extra del reintegro.<\/span><\/li>\n<\/ul>\n<h2><strong>\u00bfC\u00f3mo se juega a la Primitiva?<\/strong><\/h2>\n<p><span style=\"font-weight: 400;\">Para jugar a la primitiva \u00fanicamente se deben elegir 6 n\u00fameros de una columna compuesta por un total de 49 (numerados del 1 al 49). El precio de la apuesta sencilla es de 2 Euros.<\/span> <span style=\"font-weight: 400;\">Existen varias modalidades de realizar apuestas: Apuesta sencilla, m\u00faltiple y reducida<\/span><\/p>\n<ul>\n<li style=\"font-weight: 400;\"><b>Apuesta sencilla: <\/b><span style=\"font-weight: 400;\">Se utilizan tantas columnas de juego como se desee con un m\u00ednimo de 1 y un m\u00e1ximo de 8 columnas. Jugando online se pueden apostar tantas columnas como el jugador deseee.<\/span><\/li>\n<li style=\"font-weight: 400;\"><b>Apuesta m\u00faltiple: <\/b><span style=\"font-weight: 400;\">En este caso se utilizar\u00e1 \u00fanicamente la primera columna del boleto, y se podr\u00e1n marcar desde 7 n\u00fameros hasta 11. <\/span>Cuantas m\u00e1s casillas de n\u00fameros se marquen, mayor ser\u00e1 el n\u00famero de apuestas en las que se participa.<\/li>\n<\/ul>\n<ul>\n<li style=\"font-weight: 400;\"><b>Apuesta reducida:<\/b> <span style=\"font-weight: 400;\">Esta apuesta viene prevista por el propio sistema, y por lo general se utiliza exclusivamente en el boleto f\u00edsico.<\/span><\/li>\n<\/ul>\n<h3><b>\u00bfC\u00f3mo funciona el sorteo de la Primitiva?<\/b><\/h3>\n<p><span style=\"font-weight: 400;\">El sorteo se realiza utilizando dos bombos. En uno de ellos est\u00e1n contenidas las 49 bolas numeradas de entre las que se extraer\u00e1n los 6 n\u00fameros para la combinaci\u00f3n ganadora, m\u00e1s una s\u00e9ptima bola que se denominar\u00e1 \u201cel complementario\u201d.<\/span> <span style=\"font-weight: 400;\">Este n\u00famero complementario no se marca en el boleto, y como su nombre indica sirve para complementar aquellas apuestas que acierten 5 de los 6 n\u00fameros de la combinaci\u00f3n ganadora. Premio a la segunda categor\u00eda de 5 n\u00fameros m\u00e1s el complementario.<\/span> <span style=\"font-weight: 400;\">Del segundo bombo se extrae la bola del reintegro. As\u00ed este n\u00famero del reintegro sirve para premiar exclusivamente a aquellos jugadores que acierten este n\u00famero, recibiendo como premio el importe de la apuesta sencilla.<\/span><\/p>\n<h2><b>\u00bfQu\u00e9 d\u00edas se juega La Primitiva?<\/b><\/h2>\n<p><span style=\"font-weight: 400;\">La Primitiva se celebra dos veces por semana, los jueves y los s\u00e1bados.\u00a0<\/span><span style=\"font-weight: 400;\">El sorteo se realiza a las 21:40 h. de Espa\u00f1a, en un acto p\u00fablico en el sal\u00f3n de sorteos de Loter\u00edas y Apuestas del Estado (LAE) en Madrid.<\/span> <span style=\"font-weight: 400;\">El reglamento de la Primitiva prev\u00e9 la posibilidad de alterar el lugar, el d\u00eda y la hora de la celebraci\u00f3n de alg\u00fan sorteo o una modificaci\u00f3n de fechas.<\/span><\/p>\n<h2><b>\u00bfCu\u00e1nto cuesta la Primitiva?<\/b><\/h2>\n<p><span style=\"font-weight: 400;\">En LottoHoy puedes jugar a la Primitiva desde un precio de 2,50 \u20ac por columna.<\/span> <span style=\"font-weight: 400;\">Aunque oficialmente solo pueden acceder a este juego los residentes en Espa\u00f1a, hoy en d\u00eda y a trav\u00e9s de plataformas online, se puede acceder a la compra de boletos y consultar los <a href=\"https:\/\/lottohoy.com\/es\/resultados\/la-primitiva\/\">resultados de la primitiva<\/a> desde cualquier Pa\u00eds.<\/span><\/p>\n<h2><b>\u00bfC\u00f3mo comprar la Primitiva? <\/b><\/h2>\n<p><span style=\"font-weight: 400;\">Realizar la compra y participar de los sorteos de la Primitiva a trav\u00e9s de nuestra plataforma, es muy sencillo, f\u00e1cil y c\u00f3modo.<\/span> <span style=\"font-weight: 400;\">Al acceder a la p\u00e1gina de juego, puedes realizar la apuesta o apuestas que quieras utilizando las columnas de juego (tambi\u00e9n llamadas l\u00edneas) que se muestran. Inicialmente aparecen 5 columnas, pero se pueden ampliar tantas veces como se desee simplemente clicando sobre el recuadro \u201c<\/span><b>M\u00e1s l\u00edneas<\/b><span style=\"font-weight: 400;\">\u201d.<\/span> <span style=\"font-weight: 400;\">En cada columna se marcar\u00e1n 6 n\u00fameros para configurar la jugada. \u00c9sta combinaci\u00f3n se puede realizar de manera manual o bien permitiendo que el propio sistema elija una combinaci\u00f3n aleatoria para el jugador. Esta selecci\u00f3n aleatoria se realiza se realiza situando el cursor en l columna y aparece un recuadro superior que indica \u201cselecci\u00f3n r\u00e1pida\u201d.<\/span> <span style=\"font-weight: 400;\">Una vez determinado el n\u00famero de columnas (apuestas) que el jugador quiere jugar, aparece en la parte inferior el recuadro en verde con la palabra \u201ccontinuar\u201d.<\/span> <span style=\"font-weight: 400;\">Una vez en el carrito se abre una nueva pantalla que nos muestra un abanico de medios de pago: desde tarjetas de cr\u00e9dito y sistemas conocidos como Skrill o Neteller, a una amplia variedad de medios, inclusive mediante criptomonedas. <\/span><\/p>\n<h2><b>Premios de la Primitiva<\/b><\/h2>\n<p><span style=\"font-weight: 400;\">El 55% de la recaudaci\u00f3n de cada sorteo se destina al pago de premios, un 10% se destina para el pago del reintegro, y del 45% que resta se separar\u00e1 el importe correspondiente al pago fijo de 8 \u20ac por cada acertante de 5\u00aa categor\u00eda, y el resto se reparte entre las 4 categor\u00edas principales m\u00e1s la categor\u00eda especial.<\/span><\/p>\n<ul>\n<li style=\"font-weight: 400;\"><span style=\"font-weight: 400;\">Una <\/span><b>categor\u00eda especial,<\/b><span style=\"font-weight: 400;\"> para aquellos acertantes de la combinaci\u00f3n ganadora completa (6 n\u00fameros + el reintegro). Esta categor\u00eda se lleva aproximadamente el 6,18% de la recaudaci\u00f3n m\u00e1s el importe del bote acumulado si lo hubiese. Se garantiza un m\u00ednimo de 2 millones de euros.<\/span><\/li>\n<li style=\"font-weight: 400;\"><b>Primera categor\u00eda<\/b><span style=\"font-weight: 400;\">, para los acertantes de la combinaci\u00f3n principal de los 6 n\u00fameros. A esta categor\u00eda se destina un 12,04 % de la recaudaci\u00f3n, y que se repartir\u00e1 entre todos los acertante s de esta categor\u00eda.<\/span><\/li>\n<li style=\"font-weight: 400;\"><b>Segunda categor\u00eda<\/b><span style=\"font-weight: 400;\">, para los acertantes de 5 n\u00fameros m\u00e1s el complementario. En esta categor\u00eda los acertantes se reparten el 1,80 % de la recaudaci\u00f3n.<\/span><\/li>\n<li style=\"font-weight: 400;\"><b>Tercera categor\u00eda<\/b><span style=\"font-weight: 400;\">, para los acertantes de 5 n\u00fameros, y reparten el 3,91 %.<\/span><\/li>\n<li style=\"font-weight: 400;\"><b>Cuarta categor\u00eda<\/b><span style=\"font-weight: 400;\">, para los acertantes de 4 n\u00fameros, y reparten el 6,32 %.<\/span><\/li>\n<li style=\"font-weight: 400;\"><b>Quinta categor\u00eda<\/b><span style=\"font-weight: 400;\">, para los acertantes de 3 n\u00fameros, tienen un premio fijo de 8 \u20ac cada uno y eso viene a significar aproximadamente un 14,12 % de la recaudaci\u00f3n.<\/span><\/li>\n<li style=\"font-weight: 400;\"><b>El Reintegro<\/b><span style=\"font-weight: 400;\">, para los acertantes del n\u00famero considerado como reintegro se cre\u00f3 un fondo con el 10% de la recaudaci\u00f3n de cada sorteo para hacer efectivo el pago fijo equivalente al importe de una apuesta simple.<\/span><\/li>\n<\/ul>\n<p><span style=\"font-weight: 400;\">El importe de los premios obtenidos es ingresado directamente en la cuenta de usuarios registrados.<\/span><\/p>\n","protected":false},"excerpt":{"rendered":"","protected":false},"author":2,"featured_media":0,"parent":184,"menu_order":6,"comment_status":"closed","ping_status":"closed","template":"la-primitiva.php","meta":{"_et_pb_use_builder":"","_et_pb_old_content":"","_et_gb_content_width":"","exclude_from_search":false,"footnotes":""},"class_list":["post-1614","page","type-page","status-publish","hentry"],"yoast_head":"<!-- This site is optimized with the Yoast SEO plugin v23.7 - https:\/\/yoast.com\/wordpress\/plugins\/seo\/ -->\n<title>\u25b7 Jugar a la Primitiva online\u3010Gana premios 2021\u3011 LottoHoy<\/title>\n<meta name=\"description\" content=\"Juega desde casa a la Primitiva, selecciona tus 6 n\u00fameros favoritos de una columna con un total de 49 n\u00fameros. La forma m\u00e1s f\u00e1cil y r\u00e1pida de ganar online.\" \/>\n<meta name=\"robots\" content=\"index, follow, max-snippet:-1, max-image-preview:large, max-video-preview:-1\" \/>\n<link rel=\"canonical\" href=\"https:\/\/lottohoy.com\/es\/jugar\/la-primitiva\/\" \/>\n<meta property=\"og:locale\" content=\"es_ES\" \/>\n<meta property=\"og:type\" content=\"article\" \/>\n<meta property=\"og:title\" content=\"\u25b7 Jugar a la Primitiva online\u3010Gana premios 2021\u3011 LottoHoy\" \/>\n<meta property=\"og:description\" content=\"Juega desde casa a la Primitiva, selecciona tus 6 n\u00fameros favoritos de una columna con un total de 49 n\u00fameros. La forma m\u00e1s f\u00e1cil y r\u00e1pida de ganar online.\" \/>\n<meta property=\"og:url\" content=\"https:\/\/lottohoy.com\/es\/jugar\/la-primitiva\/\" \/>\n<meta property=\"og:site_name\" content=\"Lottohoy\" \/>\n<meta property=\"article:modified_time\" content=\"2025-03-25T09:43:15+00:00\" \/>\n<meta name=\"twitter:card\" content=\"summary_large_image\" \/>\n<meta name=\"twitter:label1\" content=\"Tiempo de lectura\" \/>\n\t<meta name=\"twitter:data1\" content=\"5 minutos\" \/>\n<script type=\"application\/ld+json\" class=\"yoast-schema-graph\">{\"@context\":\"https:\/\/schema.org\",\"@graph\":[{\"@type\":\"WebPage\",\"@id\":\"https:\/\/lottohoy.com\/es\/jugar\/la-primitiva\/\",\"url\":\"https:\/\/lottohoy.com\/es\/jugar\/la-primitiva\/\",\"name\":\"\u25b7 Jugar a la Primitiva online\u3010Gana premios 2021\u3011 LottoHoy\",\"isPartOf\":{\"@id\":\"https:\/\/lottohoy.com\/es\/#website\"},\"datePublished\":\"2018-08-21T09:08:33+00:00\",\"dateModified\":\"2025-03-25T09:43:15+00:00\",\"description\":\"Juega desde casa a la Primitiva, selecciona tus 6 n\u00fameros favoritos de una columna con un total de 49 n\u00fameros. La forma m\u00e1s f\u00e1cil y r\u00e1pida de ganar online.\",\"breadcrumb\":{\"@id\":\"https:\/\/lottohoy.com\/es\/jugar\/la-primitiva\/#breadcrumb\"},\"inLanguage\":\"es\",\"potentialAction\":[{\"@type\":\"ReadAction\",\"target\":[\"https:\/\/lottohoy.com\/es\/jugar\/la-primitiva\/\"]}]},{\"@type\":\"BreadcrumbList\",\"@id\":\"https:\/\/lottohoy.com\/es\/jugar\/la-primitiva\/#breadcrumb\",\"itemListElement\":[{\"@type\":\"ListItem\",\"position\":1,\"name\":\"Home\",\"item\":\"https:\/\/lottohoy.com\/es\/\"},{\"@type\":\"ListItem\",\"position\":2,\"name\":\"Comprar loter\u00eda online\",\"item\":\"https:\/\/lottohoy.com\/es\/jugar\/\"},{\"@type\":\"ListItem\",\"position\":3,\"name\":\"Jugar a La Primitiva\"}]},{\"@type\":\"WebSite\",\"@id\":\"https:\/\/lottohoy.com\/es\/#website\",\"url\":\"https:\/\/lottohoy.com\/es\/\",\"name\":\"Lottohoy\",\"description\":\"\",\"potentialAction\":[{\"@type\":\"SearchAction\",\"target\":{\"@type\":\"EntryPoint\",\"urlTemplate\":\"https:\/\/lottohoy.com\/es\/?s={search_term_string}\"},\"query-input\":{\"@type\":\"PropertyValueSpecification\",\"valueRequired\":true,\"valueName\":\"search_term_string\"}}],\"inLanguage\":\"es\"}]}<\/script>\n<!-- \/ Yoast SEO plugin. -->","yoast_head_json":{"title":"\u25b7 Jugar a la Primitiva online\u3010Gana premios 2021\u3011 LottoHoy","description":"Juega desde casa a la Primitiva, selecciona tus 6 n\u00fameros favoritos de una columna con un total de 49 n\u00fameros. La forma m\u00e1s f\u00e1cil y r\u00e1pida de ganar online.","robots":{"index":"index","follow":"follow","max-snippet":"max-snippet:-1","max-image-preview":"max-image-preview:large","max-video-preview":"max-video-preview:-1"},"canonical":"https:\/\/lottohoy.com\/es\/jugar\/la-primitiva\/","og_locale":"es_ES","og_type":"article","og_title":"\u25b7 Jugar a la Primitiva online\u3010Gana premios 2021\u3011 LottoHoy","og_description":"Juega desde casa a la Primitiva, selecciona tus 6 n\u00fameros favoritos de una columna con un total de 49 n\u00fameros. La forma m\u00e1s f\u00e1cil y r\u00e1pida de ganar online.","og_url":"https:\/\/lottohoy.com\/es\/jugar\/la-primitiva\/","og_site_name":"Lottohoy","article_modified_time":"2025-03-25T09:43:15+00:00","twitter_card":"summary_large_image","twitter_misc":{"Tiempo de lectura":"5 minutos"},"schema":{"@context":"https:\/\/schema.org","@graph":[{"@type":"WebPage","@id":"https:\/\/lottohoy.com\/es\/jugar\/la-primitiva\/","url":"https:\/\/lottohoy.com\/es\/jugar\/la-primitiva\/","name":"\u25b7 Jugar a la Primitiva online\u3010Gana premios 2021\u3011 LottoHoy","isPartOf":{"@id":"https:\/\/lottohoy.com\/es\/#website"},"datePublished":"2018-08-21T09:08:33+00:00","dateModified":"2025-03-25T09:43:15+00:00","description":"Juega desde casa a la Primitiva, selecciona tus 6 n\u00fameros favoritos de una columna con un total de 49 n\u00fameros. La forma m\u00e1s f\u00e1cil y r\u00e1pida de ganar online.","breadcrumb":{"@id":"https:\/\/lottohoy.com\/es\/jugar\/la-primitiva\/#breadcrumb"},"inLanguage":"es","potentialAction":[{"@type":"ReadAction","target":["https:\/\/lottohoy.com\/es\/jugar\/la-primitiva\/"]}]},{"@type":"BreadcrumbList","@id":"https:\/\/lottohoy.com\/es\/jugar\/la-primitiva\/#breadcrumb","itemListElement":[{"@type":"ListItem","position":1,"name":"Home","item":"https:\/\/lottohoy.com\/es\/"},{"@type":"ListItem","position":2,"name":"Comprar loter\u00eda online","item":"https:\/\/lottohoy.com\/es\/jugar\/"},{"@type":"ListItem","position":3,"name":"Jugar a La Primitiva"}]},{"@type":"WebSite","@id":"https:\/\/lottohoy.com\/es\/#website","url":"https:\/\/lottohoy.com\/es\/","name":"Lottohoy","description":"","potentialAction":[{"@type":"SearchAction","target":{"@type":"EntryPoint","urlTemplate":"https:\/\/lottohoy.com\/es\/?s={search_term_string}"},"query-input":{"@type":"PropertyValueSpecification","valueRequired":true,"valueName":"search_term_string"}}],"inLanguage":"es"}]}},"_links":{"self":[{"href":"https:\/\/lottohoy.com\/es\/wp-json\/wp\/v2\/pages\/1614","targetHints":{"allow":["GET"]}}],"collection":[{"href":"https:\/\/lottohoy.com\/es\/wp-json\/wp\/v2\/pages"}],"about":[{"href":"https:\/\/lottohoy.com\/es\/wp-json\/wp\/v2\/types\/page"}],"author":[{"embeddable":true,"href":"https:\/\/lottohoy.com\/es\/wp-json\/wp\/v2\/users\/2"}],"replies":[{"embeddable":true,"href":"https:\/\/lottohoy.com\/es\/wp-json\/wp\/v2\/comments?post=1614"}],"version-history":[{"count":4,"href":"https:\/\/lottohoy.com\/es\/wp-json\/wp\/v2\/pages\/1614\/revisions"}],"predecessor-version":[{"id":16679,"href":"https:\/\/lottohoy.com\/es\/wp-json\/wp\/v2\/pages\/1614\/revisions\/16679"}],"up":[{"embeddable":true,"href":"https:\/\/lottohoy.com\/es\/wp-json\/wp\/v2\/pages\/184"}],"wp:attachment":[{"href":"https:\/\/lottohoy.com\/es\/wp-json\/wp\/v2\/media?parent=1614"}],"curies":[{"name":"wp","href":"https:\/\/api.w.org\/{rel}","templated":true}]}}