{"id":10986,"date":"2024-10-23T09:10:38","date_gmt":"2024-10-23T08:10:38","guid":{"rendered":"https:\/\/lottohoy.xyz\/botes-de-loterias\/"},"modified":"2025-03-18T17:05:51","modified_gmt":"2025-03-18T17:05:51","slug":"botes","status":"publish","type":"page","link":"https:\/\/lottohoy.com\/es\/botes\/","title":{"rendered":"Botes de loter\u00edas"},"content":{"rendered":"<p><span style=\"font-weight: 400;\">A continuaci\u00f3n puedes encontrar una tabla resumen con el pr\u00f3ximo bote, y todos los <strong>botes de loter\u00eda<\/strong> semanales. <\/span><\/p>\n<p><span style=\"font-weight: 400;\">Esta secci\u00f3n se actualiza autom\u00e1ticamente despu\u00e9s de cada sorteo ordinario y sorteo extraordinario para as\u00ed mostrarte los botes de Euromillones, Mega Millions, Powerball, La Primitiva, Eurojackpot, el Gordo de la Primitiva y muchos m\u00e1s. <\/span><\/p>\n<p><span style=\"font-weight: 400;\">Haz tu pron\u00f3stico, y al hacer click en \u00ab<strong>Jugar<\/strong>\u00bb podr\u00e1s adquirir boletos y hacer tus apuestas, para el pr\u00f3ximo sorteo de cada una de las loter\u00edas listadas en esta p\u00e1gina web.<br \/>\n<\/span><!--more--><\/p>\n<h2><b>Qu\u00e9 son los botes y c\u00f3mo funcionan<\/b><\/h2>\n<p><span style=\"font-weight: 400;\">En los juegos de azar y loter\u00edas, la palabra <strong>bote<\/strong> o pozo (\u201cjackpot\u201d en ingl\u00e9s), hace referencia a una cantidad de dinero acumulado procedente de premios no adjudicados en algunos sorteos anteriores. <\/span><\/p>\n<p><span style=\"font-weight: 400;\">Es lo que a menudo se conoce como <strong>Premio Gordo<\/strong>,\u00a0<\/span><\/p>\n<p><span style=\"font-weight: 400;\">Todas las loter\u00edas modernas han adecuado su reglamento para atraer a los jugadores a una mayor participaci\u00f3n, y de esta manera hacer irresistible la tentaci\u00f3n de jugar en los sorteos de loteria. <\/span><\/p>\n<p><span style=\"font-weight: 400;\">Los <strong>botes de loter\u00eda<\/strong> contribuyen a atraer a un p\u00fablico mayor, ya que ofrecen la posibilidad de ganar premios que pueden llegar a ser astron\u00f3micos., tambi\u00e9n a trav\u00e9s de esta web de loter\u00edas.<br \/>\n<\/span><\/p>\n<p><span style=\"font-weight: 400;\">Un bote o pozo, se comienza a crear en el momento que no hay ning\u00fan acertante de alguna de las categor\u00edas en los sorteos de las loter\u00edas. <\/span><\/p>\n<p><span style=\"font-weight: 400;\">Cada juego tiene su propia forma de determinar el monto de los posibles <strong>botes para cada sorteo<\/strong>, c\u00f3mo se reparte el dinero recaudado, qu\u00e9 parte va a cada categor\u00eda de premios, si hay un m\u00ednimo garantizado o si hay un m\u00e1ximo de veces que se puede acumular un bote.<\/span><\/p>\n<h2><b>Botes m\u00ednimos y botes m\u00e1ximos, garantizados en las loter\u00edas<\/b><\/h2>\n<p><span style=\"font-weight: 400;\">Si hacemos un repaso a las loter\u00edas que <strong>mayores botes<\/strong> acumulan, veremos que algunas parten de unos m\u00ednimos a los que a\u00f1adir la parte que corresponda sobre la recaudaci\u00f3n para el sorteo. <\/span><\/p>\n<p><span style=\"font-weight: 400;\">Cada entidad organizadora decide cu\u00e1l es el m\u00ednimo dependiendo de la recaudaci\u00f3n estimada, siendo las loter\u00edas americanas las que empiezan con bote mayor.<\/span><\/p>\n<p><span style=\"font-weight: 400;\">Veamos un cuadro que nos muestra informaci\u00f3n de los botes:<\/span><\/p>\n<table class=\"table table-results-detailed\">\n<tbody>\n<tr>\n<td style=\"width: 200px;\"><span style=\"font-weight: 400;\"><strong>Botes<\/strong><\/span><\/td>\n<td style=\"width: 209px;\"><span style=\"font-weight: 400;\"><b>M\u00ednimo garantizado<\/b><\/span><\/td>\n<td style=\"width: 149px;\"><span style=\"font-weight: 400;\"><b>M\u00e1ximo bote<\/b><\/span><\/td>\n<td style=\"width: 150px;\"><span style=\"font-weight: 400;\"><b>Acumulaci\u00f3n<\/b><\/span><\/td>\n<\/tr>\n<tr>\n<td style=\"width: 200px;\"><span style=\"font-weight: 400;\">Bote de PowerBall<\/span><\/td>\n<td style=\"width: 209px;\"><span style=\"font-weight: 400;\">$ 40 millones<\/span><\/td>\n<td style=\"width: 149px;\"><span style=\"font-weight: 400;\">Sin l\u00edmite<\/span><\/td>\n<td style=\"width: 150px;\"><span style=\"font-weight: 400;\">Sin limite<\/span><\/td>\n<\/tr>\n<tr>\n<td style=\"width: 200px;\"><span style=\"font-weight: 400;\">Bote de MegaMillions <\/span><\/td>\n<td style=\"width: 209px;\"><span style=\"font-weight: 400;\">$ 40 millones*<\/span><\/td>\n<td style=\"width: 149px;\"><span style=\"font-weight: 400;\">Sin l\u00edmite<\/span><\/td>\n<td style=\"width: 150px;\"><span style=\"font-weight: 400;\">Sin l\u00edmite<\/span><\/td>\n<\/tr>\n<tr>\n<td style=\"width: 200px;\"><span style=\"font-weight: 400;\">Bote de Euromillones<\/span><\/td>\n<td style=\"width: 209px;\"><span style=\"font-weight: 400;\">\u20ac 20 millones<\/span><\/td>\n<td style=\"width: 149px;\"><span style=\"font-weight: 400;\">\u20ac 230 millones<\/span><\/td>\n<td style=\"width: 150px;\"><span style=\"font-weight: 400;\">4<\/span><\/td>\n<\/tr>\n<tr>\n<td style=\"width: 200px;\"><span style=\"font-weight: 400;\">Bote de Eurojackpot<\/span><\/td>\n<td style=\"width: 209px;\"><span style=\"font-weight: 400;\">\u20ac 10 millones<\/span><\/td>\n<td style=\"width: 149px;\"><span style=\"font-weight: 400;\">\u20ac 120 millones<\/span><\/td>\n<td style=\"width: 150px;\"><span style=\"font-weight: 400;\">1<\/span><\/td>\n<\/tr>\n<tr>\n<td style=\"width: 200px;\"><span style=\"font-weight: 400;\">Bote de SuperEnalotto<\/span><\/td>\n<td style=\"width: 209px;\"><span style=\"font-weight: 400;\">\u20ac 2 millones<\/span><\/td>\n<td style=\"width: 149px;\"><span style=\"font-weight: 400;\">Sin limite<\/span><\/td>\n<td style=\"width: 150px;\"><span style=\"font-weight: 400;\">Sin limite<\/span><\/td>\n<\/tr>\n<tr>\n<td style=\"width: 200px;\"><span style=\"font-weight: 400;\">Bote de La Primitiva<\/span><\/td>\n<td style=\"width: 209px;\"><span style=\"font-weight: 400;\">\u20ac 2 Millones<\/span><\/td>\n<td style=\"width: 149px;\"><span style=\"font-weight: 400;\">Sin l\u00edmite<\/span><\/td>\n<td style=\"width: 150px;\"><span style=\"font-weight: 400;\">Sin limite<\/span><\/td>\n<\/tr>\n<tr>\n<td style=\"width: 200px;\"><span style=\"font-weight: 400;\">Bote de OZ PowerBall<\/span><\/td>\n<td style=\"width: 209px;\"><span style=\"font-weight: 400;\">AU $ 3 Millones<\/span><\/td>\n<td style=\"width: 149px;\"><span style=\"font-weight: 400;\">Sin l\u00edmite<\/span><\/td>\n<td style=\"width: 150px;\"><span style=\"font-weight: 400;\">Sin l\u00edmite<\/span><\/td>\n<\/tr>\n<tr>\n<td style=\"width: 200px;\"><span style=\"font-weight: 400;\">Bote de BonoLoto<\/span><\/td>\n<td style=\"width: 209px;\"><span style=\"font-weight: 400;\">\u20ac 0,400 Millones<\/span><\/td>\n<td style=\"width: 149px;\"><span style=\"font-weight: 400;\">Sin l\u00edmite<\/span><\/td>\n<td style=\"width: 150px;\"><span style=\"font-weight: 400;\">Sin l\u00edmite<\/span><\/td>\n<\/tr>\n<tr>\n<td style=\"width: 200px;\"><span style=\"font-weight: 400;\">Bote Gordo Primitiva<\/span><\/td>\n<td style=\"width: 209px;\"><span style=\"font-weight: 400;\">\u20ac 5 Millones<\/span><\/td>\n<td style=\"width: 149px;\"><span style=\"font-weight: 400;\">Sin l\u00edmite<\/span><\/td>\n<td style=\"width: 150px;\"><span style=\"font-weight: 400;\">Sin l\u00edmite<\/span><\/td>\n<\/tr>\n<tr>\n<td style=\"width: 200px;\"><span style=\"font-weight: 400;\">Bote de UK Lottery<\/span><\/td>\n<td style=\"width: 209px;\"><span style=\"font-weight: 400;\">\u00a3 2 Millones**<\/span><\/td>\n<td style=\"width: 149px;\"><span style=\"font-weight: 400;\">\u00a3 22 millones<\/span><\/td>\n<td style=\"width: 150px;\"><span style=\"font-weight: 400;\">4<\/span><\/td>\n<\/tr>\n<tr>\n<td style=\"width: 200px;\"><span style=\"font-weight: 400;\">Bote Polish Lotto<\/span><\/td>\n<td style=\"width: 209px;\"><span style=\"font-weight: 400;\">z\u0142 2 Millones<\/span><\/td>\n<td style=\"width: 149px;\"><span style=\"font-weight: 400;\">Sin l\u00edmite<\/span><\/td>\n<td style=\"width: 150px;\"><span style=\"font-weight: 400;\">Sin l\u00edmite<\/span><\/td>\n<\/tr>\n<\/tbody>\n<\/table>\n<p><em>* Durante la pandemia de COVID 19, se redujo el premio m\u00ednimo garantizado a $20M\u00a0<\/em><\/p>\n<p><span style=\"font-weight: 400;\">** <\/span><i><span style=\"font-weight: 400;\">No est\u00e1 garantizado, pero se estima esa cantidad m\u00ednima<\/span><\/i><\/p>\n<h2><b>C\u00f3mo se acumulan los botes de las loter\u00edas<\/b><\/h2>\n<p><span style=\"font-weight: 400;\">Independientemente de que la loter\u00eda en cuesti\u00f3n tenga un m\u00ednimo garantizado para el premio principal, tambi\u00e9n forman parte de esos pozos acumulados los <strong>porcentajes de recaudaci\u00f3n<\/strong> que cada reglamento determina para el resto de las categor\u00edas.<\/span><\/p>\n<p><span style=\"font-weight: 400;\">No obstante, hay loter\u00edas como PowerBall, MegaMillions y otras, que determinan <strong>cantidades fijas<\/strong> para los premios de segunda y posteriores categor\u00edas y no solamente para el bote.<\/span><\/p>\n<h3><b>Reparto sobre la recaudaci\u00f3n para los botes de las loter\u00edas<\/b><\/h3>\n<p><span style=\"font-weight: 400;\">Por lo general, cuando ya pre-existe una cantidad de bote acumulado de anteriores sorteos, el porcentaje de recaudaci\u00f3n para el siguiente se suma al <strong>bote existente<\/strong>. <\/span><\/p>\n<p><span style=\"font-weight: 400;\">Hay loter\u00edas que destinan un alto porcentaje de la recaudaci\u00f3n de cada sorteo para engrosar el bote, y otras por el contrario prefieren repartirlo entre las diversas categor\u00edas previstas.<\/span><\/p>\n<p><span style=\"font-weight: 400;\">Veamos como lo disponen las loter\u00edas que m\u00e1s botes llegan a acumular:<\/span><\/p>\n<table class=\"table table-results-detailed\">\n<tbody>\n<tr>\n<td><b>Loter\u00eda<\/b><\/td>\n<td><b>Porcentaje destinado a bote<\/b><\/td>\n<\/tr>\n<tr>\n<td><b>PowerBall<\/b><\/td>\n<td><span style=\"font-weight: 400;\">68,01 % + bote acumulado <\/span><\/td>\n<\/tr>\n<tr>\n<td><b>MegaMillions<\/b><\/td>\n<td><span style=\"font-weight: 400;\">65,15% + bote acumulado<\/span><\/td>\n<\/tr>\n<tr>\n<td><b>Euromillones<\/b><\/td>\n<td><span style=\"font-weight: 400;\">43,20% 6 sorteos del ciclo, y 27% despu\u00e9s <\/span><\/td>\n<\/tr>\n<tr>\n<td><b>Eurojackpot<\/b><\/td>\n<td><span style=\"font-weight: 400;\">18% + bote acumulado<\/span><\/td>\n<\/tr>\n<tr>\n<td><b>SuperEnalotto<\/b><\/td>\n<td><span style=\"font-weight: 400;\">17,4% <\/span><\/td>\n<\/tr>\n<tr>\n<td><b>La Primitiva<\/b><\/td>\n<td><span style=\"font-weight: 400;\">6,18%<\/span><\/td>\n<\/tr>\n<tr>\n<td><b>OZ PowerBall<\/b><\/td>\n<td><span style=\"font-weight: 400;\">35% <\/span><\/td>\n<\/tr>\n<tr>\n<td><b>BonoLoto<\/b><\/td>\n<td><span style=\"font-weight: 400;\">45% <\/span><\/td>\n<\/tr>\n<tr>\n<td><b>El Gordo<\/b><\/td>\n<td><span style=\"font-weight: 400;\">22% <\/span><\/td>\n<\/tr>\n<tr>\n<td><b>UK Lottery<\/b><\/td>\n<td><span style=\"font-weight: 400;\">83% inicial, y 27% despu\u00e9s<\/span><\/td>\n<\/tr>\n<tr>\n<td><b>Polish Lotto<\/b><\/td>\n<td><span style=\"font-weight: 400;\">44% inicial, luego 27%<\/span><\/td>\n<\/tr>\n<\/tbody>\n<\/table>\n<h2><b>Mayores botes o jackpots ganados<\/b><\/h2>\n<p><span style=\"font-weight: 400;\">Los mayores botes en dinero entregado, corresponden a las loter\u00edas americanas (PowerBall y MegaMillions), pero no son nada despreciables los <strong>jackpots<\/strong> de las loter\u00edas europeas (Euromillones, Eurojackpot, SuperEnalotto, La Primitiva y loter\u00edas nacionales de varios pa\u00edses).<\/span><\/p>\n<h3><b>Los botes m\u00e1s grandes de loter\u00edas americanas<\/b><\/h3>\n<p style=\"padding-left: 40px;\"><span style=\"font-weight: 400;\">Aqu\u00ed dejamos una relaci\u00f3n de los mayores botes o jackpot de la historia en las loter\u00edas americanas:<\/span><\/p>\n<p style=\"padding-left: 40px;\"><b>$2.040 millones<\/b><span style=\"font-weight: 400;\">, es a fecha actual en 2025, el mayor bote entregado por la loteria <\/span><b>Powerball,<\/b><span style=\"font-weight: 400;\"> en noviembre de 2022<\/span><\/p>\n<p style=\"padding-left: 40px;\"><b>$1.600 millones.<\/b><span style=\"font-weight: 400;\"> Nuevo r\u00e9cord establecido el 23 de Octubre de 2018 en <\/span><b>MegaMillions.<\/b><\/p>\n<h3><b>Los premios m\u00e1s grandes de las loter\u00edas europeas<\/b><\/h3>\n<p><span style=\"font-weight: 400;\">A diferencia de las loter\u00edas americanas, los premios de loter\u00edas europeas de Euromillones, Eurojackpot y otras, por lo general no est\u00e1n sujetas a impuestos, salvo algunos pa\u00edses, como Espa\u00f1a, Portugal o Italia.<\/span><\/p>\n<p><span style=\"font-weight: 400;\">Los mayores <\/span><b>botes de loter\u00edas europeas<\/b><span style=\"font-weight: 400;\"> hasta la fecha han sido los siguientes:<\/span><\/p>\n<p style=\"padding-left: 40px;\"><span style=\"font-weight: 400;\">El mayor bote de <\/span><b>\u00a0<\/b><a href=\"https:\/\/lottohoy.com\/es\/jugar\/euromillones\/\/\"><b>Loter\u00eda Euromillones<\/b><\/a><span style=\"font-weight: 400;\"> es de <\/span><b>\u20ac240 millones<\/b><span style=\"font-weight: 400;\"> el 8 de diciembre de 2023 a un ganador de Austria.<\/span><\/p>\n<p style=\"padding-left: 40px;\"><span style=\"font-weight: 400;\">El mayor bote en la<\/span><a href=\"https:\/\/lottohoy.com\/es\/jugar\/superenalotto\/\"> <span style=\"font-weight: 400;\">loter\u00eda SuperEnalotto<\/span><\/a><span style=\"font-weight: 400;\">. ha sido de <\/span><b>\u20ac371,1 Millones <\/b><span style=\"font-weight: 400;\">el 16\/2\/2023<\/span><\/p>\n<p style=\"padding-left: 40px;\"><span style=\"font-weight: 400;\">La<\/span><a href=\"https:\/\/lottohoy.com\/es\/jugar\/eurojackpot\/\"> <span style=\"font-weight: 400;\">loter\u00eda Eurojackpot<\/span><\/a><span style=\"font-weight: 400;\">, Actualmente el bote <\/span><b>m\u00e1ximo es de 120 millones de euros<\/b><span style=\"font-weight: 400;\">, y durante 2024, se ha entregado hasta en 4 ocasiones<\/span><b>.\u00a0<\/b><\/p>\n<p style=\"padding-left: 40px;\"><i><span style=\"font-weight: 400;\">\u201cAnteriormente el bote m\u00e1ximo era de <\/span><\/i><b><i>\u20ac 90 millones<\/i><\/b><i><span style=\"font-weight: 400;\">, y se hab\u00eda entregado\u00a0 en cinco ocasiones\u201d<\/span><\/i><\/p>\n<p style=\"padding-left: 40px;\"><b>E<\/b><span style=\"font-weight: 400;\">l bote m\u00e1s alto de <\/span><a href=\"https:\/\/lottohoy.com\/es\/jugar\/bonoloto\/\"><b>BonoLoto<\/b><\/a><span style=\"font-weight: 400;\">\u00a0 es de <\/span><b>\u20ac 10,6 millones de euros, <\/b><span style=\"font-weight: 400;\">el 17\/1\/2024<\/span><\/p>\n<p style=\"padding-left: 40px;\"><span style=\"font-weight: 400;\">Loter\u00eda<\/span> <a href=\"https:\/\/lottohoy.com\/es\/jugar\/la-primitiva\/\"><b>la Primitiva<\/b><\/a><b>\u00a0 \u20ac101,7 millones<\/b><span style=\"font-weight: 400;\">, a fecha de hoy,en 10 a\u00f1os no se ha superado<\/span><\/p>\n<p style=\"padding-left: 40px;\"><b>\u00a366.070.646<\/b><span style=\"font-weight: 400;\"> el 9\/1\/2016 en la<\/span><a href=\"https:\/\/lottohoy.com\/es\/jugar\/lotto-uk\/\"> <b>loter\u00eda de UK<\/b><\/a><b>.<\/b><span style=\"font-weight: 400;\">\u00a0 <\/span><i><span style=\"font-weight: 400;\">Posteriormente se limit\u00f3 a \u00a3 22 M.<\/span><\/i><\/p>\n<p style=\"padding-left: 40px;\"><b>Z\u0142 56 millones<\/b><span style=\"font-weight: 400;\"> (<\/span><i><span style=\"font-weight: 400;\">casi 13 millones de euros<\/span><\/i><span style=\"font-weight: 400;\">) en septiembre de 2011 en<\/span><a href=\"https:\/\/lottohoy.com\/es\/jugar\/lotto-pl\/\"> <span style=\"font-weight: 400;\">lot<\/span><b>er\u00eda de Polonia<\/b><\/a><span style=\"font-weight: 400;\">.\u00a0<\/span><\/p>\n<p>Si deseas probar tu suerte y participar en el siguiente sorteo de las principales loter\u00edas del mundo para ganar el pr\u00f3ximo bote, solamente tienes que hacer click en cualquiera de los enlaces de \u00abJugar\u00bb que encontrar\u00e1s en la tabla de la parte superior de esta p\u00e1gina.<\/p>\n<p>\u00bfA qu\u00e9 esperas? T\u00fa podr\u00edas ser el pr\u00f3ximo ganador de alguno de estos <strong>botes de loter\u00eda<\/strong>.<\/p>\n","protected":false},"excerpt":{"rendered":"<p>A continuaci\u00f3n puedes encontrar una tabla resumen con el pr\u00f3ximo bote, y todos los botes de loter\u00eda semanales. Esta secci\u00f3n se actualiza autom\u00e1ticamente despu\u00e9s de cada sorteo ordinario y sorteo extraordinario para as\u00ed mostrarte los botes de Euromillones, Mega Millions, Powerball, La Primitiva, Eurojackpot, el Gordo de la Primitiva y muchos m\u00e1s. Haz tu pron\u00f3stico, [&hellip;]<\/p>\n","protected":false},"author":1,"featured_media":0,"parent":0,"menu_order":6,"comment_status":"closed","ping_status":"closed","template":"","meta":{"_et_pb_use_builder":"","_et_pb_old_content":"","_et_gb_content_width":"","exclude_from_search":false,"footnotes":""},"class_list":["post-10986","page","type-page","status-publish","hentry"],"yoast_head":"<!-- This site is optimized with the Yoast SEO plugin v23.7 - https:\/\/yoast.com\/wordpress\/plugins\/seo\/ -->\n<title>Mejores Botes de Loter\u00eda | Botes loter\u00eda 2021<\/title>\n<meta name=\"description\" content=\"Mayores botes de loter\u00eda con premios actualizados. Bote de la Primitiva, Bonoloto, Euromillones, Powerball, El Gordo. Eurojackpot y muchos m\u00e1s.\" \/>\n<meta name=\"robots\" content=\"index, follow, max-snippet:-1, max-image-preview:large, max-video-preview:-1\" \/>\n<link rel=\"canonical\" href=\"https:\/\/lottohoy.com\/es\/botes\/\" \/>\n<meta property=\"og:locale\" content=\"es_ES\" \/>\n<meta property=\"og:type\" content=\"article\" \/>\n<meta property=\"og:title\" content=\"Mejores Botes de Loter\u00eda | Botes loter\u00eda 2021\" \/>\n<meta property=\"og:description\" content=\"Mayores botes de loter\u00eda con premios actualizados. Bote de la Primitiva, Bonoloto, Euromillones, Powerball, El Gordo. Eurojackpot y muchos m\u00e1s.\" \/>\n<meta property=\"og:url\" content=\"https:\/\/lottohoy.com\/es\/botes\/\" \/>\n<meta property=\"og:site_name\" content=\"Lottohoy\" \/>\n<meta property=\"article:modified_time\" content=\"2025-03-18T17:05:51+00:00\" \/>\n<meta name=\"twitter:card\" content=\"summary_large_image\" \/>\n<meta name=\"twitter:label1\" content=\"Tiempo de lectura\" \/>\n\t<meta name=\"twitter:data1\" content=\"5 minutos\" \/>\n<script type=\"application\/ld+json\" class=\"yoast-schema-graph\">{\"@context\":\"https:\/\/schema.org\",\"@graph\":[{\"@type\":\"WebPage\",\"@id\":\"https:\/\/lottohoy.com\/es\/botes\/\",\"url\":\"https:\/\/lottohoy.com\/es\/botes\/\",\"name\":\"Mejores Botes de Loter\u00eda | Botes loter\u00eda 2021\",\"isPartOf\":{\"@id\":\"https:\/\/lottohoy.com\/es\/#website\"},\"datePublished\":\"2024-10-23T08:10:38+00:00\",\"dateModified\":\"2025-03-18T17:05:51+00:00\",\"description\":\"Mayores botes de loter\u00eda con premios actualizados. Bote de la Primitiva, Bonoloto, Euromillones, Powerball, El Gordo. Eurojackpot y muchos m\u00e1s.\",\"breadcrumb\":{\"@id\":\"https:\/\/lottohoy.com\/es\/botes\/#breadcrumb\"},\"inLanguage\":\"es\",\"potentialAction\":[{\"@type\":\"ReadAction\",\"target\":[\"https:\/\/lottohoy.com\/es\/botes\/\"]}]},{\"@type\":\"BreadcrumbList\",\"@id\":\"https:\/\/lottohoy.com\/es\/botes\/#breadcrumb\",\"itemListElement\":[{\"@type\":\"ListItem\",\"position\":1,\"name\":\"Home\",\"item\":\"https:\/\/lottohoy.com\/es\/\"},{\"@type\":\"ListItem\",\"position\":2,\"name\":\"Botes de loter\u00edas\"}]},{\"@type\":\"WebSite\",\"@id\":\"https:\/\/lottohoy.com\/es\/#website\",\"url\":\"https:\/\/lottohoy.com\/es\/\",\"name\":\"Lottohoy\",\"description\":\"\",\"potentialAction\":[{\"@type\":\"SearchAction\",\"target\":{\"@type\":\"EntryPoint\",\"urlTemplate\":\"https:\/\/lottohoy.com\/es\/?s={search_term_string}\"},\"query-input\":{\"@type\":\"PropertyValueSpecification\",\"valueRequired\":true,\"valueName\":\"search_term_string\"}}],\"inLanguage\":\"es\"}]}<\/script>\n<!-- \/ Yoast SEO plugin. -->","yoast_head_json":{"title":"Mejores Botes de Loter\u00eda | Botes loter\u00eda 2021","description":"Mayores botes de loter\u00eda con premios actualizados. Bote de la Primitiva, Bonoloto, Euromillones, Powerball, El Gordo. Eurojackpot y muchos m\u00e1s.","robots":{"index":"index","follow":"follow","max-snippet":"max-snippet:-1","max-image-preview":"max-image-preview:large","max-video-preview":"max-video-preview:-1"},"canonical":"https:\/\/lottohoy.com\/es\/botes\/","og_locale":"es_ES","og_type":"article","og_title":"Mejores Botes de Loter\u00eda | Botes loter\u00eda 2021","og_description":"Mayores botes de loter\u00eda con premios actualizados. Bote de la Primitiva, Bonoloto, Euromillones, Powerball, El Gordo. Eurojackpot y muchos m\u00e1s.","og_url":"https:\/\/lottohoy.com\/es\/botes\/","og_site_name":"Lottohoy","article_modified_time":"2025-03-18T17:05:51+00:00","twitter_card":"summary_large_image","twitter_misc":{"Tiempo de lectura":"5 minutos"},"schema":{"@context":"https:\/\/schema.org","@graph":[{"@type":"WebPage","@id":"https:\/\/lottohoy.com\/es\/botes\/","url":"https:\/\/lottohoy.com\/es\/botes\/","name":"Mejores Botes de Loter\u00eda | Botes loter\u00eda 2021","isPartOf":{"@id":"https:\/\/lottohoy.com\/es\/#website"},"datePublished":"2024-10-23T08:10:38+00:00","dateModified":"2025-03-18T17:05:51+00:00","description":"Mayores botes de loter\u00eda con premios actualizados. Bote de la Primitiva, Bonoloto, Euromillones, Powerball, El Gordo. Eurojackpot y muchos m\u00e1s.","breadcrumb":{"@id":"https:\/\/lottohoy.com\/es\/botes\/#breadcrumb"},"inLanguage":"es","potentialAction":[{"@type":"ReadAction","target":["https:\/\/lottohoy.com\/es\/botes\/"]}]},{"@type":"BreadcrumbList","@id":"https:\/\/lottohoy.com\/es\/botes\/#breadcrumb","itemListElement":[{"@type":"ListItem","position":1,"name":"Home","item":"https:\/\/lottohoy.com\/es\/"},{"@type":"ListItem","position":2,"name":"Botes de loter\u00edas"}]},{"@type":"WebSite","@id":"https:\/\/lottohoy.com\/es\/#website","url":"https:\/\/lottohoy.com\/es\/","name":"Lottohoy","description":"","potentialAction":[{"@type":"SearchAction","target":{"@type":"EntryPoint","urlTemplate":"https:\/\/lottohoy.com\/es\/?s={search_term_string}"},"query-input":{"@type":"PropertyValueSpecification","valueRequired":true,"valueName":"search_term_string"}}],"inLanguage":"es"}]}},"_links":{"self":[{"href":"https:\/\/lottohoy.com\/es\/wp-json\/wp\/v2\/pages\/10986","targetHints":{"allow":["GET"]}}],"collection":[{"href":"https:\/\/lottohoy.com\/es\/wp-json\/wp\/v2\/pages"}],"about":[{"href":"https:\/\/lottohoy.com\/es\/wp-json\/wp\/v2\/types\/page"}],"author":[{"embeddable":true,"href":"https:\/\/lottohoy.com\/es\/wp-json\/wp\/v2\/users\/1"}],"replies":[{"embeddable":true,"href":"https:\/\/lottohoy.com\/es\/wp-json\/wp\/v2\/comments?post=10986"}],"version-history":[{"count":7,"href":"https:\/\/lottohoy.com\/es\/wp-json\/wp\/v2\/pages\/10986\/revisions"}],"predecessor-version":[{"id":16278,"href":"https:\/\/lottohoy.com\/es\/wp-json\/wp\/v2\/pages\/10986\/revisions\/16278"}],"wp:attachment":[{"href":"https:\/\/lottohoy.com\/es\/wp-json\/wp\/v2\/media?parent=10986"}],"curies":[{"name":"wp","href":"https:\/\/api.w.org\/{rel}","templated":true}]}}