{"id":20648,"date":"2025-06-13T13:21:53","date_gmt":"2025-06-13T12:21:53","guid":{"rendered":"https:\/\/lottohoy.com\/?page_id=20648"},"modified":"2025-06-14T18:40:02","modified_gmt":"2025-06-14T17:40:02","slug":"euromillions-uk-information","status":"publish","type":"page","link":"https:\/\/lottohoy.com\/da\/faq-om-online-lotteri\/euromillions-uk-information\/","title":{"rendered":"Euromillions UK information"},"content":{"rendered":"<h1>EuroMillions UK. Ofte stillede sp\u00f8rgsm\u00e5l om spillet, pr\u00e6mier og tr\u00e6kninger<\/h1>\n<p data-start=\"333\" data-end=\"596\">EuroMillions UK er den britiske version af Europas st\u00f8rste transnationale lotteri, som afholdes <strong data-start=\"429\" data-end=\"477\">hver tirsdag og fredag kl. 21:30 (Paris-tid)<\/strong>. Det er den <strong data-start=\"490\" data-end=\"526\">mest popul\u00e6re europ\u00e6iske lotteri<\/strong>, med millioner af deltagere og nogle af de h\u00f8jeste jackpots i verden.<\/p>\n<p data-start=\"598\" data-end=\"899\">Det f\u00f8rste tr\u00e6kning fandt sted den <strong data-start=\"633\" data-end=\"653\">13. februar 2004<\/strong>, lanceret af lotterioperat\u00f8rerne i <strong data-start=\"689\" data-end=\"760\">Storbritannien (National Lottery), Frankrig (La Fran\u00e7aise des Jeux)<\/strong> og <strong data-start=\"764\" data-end=\"808\">Spanien (Loter\u00edas y Apuestas del Estado)<\/strong>. Kort tid efter sluttede \u00d8strig, Belgien, Irland, Luxembourg, Portugal og Schweiz sig til.<\/p>\n<p data-start=\"901\" data-end=\"1076\">Selvom lotteriet er relativt ungt, blev det udviklet sammen med indf\u00f8relsen af euroen (\u20ac) og har l\u00e6nge v\u00e6ret t\u00e6nkt som et f\u00e6lles spil for mere end <strong data-start=\"1048\" data-end=\"1075\">500 millioner europ\u00e6ere<\/strong>.<\/p>\n<p data-start=\"1078\" data-end=\"1237\">Den <strong data-start=\"1082\" data-end=\"1112\">garanterede minimumspr\u00e6mie<\/strong> i f\u00f8rste gevinstkategori er <strong data-start=\"1141\" data-end=\"1158\">\u20ac17 millioner<\/strong>, og efter en opdatering i 2020 kan jackpotten stige <strong data-start=\"1211\" data-end=\"1236\">op til \u20ac250 millioner<\/strong>.<\/p>\n<h2 data-start=\"1244\" data-end=\"1277\">Hvad er UK Millionaire Maker?<\/h2>\n<p data-start=\"1279\" data-end=\"1535\">UK Millionaire Maker er en <strong data-start=\"1306\" data-end=\"1331\">ekstra pr\u00e6mietr\u00e6kning<\/strong>, der automatisk er inkluderet i hver EuroMillions UK-kupon. Systemet genererer en unik alfanumerisk kode (fire bogstaver + fem cifre), som <strong data-start=\"1471\" data-end=\"1534\">garanterer, at \u00e9n spiller vinder \u00a31.000.000 i hver tr\u00e6kning<\/strong>.<\/p>\n<p data-start=\"1537\" data-end=\"1651\">Der afholdes ogs\u00e5 regelm\u00e6ssigt s\u00e6rlige kampagnetr\u00e6kninger, hvor <strong data-start=\"1601\" data-end=\"1650\">flere spillere bliver million\u00e6rer p\u00e5 \u00e9n aften<\/strong>.<\/p>\n<h2 data-start=\"1658\" data-end=\"1698\">Hvordan spiller man EuroMillions UK?<\/h2>\n<p data-start=\"1700\" data-end=\"1763\">Reglerne er de samme som i andre deltagerlande. Man skal v\u00e6lge:<\/p>\n<ul data-start=\"1765\" data-end=\"1828\">\n<li data-start=\"1765\" data-end=\"1796\">\n<p data-start=\"1767\" data-end=\"1796\"><strong data-start=\"1767\" data-end=\"1794\">5 hovedtal fra 1 til 50<\/strong><\/p>\n<\/li>\n<li data-start=\"1797\" data-end=\"1828\">\n<p data-start=\"1799\" data-end=\"1828\"><strong data-start=\"1799\" data-end=\"1828\">2 stjernetal fra 1 til 12<\/strong><\/p>\n<\/li>\n<\/ul>\n<p data-start=\"1830\" data-end=\"1905\">Jo flere rigtige tal og stjerner du rammer, <strong data-start=\"1874\" data-end=\"1904\">jo st\u00f8rre pr\u00e6mie vinder du<\/strong>.<\/p>\n<p data-start=\"1907\" data-end=\"2271\">P\u00e5 <a class=\"\" href=\"https:\/\/lottohoy.com\/da\/spil\/\" target=\"_new\" rel=\"noopener\" data-start=\"1910\" data-end=\"1978\">LottoHoy&#8217;s spilleside<\/a> kan du v\u00e6lge dine egne tal manuelt eller bruge <strong data-start=\"2026\" data-end=\"2059\">hurtigvalg (SELECCI\u00d3N R\u00c1PIDA)<\/strong>. Du kan tilf\u00f8je ekstra r\u00e6kker med knappen <strong data-start=\"2102\" data-end=\"2120\">&#8220;FLERE R\u00c6KKER&#8221;<\/strong>. Totalbel\u00f8bet vises nederst til h\u00f8jre, og ved at klikke p\u00e5 <strong data-start=\"2180\" data-end=\"2205\">&#8220;FORTS\u00c6T&#8221; (CONTINUAR)<\/strong> kan du bekr\u00e6fte og betale med forskellige sikre betalingsmetoder.<\/p>\n<h2 data-start=\"2278\" data-end=\"2319\">Hvad koster en EuroMillions UK-kupon?<\/h2>\n<p data-start=\"2321\" data-end=\"2455\">Prisen varierer afh\u00e6ngigt af land og valuta. P\u00e5 <strong data-start=\"2369\" data-end=\"2381\">LottoHoy<\/strong> er prisen for \u00e9n standard-kupon inkl. <strong data-start=\"2420\" data-end=\"2444\">UK Millionaire Maker<\/strong> <strong data-start=\"2445\" data-end=\"2454\">\u20ac6,75<\/strong>.<\/p>\n<p data-start=\"2457\" data-end=\"2614\">Denne pris inkluderer b\u00e5de hovedtr\u00e6kningen og den eksklusive kode, der giver dig mulighed for at vinde <strong data-start=\"2560\" data-end=\"2574\">\u00a31.000.000<\/strong>, uanset om din hovedkombination vinder.<\/p>\n<h2 data-start=\"2621\" data-end=\"2659\">Andre s\u00e6rlige tr\u00e6kninger (offline)<\/h2>\n<p data-start=\"2661\" data-end=\"2807\">Ud over hovedspillet tilbyder nogle lande <strong data-start=\"2703\" data-end=\"2727\">ekstra lodtr\u00e6kninger<\/strong>, enten inkluderet i billetprisen eller som et tilvalg. Her er de mest popul\u00e6re:<\/p>\n<h3 data-start=\"2814\" data-end=\"2856\">Million\u00e6rregn<\/h3>\n<p data-start=\"2858\" data-end=\"3039\">Et f\u00e6lles europ\u00e6isk event, hvor <strong data-start=\"2890\" data-end=\"2951\">flere spillere bliver million\u00e6rer i \u00e9n enkelt lodtr\u00e6kning<\/strong>. Alle billetter med gyldige koder deltager automatisk, og vindere udtr\u00e6kkes tilf\u00e6ldigt.<\/p>\n<h3 data-start=\"3153\" data-end=\"3189\">Supertr\u00e6kning<\/h3>\n<p data-start=\"3191\" data-end=\"3381\">Et s\u00e6rligt tr\u00e6kningsevent med <strong data-start=\"3221\" data-end=\"3268\">garanteret jackpot p\u00e5 mindst \u20ac130 millioner<\/strong>. Siden 2020 har der v\u00e6ret <strong data-start=\"3295\" data-end=\"3326\">tre supertr\u00e6kninger om \u00e5ret<\/strong>, og puljen kan rulle videre op til <strong data-start=\"3362\" data-end=\"3380\">\u20ac250 millioner<\/strong>.<\/p>\n<h3 data-start=\"3488\" data-end=\"3535\">S\u00e6rlige fredags-tr\u00e6kninger (Big Friday)<\/h3>\n<p data-start=\"3537\" data-end=\"3764\">Big Friday-tr\u00e6kninger tilbyder en <strong data-start=\"3571\" data-end=\"3615\">garanteret pr\u00e6miepulje i milliardklassen<\/strong>. De f\u00f8lger de almindelige regler men er finansieret af 4,8 % af den f\u00e6lles pr\u00e6miepulje. Efter otte runder tilf\u00f8res yderligere 21 % til pr\u00e6miepuljen.<\/p>\n<h2 data-start=\"3771\" data-end=\"3817\">Hvad er vinderchancerne i EuroMillions UK?<\/h2>\n<p data-start=\"3819\" data-end=\"3989\">Vi har samlet en opdateret tabel med <strong data-start=\"3856\" data-end=\"3902\">vinderchancer for alle 13 pr\u00e6miekategorier<\/strong>. Du kan kombinere disse med analyse af tidligere resultater for at forbedre dine odds.<\/p>\n<p data-start=\"3991\" data-end=\"4124\"><a href=\"https:\/\/lottohoy.com\/da\/resultater-af-lotterier\/\">Se resultater og statistik:<\/a><br data-start=\"4021\" data-end=\"4024\" \/><\/p>\n","protected":false},"excerpt":{"rendered":"<p>EuroMillions UK. Ofte stillede sp\u00f8rgsm\u00e5l om spillet, pr\u00e6mier og tr\u00e6kninger EuroMillions UK er den britiske version af Europas st\u00f8rste transnationale lotteri, som afholdes hver tirsdag og fredag kl. 21:30 (Paris-tid). Det er den mest popul\u00e6re europ\u00e6iske lotteri, med millioner af deltagere og nogle af de h\u00f8jeste jackpots i verden. Det f\u00f8rste tr\u00e6kning fandt sted den [&hellip;]<\/p>\n","protected":false},"author":8,"featured_media":0,"parent":16746,"menu_order":0,"comment_status":"closed","ping_status":"closed","template":"euromillions-info.php","meta":{"_et_pb_use_builder":"","_et_pb_old_content":"","_et_gb_content_width":"","exclude_from_search":false,"footnotes":""},"class_list":["post-20648","page","type-page","status-publish","hentry"],"yoast_head":"<!-- This site is optimized with the Yoast SEO plugin v23.7 - https:\/\/yoast.com\/wordpress\/plugins\/seo\/ -->\n<title>EuroMillions UK Hj\u00e6lp \u2013 Alt hvad du skal vide og mere til<\/title>\n<meta name=\"description\" content=\"F\u00e5 svar p\u00e5 dine sp\u00f8rgsm\u00e5l om EuroMillions UK. S\u00e5dan spiller du, hvordan UK Millionaire Maker fungerer og hvordan du vinder op til \u20ac250 millioner.\" \/>\n<meta name=\"robots\" content=\"index, follow, max-snippet:-1, max-image-preview:large, max-video-preview:-1\" \/>\n<link rel=\"canonical\" href=\"https:\/\/lottohoy.com\/da\/faq-om-online-lotteri\/euromillions-uk-information\/\" \/>\n<meta property=\"og:locale\" content=\"da_DK\" \/>\n<meta property=\"og:type\" content=\"article\" \/>\n<meta property=\"og:title\" content=\"EuroMillions UK Hj\u00e6lp \u2013 Alt hvad du skal vide og mere til\" \/>\n<meta property=\"og:description\" content=\"F\u00e5 svar p\u00e5 dine sp\u00f8rgsm\u00e5l om EuroMillions UK. S\u00e5dan spiller du, hvordan UK Millionaire Maker fungerer og hvordan du vinder op til \u20ac250 millioner.\" \/>\n<meta property=\"og:url\" content=\"https:\/\/lottohoy.com\/da\/faq-om-online-lotteri\/euromillions-uk-information\/\" \/>\n<meta property=\"og:site_name\" content=\"Lottohoy\" \/>\n<meta property=\"article:modified_time\" content=\"2025-06-14T17:40:02+00:00\" \/>\n<meta name=\"twitter:card\" content=\"summary_large_image\" \/>\n<meta name=\"twitter:label1\" content=\"Estimeret l\u00e6setid\" \/>\n\t<meta name=\"twitter:data1\" content=\"3 minutter\" \/>\n<script type=\"application\/ld+json\" class=\"yoast-schema-graph\">{\"@context\":\"https:\/\/schema.org\",\"@graph\":[{\"@type\":\"WebPage\",\"@id\":\"https:\/\/lottohoy.com\/da\/faq-om-online-lotteri\/euromillions-uk-information\/\",\"url\":\"https:\/\/lottohoy.com\/da\/faq-om-online-lotteri\/euromillions-uk-information\/\",\"name\":\"EuroMillions UK Hj\u00e6lp \u2013 Alt hvad du skal vide og mere til\",\"isPartOf\":{\"@id\":\"https:\/\/lottohoy.com\/da\/#website\"},\"datePublished\":\"2025-06-13T12:21:53+00:00\",\"dateModified\":\"2025-06-14T17:40:02+00:00\",\"description\":\"F\u00e5 svar p\u00e5 dine sp\u00f8rgsm\u00e5l om EuroMillions UK. S\u00e5dan spiller du, hvordan UK Millionaire Maker fungerer og hvordan du vinder op til \u20ac250 millioner.\",\"breadcrumb\":{\"@id\":\"https:\/\/lottohoy.com\/da\/faq-om-online-lotteri\/euromillions-uk-information\/#breadcrumb\"},\"inLanguage\":\"da-DK\",\"potentialAction\":[{\"@type\":\"ReadAction\",\"target\":[\"https:\/\/lottohoy.com\/da\/faq-om-online-lotteri\/euromillions-uk-information\/\"]}]},{\"@type\":\"BreadcrumbList\",\"@id\":\"https:\/\/lottohoy.com\/da\/faq-om-online-lotteri\/euromillions-uk-information\/#breadcrumb\",\"itemListElement\":[{\"@type\":\"ListItem\",\"position\":1,\"name\":\"Home\",\"item\":\"https:\/\/lottohoy.com\/da\/\"},{\"@type\":\"ListItem\",\"position\":2,\"name\":\"FAQ om online-lotteri\",\"item\":\"https:\/\/lottohoy.com\/da\/faq-om-online-lotteri\/\"},{\"@type\":\"ListItem\",\"position\":3,\"name\":\"Euromillions UK information\"}]},{\"@type\":\"WebSite\",\"@id\":\"https:\/\/lottohoy.com\/da\/#website\",\"url\":\"https:\/\/lottohoy.com\/da\/\",\"name\":\"Lottohoy\",\"description\":\"\",\"potentialAction\":[{\"@type\":\"SearchAction\",\"target\":{\"@type\":\"EntryPoint\",\"urlTemplate\":\"https:\/\/lottohoy.com\/da\/?s={search_term_string}\"},\"query-input\":{\"@type\":\"PropertyValueSpecification\",\"valueRequired\":true,\"valueName\":\"search_term_string\"}}],\"inLanguage\":\"da-DK\"}]}<\/script>\n<!-- \/ Yoast SEO plugin. -->","yoast_head_json":{"title":"EuroMillions UK Hj\u00e6lp \u2013 Alt hvad du skal vide og mere til","description":"F\u00e5 svar p\u00e5 dine sp\u00f8rgsm\u00e5l om EuroMillions UK. S\u00e5dan spiller du, hvordan UK Millionaire Maker fungerer og hvordan du vinder op til \u20ac250 millioner.","robots":{"index":"index","follow":"follow","max-snippet":"max-snippet:-1","max-image-preview":"max-image-preview:large","max-video-preview":"max-video-preview:-1"},"canonical":"https:\/\/lottohoy.com\/da\/faq-om-online-lotteri\/euromillions-uk-information\/","og_locale":"da_DK","og_type":"article","og_title":"EuroMillions UK Hj\u00e6lp \u2013 Alt hvad du skal vide og mere til","og_description":"F\u00e5 svar p\u00e5 dine sp\u00f8rgsm\u00e5l om EuroMillions UK. S\u00e5dan spiller du, hvordan UK Millionaire Maker fungerer og hvordan du vinder op til \u20ac250 millioner.","og_url":"https:\/\/lottohoy.com\/da\/faq-om-online-lotteri\/euromillions-uk-information\/","og_site_name":"Lottohoy","article_modified_time":"2025-06-14T17:40:02+00:00","twitter_card":"summary_large_image","twitter_misc":{"Estimeret l\u00e6setid":"3 minutter"},"schema":{"@context":"https:\/\/schema.org","@graph":[{"@type":"WebPage","@id":"https:\/\/lottohoy.com\/da\/faq-om-online-lotteri\/euromillions-uk-information\/","url":"https:\/\/lottohoy.com\/da\/faq-om-online-lotteri\/euromillions-uk-information\/","name":"EuroMillions UK Hj\u00e6lp \u2013 Alt hvad du skal vide og mere til","isPartOf":{"@id":"https:\/\/lottohoy.com\/da\/#website"},"datePublished":"2025-06-13T12:21:53+00:00","dateModified":"2025-06-14T17:40:02+00:00","description":"F\u00e5 svar p\u00e5 dine sp\u00f8rgsm\u00e5l om EuroMillions UK. S\u00e5dan spiller du, hvordan UK Millionaire Maker fungerer og hvordan du vinder op til \u20ac250 millioner.","breadcrumb":{"@id":"https:\/\/lottohoy.com\/da\/faq-om-online-lotteri\/euromillions-uk-information\/#breadcrumb"},"inLanguage":"da-DK","potentialAction":[{"@type":"ReadAction","target":["https:\/\/lottohoy.com\/da\/faq-om-online-lotteri\/euromillions-uk-information\/"]}]},{"@type":"BreadcrumbList","@id":"https:\/\/lottohoy.com\/da\/faq-om-online-lotteri\/euromillions-uk-information\/#breadcrumb","itemListElement":[{"@type":"ListItem","position":1,"name":"Home","item":"https:\/\/lottohoy.com\/da\/"},{"@type":"ListItem","position":2,"name":"FAQ om online-lotteri","item":"https:\/\/lottohoy.com\/da\/faq-om-online-lotteri\/"},{"@type":"ListItem","position":3,"name":"Euromillions UK information"}]},{"@type":"WebSite","@id":"https:\/\/lottohoy.com\/da\/#website","url":"https:\/\/lottohoy.com\/da\/","name":"Lottohoy","description":"","potentialAction":[{"@type":"SearchAction","target":{"@type":"EntryPoint","urlTemplate":"https:\/\/lottohoy.com\/da\/?s={search_term_string}"},"query-input":{"@type":"PropertyValueSpecification","valueRequired":true,"valueName":"search_term_string"}}],"inLanguage":"da-DK"}]}},"_links":{"self":[{"href":"https:\/\/lottohoy.com\/da\/wp-json\/wp\/v2\/pages\/20648","targetHints":{"allow":["GET"]}}],"collection":[{"href":"https:\/\/lottohoy.com\/da\/wp-json\/wp\/v2\/pages"}],"about":[{"href":"https:\/\/lottohoy.com\/da\/wp-json\/wp\/v2\/types\/page"}],"author":[{"embeddable":true,"href":"https:\/\/lottohoy.com\/da\/wp-json\/wp\/v2\/users\/8"}],"replies":[{"embeddable":true,"href":"https:\/\/lottohoy.com\/da\/wp-json\/wp\/v2\/comments?post=20648"}],"version-history":[{"count":1,"href":"https:\/\/lottohoy.com\/da\/wp-json\/wp\/v2\/pages\/20648\/revisions"}],"predecessor-version":[{"id":20649,"href":"https:\/\/lottohoy.com\/da\/wp-json\/wp\/v2\/pages\/20648\/revisions\/20649"}],"up":[{"embeddable":true,"href":"https:\/\/lottohoy.com\/da\/wp-json\/wp\/v2\/pages\/16746"}],"wp:attachment":[{"href":"https:\/\/lottohoy.com\/da\/wp-json\/wp\/v2\/media?parent=20648"}],"curies":[{"name":"wp","href":"https:\/\/api.w.org\/{rel}","templated":true}]}}