{"id":20593,"date":"2025-06-13T13:21:14","date_gmt":"2025-06-13T12:21:14","guid":{"rendered":"https:\/\/lottohoy.com\/?page_id=20593"},"modified":"2025-06-14T16:24:40","modified_gmt":"2025-06-14T15:24:40","slug":"euromillions-uk-resultater","status":"publish","type":"page","link":"https:\/\/lottohoy.com\/da\/resultater-af-lotterier\/euromillions-uk-resultater\/","title":{"rendered":"EuroMillions UK resultater"},"content":{"rendered":"<h1 data-start=\"260\" data-end=\"307\">Seneste EuroMillions UK resultater \u2013 Tjek din kupon med det samme<\/h1>\n<p data-start=\"309\" data-end=\"509\">For at tjekke resultaterne af EuroMillions UK \u2013 herunder vinderkoden til <strong data-start=\"382\" data-end=\"406\">UK Millionaire Maker<\/strong> \u2013 skal du blot sammenligne tallene p\u00e5 din kupon med den vindende kombination, som vises p\u00e5 denne side.<\/p>\n<p data-start=\"511\" data-end=\"758\">Hvis du har k\u00f8bt din kupon offline, anbefaler vi kraftigt, at du dobbelttjekker resultaterne. Det er desv\u00e6rre ikke ualmindeligt, at spillere fejlagtigt smider vindende kuponer ud og dermed g\u00e5r glip af store gevinster eller endda millionjackpotter.<\/p>\n<p data-start=\"760\" data-end=\"913\">Hos LottoHoy kan du desuden se den <strong data-start=\"795\" data-end=\"815\">aktuelle jackpot<\/strong>, antallet af vindere i hver pr\u00e6miekategori og finde resultater fra op til <strong data-start=\"890\" data-end=\"912\">24 m\u00e5neder tilbage<\/strong>.<\/p>\n<h2 data-start=\"920\" data-end=\"992\">Fordele ved at tjekke EuroMillions UK resultater online hos LottoHoy<\/h2>\n<p data-start=\"994\" data-end=\"1152\">N\u00e5r du opretter en gratis brugerkonto hos os, f\u00e5r du automatisk besked, hvis en af dine r\u00e6kker har vundet \u2013 helt uden at du selv skal s\u00f8ge efter resultaterne.<\/p>\n<p data-start=\"1154\" data-end=\"1352\">Hvis din r\u00e6kke vinder i tirsdags- eller fredags-tr\u00e6kningen og bel\u00f8bet er p\u00e5 <strong data-start=\"1232\" data-end=\"1260\">2.500 \u20ac \/ \u00a3 eller mindre<\/strong>, bliver gevinsten <strong data-start=\"1279\" data-end=\"1300\">automatisk indsat<\/strong> p\u00e5 din brugerkonto og er tilg\u00e6ngelig med det samme.<\/p>\n<p data-start=\"1354\" data-end=\"1572\">Ved st\u00f8rre gevinster vil vores juridiske team kontakte dig direkte for at hj\u00e6lpe dig med hele udbetalingsprocessen. Vi tilbyder <strong data-start=\"1486\" data-end=\"1523\">personlig og fortrolig vejledning<\/strong> for at sikre, at alt h\u00e5ndteres trygt og korrekt.<\/p>\n<h2 data-start=\"1579\" data-end=\"1616\">Pr\u00e6miefordeling i EuroMillions UK<\/h2>\n<p data-start=\"1618\" data-end=\"1781\">Nedenfor finder du tabellen med <strong data-start=\"1650\" data-end=\"1708\">vindertallene fra den seneste EuroMillions UK-tr\u00e6kning<\/strong> og <strong data-start=\"1712\" data-end=\"1733\">pr\u00e6miefordelingen<\/strong> for alle de <strong data-start=\"1746\" data-end=\"1780\">13 officielle pr\u00e6miekategorier<\/strong>.<\/p>\n<p data-start=\"1783\" data-end=\"1798\">Tabellen viser:<\/p>\n<ul data-start=\"1800\" data-end=\"1989\">\n<li data-start=\"1800\" data-end=\"1879\">\n<p data-start=\"1802\" data-end=\"1879\">Hvilke kombinationer af hovedtal og stjernetal der kr\u00e6ves for hver kategori<\/p>\n<\/li>\n<li data-start=\"1880\" data-end=\"1913\">\n<p data-start=\"1882\" data-end=\"1913\">Antal vindere i hver kategori<\/p>\n<\/li>\n<li data-start=\"1914\" data-end=\"1989\">\n<p data-start=\"1916\" data-end=\"1989\">V\u00e6rdi af gevinsten i <strong data-start=\"1937\" data-end=\"1949\">euro (\u20ac)<\/strong> <em data-start=\"1950\" data-end=\"1989\">(udbetalingen sker i britiske pund \u00a3)<\/em><\/p>\n<\/li>\n<\/ul>\n<p data-start=\"1991\" data-end=\"2116\">\ud83d\udc49 Se ogs\u00e5 den seneste <a href=\"https:\/\/lottohoy.com\/da\/lotteri-jackpots\/\">jackpot-historik<\/a> via dette link:<br data-start=\"2046\" data-end=\"2049\" \/>\n<\/p>\n<p data-start=\"2118\" data-end=\"2299\">Har du ikke en konto endnu? <a href=\"https:\/\/lottohoy.com\/da\/registrering\/\">Tilmeld dig gratis her:<\/a><\/p>\n","protected":false},"excerpt":{"rendered":"<p>Seneste EuroMillions UK resultater \u2013 Tjek din kupon med det samme For at tjekke resultaterne af EuroMillions UK \u2013 herunder vinderkoden til UK Millionaire Maker \u2013 skal du blot sammenligne tallene p\u00e5 din kupon med den vindende kombination, som vises p\u00e5 denne side. Hvis du har k\u00f8bt din kupon offline, anbefaler vi kraftigt, at du [&hellip;]<\/p>\n","protected":false},"author":8,"featured_media":0,"parent":16888,"menu_order":0,"comment_status":"closed","ping_status":"closed","template":"euromillions-results.php","meta":{"_et_pb_use_builder":"","_et_pb_old_content":"","_et_gb_content_width":"","exclude_from_search":false,"footnotes":""},"class_list":["post-20593","page","type-page","status-publish","hentry"],"yoast_head":"<!-- This site is optimized with the Yoast SEO plugin v23.7 - https:\/\/yoast.com\/wordpress\/plugins\/seo\/ -->\n<title>EuroMillions UK resultater online \u2013 Se med det samme, om du har vundet<\/title>\n<meta name=\"description\" content=\"Tjek dine EuroMillions UK resultater online. Sammenlign din kupon og se straks, om du har vundet. F\u00e5 adgang til op til 24 m\u00e5neders resultater p\u00e5 LottoHoy.\" \/>\n<meta name=\"robots\" content=\"index, follow, max-snippet:-1, max-image-preview:large, max-video-preview:-1\" \/>\n<link rel=\"canonical\" href=\"https:\/\/lottohoy.com\/da\/resultater-af-lotterier\/euromillions-uk-resultater\/\" \/>\n<meta property=\"og:locale\" content=\"da_DK\" \/>\n<meta property=\"og:type\" content=\"article\" \/>\n<meta property=\"og:title\" content=\"EuroMillions UK resultater online \u2013 Se med det samme, om du har vundet\" \/>\n<meta property=\"og:description\" content=\"Tjek dine EuroMillions UK resultater online. Sammenlign din kupon og se straks, om du har vundet. F\u00e5 adgang til op til 24 m\u00e5neders resultater p\u00e5 LottoHoy.\" \/>\n<meta property=\"og:url\" content=\"https:\/\/lottohoy.com\/da\/resultater-af-lotterier\/euromillions-uk-resultater\/\" \/>\n<meta property=\"og:site_name\" content=\"Lottohoy\" \/>\n<meta property=\"article:modified_time\" content=\"2025-06-14T15:24:40+00:00\" \/>\n<meta name=\"twitter:card\" content=\"summary_large_image\" \/>\n<meta name=\"twitter:label1\" content=\"Estimeret l\u00e6setid\" \/>\n\t<meta name=\"twitter:data1\" content=\"2 minutter\" \/>\n<script type=\"application\/ld+json\" class=\"yoast-schema-graph\">{\"@context\":\"https:\/\/schema.org\",\"@graph\":[{\"@type\":\"WebPage\",\"@id\":\"https:\/\/lottohoy.com\/da\/resultater-af-lotterier\/euromillions-uk-resultater\/\",\"url\":\"https:\/\/lottohoy.com\/da\/resultater-af-lotterier\/euromillions-uk-resultater\/\",\"name\":\"EuroMillions UK resultater online \u2013 Se med det samme, om du har vundet\",\"isPartOf\":{\"@id\":\"https:\/\/lottohoy.com\/da\/#website\"},\"datePublished\":\"2025-06-13T12:21:14+00:00\",\"dateModified\":\"2025-06-14T15:24:40+00:00\",\"description\":\"Tjek dine EuroMillions UK resultater online. Sammenlign din kupon og se straks, om du har vundet. F\u00e5 adgang til op til 24 m\u00e5neders resultater p\u00e5 LottoHoy.\",\"breadcrumb\":{\"@id\":\"https:\/\/lottohoy.com\/da\/resultater-af-lotterier\/euromillions-uk-resultater\/#breadcrumb\"},\"inLanguage\":\"da-DK\",\"potentialAction\":[{\"@type\":\"ReadAction\",\"target\":[\"https:\/\/lottohoy.com\/da\/resultater-af-lotterier\/euromillions-uk-resultater\/\"]}]},{\"@type\":\"BreadcrumbList\",\"@id\":\"https:\/\/lottohoy.com\/da\/resultater-af-lotterier\/euromillions-uk-resultater\/#breadcrumb\",\"itemListElement\":[{\"@type\":\"ListItem\",\"position\":1,\"name\":\"Home\",\"item\":\"https:\/\/lottohoy.com\/da\/\"},{\"@type\":\"ListItem\",\"position\":2,\"name\":\"Resultater af lotterier\",\"item\":\"https:\/\/lottohoy.com\/da\/resultater-af-lotterier\/\"},{\"@type\":\"ListItem\",\"position\":3,\"name\":\"EuroMillions UK resultater\"}]},{\"@type\":\"WebSite\",\"@id\":\"https:\/\/lottohoy.com\/da\/#website\",\"url\":\"https:\/\/lottohoy.com\/da\/\",\"name\":\"Lottohoy\",\"description\":\"\",\"potentialAction\":[{\"@type\":\"SearchAction\",\"target\":{\"@type\":\"EntryPoint\",\"urlTemplate\":\"https:\/\/lottohoy.com\/da\/?s={search_term_string}\"},\"query-input\":{\"@type\":\"PropertyValueSpecification\",\"valueRequired\":true,\"valueName\":\"search_term_string\"}}],\"inLanguage\":\"da-DK\"}]}<\/script>\n<!-- \/ Yoast SEO plugin. -->","yoast_head_json":{"title":"EuroMillions UK resultater online \u2013 Se med det samme, om du har vundet","description":"Tjek dine EuroMillions UK resultater online. Sammenlign din kupon og se straks, om du har vundet. F\u00e5 adgang til op til 24 m\u00e5neders resultater p\u00e5 LottoHoy.","robots":{"index":"index","follow":"follow","max-snippet":"max-snippet:-1","max-image-preview":"max-image-preview:large","max-video-preview":"max-video-preview:-1"},"canonical":"https:\/\/lottohoy.com\/da\/resultater-af-lotterier\/euromillions-uk-resultater\/","og_locale":"da_DK","og_type":"article","og_title":"EuroMillions UK resultater online \u2013 Se med det samme, om du har vundet","og_description":"Tjek dine EuroMillions UK resultater online. Sammenlign din kupon og se straks, om du har vundet. F\u00e5 adgang til op til 24 m\u00e5neders resultater p\u00e5 LottoHoy.","og_url":"https:\/\/lottohoy.com\/da\/resultater-af-lotterier\/euromillions-uk-resultater\/","og_site_name":"Lottohoy","article_modified_time":"2025-06-14T15:24:40+00:00","twitter_card":"summary_large_image","twitter_misc":{"Estimeret l\u00e6setid":"2 minutter"},"schema":{"@context":"https:\/\/schema.org","@graph":[{"@type":"WebPage","@id":"https:\/\/lottohoy.com\/da\/resultater-af-lotterier\/euromillions-uk-resultater\/","url":"https:\/\/lottohoy.com\/da\/resultater-af-lotterier\/euromillions-uk-resultater\/","name":"EuroMillions UK resultater online \u2013 Se med det samme, om du har vundet","isPartOf":{"@id":"https:\/\/lottohoy.com\/da\/#website"},"datePublished":"2025-06-13T12:21:14+00:00","dateModified":"2025-06-14T15:24:40+00:00","description":"Tjek dine EuroMillions UK resultater online. Sammenlign din kupon og se straks, om du har vundet. F\u00e5 adgang til op til 24 m\u00e5neders resultater p\u00e5 LottoHoy.","breadcrumb":{"@id":"https:\/\/lottohoy.com\/da\/resultater-af-lotterier\/euromillions-uk-resultater\/#breadcrumb"},"inLanguage":"da-DK","potentialAction":[{"@type":"ReadAction","target":["https:\/\/lottohoy.com\/da\/resultater-af-lotterier\/euromillions-uk-resultater\/"]}]},{"@type":"BreadcrumbList","@id":"https:\/\/lottohoy.com\/da\/resultater-af-lotterier\/euromillions-uk-resultater\/#breadcrumb","itemListElement":[{"@type":"ListItem","position":1,"name":"Home","item":"https:\/\/lottohoy.com\/da\/"},{"@type":"ListItem","position":2,"name":"Resultater af lotterier","item":"https:\/\/lottohoy.com\/da\/resultater-af-lotterier\/"},{"@type":"ListItem","position":3,"name":"EuroMillions UK resultater"}]},{"@type":"WebSite","@id":"https:\/\/lottohoy.com\/da\/#website","url":"https:\/\/lottohoy.com\/da\/","name":"Lottohoy","description":"","potentialAction":[{"@type":"SearchAction","target":{"@type":"EntryPoint","urlTemplate":"https:\/\/lottohoy.com\/da\/?s={search_term_string}"},"query-input":{"@type":"PropertyValueSpecification","valueRequired":true,"valueName":"search_term_string"}}],"inLanguage":"da-DK"}]}},"_links":{"self":[{"href":"https:\/\/lottohoy.com\/da\/wp-json\/wp\/v2\/pages\/20593","targetHints":{"allow":["GET"]}}],"collection":[{"href":"https:\/\/lottohoy.com\/da\/wp-json\/wp\/v2\/pages"}],"about":[{"href":"https:\/\/lottohoy.com\/da\/wp-json\/wp\/v2\/types\/page"}],"author":[{"embeddable":true,"href":"https:\/\/lottohoy.com\/da\/wp-json\/wp\/v2\/users\/8"}],"replies":[{"embeddable":true,"href":"https:\/\/lottohoy.com\/da\/wp-json\/wp\/v2\/comments?post=20593"}],"version-history":[{"count":1,"href":"https:\/\/lottohoy.com\/da\/wp-json\/wp\/v2\/pages\/20593\/revisions"}],"predecessor-version":[{"id":20594,"href":"https:\/\/lottohoy.com\/da\/wp-json\/wp\/v2\/pages\/20593\/revisions\/20594"}],"up":[{"embeddable":true,"href":"https:\/\/lottohoy.com\/da\/wp-json\/wp\/v2\/pages\/16888"}],"wp:attachment":[{"href":"https:\/\/lottohoy.com\/da\/wp-json\/wp\/v2\/media?parent=20593"}],"curies":[{"name":"wp","href":"https:\/\/api.w.org\/{rel}","templated":true}]}}