{"id":20521,"date":"2025-06-13T12:40:52","date_gmt":"2025-06-13T11:40:52","guid":{"rendered":"https:\/\/lottohoy.com\/?page_id=20521"},"modified":"2025-06-13T18:11:02","modified_gmt":"2025-06-13T17:11:02","slug":"spil-euromillions-uk","status":"publish","type":"page","link":"https:\/\/lottohoy.com\/da\/spil\/spil-euromillions-uk\/","title":{"rendered":"Spil EuroMillions UK"},"content":{"rendered":"<h1 data-start=\"265\" data-end=\"304\">Spil EuroMillions UK \u2013 Introduktion<\/h1>\n<p data-start=\"306\" data-end=\"724\">EuroMillions er et lotterispil, der drives uafh\u00e6ngigt af hvert af de deltagende lande.<br data-start=\"392\" data-end=\"395\" \/>Det blev lanceret i 2004 p\u00e5 initiativ fra det franske firma \u201cFran\u00e7aise des Jeux\u201d, det spanske lotteri \u201cLoter\u00edas y Apuestas del Estado\u201d og det britiske \u201cCamelot\u201d. Senere tilsluttede officielle lotterier fra i alt 9 europ\u00e6iske lande sig (Frankrig, Spanien, Storbritannien, \u00d8strig, Belgien, Irland, Luxembourg, Portugal og Schweiz).<\/p>\n<p data-start=\"726\" data-end=\"883\">Efter Brexit forlod Storbritannien EU, men deltager stadig i EuroMillions med de samme regler som de \u00f8vrige lande \u2013 dog med nogle f\u00e5 forskelle. (Se detaljer)<\/p>\n<p data-start=\"885\" data-end=\"1063\">I Storbritannien inkluderer en almindelig EuroMillions-kupon ogs\u00e5 UK Millionaire Maker \u2013 et spil med en unik kode, hvor der i hver tr\u00e6kning er \u00e9n garanteret vinder af \u00a31.000.000.<\/p>\n<h2 data-start=\"1070\" data-end=\"1114\">Hvordan spiller man EuroMillions online?<\/h2>\n<p data-start=\"1116\" data-end=\"1335\">Det er meget nemt. Opret f\u00f8rst en brugerkonto p\u00e5 <a class=\"\" href=\"https:\/\/lottohoy.com\/da\/registrering\/\" target=\"_new\" rel=\"noopener\" data-start=\"1165\" data-end=\"1200\">lottohoy.com<\/a> for at f\u00e5 adgang til alle funktioner: Spillekonsol, information om lotteriet, resultater og et nyhedsafsnit med aktuelle opdateringer.<\/p>\n<p data-start=\"1337\" data-end=\"1479\">P\u00e5 spillekonsollen er der 5 felter (hvert repr\u00e6senterer \u00e9n kupon) med tal opdelt i to sektioner: hovedtal (1 til 50) og stjernetal (1 til 12).<\/p>\n<p data-start=\"1481\" data-end=\"1557\">Du kan udfylde din kombination manuelt eller lade systemet v\u00e6lge tilf\u00e6ldigt.<\/p>\n<p data-start=\"1559\" data-end=\"1617\">Det er vigtigt at kende de forskellige m\u00e5der at spille p\u00e5:<\/p>\n<h3 data-start=\"1624\" data-end=\"1656\">Standardspil EuroMillions UK<\/h3>\n<p data-start=\"1658\" data-end=\"1794\">Hvert felt svarer til en enkeltsats.<br data-start=\"1694\" data-end=\"1697\" \/>Du skal v\u00e6lge 5 tal mellem 1 og 50 og derudover 2 stjernetal fra den nederste sektion (1 til 12).<\/p>\n<h3 data-start=\"1801\" data-end=\"1831\">Systemspil EuroMillions UK<\/h3>\n<p data-start=\"1833\" data-end=\"1991\">P\u00e5 nuv\u00e6rende tidspunkt er det ikke muligt at lave systemspil online via vores platform, men&#8230;<br data-start=\"1927\" data-end=\"1930\" \/>Vores udviklere arbejder p\u00e5 at g\u00f8re det tilg\u00e6ngeligt snarest.<\/p>\n<p data-start=\"1993\" data-end=\"2105\">Offline er systemspil dog muligt.<br data-start=\"2026\" data-end=\"2029\" \/>Du udfylder kun det f\u00f8rste felt med 6 til 10 hovedtal og 2 til 6 stjernetal.<\/p>\n<p data-start=\"2107\" data-end=\"2246\">Jo flere kombinationer, desto h\u00f8jere bliver prisen.<br data-start=\"2158\" data-end=\"2161\" \/>Her er en vejledende tabel \u2013 gang prisen for en enkelt kupon med antal kombinationer:<\/p>\n<div class=\"_tableContainer_16hzy_1\">\n<div class=\"_tableWrapper_16hzy_14 group flex w-fit flex-col-reverse\">\n<table class=\"w-fit min-w-(--thread-content-width)\" data-start=\"2248\" data-end=\"2601\">\n<thead data-start=\"2248\" data-end=\"2306\">\n<tr data-start=\"2248\" data-end=\"2306\">\n<th data-start=\"2248\" data-end=\"2265\" data-col-size=\"sm\">Stjerner \\ Tal<\/th>\n<th data-start=\"2265\" data-end=\"2270\" data-col-size=\"sm\">5<\/th>\n<th data-start=\"2270\" data-end=\"2275\" data-col-size=\"sm\">6<\/th>\n<th data-start=\"2275\" data-end=\"2281\" data-col-size=\"sm\">7<\/th>\n<th data-start=\"2281\" data-end=\"2288\" data-col-size=\"sm\">8<\/th>\n<th data-start=\"2288\" data-end=\"2296\" data-col-size=\"sm\">9<\/th>\n<th data-start=\"2296\" data-end=\"2306\" data-col-size=\"sm\">10<\/th>\n<\/tr>\n<\/thead>\n<tbody data-start=\"2366\" data-end=\"2601\">\n<tr data-start=\"2366\" data-end=\"2424\">\n<td data-start=\"2366\" data-end=\"2383\" data-col-size=\"sm\">2<\/td>\n<td data-col-size=\"sm\" data-start=\"2383\" data-end=\"2388\">\u2013<\/td>\n<td data-col-size=\"sm\" data-start=\"2388\" data-end=\"2393\">6<\/td>\n<td data-col-size=\"sm\" data-start=\"2393\" data-end=\"2399\">21<\/td>\n<td data-col-size=\"sm\" data-start=\"2399\" data-end=\"2406\">56<\/td>\n<td data-col-size=\"sm\" data-start=\"2406\" data-end=\"2414\">126<\/td>\n<td data-col-size=\"sm\" data-start=\"2414\" data-end=\"2424\">252<\/td>\n<\/tr>\n<tr data-start=\"2425\" data-end=\"2483\">\n<td data-start=\"2425\" data-end=\"2442\" data-col-size=\"sm\">3<\/td>\n<td data-start=\"2442\" data-end=\"2447\" data-col-size=\"sm\">3<\/td>\n<td data-start=\"2447\" data-end=\"2452\" data-col-size=\"sm\">18<\/td>\n<td data-start=\"2452\" data-end=\"2458\" data-col-size=\"sm\">63<\/td>\n<td data-start=\"2458\" data-end=\"2465\" data-col-size=\"sm\">168<\/td>\n<td data-start=\"2465\" data-end=\"2473\" data-col-size=\"sm\">378<\/td>\n<td data-col-size=\"sm\" data-start=\"2473\" data-end=\"2483\">756<\/td>\n<\/tr>\n<tr data-start=\"2484\" data-end=\"2542\">\n<td data-start=\"2484\" data-end=\"2501\" data-col-size=\"sm\">4<\/td>\n<td data-col-size=\"sm\" data-start=\"2501\" data-end=\"2506\">6<\/td>\n<td data-col-size=\"sm\" data-start=\"2506\" data-end=\"2511\">36<\/td>\n<td data-col-size=\"sm\" data-start=\"2511\" data-end=\"2517\">126<\/td>\n<td data-col-size=\"sm\" data-start=\"2517\" data-end=\"2524\">336<\/td>\n<td data-col-size=\"sm\" data-start=\"2524\" data-end=\"2532\">756<\/td>\n<td data-col-size=\"sm\" data-start=\"2532\" data-end=\"2542\">1.512<\/td>\n<\/tr>\n<tr data-start=\"2543\" data-end=\"2601\">\n<td data-start=\"2543\" data-end=\"2560\" data-col-size=\"sm\">5<\/td>\n<td data-col-size=\"sm\" data-start=\"2560\" data-end=\"2565\">10<\/td>\n<td data-col-size=\"sm\" data-start=\"2565\" data-end=\"2570\">60<\/td>\n<td data-col-size=\"sm\" data-start=\"2570\" data-end=\"2576\">210<\/td>\n<td data-col-size=\"sm\" data-start=\"2576\" data-end=\"2583\">560<\/td>\n<td data-col-size=\"sm\" data-start=\"2583\" data-end=\"2591\">1.260<\/td>\n<td data-col-size=\"sm\" data-start=\"2591\" data-end=\"2601\">2.520<\/td>\n<\/tr>\n<\/tbody>\n<\/table>\n<div class=\"sticky end-(--thread-content-margin) h-0 self-end select-none\">\n<div class=\"absolute end-0 flex items-end\"><\/div>\n<\/div>\n<\/div>\n<\/div>\n<h3 data-start=\"2608\" data-end=\"2642\">Reduceret spil EuroMillions UK<\/h3>\n<p data-start=\"2644\" data-end=\"2716\">Denne mulighed er kun tilg\u00e6ngelig offline, men her er nogle oplysninger:<\/p>\n<p data-start=\"2718\" data-end=\"2825\">Det kombinerer enkelt- og systemspil. Spilleren kan d\u00e6kke flere kombinationer p\u00e5 \u00e9n kupon med gentagne tal.<\/p>\n<p data-start=\"2827\" data-end=\"2837\">Eksempler:<\/p>\n<ul data-start=\"2839\" data-end=\"3098\">\n<li data-start=\"2839\" data-end=\"2889\">\n<p data-start=\"2841\" data-end=\"2889\">10 tal og 2 stjerner = 14 spil (mod 252 fulde)<\/p>\n<\/li>\n<li data-start=\"2890\" data-end=\"2941\">\n<p data-start=\"2892\" data-end=\"2941\">10 tal og 4 stjerner = 28 spil (mod 1512 fulde)<\/p>\n<\/li>\n<li data-start=\"2942\" data-end=\"2993\">\n<p data-start=\"2944\" data-end=\"2993\">10 tal og 3 stjerner = 84 spil (mod 1512 fulde)<\/p>\n<\/li>\n<li data-start=\"2994\" data-end=\"3046\">\n<p data-start=\"2996\" data-end=\"3046\">12 tal og 3 stjerner = 114 spil (mod 2376 fulde)<\/p>\n<\/li>\n<li data-start=\"3047\" data-end=\"3098\">\n<p data-start=\"3049\" data-end=\"3098\">15 tal og 4 stjerner = 30 spil (mod 18.018 fulde)<\/p>\n<\/li>\n<\/ul>\n<h2 data-start=\"3105\" data-end=\"3138\">Hvorn\u00e5r tr\u00e6kkes EuroMillions?<\/h2>\n<p data-start=\"3140\" data-end=\"3228\">EuroMillions har f\u00e6lles tr\u00e6kninger i hele Europa hver tirsdag og fredag kl. 21:30 (CET).<\/p>\n<p data-start=\"3230\" data-end=\"3381\">Vores platform lukker for k\u00f8b et par timer f\u00f8r tr\u00e6kningen (meddelelse vises i spillekonsollen), s\u00e5 vores lokale partnere kan validere kuponerne i tide.<\/p>\n<p data-start=\"3383\" data-end=\"3468\">Hvis du k\u00f8ber efter fristen, deltager kuponen i n\u00e6ste tr\u00e6kning med samme betingelser.<\/p>\n<p data-start=\"3470\" data-end=\"3563\">Ved tilbagevendende spil g\u00e6lder fristen kun for f\u00f8rste kupon \u2013 resten registreres automatisk.<\/p>\n<h2 data-start=\"3570\" data-end=\"3613\">Fordele ved at k\u00f8be EuroMillions online<\/h2>\n<p data-start=\"3615\" data-end=\"3667\">Nye k\u00f8bsvaner og bekvemmelighed giver mange fordele:<\/p>\n<ul data-start=\"3669\" data-end=\"4293\">\n<li data-start=\"3669\" data-end=\"3735\">\n<p data-start=\"3671\" data-end=\"3735\"><strong data-start=\"3671\" data-end=\"3709\">Sikker betaling med HTTPS-protokol<\/strong> \u2013 tjek altid for dette.<\/p>\n<\/li>\n<li data-start=\"3736\" data-end=\"3802\">\n<p data-start=\"3738\" data-end=\"3802\"><strong data-start=\"3738\" data-end=\"3786\">Forskellige betalings- og udbetalingsmetoder<\/strong> tilg\u00e6ngelige.<\/p>\n<\/li>\n<li data-start=\"3803\" data-end=\"3869\">\n<p data-start=\"3805\" data-end=\"3869\"><strong data-start=\"3805\" data-end=\"3828\">K\u00f8b 24\/7 \u00e5ret rundt<\/strong> \u2013 ingen \u00e5bningstider at holde \u00f8je med.<\/p>\n<\/li>\n<li data-start=\"3870\" data-end=\"3960\">\n<p data-start=\"3872\" data-end=\"3960\"><strong data-start=\"3872\" data-end=\"3912\">Spil fra hvor som helst \u2013 ingen k\u00f8er<\/strong> \u2013 bare brug din mobil, tablet eller computer.<\/p>\n<\/li>\n<li data-start=\"3961\" data-end=\"4015\">\n<p data-start=\"3963\" data-end=\"4015\"><strong data-start=\"3963\" data-end=\"4013\">Intet tab af kuponer \u2013 alt gemmes p\u00e5 din konto<\/strong><\/p>\n<\/li>\n<li data-start=\"4016\" data-end=\"4080\">\n<p data-start=\"4018\" data-end=\"4080\"><strong data-start=\"4018\" data-end=\"4063\">Gevinster s\u00e6ttes direkte ind p\u00e5 din konto<\/strong> efter kontrol.<\/p>\n<\/li>\n<li data-start=\"4081\" data-end=\"4243\">\n<p data-start=\"4083\" data-end=\"4243\"><strong data-start=\"4083\" data-end=\"4170\">F\u00f8lg jackpots, specialtr\u00e6kninger og nyheder direkte fra platformen eller via e-mail<\/strong><br data-start=\"4170\" data-end=\"4173\" \/>\u27a4 <span style=\"color: #3366ff\"><a style=\"color: #3366ff\" href=\"https:\/\/lottohoy.com\/da\/lotteri-jackpots\/\">Lotteri jackpots<\/a><\/span><\/p>\n<\/li>\n<li data-start=\"4244\" data-end=\"4293\">\n<p data-start=\"4246\" data-end=\"4293\"><strong data-start=\"4246\" data-end=\"4293\">Resultater sendes automatisk til din e-mail<\/strong><\/p>\n<\/li>\n<\/ul>\n","protected":false},"excerpt":{"rendered":"<p>Spil EuroMillions UK \u2013 Introduktion EuroMillions er et lotterispil, der drives uafh\u00e6ngigt af hvert af de deltagende lande.Det blev lanceret i 2004 p\u00e5 initiativ fra det franske firma \u201cFran\u00e7aise des Jeux\u201d, det spanske lotteri \u201cLoter\u00edas y Apuestas del Estado\u201d og det britiske \u201cCamelot\u201d. Senere tilsluttede officielle lotterier fra i alt 9 europ\u00e6iske lande sig (Frankrig, [&hellip;]<\/p>\n","protected":false},"author":8,"featured_media":0,"parent":16579,"menu_order":0,"comment_status":"closed","ping_status":"closed","template":"euromillions.php","meta":{"_et_pb_use_builder":"","_et_pb_old_content":"","_et_gb_content_width":"","exclude_from_search":false,"footnotes":""},"class_list":["post-20521","page","type-page","status-publish","hentry"],"yoast_head":"<!-- This site is optimized with the Yoast SEO plugin v23.7 - https:\/\/yoast.com\/wordpress\/plugins\/seo\/ -->\n<title>Spil EuroMillions UK online \u2013 Regler, tider og gevinster | LottoHoy<\/title>\n<meta name=\"description\" content=\"L\u00e6r hvordan du spiller EuroMillions UK online. Se regler, tr\u00e6kningstider og hvordan du vinder 1 mio. \u00a3 med UK Millionaire Maker. Spil sikkert via LottoHoy.\" \/>\n<meta name=\"robots\" content=\"index, follow, max-snippet:-1, max-image-preview:large, max-video-preview:-1\" \/>\n<link rel=\"canonical\" href=\"https:\/\/lottohoy.com\/da\/spil\/spil-euromillions-uk\/\" \/>\n<meta property=\"og:locale\" content=\"da_DK\" \/>\n<meta property=\"og:type\" content=\"article\" \/>\n<meta property=\"og:title\" content=\"Spil EuroMillions UK online \u2013 Regler, tider og gevinster | LottoHoy\" \/>\n<meta property=\"og:description\" content=\"L\u00e6r hvordan du spiller EuroMillions UK online. Se regler, tr\u00e6kningstider og hvordan du vinder 1 mio. \u00a3 med UK Millionaire Maker. Spil sikkert via LottoHoy.\" \/>\n<meta property=\"og:url\" content=\"https:\/\/lottohoy.com\/da\/spil\/spil-euromillions-uk\/\" \/>\n<meta property=\"og:site_name\" content=\"Lottohoy\" \/>\n<meta property=\"article:modified_time\" content=\"2025-06-13T17:11:02+00:00\" \/>\n<meta name=\"twitter:card\" content=\"summary_large_image\" \/>\n<meta name=\"twitter:label1\" content=\"Estimeret l\u00e6setid\" \/>\n\t<meta name=\"twitter:data1\" content=\"3 minutter\" \/>\n<script type=\"application\/ld+json\" class=\"yoast-schema-graph\">{\"@context\":\"https:\/\/schema.org\",\"@graph\":[{\"@type\":\"WebPage\",\"@id\":\"https:\/\/lottohoy.com\/da\/spil\/spil-euromillions-uk\/\",\"url\":\"https:\/\/lottohoy.com\/da\/spil\/spil-euromillions-uk\/\",\"name\":\"Spil EuroMillions UK online \u2013 Regler, tider og gevinster | LottoHoy\",\"isPartOf\":{\"@id\":\"https:\/\/lottohoy.com\/da\/#website\"},\"datePublished\":\"2025-06-13T11:40:52+00:00\",\"dateModified\":\"2025-06-13T17:11:02+00:00\",\"description\":\"L\u00e6r hvordan du spiller EuroMillions UK online. Se regler, tr\u00e6kningstider og hvordan du vinder 1 mio. \u00a3 med UK Millionaire Maker. Spil sikkert via LottoHoy.\",\"breadcrumb\":{\"@id\":\"https:\/\/lottohoy.com\/da\/spil\/spil-euromillions-uk\/#breadcrumb\"},\"inLanguage\":\"da-DK\",\"potentialAction\":[{\"@type\":\"ReadAction\",\"target\":[\"https:\/\/lottohoy.com\/da\/spil\/spil-euromillions-uk\/\"]}]},{\"@type\":\"BreadcrumbList\",\"@id\":\"https:\/\/lottohoy.com\/da\/spil\/spil-euromillions-uk\/#breadcrumb\",\"itemListElement\":[{\"@type\":\"ListItem\",\"position\":1,\"name\":\"Home\",\"item\":\"https:\/\/lottohoy.com\/da\/\"},{\"@type\":\"ListItem\",\"position\":2,\"name\":\"Spil lotteri online\",\"item\":\"https:\/\/lottohoy.com\/da\/spil\/\"},{\"@type\":\"ListItem\",\"position\":3,\"name\":\"Spil EuroMillions UK\"}]},{\"@type\":\"WebSite\",\"@id\":\"https:\/\/lottohoy.com\/da\/#website\",\"url\":\"https:\/\/lottohoy.com\/da\/\",\"name\":\"Lottohoy\",\"description\":\"\",\"potentialAction\":[{\"@type\":\"SearchAction\",\"target\":{\"@type\":\"EntryPoint\",\"urlTemplate\":\"https:\/\/lottohoy.com\/da\/?s={search_term_string}\"},\"query-input\":{\"@type\":\"PropertyValueSpecification\",\"valueRequired\":true,\"valueName\":\"search_term_string\"}}],\"inLanguage\":\"da-DK\"}]}<\/script>\n<!-- \/ Yoast SEO plugin. -->","yoast_head_json":{"title":"Spil EuroMillions UK online \u2013 Regler, tider og gevinster | LottoHoy","description":"L\u00e6r hvordan du spiller EuroMillions UK online. Se regler, tr\u00e6kningstider og hvordan du vinder 1 mio. \u00a3 med UK Millionaire Maker. Spil sikkert via LottoHoy.","robots":{"index":"index","follow":"follow","max-snippet":"max-snippet:-1","max-image-preview":"max-image-preview:large","max-video-preview":"max-video-preview:-1"},"canonical":"https:\/\/lottohoy.com\/da\/spil\/spil-euromillions-uk\/","og_locale":"da_DK","og_type":"article","og_title":"Spil EuroMillions UK online \u2013 Regler, tider og gevinster | LottoHoy","og_description":"L\u00e6r hvordan du spiller EuroMillions UK online. Se regler, tr\u00e6kningstider og hvordan du vinder 1 mio. \u00a3 med UK Millionaire Maker. Spil sikkert via LottoHoy.","og_url":"https:\/\/lottohoy.com\/da\/spil\/spil-euromillions-uk\/","og_site_name":"Lottohoy","article_modified_time":"2025-06-13T17:11:02+00:00","twitter_card":"summary_large_image","twitter_misc":{"Estimeret l\u00e6setid":"3 minutter"},"schema":{"@context":"https:\/\/schema.org","@graph":[{"@type":"WebPage","@id":"https:\/\/lottohoy.com\/da\/spil\/spil-euromillions-uk\/","url":"https:\/\/lottohoy.com\/da\/spil\/spil-euromillions-uk\/","name":"Spil EuroMillions UK online \u2013 Regler, tider og gevinster | LottoHoy","isPartOf":{"@id":"https:\/\/lottohoy.com\/da\/#website"},"datePublished":"2025-06-13T11:40:52+00:00","dateModified":"2025-06-13T17:11:02+00:00","description":"L\u00e6r hvordan du spiller EuroMillions UK online. Se regler, tr\u00e6kningstider og hvordan du vinder 1 mio. \u00a3 med UK Millionaire Maker. Spil sikkert via LottoHoy.","breadcrumb":{"@id":"https:\/\/lottohoy.com\/da\/spil\/spil-euromillions-uk\/#breadcrumb"},"inLanguage":"da-DK","potentialAction":[{"@type":"ReadAction","target":["https:\/\/lottohoy.com\/da\/spil\/spil-euromillions-uk\/"]}]},{"@type":"BreadcrumbList","@id":"https:\/\/lottohoy.com\/da\/spil\/spil-euromillions-uk\/#breadcrumb","itemListElement":[{"@type":"ListItem","position":1,"name":"Home","item":"https:\/\/lottohoy.com\/da\/"},{"@type":"ListItem","position":2,"name":"Spil lotteri online","item":"https:\/\/lottohoy.com\/da\/spil\/"},{"@type":"ListItem","position":3,"name":"Spil EuroMillions UK"}]},{"@type":"WebSite","@id":"https:\/\/lottohoy.com\/da\/#website","url":"https:\/\/lottohoy.com\/da\/","name":"Lottohoy","description":"","potentialAction":[{"@type":"SearchAction","target":{"@type":"EntryPoint","urlTemplate":"https:\/\/lottohoy.com\/da\/?s={search_term_string}"},"query-input":{"@type":"PropertyValueSpecification","valueRequired":true,"valueName":"search_term_string"}}],"inLanguage":"da-DK"}]}},"_links":{"self":[{"href":"https:\/\/lottohoy.com\/da\/wp-json\/wp\/v2\/pages\/20521","targetHints":{"allow":["GET"]}}],"collection":[{"href":"https:\/\/lottohoy.com\/da\/wp-json\/wp\/v2\/pages"}],"about":[{"href":"https:\/\/lottohoy.com\/da\/wp-json\/wp\/v2\/types\/page"}],"author":[{"embeddable":true,"href":"https:\/\/lottohoy.com\/da\/wp-json\/wp\/v2\/users\/8"}],"replies":[{"embeddable":true,"href":"https:\/\/lottohoy.com\/da\/wp-json\/wp\/v2\/comments?post=20521"}],"version-history":[{"count":2,"href":"https:\/\/lottohoy.com\/da\/wp-json\/wp\/v2\/pages\/20521\/revisions"}],"predecessor-version":[{"id":20525,"href":"https:\/\/lottohoy.com\/da\/wp-json\/wp\/v2\/pages\/20521\/revisions\/20525"}],"up":[{"embeddable":true,"href":"https:\/\/lottohoy.com\/da\/wp-json\/wp\/v2\/pages\/16579"}],"wp:attachment":[{"href":"https:\/\/lottohoy.com\/da\/wp-json\/wp\/v2\/media?parent=20521"}],"curies":[{"name":"wp","href":"https:\/\/api.w.org\/{rel}","templated":true}]}}