{"id":17038,"date":"2024-10-23T09:10:38","date_gmt":"2024-10-23T08:10:38","guid":{"rendered":"https:\/\/lottohoy.com\/lotteri-jackpots\/"},"modified":"2024-10-23T09:10:38","modified_gmt":"2024-10-23T08:10:38","slug":"lotteri-jackpots","status":"publish","type":"page","link":"https:\/\/lottohoy.com\/da\/lotteri-jackpots\/","title":{"rendered":"Lotteri jackpots"},"content":{"rendered":"<p>Nedenfor kan du finde en oversigtstabel med alle <strong>lotterijackpots<\/strong> for i dag og den kommende uge. Dette afsnit opdateres automatisk efter hver tr\u00e6kning og viser de seneste jackpots.<\/p>\n<h2><b>Hvad er en jackpot, og hvordan fungerer de?<\/b><\/h2>\n<p>I spil og lotterier henviser ordet \u00bb<strong>jackpot<\/strong>\u00ab til et bel\u00f8b, der er akkumuleret fra pr\u00e6mier, der ikke er tildelt i tidligere tr\u00e6kninger.<\/p>\n<p>Alle moderne <strong>lotterier<\/strong> har tilpasset deres regler for at tiltr\u00e6kke spillere og \u00f8ge deltagelsen og p\u00e5 den m\u00e5de g\u00f8re fristelsen til at spille uimodst\u00e5elig.<\/p>\n<p>En jackpot starter, n\u00e5r der ikke er nogen vinder i nogen af kategorierne i en lodtr\u00e6kning. Hvert spil har sin egen m\u00e5de at bestemme m\u00e6ngden af mulige jackpots for hver tr\u00e6kning, hvordan pengene fordeles, hvilken del der g\u00e5r til hver pr\u00e6miekategori, om der er et <strong>garanteret minimum<\/strong>, eller om der er et <strong>maksimalt antal gange<\/strong>, pr\u00e6mien kan rulles over.<\/p>\n<h2><b>Minimum og maksimum garanterede lotterijackpots<\/b><\/h2>\n<p>N\u00e5r vi gennemg\u00e5r de lotterier, der akkumulerer <strong>st\u00f8rre jackpots<\/strong>, kan vi se, at nogle har et garanteret minimumsbel\u00f8b for f\u00f8rstepr\u00e6mien, hvortil det tilsvarende bel\u00f8b p\u00e5 indsamlingen til lodtr\u00e6kningen l\u00e6gges. Hver organiserende enhed beslutter sig for minimumsbel\u00f8bet afh\u00e6ngigt af den ansl\u00e5ede indt\u00e6gt. <strong>Amerikanske lotterier<\/strong> har en tendens til at starte med de st\u00f8rste jackpots.<\/p>\n<p><b>Minimum garanteret Maximun jackpot Rollover<\/b><\/p>\n<p>PowerBall jackpot $ 40 millioner Ingen gr\u00e6nse Ingen gr\u00e6nse<\/p>\n<p>MegaMillions jackpot $ 40 millioner* Ingen gr\u00e6nse Ingen gr\u00e6nse<\/p>\n<p>Euromillones jackpot \u20ac 20 millioner \u20ac 250 millioner 4<\/p>\n<p>Eurojackpot jackpot \u20ac 10 millioner \u20ac 120 millioner 1<\/p>\n<p>SuperEnalotto jackpot \u20ac 2 millioner Ingen gr\u00e6nse Ingen gr\u00e6nse<\/p>\n<p>La Primitiva jackpot \u20ac 2 millioner Ingen gr\u00e6nse Ingen gr\u00e6nse<\/p>\n<p>OZ PowerBall jackpot AU $ 3 millioner Ingen gr\u00e6nse Ingen gr\u00e6nse<\/p>\n<p>BonoLoto jackpot \u20ac 0,400 millioner Ingen gr\u00e6nse Ingen gr\u00e6nse<\/p>\n<p>Gordo Primitiva jackpot \u20ac 5 millioner Ingen gr\u00e6nse Ingen gr\u00e6nse<\/p>\n<p>UK Lottery jackpot \u00a3 2 millioner** \u00a3 22 millioner 4<\/p>\n<p>Polish Lotto jackpot z\u0142 2 Millions No limit No limit<\/p>\n<p>*<em> Under COVID 19-pandemien blev den garanterede minimumspr\u00e6mie reduceret til 20 millioner dollars.<\/em><\/p>\n<p><em>** Ikke garanteret, minimumsbel\u00f8bet er ansl\u00e5et.<\/em><\/p>\n<h2><b>S\u00e5dan akkumuleres lotterijackpots<\/b><\/h2>\n<p>Uafh\u00e6ngigt af det faktum, at hvert lotteri har et <strong>garanteret minimum<\/strong> for hovedpr\u00e6mien, er de indsamlingsprocenter, der er fastsat i hver forordning for de resterende kategorier, ogs\u00e5 en del af disse million\u00e6rpr\u00e6mier.<\/p>\n<p>Der er dog lotterier som <a href=\"https:\/\/lottohoy.com\/play\/powerball\/\"><strong>PowerBall<\/strong><\/a>, MegaMillions og andre, der har <strong>faste bel\u00f8b<\/strong> til andenpladsen og efterf\u00f8lgende pr\u00e6miekategorier.<\/p>\n<h3>Fordeling p\u00e5 indsamling af lotteri jackpot<\/h3>\n<p>Generelt g\u00e6lder det, at n\u00e5r der allerede er en eksisterende jackpot fra tidligere lodtr\u00e6kninger, l\u00e6gges <strong>indsamlingsprocenten<\/strong> for den n\u00e6ste til den eksisterende jackpot.<\/p>\n<p>Der er lotterier, der afs\u00e6tter en <strong>h\u00f8j procentdel<\/strong> af hver tr\u00e6kningsindsamling til at \u00f8ge puljen, og andre foretr\u00e6kker at fordele den mellem de forskellige kategorier.<\/p>\n<p>Lad os se, hvordan de lotterier, der har de h\u00f8jeste jackpots, akkumuleres:<\/p>\n<p><b>Procentdel af indsamlingen til jackpotten<\/b><\/p>\n<p><b>PowerBall <\/b>68,01% af indsamlingen + jackpot<\/p>\n<p><b>MegaMillion <\/b>65,15% af indsamlingen + jackpot<\/p>\n<p><b>Euromillones EU <\/b>43,20% 6 tr\u00e6kninger, og 27% efter<\/p>\n<p><b>Eurojackpot <\/b>18% af indsamlingen + jackpot<\/p>\n<p><b>SuperEnalotto <\/b>17,4 %. <\/p>\n<p><b>La Primitiva.<\/b> <b>ES <\/b>6,18%<\/p>\n<p><b>OZ PowerBall AU <\/b>35 %. <\/p>\n<p><b>Bono Loto.<\/b> <b>ES <\/b>45% <\/p>\n<p><b>El Gordo ES <\/b>22 %. <\/p>\n<p><b>UK Lottery <\/b>83% oprindeligt, og 27% efter<\/p>\n<p><b>Polsk Lotto PL <\/b>44% oprindeligt, og 27% efter<\/p>\n<h2>St\u00f8rste jackpots vundet til dato<\/h2>\n<h4>Her efterlader vi en liste over de st\u00f8rste jackpots i de amerikanske lotteriers historie:<\/h4>\n<p><strong>$2,04 milliarder<\/strong>, i \u00f8jeblikket i 2025, den st\u00f8rste jackpot tildelt af <strong>Powerball-lotteriet<\/strong>, i november 2022<\/p>\n<p><strong>1,6 milliarder dollars<\/strong>. Ny rekord sat den 23. oktober 2018 i MegaMillions.<\/p>\n<p>De st\u00f8rste pr\u00e6mier i europ\u00e6iske lotterier<\/p>\n<p>I mods\u00e6tning til amerikanske lotterier er europ\u00e6iske lotteripr\u00e6mier fra EuroMillions, Eurojackpot og andre generelt ikke skattepligtige, undtagen i nogle lande, s\u00e5som Spanien, Portugal eller Italien.<\/p>\n<h4>De st\u00f8rste europ\u00e6iske lotterijackpots til dato har v\u00e6ret f\u00f8lgende:<\/h4>\n<p>Den st\u00f8rste jackpot i <strong>EuroMillions Lottery <\/strong>er p\u00e5 <strong>240 millioner euro<\/strong> den 8. december 2023 til en vinder fra \u00d8strig.<\/p>\n<p>Den st\u00f8rste jackpot i <strong>SuperEnalotto-lotteriet<\/strong> var p\u00e5 <strong>371,1 millioner euro<\/strong> den 16. februar 2023.<\/p>\n<p><strong>Eurojackpot-lotteriet<\/strong>, i \u00f8jeblikket er den maksimale jackpot <strong>120 millioner euro<\/strong>, og i l\u00f8bet af 2024 er den blevet uddelt op til 4 gange.\u00bb<em>Tidligere var den maksimale jackpot 90 millioner euro, og den var blevet uddelt fem gange\u00ab<\/em><\/p>\n<p>Den h\u00f8jeste <strong>BonoLoto-jackpot<\/strong> er p\u00e5 <strong>10,6 millioner<\/strong> euro, den 1\/17\/2024<\/p>\n<p><strong>La Primitiva Lottery<\/strong> <strong>\u20ac101,7 millioner<\/strong>, fra i dag, i 10 \u00e5r er det ikke blevet overskredet<\/p>\n<p><strong>66.070.646 pund<\/strong> den 9\/1\/2016 i det <strong>britiske lotteri.<\/strong> Det blev senere begr\u00e6nset til \u00a322 mio.<\/p>\n<p><strong>Z\u0142 56 millioner<\/strong> (n\u00e6sten 13 millioner euro) i september 2011 i det <strong>polske lotteri.<\/strong><\/p>\n<p>Hvis du vil pr\u00f8ve lykken og deltage i den n\u00e6ste tr\u00e6kning af de st\u00f8rste lotterier i verden for at vinde den n\u00e6ste jackpot, skal du bare klikke p\u00e5 et af de \u00bbSpil\u00ab-links, som du finder i tabellen \u00f8verst p\u00e5 denne side.<\/p>\n<p>Hvad venter du p\u00e5? Du kan blive den n\u00e6ste vinder af en af disse <strong>lotterijackpots<\/strong>.<\/p>\n","protected":false},"excerpt":{"rendered":"<p>Nedenfor kan du finde en oversigtstabel med alle lotterijackpots for i dag og den kommende uge. Dette afsnit opdateres automatisk efter hver tr\u00e6kning og viser de seneste jackpots. Hvad er en jackpot, og hvordan fungerer de? I spil og lotterier henviser ordet \u00bbjackpot\u00ab til et bel\u00f8b, der er akkumuleret fra pr\u00e6mier, der ikke er tildelt [&hellip;]<\/p>\n","protected":false},"author":1,"featured_media":0,"parent":0,"menu_order":6,"comment_status":"closed","ping_status":"closed","template":"","meta":{"_et_pb_use_builder":"","_et_pb_old_content":"","_et_gb_content_width":"","exclude_from_search":false,"footnotes":""},"class_list":["post-17038","page","type-page","status-publish","hentry"],"yoast_head":"<!-- This site is optimized with the Yoast SEO plugin v23.7 - https:\/\/yoast.com\/wordpress\/plugins\/seo\/ -->\n<title>De st\u00f8rste lotterijackpots - Spil online lotteri - LottoHoy<\/title>\n<meta name=\"description\" content=\"Er du p\u00e5 udkig efter den n\u00e6ste store jackpot? Find de st\u00f8rste lotterijackpots og k\u00f8b din lodseddel online. 100% sikkert!\" \/>\n<meta name=\"robots\" content=\"index, follow, max-snippet:-1, max-image-preview:large, max-video-preview:-1\" \/>\n<link rel=\"canonical\" href=\"https:\/\/lottohoy.com\/da\/lotteri-jackpots\/\" \/>\n<meta property=\"og:locale\" content=\"da_DK\" \/>\n<meta property=\"og:type\" content=\"article\" \/>\n<meta property=\"og:title\" content=\"De st\u00f8rste lotterijackpots - Spil online lotteri - LottoHoy\" \/>\n<meta property=\"og:description\" content=\"Er du p\u00e5 udkig efter den n\u00e6ste store jackpot? Find de st\u00f8rste lotterijackpots og k\u00f8b din lodseddel online. 100% sikkert!\" \/>\n<meta property=\"og:url\" content=\"https:\/\/lottohoy.com\/da\/lotteri-jackpots\/\" \/>\n<meta property=\"og:site_name\" content=\"Lottohoy\" \/>\n<meta name=\"twitter:card\" content=\"summary_large_image\" \/>\n<meta name=\"twitter:label1\" content=\"Estimeret l\u00e6setid\" \/>\n\t<meta name=\"twitter:data1\" content=\"4 minutter\" \/>\n<script type=\"application\/ld+json\" class=\"yoast-schema-graph\">{\"@context\":\"https:\/\/schema.org\",\"@graph\":[{\"@type\":\"WebPage\",\"@id\":\"https:\/\/lottohoy.com\/da\/lotteri-jackpots\/\",\"url\":\"https:\/\/lottohoy.com\/da\/lotteri-jackpots\/\",\"name\":\"De st\u00f8rste lotterijackpots - Spil online lotteri - LottoHoy\",\"isPartOf\":{\"@id\":\"https:\/\/lottohoy.com\/da\/#website\"},\"datePublished\":\"2024-10-23T08:10:38+00:00\",\"dateModified\":\"2024-10-23T08:10:38+00:00\",\"description\":\"Er du p\u00e5 udkig efter den n\u00e6ste store jackpot? Find de st\u00f8rste lotterijackpots og k\u00f8b din lodseddel online. 100% sikkert!\",\"breadcrumb\":{\"@id\":\"https:\/\/lottohoy.com\/da\/lotteri-jackpots\/#breadcrumb\"},\"inLanguage\":\"da-DK\",\"potentialAction\":[{\"@type\":\"ReadAction\",\"target\":[\"https:\/\/lottohoy.com\/da\/lotteri-jackpots\/\"]}]},{\"@type\":\"BreadcrumbList\",\"@id\":\"https:\/\/lottohoy.com\/da\/lotteri-jackpots\/#breadcrumb\",\"itemListElement\":[{\"@type\":\"ListItem\",\"position\":1,\"name\":\"Home\",\"item\":\"https:\/\/lottohoy.com\/da\/\"},{\"@type\":\"ListItem\",\"position\":2,\"name\":\"Lotteri jackpots\"}]},{\"@type\":\"WebSite\",\"@id\":\"https:\/\/lottohoy.com\/da\/#website\",\"url\":\"https:\/\/lottohoy.com\/da\/\",\"name\":\"Lottohoy\",\"description\":\"\",\"potentialAction\":[{\"@type\":\"SearchAction\",\"target\":{\"@type\":\"EntryPoint\",\"urlTemplate\":\"https:\/\/lottohoy.com\/da\/?s={search_term_string}\"},\"query-input\":{\"@type\":\"PropertyValueSpecification\",\"valueRequired\":true,\"valueName\":\"search_term_string\"}}],\"inLanguage\":\"da-DK\"}]}<\/script>\n<!-- \/ Yoast SEO plugin. -->","yoast_head_json":{"title":"De st\u00f8rste lotterijackpots - Spil online lotteri - LottoHoy","description":"Er du p\u00e5 udkig efter den n\u00e6ste store jackpot? Find de st\u00f8rste lotterijackpots og k\u00f8b din lodseddel online. 100% sikkert!","robots":{"index":"index","follow":"follow","max-snippet":"max-snippet:-1","max-image-preview":"max-image-preview:large","max-video-preview":"max-video-preview:-1"},"canonical":"https:\/\/lottohoy.com\/da\/lotteri-jackpots\/","og_locale":"da_DK","og_type":"article","og_title":"De st\u00f8rste lotterijackpots - Spil online lotteri - LottoHoy","og_description":"Er du p\u00e5 udkig efter den n\u00e6ste store jackpot? Find de st\u00f8rste lotterijackpots og k\u00f8b din lodseddel online. 100% sikkert!","og_url":"https:\/\/lottohoy.com\/da\/lotteri-jackpots\/","og_site_name":"Lottohoy","twitter_card":"summary_large_image","twitter_misc":{"Estimeret l\u00e6setid":"4 minutter"},"schema":{"@context":"https:\/\/schema.org","@graph":[{"@type":"WebPage","@id":"https:\/\/lottohoy.com\/da\/lotteri-jackpots\/","url":"https:\/\/lottohoy.com\/da\/lotteri-jackpots\/","name":"De st\u00f8rste lotterijackpots - Spil online lotteri - LottoHoy","isPartOf":{"@id":"https:\/\/lottohoy.com\/da\/#website"},"datePublished":"2024-10-23T08:10:38+00:00","dateModified":"2024-10-23T08:10:38+00:00","description":"Er du p\u00e5 udkig efter den n\u00e6ste store jackpot? Find de st\u00f8rste lotterijackpots og k\u00f8b din lodseddel online. 100% sikkert!","breadcrumb":{"@id":"https:\/\/lottohoy.com\/da\/lotteri-jackpots\/#breadcrumb"},"inLanguage":"da-DK","potentialAction":[{"@type":"ReadAction","target":["https:\/\/lottohoy.com\/da\/lotteri-jackpots\/"]}]},{"@type":"BreadcrumbList","@id":"https:\/\/lottohoy.com\/da\/lotteri-jackpots\/#breadcrumb","itemListElement":[{"@type":"ListItem","position":1,"name":"Home","item":"https:\/\/lottohoy.com\/da\/"},{"@type":"ListItem","position":2,"name":"Lotteri jackpots"}]},{"@type":"WebSite","@id":"https:\/\/lottohoy.com\/da\/#website","url":"https:\/\/lottohoy.com\/da\/","name":"Lottohoy","description":"","potentialAction":[{"@type":"SearchAction","target":{"@type":"EntryPoint","urlTemplate":"https:\/\/lottohoy.com\/da\/?s={search_term_string}"},"query-input":{"@type":"PropertyValueSpecification","valueRequired":true,"valueName":"search_term_string"}}],"inLanguage":"da-DK"}]}},"_links":{"self":[{"href":"https:\/\/lottohoy.com\/da\/wp-json\/wp\/v2\/pages\/17038","targetHints":{"allow":["GET"]}}],"collection":[{"href":"https:\/\/lottohoy.com\/da\/wp-json\/wp\/v2\/pages"}],"about":[{"href":"https:\/\/lottohoy.com\/da\/wp-json\/wp\/v2\/types\/page"}],"author":[{"embeddable":true,"href":"https:\/\/lottohoy.com\/da\/wp-json\/wp\/v2\/users\/1"}],"replies":[{"embeddable":true,"href":"https:\/\/lottohoy.com\/da\/wp-json\/wp\/v2\/comments?post=17038"}],"version-history":[{"count":0,"href":"https:\/\/lottohoy.com\/da\/wp-json\/wp\/v2\/pages\/17038\/revisions"}],"wp:attachment":[{"href":"https:\/\/lottohoy.com\/da\/wp-json\/wp\/v2\/media?parent=17038"}],"curies":[{"name":"wp","href":"https:\/\/api.w.org\/{rel}","templated":true}]}}