{"id":17029,"date":"2018-08-23T10:31:30","date_gmt":"2018-08-23T09:31:30","guid":{"rendered":"https:\/\/lottohoy.com\/resultater-af-lotterier\/resultater-fra-loerdagslotto\/"},"modified":"2018-08-23T10:31:30","modified_gmt":"2018-08-23T09:31:30","slug":"resultater-fra-loerdagslotto","status":"publish","type":"page","link":"https:\/\/lottohoy.com\/da\/resultater-af-lotterier\/resultater-fra-loerdagslotto\/","title":{"rendered":"Resultater fra l\u00f8rdagslotto"},"content":{"rendered":"<p>Denne side viser en detaljeret oversigt over l\u00f8rdagens <b>lottoresultater<\/b>, ud over den ansl\u00e5ede jackpot for den afholdte tr\u00e6kning og andre oplysninger af interesse.<\/p>\n<h2>Dagens AU-l\u00f8rdagslotto-resultater<\/h2>\n<p>P\u00e5 denne sk\u00e6rm kan du se en tabel, der viser resultaterne af den forrige lodtr\u00e6kning og fordelingen af pr\u00e6mier for hver af kategorierne. Det ansl\u00e5ede antal vindere pr. kategori og det bel\u00f8b, der skal fordeles mellem dem alle.<\/p>\n<h2>Alle resultaterne af Australia Saturday Lotto<\/h2>\n<p>Ud over de resultater, der vises i boksen for den forrige tr\u00e6kning, samt adgang til resultater af alle tidligere tr\u00e6kninger, der er afholdt s\u00e5 langt tilbage som seks \u00e5r<\/p>\n<p>Til h\u00f8jre for vinderkombinationen giver nogle pile dig mulighed for at se tidligere tr\u00e6kninger.<\/p>\n","protected":false},"excerpt":{"rendered":"<p>Denne side viser en detaljeret oversigt over l\u00f8rdagens lottoresultater, ud over den ansl\u00e5ede jackpot for den afholdte tr\u00e6kning og andre oplysninger af interesse. Dagens AU-l\u00f8rdagslotto-resultater P\u00e5 denne sk\u00e6rm kan du se en tabel, der viser resultaterne af den forrige lodtr\u00e6kning og fordelingen af pr\u00e6mier for hver af kategorierne. Det ansl\u00e5ede antal vindere pr. kategori og [&hellip;]<\/p>\n","protected":false},"author":2,"featured_media":0,"parent":16888,"menu_order":19,"comment_status":"closed","ping_status":"closed","template":"saturday-lotto-results.php","meta":{"_et_pb_use_builder":"","_et_pb_old_content":"","_et_gb_content_width":"","exclude_from_search":false,"footnotes":""},"class_list":["post-17029","page","type-page","status-publish","hentry"],"yoast_head":"<!-- This site is optimized with the Yoast SEO plugin v23.7 - https:\/\/yoast.com\/wordpress\/plugins\/seo\/ -->\n<title>\u25b7 L\u00f8rdagslotto-resultater | L\u00f8rdagslotto-vindende numre<\/title>\n<meta name=\"description\" content=\"Find en detaljeret oversigt over l\u00f8rdagens Lotto-resultater , ud over den ansl\u00e5ede jackpot for den afholdte tr\u00e6kning og andre oplysninger af interesse.\" \/>\n<meta name=\"robots\" content=\"index, follow, max-snippet:-1, max-image-preview:large, max-video-preview:-1\" \/>\n<link rel=\"canonical\" href=\"https:\/\/lottohoy.com\/da\/resultater-af-lotterier\/resultater-fra-loerdagslotto\/\" \/>\n<meta property=\"og:locale\" content=\"da_DK\" \/>\n<meta property=\"og:type\" content=\"article\" \/>\n<meta property=\"og:title\" content=\"\u25b7 L\u00f8rdagslotto-resultater | L\u00f8rdagslotto-vindende numre\" \/>\n<meta property=\"og:description\" content=\"Find en detaljeret oversigt over l\u00f8rdagens Lotto-resultater , ud over den ansl\u00e5ede jackpot for den afholdte tr\u00e6kning og andre oplysninger af interesse.\" \/>\n<meta property=\"og:url\" content=\"https:\/\/lottohoy.com\/da\/resultater-af-lotterier\/resultater-fra-loerdagslotto\/\" \/>\n<meta property=\"og:site_name\" content=\"Lottohoy\" \/>\n<meta name=\"twitter:card\" content=\"summary_large_image\" \/>\n<meta name=\"twitter:label1\" content=\"Estimeret l\u00e6setid\" \/>\n\t<meta name=\"twitter:data1\" content=\"1 minut\" \/>\n<script type=\"application\/ld+json\" class=\"yoast-schema-graph\">{\"@context\":\"https:\/\/schema.org\",\"@graph\":[{\"@type\":\"WebPage\",\"@id\":\"https:\/\/lottohoy.com\/da\/resultater-af-lotterier\/resultater-fra-loerdagslotto\/\",\"url\":\"https:\/\/lottohoy.com\/da\/resultater-af-lotterier\/resultater-fra-loerdagslotto\/\",\"name\":\"\u25b7 L\u00f8rdagslotto-resultater | L\u00f8rdagslotto-vindende numre\",\"isPartOf\":{\"@id\":\"https:\/\/lottohoy.com\/da\/#website\"},\"datePublished\":\"2018-08-23T09:31:30+00:00\",\"dateModified\":\"2018-08-23T09:31:30+00:00\",\"description\":\"Find en detaljeret oversigt over l\u00f8rdagens Lotto-resultater , ud over den ansl\u00e5ede jackpot for den afholdte tr\u00e6kning og andre oplysninger af interesse.\",\"breadcrumb\":{\"@id\":\"https:\/\/lottohoy.com\/da\/resultater-af-lotterier\/resultater-fra-loerdagslotto\/#breadcrumb\"},\"inLanguage\":\"da-DK\",\"potentialAction\":[{\"@type\":\"ReadAction\",\"target\":[\"https:\/\/lottohoy.com\/da\/resultater-af-lotterier\/resultater-fra-loerdagslotto\/\"]}]},{\"@type\":\"BreadcrumbList\",\"@id\":\"https:\/\/lottohoy.com\/da\/resultater-af-lotterier\/resultater-fra-loerdagslotto\/#breadcrumb\",\"itemListElement\":[{\"@type\":\"ListItem\",\"position\":1,\"name\":\"Home\",\"item\":\"https:\/\/lottohoy.com\/da\/\"},{\"@type\":\"ListItem\",\"position\":2,\"name\":\"Resultater af lotterier\",\"item\":\"https:\/\/lottohoy.com\/da\/resultater-af-lotterier\/\"},{\"@type\":\"ListItem\",\"position\":3,\"name\":\"Resultater fra l\u00f8rdagslotto\"}]},{\"@type\":\"WebSite\",\"@id\":\"https:\/\/lottohoy.com\/da\/#website\",\"url\":\"https:\/\/lottohoy.com\/da\/\",\"name\":\"Lottohoy\",\"description\":\"\",\"potentialAction\":[{\"@type\":\"SearchAction\",\"target\":{\"@type\":\"EntryPoint\",\"urlTemplate\":\"https:\/\/lottohoy.com\/da\/?s={search_term_string}\"},\"query-input\":{\"@type\":\"PropertyValueSpecification\",\"valueRequired\":true,\"valueName\":\"search_term_string\"}}],\"inLanguage\":\"da-DK\"}]}<\/script>\n<!-- \/ Yoast SEO plugin. -->","yoast_head_json":{"title":"\u25b7 L\u00f8rdagslotto-resultater | L\u00f8rdagslotto-vindende numre","description":"Find en detaljeret oversigt over l\u00f8rdagens Lotto-resultater , ud over den ansl\u00e5ede jackpot for den afholdte tr\u00e6kning og andre oplysninger af interesse.","robots":{"index":"index","follow":"follow","max-snippet":"max-snippet:-1","max-image-preview":"max-image-preview:large","max-video-preview":"max-video-preview:-1"},"canonical":"https:\/\/lottohoy.com\/da\/resultater-af-lotterier\/resultater-fra-loerdagslotto\/","og_locale":"da_DK","og_type":"article","og_title":"\u25b7 L\u00f8rdagslotto-resultater | L\u00f8rdagslotto-vindende numre","og_description":"Find en detaljeret oversigt over l\u00f8rdagens Lotto-resultater , ud over den ansl\u00e5ede jackpot for den afholdte tr\u00e6kning og andre oplysninger af interesse.","og_url":"https:\/\/lottohoy.com\/da\/resultater-af-lotterier\/resultater-fra-loerdagslotto\/","og_site_name":"Lottohoy","twitter_card":"summary_large_image","twitter_misc":{"Estimeret l\u00e6setid":"1 minut"},"schema":{"@context":"https:\/\/schema.org","@graph":[{"@type":"WebPage","@id":"https:\/\/lottohoy.com\/da\/resultater-af-lotterier\/resultater-fra-loerdagslotto\/","url":"https:\/\/lottohoy.com\/da\/resultater-af-lotterier\/resultater-fra-loerdagslotto\/","name":"\u25b7 L\u00f8rdagslotto-resultater | L\u00f8rdagslotto-vindende numre","isPartOf":{"@id":"https:\/\/lottohoy.com\/da\/#website"},"datePublished":"2018-08-23T09:31:30+00:00","dateModified":"2018-08-23T09:31:30+00:00","description":"Find en detaljeret oversigt over l\u00f8rdagens Lotto-resultater , ud over den ansl\u00e5ede jackpot for den afholdte tr\u00e6kning og andre oplysninger af interesse.","breadcrumb":{"@id":"https:\/\/lottohoy.com\/da\/resultater-af-lotterier\/resultater-fra-loerdagslotto\/#breadcrumb"},"inLanguage":"da-DK","potentialAction":[{"@type":"ReadAction","target":["https:\/\/lottohoy.com\/da\/resultater-af-lotterier\/resultater-fra-loerdagslotto\/"]}]},{"@type":"BreadcrumbList","@id":"https:\/\/lottohoy.com\/da\/resultater-af-lotterier\/resultater-fra-loerdagslotto\/#breadcrumb","itemListElement":[{"@type":"ListItem","position":1,"name":"Home","item":"https:\/\/lottohoy.com\/da\/"},{"@type":"ListItem","position":2,"name":"Resultater af lotterier","item":"https:\/\/lottohoy.com\/da\/resultater-af-lotterier\/"},{"@type":"ListItem","position":3,"name":"Resultater fra l\u00f8rdagslotto"}]},{"@type":"WebSite","@id":"https:\/\/lottohoy.com\/da\/#website","url":"https:\/\/lottohoy.com\/da\/","name":"Lottohoy","description":"","potentialAction":[{"@type":"SearchAction","target":{"@type":"EntryPoint","urlTemplate":"https:\/\/lottohoy.com\/da\/?s={search_term_string}"},"query-input":{"@type":"PropertyValueSpecification","valueRequired":true,"valueName":"search_term_string"}}],"inLanguage":"da-DK"}]}},"_links":{"self":[{"href":"https:\/\/lottohoy.com\/da\/wp-json\/wp\/v2\/pages\/17029","targetHints":{"allow":["GET"]}}],"collection":[{"href":"https:\/\/lottohoy.com\/da\/wp-json\/wp\/v2\/pages"}],"about":[{"href":"https:\/\/lottohoy.com\/da\/wp-json\/wp\/v2\/types\/page"}],"author":[{"embeddable":true,"href":"https:\/\/lottohoy.com\/da\/wp-json\/wp\/v2\/users\/2"}],"replies":[{"embeddable":true,"href":"https:\/\/lottohoy.com\/da\/wp-json\/wp\/v2\/comments?post=17029"}],"version-history":[{"count":0,"href":"https:\/\/lottohoy.com\/da\/wp-json\/wp\/v2\/pages\/17029\/revisions"}],"up":[{"embeddable":true,"href":"https:\/\/lottohoy.com\/da\/wp-json\/wp\/v2\/pages\/16888"}],"wp:attachment":[{"href":"https:\/\/lottohoy.com\/da\/wp-json\/wp\/v2\/media?parent=17029"}],"curies":[{"name":"wp","href":"https:\/\/api.w.org\/{rel}","templated":true}]}}