{"id":17023,"date":"2018-08-22T10:28:14","date_gmt":"2018-08-22T09:28:14","guid":{"rendered":"https:\/\/lottohoy.com\/?page_id=17023"},"modified":"2025-03-26T06:07:30","modified_gmt":"2025-03-26T06:07:30","slug":"powerball-au-resultater","status":"publish","type":"page","link":"https:\/\/lottohoy.com\/da\/resultater-af-lotterier\/powerball-au-resultater\/","title":{"rendered":"Powerball AU-resultater"},"content":{"rendered":"<p>Denne side viser os alle resultaterne fra det australske Powerball-lotteri samt den ansl\u00e5ede jackpot for tr\u00e6kningen og andre oplysninger af interesse.<\/p>\n<h2>Dagens PowerBall AU-resultater<\/h2>\n<p>Boksen viser resultaterne af den sidste tr\u00e6kning og fordelingen af pr\u00e6mier for hver af kategorierne.<\/p>\n<p>Derudover det ansl\u00e5ede antal vindere pr. kategori og det bel\u00f8b, der skal fordeles mellem dem, i betragtning af at lavere kategorier ikke har et fast bel\u00f8b tildelt.<\/p>\n<h2>Alle australske PowerBall-resultater<\/h2>\n<p>Ud over de resultater, der vises i boksen for denne sidste lodtr\u00e6kning, p\u00e5 denne side kan du ogs\u00e5 f\u00e5 adgang til resultater fra alle tidligere lodtr\u00e6kninger, siden den sidste opdatering den<sup>19<\/sup>. april 2018.<\/p>\n<p>Til h\u00f8jre for den vinderkombination, der blev vist i den seneste lodtr\u00e6kning, er der nogle gr\u00e5 bokse med retningspile, som giver dig mulighed for at tjekke resultater fra tidligere lodtr\u00e6kninger.<\/p>\n","protected":false},"excerpt":{"rendered":"<p>Denne side viser os alle resultaterne fra det australske Powerball-lotteri samt den ansl\u00e5ede jackpot for tr\u00e6kningen og andre oplysninger af interesse. Dagens PowerBall AU-resultater Boksen viser resultaterne af den sidste tr\u00e6kning og fordelingen af pr\u00e6mier for hver af kategorierne. Derudover det ansl\u00e5ede antal vindere pr. kategori og det bel\u00f8b, der skal fordeles mellem dem, i [&hellip;]<\/p>\n","protected":false},"author":7,"featured_media":0,"parent":16888,"menu_order":17,"comment_status":"closed","ping_status":"closed","template":"powerball-au-results.php","meta":{"_et_pb_use_builder":"","_et_pb_old_content":"","_et_gb_content_width":"","exclude_from_search":false,"footnotes":""},"class_list":["post-17023","page","type-page","status-publish","hentry"],"yoast_head":"<!-- This site is optimized with the Yoast SEO plugin v23.7 - https:\/\/yoast.com\/wordpress\/plugins\/seo\/ -->\n<title>PowerBall AU-resultater - Tjek dine tal - LottoHoy<\/title>\n<meta name=\"description\" content=\"Denne side viser os alle resultaterne fra det australske Powerball-lotteri, samt den ansl\u00e5ede jackpot for tr\u00e6kningen og andre oplysninger af interesse.\" \/>\n<meta name=\"robots\" content=\"index, follow, max-snippet:-1, max-image-preview:large, max-video-preview:-1\" \/>\n<link rel=\"canonical\" href=\"https:\/\/lottohoy.com\/da\/resultater-af-lotterier\/powerball-au-resultater\/\" \/>\n<meta property=\"og:locale\" content=\"da_DK\" \/>\n<meta property=\"og:type\" content=\"article\" \/>\n<meta property=\"og:title\" content=\"PowerBall AU-resultater - Tjek dine tal - LottoHoy\" \/>\n<meta property=\"og:description\" content=\"Denne side viser os alle resultaterne fra det australske Powerball-lotteri, samt den ansl\u00e5ede jackpot for tr\u00e6kningen og andre oplysninger af interesse.\" \/>\n<meta property=\"og:url\" content=\"https:\/\/lottohoy.com\/da\/resultater-af-lotterier\/powerball-au-resultater\/\" \/>\n<meta property=\"og:site_name\" content=\"Lottohoy\" \/>\n<meta property=\"article:modified_time\" content=\"2025-03-26T06:07:30+00:00\" \/>\n<meta name=\"twitter:card\" content=\"summary_large_image\" \/>\n<meta name=\"twitter:label1\" content=\"Estimeret l\u00e6setid\" \/>\n\t<meta name=\"twitter:data1\" content=\"1 minut\" \/>\n<script type=\"application\/ld+json\" class=\"yoast-schema-graph\">{\"@context\":\"https:\/\/schema.org\",\"@graph\":[{\"@type\":\"WebPage\",\"@id\":\"https:\/\/lottohoy.com\/da\/resultater-af-lotterier\/powerball-au-resultater\/\",\"url\":\"https:\/\/lottohoy.com\/da\/resultater-af-lotterier\/powerball-au-resultater\/\",\"name\":\"PowerBall AU-resultater - Tjek dine tal - LottoHoy\",\"isPartOf\":{\"@id\":\"https:\/\/lottohoy.com\/da\/#website\"},\"datePublished\":\"2018-08-22T09:28:14+00:00\",\"dateModified\":\"2025-03-26T06:07:30+00:00\",\"description\":\"Denne side viser os alle resultaterne fra det australske Powerball-lotteri, samt den ansl\u00e5ede jackpot for tr\u00e6kningen og andre oplysninger af interesse.\",\"breadcrumb\":{\"@id\":\"https:\/\/lottohoy.com\/da\/resultater-af-lotterier\/powerball-au-resultater\/#breadcrumb\"},\"inLanguage\":\"da-DK\",\"potentialAction\":[{\"@type\":\"ReadAction\",\"target\":[\"https:\/\/lottohoy.com\/da\/resultater-af-lotterier\/powerball-au-resultater\/\"]}]},{\"@type\":\"BreadcrumbList\",\"@id\":\"https:\/\/lottohoy.com\/da\/resultater-af-lotterier\/powerball-au-resultater\/#breadcrumb\",\"itemListElement\":[{\"@type\":\"ListItem\",\"position\":1,\"name\":\"Home\",\"item\":\"https:\/\/lottohoy.com\/da\/\"},{\"@type\":\"ListItem\",\"position\":2,\"name\":\"Resultater af lotterier\",\"item\":\"https:\/\/lottohoy.com\/da\/resultater-af-lotterier\/\"},{\"@type\":\"ListItem\",\"position\":3,\"name\":\"Powerball AU-resultater\"}]},{\"@type\":\"WebSite\",\"@id\":\"https:\/\/lottohoy.com\/da\/#website\",\"url\":\"https:\/\/lottohoy.com\/da\/\",\"name\":\"Lottohoy\",\"description\":\"\",\"potentialAction\":[{\"@type\":\"SearchAction\",\"target\":{\"@type\":\"EntryPoint\",\"urlTemplate\":\"https:\/\/lottohoy.com\/da\/?s={search_term_string}\"},\"query-input\":{\"@type\":\"PropertyValueSpecification\",\"valueRequired\":true,\"valueName\":\"search_term_string\"}}],\"inLanguage\":\"da-DK\"}]}<\/script>\n<!-- \/ Yoast SEO plugin. -->","yoast_head_json":{"title":"PowerBall AU-resultater - Tjek dine tal - LottoHoy","description":"Denne side viser os alle resultaterne fra det australske Powerball-lotteri, samt den ansl\u00e5ede jackpot for tr\u00e6kningen og andre oplysninger af interesse.","robots":{"index":"index","follow":"follow","max-snippet":"max-snippet:-1","max-image-preview":"max-image-preview:large","max-video-preview":"max-video-preview:-1"},"canonical":"https:\/\/lottohoy.com\/da\/resultater-af-lotterier\/powerball-au-resultater\/","og_locale":"da_DK","og_type":"article","og_title":"PowerBall AU-resultater - Tjek dine tal - LottoHoy","og_description":"Denne side viser os alle resultaterne fra det australske Powerball-lotteri, samt den ansl\u00e5ede jackpot for tr\u00e6kningen og andre oplysninger af interesse.","og_url":"https:\/\/lottohoy.com\/da\/resultater-af-lotterier\/powerball-au-resultater\/","og_site_name":"Lottohoy","article_modified_time":"2025-03-26T06:07:30+00:00","twitter_card":"summary_large_image","twitter_misc":{"Estimeret l\u00e6setid":"1 minut"},"schema":{"@context":"https:\/\/schema.org","@graph":[{"@type":"WebPage","@id":"https:\/\/lottohoy.com\/da\/resultater-af-lotterier\/powerball-au-resultater\/","url":"https:\/\/lottohoy.com\/da\/resultater-af-lotterier\/powerball-au-resultater\/","name":"PowerBall AU-resultater - Tjek dine tal - LottoHoy","isPartOf":{"@id":"https:\/\/lottohoy.com\/da\/#website"},"datePublished":"2018-08-22T09:28:14+00:00","dateModified":"2025-03-26T06:07:30+00:00","description":"Denne side viser os alle resultaterne fra det australske Powerball-lotteri, samt den ansl\u00e5ede jackpot for tr\u00e6kningen og andre oplysninger af interesse.","breadcrumb":{"@id":"https:\/\/lottohoy.com\/da\/resultater-af-lotterier\/powerball-au-resultater\/#breadcrumb"},"inLanguage":"da-DK","potentialAction":[{"@type":"ReadAction","target":["https:\/\/lottohoy.com\/da\/resultater-af-lotterier\/powerball-au-resultater\/"]}]},{"@type":"BreadcrumbList","@id":"https:\/\/lottohoy.com\/da\/resultater-af-lotterier\/powerball-au-resultater\/#breadcrumb","itemListElement":[{"@type":"ListItem","position":1,"name":"Home","item":"https:\/\/lottohoy.com\/da\/"},{"@type":"ListItem","position":2,"name":"Resultater af lotterier","item":"https:\/\/lottohoy.com\/da\/resultater-af-lotterier\/"},{"@type":"ListItem","position":3,"name":"Powerball AU-resultater"}]},{"@type":"WebSite","@id":"https:\/\/lottohoy.com\/da\/#website","url":"https:\/\/lottohoy.com\/da\/","name":"Lottohoy","description":"","potentialAction":[{"@type":"SearchAction","target":{"@type":"EntryPoint","urlTemplate":"https:\/\/lottohoy.com\/da\/?s={search_term_string}"},"query-input":{"@type":"PropertyValueSpecification","valueRequired":true,"valueName":"search_term_string"}}],"inLanguage":"da-DK"}]}},"_links":{"self":[{"href":"https:\/\/lottohoy.com\/da\/wp-json\/wp\/v2\/pages\/17023","targetHints":{"allow":["GET"]}}],"collection":[{"href":"https:\/\/lottohoy.com\/da\/wp-json\/wp\/v2\/pages"}],"about":[{"href":"https:\/\/lottohoy.com\/da\/wp-json\/wp\/v2\/types\/page"}],"author":[{"embeddable":true,"href":"https:\/\/lottohoy.com\/da\/wp-json\/wp\/v2\/users\/7"}],"replies":[{"embeddable":true,"href":"https:\/\/lottohoy.com\/da\/wp-json\/wp\/v2\/comments?post=17023"}],"version-history":[{"count":1,"href":"https:\/\/lottohoy.com\/da\/wp-json\/wp\/v2\/pages\/17023\/revisions"}],"predecessor-version":[{"id":17024,"href":"https:\/\/lottohoy.com\/da\/wp-json\/wp\/v2\/pages\/17023\/revisions\/17024"}],"up":[{"embeddable":true,"href":"https:\/\/lottohoy.com\/da\/wp-json\/wp\/v2\/pages\/16888"}],"wp:attachment":[{"href":"https:\/\/lottohoy.com\/da\/wp-json\/wp\/v2\/media?parent=17023"}],"curies":[{"name":"wp","href":"https:\/\/api.w.org\/{rel}","templated":true}]}}