{"id":17008,"date":"2020-08-10T15:58:35","date_gmt":"2020-08-10T14:58:35","guid":{"rendered":"https:\/\/lottohoy.com\/resultater-af-lotterier\/resultater-af-mega-sena-lotteriet\/"},"modified":"2020-08-10T15:58:35","modified_gmt":"2020-08-10T14:58:35","slug":"resultater-af-mega-sena-lotteriet","status":"publish","type":"page","link":"https:\/\/lottohoy.com\/da\/resultater-af-lotterier\/resultater-af-mega-sena-lotteriet\/","title":{"rendered":"Resultater af Mega Sena-lotteriet"},"content":{"rendered":"<h2>Tjek resultaterne af Mega Sena<\/h2>\n<p>For at kontrollere den vindende kombination af Mega Sena-lotteritegningerne skal du blot sammenligne tallene i kombinationen vist p\u00e5 din billet med det resultat, der vises p\u00e5 denne side.<\/p>\n<p>Du kan ogs\u00e5 f\u00e5 adgang til brugerkontoen, hvor alle bev\u00e6gelser vil blive afspejlet, inklusive de opn\u00e5ede pr\u00e6mier<\/p>\n<p>P\u00e5 samme side kan du ogs\u00e5 se de akkumulerede, vinderne og pr\u00e6mierne i hver af kategorierne og de tidligere tr\u00e6kninger, der er op til 24 m\u00e5neder gamle.<\/p>\n<h2>Hvordan er fordelingen af pr\u00e6mier?<\/h2>\n<p>P\u00e5 denne side kan du se den vindende kombination i den sidste lodtr\u00e6kning og fordelingen af pr\u00e6mier svarende til hver af kategorierne.<\/p>\n<p>Hvis du er en registreret bruger, deponeres de opn\u00e5ede pr\u00e6mier direkte p\u00e5 brugerkontoen, og du kan have penge p\u00e5 din saldo, s\u00e5 du kan spille igen eller bede om en udbetaling<\/p>\n<h2>Toppr\u00e6mier og Mega Sena-lotterijackpots<\/h2>\n<p>Den garanterede minimumspr\u00e6mie er R$2.000.000. Den f\u00f8rste pr\u00e6miekategori er kumulativ i tilf\u00e6lde af, at der ikke er nogen vinder i lodtr\u00e6kningen, og pr\u00e6mien forts\u00e6tter med at akkumulere uden begr\u00e6nsning.<\/p>\n<p>Den st\u00f8rste akkumulerede jackpot i dette lotteris historie var i 2017, som n\u00e5ede en rekord p\u00e5 306.718.743, R$ 71 (svarende til 49.074.999).<\/p>\n<p>Mega Sena er et lotteri, som vi kan betragte som \u00bblet\u00ab, og selv om det har en garanteret minimumspr\u00e6mie p\u00e5 2.000.000 euro til vinderne i den f\u00f8rste kategori (6 rigtige), f\u00e5r man normalt ikke kumulative jackpots p\u00e5 supermillion\u00e6rbel\u00f8b som i andre europ\u00e6iske eller amerikanske lotterier.<\/p>\n<p>Det skyldes, at det ofte er en succes, og at der er mange million\u00e6rer, som har skabt dette lotteri.<\/p>\n<h2>De hyppigste tal i Mega Sena<\/h2>\n<p>Siden begyndelsen af tr\u00e6kningerne i marts 1996 har de tal, der oftest er blevet trukket, v\u00e6ret<\/p>\n<p>De s\u00e5kaldte \u00bb<strong>varme tal<\/strong>\u00ab 10, 53, 23, 5, 4 og 33<\/p>\n<p>De s\u00e5kaldte \u00bb<strong>kolde tal<\/strong>\u00ab 25, 55, 21, 22, 3 og 15<\/p>\n<p>Af hovednumrene er de, der har haft flest optr\u00e6dener<\/p>\n<p>&#8211; Nummer 10, med 262 tilsynekomster<\/p>\n<p>&#8211; Nummer 55 med 261 tilsynekomster<\/p>\n<p>N\u00e5r vi derimod ser p\u00e5 de tal, der har optr\u00e5dt mindst, ser vi, at nummer 26 kun har haft 187 optr\u00e6dener.<\/p>\n<p>Og for dem af jer, der elsker statistik:<\/p>\n<p>&#8211; De mest almindelige par har v\u00e6ret 5 og 33 eller 5 og 27<\/p>\n<p>&#8211; De fortl\u00f8bende par var 51 og 52 eller 41 og 42<\/p>\n<p>&#8211; De mest almindelige trioer har v\u00e6ret: 24-25 og 42<\/p>\n<p>&#8211; Og endelig var de fortl\u00f8bende trioer: 6-7 og 8<\/p>\n","protected":false},"excerpt":{"rendered":"<p>Tjek resultaterne af Mega Sena For at kontrollere den vindende kombination af Mega Sena-lotteritegningerne skal du blot sammenligne tallene i kombinationen vist p\u00e5 din billet med det resultat, der vises p\u00e5 denne side. Du kan ogs\u00e5 f\u00e5 adgang til brugerkontoen, hvor alle bev\u00e6gelser vil blive afspejlet, inklusive de opn\u00e5ede pr\u00e6mier P\u00e5 samme side kan du [&hellip;]<\/p>\n","protected":false},"author":2,"featured_media":0,"parent":16888,"menu_order":16,"comment_status":"closed","ping_status":"closed","template":"megasena-results.php","meta":{"_et_pb_use_builder":"","_et_pb_old_content":"","_et_gb_content_width":"","exclude_from_search":false,"footnotes":""},"class_list":["post-17008","page","type-page","status-publish","hentry"],"yoast_head":"<!-- This site is optimized with the Yoast SEO plugin v23.7 - https:\/\/yoast.com\/wordpress\/plugins\/seo\/ -->\n<title>Mega Sena-resultater vist - LottoHoy.com<\/title>\n<meta name=\"description\" content=\"Tjek, om du har vundet en pr\u00e6mie i tr\u00e6kningerne, og sammenlign den indsats, du har gjort, Mega Sena-resultaterne fra den sidste tr\u00e6kning vises.\" \/>\n<meta name=\"robots\" content=\"index, follow, max-snippet:-1, max-image-preview:large, max-video-preview:-1\" \/>\n<link rel=\"canonical\" href=\"https:\/\/lottohoy.com\/da\/resultater-af-lotterier\/resultater-af-mega-sena-lotteriet\/\" \/>\n<meta property=\"og:locale\" content=\"da_DK\" \/>\n<meta property=\"og:type\" content=\"article\" \/>\n<meta property=\"og:title\" content=\"Mega Sena-resultater vist - LottoHoy.com\" \/>\n<meta property=\"og:description\" content=\"Tjek, om du har vundet en pr\u00e6mie i tr\u00e6kningerne, og sammenlign den indsats, du har gjort, Mega Sena-resultaterne fra den sidste tr\u00e6kning vises.\" \/>\n<meta property=\"og:url\" content=\"https:\/\/lottohoy.com\/da\/resultater-af-lotterier\/resultater-af-mega-sena-lotteriet\/\" \/>\n<meta property=\"og:site_name\" content=\"Lottohoy\" \/>\n<meta name=\"twitter:card\" content=\"summary_large_image\" \/>\n<meta name=\"twitter:label1\" content=\"Estimeret l\u00e6setid\" \/>\n\t<meta name=\"twitter:data1\" content=\"2 minutter\" \/>\n<script type=\"application\/ld+json\" class=\"yoast-schema-graph\">{\"@context\":\"https:\/\/schema.org\",\"@graph\":[{\"@type\":\"WebPage\",\"@id\":\"https:\/\/lottohoy.com\/da\/resultater-af-lotterier\/resultater-af-mega-sena-lotteriet\/\",\"url\":\"https:\/\/lottohoy.com\/da\/resultater-af-lotterier\/resultater-af-mega-sena-lotteriet\/\",\"name\":\"Mega Sena-resultater vist - LottoHoy.com\",\"isPartOf\":{\"@id\":\"https:\/\/lottohoy.com\/da\/#website\"},\"datePublished\":\"2020-08-10T14:58:35+00:00\",\"dateModified\":\"2020-08-10T14:58:35+00:00\",\"description\":\"Tjek, om du har vundet en pr\u00e6mie i tr\u00e6kningerne, og sammenlign den indsats, du har gjort, Mega Sena-resultaterne fra den sidste tr\u00e6kning vises.\",\"breadcrumb\":{\"@id\":\"https:\/\/lottohoy.com\/da\/resultater-af-lotterier\/resultater-af-mega-sena-lotteriet\/#breadcrumb\"},\"inLanguage\":\"da-DK\",\"potentialAction\":[{\"@type\":\"ReadAction\",\"target\":[\"https:\/\/lottohoy.com\/da\/resultater-af-lotterier\/resultater-af-mega-sena-lotteriet\/\"]}]},{\"@type\":\"BreadcrumbList\",\"@id\":\"https:\/\/lottohoy.com\/da\/resultater-af-lotterier\/resultater-af-mega-sena-lotteriet\/#breadcrumb\",\"itemListElement\":[{\"@type\":\"ListItem\",\"position\":1,\"name\":\"Home\",\"item\":\"https:\/\/lottohoy.com\/da\/\"},{\"@type\":\"ListItem\",\"position\":2,\"name\":\"Resultater af lotterier\",\"item\":\"https:\/\/lottohoy.com\/da\/resultater-af-lotterier\/\"},{\"@type\":\"ListItem\",\"position\":3,\"name\":\"Resultater af Mega Sena-lotteriet\"}]},{\"@type\":\"WebSite\",\"@id\":\"https:\/\/lottohoy.com\/da\/#website\",\"url\":\"https:\/\/lottohoy.com\/da\/\",\"name\":\"Lottohoy\",\"description\":\"\",\"potentialAction\":[{\"@type\":\"SearchAction\",\"target\":{\"@type\":\"EntryPoint\",\"urlTemplate\":\"https:\/\/lottohoy.com\/da\/?s={search_term_string}\"},\"query-input\":{\"@type\":\"PropertyValueSpecification\",\"valueRequired\":true,\"valueName\":\"search_term_string\"}}],\"inLanguage\":\"da-DK\"}]}<\/script>\n<!-- \/ Yoast SEO plugin. -->","yoast_head_json":{"title":"Mega Sena-resultater vist - LottoHoy.com","description":"Tjek, om du har vundet en pr\u00e6mie i tr\u00e6kningerne, og sammenlign den indsats, du har gjort, Mega Sena-resultaterne fra den sidste tr\u00e6kning vises.","robots":{"index":"index","follow":"follow","max-snippet":"max-snippet:-1","max-image-preview":"max-image-preview:large","max-video-preview":"max-video-preview:-1"},"canonical":"https:\/\/lottohoy.com\/da\/resultater-af-lotterier\/resultater-af-mega-sena-lotteriet\/","og_locale":"da_DK","og_type":"article","og_title":"Mega Sena-resultater vist - LottoHoy.com","og_description":"Tjek, om du har vundet en pr\u00e6mie i tr\u00e6kningerne, og sammenlign den indsats, du har gjort, Mega Sena-resultaterne fra den sidste tr\u00e6kning vises.","og_url":"https:\/\/lottohoy.com\/da\/resultater-af-lotterier\/resultater-af-mega-sena-lotteriet\/","og_site_name":"Lottohoy","twitter_card":"summary_large_image","twitter_misc":{"Estimeret l\u00e6setid":"2 minutter"},"schema":{"@context":"https:\/\/schema.org","@graph":[{"@type":"WebPage","@id":"https:\/\/lottohoy.com\/da\/resultater-af-lotterier\/resultater-af-mega-sena-lotteriet\/","url":"https:\/\/lottohoy.com\/da\/resultater-af-lotterier\/resultater-af-mega-sena-lotteriet\/","name":"Mega Sena-resultater vist - LottoHoy.com","isPartOf":{"@id":"https:\/\/lottohoy.com\/da\/#website"},"datePublished":"2020-08-10T14:58:35+00:00","dateModified":"2020-08-10T14:58:35+00:00","description":"Tjek, om du har vundet en pr\u00e6mie i tr\u00e6kningerne, og sammenlign den indsats, du har gjort, Mega Sena-resultaterne fra den sidste tr\u00e6kning vises.","breadcrumb":{"@id":"https:\/\/lottohoy.com\/da\/resultater-af-lotterier\/resultater-af-mega-sena-lotteriet\/#breadcrumb"},"inLanguage":"da-DK","potentialAction":[{"@type":"ReadAction","target":["https:\/\/lottohoy.com\/da\/resultater-af-lotterier\/resultater-af-mega-sena-lotteriet\/"]}]},{"@type":"BreadcrumbList","@id":"https:\/\/lottohoy.com\/da\/resultater-af-lotterier\/resultater-af-mega-sena-lotteriet\/#breadcrumb","itemListElement":[{"@type":"ListItem","position":1,"name":"Home","item":"https:\/\/lottohoy.com\/da\/"},{"@type":"ListItem","position":2,"name":"Resultater af lotterier","item":"https:\/\/lottohoy.com\/da\/resultater-af-lotterier\/"},{"@type":"ListItem","position":3,"name":"Resultater af Mega Sena-lotteriet"}]},{"@type":"WebSite","@id":"https:\/\/lottohoy.com\/da\/#website","url":"https:\/\/lottohoy.com\/da\/","name":"Lottohoy","description":"","potentialAction":[{"@type":"SearchAction","target":{"@type":"EntryPoint","urlTemplate":"https:\/\/lottohoy.com\/da\/?s={search_term_string}"},"query-input":{"@type":"PropertyValueSpecification","valueRequired":true,"valueName":"search_term_string"}}],"inLanguage":"da-DK"}]}},"_links":{"self":[{"href":"https:\/\/lottohoy.com\/da\/wp-json\/wp\/v2\/pages\/17008","targetHints":{"allow":["GET"]}}],"collection":[{"href":"https:\/\/lottohoy.com\/da\/wp-json\/wp\/v2\/pages"}],"about":[{"href":"https:\/\/lottohoy.com\/da\/wp-json\/wp\/v2\/types\/page"}],"author":[{"embeddable":true,"href":"https:\/\/lottohoy.com\/da\/wp-json\/wp\/v2\/users\/2"}],"replies":[{"embeddable":true,"href":"https:\/\/lottohoy.com\/da\/wp-json\/wp\/v2\/comments?post=17008"}],"version-history":[{"count":0,"href":"https:\/\/lottohoy.com\/da\/wp-json\/wp\/v2\/pages\/17008\/revisions"}],"up":[{"embeddable":true,"href":"https:\/\/lottohoy.com\/da\/wp-json\/wp\/v2\/pages\/16888"}],"wp:attachment":[{"href":"https:\/\/lottohoy.com\/da\/wp-json\/wp\/v2\/media?parent=17008"}],"curies":[{"name":"wp","href":"https:\/\/api.w.org\/{rel}","templated":true}]}}