{"id":17004,"date":"2020-08-10T21:40:33","date_gmt":"2020-08-10T20:40:33","guid":{"rendered":"https:\/\/lottohoy.com\/resultater-af-lotterier\/lotto-america-resultater\/"},"modified":"2020-08-10T21:40:33","modified_gmt":"2020-08-10T20:40:33","slug":"lotto-america-resultater","status":"publish","type":"page","link":"https:\/\/lottohoy.com\/da\/resultater-af-lotterier\/lotto-america-resultater\/","title":{"rendered":"Lotto America-resultater"},"content":{"rendered":"<p>Denne side viser en detaljeret oversigt over resultaterne af Lotto America-lodtr\u00e6kningen samt den ansl\u00e5ede jackpot (afventer endelig kontrol) for den afholdte lodtr\u00e6kning og andre oplysninger af interesse.<\/p>\n<h2>Seneste Lotto America-resultater<\/h2>\n<p>P\u00e5 denne sk\u00e6rm kan du se en tabel, der viser resultaterne af den sidst afholdte tr\u00e6kning og fordelingen af pr\u00e6mier for hver af pr\u00e6miekategorierne, det ansl\u00e5ede antal vindere pr. kategori og det bel\u00f8b, der skal fordeles mellem dem.<\/p>\n<h2>Alle Lotto America-resultater<\/h2>\n<p>Ud over de resultater, der vises i boksen for denne sidste tr\u00e6kning, kan du ogs\u00e5 f\u00e5 adgang til denne side for at se resultaterne af alle tidligere tr\u00e6kninger, der er afholdt i l\u00f8bet af de sidste 2 \u00e5r.<\/p>\n<p>Du kan v\u00e6lge den specifikke dato, hvor du vil tjekke resultatet og de pr\u00e6mier, der er uddelt i hvert pr\u00e6mieniveau.<\/p>\n","protected":false},"excerpt":{"rendered":"<p>Denne side viser en detaljeret oversigt over resultaterne af Lotto America-lodtr\u00e6kningen samt den ansl\u00e5ede jackpot (afventer endelig kontrol) for den afholdte lodtr\u00e6kning og andre oplysninger af interesse. Seneste Lotto America-resultater P\u00e5 denne sk\u00e6rm kan du se en tabel, der viser resultaterne af den sidst afholdte tr\u00e6kning og fordelingen af pr\u00e6mier for hver af pr\u00e6miekategorierne, det [&hellip;]<\/p>\n","protected":false},"author":2,"featured_media":0,"parent":16888,"menu_order":15,"comment_status":"closed","ping_status":"closed","template":"lotto-america-results.php","meta":{"_et_pb_use_builder":"","_et_pb_old_content":"","_et_gb_content_width":"","exclude_from_search":false,"footnotes":""},"class_list":["post-17004","page","type-page","status-publish","hentry"],"yoast_head":"<!-- This site is optimized with the Yoast SEO plugin v23.7 - https:\/\/yoast.com\/wordpress\/plugins\/seo\/ -->\n<title>Lotto America, lotteriresultater - LottoHoy.com<\/title>\n<meta name=\"description\" content=\"Tjek Lotto America-resultaterne, opdelingen af de otte faste pr\u00e6miekategorier og jackpotten\" \/>\n<meta name=\"robots\" content=\"index, follow, max-snippet:-1, max-image-preview:large, max-video-preview:-1\" \/>\n<link rel=\"canonical\" href=\"https:\/\/lottohoy.com\/da\/resultater-af-lotterier\/lotto-america-resultater\/\" \/>\n<meta property=\"og:locale\" content=\"da_DK\" \/>\n<meta property=\"og:type\" content=\"article\" \/>\n<meta property=\"og:title\" content=\"Lotto America, lotteriresultater - LottoHoy.com\" \/>\n<meta property=\"og:description\" content=\"Tjek Lotto America-resultaterne, opdelingen af de otte faste pr\u00e6miekategorier og jackpotten\" \/>\n<meta property=\"og:url\" content=\"https:\/\/lottohoy.com\/da\/resultater-af-lotterier\/lotto-america-resultater\/\" \/>\n<meta property=\"og:site_name\" content=\"Lottohoy\" \/>\n<meta name=\"twitter:card\" content=\"summary_large_image\" \/>\n<meta name=\"twitter:label1\" content=\"Estimeret l\u00e6setid\" \/>\n\t<meta name=\"twitter:data1\" content=\"1 minut\" \/>\n<script type=\"application\/ld+json\" class=\"yoast-schema-graph\">{\"@context\":\"https:\/\/schema.org\",\"@graph\":[{\"@type\":\"WebPage\",\"@id\":\"https:\/\/lottohoy.com\/da\/resultater-af-lotterier\/lotto-america-resultater\/\",\"url\":\"https:\/\/lottohoy.com\/da\/resultater-af-lotterier\/lotto-america-resultater\/\",\"name\":\"Lotto America, lotteriresultater - LottoHoy.com\",\"isPartOf\":{\"@id\":\"https:\/\/lottohoy.com\/da\/#website\"},\"datePublished\":\"2020-08-10T20:40:33+00:00\",\"dateModified\":\"2020-08-10T20:40:33+00:00\",\"description\":\"Tjek Lotto America-resultaterne, opdelingen af de otte faste pr\u00e6miekategorier og jackpotten\",\"breadcrumb\":{\"@id\":\"https:\/\/lottohoy.com\/da\/resultater-af-lotterier\/lotto-america-resultater\/#breadcrumb\"},\"inLanguage\":\"da-DK\",\"potentialAction\":[{\"@type\":\"ReadAction\",\"target\":[\"https:\/\/lottohoy.com\/da\/resultater-af-lotterier\/lotto-america-resultater\/\"]}]},{\"@type\":\"BreadcrumbList\",\"@id\":\"https:\/\/lottohoy.com\/da\/resultater-af-lotterier\/lotto-america-resultater\/#breadcrumb\",\"itemListElement\":[{\"@type\":\"ListItem\",\"position\":1,\"name\":\"Home\",\"item\":\"https:\/\/lottohoy.com\/da\/\"},{\"@type\":\"ListItem\",\"position\":2,\"name\":\"Resultater af lotterier\",\"item\":\"https:\/\/lottohoy.com\/da\/resultater-af-lotterier\/\"},{\"@type\":\"ListItem\",\"position\":3,\"name\":\"Lotto America-resultater\"}]},{\"@type\":\"WebSite\",\"@id\":\"https:\/\/lottohoy.com\/da\/#website\",\"url\":\"https:\/\/lottohoy.com\/da\/\",\"name\":\"Lottohoy\",\"description\":\"\",\"potentialAction\":[{\"@type\":\"SearchAction\",\"target\":{\"@type\":\"EntryPoint\",\"urlTemplate\":\"https:\/\/lottohoy.com\/da\/?s={search_term_string}\"},\"query-input\":{\"@type\":\"PropertyValueSpecification\",\"valueRequired\":true,\"valueName\":\"search_term_string\"}}],\"inLanguage\":\"da-DK\"}]}<\/script>\n<!-- \/ Yoast SEO plugin. -->","yoast_head_json":{"title":"Lotto America, lotteriresultater - LottoHoy.com","description":"Tjek Lotto America-resultaterne, opdelingen af de otte faste pr\u00e6miekategorier og jackpotten","robots":{"index":"index","follow":"follow","max-snippet":"max-snippet:-1","max-image-preview":"max-image-preview:large","max-video-preview":"max-video-preview:-1"},"canonical":"https:\/\/lottohoy.com\/da\/resultater-af-lotterier\/lotto-america-resultater\/","og_locale":"da_DK","og_type":"article","og_title":"Lotto America, lotteriresultater - LottoHoy.com","og_description":"Tjek Lotto America-resultaterne, opdelingen af de otte faste pr\u00e6miekategorier og jackpotten","og_url":"https:\/\/lottohoy.com\/da\/resultater-af-lotterier\/lotto-america-resultater\/","og_site_name":"Lottohoy","twitter_card":"summary_large_image","twitter_misc":{"Estimeret l\u00e6setid":"1 minut"},"schema":{"@context":"https:\/\/schema.org","@graph":[{"@type":"WebPage","@id":"https:\/\/lottohoy.com\/da\/resultater-af-lotterier\/lotto-america-resultater\/","url":"https:\/\/lottohoy.com\/da\/resultater-af-lotterier\/lotto-america-resultater\/","name":"Lotto America, lotteriresultater - LottoHoy.com","isPartOf":{"@id":"https:\/\/lottohoy.com\/da\/#website"},"datePublished":"2020-08-10T20:40:33+00:00","dateModified":"2020-08-10T20:40:33+00:00","description":"Tjek Lotto America-resultaterne, opdelingen af de otte faste pr\u00e6miekategorier og jackpotten","breadcrumb":{"@id":"https:\/\/lottohoy.com\/da\/resultater-af-lotterier\/lotto-america-resultater\/#breadcrumb"},"inLanguage":"da-DK","potentialAction":[{"@type":"ReadAction","target":["https:\/\/lottohoy.com\/da\/resultater-af-lotterier\/lotto-america-resultater\/"]}]},{"@type":"BreadcrumbList","@id":"https:\/\/lottohoy.com\/da\/resultater-af-lotterier\/lotto-america-resultater\/#breadcrumb","itemListElement":[{"@type":"ListItem","position":1,"name":"Home","item":"https:\/\/lottohoy.com\/da\/"},{"@type":"ListItem","position":2,"name":"Resultater af lotterier","item":"https:\/\/lottohoy.com\/da\/resultater-af-lotterier\/"},{"@type":"ListItem","position":3,"name":"Lotto America-resultater"}]},{"@type":"WebSite","@id":"https:\/\/lottohoy.com\/da\/#website","url":"https:\/\/lottohoy.com\/da\/","name":"Lottohoy","description":"","potentialAction":[{"@type":"SearchAction","target":{"@type":"EntryPoint","urlTemplate":"https:\/\/lottohoy.com\/da\/?s={search_term_string}"},"query-input":{"@type":"PropertyValueSpecification","valueRequired":true,"valueName":"search_term_string"}}],"inLanguage":"da-DK"}]}},"_links":{"self":[{"href":"https:\/\/lottohoy.com\/da\/wp-json\/wp\/v2\/pages\/17004","targetHints":{"allow":["GET"]}}],"collection":[{"href":"https:\/\/lottohoy.com\/da\/wp-json\/wp\/v2\/pages"}],"about":[{"href":"https:\/\/lottohoy.com\/da\/wp-json\/wp\/v2\/types\/page"}],"author":[{"embeddable":true,"href":"https:\/\/lottohoy.com\/da\/wp-json\/wp\/v2\/users\/2"}],"replies":[{"embeddable":true,"href":"https:\/\/lottohoy.com\/da\/wp-json\/wp\/v2\/comments?post=17004"}],"version-history":[{"count":0,"href":"https:\/\/lottohoy.com\/da\/wp-json\/wp\/v2\/pages\/17004\/revisions"}],"up":[{"embeddable":true,"href":"https:\/\/lottohoy.com\/da\/wp-json\/wp\/v2\/pages\/16888"}],"wp:attachment":[{"href":"https:\/\/lottohoy.com\/da\/wp-json\/wp\/v2\/media?parent=17004"}],"curies":[{"name":"wp","href":"https:\/\/api.w.org\/{rel}","templated":true}]}}