{"id":16994,"date":"2020-08-10T22:51:41","date_gmt":"2020-08-10T21:51:41","guid":{"rendered":"https:\/\/lottohoy.com\/resultater-af-lotterier\/lotto-6aus49-resultater\/"},"modified":"2020-08-10T22:51:41","modified_gmt":"2020-08-10T21:51:41","slug":"lotto-6aus49-resultater","status":"publish","type":"page","link":"https:\/\/lottohoy.com\/da\/resultater-af-lotterier\/lotto-6aus49-resultater\/","title":{"rendered":"Lotto 6aus49 resultater"},"content":{"rendered":"<p>For at se, om du har vundet i Lotto 6aus49, skal du bare tjekke tallene i den kombination, der er valgt p\u00e5 din kupon, i forhold til det resultat, der vises p\u00e5 denne side.<\/p>\n<p>Hvis du vinder en pr\u00e6mie i en af de kategorier, der er anf\u00f8rt p\u00e5 6aus49, vil din gevinst automatisk blive tilf\u00f8jet til din konto.<\/p>\n<h2>Lotto 6aus49 resultater<\/h2>\n<p>P\u00e5 denne side finder du detaljerede oplysninger om resultaterne af Lotto 6aus49-tr\u00e6kningen, den ansl\u00e5ede jackpot for denne tr\u00e6kning, samt andre detaljer af maksimal interesse for at forudsige dine fremtidige spil.<\/p>\n<p>Du kan ogs\u00e5 tjekke den akkumulerede jackpot, vinderne og pr\u00e6mierne i hver af kategorierne og de tidligere tr\u00e6kninger, der er op til 24 m\u00e5neder gamle.<\/p>\n<p>Til h\u00f8jre for den vindende kombination i denne sidste tr\u00e6kning er der tre firkanter. Den centrale firkant viser datoen for den sidste tr\u00e6kning, og p\u00e5 begge sider af denne centrale firkant er der pile til h\u00f8jre og venstre for at bes\u00f8ge datoer for tidligere tr\u00e6kninger og for at g\u00e5 videre fra disse tr\u00e6kninger til den mest aktuelle dato.<\/p>\n<h3>Tjek resultater og pr\u00e6mier fra den sidste lodtr\u00e6kning<\/h3>\n<p>Der vises en stor tabel med resultaterne og pr\u00e6miefordelingen efter kategori i den sidste Lotto 6aus49-tr\u00e6kning i dag.<\/p>\n<p>Pr\u00e6miekategorierne (op til 9 forskellige kategorier), de kr\u00e6vede hits for at kvalificere sig til en af pr\u00e6miekategorierne.<\/p>\n<p>Vinderne af hver af kategorierne, og ogs\u00e5 den pr\u00e6mie, som hver af vinderne f\u00e5r.<\/p>\n<p>Ved at lukke denne store boks angives det samlede antal vindere i denne tr\u00e6kning, og de samlede penge, der fordeles mellem alle vinderne.<\/p>\n<h2>Lotto 6aus49 pr\u00e6miemuligheder<\/h2>\n<p>Med kun to hovedtal + Superzahl f\u00e5r du allerede en fast pr\u00e6mie. V\u00e6rdien af pr\u00e6mierne varierer fra en tr\u00e6kning til en anden, da de er baseret p\u00e5 billetsalget og vinderne i hver kategori.<\/p>\n","protected":false},"excerpt":{"rendered":"<p>For at se, om du har vundet i Lotto 6aus49, skal du bare tjekke tallene i den kombination, der er valgt p\u00e5 din kupon, i forhold til det resultat, der vises p\u00e5 denne side. Hvis du vinder en pr\u00e6mie i en af de kategorier, der er anf\u00f8rt p\u00e5 6aus49, vil din gevinst automatisk blive tilf\u00f8jet [&hellip;]<\/p>\n","protected":false},"author":2,"featured_media":0,"parent":16888,"menu_order":13,"comment_status":"closed","ping_status":"closed","template":"lotto-german-results.php","meta":{"_et_pb_use_builder":"","_et_pb_old_content":"","_et_gb_content_width":"","exclude_from_search":false,"footnotes":""},"class_list":["post-16994","page","type-page","status-publish","hentry"],"yoast_head":"<!-- This site is optimized with the Yoast SEO plugin v23.7 - https:\/\/yoast.com\/wordpress\/plugins\/seo\/ -->\n<title>Lotto 6aus49 Tr\u00e6kningsresultater - LottoHoy.com<\/title>\n<meta name=\"description\" content=\"Hvis du har vundet en pr\u00e6mie, vil du have modtaget en bekr\u00e6ftelsesmail. Men her kan du alligevel tjekke resultaterne af lotto 6aus49\" \/>\n<meta name=\"robots\" content=\"index, follow, max-snippet:-1, max-image-preview:large, max-video-preview:-1\" \/>\n<link rel=\"canonical\" href=\"https:\/\/lottohoy.com\/da\/resultater-af-lotterier\/lotto-6aus49-resultater\/\" \/>\n<meta property=\"og:locale\" content=\"da_DK\" \/>\n<meta property=\"og:type\" content=\"article\" \/>\n<meta property=\"og:title\" content=\"Lotto 6aus49 Tr\u00e6kningsresultater - LottoHoy.com\" \/>\n<meta property=\"og:description\" content=\"Hvis du har vundet en pr\u00e6mie, vil du have modtaget en bekr\u00e6ftelsesmail. Men her kan du alligevel tjekke resultaterne af lotto 6aus49\" \/>\n<meta property=\"og:url\" content=\"https:\/\/lottohoy.com\/da\/resultater-af-lotterier\/lotto-6aus49-resultater\/\" \/>\n<meta property=\"og:site_name\" content=\"Lottohoy\" \/>\n<meta name=\"twitter:card\" content=\"summary_large_image\" \/>\n<meta name=\"twitter:label1\" content=\"Estimeret l\u00e6setid\" \/>\n\t<meta name=\"twitter:data1\" content=\"2 minutter\" \/>\n<script type=\"application\/ld+json\" class=\"yoast-schema-graph\">{\"@context\":\"https:\/\/schema.org\",\"@graph\":[{\"@type\":\"WebPage\",\"@id\":\"https:\/\/lottohoy.com\/da\/resultater-af-lotterier\/lotto-6aus49-resultater\/\",\"url\":\"https:\/\/lottohoy.com\/da\/resultater-af-lotterier\/lotto-6aus49-resultater\/\",\"name\":\"Lotto 6aus49 Tr\u00e6kningsresultater - LottoHoy.com\",\"isPartOf\":{\"@id\":\"https:\/\/lottohoy.com\/da\/#website\"},\"datePublished\":\"2020-08-10T21:51:41+00:00\",\"dateModified\":\"2020-08-10T21:51:41+00:00\",\"description\":\"Hvis du har vundet en pr\u00e6mie, vil du have modtaget en bekr\u00e6ftelsesmail. Men her kan du alligevel tjekke resultaterne af lotto 6aus49\",\"breadcrumb\":{\"@id\":\"https:\/\/lottohoy.com\/da\/resultater-af-lotterier\/lotto-6aus49-resultater\/#breadcrumb\"},\"inLanguage\":\"da-DK\",\"potentialAction\":[{\"@type\":\"ReadAction\",\"target\":[\"https:\/\/lottohoy.com\/da\/resultater-af-lotterier\/lotto-6aus49-resultater\/\"]}]},{\"@type\":\"BreadcrumbList\",\"@id\":\"https:\/\/lottohoy.com\/da\/resultater-af-lotterier\/lotto-6aus49-resultater\/#breadcrumb\",\"itemListElement\":[{\"@type\":\"ListItem\",\"position\":1,\"name\":\"Home\",\"item\":\"https:\/\/lottohoy.com\/da\/\"},{\"@type\":\"ListItem\",\"position\":2,\"name\":\"Resultater af lotterier\",\"item\":\"https:\/\/lottohoy.com\/da\/resultater-af-lotterier\/\"},{\"@type\":\"ListItem\",\"position\":3,\"name\":\"Lotto 6aus49 resultater\"}]},{\"@type\":\"WebSite\",\"@id\":\"https:\/\/lottohoy.com\/da\/#website\",\"url\":\"https:\/\/lottohoy.com\/da\/\",\"name\":\"Lottohoy\",\"description\":\"\",\"potentialAction\":[{\"@type\":\"SearchAction\",\"target\":{\"@type\":\"EntryPoint\",\"urlTemplate\":\"https:\/\/lottohoy.com\/da\/?s={search_term_string}\"},\"query-input\":{\"@type\":\"PropertyValueSpecification\",\"valueRequired\":true,\"valueName\":\"search_term_string\"}}],\"inLanguage\":\"da-DK\"}]}<\/script>\n<!-- \/ Yoast SEO plugin. -->","yoast_head_json":{"title":"Lotto 6aus49 Tr\u00e6kningsresultater - LottoHoy.com","description":"Hvis du har vundet en pr\u00e6mie, vil du have modtaget en bekr\u00e6ftelsesmail. Men her kan du alligevel tjekke resultaterne af lotto 6aus49","robots":{"index":"index","follow":"follow","max-snippet":"max-snippet:-1","max-image-preview":"max-image-preview:large","max-video-preview":"max-video-preview:-1"},"canonical":"https:\/\/lottohoy.com\/da\/resultater-af-lotterier\/lotto-6aus49-resultater\/","og_locale":"da_DK","og_type":"article","og_title":"Lotto 6aus49 Tr\u00e6kningsresultater - LottoHoy.com","og_description":"Hvis du har vundet en pr\u00e6mie, vil du have modtaget en bekr\u00e6ftelsesmail. Men her kan du alligevel tjekke resultaterne af lotto 6aus49","og_url":"https:\/\/lottohoy.com\/da\/resultater-af-lotterier\/lotto-6aus49-resultater\/","og_site_name":"Lottohoy","twitter_card":"summary_large_image","twitter_misc":{"Estimeret l\u00e6setid":"2 minutter"},"schema":{"@context":"https:\/\/schema.org","@graph":[{"@type":"WebPage","@id":"https:\/\/lottohoy.com\/da\/resultater-af-lotterier\/lotto-6aus49-resultater\/","url":"https:\/\/lottohoy.com\/da\/resultater-af-lotterier\/lotto-6aus49-resultater\/","name":"Lotto 6aus49 Tr\u00e6kningsresultater - LottoHoy.com","isPartOf":{"@id":"https:\/\/lottohoy.com\/da\/#website"},"datePublished":"2020-08-10T21:51:41+00:00","dateModified":"2020-08-10T21:51:41+00:00","description":"Hvis du har vundet en pr\u00e6mie, vil du have modtaget en bekr\u00e6ftelsesmail. Men her kan du alligevel tjekke resultaterne af lotto 6aus49","breadcrumb":{"@id":"https:\/\/lottohoy.com\/da\/resultater-af-lotterier\/lotto-6aus49-resultater\/#breadcrumb"},"inLanguage":"da-DK","potentialAction":[{"@type":"ReadAction","target":["https:\/\/lottohoy.com\/da\/resultater-af-lotterier\/lotto-6aus49-resultater\/"]}]},{"@type":"BreadcrumbList","@id":"https:\/\/lottohoy.com\/da\/resultater-af-lotterier\/lotto-6aus49-resultater\/#breadcrumb","itemListElement":[{"@type":"ListItem","position":1,"name":"Home","item":"https:\/\/lottohoy.com\/da\/"},{"@type":"ListItem","position":2,"name":"Resultater af lotterier","item":"https:\/\/lottohoy.com\/da\/resultater-af-lotterier\/"},{"@type":"ListItem","position":3,"name":"Lotto 6aus49 resultater"}]},{"@type":"WebSite","@id":"https:\/\/lottohoy.com\/da\/#website","url":"https:\/\/lottohoy.com\/da\/","name":"Lottohoy","description":"","potentialAction":[{"@type":"SearchAction","target":{"@type":"EntryPoint","urlTemplate":"https:\/\/lottohoy.com\/da\/?s={search_term_string}"},"query-input":{"@type":"PropertyValueSpecification","valueRequired":true,"valueName":"search_term_string"}}],"inLanguage":"da-DK"}]}},"_links":{"self":[{"href":"https:\/\/lottohoy.com\/da\/wp-json\/wp\/v2\/pages\/16994","targetHints":{"allow":["GET"]}}],"collection":[{"href":"https:\/\/lottohoy.com\/da\/wp-json\/wp\/v2\/pages"}],"about":[{"href":"https:\/\/lottohoy.com\/da\/wp-json\/wp\/v2\/types\/page"}],"author":[{"embeddable":true,"href":"https:\/\/lottohoy.com\/da\/wp-json\/wp\/v2\/users\/2"}],"replies":[{"embeddable":true,"href":"https:\/\/lottohoy.com\/da\/wp-json\/wp\/v2\/comments?post=16994"}],"version-history":[{"count":0,"href":"https:\/\/lottohoy.com\/da\/wp-json\/wp\/v2\/pages\/16994\/revisions"}],"up":[{"embeddable":true,"href":"https:\/\/lottohoy.com\/da\/wp-json\/wp\/v2\/pages\/16888"}],"wp:attachment":[{"href":"https:\/\/lottohoy.com\/da\/wp-json\/wp\/v2\/media?parent=16994"}],"curies":[{"name":"wp","href":"https:\/\/api.w.org\/{rel}","templated":true}]}}