{"id":16989,"date":"2024-10-23T06:14:09","date_gmt":"2024-10-23T05:14:09","guid":{"rendered":"https:\/\/lottohoy.com\/resultater-af-lotterier\/resultater-fransk-lotto\/"},"modified":"2024-10-23T06:14:09","modified_gmt":"2024-10-23T05:14:09","slug":"resultater-fransk-lotto","status":"publish","type":"page","link":"https:\/\/lottohoy.com\/da\/resultater-af-lotterier\/resultater-fransk-lotto\/","title":{"rendered":"Resultater Fransk Lotto"},"content":{"rendered":"<h2>Tjek resultaterne af den franske lotto<\/h2>\n<p>For at tjekke den vindende kombination i de franske Lotto-tr\u00e6kninger er det nok at sammenligne tallene i den kombination, der er vist p\u00e5 din kupon, med det resultat, der vises p\u00e5 denne side. Hvis du har k\u00f8bt en kupon, kan du ogs\u00e5 se den i din brugerprofil.<\/p>\n<p>Du kan ogs\u00e5 tjekke <a href=\"https:\/\/lottohoy.com\/jackpots\/\"><strong>dagens akkumulerede jackpots<\/strong><\/a>, vindere og pr\u00e6mier i hver af kategorierne, og de tidligere tr\u00e6kninger s\u00e5 langt tilbage som 24 m\u00e5neder.<\/p>\n<h2>Uddeling af pr\u00e6mier i Frankrigs lotteri<\/h2>\n<p>Hvis du er registreret bruger, inds\u00e6ttes de opn\u00e5ede pr\u00e6mier direkte p\u00e5 brugerens konto, og hvis du \u00f8nsker det, kan du spille igen med midlerne p\u00e5 din saldo.<\/p>\n<p>P\u00e5 denne side kan du finde den vindende kombination af den sidste tr\u00e6kning og fordelingen af pr\u00e6mier svarende til hver af kategorierne.<\/p>\n<p>Tabellen viser kombinationen af de fem hovedtal plus det ekstra tal, ogs\u00e5 kaldet <em>&#8220;chance<\/em> \u00ab, der bestemmer pr\u00e6mien i den f\u00f8rste kategori.<\/p>\n<h2>H\u00f8jeste franske Lotto-pr\u00e6mier og jackpots<\/h2>\n<p>De st\u00f8rste jackpots akkumuleret i dette lotteris historie var:<\/p>\n<ul>\n<li>Tr\u00e6kningen den <sup>16<\/sup>. juni 2011, hvor en enkelt vinder blev tildelt en pr\u00e6mie p\u00e5 24 millioner euro.<\/li>\n<li>Den<sup>19.<\/sup> maj 2014 blev der uddelt en samlet f\u00f8rstepr\u00e6mie p\u00e5 23 millioner euro.<\/li>\n<\/ul>\n<p>Det <a href=\"https:\/\/lottohoy.com\/play\/lotto-fr\/\"><strong>franske Lotto<\/strong><\/a> er et lotteri<strong>,<\/strong> som vi kan betragte som \u00bblet\u00ab, og selv om det har en garanteret minimumsjackpot p\u00e5 \u20ac 2.000.000 for topvindere (5 + 1), opn\u00e5s der normalt ikke akkumulerede jackpots p\u00e5 supermillionbel\u00f8b i euro som i europ\u00e6iske eller amerikanske lotterier p\u00e5 grund af det faktum, at jackpotten rammes ofte, og der skabes mange nye million\u00e6rer.<\/p>\n<h2>De hyppigste tal i fransk Lotto<\/h2>\n<p>I de 35 tr\u00e6kninger, der blev afholdt i 2019, fra den f\u00f8rste<sup>den 2.<\/sup> januar til tr\u00e6kningen den <sup>23<\/sup>. marts, havde nogle tal en tendens til at komme ud oftere (nogle kalder dem \u00bb<em><strong>varme<\/strong><\/em>tal\u00ab) og samtidig andre tal, der er mere tilbageholdende med at forlade og har f\u00e6rre optr\u00e6dener (kendt som <em><strong>\u00bbkolde tal\u00ab).<\/strong><\/em><\/p>\n<p>N\u00e5r vi laver en lille unders\u00f8gelse af disse 35 sidste tr\u00e6kninger, ser vi, at inden for de tal, der betragtes som \u00bb<em>kolde<\/em>\u00ab, er tallet 49 ikke kommet ud i nogen af dem.<\/p>\n<p>Blandt hovednumrene er de, der har haft flest optr\u00e6dener:<\/p>\n<ul>\n<li>Nummer 15 med 10 optr\u00e6dener (28,57%)<\/li>\n<li>Tallene 7, 11 og 25 med syv optr\u00e6dener hver (20%)<\/li>\n<li>Nummer 1 med seks optr\u00e6dener (17,14%)<\/li>\n<\/ul>\n<p>P\u00e5 den anden side, n\u00e5r vi ser de tal, der har forladt mindst antal gange, ud over nummer 49, der endnu ikke er blevet trukket, har vi:<\/p>\n<ul>\n<li>Tallene 9, 27, 28 og 39, der kun er kommet ud \u00e9n gang (2,86%).<\/li>\n<\/ul>\n<p>Med hensyn til de ekstra tal eller \u00bbchance\u00ab ser vi ogs\u00e5, at nummer 4 endnu ikke er blevet trukket, mens nummer 10 er blevet trukket seks gange.<\/p>\n","protected":false},"excerpt":{"rendered":"<p>Tjek resultaterne af den franske lotto For at tjekke den vindende kombination i de franske Lotto-tr\u00e6kninger er det nok at sammenligne tallene i den kombination, der er vist p\u00e5 din kupon, med det resultat, der vises p\u00e5 denne side. Hvis du har k\u00f8bt en kupon, kan du ogs\u00e5 se den i din brugerprofil. Du kan [&hellip;]<\/p>\n","protected":false},"author":1,"featured_media":0,"parent":16888,"menu_order":12,"comment_status":"closed","ping_status":"closed","template":"lotto-fr-results.php","meta":{"_et_pb_use_builder":"","_et_pb_old_content":"","_et_gb_content_width":"","exclude_from_search":false,"footnotes":""},"class_list":["post-16989","page","type-page","status-publish","hentry"],"yoast_head":"<!-- This site is optimized with the Yoast SEO plugin v23.7 - https:\/\/yoast.com\/wordpress\/plugins\/seo\/ -->\n<title>Tjek de seneste franske Lotto-resultater | LottoHoy.com<\/title>\n<meta name=\"description\" content=\"Alle resultater fra den franske lotto opdateres dagligt med pr\u00e6miefordelingen og den n\u00e6ste jackpot, der venter p\u00e5 at blive vundet. G\u00e5 ikke glip af noget resultat!\" \/>\n<meta name=\"robots\" content=\"index, follow, max-snippet:-1, max-image-preview:large, max-video-preview:-1\" \/>\n<link rel=\"canonical\" href=\"https:\/\/lottohoy.com\/da\/resultater-af-lotterier\/resultater-fransk-lotto\/\" \/>\n<meta property=\"og:locale\" content=\"da_DK\" \/>\n<meta property=\"og:type\" content=\"article\" \/>\n<meta property=\"og:title\" content=\"Tjek de seneste franske Lotto-resultater | LottoHoy.com\" \/>\n<meta property=\"og:description\" content=\"Alle resultater fra den franske lotto opdateres dagligt med pr\u00e6miefordelingen og den n\u00e6ste jackpot, der venter p\u00e5 at blive vundet. G\u00e5 ikke glip af noget resultat!\" \/>\n<meta property=\"og:url\" content=\"https:\/\/lottohoy.com\/da\/resultater-af-lotterier\/resultater-fransk-lotto\/\" \/>\n<meta property=\"og:site_name\" content=\"Lottohoy\" \/>\n<meta name=\"twitter:card\" content=\"summary_large_image\" \/>\n<meta name=\"twitter:label1\" content=\"Estimeret l\u00e6setid\" \/>\n\t<meta name=\"twitter:data1\" content=\"2 minutter\" \/>\n<script type=\"application\/ld+json\" class=\"yoast-schema-graph\">{\"@context\":\"https:\/\/schema.org\",\"@graph\":[{\"@type\":\"WebPage\",\"@id\":\"https:\/\/lottohoy.com\/da\/resultater-af-lotterier\/resultater-fransk-lotto\/\",\"url\":\"https:\/\/lottohoy.com\/da\/resultater-af-lotterier\/resultater-fransk-lotto\/\",\"name\":\"Tjek de seneste franske Lotto-resultater | LottoHoy.com\",\"isPartOf\":{\"@id\":\"https:\/\/lottohoy.com\/da\/#website\"},\"datePublished\":\"2024-10-23T05:14:09+00:00\",\"dateModified\":\"2024-10-23T05:14:09+00:00\",\"description\":\"Alle resultater fra den franske lotto opdateres dagligt med pr\u00e6miefordelingen og den n\u00e6ste jackpot, der venter p\u00e5 at blive vundet. G\u00e5 ikke glip af noget resultat!\",\"breadcrumb\":{\"@id\":\"https:\/\/lottohoy.com\/da\/resultater-af-lotterier\/resultater-fransk-lotto\/#breadcrumb\"},\"inLanguage\":\"da-DK\",\"potentialAction\":[{\"@type\":\"ReadAction\",\"target\":[\"https:\/\/lottohoy.com\/da\/resultater-af-lotterier\/resultater-fransk-lotto\/\"]}]},{\"@type\":\"BreadcrumbList\",\"@id\":\"https:\/\/lottohoy.com\/da\/resultater-af-lotterier\/resultater-fransk-lotto\/#breadcrumb\",\"itemListElement\":[{\"@type\":\"ListItem\",\"position\":1,\"name\":\"Home\",\"item\":\"https:\/\/lottohoy.com\/da\/\"},{\"@type\":\"ListItem\",\"position\":2,\"name\":\"Resultater af lotterier\",\"item\":\"https:\/\/lottohoy.com\/da\/resultater-af-lotterier\/\"},{\"@type\":\"ListItem\",\"position\":3,\"name\":\"Resultater Fransk Lotto\"}]},{\"@type\":\"WebSite\",\"@id\":\"https:\/\/lottohoy.com\/da\/#website\",\"url\":\"https:\/\/lottohoy.com\/da\/\",\"name\":\"Lottohoy\",\"description\":\"\",\"potentialAction\":[{\"@type\":\"SearchAction\",\"target\":{\"@type\":\"EntryPoint\",\"urlTemplate\":\"https:\/\/lottohoy.com\/da\/?s={search_term_string}\"},\"query-input\":{\"@type\":\"PropertyValueSpecification\",\"valueRequired\":true,\"valueName\":\"search_term_string\"}}],\"inLanguage\":\"da-DK\"}]}<\/script>\n<!-- \/ Yoast SEO plugin. -->","yoast_head_json":{"title":"Tjek de seneste franske Lotto-resultater | LottoHoy.com","description":"Alle resultater fra den franske lotto opdateres dagligt med pr\u00e6miefordelingen og den n\u00e6ste jackpot, der venter p\u00e5 at blive vundet. G\u00e5 ikke glip af noget resultat!","robots":{"index":"index","follow":"follow","max-snippet":"max-snippet:-1","max-image-preview":"max-image-preview:large","max-video-preview":"max-video-preview:-1"},"canonical":"https:\/\/lottohoy.com\/da\/resultater-af-lotterier\/resultater-fransk-lotto\/","og_locale":"da_DK","og_type":"article","og_title":"Tjek de seneste franske Lotto-resultater | LottoHoy.com","og_description":"Alle resultater fra den franske lotto opdateres dagligt med pr\u00e6miefordelingen og den n\u00e6ste jackpot, der venter p\u00e5 at blive vundet. G\u00e5 ikke glip af noget resultat!","og_url":"https:\/\/lottohoy.com\/da\/resultater-af-lotterier\/resultater-fransk-lotto\/","og_site_name":"Lottohoy","twitter_card":"summary_large_image","twitter_misc":{"Estimeret l\u00e6setid":"2 minutter"},"schema":{"@context":"https:\/\/schema.org","@graph":[{"@type":"WebPage","@id":"https:\/\/lottohoy.com\/da\/resultater-af-lotterier\/resultater-fransk-lotto\/","url":"https:\/\/lottohoy.com\/da\/resultater-af-lotterier\/resultater-fransk-lotto\/","name":"Tjek de seneste franske Lotto-resultater | LottoHoy.com","isPartOf":{"@id":"https:\/\/lottohoy.com\/da\/#website"},"datePublished":"2024-10-23T05:14:09+00:00","dateModified":"2024-10-23T05:14:09+00:00","description":"Alle resultater fra den franske lotto opdateres dagligt med pr\u00e6miefordelingen og den n\u00e6ste jackpot, der venter p\u00e5 at blive vundet. G\u00e5 ikke glip af noget resultat!","breadcrumb":{"@id":"https:\/\/lottohoy.com\/da\/resultater-af-lotterier\/resultater-fransk-lotto\/#breadcrumb"},"inLanguage":"da-DK","potentialAction":[{"@type":"ReadAction","target":["https:\/\/lottohoy.com\/da\/resultater-af-lotterier\/resultater-fransk-lotto\/"]}]},{"@type":"BreadcrumbList","@id":"https:\/\/lottohoy.com\/da\/resultater-af-lotterier\/resultater-fransk-lotto\/#breadcrumb","itemListElement":[{"@type":"ListItem","position":1,"name":"Home","item":"https:\/\/lottohoy.com\/da\/"},{"@type":"ListItem","position":2,"name":"Resultater af lotterier","item":"https:\/\/lottohoy.com\/da\/resultater-af-lotterier\/"},{"@type":"ListItem","position":3,"name":"Resultater Fransk Lotto"}]},{"@type":"WebSite","@id":"https:\/\/lottohoy.com\/da\/#website","url":"https:\/\/lottohoy.com\/da\/","name":"Lottohoy","description":"","potentialAction":[{"@type":"SearchAction","target":{"@type":"EntryPoint","urlTemplate":"https:\/\/lottohoy.com\/da\/?s={search_term_string}"},"query-input":{"@type":"PropertyValueSpecification","valueRequired":true,"valueName":"search_term_string"}}],"inLanguage":"da-DK"}]}},"_links":{"self":[{"href":"https:\/\/lottohoy.com\/da\/wp-json\/wp\/v2\/pages\/16989","targetHints":{"allow":["GET"]}}],"collection":[{"href":"https:\/\/lottohoy.com\/da\/wp-json\/wp\/v2\/pages"}],"about":[{"href":"https:\/\/lottohoy.com\/da\/wp-json\/wp\/v2\/types\/page"}],"author":[{"embeddable":true,"href":"https:\/\/lottohoy.com\/da\/wp-json\/wp\/v2\/users\/1"}],"replies":[{"embeddable":true,"href":"https:\/\/lottohoy.com\/da\/wp-json\/wp\/v2\/comments?post=16989"}],"version-history":[{"count":0,"href":"https:\/\/lottohoy.com\/da\/wp-json\/wp\/v2\/pages\/16989\/revisions"}],"up":[{"embeddable":true,"href":"https:\/\/lottohoy.com\/da\/wp-json\/wp\/v2\/pages\/16888"}],"wp:attachment":[{"href":"https:\/\/lottohoy.com\/da\/wp-json\/wp\/v2\/media?parent=16989"}],"curies":[{"name":"wp","href":"https:\/\/api.w.org\/{rel}","templated":true}]}}