{"id":16979,"date":"2020-08-10T17:06:25","date_gmt":"2020-08-10T16:06:25","guid":{"rendered":"https:\/\/lottohoy.com\/resultater-af-lotterier\/set-for-life-uk-resultater\/"},"modified":"2020-08-10T17:06:25","modified_gmt":"2020-08-10T16:06:25","slug":"set-for-life-uk-resultater","status":"publish","type":"page","link":"https:\/\/lottohoy.com\/da\/resultater-af-lotterier\/set-for-life-uk-resultater\/","title":{"rendered":"Set For Life (UK) resultater"},"content":{"rendered":"<p>For at tjekke, om du har vundet p\u00e5 dit Set for Life-spil, skal du blot sammenligne tallene i den kombination, du har valgt p\u00e5 din kupon, med resultatet p\u00e5 denne side.<\/p>\n<p>Hvis du vinder en pr\u00e6mie i en af Set for Life UK-kategorierne, vil din gevinst automatisk blive krediteret din konto og v\u00e6re tilg\u00e6ngelig for dig med det samme.<\/p>\n<h2>Resultater af Set for Life (UK)<\/h2>\n<p>P\u00e5 denne side finder du resultaterne af Set for Life UK-tr\u00e6kningerne, den ansl\u00e5ede jackpot for denne tr\u00e6kning samt andre detaljer af maksimal interesse for at forudsige dine fremtidige spil.<\/p>\n<p>Du kan ogs\u00e5 se den kumulative jackpot, vindere og pr\u00e6mier i hver af kategorierne og tidligere tr\u00e6kninger, der er op til 24 m\u00e5neder gamle.<\/p>\n<p>Til h\u00f8jre for den vindende kombination i denne sidste tr\u00e6kning er der tre firkanter. Den centrale firkant viser datoen for den seneste tr\u00e6kning, og p\u00e5 begge sider af denne centrale firkant er der pile til h\u00f8jre og venstre for at bes\u00f8ge tidligere tr\u00e6kningsdatoer og for at g\u00e5 videre fra disse tr\u00e6kninger til den mest aktuelle dato.<\/p>\n<h2>Tjek resultater og pr\u00e6mier fra den sidste tr\u00e6kning<\/h2>\n<p>Der vises en stor tabel med resultaterne og pr\u00e6miefordelingen efter kategori i den seneste Set for Life UK-lodtr\u00e6kning i dag.<\/p>\n<p>Pr\u00e6miekategorierne (op til 8 forskellige kategorier), de kr\u00e6vede kampe for at kvalificere sig til en af pr\u00e6miekategorierne<\/p>\n<p>Vinderne af hver af kategorierne og ogs\u00e5 den pr\u00e6mie, som hver af vinderne f\u00e5r.<\/p>\n<p>Ved at lukke denne store boks kan du se det samlede antal vindere i denne lodtr\u00e6kning og det samlede bel\u00f8b, der er fordelt mellem alle vinderne.<\/p>\n","protected":false},"excerpt":{"rendered":"<p>For at tjekke, om du har vundet p\u00e5 dit Set for Life-spil, skal du blot sammenligne tallene i den kombination, du har valgt p\u00e5 din kupon, med resultatet p\u00e5 denne side. Hvis du vinder en pr\u00e6mie i en af Set for Life UK-kategorierne, vil din gevinst automatisk blive krediteret din konto og v\u00e6re tilg\u00e6ngelig for [&hellip;]<\/p>\n","protected":false},"author":2,"featured_media":0,"parent":16888,"menu_order":11,"comment_status":"closed","ping_status":"closed","template":"set-for-life-results.php","meta":{"_et_pb_use_builder":"","_et_pb_old_content":"","_et_gb_content_width":"","exclude_from_search":false,"footnotes":""},"class_list":["post-16979","page","type-page","status-publish","hentry"],"yoast_head":"<!-- This site is optimized with the Yoast SEO plugin v23.7 - https:\/\/yoast.com\/wordpress\/plugins\/seo\/ -->\n<title>Tjek resultaterne af Set for Life (UK)-tr\u00e6kningerne - LottoHoy.com<\/title>\n<meta name=\"description\" content=\"P\u00e5 denne side kan du se alle resultaterne af Set for Life (UK)-tr\u00e6kningerne og sammenligne dine kuponer med de opn\u00e5ede pr\u00e6mier.\" \/>\n<meta name=\"robots\" content=\"index, follow, max-snippet:-1, max-image-preview:large, max-video-preview:-1\" \/>\n<link rel=\"canonical\" href=\"https:\/\/lottohoy.com\/da\/resultater-af-lotterier\/set-for-life-uk-resultater\/\" \/>\n<meta property=\"og:locale\" content=\"da_DK\" \/>\n<meta property=\"og:type\" content=\"article\" \/>\n<meta property=\"og:title\" content=\"Tjek resultaterne af Set for Life (UK)-tr\u00e6kningerne - LottoHoy.com\" \/>\n<meta property=\"og:description\" content=\"P\u00e5 denne side kan du se alle resultaterne af Set for Life (UK)-tr\u00e6kningerne og sammenligne dine kuponer med de opn\u00e5ede pr\u00e6mier.\" \/>\n<meta property=\"og:url\" content=\"https:\/\/lottohoy.com\/da\/resultater-af-lotterier\/set-for-life-uk-resultater\/\" \/>\n<meta property=\"og:site_name\" content=\"Lottohoy\" \/>\n<meta name=\"twitter:card\" content=\"summary_large_image\" \/>\n<meta name=\"twitter:label1\" content=\"Estimeret l\u00e6setid\" \/>\n\t<meta name=\"twitter:data1\" content=\"1 minut\" \/>\n<script type=\"application\/ld+json\" class=\"yoast-schema-graph\">{\"@context\":\"https:\/\/schema.org\",\"@graph\":[{\"@type\":\"WebPage\",\"@id\":\"https:\/\/lottohoy.com\/da\/resultater-af-lotterier\/set-for-life-uk-resultater\/\",\"url\":\"https:\/\/lottohoy.com\/da\/resultater-af-lotterier\/set-for-life-uk-resultater\/\",\"name\":\"Tjek resultaterne af Set for Life (UK)-tr\u00e6kningerne - LottoHoy.com\",\"isPartOf\":{\"@id\":\"https:\/\/lottohoy.com\/da\/#website\"},\"datePublished\":\"2020-08-10T16:06:25+00:00\",\"dateModified\":\"2020-08-10T16:06:25+00:00\",\"description\":\"P\u00e5 denne side kan du se alle resultaterne af Set for Life (UK)-tr\u00e6kningerne og sammenligne dine kuponer med de opn\u00e5ede pr\u00e6mier.\",\"breadcrumb\":{\"@id\":\"https:\/\/lottohoy.com\/da\/resultater-af-lotterier\/set-for-life-uk-resultater\/#breadcrumb\"},\"inLanguage\":\"da-DK\",\"potentialAction\":[{\"@type\":\"ReadAction\",\"target\":[\"https:\/\/lottohoy.com\/da\/resultater-af-lotterier\/set-for-life-uk-resultater\/\"]}]},{\"@type\":\"BreadcrumbList\",\"@id\":\"https:\/\/lottohoy.com\/da\/resultater-af-lotterier\/set-for-life-uk-resultater\/#breadcrumb\",\"itemListElement\":[{\"@type\":\"ListItem\",\"position\":1,\"name\":\"Home\",\"item\":\"https:\/\/lottohoy.com\/da\/\"},{\"@type\":\"ListItem\",\"position\":2,\"name\":\"Resultater af lotterier\",\"item\":\"https:\/\/lottohoy.com\/da\/resultater-af-lotterier\/\"},{\"@type\":\"ListItem\",\"position\":3,\"name\":\"Set For Life (UK) resultater\"}]},{\"@type\":\"WebSite\",\"@id\":\"https:\/\/lottohoy.com\/da\/#website\",\"url\":\"https:\/\/lottohoy.com\/da\/\",\"name\":\"Lottohoy\",\"description\":\"\",\"potentialAction\":[{\"@type\":\"SearchAction\",\"target\":{\"@type\":\"EntryPoint\",\"urlTemplate\":\"https:\/\/lottohoy.com\/da\/?s={search_term_string}\"},\"query-input\":{\"@type\":\"PropertyValueSpecification\",\"valueRequired\":true,\"valueName\":\"search_term_string\"}}],\"inLanguage\":\"da-DK\"}]}<\/script>\n<!-- \/ Yoast SEO plugin. -->","yoast_head_json":{"title":"Tjek resultaterne af Set for Life (UK)-tr\u00e6kningerne - LottoHoy.com","description":"P\u00e5 denne side kan du se alle resultaterne af Set for Life (UK)-tr\u00e6kningerne og sammenligne dine kuponer med de opn\u00e5ede pr\u00e6mier.","robots":{"index":"index","follow":"follow","max-snippet":"max-snippet:-1","max-image-preview":"max-image-preview:large","max-video-preview":"max-video-preview:-1"},"canonical":"https:\/\/lottohoy.com\/da\/resultater-af-lotterier\/set-for-life-uk-resultater\/","og_locale":"da_DK","og_type":"article","og_title":"Tjek resultaterne af Set for Life (UK)-tr\u00e6kningerne - LottoHoy.com","og_description":"P\u00e5 denne side kan du se alle resultaterne af Set for Life (UK)-tr\u00e6kningerne og sammenligne dine kuponer med de opn\u00e5ede pr\u00e6mier.","og_url":"https:\/\/lottohoy.com\/da\/resultater-af-lotterier\/set-for-life-uk-resultater\/","og_site_name":"Lottohoy","twitter_card":"summary_large_image","twitter_misc":{"Estimeret l\u00e6setid":"1 minut"},"schema":{"@context":"https:\/\/schema.org","@graph":[{"@type":"WebPage","@id":"https:\/\/lottohoy.com\/da\/resultater-af-lotterier\/set-for-life-uk-resultater\/","url":"https:\/\/lottohoy.com\/da\/resultater-af-lotterier\/set-for-life-uk-resultater\/","name":"Tjek resultaterne af Set for Life (UK)-tr\u00e6kningerne - LottoHoy.com","isPartOf":{"@id":"https:\/\/lottohoy.com\/da\/#website"},"datePublished":"2020-08-10T16:06:25+00:00","dateModified":"2020-08-10T16:06:25+00:00","description":"P\u00e5 denne side kan du se alle resultaterne af Set for Life (UK)-tr\u00e6kningerne og sammenligne dine kuponer med de opn\u00e5ede pr\u00e6mier.","breadcrumb":{"@id":"https:\/\/lottohoy.com\/da\/resultater-af-lotterier\/set-for-life-uk-resultater\/#breadcrumb"},"inLanguage":"da-DK","potentialAction":[{"@type":"ReadAction","target":["https:\/\/lottohoy.com\/da\/resultater-af-lotterier\/set-for-life-uk-resultater\/"]}]},{"@type":"BreadcrumbList","@id":"https:\/\/lottohoy.com\/da\/resultater-af-lotterier\/set-for-life-uk-resultater\/#breadcrumb","itemListElement":[{"@type":"ListItem","position":1,"name":"Home","item":"https:\/\/lottohoy.com\/da\/"},{"@type":"ListItem","position":2,"name":"Resultater af lotterier","item":"https:\/\/lottohoy.com\/da\/resultater-af-lotterier\/"},{"@type":"ListItem","position":3,"name":"Set For Life (UK) resultater"}]},{"@type":"WebSite","@id":"https:\/\/lottohoy.com\/da\/#website","url":"https:\/\/lottohoy.com\/da\/","name":"Lottohoy","description":"","potentialAction":[{"@type":"SearchAction","target":{"@type":"EntryPoint","urlTemplate":"https:\/\/lottohoy.com\/da\/?s={search_term_string}"},"query-input":{"@type":"PropertyValueSpecification","valueRequired":true,"valueName":"search_term_string"}}],"inLanguage":"da-DK"}]}},"_links":{"self":[{"href":"https:\/\/lottohoy.com\/da\/wp-json\/wp\/v2\/pages\/16979","targetHints":{"allow":["GET"]}}],"collection":[{"href":"https:\/\/lottohoy.com\/da\/wp-json\/wp\/v2\/pages"}],"about":[{"href":"https:\/\/lottohoy.com\/da\/wp-json\/wp\/v2\/types\/page"}],"author":[{"embeddable":true,"href":"https:\/\/lottohoy.com\/da\/wp-json\/wp\/v2\/users\/2"}],"replies":[{"embeddable":true,"href":"https:\/\/lottohoy.com\/da\/wp-json\/wp\/v2\/comments?post=16979"}],"version-history":[{"count":0,"href":"https:\/\/lottohoy.com\/da\/wp-json\/wp\/v2\/pages\/16979\/revisions"}],"up":[{"embeddable":true,"href":"https:\/\/lottohoy.com\/da\/wp-json\/wp\/v2\/pages\/16888"}],"wp:attachment":[{"href":"https:\/\/lottohoy.com\/da\/wp-json\/wp\/v2\/media?parent=16979"}],"curies":[{"name":"wp","href":"https:\/\/api.w.org\/{rel}","templated":true}]}}