{"id":16976,"date":"2020-08-10T17:41:07","date_gmt":"2020-08-10T16:41:07","guid":{"rendered":"https:\/\/lottohoy.com\/resultater-af-lotterier\/thunderball-resultater\/"},"modified":"2020-08-10T17:41:07","modified_gmt":"2020-08-10T16:41:07","slug":"thunderball-resultater","status":"publish","type":"page","link":"https:\/\/lottohoy.com\/da\/resultater-af-lotterier\/thunderball-resultater\/","title":{"rendered":"Thunderball-resultater"},"content":{"rendered":"<h2>Hvordan tjekker jeg resultaterne af Thunderball?<\/h2>\n<p>For at se den vindende kombination af Thunderball-lotteritegningerne skal du bare sammenligne tallene i kombinationen p\u00e5 din kupon med det resultat, der vises p\u00e5 denne side. Du kan ogs\u00e5 f\u00e5 adgang til din brugerkonto, hvor alle bev\u00e6gelser vil blive vist, inklusive de vundne pr\u00e6mier<\/p>\n<p>P\u00e5 samme side kan du ogs\u00e5 se de akkumulerede, vinderne og pr\u00e6mierne i hver af kategorierne og de tidligere tr\u00e6kninger, der er op til 24 m\u00e5neder gamle.<\/p>\n<p>Hvordan fordeles pr\u00e6mierne i Thunderball?<\/p>\n<p>Thunderball er et lotteri, der uddeler op til 9 kategorier af pr\u00e6mier, s\u00e5 bare ved at matche det supplerende Thunderball-nummer f\u00e5r du en pr\u00e6mie, med en chance p\u00e5 36.<\/p>\n<p>Hvis du er en registreret bruger, inds\u00e6ttes de opn\u00e5ede pr\u00e6mier direkte p\u00e5 din brugerkonto, og du kan have penge p\u00e5 din saldo, s\u00e5 du kan spille igen eller anmode om en udbetaling, hvis du \u00f8nsker det.<\/p>\n<h2>Den store Thunderball-pr\u00e6mie<\/h2>\n<p>Der er en fast pr\u00e6mie p\u00e5 \u00a3500.000 til hver eneste vinder i f\u00f8rste kategori.<\/p>\n<p>Hvis der ikke er nogen vindere i f\u00f8rste kategori, vil pr\u00e6mien ikke v\u00e6re kumulativ, da den altid vil v\u00e6re det samme bel\u00f8b som pr\u00e6mien p\u00e5 500.000 pund.<\/p>\n<p>De andre kategorier har ogs\u00e5 en fast pr\u00e6mie til hver af vinderne i den p\u00e5g\u00e6ldende kategori.<\/p>\n<h2>Hvad er chancerne for at vinde en pr\u00e6mie?<\/h2>\n<p>Chancen for at vinde jackpotten er 1 ud af 8.060.598.<\/p>\n<p>Mens chancen for at vinde en hvilken som helst pr\u00e6mie er 1 til 13.<\/p>\n","protected":false},"excerpt":{"rendered":"<p>Hvordan tjekker jeg resultaterne af Thunderball? For at se den vindende kombination af Thunderball-lotteritegningerne skal du bare sammenligne tallene i kombinationen p\u00e5 din kupon med det resultat, der vises p\u00e5 denne side. Du kan ogs\u00e5 f\u00e5 adgang til din brugerkonto, hvor alle bev\u00e6gelser vil blive vist, inklusive de vundne pr\u00e6mier P\u00e5 samme side kan du [&hellip;]<\/p>\n","protected":false},"author":2,"featured_media":0,"parent":16888,"menu_order":10,"comment_status":"closed","ping_status":"closed","template":"thunderball-results.php","meta":{"_et_pb_use_builder":"","_et_pb_old_content":"","_et_gb_content_width":"","exclude_from_search":false,"footnotes":""},"class_list":["post-16976","page","type-page","status-publish","hentry"],"yoast_head":"<!-- This site is optimized with the Yoast SEO plugin v23.7 - https:\/\/yoast.com\/wordpress\/plugins\/seo\/ -->\n<title>Thunderball-resultater \u21d2 Tjek resultaterne af Thunderball-tr\u00e6kningen<\/title>\n<meta name=\"description\" content=\"Se Thunderballs resultater fra denne sidste tr\u00e6kning og ogs\u00e5 fra de foreg\u00e5ende for at se, om du har v\u00e6ret heldig og har vundet en pr\u00e6mie.\" \/>\n<meta name=\"robots\" content=\"index, follow, max-snippet:-1, max-image-preview:large, max-video-preview:-1\" \/>\n<link rel=\"canonical\" href=\"https:\/\/lottohoy.com\/da\/resultater-af-lotterier\/thunderball-resultater\/\" \/>\n<meta property=\"og:locale\" content=\"da_DK\" \/>\n<meta property=\"og:type\" content=\"article\" \/>\n<meta property=\"og:title\" content=\"Thunderball-resultater \u21d2 Tjek resultaterne af Thunderball-tr\u00e6kningen\" \/>\n<meta property=\"og:description\" content=\"Se Thunderballs resultater fra denne sidste tr\u00e6kning og ogs\u00e5 fra de foreg\u00e5ende for at se, om du har v\u00e6ret heldig og har vundet en pr\u00e6mie.\" \/>\n<meta property=\"og:url\" content=\"https:\/\/lottohoy.com\/da\/resultater-af-lotterier\/thunderball-resultater\/\" \/>\n<meta property=\"og:site_name\" content=\"Lottohoy\" \/>\n<meta name=\"twitter:card\" content=\"summary_large_image\" \/>\n<meta name=\"twitter:label1\" content=\"Estimeret l\u00e6setid\" \/>\n\t<meta name=\"twitter:data1\" content=\"1 minut\" \/>\n<script type=\"application\/ld+json\" class=\"yoast-schema-graph\">{\"@context\":\"https:\/\/schema.org\",\"@graph\":[{\"@type\":\"WebPage\",\"@id\":\"https:\/\/lottohoy.com\/da\/resultater-af-lotterier\/thunderball-resultater\/\",\"url\":\"https:\/\/lottohoy.com\/da\/resultater-af-lotterier\/thunderball-resultater\/\",\"name\":\"Thunderball-resultater \u21d2 Tjek resultaterne af Thunderball-tr\u00e6kningen\",\"isPartOf\":{\"@id\":\"https:\/\/lottohoy.com\/da\/#website\"},\"datePublished\":\"2020-08-10T16:41:07+00:00\",\"dateModified\":\"2020-08-10T16:41:07+00:00\",\"description\":\"Se Thunderballs resultater fra denne sidste tr\u00e6kning og ogs\u00e5 fra de foreg\u00e5ende for at se, om du har v\u00e6ret heldig og har vundet en pr\u00e6mie.\",\"breadcrumb\":{\"@id\":\"https:\/\/lottohoy.com\/da\/resultater-af-lotterier\/thunderball-resultater\/#breadcrumb\"},\"inLanguage\":\"da-DK\",\"potentialAction\":[{\"@type\":\"ReadAction\",\"target\":[\"https:\/\/lottohoy.com\/da\/resultater-af-lotterier\/thunderball-resultater\/\"]}]},{\"@type\":\"BreadcrumbList\",\"@id\":\"https:\/\/lottohoy.com\/da\/resultater-af-lotterier\/thunderball-resultater\/#breadcrumb\",\"itemListElement\":[{\"@type\":\"ListItem\",\"position\":1,\"name\":\"Home\",\"item\":\"https:\/\/lottohoy.com\/da\/\"},{\"@type\":\"ListItem\",\"position\":2,\"name\":\"Resultater af lotterier\",\"item\":\"https:\/\/lottohoy.com\/da\/resultater-af-lotterier\/\"},{\"@type\":\"ListItem\",\"position\":3,\"name\":\"Thunderball-resultater\"}]},{\"@type\":\"WebSite\",\"@id\":\"https:\/\/lottohoy.com\/da\/#website\",\"url\":\"https:\/\/lottohoy.com\/da\/\",\"name\":\"Lottohoy\",\"description\":\"\",\"potentialAction\":[{\"@type\":\"SearchAction\",\"target\":{\"@type\":\"EntryPoint\",\"urlTemplate\":\"https:\/\/lottohoy.com\/da\/?s={search_term_string}\"},\"query-input\":{\"@type\":\"PropertyValueSpecification\",\"valueRequired\":true,\"valueName\":\"search_term_string\"}}],\"inLanguage\":\"da-DK\"}]}<\/script>\n<!-- \/ Yoast SEO plugin. -->","yoast_head_json":{"title":"Thunderball-resultater \u21d2 Tjek resultaterne af Thunderball-tr\u00e6kningen","description":"Se Thunderballs resultater fra denne sidste tr\u00e6kning og ogs\u00e5 fra de foreg\u00e5ende for at se, om du har v\u00e6ret heldig og har vundet en pr\u00e6mie.","robots":{"index":"index","follow":"follow","max-snippet":"max-snippet:-1","max-image-preview":"max-image-preview:large","max-video-preview":"max-video-preview:-1"},"canonical":"https:\/\/lottohoy.com\/da\/resultater-af-lotterier\/thunderball-resultater\/","og_locale":"da_DK","og_type":"article","og_title":"Thunderball-resultater \u21d2 Tjek resultaterne af Thunderball-tr\u00e6kningen","og_description":"Se Thunderballs resultater fra denne sidste tr\u00e6kning og ogs\u00e5 fra de foreg\u00e5ende for at se, om du har v\u00e6ret heldig og har vundet en pr\u00e6mie.","og_url":"https:\/\/lottohoy.com\/da\/resultater-af-lotterier\/thunderball-resultater\/","og_site_name":"Lottohoy","twitter_card":"summary_large_image","twitter_misc":{"Estimeret l\u00e6setid":"1 minut"},"schema":{"@context":"https:\/\/schema.org","@graph":[{"@type":"WebPage","@id":"https:\/\/lottohoy.com\/da\/resultater-af-lotterier\/thunderball-resultater\/","url":"https:\/\/lottohoy.com\/da\/resultater-af-lotterier\/thunderball-resultater\/","name":"Thunderball-resultater \u21d2 Tjek resultaterne af Thunderball-tr\u00e6kningen","isPartOf":{"@id":"https:\/\/lottohoy.com\/da\/#website"},"datePublished":"2020-08-10T16:41:07+00:00","dateModified":"2020-08-10T16:41:07+00:00","description":"Se Thunderballs resultater fra denne sidste tr\u00e6kning og ogs\u00e5 fra de foreg\u00e5ende for at se, om du har v\u00e6ret heldig og har vundet en pr\u00e6mie.","breadcrumb":{"@id":"https:\/\/lottohoy.com\/da\/resultater-af-lotterier\/thunderball-resultater\/#breadcrumb"},"inLanguage":"da-DK","potentialAction":[{"@type":"ReadAction","target":["https:\/\/lottohoy.com\/da\/resultater-af-lotterier\/thunderball-resultater\/"]}]},{"@type":"BreadcrumbList","@id":"https:\/\/lottohoy.com\/da\/resultater-af-lotterier\/thunderball-resultater\/#breadcrumb","itemListElement":[{"@type":"ListItem","position":1,"name":"Home","item":"https:\/\/lottohoy.com\/da\/"},{"@type":"ListItem","position":2,"name":"Resultater af lotterier","item":"https:\/\/lottohoy.com\/da\/resultater-af-lotterier\/"},{"@type":"ListItem","position":3,"name":"Thunderball-resultater"}]},{"@type":"WebSite","@id":"https:\/\/lottohoy.com\/da\/#website","url":"https:\/\/lottohoy.com\/da\/","name":"Lottohoy","description":"","potentialAction":[{"@type":"SearchAction","target":{"@type":"EntryPoint","urlTemplate":"https:\/\/lottohoy.com\/da\/?s={search_term_string}"},"query-input":{"@type":"PropertyValueSpecification","valueRequired":true,"valueName":"search_term_string"}}],"inLanguage":"da-DK"}]}},"_links":{"self":[{"href":"https:\/\/lottohoy.com\/da\/wp-json\/wp\/v2\/pages\/16976","targetHints":{"allow":["GET"]}}],"collection":[{"href":"https:\/\/lottohoy.com\/da\/wp-json\/wp\/v2\/pages"}],"about":[{"href":"https:\/\/lottohoy.com\/da\/wp-json\/wp\/v2\/types\/page"}],"author":[{"embeddable":true,"href":"https:\/\/lottohoy.com\/da\/wp-json\/wp\/v2\/users\/2"}],"replies":[{"embeddable":true,"href":"https:\/\/lottohoy.com\/da\/wp-json\/wp\/v2\/comments?post=16976"}],"version-history":[{"count":0,"href":"https:\/\/lottohoy.com\/da\/wp-json\/wp\/v2\/pages\/16976\/revisions"}],"up":[{"embeddable":true,"href":"https:\/\/lottohoy.com\/da\/wp-json\/wp\/v2\/pages\/16888"}],"wp:attachment":[{"href":"https:\/\/lottohoy.com\/da\/wp-json\/wp\/v2\/media?parent=16976"}],"curies":[{"name":"wp","href":"https:\/\/api.w.org\/{rel}","templated":true}]}}