{"id":16965,"date":"2018-05-03T14:23:40","date_gmt":"2018-05-03T13:23:40","guid":{"rendered":"https:\/\/lottohoy.com\/resultater-af-lotterier\/uk-lotto-resultater\/"},"modified":"2018-05-03T14:23:40","modified_gmt":"2018-05-03T13:23:40","slug":"uk-lotto-resultater","status":"publish","type":"page","link":"https:\/\/lottohoy.com\/da\/resultater-af-lotterier\/uk-lotto-resultater\/","title":{"rendered":"UK Lotto-resultater"},"content":{"rendered":"<p>Her er de seneste resultater af UK Lotto. Du kan ogs\u00e5 tjekke de arkiverede tr\u00e6kningsresultater fra det britiske lotteri.<\/p>\n<h2><strong>Seneste UK Lotto-resultater<\/strong><\/h2>\n<p>N\u00e5r du har <a href=\"https:\/\/lottohoy.com\/play\/lotto-uk\/\"><b>spillet UK Lotto<\/b><\/a>, kan du tjekke den forrige tr\u00e6knings vindertalskombination samt fordelingen af lottopr\u00e6mier svarende til hver af kategorierne p\u00e5 denne side.<\/p>\n<p>Tabellen viser kombinationen af de seks hovedtal. Det er ogs\u00e5 muligt at v\u00e6lge en ekstra \u00bbbonus\u00ab-kugle for at give en pr\u00e6mie til folk, der har ramt seks hovedkugler.<\/p>\n<h2><strong>Tidligere UK Lotto-tr\u00e6kninger<\/strong><\/h2>\n<p>P\u00e5 denne side har vi ogs\u00e5 mulighed for at f\u00e5 adgang til de tidligere tr\u00e6kningsresultater, for ikke kun at se de vindende kombinationer, men ogs\u00e5 fordelingen af lotteripr\u00e6mier for de forskellige kategorier.<\/p>\n<p>I den \u00f8verste h\u00f8jre del i gr\u00e5t har du kalenderen, hvor du kan v\u00e6lge den dato, hvis resultater du vil tjekke. Du kan f\u00e5 adgang til resultaterne fra de sidste to \u00e5r.<\/p>\n<h2>Lotto-pr\u00e6mier for l\u00f8rdag<\/h2>\n<p>UK Lotto spilles hver onsdag og l\u00f8rdag, og her kan du tjekke pr\u00e6miefordelingen for begge ugentlige tr\u00e6kninger lige efter, at de officielle resultater er bekr\u00e6ftet.<\/p>\n","protected":false},"excerpt":{"rendered":"<p>Her er de seneste resultater af UK Lotto. Du kan ogs\u00e5 tjekke de arkiverede tr\u00e6kningsresultater fra det britiske lotteri. Seneste UK Lotto-resultater N\u00e5r du har spillet UK Lotto, kan du tjekke den forrige tr\u00e6knings vindertalskombination samt fordelingen af lottopr\u00e6mier svarende til hver af kategorierne p\u00e5 denne side. Tabellen viser kombinationen af de seks hovedtal. Det [&hellip;]<\/p>\n","protected":false},"author":2,"featured_media":0,"parent":16888,"menu_order":9,"comment_status":"closed","ping_status":"closed","template":"lotto-uk-results.php","meta":{"_et_pb_use_builder":"","_et_pb_old_content":"","_et_gb_content_width":"","exclude_from_search":false,"footnotes":""},"class_list":["post-16965","page","type-page","status-publish","hentry"],"yoast_head":"<!-- This site is optimized with the Yoast SEO plugin v23.7 - https:\/\/yoast.com\/wordpress\/plugins\/seo\/ -->\n<title>UK Lotto-resultater \u25b7 Opdeling af Lotto-pr\u00e6mier | Lottohoy<\/title>\n<meta name=\"description\" content=\"Tjek de seneste resultater af UK Lotto, det mest popul\u00e6re lotterispil i Storbritannien. Find opdaterede data, s\u00e5 snart tr\u00e6kningen er f\u00e6rdig.\" \/>\n<meta name=\"robots\" content=\"index, follow, max-snippet:-1, max-image-preview:large, max-video-preview:-1\" \/>\n<link rel=\"canonical\" href=\"https:\/\/lottohoy.com\/da\/resultater-af-lotterier\/uk-lotto-resultater\/\" \/>\n<meta property=\"og:locale\" content=\"da_DK\" \/>\n<meta property=\"og:type\" content=\"article\" \/>\n<meta property=\"og:title\" content=\"UK Lotto-resultater \u25b7 Opdeling af Lotto-pr\u00e6mier | Lottohoy\" \/>\n<meta property=\"og:description\" content=\"Tjek de seneste resultater af UK Lotto, det mest popul\u00e6re lotterispil i Storbritannien. Find opdaterede data, s\u00e5 snart tr\u00e6kningen er f\u00e6rdig.\" \/>\n<meta property=\"og:url\" content=\"https:\/\/lottohoy.com\/da\/resultater-af-lotterier\/uk-lotto-resultater\/\" \/>\n<meta property=\"og:site_name\" content=\"Lottohoy\" \/>\n<meta name=\"twitter:card\" content=\"summary_large_image\" \/>\n<meta name=\"twitter:label1\" content=\"Estimeret l\u00e6setid\" \/>\n\t<meta name=\"twitter:data1\" content=\"1 minut\" \/>\n<script type=\"application\/ld+json\" class=\"yoast-schema-graph\">{\"@context\":\"https:\/\/schema.org\",\"@graph\":[{\"@type\":\"WebPage\",\"@id\":\"https:\/\/lottohoy.com\/da\/resultater-af-lotterier\/uk-lotto-resultater\/\",\"url\":\"https:\/\/lottohoy.com\/da\/resultater-af-lotterier\/uk-lotto-resultater\/\",\"name\":\"UK Lotto-resultater \u25b7 Opdeling af Lotto-pr\u00e6mier | Lottohoy\",\"isPartOf\":{\"@id\":\"https:\/\/lottohoy.com\/da\/#website\"},\"datePublished\":\"2018-05-03T13:23:40+00:00\",\"dateModified\":\"2018-05-03T13:23:40+00:00\",\"description\":\"Tjek de seneste resultater af UK Lotto, det mest popul\u00e6re lotterispil i Storbritannien. Find opdaterede data, s\u00e5 snart tr\u00e6kningen er f\u00e6rdig.\",\"breadcrumb\":{\"@id\":\"https:\/\/lottohoy.com\/da\/resultater-af-lotterier\/uk-lotto-resultater\/#breadcrumb\"},\"inLanguage\":\"da-DK\",\"potentialAction\":[{\"@type\":\"ReadAction\",\"target\":[\"https:\/\/lottohoy.com\/da\/resultater-af-lotterier\/uk-lotto-resultater\/\"]}]},{\"@type\":\"BreadcrumbList\",\"@id\":\"https:\/\/lottohoy.com\/da\/resultater-af-lotterier\/uk-lotto-resultater\/#breadcrumb\",\"itemListElement\":[{\"@type\":\"ListItem\",\"position\":1,\"name\":\"Home\",\"item\":\"https:\/\/lottohoy.com\/da\/\"},{\"@type\":\"ListItem\",\"position\":2,\"name\":\"Resultater af lotterier\",\"item\":\"https:\/\/lottohoy.com\/da\/resultater-af-lotterier\/\"},{\"@type\":\"ListItem\",\"position\":3,\"name\":\"UK Lotto-resultater\"}]},{\"@type\":\"WebSite\",\"@id\":\"https:\/\/lottohoy.com\/da\/#website\",\"url\":\"https:\/\/lottohoy.com\/da\/\",\"name\":\"Lottohoy\",\"description\":\"\",\"potentialAction\":[{\"@type\":\"SearchAction\",\"target\":{\"@type\":\"EntryPoint\",\"urlTemplate\":\"https:\/\/lottohoy.com\/da\/?s={search_term_string}\"},\"query-input\":{\"@type\":\"PropertyValueSpecification\",\"valueRequired\":true,\"valueName\":\"search_term_string\"}}],\"inLanguage\":\"da-DK\"}]}<\/script>\n<!-- \/ Yoast SEO plugin. -->","yoast_head_json":{"title":"UK Lotto-resultater \u25b7 Opdeling af Lotto-pr\u00e6mier | Lottohoy","description":"Tjek de seneste resultater af UK Lotto, det mest popul\u00e6re lotterispil i Storbritannien. Find opdaterede data, s\u00e5 snart tr\u00e6kningen er f\u00e6rdig.","robots":{"index":"index","follow":"follow","max-snippet":"max-snippet:-1","max-image-preview":"max-image-preview:large","max-video-preview":"max-video-preview:-1"},"canonical":"https:\/\/lottohoy.com\/da\/resultater-af-lotterier\/uk-lotto-resultater\/","og_locale":"da_DK","og_type":"article","og_title":"UK Lotto-resultater \u25b7 Opdeling af Lotto-pr\u00e6mier | Lottohoy","og_description":"Tjek de seneste resultater af UK Lotto, det mest popul\u00e6re lotterispil i Storbritannien. Find opdaterede data, s\u00e5 snart tr\u00e6kningen er f\u00e6rdig.","og_url":"https:\/\/lottohoy.com\/da\/resultater-af-lotterier\/uk-lotto-resultater\/","og_site_name":"Lottohoy","twitter_card":"summary_large_image","twitter_misc":{"Estimeret l\u00e6setid":"1 minut"},"schema":{"@context":"https:\/\/schema.org","@graph":[{"@type":"WebPage","@id":"https:\/\/lottohoy.com\/da\/resultater-af-lotterier\/uk-lotto-resultater\/","url":"https:\/\/lottohoy.com\/da\/resultater-af-lotterier\/uk-lotto-resultater\/","name":"UK Lotto-resultater \u25b7 Opdeling af Lotto-pr\u00e6mier | Lottohoy","isPartOf":{"@id":"https:\/\/lottohoy.com\/da\/#website"},"datePublished":"2018-05-03T13:23:40+00:00","dateModified":"2018-05-03T13:23:40+00:00","description":"Tjek de seneste resultater af UK Lotto, det mest popul\u00e6re lotterispil i Storbritannien. Find opdaterede data, s\u00e5 snart tr\u00e6kningen er f\u00e6rdig.","breadcrumb":{"@id":"https:\/\/lottohoy.com\/da\/resultater-af-lotterier\/uk-lotto-resultater\/#breadcrumb"},"inLanguage":"da-DK","potentialAction":[{"@type":"ReadAction","target":["https:\/\/lottohoy.com\/da\/resultater-af-lotterier\/uk-lotto-resultater\/"]}]},{"@type":"BreadcrumbList","@id":"https:\/\/lottohoy.com\/da\/resultater-af-lotterier\/uk-lotto-resultater\/#breadcrumb","itemListElement":[{"@type":"ListItem","position":1,"name":"Home","item":"https:\/\/lottohoy.com\/da\/"},{"@type":"ListItem","position":2,"name":"Resultater af lotterier","item":"https:\/\/lottohoy.com\/da\/resultater-af-lotterier\/"},{"@type":"ListItem","position":3,"name":"UK Lotto-resultater"}]},{"@type":"WebSite","@id":"https:\/\/lottohoy.com\/da\/#website","url":"https:\/\/lottohoy.com\/da\/","name":"Lottohoy","description":"","potentialAction":[{"@type":"SearchAction","target":{"@type":"EntryPoint","urlTemplate":"https:\/\/lottohoy.com\/da\/?s={search_term_string}"},"query-input":{"@type":"PropertyValueSpecification","valueRequired":true,"valueName":"search_term_string"}}],"inLanguage":"da-DK"}]}},"_links":{"self":[{"href":"https:\/\/lottohoy.com\/da\/wp-json\/wp\/v2\/pages\/16965","targetHints":{"allow":["GET"]}}],"collection":[{"href":"https:\/\/lottohoy.com\/da\/wp-json\/wp\/v2\/pages"}],"about":[{"href":"https:\/\/lottohoy.com\/da\/wp-json\/wp\/v2\/types\/page"}],"author":[{"embeddable":true,"href":"https:\/\/lottohoy.com\/da\/wp-json\/wp\/v2\/users\/2"}],"replies":[{"embeddable":true,"href":"https:\/\/lottohoy.com\/da\/wp-json\/wp\/v2\/comments?post=16965"}],"version-history":[{"count":0,"href":"https:\/\/lottohoy.com\/da\/wp-json\/wp\/v2\/pages\/16965\/revisions"}],"up":[{"embeddable":true,"href":"https:\/\/lottohoy.com\/da\/wp-json\/wp\/v2\/pages\/16888"}],"wp:attachment":[{"href":"https:\/\/lottohoy.com\/da\/wp-json\/wp\/v2\/media?parent=16965"}],"curies":[{"name":"wp","href":"https:\/\/api.w.org\/{rel}","templated":true}]}}