{"id":16961,"date":"2018-08-21T10:11:29","date_gmt":"2018-08-21T09:11:29","guid":{"rendered":"https:\/\/lottohoy.com\/resultater-af-lotterier\/la-primitiva-resultater\/"},"modified":"2018-08-21T10:11:29","modified_gmt":"2018-08-21T09:11:29","slug":"la-primitiva-resultater","status":"publish","type":"page","link":"https:\/\/lottohoy.com\/da\/resultater-af-lotterier\/la-primitiva-resultater\/","title":{"rendered":"La Primitiva resultater"},"content":{"rendered":"<p>Denne side viser en detaljeret oversigt over resultaterne af Primitiva-lotteriet, den ansl\u00e5ede jackpot for denne sidste tr\u00e6kning og andre interessante detaljer.<\/p>\n<h2>Primitiva resultater i dag<\/h2>\n<p>I denne boks vises resultaterne af den sidste tr\u00e6kning samt pr\u00e6miefordelingen for hver af de syv kategorier, det ansl\u00e5ede antal vindere pr. kategori og det bel\u00f8b, der skal fordeles mellem dem.<\/p>\n<h2>Alle Primitiva-resultater<\/h2>\n<p>Ud over resultaterne af den sidst afholdte lodtr\u00e6kning kan du p\u00e5 denne side ogs\u00e5 finde alle lodtr\u00e6kningsresultater fra de sidste 24 m\u00e5neder.<\/p>\n<p>Til h\u00f8jre for den vindende kombination i den sidste tr\u00e6kning vises nogle gr\u00e5 bokse med nogle retningspile, der giver dig mulighed for at g\u00e5 gennem datoerne for tidligere tr\u00e6kninger.<\/p>\n","protected":false},"excerpt":{"rendered":"<p>Denne side viser en detaljeret oversigt over resultaterne af Primitiva-lotteriet, den ansl\u00e5ede jackpot for denne sidste tr\u00e6kning og andre interessante detaljer. Primitiva resultater i dag I denne boks vises resultaterne af den sidste tr\u00e6kning samt pr\u00e6miefordelingen for hver af de syv kategorier, det ansl\u00e5ede antal vindere pr. kategori og det bel\u00f8b, der skal fordeles mellem [&hellip;]<\/p>\n","protected":false},"author":2,"featured_media":0,"parent":16888,"menu_order":6,"comment_status":"closed","ping_status":"closed","template":"la-primitiva-results.php","meta":{"_et_pb_use_builder":"","_et_pb_old_content":"","_et_gb_content_width":"","exclude_from_search":false,"footnotes":""},"class_list":["post-16961","page","type-page","status-publish","hentry"],"yoast_head":"<!-- This site is optimized with the Yoast SEO plugin v23.7 - https:\/\/yoast.com\/wordpress\/plugins\/seo\/ -->\n<title>La Primitiva resultater - vindende numre i lotteriet \u2713<\/title>\n<meta name=\"description\" content=\"Detaljeret oversigt over resultaterne af La Primitiva, Spaniens mest ber\u00f8mte lotteri. Tjek de seneste vindertal, og k\u00f8b din kupon nu!\" \/>\n<meta name=\"robots\" content=\"index, follow, max-snippet:-1, max-image-preview:large, max-video-preview:-1\" \/>\n<link rel=\"canonical\" href=\"https:\/\/lottohoy.com\/da\/resultater-af-lotterier\/la-primitiva-resultater\/\" \/>\n<meta property=\"og:locale\" content=\"da_DK\" \/>\n<meta property=\"og:type\" content=\"article\" \/>\n<meta property=\"og:title\" content=\"La Primitiva resultater - vindende numre i lotteriet \u2713\" \/>\n<meta property=\"og:description\" content=\"Detaljeret oversigt over resultaterne af La Primitiva, Spaniens mest ber\u00f8mte lotteri. Tjek de seneste vindertal, og k\u00f8b din kupon nu!\" \/>\n<meta property=\"og:url\" content=\"https:\/\/lottohoy.com\/da\/resultater-af-lotterier\/la-primitiva-resultater\/\" \/>\n<meta property=\"og:site_name\" content=\"Lottohoy\" \/>\n<meta name=\"twitter:card\" content=\"summary_large_image\" \/>\n<meta name=\"twitter:label1\" content=\"Estimeret l\u00e6setid\" \/>\n\t<meta name=\"twitter:data1\" content=\"1 minut\" \/>\n<script type=\"application\/ld+json\" class=\"yoast-schema-graph\">{\"@context\":\"https:\/\/schema.org\",\"@graph\":[{\"@type\":\"WebPage\",\"@id\":\"https:\/\/lottohoy.com\/da\/resultater-af-lotterier\/la-primitiva-resultater\/\",\"url\":\"https:\/\/lottohoy.com\/da\/resultater-af-lotterier\/la-primitiva-resultater\/\",\"name\":\"La Primitiva resultater - vindende numre i lotteriet \u2713\",\"isPartOf\":{\"@id\":\"https:\/\/lottohoy.com\/da\/#website\"},\"datePublished\":\"2018-08-21T09:11:29+00:00\",\"dateModified\":\"2018-08-21T09:11:29+00:00\",\"description\":\"Detaljeret oversigt over resultaterne af La Primitiva, Spaniens mest ber\u00f8mte lotteri. Tjek de seneste vindertal, og k\u00f8b din kupon nu!\",\"breadcrumb\":{\"@id\":\"https:\/\/lottohoy.com\/da\/resultater-af-lotterier\/la-primitiva-resultater\/#breadcrumb\"},\"inLanguage\":\"da-DK\",\"potentialAction\":[{\"@type\":\"ReadAction\",\"target\":[\"https:\/\/lottohoy.com\/da\/resultater-af-lotterier\/la-primitiva-resultater\/\"]}]},{\"@type\":\"BreadcrumbList\",\"@id\":\"https:\/\/lottohoy.com\/da\/resultater-af-lotterier\/la-primitiva-resultater\/#breadcrumb\",\"itemListElement\":[{\"@type\":\"ListItem\",\"position\":1,\"name\":\"Home\",\"item\":\"https:\/\/lottohoy.com\/da\/\"},{\"@type\":\"ListItem\",\"position\":2,\"name\":\"Resultater af lotterier\",\"item\":\"https:\/\/lottohoy.com\/da\/resultater-af-lotterier\/\"},{\"@type\":\"ListItem\",\"position\":3,\"name\":\"La Primitiva resultater\"}]},{\"@type\":\"WebSite\",\"@id\":\"https:\/\/lottohoy.com\/da\/#website\",\"url\":\"https:\/\/lottohoy.com\/da\/\",\"name\":\"Lottohoy\",\"description\":\"\",\"potentialAction\":[{\"@type\":\"SearchAction\",\"target\":{\"@type\":\"EntryPoint\",\"urlTemplate\":\"https:\/\/lottohoy.com\/da\/?s={search_term_string}\"},\"query-input\":{\"@type\":\"PropertyValueSpecification\",\"valueRequired\":true,\"valueName\":\"search_term_string\"}}],\"inLanguage\":\"da-DK\"}]}<\/script>\n<!-- \/ Yoast SEO plugin. -->","yoast_head_json":{"title":"La Primitiva resultater - vindende numre i lotteriet \u2713","description":"Detaljeret oversigt over resultaterne af La Primitiva, Spaniens mest ber\u00f8mte lotteri. Tjek de seneste vindertal, og k\u00f8b din kupon nu!","robots":{"index":"index","follow":"follow","max-snippet":"max-snippet:-1","max-image-preview":"max-image-preview:large","max-video-preview":"max-video-preview:-1"},"canonical":"https:\/\/lottohoy.com\/da\/resultater-af-lotterier\/la-primitiva-resultater\/","og_locale":"da_DK","og_type":"article","og_title":"La Primitiva resultater - vindende numre i lotteriet \u2713","og_description":"Detaljeret oversigt over resultaterne af La Primitiva, Spaniens mest ber\u00f8mte lotteri. Tjek de seneste vindertal, og k\u00f8b din kupon nu!","og_url":"https:\/\/lottohoy.com\/da\/resultater-af-lotterier\/la-primitiva-resultater\/","og_site_name":"Lottohoy","twitter_card":"summary_large_image","twitter_misc":{"Estimeret l\u00e6setid":"1 minut"},"schema":{"@context":"https:\/\/schema.org","@graph":[{"@type":"WebPage","@id":"https:\/\/lottohoy.com\/da\/resultater-af-lotterier\/la-primitiva-resultater\/","url":"https:\/\/lottohoy.com\/da\/resultater-af-lotterier\/la-primitiva-resultater\/","name":"La Primitiva resultater - vindende numre i lotteriet \u2713","isPartOf":{"@id":"https:\/\/lottohoy.com\/da\/#website"},"datePublished":"2018-08-21T09:11:29+00:00","dateModified":"2018-08-21T09:11:29+00:00","description":"Detaljeret oversigt over resultaterne af La Primitiva, Spaniens mest ber\u00f8mte lotteri. Tjek de seneste vindertal, og k\u00f8b din kupon nu!","breadcrumb":{"@id":"https:\/\/lottohoy.com\/da\/resultater-af-lotterier\/la-primitiva-resultater\/#breadcrumb"},"inLanguage":"da-DK","potentialAction":[{"@type":"ReadAction","target":["https:\/\/lottohoy.com\/da\/resultater-af-lotterier\/la-primitiva-resultater\/"]}]},{"@type":"BreadcrumbList","@id":"https:\/\/lottohoy.com\/da\/resultater-af-lotterier\/la-primitiva-resultater\/#breadcrumb","itemListElement":[{"@type":"ListItem","position":1,"name":"Home","item":"https:\/\/lottohoy.com\/da\/"},{"@type":"ListItem","position":2,"name":"Resultater af lotterier","item":"https:\/\/lottohoy.com\/da\/resultater-af-lotterier\/"},{"@type":"ListItem","position":3,"name":"La Primitiva resultater"}]},{"@type":"WebSite","@id":"https:\/\/lottohoy.com\/da\/#website","url":"https:\/\/lottohoy.com\/da\/","name":"Lottohoy","description":"","potentialAction":[{"@type":"SearchAction","target":{"@type":"EntryPoint","urlTemplate":"https:\/\/lottohoy.com\/da\/?s={search_term_string}"},"query-input":{"@type":"PropertyValueSpecification","valueRequired":true,"valueName":"search_term_string"}}],"inLanguage":"da-DK"}]}},"_links":{"self":[{"href":"https:\/\/lottohoy.com\/da\/wp-json\/wp\/v2\/pages\/16961","targetHints":{"allow":["GET"]}}],"collection":[{"href":"https:\/\/lottohoy.com\/da\/wp-json\/wp\/v2\/pages"}],"about":[{"href":"https:\/\/lottohoy.com\/da\/wp-json\/wp\/v2\/types\/page"}],"author":[{"embeddable":true,"href":"https:\/\/lottohoy.com\/da\/wp-json\/wp\/v2\/users\/2"}],"replies":[{"embeddable":true,"href":"https:\/\/lottohoy.com\/da\/wp-json\/wp\/v2\/comments?post=16961"}],"version-history":[{"count":0,"href":"https:\/\/lottohoy.com\/da\/wp-json\/wp\/v2\/pages\/16961\/revisions"}],"up":[{"embeddable":true,"href":"https:\/\/lottohoy.com\/da\/wp-json\/wp\/v2\/pages\/16888"}],"wp:attachment":[{"href":"https:\/\/lottohoy.com\/da\/wp-json\/wp\/v2\/media?parent=16961"}],"curies":[{"name":"wp","href":"https:\/\/api.w.org\/{rel}","templated":true}]}}