{"id":16949,"date":"2019-02-13T18:37:04","date_gmt":"2019-02-13T18:37:04","guid":{"rendered":"https:\/\/lottohoy.com\/resultater-af-lotterier\/gordo-de-la-primitiva-lotteriresultater\/"},"modified":"2019-02-13T18:37:04","modified_gmt":"2019-02-13T18:37:04","slug":"gordo-de-la-primitiva-lotteriresultater","status":"publish","type":"page","link":"https:\/\/lottohoy.com\/da\/resultater-af-lotterier\/gordo-de-la-primitiva-lotteriresultater\/","title":{"rendered":"Gordo de la Primitiva lotteriresultater"},"content":{"rendered":"<p>For at kontrollere, om dit spil p\u00e5 El Gordo de la Primitiva er blevet tildelt, skal du kontrollere tallene i kombinationen vist p\u00e5 din kupon i forhold til resultaterne vist p\u00e5 denne side.<\/p>\n<p>I tilf\u00e6lde af at du vinder en pr\u00e6mie i en af de forskellige <strong>Gordo de la Primitiva-kategorier<\/strong>, vil de vindende numre og bel\u00f8bet for din gevinst automatisk blive krediteret p\u00e5 din brugerkonto og v\u00e6re tilg\u00e6ngelig fra det \u00f8jeblik.<\/p>\n<p>Du kan ogs\u00e5 tjekke den akkumulerede jackpot, vinderne og pr\u00e6mierne i hver af kategorierne og de tidligere tr\u00e6kninger s\u00e5 langt tilbage som 24 m\u00e5neder.<\/p>\n<h2>Tjek el Gordo de la Primitiva resultater<\/h2>\n<p>Denne side afspejler i detaljer resultaterne af Gordo de la Primitiva-lodtr\u00e6kningen, den ansl\u00e5ede jackpot for den n\u00e6ste lodtr\u00e6kning samt andre detaljer af maksimal interesse for dine fremtidige spil.<\/p>\n<p>Til h\u00f8jre for den vindende kombination i den sidste tr\u00e6kning er der tre firkanter. Den centrale firkant viser datoen for den lodtr\u00e6kning, der unders\u00f8ges, og p\u00e5 begge sider af denne centrale firkant er der venstre- og h\u00f8jre-pile for at se datoer for tidligere lodtr\u00e6kninger.<\/p>\n<h2>Tjek el Gordo de la Primitiva i dag<\/h2>\n<p>Den viser en stor tabel med resultaterne og fordelingen af pr\u00e6mier efter kategorier i den sidste El Gordo.<\/p>\n<p>Pr\u00e6miekategorierne (op til ni forskellige kategorier), den n\u00f8dvendige succes for at kvalificere sig til en af pr\u00e6miekategorierne.<\/p>\n<p>Vinderne af hver af kategorierne samt den pr\u00e6mie, som hver af vinderne f\u00e5r.<\/p>\n<p>Lukning af denne store boks, der angiver det samlede antal vindere i denne lodtr\u00e6kning, og de samlede penge, der fordeles blandt alle vindere.<\/p>\n<h2>Gordo de la Primitiva-pr\u00e6mier<\/h2>\n<p>Med kun to hovedtal f\u00e5r du en fast pr\u00e6mie p\u00e5 \u20ac 3, mens hvis kun n\u00f8gletallet eller rabatten rammes, er gevinsten afkastet af grundbel\u00f8bet for indsatsen.<\/p>\n<p>V\u00e6rdien af pr\u00e6mierne varierer fra lodtr\u00e6kning til lodtr\u00e6kning, da de er baseret p\u00e5 billetsalget og vinderne i hver kategori.<\/p>\n<p>F\u00f8lgende tabel viser de forskellige kategorier af pr\u00e6mier sammen med den procentdel af indsamlingen, der tildeles hver af dem.<\/p>\n<p><b>Pr\u00e6miekategorier Antal rigtige svar Procentdel tildelt<\/b><\/p>\n<p>F\u00f8rste kategori 5 numre + tilbagebetaling 22 %.<\/p>\n<p>Anden kategori 5 numre 33%.<\/p>\n<p>Tredje kategori 4 tal + tilbagebetaling 6%.<\/p>\n<p>Fjerde kategori 4 tal 7%.<\/p>\n<p>Femte kategori 3 tal + tilbagebetaling 8%.<\/p>\n<p>Sjette kategori 3 numre 26%.<\/p>\n<p>7. kategori 2 numre + tilbagebetaling 20%.<\/p>\n<p>Ottende kategori 2 numre Fast3 \u20ac<\/p>\n<p>Tilbagebetaling af n\u00f8gletal 10%.<\/p>\n<h2>El Gordo de la Primitiva st\u00f8rste jackpots<\/h2>\n<p>Der er en garanteret minimumsjackpot for Gordo p\u00e5 5 millioner euro, som akkumuleres til den n\u00e6ste tr\u00e6kning, hvis der ikke er nogen vinder i f\u00f8rste kategori.<\/p>\n<p>Jackpotten kan forts\u00e6tte med at vokse p\u00e5 en ubegr\u00e6nset m\u00e5de, indtil der er en vinder, der rammer de fem hovednumre og refusionsnummeret.<\/p>\n<p>De st\u00f8rste jackpots i Gordo de la Primitiva-lodtr\u00e6kningen siden starten i 1993 og frem til i dag er som f\u00f8lger:<\/p>\n<p><b>Dato Bel\u00f8b<\/b> <\/p>\n<p>19\/09\/2010 36,675,630.47 \u20ac <\/p>\n<p>12\/09\/2010 34,230,938.33 \u20ac <\/p>\n<p>14\/08\/2011 30,000,000.00 \u20ac <\/p>\n<p>5\/9\/2010 32,390,368.22 \u20ac <\/p>\n<p>14\/08\/2011 31,626,895.12 \u20ac <\/p>\n<p>20\/08\/2010 30,714,123.47 \u20ac<\/p>\n","protected":false},"excerpt":{"rendered":"<p>For at kontrollere, om dit spil p\u00e5 El Gordo de la Primitiva er blevet tildelt, skal du kontrollere tallene i kombinationen vist p\u00e5 din kupon i forhold til resultaterne vist p\u00e5 denne side. I tilf\u00e6lde af at du vinder en pr\u00e6mie i en af de forskellige Gordo de la Primitiva-kategorier, vil de vindende numre og [&hellip;]<\/p>\n","protected":false},"author":2,"featured_media":0,"parent":16888,"menu_order":6,"comment_status":"closed","ping_status":"closed","template":"el-gordo-results.php","meta":{"_et_pb_use_builder":"","_et_pb_old_content":"","_et_gb_content_width":"","exclude_from_search":false,"footnotes":""},"class_list":["post-16949","page","type-page","status-publish","hentry"],"yoast_head":"<!-- This site is optimized with the Yoast SEO plugin v23.7 - https:\/\/yoast.com\/wordpress\/plugins\/seo\/ -->\n<title>Gordo de La Primitiva - Vindere og seneste resultater - Lottohoy<\/title>\n<meta name=\"description\" content=\"Hvad venter du p\u00e5? Find ud af, om du er den seneste vinder af Gordo de La Primitiva.\" \/>\n<meta name=\"robots\" content=\"index, follow, max-snippet:-1, max-image-preview:large, max-video-preview:-1\" \/>\n<link rel=\"canonical\" href=\"https:\/\/lottohoy.com\/da\/resultater-af-lotterier\/gordo-de-la-primitiva-lotteriresultater\/\" \/>\n<meta property=\"og:locale\" content=\"da_DK\" \/>\n<meta property=\"og:type\" content=\"article\" \/>\n<meta property=\"og:title\" content=\"Gordo de La Primitiva - Vindere og seneste resultater - Lottohoy\" \/>\n<meta property=\"og:description\" content=\"Hvad venter du p\u00e5? Find ud af, om du er den seneste vinder af Gordo de La Primitiva.\" \/>\n<meta property=\"og:url\" content=\"https:\/\/lottohoy.com\/da\/resultater-af-lotterier\/gordo-de-la-primitiva-lotteriresultater\/\" \/>\n<meta property=\"og:site_name\" content=\"Lottohoy\" \/>\n<meta name=\"twitter:card\" content=\"summary_large_image\" \/>\n<meta name=\"twitter:label1\" content=\"Estimeret l\u00e6setid\" \/>\n\t<meta name=\"twitter:data1\" content=\"2 minutter\" \/>\n<script type=\"application\/ld+json\" class=\"yoast-schema-graph\">{\"@context\":\"https:\/\/schema.org\",\"@graph\":[{\"@type\":\"WebPage\",\"@id\":\"https:\/\/lottohoy.com\/da\/resultater-af-lotterier\/gordo-de-la-primitiva-lotteriresultater\/\",\"url\":\"https:\/\/lottohoy.com\/da\/resultater-af-lotterier\/gordo-de-la-primitiva-lotteriresultater\/\",\"name\":\"Gordo de La Primitiva - Vindere og seneste resultater - Lottohoy\",\"isPartOf\":{\"@id\":\"https:\/\/lottohoy.com\/da\/#website\"},\"datePublished\":\"2019-02-13T18:37:04+00:00\",\"dateModified\":\"2019-02-13T18:37:04+00:00\",\"description\":\"Hvad venter du p\u00e5? Find ud af, om du er den seneste vinder af Gordo de La Primitiva.\",\"breadcrumb\":{\"@id\":\"https:\/\/lottohoy.com\/da\/resultater-af-lotterier\/gordo-de-la-primitiva-lotteriresultater\/#breadcrumb\"},\"inLanguage\":\"da-DK\",\"potentialAction\":[{\"@type\":\"ReadAction\",\"target\":[\"https:\/\/lottohoy.com\/da\/resultater-af-lotterier\/gordo-de-la-primitiva-lotteriresultater\/\"]}]},{\"@type\":\"BreadcrumbList\",\"@id\":\"https:\/\/lottohoy.com\/da\/resultater-af-lotterier\/gordo-de-la-primitiva-lotteriresultater\/#breadcrumb\",\"itemListElement\":[{\"@type\":\"ListItem\",\"position\":1,\"name\":\"Home\",\"item\":\"https:\/\/lottohoy.com\/da\/\"},{\"@type\":\"ListItem\",\"position\":2,\"name\":\"Resultater af lotterier\",\"item\":\"https:\/\/lottohoy.com\/da\/resultater-af-lotterier\/\"},{\"@type\":\"ListItem\",\"position\":3,\"name\":\"Gordo de la Primitiva lotteriresultater\"}]},{\"@type\":\"WebSite\",\"@id\":\"https:\/\/lottohoy.com\/da\/#website\",\"url\":\"https:\/\/lottohoy.com\/da\/\",\"name\":\"Lottohoy\",\"description\":\"\",\"potentialAction\":[{\"@type\":\"SearchAction\",\"target\":{\"@type\":\"EntryPoint\",\"urlTemplate\":\"https:\/\/lottohoy.com\/da\/?s={search_term_string}\"},\"query-input\":{\"@type\":\"PropertyValueSpecification\",\"valueRequired\":true,\"valueName\":\"search_term_string\"}}],\"inLanguage\":\"da-DK\"}]}<\/script>\n<!-- \/ Yoast SEO plugin. -->","yoast_head_json":{"title":"Gordo de La Primitiva - Vindere og seneste resultater - Lottohoy","description":"Hvad venter du p\u00e5? Find ud af, om du er den seneste vinder af Gordo de La Primitiva.","robots":{"index":"index","follow":"follow","max-snippet":"max-snippet:-1","max-image-preview":"max-image-preview:large","max-video-preview":"max-video-preview:-1"},"canonical":"https:\/\/lottohoy.com\/da\/resultater-af-lotterier\/gordo-de-la-primitiva-lotteriresultater\/","og_locale":"da_DK","og_type":"article","og_title":"Gordo de La Primitiva - Vindere og seneste resultater - Lottohoy","og_description":"Hvad venter du p\u00e5? Find ud af, om du er den seneste vinder af Gordo de La Primitiva.","og_url":"https:\/\/lottohoy.com\/da\/resultater-af-lotterier\/gordo-de-la-primitiva-lotteriresultater\/","og_site_name":"Lottohoy","twitter_card":"summary_large_image","twitter_misc":{"Estimeret l\u00e6setid":"2 minutter"},"schema":{"@context":"https:\/\/schema.org","@graph":[{"@type":"WebPage","@id":"https:\/\/lottohoy.com\/da\/resultater-af-lotterier\/gordo-de-la-primitiva-lotteriresultater\/","url":"https:\/\/lottohoy.com\/da\/resultater-af-lotterier\/gordo-de-la-primitiva-lotteriresultater\/","name":"Gordo de La Primitiva - Vindere og seneste resultater - Lottohoy","isPartOf":{"@id":"https:\/\/lottohoy.com\/da\/#website"},"datePublished":"2019-02-13T18:37:04+00:00","dateModified":"2019-02-13T18:37:04+00:00","description":"Hvad venter du p\u00e5? Find ud af, om du er den seneste vinder af Gordo de La Primitiva.","breadcrumb":{"@id":"https:\/\/lottohoy.com\/da\/resultater-af-lotterier\/gordo-de-la-primitiva-lotteriresultater\/#breadcrumb"},"inLanguage":"da-DK","potentialAction":[{"@type":"ReadAction","target":["https:\/\/lottohoy.com\/da\/resultater-af-lotterier\/gordo-de-la-primitiva-lotteriresultater\/"]}]},{"@type":"BreadcrumbList","@id":"https:\/\/lottohoy.com\/da\/resultater-af-lotterier\/gordo-de-la-primitiva-lotteriresultater\/#breadcrumb","itemListElement":[{"@type":"ListItem","position":1,"name":"Home","item":"https:\/\/lottohoy.com\/da\/"},{"@type":"ListItem","position":2,"name":"Resultater af lotterier","item":"https:\/\/lottohoy.com\/da\/resultater-af-lotterier\/"},{"@type":"ListItem","position":3,"name":"Gordo de la Primitiva lotteriresultater"}]},{"@type":"WebSite","@id":"https:\/\/lottohoy.com\/da\/#website","url":"https:\/\/lottohoy.com\/da\/","name":"Lottohoy","description":"","potentialAction":[{"@type":"SearchAction","target":{"@type":"EntryPoint","urlTemplate":"https:\/\/lottohoy.com\/da\/?s={search_term_string}"},"query-input":{"@type":"PropertyValueSpecification","valueRequired":true,"valueName":"search_term_string"}}],"inLanguage":"da-DK"}]}},"_links":{"self":[{"href":"https:\/\/lottohoy.com\/da\/wp-json\/wp\/v2\/pages\/16949","targetHints":{"allow":["GET"]}}],"collection":[{"href":"https:\/\/lottohoy.com\/da\/wp-json\/wp\/v2\/pages"}],"about":[{"href":"https:\/\/lottohoy.com\/da\/wp-json\/wp\/v2\/types\/page"}],"author":[{"embeddable":true,"href":"https:\/\/lottohoy.com\/da\/wp-json\/wp\/v2\/users\/2"}],"replies":[{"embeddable":true,"href":"https:\/\/lottohoy.com\/da\/wp-json\/wp\/v2\/comments?post=16949"}],"version-history":[{"count":0,"href":"https:\/\/lottohoy.com\/da\/wp-json\/wp\/v2\/pages\/16949\/revisions"}],"up":[{"embeddable":true,"href":"https:\/\/lottohoy.com\/da\/wp-json\/wp\/v2\/pages\/16888"}],"wp:attachment":[{"href":"https:\/\/lottohoy.com\/da\/wp-json\/wp\/v2\/media?parent=16949"}],"curies":[{"name":"wp","href":"https:\/\/api.w.org\/{rel}","templated":true}]}}