{"id":16943,"date":"2018-05-03T14:23:39","date_gmt":"2018-05-03T13:23:39","guid":{"rendered":"https:\/\/lottohoy.com\/resultater-af-lotterier\/superenalotto-resultater\/"},"modified":"2018-05-03T14:23:39","modified_gmt":"2018-05-03T13:23:39","slug":"superenalotto-resultater","status":"publish","type":"page","link":"https:\/\/lottohoy.com\/da\/resultater-af-lotterier\/superenalotto-resultater\/","title":{"rendered":"SuperEnalotto resultater"},"content":{"rendered":"<p>Tjek de aktuelle <strong>SuperEnalotto-lodtr\u00e6kningsresultater<\/strong>. Vi pr\u00e6senterer ogs\u00e5 arkiverede lodtr\u00e6kningsresultater. Alle de offentliggjorte resultater er taget fra lotteriets officielle lodtr\u00e6kning, s\u00e5 du kan <a href=\"https:\/\/lottohoy.com\/play\/superenalotto\/\"><b>spille Superenalotto<\/b><\/a> med al sikkerhed.<\/p>\n<h2><strong>Dagens SuperEnalotto-resultater<\/strong><\/h2>\n<p>Denne side viser den <strong>vindende kombination<\/strong> fra den forrige Superenalotto-lodtr\u00e6kning og den officielle <strong>pr\u00e6miefordeling<\/strong>, der svarer til hver af pr\u00e6miekategorierne.<\/p>\n<h2><strong>SuperEnalotto tidligere resultater<\/strong><\/h2>\n<p>P\u00e5 denne side kan du f\u00e5 adgang til tidligere lodtr\u00e6kningsresultater, der kan fungere som en guide til statistik og fremtidige spilkombinationer. Derudover giver det dig mulighed for at se ikke kun de <strong>vindende kombinationer<\/strong>, men ogs\u00e5 pr\u00e6miefordelingerne for forskellige kategorier.<\/p>\n<p>I \u00f8verste h\u00f8jre hj\u00f8rne af siden finder du kalenderfunktionen, som giver dig mulighed for at tjekke p\u00e5 tv\u00e6rs af de sidste to \u00e5r.<\/p>\n","protected":false},"excerpt":{"rendered":"<p>Tjek de aktuelle SuperEnalotto-lodtr\u00e6kningsresultater. Vi pr\u00e6senterer ogs\u00e5 arkiverede lodtr\u00e6kningsresultater. Alle de offentliggjorte resultater er taget fra lotteriets officielle lodtr\u00e6kning, s\u00e5 du kan spille Superenalotto med al sikkerhed. Dagens SuperEnalotto-resultater Denne side viser den vindende kombination fra den forrige Superenalotto-lodtr\u00e6kning og den officielle pr\u00e6miefordeling, der svarer til hver af pr\u00e6miekategorierne. SuperEnalotto tidligere resultater P\u00e5 denne side [&hellip;]<\/p>\n","protected":false},"author":2,"featured_media":0,"parent":16888,"menu_order":5,"comment_status":"closed","ping_status":"closed","template":"superenalotto-results.php","meta":{"_et_pb_use_builder":"","_et_pb_old_content":"","_et_gb_content_width":"","exclude_from_search":false,"footnotes":""},"class_list":["post-16943","page","type-page","status-publish","hentry"],"yoast_head":"<!-- This site is optimized with the Yoast SEO plugin v23.7 - https:\/\/yoast.com\/wordpress\/plugins\/seo\/ -->\n<title>SuperEnalotto-resultater | Vindende numre og pr\u00e6mier \u25b7<\/title>\n<meta name=\"description\" content=\"Denne side viser vinderkombinationen i den sidste tr\u00e6kning af Superenalotto og den officielle pr\u00e6miefordeling svarende til hver af pr\u00e6miekategorierne.\" \/>\n<meta name=\"robots\" content=\"index, follow, max-snippet:-1, max-image-preview:large, max-video-preview:-1\" \/>\n<link rel=\"canonical\" href=\"https:\/\/lottohoy.com\/da\/resultater-af-lotterier\/superenalotto-resultater\/\" \/>\n<meta property=\"og:locale\" content=\"da_DK\" \/>\n<meta property=\"og:type\" content=\"article\" \/>\n<meta property=\"og:title\" content=\"SuperEnalotto-resultater | Vindende numre og pr\u00e6mier \u25b7\" \/>\n<meta property=\"og:description\" content=\"Denne side viser vinderkombinationen i den sidste tr\u00e6kning af Superenalotto og den officielle pr\u00e6miefordeling svarende til hver af pr\u00e6miekategorierne.\" \/>\n<meta property=\"og:url\" content=\"https:\/\/lottohoy.com\/da\/resultater-af-lotterier\/superenalotto-resultater\/\" \/>\n<meta property=\"og:site_name\" content=\"Lottohoy\" \/>\n<meta name=\"twitter:card\" content=\"summary_large_image\" \/>\n<meta name=\"twitter:label1\" content=\"Estimeret l\u00e6setid\" \/>\n\t<meta name=\"twitter:data1\" content=\"1 minut\" \/>\n<script type=\"application\/ld+json\" class=\"yoast-schema-graph\">{\"@context\":\"https:\/\/schema.org\",\"@graph\":[{\"@type\":\"WebPage\",\"@id\":\"https:\/\/lottohoy.com\/da\/resultater-af-lotterier\/superenalotto-resultater\/\",\"url\":\"https:\/\/lottohoy.com\/da\/resultater-af-lotterier\/superenalotto-resultater\/\",\"name\":\"SuperEnalotto-resultater | Vindende numre og pr\u00e6mier \u25b7\",\"isPartOf\":{\"@id\":\"https:\/\/lottohoy.com\/da\/#website\"},\"datePublished\":\"2018-05-03T13:23:39+00:00\",\"dateModified\":\"2018-05-03T13:23:39+00:00\",\"description\":\"Denne side viser vinderkombinationen i den sidste tr\u00e6kning af Superenalotto og den officielle pr\u00e6miefordeling svarende til hver af pr\u00e6miekategorierne.\",\"breadcrumb\":{\"@id\":\"https:\/\/lottohoy.com\/da\/resultater-af-lotterier\/superenalotto-resultater\/#breadcrumb\"},\"inLanguage\":\"da-DK\",\"potentialAction\":[{\"@type\":\"ReadAction\",\"target\":[\"https:\/\/lottohoy.com\/da\/resultater-af-lotterier\/superenalotto-resultater\/\"]}]},{\"@type\":\"BreadcrumbList\",\"@id\":\"https:\/\/lottohoy.com\/da\/resultater-af-lotterier\/superenalotto-resultater\/#breadcrumb\",\"itemListElement\":[{\"@type\":\"ListItem\",\"position\":1,\"name\":\"Home\",\"item\":\"https:\/\/lottohoy.com\/da\/\"},{\"@type\":\"ListItem\",\"position\":2,\"name\":\"Resultater af lotterier\",\"item\":\"https:\/\/lottohoy.com\/da\/resultater-af-lotterier\/\"},{\"@type\":\"ListItem\",\"position\":3,\"name\":\"SuperEnalotto resultater\"}]},{\"@type\":\"WebSite\",\"@id\":\"https:\/\/lottohoy.com\/da\/#website\",\"url\":\"https:\/\/lottohoy.com\/da\/\",\"name\":\"Lottohoy\",\"description\":\"\",\"potentialAction\":[{\"@type\":\"SearchAction\",\"target\":{\"@type\":\"EntryPoint\",\"urlTemplate\":\"https:\/\/lottohoy.com\/da\/?s={search_term_string}\"},\"query-input\":{\"@type\":\"PropertyValueSpecification\",\"valueRequired\":true,\"valueName\":\"search_term_string\"}}],\"inLanguage\":\"da-DK\"}]}<\/script>\n<!-- \/ Yoast SEO plugin. -->","yoast_head_json":{"title":"SuperEnalotto-resultater | Vindende numre og pr\u00e6mier \u25b7","description":"Denne side viser vinderkombinationen i den sidste tr\u00e6kning af Superenalotto og den officielle pr\u00e6miefordeling svarende til hver af pr\u00e6miekategorierne.","robots":{"index":"index","follow":"follow","max-snippet":"max-snippet:-1","max-image-preview":"max-image-preview:large","max-video-preview":"max-video-preview:-1"},"canonical":"https:\/\/lottohoy.com\/da\/resultater-af-lotterier\/superenalotto-resultater\/","og_locale":"da_DK","og_type":"article","og_title":"SuperEnalotto-resultater | Vindende numre og pr\u00e6mier \u25b7","og_description":"Denne side viser vinderkombinationen i den sidste tr\u00e6kning af Superenalotto og den officielle pr\u00e6miefordeling svarende til hver af pr\u00e6miekategorierne.","og_url":"https:\/\/lottohoy.com\/da\/resultater-af-lotterier\/superenalotto-resultater\/","og_site_name":"Lottohoy","twitter_card":"summary_large_image","twitter_misc":{"Estimeret l\u00e6setid":"1 minut"},"schema":{"@context":"https:\/\/schema.org","@graph":[{"@type":"WebPage","@id":"https:\/\/lottohoy.com\/da\/resultater-af-lotterier\/superenalotto-resultater\/","url":"https:\/\/lottohoy.com\/da\/resultater-af-lotterier\/superenalotto-resultater\/","name":"SuperEnalotto-resultater | Vindende numre og pr\u00e6mier \u25b7","isPartOf":{"@id":"https:\/\/lottohoy.com\/da\/#website"},"datePublished":"2018-05-03T13:23:39+00:00","dateModified":"2018-05-03T13:23:39+00:00","description":"Denne side viser vinderkombinationen i den sidste tr\u00e6kning af Superenalotto og den officielle pr\u00e6miefordeling svarende til hver af pr\u00e6miekategorierne.","breadcrumb":{"@id":"https:\/\/lottohoy.com\/da\/resultater-af-lotterier\/superenalotto-resultater\/#breadcrumb"},"inLanguage":"da-DK","potentialAction":[{"@type":"ReadAction","target":["https:\/\/lottohoy.com\/da\/resultater-af-lotterier\/superenalotto-resultater\/"]}]},{"@type":"BreadcrumbList","@id":"https:\/\/lottohoy.com\/da\/resultater-af-lotterier\/superenalotto-resultater\/#breadcrumb","itemListElement":[{"@type":"ListItem","position":1,"name":"Home","item":"https:\/\/lottohoy.com\/da\/"},{"@type":"ListItem","position":2,"name":"Resultater af lotterier","item":"https:\/\/lottohoy.com\/da\/resultater-af-lotterier\/"},{"@type":"ListItem","position":3,"name":"SuperEnalotto resultater"}]},{"@type":"WebSite","@id":"https:\/\/lottohoy.com\/da\/#website","url":"https:\/\/lottohoy.com\/da\/","name":"Lottohoy","description":"","potentialAction":[{"@type":"SearchAction","target":{"@type":"EntryPoint","urlTemplate":"https:\/\/lottohoy.com\/da\/?s={search_term_string}"},"query-input":{"@type":"PropertyValueSpecification","valueRequired":true,"valueName":"search_term_string"}}],"inLanguage":"da-DK"}]}},"_links":{"self":[{"href":"https:\/\/lottohoy.com\/da\/wp-json\/wp\/v2\/pages\/16943","targetHints":{"allow":["GET"]}}],"collection":[{"href":"https:\/\/lottohoy.com\/da\/wp-json\/wp\/v2\/pages"}],"about":[{"href":"https:\/\/lottohoy.com\/da\/wp-json\/wp\/v2\/types\/page"}],"author":[{"embeddable":true,"href":"https:\/\/lottohoy.com\/da\/wp-json\/wp\/v2\/users\/2"}],"replies":[{"embeddable":true,"href":"https:\/\/lottohoy.com\/da\/wp-json\/wp\/v2\/comments?post=16943"}],"version-history":[{"count":0,"href":"https:\/\/lottohoy.com\/da\/wp-json\/wp\/v2\/pages\/16943\/revisions"}],"up":[{"embeddable":true,"href":"https:\/\/lottohoy.com\/da\/wp-json\/wp\/v2\/pages\/16888"}],"wp:attachment":[{"href":"https:\/\/lottohoy.com\/da\/wp-json\/wp\/v2\/media?parent=16943"}],"curies":[{"name":"wp","href":"https:\/\/api.w.org\/{rel}","templated":true}]}}