{"id":16932,"date":"2018-05-03T14:23:37","date_gmt":"2018-05-03T13:23:37","guid":{"rendered":"https:\/\/lottohoy.com\/resultater-af-lotterier\/eurojackpot-resultater\/"},"modified":"2018-05-03T14:23:37","modified_gmt":"2018-05-03T13:23:37","slug":"eurojackpot-resultater","status":"publish","type":"page","link":"https:\/\/lottohoy.com\/da\/resultater-af-lotterier\/eurojackpot-resultater\/","title":{"rendered":"Eurojackpot-resultater"},"content":{"rendered":"<h2>Tjek Eurojackpot-resultater<\/h2>\n<p>Det er vigtigt at kontrollere kombinationen af tal, der vises p\u00e5 kuponen, med dem, der vises p\u00e5 den <strong>officielle resultatside for Eurojackpot<\/strong>. For at undg\u00e5 l\u00e6sefejl og transkription med det officielle resultat anbefales det at gennemg\u00e5 den kombination, der vises p\u00e5 kuponen, et par gange, f\u00f8r du skiller dig af med den.<\/p>\n<p>P\u00e5 denne side kan du se <strong>resultaterne af den sidste Eurojackpot-lodtr\u00e6kning<\/strong> og pr\u00e6miefordelingen. Du kan ogs\u00e5 tjekke <a href=\"https:\/\/lottohoy.com\/results\/\"><strong>resultatet af alle lotterierne<\/strong><\/a> efter tr\u00e6kningstidspunktet.<\/p>\n<h2>Dagens Eurojackpot-resultater<\/h2>\n<p>P\u00e5 denne side kan du tjekke vindertallene og resultaterne af den sidste tr\u00e6kning af <strong>Eurojackpot<\/strong>, og ogs\u00e5 resultathistorikken s\u00e5 langt tilbage som to \u00e5r. Derudover kan du tjekke <a href=\"https:\/\/lottohoy.com\/jackpots\/\"><strong>den akkumulerede jackpot i dag,<\/strong><\/a> vindere og pr\u00e6mier i hver af kategorierne.<\/p>\n<h3>Fordelen ved at spille Eurojackpot i LottoHoy<\/h3>\n<p>N\u00e5r du<a href=\"https:\/\/lottohoy.com\/signup\/\"><strong>opretter en brugerkonto<\/strong><\/a> p\u00e5 vores platform, f\u00e5r du pr\u00e6cise oplysninger om de resultater, der er opn\u00e5et i hvert eneste af dine lotterispil.<\/p>\n<p>I tilf\u00e6lde af at du vinder en pr\u00e6mie i de forskellige <strong>kategorier af Eurojackpot-lotto<\/strong>, vil vindertallene og bel\u00f8bet for din gevinst automatisk blive afspejlet i din brugerkonto og v\u00e6re tilg\u00e6ngelig fra det \u00f8jeblik.<\/p>\n<h2>Tidligere Eurojackpot-lodtr\u00e6kninger<\/h2>\n<p>I \u00f8verste h\u00f8jre del af siden er der en <strong>kalenderfunktion<\/strong>, hvor du kan v\u00e6lge den dato, der svarer til den lodtr\u00e6kning, du vil tjekke.<\/p>\n<p>Hvis du klikker p\u00e5 en af disse datoer, kommer du til den p\u00e5g\u00e6ldende lodtr\u00e6kning, vinderkombinationen og fordelingen af pr\u00e6mier efter kategorier. Husk, at hvis du vinder en pr\u00e6mie, vil den automatisk blive overf\u00f8rt til din saldo, s\u00e5 du kan <a href=\"https:\/\/lottohoy.com\/play\/eurojackpot\/\"><strong>spille Eurojackpot<\/strong><\/a> igen.<\/p>\n<h2>Pr\u00e6miefordeling i Eurojackpot<\/h2>\n<p>I resultattabellen p\u00e5 denne side kan du se de <strong>pr\u00e6miefordelinger<\/strong>, der har svaret til hver af de 12 kategorier af pr\u00e6mier, som Eurojackpot forudser.<\/p>\n<p>Tabellen viser de forskellige kombinationer af tal, der er berettiget til at modtage pr\u00e6mien i en af kategorierne, samt det bel\u00f8b i euro (\u20ac), der ville svare til hver vinder.<\/p>\n<h2>De st\u00f8rste pr\u00e6mier og jackpots, der uddeles i Eurojackpot.<\/h2>\n<p>Der er en garanteret <strong>minimumsjackpot p\u00e5 \u20ac 10.000.000<\/strong> til topvindere, som vindes ved at matche fem og to tal. Hvis der ikke er nogen topvindere, akkumuleres den estimerede jackpot for den p\u00e5g\u00e6ldende kategori successivt hver uge, indtil den n\u00e5r den maksimale jackpot p\u00e5 <strong>\u20ac 120.000.000<\/strong>.<\/p>\n<p>N\u00e5r den akkumulerede pulje n\u00e5r v\u00e6rdien af <strong>120 millioner euro<\/strong>, \u00f8ger de resterende m\u00e6ngder, der genereres for den kategori, det bel\u00f8b, der er forudset for den anden kategori, s\u00e5 oddsene for at vinde et stort bel\u00f8b \u00f8ges. Den anden priskategori har ogs\u00e5 en maksimumsgr\u00e6nse p\u00e5 \u20ac 90.000.000 for de successive akkumuleringer, og resten vil g\u00e5 til de lavere kategorier successivt.<\/p>\n<p>Siden starten af Eurojackpot-tr\u00e6kningen har der fem gange v\u00e6ret en jackpotvinder, som har vundet det maksimale bel\u00f8b p\u00e5 \u20ac 120.000.000.<\/p>\n<p><b>Dato for tr\u00e6kning<\/b><\/p>\n<p><b>Vundet bel\u00f8b<\/b><\/p>\n<p><b>Vindende land\/lande<\/b><\/p>\n<p>6\/12\/ 2024<\/p>\n<p>120.000.000 \u20ac<\/p>\n<p>Alemania<\/p>\n<p>4\/6\/2024<\/p>\n<p>120.000.000 \u20ac<\/p>\n<p>Dinamarca<\/p>\n<p>23 \/4\/ 2024<\/p>\n<p>120.000.000 \u20ac<\/p>\n<p>Alemania, Eslovenia<\/p>\n<p>16 \/1\/2024<\/p>\n<p>120.000.000 \u20ac<\/p>\n<p>Noruega<\/p>\n<p>23\/6\/ 2023<\/p>\n<p>120.000.000 \u20ac<\/p>\n<p>Alemania<\/p>\n<p>8\/11\/2022<\/p>\n<p>120.000.000 \u20ac<\/p>\n<p>Alemania<\/p>\n<p>22\/6\/ 2022<\/p>\n<p>120.000.000 \u20ac<\/p>\n<p>Dinamarca<\/p>\n<p>Eurojackpot-lotto er en af favoritterne hos spillere fra hele verden. Fra Sverige til Sydafrika vil alle gerne pr\u00f8ve lykken og tage en stor Eurojackpot-gevinst med hjem.<\/p>\n","protected":false},"excerpt":{"rendered":"<p>Tjek Eurojackpot-resultater Det er vigtigt at kontrollere kombinationen af tal, der vises p\u00e5 kuponen, med dem, der vises p\u00e5 den officielle resultatside for Eurojackpot. For at undg\u00e5 l\u00e6sefejl og transkription med det officielle resultat anbefales det at gennemg\u00e5 den kombination, der vises p\u00e5 kuponen, et par gange, f\u00f8r du skiller dig af med den. P\u00e5 [&hellip;]<\/p>\n","protected":false},"author":2,"featured_media":0,"parent":16888,"menu_order":4,"comment_status":"closed","ping_status":"closed","template":"eurojackpot-results.php","meta":{"_et_pb_use_builder":"","_et_pb_old_content":"","_et_gb_content_width":"","exclude_from_search":false,"footnotes":""},"class_list":["post-16932","page","type-page","status-publish","hentry"],"yoast_head":"<!-- This site is optimized with the Yoast SEO plugin v23.7 - https:\/\/yoast.com\/wordpress\/plugins\/seo\/ -->\n<title>\u25b7 Seneste Eurojackpot-resultater | Eurojackpot-resultater i dag<\/title>\n<meta name=\"description\" content=\"Tjek de seneste resultater af Eurojackpot. Du kan ogs\u00e5 tjekke den akkumulerede jackpot, vindere og pr\u00e6mier for hver kategori. Tjek din kupon nu!\" \/>\n<meta name=\"robots\" content=\"index, follow, max-snippet:-1, max-image-preview:large, max-video-preview:-1\" \/>\n<link rel=\"canonical\" href=\"https:\/\/lottohoy.com\/da\/resultater-af-lotterier\/eurojackpot-resultater\/\" \/>\n<meta property=\"og:locale\" content=\"da_DK\" \/>\n<meta property=\"og:type\" content=\"article\" \/>\n<meta property=\"og:title\" content=\"\u25b7 Seneste Eurojackpot-resultater | Eurojackpot-resultater i dag\" \/>\n<meta property=\"og:description\" content=\"Tjek de seneste resultater af Eurojackpot. Du kan ogs\u00e5 tjekke den akkumulerede jackpot, vindere og pr\u00e6mier for hver kategori. Tjek din kupon nu!\" \/>\n<meta property=\"og:url\" content=\"https:\/\/lottohoy.com\/da\/resultater-af-lotterier\/eurojackpot-resultater\/\" \/>\n<meta property=\"og:site_name\" content=\"Lottohoy\" \/>\n<meta name=\"twitter:card\" content=\"summary_large_image\" \/>\n<meta name=\"twitter:label1\" content=\"Estimeret l\u00e6setid\" \/>\n\t<meta name=\"twitter:data1\" content=\"3 minutter\" \/>\n<script type=\"application\/ld+json\" class=\"yoast-schema-graph\">{\"@context\":\"https:\/\/schema.org\",\"@graph\":[{\"@type\":\"WebPage\",\"@id\":\"https:\/\/lottohoy.com\/da\/resultater-af-lotterier\/eurojackpot-resultater\/\",\"url\":\"https:\/\/lottohoy.com\/da\/resultater-af-lotterier\/eurojackpot-resultater\/\",\"name\":\"\u25b7 Seneste Eurojackpot-resultater | Eurojackpot-resultater i dag\",\"isPartOf\":{\"@id\":\"https:\/\/lottohoy.com\/da\/#website\"},\"datePublished\":\"2018-05-03T13:23:37+00:00\",\"dateModified\":\"2018-05-03T13:23:37+00:00\",\"description\":\"Tjek de seneste resultater af Eurojackpot. Du kan ogs\u00e5 tjekke den akkumulerede jackpot, vindere og pr\u00e6mier for hver kategori. Tjek din kupon nu!\",\"breadcrumb\":{\"@id\":\"https:\/\/lottohoy.com\/da\/resultater-af-lotterier\/eurojackpot-resultater\/#breadcrumb\"},\"inLanguage\":\"da-DK\",\"potentialAction\":[{\"@type\":\"ReadAction\",\"target\":[\"https:\/\/lottohoy.com\/da\/resultater-af-lotterier\/eurojackpot-resultater\/\"]}]},{\"@type\":\"BreadcrumbList\",\"@id\":\"https:\/\/lottohoy.com\/da\/resultater-af-lotterier\/eurojackpot-resultater\/#breadcrumb\",\"itemListElement\":[{\"@type\":\"ListItem\",\"position\":1,\"name\":\"Home\",\"item\":\"https:\/\/lottohoy.com\/da\/\"},{\"@type\":\"ListItem\",\"position\":2,\"name\":\"Resultater af lotterier\",\"item\":\"https:\/\/lottohoy.com\/da\/resultater-af-lotterier\/\"},{\"@type\":\"ListItem\",\"position\":3,\"name\":\"Eurojackpot-resultater\"}]},{\"@type\":\"WebSite\",\"@id\":\"https:\/\/lottohoy.com\/da\/#website\",\"url\":\"https:\/\/lottohoy.com\/da\/\",\"name\":\"Lottohoy\",\"description\":\"\",\"potentialAction\":[{\"@type\":\"SearchAction\",\"target\":{\"@type\":\"EntryPoint\",\"urlTemplate\":\"https:\/\/lottohoy.com\/da\/?s={search_term_string}\"},\"query-input\":{\"@type\":\"PropertyValueSpecification\",\"valueRequired\":true,\"valueName\":\"search_term_string\"}}],\"inLanguage\":\"da-DK\"}]}<\/script>\n<!-- \/ Yoast SEO plugin. -->","yoast_head_json":{"title":"\u25b7 Seneste Eurojackpot-resultater | Eurojackpot-resultater i dag","description":"Tjek de seneste resultater af Eurojackpot. Du kan ogs\u00e5 tjekke den akkumulerede jackpot, vindere og pr\u00e6mier for hver kategori. Tjek din kupon nu!","robots":{"index":"index","follow":"follow","max-snippet":"max-snippet:-1","max-image-preview":"max-image-preview:large","max-video-preview":"max-video-preview:-1"},"canonical":"https:\/\/lottohoy.com\/da\/resultater-af-lotterier\/eurojackpot-resultater\/","og_locale":"da_DK","og_type":"article","og_title":"\u25b7 Seneste Eurojackpot-resultater | Eurojackpot-resultater i dag","og_description":"Tjek de seneste resultater af Eurojackpot. Du kan ogs\u00e5 tjekke den akkumulerede jackpot, vindere og pr\u00e6mier for hver kategori. Tjek din kupon nu!","og_url":"https:\/\/lottohoy.com\/da\/resultater-af-lotterier\/eurojackpot-resultater\/","og_site_name":"Lottohoy","twitter_card":"summary_large_image","twitter_misc":{"Estimeret l\u00e6setid":"3 minutter"},"schema":{"@context":"https:\/\/schema.org","@graph":[{"@type":"WebPage","@id":"https:\/\/lottohoy.com\/da\/resultater-af-lotterier\/eurojackpot-resultater\/","url":"https:\/\/lottohoy.com\/da\/resultater-af-lotterier\/eurojackpot-resultater\/","name":"\u25b7 Seneste Eurojackpot-resultater | Eurojackpot-resultater i dag","isPartOf":{"@id":"https:\/\/lottohoy.com\/da\/#website"},"datePublished":"2018-05-03T13:23:37+00:00","dateModified":"2018-05-03T13:23:37+00:00","description":"Tjek de seneste resultater af Eurojackpot. Du kan ogs\u00e5 tjekke den akkumulerede jackpot, vindere og pr\u00e6mier for hver kategori. Tjek din kupon nu!","breadcrumb":{"@id":"https:\/\/lottohoy.com\/da\/resultater-af-lotterier\/eurojackpot-resultater\/#breadcrumb"},"inLanguage":"da-DK","potentialAction":[{"@type":"ReadAction","target":["https:\/\/lottohoy.com\/da\/resultater-af-lotterier\/eurojackpot-resultater\/"]}]},{"@type":"BreadcrumbList","@id":"https:\/\/lottohoy.com\/da\/resultater-af-lotterier\/eurojackpot-resultater\/#breadcrumb","itemListElement":[{"@type":"ListItem","position":1,"name":"Home","item":"https:\/\/lottohoy.com\/da\/"},{"@type":"ListItem","position":2,"name":"Resultater af lotterier","item":"https:\/\/lottohoy.com\/da\/resultater-af-lotterier\/"},{"@type":"ListItem","position":3,"name":"Eurojackpot-resultater"}]},{"@type":"WebSite","@id":"https:\/\/lottohoy.com\/da\/#website","url":"https:\/\/lottohoy.com\/da\/","name":"Lottohoy","description":"","potentialAction":[{"@type":"SearchAction","target":{"@type":"EntryPoint","urlTemplate":"https:\/\/lottohoy.com\/da\/?s={search_term_string}"},"query-input":{"@type":"PropertyValueSpecification","valueRequired":true,"valueName":"search_term_string"}}],"inLanguage":"da-DK"}]}},"_links":{"self":[{"href":"https:\/\/lottohoy.com\/da\/wp-json\/wp\/v2\/pages\/16932","targetHints":{"allow":["GET"]}}],"collection":[{"href":"https:\/\/lottohoy.com\/da\/wp-json\/wp\/v2\/pages"}],"about":[{"href":"https:\/\/lottohoy.com\/da\/wp-json\/wp\/v2\/types\/page"}],"author":[{"embeddable":true,"href":"https:\/\/lottohoy.com\/da\/wp-json\/wp\/v2\/users\/2"}],"replies":[{"embeddable":true,"href":"https:\/\/lottohoy.com\/da\/wp-json\/wp\/v2\/comments?post=16932"}],"version-history":[{"count":0,"href":"https:\/\/lottohoy.com\/da\/wp-json\/wp\/v2\/pages\/16932\/revisions"}],"up":[{"embeddable":true,"href":"https:\/\/lottohoy.com\/da\/wp-json\/wp\/v2\/pages\/16888"}],"wp:attachment":[{"href":"https:\/\/lottohoy.com\/da\/wp-json\/wp\/v2\/media?parent=16932"}],"curies":[{"name":"wp","href":"https:\/\/api.w.org\/{rel}","templated":true}]}}