{"id":16927,"date":"2018-05-03T14:23:37","date_gmt":"2018-05-03T13:23:37","guid":{"rendered":"https:\/\/lottohoy.com\/resultater-af-lotterier\/euromillions-resultater\/"},"modified":"2018-05-03T14:23:37","modified_gmt":"2018-05-03T13:23:37","slug":"euromillions-resultater","status":"publish","type":"page","link":"https:\/\/lottohoy.com\/da\/resultater-af-lotterier\/euromillions-resultater\/","title":{"rendered":"EuroMillions-resultater"},"content":{"rendered":"<h2>Tjek EuroMillions-resultaterne<\/h2>\n<p>For at kontrollere <strong>euromillions<\/strong> er det nok at sammenligne numrene p\u00e5 kombinationen vist p\u00e5 din billet med det resultat, der vises p\u00e5 denne side. Det anbefales at tjekke EuroMillions-kuponen flere gange for at have fuld sikkerhed, f\u00f8r du smider kuponen eller kuponerne v\u00e6k.<\/p>\n<p>Du kan ogs\u00e5 tjekke de <a href=\"https:\/\/lottohoy.com\/jackpots\/\"><strong>jackpots, der er akkumuleret i dag<\/strong><\/a>, vinderne og pr\u00e6miefordelingen for hver af kategorierne og de tidligere tr\u00e6kninger s\u00e5 langt tilbage som 24 m\u00e5neder.<\/p>\n<h3>Fordelen ved at tjekke Euromillions i LottoHoy<\/h3>\n<p>N\u00e5r du har <a href=\"https:\/\/lottohoy.com\/signup\/\"><strong>oprettet en brugerkonto<\/strong><\/a> p\u00e5 vores platform, vil du have pr\u00e6cise oplysninger om de positive resultater, der er blevet produceret i hvert eneste af dine <strong>lotterispil<\/strong>.<\/p>\n<p>I tilf\u00e6lde af at du vinder en pr\u00e6mie i de <a href=\"https:\/\/lottohoy.com\/play\/euromillions\/\"><strong>forskellige EuroMillions-kategorier<\/strong><\/a>, vil de vindende numre og bel\u00f8bet for din gevinst automatisk blive afspejlet i klientzonens brugerkonto og blive tilg\u00e6ngelig fra det \u00f8jeblik.<\/p>\n<h2>Fordeling af Euromillions-pr\u00e6mier<\/h2>\n<p>Denne tabel viser den vindende kombination af den <strong>sidste Euromillions-lodtr\u00e6kning<\/strong> og pr\u00e6miefordelingen svarende til hver af de 13 kategorier.<\/p>\n<p>Tabellen viser os den kombination af tal og lykkestjerner, der skal g\u00e6ttes rigtigt for at vinde hovedpr\u00e6mien og resten af kategorierne, de <strong>vindere<\/strong>, der har v\u00e6ret i hver af kategorierne, og den <strong>pr\u00e6mie<\/strong> i euro (\u20ac), der svarer til hver vinder.<\/p>\n<h2>Kan man vinde med 2 tal i Euromillions?<\/h2>\n<p>Ja, med 2 tal f\u00e5r du pr\u00e6mien i den laveste kategori. Der er i alt 13 pr\u00e6miekategorier.<\/p>\n<h2>Tidligere Euromillions-resultater<\/h2>\n<p>P\u00e5 samme side har vi mulighed for at f\u00e5 adgang til resultaterne af <strong>tidligere Euromillions-tr\u00e6kninger<\/strong> for ikke kun at se de vindende kombinationer, men ogs\u00e5 fordelingerne for hvert pr\u00e6mieniveau.<\/p>\n<p>\u00d8verst til h\u00f8jre p\u00e5 denne side er der en kalenderfunktion. Med den kan vi navigere til tidligere resultater et efter et eller v\u00e6lge den specifikke dato, vi \u00f8nsker at se, p\u00e5 en liste.<\/p>\n<p>For hver dato kan vi se den vindende kombination, vinderne og de pr\u00e6mier, som hver af dem har modtaget.<\/p>\n<h2>St\u00f8rre Euromillions-pr\u00e6mier og jackpots<\/h2>\n<p><a href=\"https:\/\/lottohoy.com\/the-biggest-prizes-in-euromillions-history\/\"><strong>Euromillions-jackpots<\/strong><\/a> er verdensber\u00f8mte. Den garanterede minimumsjackpot for topvindere er <strong>\u20ac <\/strong>17.000.000 (17 millioner euro). Hver gang nogen vinder jackpotten, starter den forfra.<\/p>\n<p>Hvis der ikke er nogen vindere i den f\u00f8rste kategori, ruller jackpotten videre i hver lodtr\u00e6kning op til et maksimum p\u00e5 <strong>\u20ac 190.000.000<\/strong> (fra<sup>1.<\/sup> februar 2020 vil dette bel\u00f8b v\u00e6re <strong>\u20ac 200.000.000<\/strong>). N\u00e5r dette bel\u00f8b er n\u00e5et, bevares jackpotten i fire tr\u00e6kninger, og hvis der ikke er nogen vinder af denne kategori i nogen af disse tr\u00e6kninger, vil pr\u00e6mien fra den n\u00e6ste blive fordelt med vinderne af kategorien umiddelbart under, dvs. fem tal og en stjerne.<\/p>\n<p>En anden vigtig \u00e6ndring, der vil v\u00e6re i Euromillions-jackpotten fra februar 2020, er, at n\u00e5r pr\u00e6mien p\u00e5 <strong>200 millioner<\/strong> er givet til den f\u00f8rste kategorivinder, eller at denne pr\u00e6mie er blevet fordelt blandt vinderne af den n\u00e6ste kategori, vil bel\u00f8bet for pr\u00e6mien blive \u00f8get med \u20ac <strong>10.000.000<\/strong> for fremtidige tr\u00e6kninger, s\u00e5 den maksimale mulige pr\u00e6mie at n\u00e5 vil v\u00e6re <strong>\u20ac 210.00.000<\/strong>. V\u00e6rdien af jackpotten vil stige med yderligere <strong>\u20ac 10.000.000<\/strong> for at n\u00e5 det maksimum p\u00e5 <strong>\u20ac 250.000.000<\/strong>, som organisationen har planlagt, og som er den st\u00f8rste lotteri jackpot i Europa.<\/p>\n<p>Euromillions er kendt som den europ\u00e6iske million\u00e6rproducent, som hver tirsdag og fredag giver millioner af euro v\u00e6k.<\/p>\n<p>Og nu er online Euromillions blevet den nemmeste m\u00e5de at opn\u00e5 en \u00f8jeblikkelig gevinst p\u00e5 ved at v\u00e6lge dine hotpicks. Spillere fra hele verden, fra Sverige, Finland, Spanien, Colombia og Sydafrika, kan spille og vinde i aftenens Euromillions-lodtr\u00e6kning.<\/p>\n","protected":false},"excerpt":{"rendered":"<p>Tjek EuroMillions-resultaterne For at kontrollere euromillions er det nok at sammenligne numrene p\u00e5 kombinationen vist p\u00e5 din billet med det resultat, der vises p\u00e5 denne side. Det anbefales at tjekke EuroMillions-kuponen flere gange for at have fuld sikkerhed, f\u00f8r du smider kuponen eller kuponerne v\u00e6k. Du kan ogs\u00e5 tjekke de jackpots, der er akkumuleret i [&hellip;]<\/p>\n","protected":false},"author":2,"featured_media":0,"parent":16888,"menu_order":3,"comment_status":"closed","ping_status":"closed","template":"euromillions-results.php","meta":{"_et_pb_use_builder":"","_et_pb_old_content":"","_et_gb_content_width":"","exclude_from_search":false,"footnotes":""},"class_list":["post-16927","page","type-page","status-publish","hentry"],"yoast_head":"<!-- This site is optimized with the Yoast SEO plugin v23.7 - https:\/\/yoast.com\/wordpress\/plugins\/seo\/ -->\n<title>Euromillions-resultater \u25b7 Euromillions-pr\u00e6mieliste<\/title>\n<meta name=\"description\" content=\"Find ud af, om du er vinderen af den seneste Euromillions-jackpot. F\u00e5 din billet online nu p\u00e5 vores sikre og hurtige platform.\" \/>\n<meta name=\"robots\" content=\"index, follow, max-snippet:-1, max-image-preview:large, max-video-preview:-1\" \/>\n<link rel=\"canonical\" href=\"https:\/\/lottohoy.com\/da\/resultater-af-lotterier\/euromillions-resultater\/\" \/>\n<meta property=\"og:locale\" content=\"da_DK\" \/>\n<meta property=\"og:type\" content=\"article\" \/>\n<meta property=\"og:title\" content=\"Euromillions-resultater \u25b7 Euromillions-pr\u00e6mieliste\" \/>\n<meta property=\"og:description\" content=\"Find ud af, om du er vinderen af den seneste Euromillions-jackpot. F\u00e5 din billet online nu p\u00e5 vores sikre og hurtige platform.\" \/>\n<meta property=\"og:url\" content=\"https:\/\/lottohoy.com\/da\/resultater-af-lotterier\/euromillions-resultater\/\" \/>\n<meta property=\"og:site_name\" content=\"Lottohoy\" \/>\n<meta name=\"twitter:card\" content=\"summary_large_image\" \/>\n<meta name=\"twitter:label1\" content=\"Estimeret l\u00e6setid\" \/>\n\t<meta name=\"twitter:data1\" content=\"3 minutter\" \/>\n<script type=\"application\/ld+json\" class=\"yoast-schema-graph\">{\"@context\":\"https:\/\/schema.org\",\"@graph\":[{\"@type\":\"WebPage\",\"@id\":\"https:\/\/lottohoy.com\/da\/resultater-af-lotterier\/euromillions-resultater\/\",\"url\":\"https:\/\/lottohoy.com\/da\/resultater-af-lotterier\/euromillions-resultater\/\",\"name\":\"Euromillions-resultater \u25b7 Euromillions-pr\u00e6mieliste\",\"isPartOf\":{\"@id\":\"https:\/\/lottohoy.com\/da\/#website\"},\"datePublished\":\"2018-05-03T13:23:37+00:00\",\"dateModified\":\"2018-05-03T13:23:37+00:00\",\"description\":\"Find ud af, om du er vinderen af den seneste Euromillions-jackpot. F\u00e5 din billet online nu p\u00e5 vores sikre og hurtige platform.\",\"breadcrumb\":{\"@id\":\"https:\/\/lottohoy.com\/da\/resultater-af-lotterier\/euromillions-resultater\/#breadcrumb\"},\"inLanguage\":\"da-DK\",\"potentialAction\":[{\"@type\":\"ReadAction\",\"target\":[\"https:\/\/lottohoy.com\/da\/resultater-af-lotterier\/euromillions-resultater\/\"]}]},{\"@type\":\"BreadcrumbList\",\"@id\":\"https:\/\/lottohoy.com\/da\/resultater-af-lotterier\/euromillions-resultater\/#breadcrumb\",\"itemListElement\":[{\"@type\":\"ListItem\",\"position\":1,\"name\":\"Home\",\"item\":\"https:\/\/lottohoy.com\/da\/\"},{\"@type\":\"ListItem\",\"position\":2,\"name\":\"Resultater af lotterier\",\"item\":\"https:\/\/lottohoy.com\/da\/resultater-af-lotterier\/\"},{\"@type\":\"ListItem\",\"position\":3,\"name\":\"EuroMillions-resultater\"}]},{\"@type\":\"WebSite\",\"@id\":\"https:\/\/lottohoy.com\/da\/#website\",\"url\":\"https:\/\/lottohoy.com\/da\/\",\"name\":\"Lottohoy\",\"description\":\"\",\"potentialAction\":[{\"@type\":\"SearchAction\",\"target\":{\"@type\":\"EntryPoint\",\"urlTemplate\":\"https:\/\/lottohoy.com\/da\/?s={search_term_string}\"},\"query-input\":{\"@type\":\"PropertyValueSpecification\",\"valueRequired\":true,\"valueName\":\"search_term_string\"}}],\"inLanguage\":\"da-DK\"}]}<\/script>\n<!-- \/ Yoast SEO plugin. -->","yoast_head_json":{"title":"Euromillions-resultater \u25b7 Euromillions-pr\u00e6mieliste","description":"Find ud af, om du er vinderen af den seneste Euromillions-jackpot. F\u00e5 din billet online nu p\u00e5 vores sikre og hurtige platform.","robots":{"index":"index","follow":"follow","max-snippet":"max-snippet:-1","max-image-preview":"max-image-preview:large","max-video-preview":"max-video-preview:-1"},"canonical":"https:\/\/lottohoy.com\/da\/resultater-af-lotterier\/euromillions-resultater\/","og_locale":"da_DK","og_type":"article","og_title":"Euromillions-resultater \u25b7 Euromillions-pr\u00e6mieliste","og_description":"Find ud af, om du er vinderen af den seneste Euromillions-jackpot. F\u00e5 din billet online nu p\u00e5 vores sikre og hurtige platform.","og_url":"https:\/\/lottohoy.com\/da\/resultater-af-lotterier\/euromillions-resultater\/","og_site_name":"Lottohoy","twitter_card":"summary_large_image","twitter_misc":{"Estimeret l\u00e6setid":"3 minutter"},"schema":{"@context":"https:\/\/schema.org","@graph":[{"@type":"WebPage","@id":"https:\/\/lottohoy.com\/da\/resultater-af-lotterier\/euromillions-resultater\/","url":"https:\/\/lottohoy.com\/da\/resultater-af-lotterier\/euromillions-resultater\/","name":"Euromillions-resultater \u25b7 Euromillions-pr\u00e6mieliste","isPartOf":{"@id":"https:\/\/lottohoy.com\/da\/#website"},"datePublished":"2018-05-03T13:23:37+00:00","dateModified":"2018-05-03T13:23:37+00:00","description":"Find ud af, om du er vinderen af den seneste Euromillions-jackpot. F\u00e5 din billet online nu p\u00e5 vores sikre og hurtige platform.","breadcrumb":{"@id":"https:\/\/lottohoy.com\/da\/resultater-af-lotterier\/euromillions-resultater\/#breadcrumb"},"inLanguage":"da-DK","potentialAction":[{"@type":"ReadAction","target":["https:\/\/lottohoy.com\/da\/resultater-af-lotterier\/euromillions-resultater\/"]}]},{"@type":"BreadcrumbList","@id":"https:\/\/lottohoy.com\/da\/resultater-af-lotterier\/euromillions-resultater\/#breadcrumb","itemListElement":[{"@type":"ListItem","position":1,"name":"Home","item":"https:\/\/lottohoy.com\/da\/"},{"@type":"ListItem","position":2,"name":"Resultater af lotterier","item":"https:\/\/lottohoy.com\/da\/resultater-af-lotterier\/"},{"@type":"ListItem","position":3,"name":"EuroMillions-resultater"}]},{"@type":"WebSite","@id":"https:\/\/lottohoy.com\/da\/#website","url":"https:\/\/lottohoy.com\/da\/","name":"Lottohoy","description":"","potentialAction":[{"@type":"SearchAction","target":{"@type":"EntryPoint","urlTemplate":"https:\/\/lottohoy.com\/da\/?s={search_term_string}"},"query-input":{"@type":"PropertyValueSpecification","valueRequired":true,"valueName":"search_term_string"}}],"inLanguage":"da-DK"}]}},"_links":{"self":[{"href":"https:\/\/lottohoy.com\/da\/wp-json\/wp\/v2\/pages\/16927","targetHints":{"allow":["GET"]}}],"collection":[{"href":"https:\/\/lottohoy.com\/da\/wp-json\/wp\/v2\/pages"}],"about":[{"href":"https:\/\/lottohoy.com\/da\/wp-json\/wp\/v2\/types\/page"}],"author":[{"embeddable":true,"href":"https:\/\/lottohoy.com\/da\/wp-json\/wp\/v2\/users\/2"}],"replies":[{"embeddable":true,"href":"https:\/\/lottohoy.com\/da\/wp-json\/wp\/v2\/comments?post=16927"}],"version-history":[{"count":0,"href":"https:\/\/lottohoy.com\/da\/wp-json\/wp\/v2\/pages\/16927\/revisions"}],"up":[{"embeddable":true,"href":"https:\/\/lottohoy.com\/da\/wp-json\/wp\/v2\/pages\/16888"}],"wp:attachment":[{"href":"https:\/\/lottohoy.com\/da\/wp-json\/wp\/v2\/media?parent=16927"}],"curies":[{"name":"wp","href":"https:\/\/api.w.org\/{rel}","templated":true}]}}