{"id":16915,"date":"2018-05-03T14:23:38","date_gmt":"2018-05-03T13:23:38","guid":{"rendered":"https:\/\/lottohoy.com\/resultater-af-lotterier\/mega-millions-resultater\/"},"modified":"2025-05-27T18:41:18","modified_gmt":"2025-05-27T17:41:18","slug":"mega-millions-resultater","status":"publish","type":"page","link":"https:\/\/lottohoy.com\/da\/resultater-af-lotterier\/mega-millions-resultater\/","title":{"rendered":"Mega Millions resultater"},"content":{"rendered":"<h1 data-start=\"140\" data-end=\"176\"><strong data-start=\"142\" data-end=\"176\">Dagens MegaMillions-resultater<\/strong><\/h1>\n<p data-start=\"178\" data-end=\"410\">Her kan du tjekke de nyeste og opdaterede resultater fra <strong data-start=\"235\" data-end=\"251\">MegaMillions<\/strong>-lotteriets tr\u00e6kning. Hvis tallene stemmer overens med din kombination \u2014 tillykke! Du kan vinde en flot gevinst eller endda blive den n\u00e6ste multimillion\u00e6r.<\/p>\n<p data-start=\"412\" data-end=\"553\">Du kan ogs\u00e5 gennemg\u00e5 tidligere tr\u00e6kninger i arkivet for at hj\u00e6lpe dig med at planl\u00e6gge din strategi og <a href=\"https:\/\/lottohoy.com\/da\/spil\/spil-mega-millions\/\">spille dine <strong data-start=\"529\" data-end=\"545\">MegaMillions<\/strong><\/a>-lodder.<\/p>\n<h2 data-start=\"560\" data-end=\"595\"><strong data-start=\"563\" data-end=\"595\">Alle MegaMillions-resultater<\/strong><\/h2>\n<p data-start=\"597\" data-end=\"709\">P\u00e5 denne side kan du tjekke alle tidligere tr\u00e6kninger og fordelingen af pr\u00e6mier i <strong data-start=\"681\" data-end=\"698\">MEGA MILLIONS<\/strong>-lotteriet.<\/p>\n<p data-start=\"711\" data-end=\"887\">Hvis du g\u00e5r op i \u00f8verste h\u00f8jre hj\u00f8rne af siden, vil du se <strong data-start=\"771\" data-end=\"792\">kalenderv\u00e6rkt\u00f8jet<\/strong>, som vi har udviklet, s\u00e5 du kan v\u00e6lge den dato, du vil tjekke \u2014 inklusive specialtr\u00e6kninger.<\/p>\n<p data-start=\"938\" data-end=\"1099\"><strong data-start=\"938\" data-end=\"953\">Venstre pil<\/strong> giver dig adgang til den forrige tr\u00e6kning, og <strong data-start=\"1002\" data-end=\"1032\">midterboksen med pil nedad<\/strong> \u00e5bner en rullemenu med alle tr\u00e6kninger fra de sidste 20 m\u00e5neder.<\/p>\n<p data-start=\"1101\" data-end=\"1274\">Hvis du vil v\u00e6re en af de n\u00e6ste vindere af disse <a href=\"https:\/\/lottohoy.com\/da\/lotteri-jackpots\/\">enorme jackpots<\/a>, <a href=\"https:\/\/lottohoy.com\/da\/registrering\/\"><strong data-start=\"1169\" data-end=\"1202\">registrer dig nu hos LottoHoy<\/strong><\/a>, og v\u00e6lg dine yndlingstal. <strong data-start=\"1232\" data-end=\"1274\">Spil Mega Millions! Hvad venter du p\u00e5?<\/strong><\/p>\n","protected":false},"excerpt":{"rendered":"<p>Dagens MegaMillions-resultater Her kan du tjekke de nyeste og opdaterede resultater fra MegaMillions-lotteriets tr\u00e6kning. Hvis tallene stemmer overens med din kombination \u2014 tillykke! Du kan vinde en flot gevinst eller endda blive den n\u00e6ste multimillion\u00e6r. Du kan ogs\u00e5 gennemg\u00e5 tidligere tr\u00e6kninger i arkivet for at hj\u00e6lpe dig med at planl\u00e6gge din strategi og spille dine [&hellip;]<\/p>\n","protected":false},"author":2,"featured_media":0,"parent":16888,"menu_order":2,"comment_status":"closed","ping_status":"closed","template":"megamillion-results.php","meta":{"_et_pb_use_builder":"","_et_pb_old_content":"","_et_gb_content_width":"","exclude_from_search":false,"footnotes":""},"class_list":["post-16915","page","type-page","status-publish","hentry"],"yoast_head":"<!-- This site is optimized with the Yoast SEO plugin v23.7 - https:\/\/yoast.com\/wordpress\/plugins\/seo\/ -->\n<title>Mega Millions-resultater - LottoHoy<\/title>\n<meta name=\"description\" content=\"Tjek resultaterne af Mega Millions-lodtr\u00e6kninger for de sidste 2 \u00e5r. Lav din egen strategi med de hyppigste numre, og vind stort!\" \/>\n<meta name=\"robots\" content=\"index, follow, max-snippet:-1, max-image-preview:large, max-video-preview:-1\" \/>\n<link rel=\"canonical\" href=\"https:\/\/lottohoy.com\/da\/resultater-af-lotterier\/mega-millions-resultater\/\" \/>\n<meta property=\"og:locale\" content=\"da_DK\" \/>\n<meta property=\"og:type\" content=\"article\" \/>\n<meta property=\"og:title\" content=\"Mega Millions-resultater - LottoHoy\" \/>\n<meta property=\"og:description\" content=\"Tjek resultaterne af Mega Millions-lodtr\u00e6kninger for de sidste 2 \u00e5r. Lav din egen strategi med de hyppigste numre, og vind stort!\" \/>\n<meta property=\"og:url\" content=\"https:\/\/lottohoy.com\/da\/resultater-af-lotterier\/mega-millions-resultater\/\" \/>\n<meta property=\"og:site_name\" content=\"Lottohoy\" \/>\n<meta property=\"article:modified_time\" content=\"2025-05-27T17:41:18+00:00\" \/>\n<meta name=\"twitter:card\" content=\"summary_large_image\" \/>\n<meta name=\"twitter:label1\" content=\"Estimeret l\u00e6setid\" \/>\n\t<meta name=\"twitter:data1\" content=\"1 minut\" \/>\n<script type=\"application\/ld+json\" class=\"yoast-schema-graph\">{\"@context\":\"https:\/\/schema.org\",\"@graph\":[{\"@type\":\"WebPage\",\"@id\":\"https:\/\/lottohoy.com\/da\/resultater-af-lotterier\/mega-millions-resultater\/\",\"url\":\"https:\/\/lottohoy.com\/da\/resultater-af-lotterier\/mega-millions-resultater\/\",\"name\":\"Mega Millions-resultater - LottoHoy\",\"isPartOf\":{\"@id\":\"https:\/\/lottohoy.com\/da\/#website\"},\"datePublished\":\"2018-05-03T13:23:38+00:00\",\"dateModified\":\"2025-05-27T17:41:18+00:00\",\"description\":\"Tjek resultaterne af Mega Millions-lodtr\u00e6kninger for de sidste 2 \u00e5r. Lav din egen strategi med de hyppigste numre, og vind stort!\",\"breadcrumb\":{\"@id\":\"https:\/\/lottohoy.com\/da\/resultater-af-lotterier\/mega-millions-resultater\/#breadcrumb\"},\"inLanguage\":\"da-DK\",\"potentialAction\":[{\"@type\":\"ReadAction\",\"target\":[\"https:\/\/lottohoy.com\/da\/resultater-af-lotterier\/mega-millions-resultater\/\"]}]},{\"@type\":\"BreadcrumbList\",\"@id\":\"https:\/\/lottohoy.com\/da\/resultater-af-lotterier\/mega-millions-resultater\/#breadcrumb\",\"itemListElement\":[{\"@type\":\"ListItem\",\"position\":1,\"name\":\"Home\",\"item\":\"https:\/\/lottohoy.com\/da\/\"},{\"@type\":\"ListItem\",\"position\":2,\"name\":\"Resultater af lotterier\",\"item\":\"https:\/\/lottohoy.com\/da\/resultater-af-lotterier\/\"},{\"@type\":\"ListItem\",\"position\":3,\"name\":\"Mega Millions resultater\"}]},{\"@type\":\"WebSite\",\"@id\":\"https:\/\/lottohoy.com\/da\/#website\",\"url\":\"https:\/\/lottohoy.com\/da\/\",\"name\":\"Lottohoy\",\"description\":\"\",\"potentialAction\":[{\"@type\":\"SearchAction\",\"target\":{\"@type\":\"EntryPoint\",\"urlTemplate\":\"https:\/\/lottohoy.com\/da\/?s={search_term_string}\"},\"query-input\":{\"@type\":\"PropertyValueSpecification\",\"valueRequired\":true,\"valueName\":\"search_term_string\"}}],\"inLanguage\":\"da-DK\"}]}<\/script>\n<!-- \/ Yoast SEO plugin. -->","yoast_head_json":{"title":"Mega Millions-resultater - LottoHoy","description":"Tjek resultaterne af Mega Millions-lodtr\u00e6kninger for de sidste 2 \u00e5r. Lav din egen strategi med de hyppigste numre, og vind stort!","robots":{"index":"index","follow":"follow","max-snippet":"max-snippet:-1","max-image-preview":"max-image-preview:large","max-video-preview":"max-video-preview:-1"},"canonical":"https:\/\/lottohoy.com\/da\/resultater-af-lotterier\/mega-millions-resultater\/","og_locale":"da_DK","og_type":"article","og_title":"Mega Millions-resultater - LottoHoy","og_description":"Tjek resultaterne af Mega Millions-lodtr\u00e6kninger for de sidste 2 \u00e5r. Lav din egen strategi med de hyppigste numre, og vind stort!","og_url":"https:\/\/lottohoy.com\/da\/resultater-af-lotterier\/mega-millions-resultater\/","og_site_name":"Lottohoy","article_modified_time":"2025-05-27T17:41:18+00:00","twitter_card":"summary_large_image","twitter_misc":{"Estimeret l\u00e6setid":"1 minut"},"schema":{"@context":"https:\/\/schema.org","@graph":[{"@type":"WebPage","@id":"https:\/\/lottohoy.com\/da\/resultater-af-lotterier\/mega-millions-resultater\/","url":"https:\/\/lottohoy.com\/da\/resultater-af-lotterier\/mega-millions-resultater\/","name":"Mega Millions-resultater - LottoHoy","isPartOf":{"@id":"https:\/\/lottohoy.com\/da\/#website"},"datePublished":"2018-05-03T13:23:38+00:00","dateModified":"2025-05-27T17:41:18+00:00","description":"Tjek resultaterne af Mega Millions-lodtr\u00e6kninger for de sidste 2 \u00e5r. Lav din egen strategi med de hyppigste numre, og vind stort!","breadcrumb":{"@id":"https:\/\/lottohoy.com\/da\/resultater-af-lotterier\/mega-millions-resultater\/#breadcrumb"},"inLanguage":"da-DK","potentialAction":[{"@type":"ReadAction","target":["https:\/\/lottohoy.com\/da\/resultater-af-lotterier\/mega-millions-resultater\/"]}]},{"@type":"BreadcrumbList","@id":"https:\/\/lottohoy.com\/da\/resultater-af-lotterier\/mega-millions-resultater\/#breadcrumb","itemListElement":[{"@type":"ListItem","position":1,"name":"Home","item":"https:\/\/lottohoy.com\/da\/"},{"@type":"ListItem","position":2,"name":"Resultater af lotterier","item":"https:\/\/lottohoy.com\/da\/resultater-af-lotterier\/"},{"@type":"ListItem","position":3,"name":"Mega Millions resultater"}]},{"@type":"WebSite","@id":"https:\/\/lottohoy.com\/da\/#website","url":"https:\/\/lottohoy.com\/da\/","name":"Lottohoy","description":"","potentialAction":[{"@type":"SearchAction","target":{"@type":"EntryPoint","urlTemplate":"https:\/\/lottohoy.com\/da\/?s={search_term_string}"},"query-input":{"@type":"PropertyValueSpecification","valueRequired":true,"valueName":"search_term_string"}}],"inLanguage":"da-DK"}]}},"_links":{"self":[{"href":"https:\/\/lottohoy.com\/da\/wp-json\/wp\/v2\/pages\/16915","targetHints":{"allow":["GET"]}}],"collection":[{"href":"https:\/\/lottohoy.com\/da\/wp-json\/wp\/v2\/pages"}],"about":[{"href":"https:\/\/lottohoy.com\/da\/wp-json\/wp\/v2\/types\/page"}],"author":[{"embeddable":true,"href":"https:\/\/lottohoy.com\/da\/wp-json\/wp\/v2\/users\/2"}],"replies":[{"embeddable":true,"href":"https:\/\/lottohoy.com\/da\/wp-json\/wp\/v2\/comments?post=16915"}],"version-history":[{"count":2,"href":"https:\/\/lottohoy.com\/da\/wp-json\/wp\/v2\/pages\/16915\/revisions"}],"predecessor-version":[{"id":19952,"href":"https:\/\/lottohoy.com\/da\/wp-json\/wp\/v2\/pages\/16915\/revisions\/19952"}],"up":[{"embeddable":true,"href":"https:\/\/lottohoy.com\/da\/wp-json\/wp\/v2\/pages\/16888"}],"wp:attachment":[{"href":"https:\/\/lottohoy.com\/da\/wp-json\/wp\/v2\/media?parent=16915"}],"curies":[{"name":"wp","href":"https:\/\/api.w.org\/{rel}","templated":true}]}}