{"id":16897,"date":"2018-05-03T14:23:39","date_gmt":"2018-05-03T13:23:39","guid":{"rendered":"https:\/\/lottohoy.com\/resultater-af-lotterier\/powerball-resultater\/"},"modified":"2018-05-03T14:23:39","modified_gmt":"2018-05-03T13:23:39","slug":"powerball-resultater","status":"publish","type":"page","link":"https:\/\/lottohoy.com\/da\/resultater-af-lotterier\/powerball-resultater\/","title":{"rendered":"Powerball-resultater"},"content":{"rendered":"<h2><strong>Resultater fra Powerball-lotto<\/strong><\/h2>\n<p>I den foreg\u00e5ende tabel kan du se <strong>vindertallene<\/strong> i den sidste Powerball-lodtr\u00e6kning samt de uddelte pr\u00e6mier i hver pr\u00e6miekategori og antallet af vindere.<\/p>\n<p>Denne tabel opdateres automatisk efter hver udtr\u00e6kning, s\u00e5 du kan tjekke den, n\u00e5r du har brug for at v\u00e6re opdateret med de seneste resultater, og hvis du vinder, kan du <a href=\"https:\/\/lottohoy.com\/play\/powerball\/\"><b>spille Powerball<\/b><\/a> igen <strong>gratis<\/strong>.<\/p>\n<h2><strong>Tidligere Powerball-tr\u00e6kninger<\/strong><\/h2>\n<p>P\u00e5 denne side kan du se den <strong>sidste vinderkombination<\/strong> og pr\u00e6miefordelingen for de ni kategorier. Ligeledes kan du se pilene, der giver dig mulighed for at se de <strong>tidligere tr\u00e6kningsresultater<\/strong>.<\/p>\n<p>Ved hj\u00e6lp af denne kalenderfunktion kan vi se Powerball-resultathistorikken ved at klikke p\u00e5 venstre pil . Hvis du i stedet foretr\u00e6kker at v\u00e6lge en bestemt udtr\u00e6kningsdato, kan du klikke p\u00e5 det centrale felt, som giver dig mulighed for at \u00e5bne en dropdown med udtr\u00e6kningerne i de sidste to \u00e5r.<\/p>\n<h3><strong>Mest og mindst hyppige tal i Powerball<\/strong><\/h3>\n<p>De tal, der hyppigst er trukket i den vindende kombination, har v\u00e6ret: <strong>8, 26, 22, 23 og 36<\/strong> for de hvide kugler i den f\u00f8rste tabel med 69. <strong>9, 6, 21, 24 og 19<\/strong> for de r\u00f8de kugler i den nederste tabel med 26 tal.<\/p>\n<p>Ved at bruge disse tal kan du \u00f8ge dine samlede odds for at vinde en bestemt tr\u00e6kning.<\/p>\n<p>Tv\u00e6rtimod har de tal, der har optr\u00e5dt mindre hyppigt, v\u00e6ret: <strong>15, 51, 37, 47, 12, 4 og 24<\/strong> af de hvide kugler i den f\u00f8rste tabel med 69 tal. Og <strong>14, 23, 1, 2 og 16<\/strong> p\u00e5 de r\u00f8de Powerball-kugler i den nederste kasse p\u00e5 26.<\/p>\n<h2><strong>De st\u00f8rste jackpots i Powerball<\/strong><\/h2>\n<p>Powerball uddeler sandsynligvis de <a href=\"https:\/\/lottohoy.com\/the-biggest-jackpot-in-the-history-of-powerball\/\"><b>st\u00f8rste lotteripr\u00e6mier i verden<\/b><\/a>, da den altid starter med en indledende minimumsjackpot p\u00e5 <strong>$ 40.000.000<\/strong> (en jackpot, der er meget h\u00f8jere end i andre lotterier), som stiger, hvis der ikke er nogen vinder. Desuden ruller den videre uden m\u00e6ngdebegr\u00e6nsning.<\/p>\n<p>Den h\u00f8jeste Powerball-gevinst til dato har v\u00e6ret lidt over <strong><del>1.500 millioner dollars<\/del><\/strong><del>, som blev delt mellem tre unikke vindere<\/del>.<strong>I november 2022 overgik den dette tal og efterlod en \u00e5r-til-dato rekord p\u00e5 2,04 milliarder dollars.<\/strong><\/p>\n<p>Hvis du har de fem rigtige tal plus Pwerball-nummeret og vinder den annoncerede jackpot, har du to muligheder: Tag kontantv\u00e6rdien eller de \u00e5rlige betalinger.<\/p>\n","protected":false},"excerpt":{"rendered":"<p>Resultater fra Powerball-lotto I den foreg\u00e5ende tabel kan du se vindertallene i den sidste Powerball-lodtr\u00e6kning samt de uddelte pr\u00e6mier i hver pr\u00e6miekategori og antallet af vindere. Denne tabel opdateres automatisk efter hver udtr\u00e6kning, s\u00e5 du kan tjekke den, n\u00e5r du har brug for at v\u00e6re opdateret med de seneste resultater, og hvis du vinder, kan [&hellip;]<\/p>\n","protected":false},"author":2,"featured_media":0,"parent":16888,"menu_order":1,"comment_status":"closed","ping_status":"closed","template":"powerball-usa-results.php","meta":{"_et_pb_use_builder":"","_et_pb_old_content":"","_et_gb_content_width":"","exclude_from_search":false,"footnotes":""},"class_list":["post-16897","page","type-page","status-publish","hentry"],"yoast_head":"<!-- This site is optimized with the Yoast SEO plugin v23.7 - https:\/\/yoast.com\/wordpress\/plugins\/seo\/ -->\n<title>Powerball-resultater - seneste vindertal \u2713<\/title>\n<meta name=\"description\" content=\"Tjek resultaterne af alle Powerball-lodtr\u00e6kninger samt pr\u00e6mierne pr. kategori eller antallet af vindere. F\u00e5 din billet til den n\u00e6ste Powerball-lodtr\u00e6kning nu!\" \/>\n<meta name=\"robots\" content=\"index, follow, max-snippet:-1, max-image-preview:large, max-video-preview:-1\" \/>\n<link rel=\"canonical\" href=\"https:\/\/lottohoy.com\/da\/resultater-af-lotterier\/powerball-resultater\/\" \/>\n<meta property=\"og:locale\" content=\"da_DK\" \/>\n<meta property=\"og:type\" content=\"article\" \/>\n<meta property=\"og:title\" content=\"Powerball-resultater - seneste vindertal \u2713\" \/>\n<meta property=\"og:description\" content=\"Tjek resultaterne af alle Powerball-lodtr\u00e6kninger samt pr\u00e6mierne pr. kategori eller antallet af vindere. F\u00e5 din billet til den n\u00e6ste Powerball-lodtr\u00e6kning nu!\" \/>\n<meta property=\"og:url\" content=\"https:\/\/lottohoy.com\/da\/resultater-af-lotterier\/powerball-resultater\/\" \/>\n<meta property=\"og:site_name\" content=\"Lottohoy\" \/>\n<meta name=\"twitter:card\" content=\"summary_large_image\" \/>\n<meta name=\"twitter:label1\" content=\"Estimeret l\u00e6setid\" \/>\n\t<meta name=\"twitter:data1\" content=\"2 minutter\" \/>\n<script type=\"application\/ld+json\" class=\"yoast-schema-graph\">{\"@context\":\"https:\/\/schema.org\",\"@graph\":[{\"@type\":\"WebPage\",\"@id\":\"https:\/\/lottohoy.com\/da\/resultater-af-lotterier\/powerball-resultater\/\",\"url\":\"https:\/\/lottohoy.com\/da\/resultater-af-lotterier\/powerball-resultater\/\",\"name\":\"Powerball-resultater - seneste vindertal \u2713\",\"isPartOf\":{\"@id\":\"https:\/\/lottohoy.com\/da\/#website\"},\"datePublished\":\"2018-05-03T13:23:39+00:00\",\"dateModified\":\"2018-05-03T13:23:39+00:00\",\"description\":\"Tjek resultaterne af alle Powerball-lodtr\u00e6kninger samt pr\u00e6mierne pr. kategori eller antallet af vindere. F\u00e5 din billet til den n\u00e6ste Powerball-lodtr\u00e6kning nu!\",\"breadcrumb\":{\"@id\":\"https:\/\/lottohoy.com\/da\/resultater-af-lotterier\/powerball-resultater\/#breadcrumb\"},\"inLanguage\":\"da-DK\",\"potentialAction\":[{\"@type\":\"ReadAction\",\"target\":[\"https:\/\/lottohoy.com\/da\/resultater-af-lotterier\/powerball-resultater\/\"]}]},{\"@type\":\"BreadcrumbList\",\"@id\":\"https:\/\/lottohoy.com\/da\/resultater-af-lotterier\/powerball-resultater\/#breadcrumb\",\"itemListElement\":[{\"@type\":\"ListItem\",\"position\":1,\"name\":\"Home\",\"item\":\"https:\/\/lottohoy.com\/da\/\"},{\"@type\":\"ListItem\",\"position\":2,\"name\":\"Resultater af lotterier\",\"item\":\"https:\/\/lottohoy.com\/da\/resultater-af-lotterier\/\"},{\"@type\":\"ListItem\",\"position\":3,\"name\":\"Powerball-resultater\"}]},{\"@type\":\"WebSite\",\"@id\":\"https:\/\/lottohoy.com\/da\/#website\",\"url\":\"https:\/\/lottohoy.com\/da\/\",\"name\":\"Lottohoy\",\"description\":\"\",\"potentialAction\":[{\"@type\":\"SearchAction\",\"target\":{\"@type\":\"EntryPoint\",\"urlTemplate\":\"https:\/\/lottohoy.com\/da\/?s={search_term_string}\"},\"query-input\":{\"@type\":\"PropertyValueSpecification\",\"valueRequired\":true,\"valueName\":\"search_term_string\"}}],\"inLanguage\":\"da-DK\"}]}<\/script>\n<!-- \/ Yoast SEO plugin. -->","yoast_head_json":{"title":"Powerball-resultater - seneste vindertal \u2713","description":"Tjek resultaterne af alle Powerball-lodtr\u00e6kninger samt pr\u00e6mierne pr. kategori eller antallet af vindere. F\u00e5 din billet til den n\u00e6ste Powerball-lodtr\u00e6kning nu!","robots":{"index":"index","follow":"follow","max-snippet":"max-snippet:-1","max-image-preview":"max-image-preview:large","max-video-preview":"max-video-preview:-1"},"canonical":"https:\/\/lottohoy.com\/da\/resultater-af-lotterier\/powerball-resultater\/","og_locale":"da_DK","og_type":"article","og_title":"Powerball-resultater - seneste vindertal \u2713","og_description":"Tjek resultaterne af alle Powerball-lodtr\u00e6kninger samt pr\u00e6mierne pr. kategori eller antallet af vindere. F\u00e5 din billet til den n\u00e6ste Powerball-lodtr\u00e6kning nu!","og_url":"https:\/\/lottohoy.com\/da\/resultater-af-lotterier\/powerball-resultater\/","og_site_name":"Lottohoy","twitter_card":"summary_large_image","twitter_misc":{"Estimeret l\u00e6setid":"2 minutter"},"schema":{"@context":"https:\/\/schema.org","@graph":[{"@type":"WebPage","@id":"https:\/\/lottohoy.com\/da\/resultater-af-lotterier\/powerball-resultater\/","url":"https:\/\/lottohoy.com\/da\/resultater-af-lotterier\/powerball-resultater\/","name":"Powerball-resultater - seneste vindertal \u2713","isPartOf":{"@id":"https:\/\/lottohoy.com\/da\/#website"},"datePublished":"2018-05-03T13:23:39+00:00","dateModified":"2018-05-03T13:23:39+00:00","description":"Tjek resultaterne af alle Powerball-lodtr\u00e6kninger samt pr\u00e6mierne pr. kategori eller antallet af vindere. F\u00e5 din billet til den n\u00e6ste Powerball-lodtr\u00e6kning nu!","breadcrumb":{"@id":"https:\/\/lottohoy.com\/da\/resultater-af-lotterier\/powerball-resultater\/#breadcrumb"},"inLanguage":"da-DK","potentialAction":[{"@type":"ReadAction","target":["https:\/\/lottohoy.com\/da\/resultater-af-lotterier\/powerball-resultater\/"]}]},{"@type":"BreadcrumbList","@id":"https:\/\/lottohoy.com\/da\/resultater-af-lotterier\/powerball-resultater\/#breadcrumb","itemListElement":[{"@type":"ListItem","position":1,"name":"Home","item":"https:\/\/lottohoy.com\/da\/"},{"@type":"ListItem","position":2,"name":"Resultater af lotterier","item":"https:\/\/lottohoy.com\/da\/resultater-af-lotterier\/"},{"@type":"ListItem","position":3,"name":"Powerball-resultater"}]},{"@type":"WebSite","@id":"https:\/\/lottohoy.com\/da\/#website","url":"https:\/\/lottohoy.com\/da\/","name":"Lottohoy","description":"","potentialAction":[{"@type":"SearchAction","target":{"@type":"EntryPoint","urlTemplate":"https:\/\/lottohoy.com\/da\/?s={search_term_string}"},"query-input":{"@type":"PropertyValueSpecification","valueRequired":true,"valueName":"search_term_string"}}],"inLanguage":"da-DK"}]}},"_links":{"self":[{"href":"https:\/\/lottohoy.com\/da\/wp-json\/wp\/v2\/pages\/16897","targetHints":{"allow":["GET"]}}],"collection":[{"href":"https:\/\/lottohoy.com\/da\/wp-json\/wp\/v2\/pages"}],"about":[{"href":"https:\/\/lottohoy.com\/da\/wp-json\/wp\/v2\/types\/page"}],"author":[{"embeddable":true,"href":"https:\/\/lottohoy.com\/da\/wp-json\/wp\/v2\/users\/2"}],"replies":[{"embeddable":true,"href":"https:\/\/lottohoy.com\/da\/wp-json\/wp\/v2\/comments?post=16897"}],"version-history":[{"count":0,"href":"https:\/\/lottohoy.com\/da\/wp-json\/wp\/v2\/pages\/16897\/revisions"}],"up":[{"embeddable":true,"href":"https:\/\/lottohoy.com\/da\/wp-json\/wp\/v2\/pages\/16888"}],"wp:attachment":[{"href":"https:\/\/lottohoy.com\/da\/wp-json\/wp\/v2\/media?parent=16897"}],"curies":[{"name":"wp","href":"https:\/\/api.w.org\/{rel}","templated":true}]}}