{"id":16888,"date":"2018-05-03T14:23:36","date_gmt":"2018-05-03T13:23:36","guid":{"rendered":"https:\/\/lottohoy.com\/resultater-af-lotterier\/"},"modified":"2018-05-03T14:23:36","modified_gmt":"2018-05-03T13:23:36","slug":"resultater-af-lotterier","status":"publish","type":"page","link":"https:\/\/lottohoy.com\/da\/resultater-af-lotterier\/","title":{"rendered":"Resultater af lotterier"},"content":{"rendered":"<p>N\u00e5r lodtr\u00e6kningen er f\u00e6rdig, offentligg\u00f8r <a href=\"https:\/\/lottohoy.com\/play\/\"><strong>alle lotter<\/strong><\/a> iorganisatorer det officielle resultat i medierne. I nogle tilf\u00e6lde kan lodtr\u00e6kningen endda f\u00f8lges live og vises p\u00e5 tv.<\/p>\n<p>Hos LottoHoy offentligg\u00f8r vi alle vinderresultater fra lotterioperat\u00f8rerne, s\u00e5 snart den officielle tr\u00e6kning er afsluttet, s\u00e5 alle brugere kan tjekke <strong>pr\u00e6miefordelingen<\/strong>.<\/p>\n<h2>Seneste lotteriresultater<\/h2>\n<p>For at tjekke lotteriresultaterne kan du tjekke de p\u00e5g\u00e6ldende lotteriorganisatorer eller de generelle informationsmedier (radio og tv eller pressen den n\u00e6ste dag).<\/p>\n<p>Heldigvis modtager brugerne af vores platform oplysninger om resultaterne p\u00e5 deres konto, og det afspejles p\u00e5 webstedet. Hvis man vinder en pr\u00e6mie, bliver bel\u00f8bet sat direkte ind p\u00e5 brugerens saldo.<\/p>\n<p>Hvis du vil tjekke resultaterne for tirsdag i et hvilket som helst lotteri, USA&#8217;s Powerball-resultater, Euromillions eller for enhver anden spillet lottokupon, kan du ogs\u00e5 tjekke det p\u00e5 vores hjemmeside.<\/p>\n<h2>Lotteripr\u00e6mier og pr\u00e6mieinddelinger<\/h2>\n<p>Hvert lotteri har sine egne regler og sin egen fordeling af pr\u00e6mier. I nogle tilf\u00e6lde, og med undtagelse af hovedpr\u00e6mien i den f\u00f8rste kategori (den estimerede jackpot), bestemmes det bel\u00f8b, der tildeles disse kategorier, af procenter af indsamlingen til den p\u00e5g\u00e6ldende tr\u00e6kning, og i andre lotterier er det et fast bel\u00f8b.<\/p>\n<p>Hovedpr\u00e6mien har normalt et fast garanteret minimumsbel\u00f8b plus en procentdel af indsamlingen til den p\u00e5g\u00e6ldende tr\u00e6kning. P\u00e5 samme m\u00e5de er der i nogle lotterier et loft over det maksimale bel\u00f8b for jackpotten eller det maksimale antal rollovers.<\/p>\n<p>I nogle lotterier, hvis der ikke er nogen vinder af den f\u00f8rste kategori, deles det bel\u00f8b, der er afsat til tildelingen af denne kategori, op i de andre kategorier.<\/p>\n<p>I andre tilf\u00e6lde, og det er her, nogle lotterier bliver mere fristende, hvis der ikke er nogen vinder i den f\u00f8rste kategori, akkumuleres bel\u00f8bet og rulles over til n\u00e6ste tr\u00e6kning, hvilket genererer akkumulerede jackpots, der n\u00e5r astronomiske bel\u00f8b for en enkelt lottogevinst.<\/p>\n<p>Den st\u00f8rste pr\u00e6mie til dato blev givet i <a href=\"https:\/\/lottohoy.com\/play\/powerball\/\"><strong>Powerball-lotteriet<\/strong><\/a> med et ansl\u00e5et jackpotbel\u00f8b <del>p\u00e5 1,5 milliarder dollars<\/del>. I november 2022 overgik den dette tal og efterlod en rekord til dato p\u00e5 2,04 milliarder dollars.<\/p>\n","protected":false},"excerpt":{"rendered":"<p>N\u00e5r lodtr\u00e6kningen er f\u00e6rdig, offentligg\u00f8r alle lotter iorganisatorer det officielle resultat i medierne. I nogle tilf\u00e6lde kan lodtr\u00e6kningen endda f\u00f8lges live og vises p\u00e5 tv. Hos LottoHoy offentligg\u00f8r vi alle vinderresultater fra lotterioperat\u00f8rerne, s\u00e5 snart den officielle tr\u00e6kning er afsluttet, s\u00e5 alle brugere kan tjekke pr\u00e6miefordelingen. Seneste lotteriresultater For at tjekke lotteriresultaterne kan du tjekke [&hellip;]<\/p>\n","protected":false},"author":2,"featured_media":0,"parent":0,"menu_order":4,"comment_status":"closed","ping_status":"closed","template":"Results.php","meta":{"_et_pb_use_builder":"","_et_pb_old_content":"","_et_gb_content_width":"","exclude_from_search":false,"footnotes":""},"class_list":["post-16888","page","type-page","status-publish","hentry"],"yoast_head":"<!-- This site is optimized with the Yoast SEO plugin v23.7 - https:\/\/yoast.com\/wordpress\/plugins\/seo\/ -->\n<title>Lotteriresultater - Vindere og pr\u00e6miefordeling \u2794<\/title>\n<meta name=\"description\" content=\"Lotteriresultater lige efter hver tr\u00e6kning. Find ud af, om du er vinderen af Powerball, Mega Millions, Euromillions, UK Lotto og mange flere lotterier!\" \/>\n<meta name=\"robots\" content=\"index, follow, max-snippet:-1, max-image-preview:large, max-video-preview:-1\" \/>\n<link rel=\"canonical\" href=\"https:\/\/lottohoy.com\/da\/resultater-af-lotterier\/\" \/>\n<meta property=\"og:locale\" content=\"da_DK\" \/>\n<meta property=\"og:type\" content=\"article\" \/>\n<meta property=\"og:title\" content=\"Lotteriresultater - Vindere og pr\u00e6miefordeling \u2794\" \/>\n<meta property=\"og:description\" content=\"Lotteriresultater lige efter hver tr\u00e6kning. Find ud af, om du er vinderen af Powerball, Mega Millions, Euromillions, UK Lotto og mange flere lotterier!\" \/>\n<meta property=\"og:url\" content=\"https:\/\/lottohoy.com\/da\/resultater-af-lotterier\/\" \/>\n<meta property=\"og:site_name\" content=\"Lottohoy\" \/>\n<meta name=\"twitter:card\" content=\"summary_large_image\" \/>\n<meta name=\"twitter:label1\" content=\"Estimeret l\u00e6setid\" \/>\n\t<meta name=\"twitter:data1\" content=\"2 minutter\" \/>\n<script type=\"application\/ld+json\" class=\"yoast-schema-graph\">{\"@context\":\"https:\/\/schema.org\",\"@graph\":[{\"@type\":\"WebPage\",\"@id\":\"https:\/\/lottohoy.com\/da\/resultater-af-lotterier\/\",\"url\":\"https:\/\/lottohoy.com\/da\/resultater-af-lotterier\/\",\"name\":\"Lotteriresultater - Vindere og pr\u00e6miefordeling \u2794\",\"isPartOf\":{\"@id\":\"https:\/\/lottohoy.com\/da\/#website\"},\"datePublished\":\"2018-05-03T13:23:36+00:00\",\"dateModified\":\"2018-05-03T13:23:36+00:00\",\"description\":\"Lotteriresultater lige efter hver tr\u00e6kning. Find ud af, om du er vinderen af Powerball, Mega Millions, Euromillions, UK Lotto og mange flere lotterier!\",\"breadcrumb\":{\"@id\":\"https:\/\/lottohoy.com\/da\/resultater-af-lotterier\/#breadcrumb\"},\"inLanguage\":\"da-DK\",\"potentialAction\":[{\"@type\":\"ReadAction\",\"target\":[\"https:\/\/lottohoy.com\/da\/resultater-af-lotterier\/\"]}]},{\"@type\":\"BreadcrumbList\",\"@id\":\"https:\/\/lottohoy.com\/da\/resultater-af-lotterier\/#breadcrumb\",\"itemListElement\":[{\"@type\":\"ListItem\",\"position\":1,\"name\":\"Home\",\"item\":\"https:\/\/lottohoy.com\/da\/\"},{\"@type\":\"ListItem\",\"position\":2,\"name\":\"Resultater af lotterier\"}]},{\"@type\":\"WebSite\",\"@id\":\"https:\/\/lottohoy.com\/da\/#website\",\"url\":\"https:\/\/lottohoy.com\/da\/\",\"name\":\"Lottohoy\",\"description\":\"\",\"potentialAction\":[{\"@type\":\"SearchAction\",\"target\":{\"@type\":\"EntryPoint\",\"urlTemplate\":\"https:\/\/lottohoy.com\/da\/?s={search_term_string}\"},\"query-input\":{\"@type\":\"PropertyValueSpecification\",\"valueRequired\":true,\"valueName\":\"search_term_string\"}}],\"inLanguage\":\"da-DK\"}]}<\/script>\n<!-- \/ Yoast SEO plugin. -->","yoast_head_json":{"title":"Lotteriresultater - Vindere og pr\u00e6miefordeling \u2794","description":"Lotteriresultater lige efter hver tr\u00e6kning. Find ud af, om du er vinderen af Powerball, Mega Millions, Euromillions, UK Lotto og mange flere lotterier!","robots":{"index":"index","follow":"follow","max-snippet":"max-snippet:-1","max-image-preview":"max-image-preview:large","max-video-preview":"max-video-preview:-1"},"canonical":"https:\/\/lottohoy.com\/da\/resultater-af-lotterier\/","og_locale":"da_DK","og_type":"article","og_title":"Lotteriresultater - Vindere og pr\u00e6miefordeling \u2794","og_description":"Lotteriresultater lige efter hver tr\u00e6kning. Find ud af, om du er vinderen af Powerball, Mega Millions, Euromillions, UK Lotto og mange flere lotterier!","og_url":"https:\/\/lottohoy.com\/da\/resultater-af-lotterier\/","og_site_name":"Lottohoy","twitter_card":"summary_large_image","twitter_misc":{"Estimeret l\u00e6setid":"2 minutter"},"schema":{"@context":"https:\/\/schema.org","@graph":[{"@type":"WebPage","@id":"https:\/\/lottohoy.com\/da\/resultater-af-lotterier\/","url":"https:\/\/lottohoy.com\/da\/resultater-af-lotterier\/","name":"Lotteriresultater - Vindere og pr\u00e6miefordeling \u2794","isPartOf":{"@id":"https:\/\/lottohoy.com\/da\/#website"},"datePublished":"2018-05-03T13:23:36+00:00","dateModified":"2018-05-03T13:23:36+00:00","description":"Lotteriresultater lige efter hver tr\u00e6kning. Find ud af, om du er vinderen af Powerball, Mega Millions, Euromillions, UK Lotto og mange flere lotterier!","breadcrumb":{"@id":"https:\/\/lottohoy.com\/da\/resultater-af-lotterier\/#breadcrumb"},"inLanguage":"da-DK","potentialAction":[{"@type":"ReadAction","target":["https:\/\/lottohoy.com\/da\/resultater-af-lotterier\/"]}]},{"@type":"BreadcrumbList","@id":"https:\/\/lottohoy.com\/da\/resultater-af-lotterier\/#breadcrumb","itemListElement":[{"@type":"ListItem","position":1,"name":"Home","item":"https:\/\/lottohoy.com\/da\/"},{"@type":"ListItem","position":2,"name":"Resultater af lotterier"}]},{"@type":"WebSite","@id":"https:\/\/lottohoy.com\/da\/#website","url":"https:\/\/lottohoy.com\/da\/","name":"Lottohoy","description":"","potentialAction":[{"@type":"SearchAction","target":{"@type":"EntryPoint","urlTemplate":"https:\/\/lottohoy.com\/da\/?s={search_term_string}"},"query-input":{"@type":"PropertyValueSpecification","valueRequired":true,"valueName":"search_term_string"}}],"inLanguage":"da-DK"}]}},"_links":{"self":[{"href":"https:\/\/lottohoy.com\/da\/wp-json\/wp\/v2\/pages\/16888","targetHints":{"allow":["GET"]}}],"collection":[{"href":"https:\/\/lottohoy.com\/da\/wp-json\/wp\/v2\/pages"}],"about":[{"href":"https:\/\/lottohoy.com\/da\/wp-json\/wp\/v2\/types\/page"}],"author":[{"embeddable":true,"href":"https:\/\/lottohoy.com\/da\/wp-json\/wp\/v2\/users\/2"}],"replies":[{"embeddable":true,"href":"https:\/\/lottohoy.com\/da\/wp-json\/wp\/v2\/comments?post=16888"}],"version-history":[{"count":0,"href":"https:\/\/lottohoy.com\/da\/wp-json\/wp\/v2\/pages\/16888\/revisions"}],"wp:attachment":[{"href":"https:\/\/lottohoy.com\/da\/wp-json\/wp\/v2\/media?parent=16888"}],"curies":[{"name":"wp","href":"https:\/\/api.w.org\/{rel}","templated":true}]}}