{"id":16884,"date":"2018-08-23T10:32:43","date_gmt":"2018-08-23T09:32:43","guid":{"rendered":"https:\/\/lottohoy.com\/faq-om-online-lotteri\/faq-om-loerdagslotto\/"},"modified":"2018-08-23T10:32:43","modified_gmt":"2018-08-23T09:32:43","slug":"faq-om-loerdagslotto","status":"publish","type":"page","link":"https:\/\/lottohoy.com\/da\/faq-om-online-lotteri\/faq-om-loerdagslotto\/","title":{"rendered":"FAQ om l\u00f8rdagslotto"},"content":{"rendered":"<p>Saturday Lotto er et nationalt lotteri i Australien, der udloddes l\u00f8rdag aften. P\u00e5 trods af at det er et nationalt lotteri, har det forskellige navne afh\u00e6ngigt af det omr\u00e5de, hvor det markedsf\u00f8res.<\/p>\n<h2><b>Regler for det australske l\u00f8rdagslotteri<\/b><\/h2>\n<p>L\u00f8rdagslotto er et lotteri, der er let at forst\u00e5 og spille. Spilleren skal blot v\u00e6lge seks tal ud af 45 mulige, svarende til kugler nummereret fra 1 til og med 45.<\/p>\n<p>Pr\u00e6mierne fordeles efter kategorier i henhold til spillerens hits, som er vist i denne boks:<\/p>\n<p>1. kategori 6 rigtige<\/p>\n<p>2. kategori Kategori 5 hits + 1 eller 2 supplerende bolde<\/p>\n<p>3. kategori Kategori 5 hits<\/p>\n<p>4. kategori. Kategori 4 hits<\/p>\n<p>5. kategori Kategori 3-tr\u00e6ffere + 1 eller 2 supplerende bolde <\/p>\n<p>6. kategori Kategori 1 eller 2 hits + de 2 komplement\u00e6re bolde <\/p>\n<p><strong>Hvad er de komplement\u00e6re tal i Saturday Lotto?<\/strong><\/p>\n<p>Ud over de seks kugler, der udg\u00f8r kombinationen af vindertal, udtr\u00e6kkes yderligere to kugler, der kaldes \u00bbkomplement\u00e6re\u00ab.<\/p>\n<p>Disse ekstra eller supplerende kugler p\u00e5virker ikke den maksimale pr\u00e6miekategori, men de bruges til at bestemme den anden og femte pr\u00e6miekategori.<\/p>\n<p>Ligeledes skal disse komplement\u00e6re tal supplere et eller to hits fra hovedkombinationen, og det vil konfigurere den sjette pr\u00e6miekategori.<\/p>\n<p><strong>Jackpot i l\u00f8rdagslotto<\/strong><\/p>\n<p>I Saturday Lotto kan du ikke betragte f\u00f8rstepr\u00e6mien som en jackpot som i andre lotterier, da pr\u00e6mien er forudbestemt p\u00e5 forh\u00e5nd. Denne pr\u00e6mie er p\u00e5 AUD $ 1.000.000 pr. vinder, op til et maksimum p\u00e5 fire millioner.<\/p>\n<p>Hvis der er mere end fire vindere, deles det samlede bel\u00f8b p\u00e5 AUD $ 4.000.000 ligeligt mellem alle vinderne.<\/p>\n<p>Da det er relativt let at f\u00e5 de seks tal ud af 45, er det generelt meget almindeligt, at mange lotterier har flere topvindere, og at pr\u00e6mien deles.<\/p>\n","protected":false},"excerpt":{"rendered":"<p>Saturday Lotto er et nationalt lotteri i Australien, der udloddes l\u00f8rdag aften. P\u00e5 trods af at det er et nationalt lotteri, har det forskellige navne afh\u00e6ngigt af det omr\u00e5de, hvor det markedsf\u00f8res. Regler for det australske l\u00f8rdagslotteri L\u00f8rdagslotto er et lotteri, der er let at forst\u00e5 og spille. Spilleren skal blot v\u00e6lge seks tal ud [&hellip;]<\/p>\n","protected":false},"author":2,"featured_media":0,"parent":16746,"menu_order":19,"comment_status":"closed","ping_status":"closed","template":"saturday-lotto-info.php","meta":{"_et_pb_use_builder":"","_et_pb_old_content":"","_et_gb_content_width":"","exclude_from_search":false,"footnotes":""},"class_list":["post-16884","page","type-page","status-publish","hentry"],"yoast_head":"<!-- This site is optimized with the Yoast SEO plugin v23.7 - https:\/\/yoast.com\/wordpress\/plugins\/seo\/ -->\n<title>L\u00f8rdagslotto FAQ - weekendens australske lotteri<\/title>\n<meta name=\"description\" content=\"L\u00f8rdagslotto er et spil, der er let at forst\u00e5 og spille. Du skal kun v\u00e6lge 6 tal ud af 45 mulige, og du f\u00e5r alle regler og de bedste tricks!\" \/>\n<meta name=\"robots\" content=\"index, follow, max-snippet:-1, max-image-preview:large, max-video-preview:-1\" \/>\n<link rel=\"canonical\" href=\"https:\/\/lottohoy.com\/da\/faq-om-online-lotteri\/faq-om-loerdagslotto\/\" \/>\n<meta property=\"og:locale\" content=\"da_DK\" \/>\n<meta property=\"og:type\" content=\"article\" \/>\n<meta property=\"og:title\" content=\"L\u00f8rdagslotto FAQ - weekendens australske lotteri\" \/>\n<meta property=\"og:description\" content=\"L\u00f8rdagslotto er et spil, der er let at forst\u00e5 og spille. Du skal kun v\u00e6lge 6 tal ud af 45 mulige, og du f\u00e5r alle regler og de bedste tricks!\" \/>\n<meta property=\"og:url\" content=\"https:\/\/lottohoy.com\/da\/faq-om-online-lotteri\/faq-om-loerdagslotto\/\" \/>\n<meta property=\"og:site_name\" content=\"Lottohoy\" \/>\n<meta name=\"twitter:card\" content=\"summary_large_image\" \/>\n<meta name=\"twitter:label1\" content=\"Estimeret l\u00e6setid\" \/>\n\t<meta name=\"twitter:data1\" content=\"1 minut\" \/>\n<script type=\"application\/ld+json\" class=\"yoast-schema-graph\">{\"@context\":\"https:\/\/schema.org\",\"@graph\":[{\"@type\":\"WebPage\",\"@id\":\"https:\/\/lottohoy.com\/da\/faq-om-online-lotteri\/faq-om-loerdagslotto\/\",\"url\":\"https:\/\/lottohoy.com\/da\/faq-om-online-lotteri\/faq-om-loerdagslotto\/\",\"name\":\"L\u00f8rdagslotto FAQ - weekendens australske lotteri\",\"isPartOf\":{\"@id\":\"https:\/\/lottohoy.com\/da\/#website\"},\"datePublished\":\"2018-08-23T09:32:43+00:00\",\"dateModified\":\"2018-08-23T09:32:43+00:00\",\"description\":\"L\u00f8rdagslotto er et spil, der er let at forst\u00e5 og spille. Du skal kun v\u00e6lge 6 tal ud af 45 mulige, og du f\u00e5r alle regler og de bedste tricks!\",\"breadcrumb\":{\"@id\":\"https:\/\/lottohoy.com\/da\/faq-om-online-lotteri\/faq-om-loerdagslotto\/#breadcrumb\"},\"inLanguage\":\"da-DK\",\"potentialAction\":[{\"@type\":\"ReadAction\",\"target\":[\"https:\/\/lottohoy.com\/da\/faq-om-online-lotteri\/faq-om-loerdagslotto\/\"]}]},{\"@type\":\"BreadcrumbList\",\"@id\":\"https:\/\/lottohoy.com\/da\/faq-om-online-lotteri\/faq-om-loerdagslotto\/#breadcrumb\",\"itemListElement\":[{\"@type\":\"ListItem\",\"position\":1,\"name\":\"Home\",\"item\":\"https:\/\/lottohoy.com\/da\/\"},{\"@type\":\"ListItem\",\"position\":2,\"name\":\"FAQ om online-lotteri\",\"item\":\"https:\/\/lottohoy.com\/da\/faq-om-online-lotteri\/\"},{\"@type\":\"ListItem\",\"position\":3,\"name\":\"FAQ om l\u00f8rdagslotto\"}]},{\"@type\":\"WebSite\",\"@id\":\"https:\/\/lottohoy.com\/da\/#website\",\"url\":\"https:\/\/lottohoy.com\/da\/\",\"name\":\"Lottohoy\",\"description\":\"\",\"potentialAction\":[{\"@type\":\"SearchAction\",\"target\":{\"@type\":\"EntryPoint\",\"urlTemplate\":\"https:\/\/lottohoy.com\/da\/?s={search_term_string}\"},\"query-input\":{\"@type\":\"PropertyValueSpecification\",\"valueRequired\":true,\"valueName\":\"search_term_string\"}}],\"inLanguage\":\"da-DK\"}]}<\/script>\n<!-- \/ Yoast SEO plugin. -->","yoast_head_json":{"title":"L\u00f8rdagslotto FAQ - weekendens australske lotteri","description":"L\u00f8rdagslotto er et spil, der er let at forst\u00e5 og spille. Du skal kun v\u00e6lge 6 tal ud af 45 mulige, og du f\u00e5r alle regler og de bedste tricks!","robots":{"index":"index","follow":"follow","max-snippet":"max-snippet:-1","max-image-preview":"max-image-preview:large","max-video-preview":"max-video-preview:-1"},"canonical":"https:\/\/lottohoy.com\/da\/faq-om-online-lotteri\/faq-om-loerdagslotto\/","og_locale":"da_DK","og_type":"article","og_title":"L\u00f8rdagslotto FAQ - weekendens australske lotteri","og_description":"L\u00f8rdagslotto er et spil, der er let at forst\u00e5 og spille. Du skal kun v\u00e6lge 6 tal ud af 45 mulige, og du f\u00e5r alle regler og de bedste tricks!","og_url":"https:\/\/lottohoy.com\/da\/faq-om-online-lotteri\/faq-om-loerdagslotto\/","og_site_name":"Lottohoy","twitter_card":"summary_large_image","twitter_misc":{"Estimeret l\u00e6setid":"1 minut"},"schema":{"@context":"https:\/\/schema.org","@graph":[{"@type":"WebPage","@id":"https:\/\/lottohoy.com\/da\/faq-om-online-lotteri\/faq-om-loerdagslotto\/","url":"https:\/\/lottohoy.com\/da\/faq-om-online-lotteri\/faq-om-loerdagslotto\/","name":"L\u00f8rdagslotto FAQ - weekendens australske lotteri","isPartOf":{"@id":"https:\/\/lottohoy.com\/da\/#website"},"datePublished":"2018-08-23T09:32:43+00:00","dateModified":"2018-08-23T09:32:43+00:00","description":"L\u00f8rdagslotto er et spil, der er let at forst\u00e5 og spille. Du skal kun v\u00e6lge 6 tal ud af 45 mulige, og du f\u00e5r alle regler og de bedste tricks!","breadcrumb":{"@id":"https:\/\/lottohoy.com\/da\/faq-om-online-lotteri\/faq-om-loerdagslotto\/#breadcrumb"},"inLanguage":"da-DK","potentialAction":[{"@type":"ReadAction","target":["https:\/\/lottohoy.com\/da\/faq-om-online-lotteri\/faq-om-loerdagslotto\/"]}]},{"@type":"BreadcrumbList","@id":"https:\/\/lottohoy.com\/da\/faq-om-online-lotteri\/faq-om-loerdagslotto\/#breadcrumb","itemListElement":[{"@type":"ListItem","position":1,"name":"Home","item":"https:\/\/lottohoy.com\/da\/"},{"@type":"ListItem","position":2,"name":"FAQ om online-lotteri","item":"https:\/\/lottohoy.com\/da\/faq-om-online-lotteri\/"},{"@type":"ListItem","position":3,"name":"FAQ om l\u00f8rdagslotto"}]},{"@type":"WebSite","@id":"https:\/\/lottohoy.com\/da\/#website","url":"https:\/\/lottohoy.com\/da\/","name":"Lottohoy","description":"","potentialAction":[{"@type":"SearchAction","target":{"@type":"EntryPoint","urlTemplate":"https:\/\/lottohoy.com\/da\/?s={search_term_string}"},"query-input":{"@type":"PropertyValueSpecification","valueRequired":true,"valueName":"search_term_string"}}],"inLanguage":"da-DK"}]}},"_links":{"self":[{"href":"https:\/\/lottohoy.com\/da\/wp-json\/wp\/v2\/pages\/16884","targetHints":{"allow":["GET"]}}],"collection":[{"href":"https:\/\/lottohoy.com\/da\/wp-json\/wp\/v2\/pages"}],"about":[{"href":"https:\/\/lottohoy.com\/da\/wp-json\/wp\/v2\/types\/page"}],"author":[{"embeddable":true,"href":"https:\/\/lottohoy.com\/da\/wp-json\/wp\/v2\/users\/2"}],"replies":[{"embeddable":true,"href":"https:\/\/lottohoy.com\/da\/wp-json\/wp\/v2\/comments?post=16884"}],"version-history":[{"count":0,"href":"https:\/\/lottohoy.com\/da\/wp-json\/wp\/v2\/pages\/16884\/revisions"}],"up":[{"embeddable":true,"href":"https:\/\/lottohoy.com\/da\/wp-json\/wp\/v2\/pages\/16746"}],"wp:attachment":[{"href":"https:\/\/lottohoy.com\/da\/wp-json\/wp\/v2\/media?parent=16884"}],"curies":[{"name":"wp","href":"https:\/\/api.w.org\/{rel}","templated":true}]}}