{"id":16874,"date":"2018-08-21T10:29:37","date_gmt":"2018-08-21T09:29:37","guid":{"rendered":"https:\/\/lottohoy.com\/faq-om-online-lotteri\/powerball-au-faq\/"},"modified":"2018-08-21T10:29:37","modified_gmt":"2018-08-21T09:29:37","slug":"powerball-au-faq","status":"publish","type":"page","link":"https:\/\/lottohoy.com\/da\/faq-om-online-lotteri\/powerball-au-faq\/","title":{"rendered":"Powerball AU FAQ"},"content":{"rendered":"<p>PowerBall AU kom p\u00e5 markedet den 23. marts 1996. Oprindeligt skulle spilleren v\u00e6lge 5 numre fra de 45, der udgjorde den f\u00f8rste del af tavlen, og ogs\u00e5 v\u00e6lge 1 ekstra nummer kendt som \u00bbPowerball\u00ab fra den anden gruppe.<\/p>\n<h2>AU Powerball-regler<\/h2>\n<p>I marts 2013 blev reglerne \u00e6ndret, og det blev bestemt, at den vindende kombination skulle opn\u00e5s fra 6 numre ud af 40 fra den f\u00f8rste gruppe i kolonnen og en kugle blandt de 20 mulige numre fra bunden. Denne \u00e6ndring f\u00f8rte til indf\u00f8relsen af en ny kategori af priser.<\/p>\n<p>Siden april 2018 har der v\u00e6ret en ny variation, det er blevet fastsl\u00e5et, at de kugler, der udg\u00f8r en del af den f\u00f8rste gruppe, blev reduceret til 35, og at de i stedet for 6 kugler for at opn\u00e5 den vindende kombination skal v\u00e6re 7 kugler plus Powerball-kuglen i den anden gruppe, som forbliver u\u00e6ndret.<\/p>\n<h2><strong>PowerBall Australien-priser<\/strong><\/h2>\n<p>Pr\u00e6miekategorierne i PowerBall AU er som f\u00f8lger:<\/p>\n<p>1. kategori 7 kugler + powerball<\/p>\n<p>2. kategori 7 kugler<\/p>\n<p>3. kategori 6 kugler + powerball<\/p>\n<p>4. kategori 6 bolde<\/p>\n<p>5. kategori 5 bolde + powerball<\/p>\n<p>6. kategori 4 kugler + powerball<\/p>\n<p>7. kategori 5 kugler<\/p>\n<p>8. kategori 3 kugler + powerball<\/p>\n<p>9. kategori 2 bolde + powerball<\/p>\n<h2>Fordele ved at spille Australian PowerBall online<\/h2>\n<ul>\n<li>Spil nemt, hurtigt og komfortabelt<\/li>\n<li>Uden at skulle rejse til Australien for at deltage i deres million\u00e6rjackpots<\/li>\n<li>Spil fra enhver mobil enhed, tablet eller computer med en grundl\u00e6ggende internetforbindelse.<\/li>\n<li>Du har konstant information om alle lodtr\u00e6kninger, akkumulerede jackpots og vundne pr\u00e6mier<\/li>\n<li>Det er sikkert og p\u00e5lideligt for alle betalingsmetoder.<\/li>\n<li>N\u00e5r en registreret bruger har vundet en pr\u00e6mie, s\u00e6tter vi automatisk bel\u00f8bet ind p\u00e5 deres brugerkonto.<\/li>\n<\/ul>\n<h2>PowerBall AU Jackpot<\/h2>\n<p>Den garanterede minimumsjackpot for PowerBall AU er AUD $ 3 millioner, og der er ingen akkumuleringsgr\u00e6nse, s\u00e5 jackpotten kan udvikle sig til en jackpot p\u00e5 flere millioner dollars.<\/p>\n<p>Den hidtil st\u00f8rste jackpot er p\u00e5 80 millioner AUD, som blev vundet i juli 2009 og delt af to vindere fra New South Wales og Victoria.<\/p>\n<p>Siden den sidste opdatering af reglerne i april 2018 er jackpotten kun blevet vundet to gange:<\/p>\n<ul>\n<li>Den<sup>19.<\/sup> april 2018, svarende til den f\u00f8rste tr\u00e6kning af de nye regler, blev der uddelt en f\u00f8rstepr\u00e6mie p\u00e5 AUD $ 8 millioner.<\/li>\n<li>Den <sup>7<\/sup>. juni 2018 fik vinderen en pr\u00e6mie i den f\u00f8rste kategori p\u00e5 AUD $ 50 millioner.<\/li>\n<\/ul>\n<p>Saturday Lotto er et nationalt lotteri i Australien, der udloddes l\u00f8rdag aften. P\u00e5 trods af at det er et nationalt lotteri, er det anerkendt med forskellige navne afh\u00e6ngigt af det omr\u00e5de, hvor det markedsf\u00f8res.<\/p>\n","protected":false},"excerpt":{"rendered":"<p>PowerBall AU kom p\u00e5 markedet den 23. marts 1996. Oprindeligt skulle spilleren v\u00e6lge 5 numre fra de 45, der udgjorde den f\u00f8rste del af tavlen, og ogs\u00e5 v\u00e6lge 1 ekstra nummer kendt som \u00bbPowerball\u00ab fra den anden gruppe. AU Powerball-regler I marts 2013 blev reglerne \u00e6ndret, og det blev bestemt, at den vindende kombination skulle [&hellip;]<\/p>\n","protected":false},"author":2,"featured_media":0,"parent":16746,"menu_order":17,"comment_status":"closed","ping_status":"closed","template":"powerball-au-info.php","meta":{"_et_pb_use_builder":"","_et_pb_old_content":"","_et_gb_content_width":"","exclude_from_search":false,"footnotes":""},"class_list":["post-16874","page","type-page","status-publish","hentry"],"yoast_head":"<!-- This site is optimized with the Yoast SEO plugin v23.7 - https:\/\/yoast.com\/wordpress\/plugins\/seo\/ -->\n<title>\u25b7 Powerball AU FAQ \u25b7 Powerball Australia regler | Lottohoy<\/title>\n<meta name=\"description\" content=\"PowerBall AU er det st\u00f8rste lotteri fra Australien. Nedenfor finder du alle oplysninger om dette spil: regler, pr\u00e6mier, jackpots og nogle tricks til at vinde mere.\" \/>\n<meta name=\"robots\" content=\"index, follow, max-snippet:-1, max-image-preview:large, max-video-preview:-1\" \/>\n<link rel=\"canonical\" href=\"https:\/\/lottohoy.com\/da\/faq-om-online-lotteri\/powerball-au-faq\/\" \/>\n<meta property=\"og:locale\" content=\"da_DK\" \/>\n<meta property=\"og:type\" content=\"article\" \/>\n<meta property=\"og:title\" content=\"\u25b7 Powerball AU FAQ \u25b7 Powerball Australia regler | Lottohoy\" \/>\n<meta property=\"og:description\" content=\"PowerBall AU er det st\u00f8rste lotteri fra Australien. Nedenfor finder du alle oplysninger om dette spil: regler, pr\u00e6mier, jackpots og nogle tricks til at vinde mere.\" \/>\n<meta property=\"og:url\" content=\"https:\/\/lottohoy.com\/da\/faq-om-online-lotteri\/powerball-au-faq\/\" \/>\n<meta property=\"og:site_name\" content=\"Lottohoy\" \/>\n<meta name=\"twitter:card\" content=\"summary_large_image\" \/>\n<meta name=\"twitter:label1\" content=\"Estimeret l\u00e6setid\" \/>\n\t<meta name=\"twitter:data1\" content=\"2 minutter\" \/>\n<script type=\"application\/ld+json\" class=\"yoast-schema-graph\">{\"@context\":\"https:\/\/schema.org\",\"@graph\":[{\"@type\":\"WebPage\",\"@id\":\"https:\/\/lottohoy.com\/da\/faq-om-online-lotteri\/powerball-au-faq\/\",\"url\":\"https:\/\/lottohoy.com\/da\/faq-om-online-lotteri\/powerball-au-faq\/\",\"name\":\"\u25b7 Powerball AU FAQ \u25b7 Powerball Australia regler | Lottohoy\",\"isPartOf\":{\"@id\":\"https:\/\/lottohoy.com\/da\/#website\"},\"datePublished\":\"2018-08-21T09:29:37+00:00\",\"dateModified\":\"2018-08-21T09:29:37+00:00\",\"description\":\"PowerBall AU er det st\u00f8rste lotteri fra Australien. Nedenfor finder du alle oplysninger om dette spil: regler, pr\u00e6mier, jackpots og nogle tricks til at vinde mere.\",\"breadcrumb\":{\"@id\":\"https:\/\/lottohoy.com\/da\/faq-om-online-lotteri\/powerball-au-faq\/#breadcrumb\"},\"inLanguage\":\"da-DK\",\"potentialAction\":[{\"@type\":\"ReadAction\",\"target\":[\"https:\/\/lottohoy.com\/da\/faq-om-online-lotteri\/powerball-au-faq\/\"]}]},{\"@type\":\"BreadcrumbList\",\"@id\":\"https:\/\/lottohoy.com\/da\/faq-om-online-lotteri\/powerball-au-faq\/#breadcrumb\",\"itemListElement\":[{\"@type\":\"ListItem\",\"position\":1,\"name\":\"Home\",\"item\":\"https:\/\/lottohoy.com\/da\/\"},{\"@type\":\"ListItem\",\"position\":2,\"name\":\"FAQ om online-lotteri\",\"item\":\"https:\/\/lottohoy.com\/da\/faq-om-online-lotteri\/\"},{\"@type\":\"ListItem\",\"position\":3,\"name\":\"Powerball AU FAQ\"}]},{\"@type\":\"WebSite\",\"@id\":\"https:\/\/lottohoy.com\/da\/#website\",\"url\":\"https:\/\/lottohoy.com\/da\/\",\"name\":\"Lottohoy\",\"description\":\"\",\"potentialAction\":[{\"@type\":\"SearchAction\",\"target\":{\"@type\":\"EntryPoint\",\"urlTemplate\":\"https:\/\/lottohoy.com\/da\/?s={search_term_string}\"},\"query-input\":{\"@type\":\"PropertyValueSpecification\",\"valueRequired\":true,\"valueName\":\"search_term_string\"}}],\"inLanguage\":\"da-DK\"}]}<\/script>\n<!-- \/ Yoast SEO plugin. -->","yoast_head_json":{"title":"\u25b7 Powerball AU FAQ \u25b7 Powerball Australia regler | Lottohoy","description":"PowerBall AU er det st\u00f8rste lotteri fra Australien. Nedenfor finder du alle oplysninger om dette spil: regler, pr\u00e6mier, jackpots og nogle tricks til at vinde mere.","robots":{"index":"index","follow":"follow","max-snippet":"max-snippet:-1","max-image-preview":"max-image-preview:large","max-video-preview":"max-video-preview:-1"},"canonical":"https:\/\/lottohoy.com\/da\/faq-om-online-lotteri\/powerball-au-faq\/","og_locale":"da_DK","og_type":"article","og_title":"\u25b7 Powerball AU FAQ \u25b7 Powerball Australia regler | Lottohoy","og_description":"PowerBall AU er det st\u00f8rste lotteri fra Australien. Nedenfor finder du alle oplysninger om dette spil: regler, pr\u00e6mier, jackpots og nogle tricks til at vinde mere.","og_url":"https:\/\/lottohoy.com\/da\/faq-om-online-lotteri\/powerball-au-faq\/","og_site_name":"Lottohoy","twitter_card":"summary_large_image","twitter_misc":{"Estimeret l\u00e6setid":"2 minutter"},"schema":{"@context":"https:\/\/schema.org","@graph":[{"@type":"WebPage","@id":"https:\/\/lottohoy.com\/da\/faq-om-online-lotteri\/powerball-au-faq\/","url":"https:\/\/lottohoy.com\/da\/faq-om-online-lotteri\/powerball-au-faq\/","name":"\u25b7 Powerball AU FAQ \u25b7 Powerball Australia regler | Lottohoy","isPartOf":{"@id":"https:\/\/lottohoy.com\/da\/#website"},"datePublished":"2018-08-21T09:29:37+00:00","dateModified":"2018-08-21T09:29:37+00:00","description":"PowerBall AU er det st\u00f8rste lotteri fra Australien. Nedenfor finder du alle oplysninger om dette spil: regler, pr\u00e6mier, jackpots og nogle tricks til at vinde mere.","breadcrumb":{"@id":"https:\/\/lottohoy.com\/da\/faq-om-online-lotteri\/powerball-au-faq\/#breadcrumb"},"inLanguage":"da-DK","potentialAction":[{"@type":"ReadAction","target":["https:\/\/lottohoy.com\/da\/faq-om-online-lotteri\/powerball-au-faq\/"]}]},{"@type":"BreadcrumbList","@id":"https:\/\/lottohoy.com\/da\/faq-om-online-lotteri\/powerball-au-faq\/#breadcrumb","itemListElement":[{"@type":"ListItem","position":1,"name":"Home","item":"https:\/\/lottohoy.com\/da\/"},{"@type":"ListItem","position":2,"name":"FAQ om online-lotteri","item":"https:\/\/lottohoy.com\/da\/faq-om-online-lotteri\/"},{"@type":"ListItem","position":3,"name":"Powerball AU FAQ"}]},{"@type":"WebSite","@id":"https:\/\/lottohoy.com\/da\/#website","url":"https:\/\/lottohoy.com\/da\/","name":"Lottohoy","description":"","potentialAction":[{"@type":"SearchAction","target":{"@type":"EntryPoint","urlTemplate":"https:\/\/lottohoy.com\/da\/?s={search_term_string}"},"query-input":{"@type":"PropertyValueSpecification","valueRequired":true,"valueName":"search_term_string"}}],"inLanguage":"da-DK"}]}},"_links":{"self":[{"href":"https:\/\/lottohoy.com\/da\/wp-json\/wp\/v2\/pages\/16874","targetHints":{"allow":["GET"]}}],"collection":[{"href":"https:\/\/lottohoy.com\/da\/wp-json\/wp\/v2\/pages"}],"about":[{"href":"https:\/\/lottohoy.com\/da\/wp-json\/wp\/v2\/types\/page"}],"author":[{"embeddable":true,"href":"https:\/\/lottohoy.com\/da\/wp-json\/wp\/v2\/users\/2"}],"replies":[{"embeddable":true,"href":"https:\/\/lottohoy.com\/da\/wp-json\/wp\/v2\/comments?post=16874"}],"version-history":[{"count":0,"href":"https:\/\/lottohoy.com\/da\/wp-json\/wp\/v2\/pages\/16874\/revisions"}],"up":[{"embeddable":true,"href":"https:\/\/lottohoy.com\/da\/wp-json\/wp\/v2\/pages\/16746"}],"wp:attachment":[{"href":"https:\/\/lottohoy.com\/da\/wp-json\/wp\/v2\/media?parent=16874"}],"curies":[{"name":"wp","href":"https:\/\/api.w.org\/{rel}","templated":true}]}}