{"id":16869,"date":"2020-08-10T16:00:00","date_gmt":"2020-08-10T15:00:00","guid":{"rendered":"https:\/\/lottohoy.com\/faq-om-online-lotteri\/information-om-mega-sena\/"},"modified":"2020-08-10T16:00:00","modified_gmt":"2020-08-10T15:00:00","slug":"information-om-mega-sena","status":"publish","type":"page","link":"https:\/\/lottohoy.com\/da\/faq-om-online-lotteri\/information-om-mega-sena\/","title":{"rendered":"Information om Mega Sena"},"content":{"rendered":"<h2>Hvad er Mega Sena?<\/h2>\n<p>Dette lotteri blev oprettet i marts 1996 og drives gennem den f\u00f8derale bank Caixa Economica, en finansiel institution, der afh\u00e6nger af den brasilianske f\u00f8derale regering som et offentligt selskab, med 100% af kapitalen<\/p>\n<p>Dette lotteri, som er det st\u00f8rste i hele Sydamerika, har en garanteret minimumspr\u00e6mie p\u00e5 R$ 2.000.000 til f\u00f8rsteklasses vindere (6 rigtige).<\/p>\n<p>Hvis der ikke er nogen vinder i den f\u00f8rste kategori, vil bel\u00f8bet blive akkumuleret p\u00e5 ubestemt tid til de f\u00f8lgende tr\u00e6kninger, indtil der er vindere.<\/p>\n<h2>Hvordan spiller man Mega Sena?<\/h2>\n<p>For at spille Mega Sena online skal spilleren oprette sin prognose ved at v\u00e6lge 6 tal mellem 1 og 60 og kan g\u00f8re det p\u00e5 den traditionelle m\u00e5de, dvs. ved at markere de seks felter manuelt, eller ved at lade systemet selv v\u00e6lge kombinationen tilf\u00e6ldigt.<\/p>\n<p>Flere v\u00e6ddem\u00e5l, som kan foretages med fysiske billetter, er ikke mulige (i hvert fald ikke i \u00f8jeblikket) p\u00e5 vores online platform.<\/p>\n<h2>Pris p\u00e5 v\u00e6ddem\u00e5lene<\/h2>\n<p>Prisen for hvert Mega Sena-v\u00e6ddem\u00e5l i LottoHoy er 2 \u20ac.<\/p>\n<h2>Mega Sena specialtr\u00e6kning i slutningen af \u00e5ret<\/h2>\n<p>Der afholdes en s\u00e6rlig lodtr\u00e6kning i slutningen af \u00e5ret, og pr\u00e6mien akkumuleres ved at indsamle 5% af indt\u00e6gterne i de normale lodtr\u00e6kninger i l\u00f8bet af \u00e5ret.<\/p>\n<p>Denne s\u00e6rlige lodtr\u00e6kning hedder Mega Sena da Virada, og der s\u00e6lges lodder mellem november og december til lodtr\u00e6kningen den 31. december.<\/p>\n<p>Fordelingen af pr\u00e6mier ligner meget de normale lodtr\u00e6kninger i hver uge, og 62% af de indsamlede pr\u00e6mier g\u00e5r til vinderne af den f\u00f8rste kategori (6 kampe), ogs\u00e5 kaldet Sena,<\/p>\n<p>Den anden kategori af pr\u00e6mier (eller Kina 5 hits) af Mega Virada, fordeler 19% af de indsamlede penge, s\u00e5vel som den tredje kategori (Quadra 4 hits)<\/p>\n<p>Hvis der ikke er nogen vindere i den f\u00f8rste kategori, akkumuleres pr\u00e6mien til de mulige vindere i den anden kategori, og hvis der ikke er nogen vindere i den f\u00f8rste og anden kategori, fordeles pr\u00e6mien blandt vinderne af 4 kampe i den tredje kategori.<\/p>\n<p>Hvis der ikke er nogen vinder i nogen af kategorierne, akkumuleres pr\u00e6miebel\u00f8bet til den n\u00e6ste lodtr\u00e6kning i deres respektive kategorier.<\/p>\n<h2>Ekstraordin\u00e6re tr\u00e6kninger af Mega Sena-lotteriet<\/h2>\n<p>Ud over den s\u00e6rlige lodtr\u00e6kning nyt\u00e5rsaften i Maga Sena da Virada er der et par andre lodtr\u00e6kninger, hvor spillerne kan pr\u00f8ve lykken.<\/p>\n<p>Lotof\u00e1cil da Independ\u00eancia, som falder sammen med landets uafh\u00e6ngighedsdato den 7. september.<\/p>\n<p>Og DuplaSena, som falder sammen med p\u00e5sken og hedder Dupla de Pascoa.<\/p>\n<h3>Kategorier af priser<\/h3>\n<p>Der er i alt 3 kategorier af pr\u00e6mier, som det kan ses i tabellen nedenfor<\/p>\n","protected":false},"excerpt":{"rendered":"<p>Hvad er Mega Sena? Dette lotteri blev oprettet i marts 1996 og drives gennem den f\u00f8derale bank Caixa Economica, en finansiel institution, der afh\u00e6nger af den brasilianske f\u00f8derale regering som et offentligt selskab, med 100% af kapitalen Dette lotteri, som er det st\u00f8rste i hele Sydamerika, har en garanteret minimumspr\u00e6mie p\u00e5 R$ 2.000.000 til f\u00f8rsteklasses [&hellip;]<\/p>\n","protected":false},"author":2,"featured_media":0,"parent":16746,"menu_order":16,"comment_status":"closed","ping_status":"closed","template":"megasena-info.php","meta":{"_et_pb_use_builder":"","_et_pb_old_content":"","_et_gb_content_width":"","exclude_from_search":false,"footnotes":""},"class_list":["post-16869","page","type-page","status-publish","hentry"],"yoast_head":"<!-- This site is optimized with the Yoast SEO plugin v23.7 - https:\/\/yoast.com\/wordpress\/plugins\/seo\/ -->\n<title>Information om Mega Sena-lotteriet - Lottohoy.com<\/title>\n<meta name=\"description\" content=\"Alle detaljer og oplysninger om Mega Sena-lotteriet, detaljer om priser, spil, og fordele ved at spille online\" \/>\n<meta name=\"robots\" content=\"index, follow, max-snippet:-1, max-image-preview:large, max-video-preview:-1\" \/>\n<link rel=\"canonical\" href=\"https:\/\/lottohoy.com\/da\/faq-om-online-lotteri\/information-om-mega-sena\/\" \/>\n<meta property=\"og:locale\" content=\"da_DK\" \/>\n<meta property=\"og:type\" content=\"article\" \/>\n<meta property=\"og:title\" content=\"Information om Mega Sena-lotteriet - Lottohoy.com\" \/>\n<meta property=\"og:description\" content=\"Alle detaljer og oplysninger om Mega Sena-lotteriet, detaljer om priser, spil, og fordele ved at spille online\" \/>\n<meta property=\"og:url\" content=\"https:\/\/lottohoy.com\/da\/faq-om-online-lotteri\/information-om-mega-sena\/\" \/>\n<meta property=\"og:site_name\" content=\"Lottohoy\" \/>\n<meta name=\"twitter:card\" content=\"summary_large_image\" \/>\n<meta name=\"twitter:label1\" content=\"Estimeret l\u00e6setid\" \/>\n\t<meta name=\"twitter:data1\" content=\"2 minutter\" \/>\n<script type=\"application\/ld+json\" class=\"yoast-schema-graph\">{\"@context\":\"https:\/\/schema.org\",\"@graph\":[{\"@type\":\"WebPage\",\"@id\":\"https:\/\/lottohoy.com\/da\/faq-om-online-lotteri\/information-om-mega-sena\/\",\"url\":\"https:\/\/lottohoy.com\/da\/faq-om-online-lotteri\/information-om-mega-sena\/\",\"name\":\"Information om Mega Sena-lotteriet - Lottohoy.com\",\"isPartOf\":{\"@id\":\"https:\/\/lottohoy.com\/da\/#website\"},\"datePublished\":\"2020-08-10T15:00:00+00:00\",\"dateModified\":\"2020-08-10T15:00:00+00:00\",\"description\":\"Alle detaljer og oplysninger om Mega Sena-lotteriet, detaljer om priser, spil, og fordele ved at spille online\",\"breadcrumb\":{\"@id\":\"https:\/\/lottohoy.com\/da\/faq-om-online-lotteri\/information-om-mega-sena\/#breadcrumb\"},\"inLanguage\":\"da-DK\",\"potentialAction\":[{\"@type\":\"ReadAction\",\"target\":[\"https:\/\/lottohoy.com\/da\/faq-om-online-lotteri\/information-om-mega-sena\/\"]}]},{\"@type\":\"BreadcrumbList\",\"@id\":\"https:\/\/lottohoy.com\/da\/faq-om-online-lotteri\/information-om-mega-sena\/#breadcrumb\",\"itemListElement\":[{\"@type\":\"ListItem\",\"position\":1,\"name\":\"Home\",\"item\":\"https:\/\/lottohoy.com\/da\/\"},{\"@type\":\"ListItem\",\"position\":2,\"name\":\"FAQ om online-lotteri\",\"item\":\"https:\/\/lottohoy.com\/da\/faq-om-online-lotteri\/\"},{\"@type\":\"ListItem\",\"position\":3,\"name\":\"Information om Mega Sena\"}]},{\"@type\":\"WebSite\",\"@id\":\"https:\/\/lottohoy.com\/da\/#website\",\"url\":\"https:\/\/lottohoy.com\/da\/\",\"name\":\"Lottohoy\",\"description\":\"\",\"potentialAction\":[{\"@type\":\"SearchAction\",\"target\":{\"@type\":\"EntryPoint\",\"urlTemplate\":\"https:\/\/lottohoy.com\/da\/?s={search_term_string}\"},\"query-input\":{\"@type\":\"PropertyValueSpecification\",\"valueRequired\":true,\"valueName\":\"search_term_string\"}}],\"inLanguage\":\"da-DK\"}]}<\/script>\n<!-- \/ Yoast SEO plugin. -->","yoast_head_json":{"title":"Information om Mega Sena-lotteriet - Lottohoy.com","description":"Alle detaljer og oplysninger om Mega Sena-lotteriet, detaljer om priser, spil, og fordele ved at spille online","robots":{"index":"index","follow":"follow","max-snippet":"max-snippet:-1","max-image-preview":"max-image-preview:large","max-video-preview":"max-video-preview:-1"},"canonical":"https:\/\/lottohoy.com\/da\/faq-om-online-lotteri\/information-om-mega-sena\/","og_locale":"da_DK","og_type":"article","og_title":"Information om Mega Sena-lotteriet - Lottohoy.com","og_description":"Alle detaljer og oplysninger om Mega Sena-lotteriet, detaljer om priser, spil, og fordele ved at spille online","og_url":"https:\/\/lottohoy.com\/da\/faq-om-online-lotteri\/information-om-mega-sena\/","og_site_name":"Lottohoy","twitter_card":"summary_large_image","twitter_misc":{"Estimeret l\u00e6setid":"2 minutter"},"schema":{"@context":"https:\/\/schema.org","@graph":[{"@type":"WebPage","@id":"https:\/\/lottohoy.com\/da\/faq-om-online-lotteri\/information-om-mega-sena\/","url":"https:\/\/lottohoy.com\/da\/faq-om-online-lotteri\/information-om-mega-sena\/","name":"Information om Mega Sena-lotteriet - Lottohoy.com","isPartOf":{"@id":"https:\/\/lottohoy.com\/da\/#website"},"datePublished":"2020-08-10T15:00:00+00:00","dateModified":"2020-08-10T15:00:00+00:00","description":"Alle detaljer og oplysninger om Mega Sena-lotteriet, detaljer om priser, spil, og fordele ved at spille online","breadcrumb":{"@id":"https:\/\/lottohoy.com\/da\/faq-om-online-lotteri\/information-om-mega-sena\/#breadcrumb"},"inLanguage":"da-DK","potentialAction":[{"@type":"ReadAction","target":["https:\/\/lottohoy.com\/da\/faq-om-online-lotteri\/information-om-mega-sena\/"]}]},{"@type":"BreadcrumbList","@id":"https:\/\/lottohoy.com\/da\/faq-om-online-lotteri\/information-om-mega-sena\/#breadcrumb","itemListElement":[{"@type":"ListItem","position":1,"name":"Home","item":"https:\/\/lottohoy.com\/da\/"},{"@type":"ListItem","position":2,"name":"FAQ om online-lotteri","item":"https:\/\/lottohoy.com\/da\/faq-om-online-lotteri\/"},{"@type":"ListItem","position":3,"name":"Information om Mega Sena"}]},{"@type":"WebSite","@id":"https:\/\/lottohoy.com\/da\/#website","url":"https:\/\/lottohoy.com\/da\/","name":"Lottohoy","description":"","potentialAction":[{"@type":"SearchAction","target":{"@type":"EntryPoint","urlTemplate":"https:\/\/lottohoy.com\/da\/?s={search_term_string}"},"query-input":{"@type":"PropertyValueSpecification","valueRequired":true,"valueName":"search_term_string"}}],"inLanguage":"da-DK"}]}},"_links":{"self":[{"href":"https:\/\/lottohoy.com\/da\/wp-json\/wp\/v2\/pages\/16869","targetHints":{"allow":["GET"]}}],"collection":[{"href":"https:\/\/lottohoy.com\/da\/wp-json\/wp\/v2\/pages"}],"about":[{"href":"https:\/\/lottohoy.com\/da\/wp-json\/wp\/v2\/types\/page"}],"author":[{"embeddable":true,"href":"https:\/\/lottohoy.com\/da\/wp-json\/wp\/v2\/users\/2"}],"replies":[{"embeddable":true,"href":"https:\/\/lottohoy.com\/da\/wp-json\/wp\/v2\/comments?post=16869"}],"version-history":[{"count":0,"href":"https:\/\/lottohoy.com\/da\/wp-json\/wp\/v2\/pages\/16869\/revisions"}],"up":[{"embeddable":true,"href":"https:\/\/lottohoy.com\/da\/wp-json\/wp\/v2\/pages\/16746"}],"wp:attachment":[{"href":"https:\/\/lottohoy.com\/da\/wp-json\/wp\/v2\/media?parent=16869"}],"curies":[{"name":"wp","href":"https:\/\/api.w.org\/{rel}","templated":true}]}}