{"id":16860,"date":"2020-08-10T21:42:04","date_gmt":"2020-08-10T20:42:04","guid":{"rendered":"https:\/\/lottohoy.com\/faq-om-online-lotteri\/information-om-lotto-america\/"},"modified":"2020-08-10T21:42:04","modified_gmt":"2020-08-10T20:42:04","slug":"information-om-lotto-america","status":"publish","type":"page","link":"https:\/\/lottohoy.com\/da\/faq-om-online-lotteri\/information-om-lotto-america\/","title":{"rendered":"Information om Lotto America"},"content":{"rendered":"<p>Lotto America er et flerstatslotteri, der blev f\u00f8dt i 1988 og drevet af Multi-State Lottery Association med deltagelse af 7 stater i starten og udviklet gennem \u00e5rene indtil 1992 med fremkomsten af den nuv\u00e6rende Powerball. I november 2017 bliver det relanceret med sit nuv\u00e6rende system, der giver deltagerne mulighed for at vinde pr\u00e6mier i ni forskellige kategorier.<\/p>\n<h2>Regler for Lotto America<\/h2>\n<p>Lotto America er et lotteri, der er let at forst\u00e5 og spille. P\u00e5 en enkelt kupon skal spilleren v\u00e6lge 5 tal fra de 52 mulige tal i den f\u00f8rste kvadrant og 1 tal mere til stjernekuglen fra 1l 1 til 10 i det nederste felt i kolonnen.<\/p>\n<p>Derudover kan hovedtr\u00e6kket med den samme billet suppleres med All Star, som for ekstra omkostninger giver spillerne mulighed for at vinde pr\u00e6mien (undtagen f\u00f8rste kategori) ganget med 2, 3 eller 4 gange. (All Star-funktionen, ikke tilg\u00e6ngelig p\u00e5 LottoHoy p\u00e5 dette tidspunkt).<\/p>\n<p>For at spille Lotto America skal du v\u00e6re myndig (i staten Iowa er den lovlige myndighedsalder 21 \u00e5r).<\/p>\n<h2>Fordele ved at spille Lotto America online<\/h2>\n<p>Det er ikke n\u00f8dvendigt at rejse til nogen af de amerikanske stater, der er en del af dette lotteri (Delaware, Idaho, Iowa, Kansas, Maine, Minnesota, Montana, New Mexico, North Dkota, South Dakota, Oklahoma, Tennessee, West Virginia) for at deltage i deres million\u00e6rjackpots.<\/p>\n<p>Gennem vores platform har du adgang til at spille p\u00e5 lotterier fra hele verden, som det er tilf\u00e6ldet med Lotto America. Fra enhver mobil enhed, tablet eller station\u00e6r computer.<\/p>\n<p>Der er konstant information om alle tr\u00e6kninger, de jackpots, der er akkumuleret, de pr\u00e6mier, der er vundet, og mange andre ting.<\/p>\n<p>At spille Lotto America gennem en online platform som LottoHoy.com er sikkert og p\u00e5lideligt for alle ind- og udbetalingstransaktioner.<\/p>\n<p>Hvis du vinder en pr\u00e6mie, krediteres pr\u00e6miebel\u00f8bet, op til 2500 euro, automatisk p\u00e5 din brugerkonto med det samme.<\/p>\n<h2>Er pr\u00e6mier fra Lotto America skattepligtige?<\/h2>\n<p>Ja, alle pr\u00e6mier over 600 USD har en f\u00f8deral kildeskat svarende til 28% (ikke-bosiddende eller spillere fra andre lande, 30%).<\/p>\n<h2>Hvad er oddsene for at vinde Lotto America-jackpotten?<\/h2>\n<p>Oddsene for at vinde Lotto America-jackpotten er 1 til 25.989.600. Det g\u00f8r det til et af de lotterier, der har de h\u00f8jeste vinderchancer.<\/p>\n<h2>Hvad er oddsene for at vinde en pr\u00e6mie i Lotto America?<\/h2>\n<p>Oddsene for at vinde en pr\u00e6mie i en af kategorierne i standardspillet er 1 ud af 17.<\/p>\n","protected":false},"excerpt":{"rendered":"<p>Lotto America er et flerstatslotteri, der blev f\u00f8dt i 1988 og drevet af Multi-State Lottery Association med deltagelse af 7 stater i starten og udviklet gennem \u00e5rene indtil 1992 med fremkomsten af den nuv\u00e6rende Powerball. I november 2017 bliver det relanceret med sit nuv\u00e6rende system, der giver deltagerne mulighed for at vinde pr\u00e6mier i ni [&hellip;]<\/p>\n","protected":false},"author":2,"featured_media":0,"parent":16746,"menu_order":15,"comment_status":"closed","ping_status":"closed","template":"lotto-america-info.php","meta":{"_et_pb_use_builder":"","_et_pb_old_content":"","_et_gb_content_width":"","exclude_from_search":false,"footnotes":""},"class_list":["post-16860","page","type-page","status-publish","hentry"],"yoast_head":"<!-- This site is optimized with the Yoast SEO plugin v23.7 - https:\/\/yoast.com\/wordpress\/plugins\/seo\/ -->\n<title>Information om Lotto America, regler og bestemmelser - LottoHoy.com<\/title>\n<meta name=\"description\" content=\"Otte af de ni kategorier med faste pr\u00e6mier og en f\u00f8rste kategori med specialpr\u00e6mie og progressiv jackpot, Lotto America Information\" \/>\n<meta name=\"robots\" content=\"index, follow, max-snippet:-1, max-image-preview:large, max-video-preview:-1\" \/>\n<link rel=\"canonical\" href=\"https:\/\/lottohoy.com\/da\/faq-om-online-lotteri\/information-om-lotto-america\/\" \/>\n<meta property=\"og:locale\" content=\"da_DK\" \/>\n<meta property=\"og:type\" content=\"article\" \/>\n<meta property=\"og:title\" content=\"Information om Lotto America, regler og bestemmelser - LottoHoy.com\" \/>\n<meta property=\"og:description\" content=\"Otte af de ni kategorier med faste pr\u00e6mier og en f\u00f8rste kategori med specialpr\u00e6mie og progressiv jackpot, Lotto America Information\" \/>\n<meta property=\"og:url\" content=\"https:\/\/lottohoy.com\/da\/faq-om-online-lotteri\/information-om-lotto-america\/\" \/>\n<meta property=\"og:site_name\" content=\"Lottohoy\" \/>\n<meta name=\"twitter:card\" content=\"summary_large_image\" \/>\n<meta name=\"twitter:label1\" content=\"Estimeret l\u00e6setid\" \/>\n\t<meta name=\"twitter:data1\" content=\"2 minutter\" \/>\n<script type=\"application\/ld+json\" class=\"yoast-schema-graph\">{\"@context\":\"https:\/\/schema.org\",\"@graph\":[{\"@type\":\"WebPage\",\"@id\":\"https:\/\/lottohoy.com\/da\/faq-om-online-lotteri\/information-om-lotto-america\/\",\"url\":\"https:\/\/lottohoy.com\/da\/faq-om-online-lotteri\/information-om-lotto-america\/\",\"name\":\"Information om Lotto America, regler og bestemmelser - LottoHoy.com\",\"isPartOf\":{\"@id\":\"https:\/\/lottohoy.com\/da\/#website\"},\"datePublished\":\"2020-08-10T20:42:04+00:00\",\"dateModified\":\"2020-08-10T20:42:04+00:00\",\"description\":\"Otte af de ni kategorier med faste pr\u00e6mier og en f\u00f8rste kategori med specialpr\u00e6mie og progressiv jackpot, Lotto America Information\",\"breadcrumb\":{\"@id\":\"https:\/\/lottohoy.com\/da\/faq-om-online-lotteri\/information-om-lotto-america\/#breadcrumb\"},\"inLanguage\":\"da-DK\",\"potentialAction\":[{\"@type\":\"ReadAction\",\"target\":[\"https:\/\/lottohoy.com\/da\/faq-om-online-lotteri\/information-om-lotto-america\/\"]}]},{\"@type\":\"BreadcrumbList\",\"@id\":\"https:\/\/lottohoy.com\/da\/faq-om-online-lotteri\/information-om-lotto-america\/#breadcrumb\",\"itemListElement\":[{\"@type\":\"ListItem\",\"position\":1,\"name\":\"Home\",\"item\":\"https:\/\/lottohoy.com\/da\/\"},{\"@type\":\"ListItem\",\"position\":2,\"name\":\"FAQ om online-lotteri\",\"item\":\"https:\/\/lottohoy.com\/da\/faq-om-online-lotteri\/\"},{\"@type\":\"ListItem\",\"position\":3,\"name\":\"Information om Lotto America\"}]},{\"@type\":\"WebSite\",\"@id\":\"https:\/\/lottohoy.com\/da\/#website\",\"url\":\"https:\/\/lottohoy.com\/da\/\",\"name\":\"Lottohoy\",\"description\":\"\",\"potentialAction\":[{\"@type\":\"SearchAction\",\"target\":{\"@type\":\"EntryPoint\",\"urlTemplate\":\"https:\/\/lottohoy.com\/da\/?s={search_term_string}\"},\"query-input\":{\"@type\":\"PropertyValueSpecification\",\"valueRequired\":true,\"valueName\":\"search_term_string\"}}],\"inLanguage\":\"da-DK\"}]}<\/script>\n<!-- \/ Yoast SEO plugin. -->","yoast_head_json":{"title":"Information om Lotto America, regler og bestemmelser - LottoHoy.com","description":"Otte af de ni kategorier med faste pr\u00e6mier og en f\u00f8rste kategori med specialpr\u00e6mie og progressiv jackpot, Lotto America Information","robots":{"index":"index","follow":"follow","max-snippet":"max-snippet:-1","max-image-preview":"max-image-preview:large","max-video-preview":"max-video-preview:-1"},"canonical":"https:\/\/lottohoy.com\/da\/faq-om-online-lotteri\/information-om-lotto-america\/","og_locale":"da_DK","og_type":"article","og_title":"Information om Lotto America, regler og bestemmelser - LottoHoy.com","og_description":"Otte af de ni kategorier med faste pr\u00e6mier og en f\u00f8rste kategori med specialpr\u00e6mie og progressiv jackpot, Lotto America Information","og_url":"https:\/\/lottohoy.com\/da\/faq-om-online-lotteri\/information-om-lotto-america\/","og_site_name":"Lottohoy","twitter_card":"summary_large_image","twitter_misc":{"Estimeret l\u00e6setid":"2 minutter"},"schema":{"@context":"https:\/\/schema.org","@graph":[{"@type":"WebPage","@id":"https:\/\/lottohoy.com\/da\/faq-om-online-lotteri\/information-om-lotto-america\/","url":"https:\/\/lottohoy.com\/da\/faq-om-online-lotteri\/information-om-lotto-america\/","name":"Information om Lotto America, regler og bestemmelser - LottoHoy.com","isPartOf":{"@id":"https:\/\/lottohoy.com\/da\/#website"},"datePublished":"2020-08-10T20:42:04+00:00","dateModified":"2020-08-10T20:42:04+00:00","description":"Otte af de ni kategorier med faste pr\u00e6mier og en f\u00f8rste kategori med specialpr\u00e6mie og progressiv jackpot, Lotto America Information","breadcrumb":{"@id":"https:\/\/lottohoy.com\/da\/faq-om-online-lotteri\/information-om-lotto-america\/#breadcrumb"},"inLanguage":"da-DK","potentialAction":[{"@type":"ReadAction","target":["https:\/\/lottohoy.com\/da\/faq-om-online-lotteri\/information-om-lotto-america\/"]}]},{"@type":"BreadcrumbList","@id":"https:\/\/lottohoy.com\/da\/faq-om-online-lotteri\/information-om-lotto-america\/#breadcrumb","itemListElement":[{"@type":"ListItem","position":1,"name":"Home","item":"https:\/\/lottohoy.com\/da\/"},{"@type":"ListItem","position":2,"name":"FAQ om online-lotteri","item":"https:\/\/lottohoy.com\/da\/faq-om-online-lotteri\/"},{"@type":"ListItem","position":3,"name":"Information om Lotto America"}]},{"@type":"WebSite","@id":"https:\/\/lottohoy.com\/da\/#website","url":"https:\/\/lottohoy.com\/da\/","name":"Lottohoy","description":"","potentialAction":[{"@type":"SearchAction","target":{"@type":"EntryPoint","urlTemplate":"https:\/\/lottohoy.com\/da\/?s={search_term_string}"},"query-input":{"@type":"PropertyValueSpecification","valueRequired":true,"valueName":"search_term_string"}}],"inLanguage":"da-DK"}]}},"_links":{"self":[{"href":"https:\/\/lottohoy.com\/da\/wp-json\/wp\/v2\/pages\/16860","targetHints":{"allow":["GET"]}}],"collection":[{"href":"https:\/\/lottohoy.com\/da\/wp-json\/wp\/v2\/pages"}],"about":[{"href":"https:\/\/lottohoy.com\/da\/wp-json\/wp\/v2\/types\/page"}],"author":[{"embeddable":true,"href":"https:\/\/lottohoy.com\/da\/wp-json\/wp\/v2\/users\/2"}],"replies":[{"embeddable":true,"href":"https:\/\/lottohoy.com\/da\/wp-json\/wp\/v2\/comments?post=16860"}],"version-history":[{"count":0,"href":"https:\/\/lottohoy.com\/da\/wp-json\/wp\/v2\/pages\/16860\/revisions"}],"up":[{"embeddable":true,"href":"https:\/\/lottohoy.com\/da\/wp-json\/wp\/v2\/pages\/16746"}],"wp:attachment":[{"href":"https:\/\/lottohoy.com\/da\/wp-json\/wp\/v2\/media?parent=16860"}],"curies":[{"name":"wp","href":"https:\/\/api.w.org\/{rel}","templated":true}]}}