{"id":16857,"date":"2020-08-10T22:53:11","date_gmt":"2020-08-10T21:53:11","guid":{"rendered":"https:\/\/lottohoy.com\/faq-om-online-lotteri\/information-om-lotto-6aus49\/"},"modified":"2020-08-10T22:53:11","modified_gmt":"2020-08-10T21:53:11","slug":"information-om-lotto-6aus49","status":"publish","type":"page","link":"https:\/\/lottohoy.com\/da\/faq-om-online-lotteri\/information-om-lotto-6aus49\/","title":{"rendered":"Information om Lotto 6aus49"},"content":{"rendered":"<h2>Det tyske lotteri, ogs\u00e5 kendt som Lotto 6aus49<\/h2>\n<p>Det er et af de \u00e6ldste europ\u00e6iske lotterier, hvis f\u00f8rste tr\u00e6kning daterer sig tilbage til 9. oktober 1955. Dette lotteri drives i \u00f8jeblikket af Deutscher Lotto- und Totoblock, en gruppe af 16 lotterioperat\u00f8rer i Tyskland.<\/p>\n<p>Hvert af disse lotterier skiftes til at drive gruppen, og hvert tredje \u00e5r har en af dem ansvaret for at drive gruppen.<\/p>\n<p>De tyske lodtr\u00e6kninger blev oprindeligt afholdt en gang om ugen p\u00e5 l\u00f8rdage, men i 1982 blev der tilf\u00f8jet en ny ugentlig lodtr\u00e6kning, alle p\u00e5 onsdage.<\/p>\n<p>Oprindeligt var spilmatrixen 7\/38, dvs. v\u00e6lg 7 tal fra 38, der udgjorde br\u00e6ttet. I juni 1986 blev den \u00e6ndret til 6\/40, som er den nuv\u00e6rende, og i maj 2013 blev Superzahl tilf\u00f8jet, hvilket forbedrede chancerne for at vinde en pr\u00e6mie betydeligt, idet den gik fra i alt 1 ud af 54 til 1 ud af 31.<\/p>\n<h2>Fordele ved at spille Lotto 6aus49 online<\/h2>\n<p>&#8211; En af de store fordele ved at spille p\u00e5 den tyske 6aus49 er, at man kan g\u00f8re det n\u00e5r som helst p\u00e5 dagen eller natten, 24\/7, 365 dage om \u00e5ret. Blot ved at have en mobil enhed, tablet eller station\u00e6r computer, og fra hvor som helst i verden.<\/p>\n<p>&#8211; Personer, der ikke bor i Tyskland, har via onlineplatforme som LottoHoy.com en reel mulighed for at f\u00e5 adgang til dette saftige lotteri og dets store jackpots.<\/p>\n<p>&#8211; Billetten k\u00f8bes direkte hos den autoriserede forhandler, og dermed er deltagelsen reel.<\/p>\n<p>&#8211; De vundne pr\u00e6mier indtastes \u00f8jeblikkeligt, op til 2500 euro, efter offentligg\u00f8relsen af de officielle resultater.<\/p>\n<p>&#8211; Der er ogs\u00e5 en informationsbank over alle de udf\u00f8rte operationer, opbevaring af de k\u00f8bte billetter, s\u00e5 man undg\u00e5r mulige tab eller glemsomhed.<\/p>\n<p>&#8211; Rettidig information om alle b\u00e5de, n\u00e5r de akkumuleres, s\u00e5 man ikke g\u00e5r glip af muligheden for at deltage i dem.<\/p>\n<p>&#8211; En bred vifte af betalingsmetoder, indskud og udbetalinger.<\/p>\n<h2>Sandsynligheden for at vinde en pr\u00e6mie i Lotto 6aus49<\/h2>\n<p>Se tabellen nedenfor for det gennemsnitlige bel\u00f8b, der kan vindes i hver af kategorierne, plus den statistiske sandsynlighed for at vinde jackpotten eller en af de andre pr\u00e6mier i de resterende 8 kategorier.<\/p>\n","protected":false},"excerpt":{"rendered":"<p>Det tyske lotteri, ogs\u00e5 kendt som Lotto 6aus49 Det er et af de \u00e6ldste europ\u00e6iske lotterier, hvis f\u00f8rste tr\u00e6kning daterer sig tilbage til 9. oktober 1955. Dette lotteri drives i \u00f8jeblikket af Deutscher Lotto- und Totoblock, en gruppe af 16 lotterioperat\u00f8rer i Tyskland. Hvert af disse lotterier skiftes til at drive gruppen, og hvert tredje [&hellip;]<\/p>\n","protected":false},"author":2,"featured_media":0,"parent":16746,"menu_order":13,"comment_status":"closed","ping_status":"closed","template":"lotto-german-info.php","meta":{"_et_pb_use_builder":"","_et_pb_old_content":"","_et_gb_content_width":"","exclude_from_search":false,"footnotes":""},"class_list":["post-16857","page","type-page","status-publish","hentry"],"yoast_head":"<!-- This site is optimized with the Yoast SEO plugin v23.7 - https:\/\/yoast.com\/wordpress\/plugins\/seo\/ -->\n<title>Alle oplysninger fra lotto 6aus49 - LottoHoy.com<\/title>\n<meta name=\"description\" content=\"Du vil have oplysningerne om lotto 6aus49 i din h\u00e5nd, for dine lotteriindsatser studeres til enhver tid\" \/>\n<meta name=\"robots\" content=\"index, follow, max-snippet:-1, max-image-preview:large, max-video-preview:-1\" \/>\n<link rel=\"canonical\" href=\"https:\/\/lottohoy.com\/da\/faq-om-online-lotteri\/information-om-lotto-6aus49\/\" \/>\n<meta property=\"og:locale\" content=\"da_DK\" \/>\n<meta property=\"og:type\" content=\"article\" \/>\n<meta property=\"og:title\" content=\"Alle oplysninger fra lotto 6aus49 - LottoHoy.com\" \/>\n<meta property=\"og:description\" content=\"Du vil have oplysningerne om lotto 6aus49 i din h\u00e5nd, for dine lotteriindsatser studeres til enhver tid\" \/>\n<meta property=\"og:url\" content=\"https:\/\/lottohoy.com\/da\/faq-om-online-lotteri\/information-om-lotto-6aus49\/\" \/>\n<meta property=\"og:site_name\" content=\"Lottohoy\" \/>\n<meta name=\"twitter:card\" content=\"summary_large_image\" \/>\n<meta name=\"twitter:label1\" content=\"Estimeret l\u00e6setid\" \/>\n\t<meta name=\"twitter:data1\" content=\"2 minutter\" \/>\n<script type=\"application\/ld+json\" class=\"yoast-schema-graph\">{\"@context\":\"https:\/\/schema.org\",\"@graph\":[{\"@type\":\"WebPage\",\"@id\":\"https:\/\/lottohoy.com\/da\/faq-om-online-lotteri\/information-om-lotto-6aus49\/\",\"url\":\"https:\/\/lottohoy.com\/da\/faq-om-online-lotteri\/information-om-lotto-6aus49\/\",\"name\":\"Alle oplysninger fra lotto 6aus49 - LottoHoy.com\",\"isPartOf\":{\"@id\":\"https:\/\/lottohoy.com\/da\/#website\"},\"datePublished\":\"2020-08-10T21:53:11+00:00\",\"dateModified\":\"2020-08-10T21:53:11+00:00\",\"description\":\"Du vil have oplysningerne om lotto 6aus49 i din h\u00e5nd, for dine lotteriindsatser studeres til enhver tid\",\"breadcrumb\":{\"@id\":\"https:\/\/lottohoy.com\/da\/faq-om-online-lotteri\/information-om-lotto-6aus49\/#breadcrumb\"},\"inLanguage\":\"da-DK\",\"potentialAction\":[{\"@type\":\"ReadAction\",\"target\":[\"https:\/\/lottohoy.com\/da\/faq-om-online-lotteri\/information-om-lotto-6aus49\/\"]}]},{\"@type\":\"BreadcrumbList\",\"@id\":\"https:\/\/lottohoy.com\/da\/faq-om-online-lotteri\/information-om-lotto-6aus49\/#breadcrumb\",\"itemListElement\":[{\"@type\":\"ListItem\",\"position\":1,\"name\":\"Home\",\"item\":\"https:\/\/lottohoy.com\/da\/\"},{\"@type\":\"ListItem\",\"position\":2,\"name\":\"FAQ om online-lotteri\",\"item\":\"https:\/\/lottohoy.com\/da\/faq-om-online-lotteri\/\"},{\"@type\":\"ListItem\",\"position\":3,\"name\":\"Information om Lotto 6aus49\"}]},{\"@type\":\"WebSite\",\"@id\":\"https:\/\/lottohoy.com\/da\/#website\",\"url\":\"https:\/\/lottohoy.com\/da\/\",\"name\":\"Lottohoy\",\"description\":\"\",\"potentialAction\":[{\"@type\":\"SearchAction\",\"target\":{\"@type\":\"EntryPoint\",\"urlTemplate\":\"https:\/\/lottohoy.com\/da\/?s={search_term_string}\"},\"query-input\":{\"@type\":\"PropertyValueSpecification\",\"valueRequired\":true,\"valueName\":\"search_term_string\"}}],\"inLanguage\":\"da-DK\"}]}<\/script>\n<!-- \/ Yoast SEO plugin. -->","yoast_head_json":{"title":"Alle oplysninger fra lotto 6aus49 - LottoHoy.com","description":"Du vil have oplysningerne om lotto 6aus49 i din h\u00e5nd, for dine lotteriindsatser studeres til enhver tid","robots":{"index":"index","follow":"follow","max-snippet":"max-snippet:-1","max-image-preview":"max-image-preview:large","max-video-preview":"max-video-preview:-1"},"canonical":"https:\/\/lottohoy.com\/da\/faq-om-online-lotteri\/information-om-lotto-6aus49\/","og_locale":"da_DK","og_type":"article","og_title":"Alle oplysninger fra lotto 6aus49 - LottoHoy.com","og_description":"Du vil have oplysningerne om lotto 6aus49 i din h\u00e5nd, for dine lotteriindsatser studeres til enhver tid","og_url":"https:\/\/lottohoy.com\/da\/faq-om-online-lotteri\/information-om-lotto-6aus49\/","og_site_name":"Lottohoy","twitter_card":"summary_large_image","twitter_misc":{"Estimeret l\u00e6setid":"2 minutter"},"schema":{"@context":"https:\/\/schema.org","@graph":[{"@type":"WebPage","@id":"https:\/\/lottohoy.com\/da\/faq-om-online-lotteri\/information-om-lotto-6aus49\/","url":"https:\/\/lottohoy.com\/da\/faq-om-online-lotteri\/information-om-lotto-6aus49\/","name":"Alle oplysninger fra lotto 6aus49 - LottoHoy.com","isPartOf":{"@id":"https:\/\/lottohoy.com\/da\/#website"},"datePublished":"2020-08-10T21:53:11+00:00","dateModified":"2020-08-10T21:53:11+00:00","description":"Du vil have oplysningerne om lotto 6aus49 i din h\u00e5nd, for dine lotteriindsatser studeres til enhver tid","breadcrumb":{"@id":"https:\/\/lottohoy.com\/da\/faq-om-online-lotteri\/information-om-lotto-6aus49\/#breadcrumb"},"inLanguage":"da-DK","potentialAction":[{"@type":"ReadAction","target":["https:\/\/lottohoy.com\/da\/faq-om-online-lotteri\/information-om-lotto-6aus49\/"]}]},{"@type":"BreadcrumbList","@id":"https:\/\/lottohoy.com\/da\/faq-om-online-lotteri\/information-om-lotto-6aus49\/#breadcrumb","itemListElement":[{"@type":"ListItem","position":1,"name":"Home","item":"https:\/\/lottohoy.com\/da\/"},{"@type":"ListItem","position":2,"name":"FAQ om online-lotteri","item":"https:\/\/lottohoy.com\/da\/faq-om-online-lotteri\/"},{"@type":"ListItem","position":3,"name":"Information om Lotto 6aus49"}]},{"@type":"WebSite","@id":"https:\/\/lottohoy.com\/da\/#website","url":"https:\/\/lottohoy.com\/da\/","name":"Lottohoy","description":"","potentialAction":[{"@type":"SearchAction","target":{"@type":"EntryPoint","urlTemplate":"https:\/\/lottohoy.com\/da\/?s={search_term_string}"},"query-input":{"@type":"PropertyValueSpecification","valueRequired":true,"valueName":"search_term_string"}}],"inLanguage":"da-DK"}]}},"_links":{"self":[{"href":"https:\/\/lottohoy.com\/da\/wp-json\/wp\/v2\/pages\/16857","targetHints":{"allow":["GET"]}}],"collection":[{"href":"https:\/\/lottohoy.com\/da\/wp-json\/wp\/v2\/pages"}],"about":[{"href":"https:\/\/lottohoy.com\/da\/wp-json\/wp\/v2\/types\/page"}],"author":[{"embeddable":true,"href":"https:\/\/lottohoy.com\/da\/wp-json\/wp\/v2\/users\/2"}],"replies":[{"embeddable":true,"href":"https:\/\/lottohoy.com\/da\/wp-json\/wp\/v2\/comments?post=16857"}],"version-history":[{"count":0,"href":"https:\/\/lottohoy.com\/da\/wp-json\/wp\/v2\/pages\/16857\/revisions"}],"up":[{"embeddable":true,"href":"https:\/\/lottohoy.com\/da\/wp-json\/wp\/v2\/pages\/16746"}],"wp:attachment":[{"href":"https:\/\/lottohoy.com\/da\/wp-json\/wp\/v2\/media?parent=16857"}],"curies":[{"name":"wp","href":"https:\/\/api.w.org\/{rel}","templated":true}]}}