{"id":16848,"date":"2019-03-22T16:10:01","date_gmt":"2019-03-22T16:10:01","guid":{"rendered":"https:\/\/lottohoy.com\/faq-om-online-lotteri\/ofte-stillede-spoergsmaal-om-fransk-lotto\/"},"modified":"2019-03-22T16:10:01","modified_gmt":"2019-03-22T16:10:01","slug":"ofte-stillede-spoergsmaal-om-fransk-lotto","status":"publish","type":"page","link":"https:\/\/lottohoy.com\/da\/faq-om-online-lotteri\/ofte-stillede-spoergsmaal-om-fransk-lotto\/","title":{"rendered":"Ofte stillede sp\u00f8rgsm\u00e5l om fransk lotto"},"content":{"rendered":"<h2><b>Hvad er det franske lotto?<\/b><\/h2>\n<p>Dette lotteri blev oprettet i 1976 og drives af den franske regering. Siden 2018 er 50% af det dog blevet offentliggjort med det form\u00e5l at g\u00f8re det mere konkurrencedygtigt.<\/p>\n<p>Den garanterede minimumsjackpot for topvindere (5 + 1) er \u20ac 2.000.000. Dette bel\u00f8b \u00f8ges med \u20ac 1.000.000, hvis der ikke er nogen vindere, hvilket giver en jackpot, der kan akkumuleres i maksimalt 34 tr\u00e6kninger.<\/p>\n<p>Hvis der ikke er nogen efterf\u00f8lger efter disse 34 efterf\u00f8lgende tr\u00e6kninger, vil det akkumulerede bel\u00f8b blive delt mellem de f\u00f8lgende kategorier i den n\u00e6ste tr\u00e6kning.<\/p>\n<h2><b>Hvordan spiller man fransk lotto?<\/b><\/h2>\n<p>For at spille <a href=\"https:\/\/lottohoy.com\/play\/lotto-fr\/\"><strong>Lottery of France<\/strong><\/a> skal spilleren konfigurere sine indsatser ved at v\u00e6lge fem tal mellem 1 og 49 og en ekstra kugle nummereret 1 til 10, begge inklusive.<\/p>\n<h2><strong>Kategorier i pr\u00e6miepuljen<\/strong><\/h2>\n<p>Der er i alt ni pr\u00e6miekategorier. Med undtagelse af den f\u00f8rste kategori (jackpotten) har resten af pr\u00e6miekategorierne et fast bel\u00f8b for hver, som vi kan se i den f\u00f8lgende tabel:<\/p>\n<p><b>Kategorier Kampe Pr\u00e6miebel\u00f8b<\/b><\/p>\n<p>1. kategori Kategori 5 + boldchance Jackpot<\/p>\n<p>2. kategori Kategori 5 \u20ac 100.000<\/p>\n<p>3. kategori Kategori 4 + chancebold 1000 \u20ac.<\/p>\n<p>4. kategori Kategori 4 500 \u20ac.<\/p>\n<p>5. kategori Kategori 3 + chancebold 50 \u20ac.<\/p>\n<p>6. kategori Kategori 3 20 \u20ac.<\/p>\n<p>7. kategori 2 Kategori 2 + tilf\u00e6ldig bold 10 \u20ac.<\/p>\n<p>8. kategori 2 5 \u20ac<\/p>\n<p>9. kategori bold chance 2,20 \u20ac.<\/p>\n<p>Derudover kommer 10 pr\u00e6mier p\u00e5 20.000 \u20ac i spil i hvert lodtr\u00e6kningsformat, s\u00e5 alle fysiske billetter kommer i spil, og vinderchancerne afh\u00e6nger af antallet af deltagere i lodtr\u00e6kningen.<\/p>\n<h2><strong>Hvor meget koster det at spille fransk Lotto?<\/strong><\/h2>\n<p>Prisen p\u00e5 hver fransk lottokupon p\u00e5 LottoHoy er \u20ac 3,50.<\/p>\n<h2><b>S\u00e6rlige tr\u00e6kninger af fransk Lotto<\/b><\/h2>\n<p>Grundl\u00e6ggende er der to specialtr\u00e6kninger: <strong>Tr\u00e6kningen<\/strong> <strong>fredag den 13<\/strong><sup><strong>.<\/strong><\/sup> og <strong>Grand Loto de No\u00ebl:<\/strong><\/p>\n<p><strong>Tr\u00e6kningenfredag den 13<\/strong><sup><strong>.<\/strong><\/sup> Hver gang den <sup>13<\/sup>. i m\u00e5neden falder p\u00e5 en fredag, afholdes der en ekstraordin\u00e6r lodtr\u00e6kning med en s\u00e6rpr\u00e6mie p\u00e5 \u20ac 13.000.000 plus 50 faste pr\u00e6mier i et lodtr\u00e6kningssystem p\u00e5 \u20ac 20.000.<\/p>\n<p>For mange er fredag den 13. overtroisk, men n\u00e5r det g\u00e6lder fransk Lotto, er den speciel &#8211; den f\u00f8rste lodtr\u00e6kning i det franske nationale lotteri blev afholdt fredag den <sup>13<\/sup>. i 1930.<\/p>\n<p><strong>Grand Loto de No\u00ebl<\/strong>. Grand Loto de No\u00ebl er en anden s\u00e6rlig lodtr\u00e6kning, der afholdes i Frankrig hver <sup>22<\/sup>. december, ligesom <strong>Christmas Gordo i Spanien<\/strong>.<\/p>\n<p>F\u00f8rstepr\u00e6mien er p\u00e5 \u20ac 20.000.000, og ud over pr\u00e6mierne i de andre otte kategorier er der en s\u00e6rlig lodtr\u00e6kning om 100 lodtr\u00e6kningskoder med en garanteret pr\u00e6mie p\u00e5 \u20ac 20.000 hver.<\/p>\n<h2><b>Odds for at vinde i den franske Lotto<\/b><\/h2>\n<p>Oddsene for at vinde f\u00f8rstepr\u00e6mien er 1 til 19.068.840, hvis man matcher de fem \u00f8verste tal plus chancekuglen.<\/p>\n<p>For at f\u00e5 en af de andre pr\u00e6mier er oddsene 1 til 5,99.<\/p>\n<p>I den f\u00f8lgende boks kan vi se alle de matematiske sandsynligheder:<\/p>\n","protected":false},"excerpt":{"rendered":"<p>Hvad er det franske lotto? Dette lotteri blev oprettet i 1976 og drives af den franske regering. Siden 2018 er 50% af det dog blevet offentliggjort med det form\u00e5l at g\u00f8re det mere konkurrencedygtigt. Den garanterede minimumsjackpot for topvindere (5 + 1) er \u20ac 2.000.000. Dette bel\u00f8b \u00f8ges med \u20ac 1.000.000, hvis der ikke er [&hellip;]<\/p>\n","protected":false},"author":2,"featured_media":0,"parent":16746,"menu_order":12,"comment_status":"closed","ping_status":"closed","template":"lotto-fr-info.php","meta":{"_et_pb_use_builder":"","_et_pb_old_content":"","_et_gb_content_width":"","exclude_from_search":false,"footnotes":""},"class_list":["post-16848","page","type-page","status-publish","hentry"],"yoast_head":"<!-- This site is optimized with the Yoast SEO plugin v23.7 - https:\/\/yoast.com\/wordpress\/plugins\/seo\/ -->\n<title>\u25b7 Alle sp\u00f8rgsm\u00e5l og svar om fransk Lotto | LottoHoy<\/title>\n<meta name=\"description\" content=\"Alle oplysninger, du har brug for at vide om det st\u00f8rste lotteri, der spilles i Frankrig. Regler, odds, pr\u00e6miekategorier og alle andre sp\u00f8rgsm\u00e5l, du m\u00e5tte have.\" \/>\n<meta name=\"robots\" content=\"index, follow, max-snippet:-1, max-image-preview:large, max-video-preview:-1\" \/>\n<link rel=\"canonical\" href=\"https:\/\/lottohoy.com\/da\/faq-om-online-lotteri\/ofte-stillede-spoergsmaal-om-fransk-lotto\/\" \/>\n<meta property=\"og:locale\" content=\"da_DK\" \/>\n<meta property=\"og:type\" content=\"article\" \/>\n<meta property=\"og:title\" content=\"\u25b7 Alle sp\u00f8rgsm\u00e5l og svar om fransk Lotto | LottoHoy\" \/>\n<meta property=\"og:description\" content=\"Alle oplysninger, du har brug for at vide om det st\u00f8rste lotteri, der spilles i Frankrig. Regler, odds, pr\u00e6miekategorier og alle andre sp\u00f8rgsm\u00e5l, du m\u00e5tte have.\" \/>\n<meta property=\"og:url\" content=\"https:\/\/lottohoy.com\/da\/faq-om-online-lotteri\/ofte-stillede-spoergsmaal-om-fransk-lotto\/\" \/>\n<meta property=\"og:site_name\" content=\"Lottohoy\" \/>\n<meta name=\"twitter:card\" content=\"summary_large_image\" \/>\n<meta name=\"twitter:label1\" content=\"Estimeret l\u00e6setid\" \/>\n\t<meta name=\"twitter:data1\" content=\"2 minutter\" \/>\n<script type=\"application\/ld+json\" class=\"yoast-schema-graph\">{\"@context\":\"https:\/\/schema.org\",\"@graph\":[{\"@type\":\"WebPage\",\"@id\":\"https:\/\/lottohoy.com\/da\/faq-om-online-lotteri\/ofte-stillede-spoergsmaal-om-fransk-lotto\/\",\"url\":\"https:\/\/lottohoy.com\/da\/faq-om-online-lotteri\/ofte-stillede-spoergsmaal-om-fransk-lotto\/\",\"name\":\"\u25b7 Alle sp\u00f8rgsm\u00e5l og svar om fransk Lotto | LottoHoy\",\"isPartOf\":{\"@id\":\"https:\/\/lottohoy.com\/da\/#website\"},\"datePublished\":\"2019-03-22T16:10:01+00:00\",\"dateModified\":\"2019-03-22T16:10:01+00:00\",\"description\":\"Alle oplysninger, du har brug for at vide om det st\u00f8rste lotteri, der spilles i Frankrig. Regler, odds, pr\u00e6miekategorier og alle andre sp\u00f8rgsm\u00e5l, du m\u00e5tte have.\",\"breadcrumb\":{\"@id\":\"https:\/\/lottohoy.com\/da\/faq-om-online-lotteri\/ofte-stillede-spoergsmaal-om-fransk-lotto\/#breadcrumb\"},\"inLanguage\":\"da-DK\",\"potentialAction\":[{\"@type\":\"ReadAction\",\"target\":[\"https:\/\/lottohoy.com\/da\/faq-om-online-lotteri\/ofte-stillede-spoergsmaal-om-fransk-lotto\/\"]}]},{\"@type\":\"BreadcrumbList\",\"@id\":\"https:\/\/lottohoy.com\/da\/faq-om-online-lotteri\/ofte-stillede-spoergsmaal-om-fransk-lotto\/#breadcrumb\",\"itemListElement\":[{\"@type\":\"ListItem\",\"position\":1,\"name\":\"Home\",\"item\":\"https:\/\/lottohoy.com\/da\/\"},{\"@type\":\"ListItem\",\"position\":2,\"name\":\"FAQ om online-lotteri\",\"item\":\"https:\/\/lottohoy.com\/da\/faq-om-online-lotteri\/\"},{\"@type\":\"ListItem\",\"position\":3,\"name\":\"Ofte stillede sp\u00f8rgsm\u00e5l om fransk lotto\"}]},{\"@type\":\"WebSite\",\"@id\":\"https:\/\/lottohoy.com\/da\/#website\",\"url\":\"https:\/\/lottohoy.com\/da\/\",\"name\":\"Lottohoy\",\"description\":\"\",\"potentialAction\":[{\"@type\":\"SearchAction\",\"target\":{\"@type\":\"EntryPoint\",\"urlTemplate\":\"https:\/\/lottohoy.com\/da\/?s={search_term_string}\"},\"query-input\":{\"@type\":\"PropertyValueSpecification\",\"valueRequired\":true,\"valueName\":\"search_term_string\"}}],\"inLanguage\":\"da-DK\"}]}<\/script>\n<!-- \/ Yoast SEO plugin. -->","yoast_head_json":{"title":"\u25b7 Alle sp\u00f8rgsm\u00e5l og svar om fransk Lotto | LottoHoy","description":"Alle oplysninger, du har brug for at vide om det st\u00f8rste lotteri, der spilles i Frankrig. Regler, odds, pr\u00e6miekategorier og alle andre sp\u00f8rgsm\u00e5l, du m\u00e5tte have.","robots":{"index":"index","follow":"follow","max-snippet":"max-snippet:-1","max-image-preview":"max-image-preview:large","max-video-preview":"max-video-preview:-1"},"canonical":"https:\/\/lottohoy.com\/da\/faq-om-online-lotteri\/ofte-stillede-spoergsmaal-om-fransk-lotto\/","og_locale":"da_DK","og_type":"article","og_title":"\u25b7 Alle sp\u00f8rgsm\u00e5l og svar om fransk Lotto | LottoHoy","og_description":"Alle oplysninger, du har brug for at vide om det st\u00f8rste lotteri, der spilles i Frankrig. Regler, odds, pr\u00e6miekategorier og alle andre sp\u00f8rgsm\u00e5l, du m\u00e5tte have.","og_url":"https:\/\/lottohoy.com\/da\/faq-om-online-lotteri\/ofte-stillede-spoergsmaal-om-fransk-lotto\/","og_site_name":"Lottohoy","twitter_card":"summary_large_image","twitter_misc":{"Estimeret l\u00e6setid":"2 minutter"},"schema":{"@context":"https:\/\/schema.org","@graph":[{"@type":"WebPage","@id":"https:\/\/lottohoy.com\/da\/faq-om-online-lotteri\/ofte-stillede-spoergsmaal-om-fransk-lotto\/","url":"https:\/\/lottohoy.com\/da\/faq-om-online-lotteri\/ofte-stillede-spoergsmaal-om-fransk-lotto\/","name":"\u25b7 Alle sp\u00f8rgsm\u00e5l og svar om fransk Lotto | LottoHoy","isPartOf":{"@id":"https:\/\/lottohoy.com\/da\/#website"},"datePublished":"2019-03-22T16:10:01+00:00","dateModified":"2019-03-22T16:10:01+00:00","description":"Alle oplysninger, du har brug for at vide om det st\u00f8rste lotteri, der spilles i Frankrig. Regler, odds, pr\u00e6miekategorier og alle andre sp\u00f8rgsm\u00e5l, du m\u00e5tte have.","breadcrumb":{"@id":"https:\/\/lottohoy.com\/da\/faq-om-online-lotteri\/ofte-stillede-spoergsmaal-om-fransk-lotto\/#breadcrumb"},"inLanguage":"da-DK","potentialAction":[{"@type":"ReadAction","target":["https:\/\/lottohoy.com\/da\/faq-om-online-lotteri\/ofte-stillede-spoergsmaal-om-fransk-lotto\/"]}]},{"@type":"BreadcrumbList","@id":"https:\/\/lottohoy.com\/da\/faq-om-online-lotteri\/ofte-stillede-spoergsmaal-om-fransk-lotto\/#breadcrumb","itemListElement":[{"@type":"ListItem","position":1,"name":"Home","item":"https:\/\/lottohoy.com\/da\/"},{"@type":"ListItem","position":2,"name":"FAQ om online-lotteri","item":"https:\/\/lottohoy.com\/da\/faq-om-online-lotteri\/"},{"@type":"ListItem","position":3,"name":"Ofte stillede sp\u00f8rgsm\u00e5l om fransk lotto"}]},{"@type":"WebSite","@id":"https:\/\/lottohoy.com\/da\/#website","url":"https:\/\/lottohoy.com\/da\/","name":"Lottohoy","description":"","potentialAction":[{"@type":"SearchAction","target":{"@type":"EntryPoint","urlTemplate":"https:\/\/lottohoy.com\/da\/?s={search_term_string}"},"query-input":{"@type":"PropertyValueSpecification","valueRequired":true,"valueName":"search_term_string"}}],"inLanguage":"da-DK"}]}},"_links":{"self":[{"href":"https:\/\/lottohoy.com\/da\/wp-json\/wp\/v2\/pages\/16848","targetHints":{"allow":["GET"]}}],"collection":[{"href":"https:\/\/lottohoy.com\/da\/wp-json\/wp\/v2\/pages"}],"about":[{"href":"https:\/\/lottohoy.com\/da\/wp-json\/wp\/v2\/types\/page"}],"author":[{"embeddable":true,"href":"https:\/\/lottohoy.com\/da\/wp-json\/wp\/v2\/users\/2"}],"replies":[{"embeddable":true,"href":"https:\/\/lottohoy.com\/da\/wp-json\/wp\/v2\/comments?post=16848"}],"version-history":[{"count":0,"href":"https:\/\/lottohoy.com\/da\/wp-json\/wp\/v2\/pages\/16848\/revisions"}],"up":[{"embeddable":true,"href":"https:\/\/lottohoy.com\/da\/wp-json\/wp\/v2\/pages\/16746"}],"wp:attachment":[{"href":"https:\/\/lottohoy.com\/da\/wp-json\/wp\/v2\/media?parent=16848"}],"curies":[{"name":"wp","href":"https:\/\/api.w.org\/{rel}","templated":true}]}}