{"id":16843,"date":"2020-08-10T17:08:14","date_gmt":"2020-08-10T16:08:14","guid":{"rendered":"https:\/\/lottohoy.com\/faq-om-online-lotteri\/information-om-set-for-life-uk\/"},"modified":"2020-08-10T17:08:14","modified_gmt":"2020-08-10T16:08:14","slug":"information-om-set-for-life-uk","status":"publish","type":"page","link":"https:\/\/lottohoy.com\/da\/faq-om-online-lotteri\/information-om-set-for-life-uk\/","title":{"rendered":"Information om Set For Life (UK)"},"content":{"rendered":"<h2>The National Lottery&#8217;s Set for Life (UK)<\/h2>\n<p>P\u00e5 udkig efter en anden m\u00e5de at bel\u00f8nne National Lottery-spillere i Storbritannien blev Set for Life-spillet oprettet, ogs\u00e5 kaldet \u00bbannuities\u00ab, der som hovedattraktion etablerede betalingerne for den f\u00f8rste og anden kategori af pr\u00e6mier, s\u00e5 vinderne ville modtage en betaling hver m\u00e5ned p\u00e5 et betydeligt bel\u00f8b.<\/p>\n<p>For den f\u00f8rste kategori blev der fastsat en betaling p\u00e5 10.000 pund om m\u00e5neden i 30 \u00e5r til hver af de fire mulige vindere, og hvis der var flere vindere i den f\u00f8rste kategori, ville den maksimale pr\u00e6mie p\u00e5 80.000 pund om m\u00e5neden blive delt forholdsm\u00e6ssigt mellem vinderne i den f\u00f8rste kategori.<\/p>\n<p>I den anden kategori bestod pr\u00e6mien af en udbetaling p\u00e5 10.000 pund om m\u00e5neden i et helt \u00e5r. Der er en begr\u00e6nsning p\u00e5 op til \u00a32.000.000, der kan fordeles, hvis mere end 4 personer har succes i den kategori.<\/p>\n<p>Der kan ogs\u00e5 anmodes om en enkelt betaling. Personer, der ikke bor i Storbritannien, kan kun f\u00e5 adgang til pr\u00e6mien i form af et engangsbel\u00f8b.<\/p>\n<p>Set for Life-lodtr\u00e6kningerne afholdes hver mandag og torsdag kl. 20.00. GMT<\/p>\n<h2>Fordele ved at spille Set for Life UK online<\/h2>\n<p>&#8211; En af de store fordele ved at spille Set for Life UK er, at man kan g\u00f8re det n\u00e5r som helst p\u00e5 dagen eller natten, 24\/7, 365 dage om \u00e5ret. Blot ved at have en mobil enhed, tablet eller station\u00e6r computer, og fra hvor som helst i verden.<\/p>\n<p>&#8211; Ikke-britiske beboere har via onlineplatforme som LottoHoy.com en reel chance for at f\u00e5 adgang til dette saftige lotteri og dets store jackpots.<\/p>\n<p>&#8211; Billetten k\u00f8bes direkte fra den autoriserede virksomhed, og dermed er deltagelsen reel.<\/p>\n<p>&#8211; De vundne pr\u00e6mier indtastes \u00f8jeblikkeligt, op til 2500 euro, efter offentligg\u00f8relsen af de officielle resultater.<\/p>\n<p>&#8211; Der er ogs\u00e5 en informationsbank over alle de udf\u00f8rte operationer, opbevaring af de k\u00f8bte billetter, s\u00e5 man undg\u00e5r mulige tab eller glemsomhed.<\/p>\n<p>&#8211; Rettidig information om alle b\u00e5de, n\u00e5r de akkumuleres, s\u00e5 man ikke g\u00e5r glip af muligheden for at deltage i dem.<\/p>\n<p>&#8211; En bred vifte af betalingsmetoder, indskud og udbetalinger.<\/p>\n<h2>Pr\u00e6miemuligheder hos Set for Life (UK)<\/h2>\n<p>Chancerne for at f\u00e5 kombinationen af den f\u00f8rste kategori rigtig er ca. 1 ud af 15 millioner<\/p>\n<p>Mens chancerne for succes i den anden kategori er ca. 1 ud af 1,7 millioner.<\/p>\n<p>Der er en chance p\u00e5 1 ud af 12 for at f\u00e5 en af de pr\u00e6mier, som Set for Life tilbyder.<\/p>\n","protected":false},"excerpt":{"rendered":"<p>The National Lottery&#8217;s Set for Life (UK) P\u00e5 udkig efter en anden m\u00e5de at bel\u00f8nne National Lottery-spillere i Storbritannien blev Set for Life-spillet oprettet, ogs\u00e5 kaldet \u00bbannuities\u00ab, der som hovedattraktion etablerede betalingerne for den f\u00f8rste og anden kategori af pr\u00e6mier, s\u00e5 vinderne ville modtage en betaling hver m\u00e5ned p\u00e5 et betydeligt bel\u00f8b. For den f\u00f8rste [&hellip;]<\/p>\n","protected":false},"author":2,"featured_media":0,"parent":16746,"menu_order":11,"comment_status":"closed","ping_status":"closed","template":"set-for-life-info.php","meta":{"_et_pb_use_builder":"","_et_pb_old_content":"","_et_gb_content_width":"","exclude_from_search":false,"footnotes":""},"class_list":["post-16843","page","type-page","status-publish","hentry"],"yoast_head":"<!-- This site is optimized with the Yoast SEO plugin v23.7 - https:\/\/yoast.com\/wordpress\/plugins\/seo\/ -->\n<title>Alle oplysninger om Set for Life (UK) lotteriet - LottoHoy.com<\/title>\n<meta name=\"description\" content=\"Et anderledes lotteri. Jackpotten kan udbetales med 20.000 euro om m\u00e5neden i 30 \u00e5r. Se oplysninger om Set for Life (UK)\" \/>\n<meta name=\"robots\" content=\"index, follow, max-snippet:-1, max-image-preview:large, max-video-preview:-1\" \/>\n<link rel=\"canonical\" href=\"https:\/\/lottohoy.com\/da\/faq-om-online-lotteri\/information-om-set-for-life-uk\/\" \/>\n<meta property=\"og:locale\" content=\"da_DK\" \/>\n<meta property=\"og:type\" content=\"article\" \/>\n<meta property=\"og:title\" content=\"Alle oplysninger om Set for Life (UK) lotteriet - LottoHoy.com\" \/>\n<meta property=\"og:description\" content=\"Et anderledes lotteri. Jackpotten kan udbetales med 20.000 euro om m\u00e5neden i 30 \u00e5r. Se oplysninger om Set for Life (UK)\" \/>\n<meta property=\"og:url\" content=\"https:\/\/lottohoy.com\/da\/faq-om-online-lotteri\/information-om-set-for-life-uk\/\" \/>\n<meta property=\"og:site_name\" content=\"Lottohoy\" \/>\n<meta name=\"twitter:card\" content=\"summary_large_image\" \/>\n<meta name=\"twitter:label1\" content=\"Estimeret l\u00e6setid\" \/>\n\t<meta name=\"twitter:data1\" content=\"2 minutter\" \/>\n<script type=\"application\/ld+json\" class=\"yoast-schema-graph\">{\"@context\":\"https:\/\/schema.org\",\"@graph\":[{\"@type\":\"WebPage\",\"@id\":\"https:\/\/lottohoy.com\/da\/faq-om-online-lotteri\/information-om-set-for-life-uk\/\",\"url\":\"https:\/\/lottohoy.com\/da\/faq-om-online-lotteri\/information-om-set-for-life-uk\/\",\"name\":\"Alle oplysninger om Set for Life (UK) lotteriet - LottoHoy.com\",\"isPartOf\":{\"@id\":\"https:\/\/lottohoy.com\/da\/#website\"},\"datePublished\":\"2020-08-10T16:08:14+00:00\",\"dateModified\":\"2020-08-10T16:08:14+00:00\",\"description\":\"Et anderledes lotteri. Jackpotten kan udbetales med 20.000 euro om m\u00e5neden i 30 \u00e5r. Se oplysninger om Set for Life (UK)\",\"breadcrumb\":{\"@id\":\"https:\/\/lottohoy.com\/da\/faq-om-online-lotteri\/information-om-set-for-life-uk\/#breadcrumb\"},\"inLanguage\":\"da-DK\",\"potentialAction\":[{\"@type\":\"ReadAction\",\"target\":[\"https:\/\/lottohoy.com\/da\/faq-om-online-lotteri\/information-om-set-for-life-uk\/\"]}]},{\"@type\":\"BreadcrumbList\",\"@id\":\"https:\/\/lottohoy.com\/da\/faq-om-online-lotteri\/information-om-set-for-life-uk\/#breadcrumb\",\"itemListElement\":[{\"@type\":\"ListItem\",\"position\":1,\"name\":\"Home\",\"item\":\"https:\/\/lottohoy.com\/da\/\"},{\"@type\":\"ListItem\",\"position\":2,\"name\":\"FAQ om online-lotteri\",\"item\":\"https:\/\/lottohoy.com\/da\/faq-om-online-lotteri\/\"},{\"@type\":\"ListItem\",\"position\":3,\"name\":\"Information om Set For Life (UK)\"}]},{\"@type\":\"WebSite\",\"@id\":\"https:\/\/lottohoy.com\/da\/#website\",\"url\":\"https:\/\/lottohoy.com\/da\/\",\"name\":\"Lottohoy\",\"description\":\"\",\"potentialAction\":[{\"@type\":\"SearchAction\",\"target\":{\"@type\":\"EntryPoint\",\"urlTemplate\":\"https:\/\/lottohoy.com\/da\/?s={search_term_string}\"},\"query-input\":{\"@type\":\"PropertyValueSpecification\",\"valueRequired\":true,\"valueName\":\"search_term_string\"}}],\"inLanguage\":\"da-DK\"}]}<\/script>\n<!-- \/ Yoast SEO plugin. -->","yoast_head_json":{"title":"Alle oplysninger om Set for Life (UK) lotteriet - LottoHoy.com","description":"Et anderledes lotteri. Jackpotten kan udbetales med 20.000 euro om m\u00e5neden i 30 \u00e5r. Se oplysninger om Set for Life (UK)","robots":{"index":"index","follow":"follow","max-snippet":"max-snippet:-1","max-image-preview":"max-image-preview:large","max-video-preview":"max-video-preview:-1"},"canonical":"https:\/\/lottohoy.com\/da\/faq-om-online-lotteri\/information-om-set-for-life-uk\/","og_locale":"da_DK","og_type":"article","og_title":"Alle oplysninger om Set for Life (UK) lotteriet - LottoHoy.com","og_description":"Et anderledes lotteri. Jackpotten kan udbetales med 20.000 euro om m\u00e5neden i 30 \u00e5r. Se oplysninger om Set for Life (UK)","og_url":"https:\/\/lottohoy.com\/da\/faq-om-online-lotteri\/information-om-set-for-life-uk\/","og_site_name":"Lottohoy","twitter_card":"summary_large_image","twitter_misc":{"Estimeret l\u00e6setid":"2 minutter"},"schema":{"@context":"https:\/\/schema.org","@graph":[{"@type":"WebPage","@id":"https:\/\/lottohoy.com\/da\/faq-om-online-lotteri\/information-om-set-for-life-uk\/","url":"https:\/\/lottohoy.com\/da\/faq-om-online-lotteri\/information-om-set-for-life-uk\/","name":"Alle oplysninger om Set for Life (UK) lotteriet - LottoHoy.com","isPartOf":{"@id":"https:\/\/lottohoy.com\/da\/#website"},"datePublished":"2020-08-10T16:08:14+00:00","dateModified":"2020-08-10T16:08:14+00:00","description":"Et anderledes lotteri. Jackpotten kan udbetales med 20.000 euro om m\u00e5neden i 30 \u00e5r. Se oplysninger om Set for Life (UK)","breadcrumb":{"@id":"https:\/\/lottohoy.com\/da\/faq-om-online-lotteri\/information-om-set-for-life-uk\/#breadcrumb"},"inLanguage":"da-DK","potentialAction":[{"@type":"ReadAction","target":["https:\/\/lottohoy.com\/da\/faq-om-online-lotteri\/information-om-set-for-life-uk\/"]}]},{"@type":"BreadcrumbList","@id":"https:\/\/lottohoy.com\/da\/faq-om-online-lotteri\/information-om-set-for-life-uk\/#breadcrumb","itemListElement":[{"@type":"ListItem","position":1,"name":"Home","item":"https:\/\/lottohoy.com\/da\/"},{"@type":"ListItem","position":2,"name":"FAQ om online-lotteri","item":"https:\/\/lottohoy.com\/da\/faq-om-online-lotteri\/"},{"@type":"ListItem","position":3,"name":"Information om Set For Life (UK)"}]},{"@type":"WebSite","@id":"https:\/\/lottohoy.com\/da\/#website","url":"https:\/\/lottohoy.com\/da\/","name":"Lottohoy","description":"","potentialAction":[{"@type":"SearchAction","target":{"@type":"EntryPoint","urlTemplate":"https:\/\/lottohoy.com\/da\/?s={search_term_string}"},"query-input":{"@type":"PropertyValueSpecification","valueRequired":true,"valueName":"search_term_string"}}],"inLanguage":"da-DK"}]}},"_links":{"self":[{"href":"https:\/\/lottohoy.com\/da\/wp-json\/wp\/v2\/pages\/16843","targetHints":{"allow":["GET"]}}],"collection":[{"href":"https:\/\/lottohoy.com\/da\/wp-json\/wp\/v2\/pages"}],"about":[{"href":"https:\/\/lottohoy.com\/da\/wp-json\/wp\/v2\/types\/page"}],"author":[{"embeddable":true,"href":"https:\/\/lottohoy.com\/da\/wp-json\/wp\/v2\/users\/2"}],"replies":[{"embeddable":true,"href":"https:\/\/lottohoy.com\/da\/wp-json\/wp\/v2\/comments?post=16843"}],"version-history":[{"count":0,"href":"https:\/\/lottohoy.com\/da\/wp-json\/wp\/v2\/pages\/16843\/revisions"}],"up":[{"embeddable":true,"href":"https:\/\/lottohoy.com\/da\/wp-json\/wp\/v2\/pages\/16746"}],"wp:attachment":[{"href":"https:\/\/lottohoy.com\/da\/wp-json\/wp\/v2\/media?parent=16843"}],"curies":[{"name":"wp","href":"https:\/\/api.w.org\/{rel}","templated":true}]}}