{"id":16834,"date":"2020-08-10T17:42:35","date_gmt":"2020-08-10T16:42:35","guid":{"rendered":"https:\/\/lottohoy.com\/faq-om-online-lotteri\/information-om-thunderball\/"},"modified":"2020-08-10T17:42:35","modified_gmt":"2020-08-10T16:42:35","slug":"information-om-thunderball","status":"publish","type":"page","link":"https:\/\/lottohoy.com\/da\/faq-om-online-lotteri\/information-om-thunderball\/","title":{"rendered":"Information om Thunderball"},"content":{"rendered":"<h2>Information om Thunderball-lotteriet<\/h2>\n<p>I \u00f8jeblikket afholdes der Thunderball-tr\u00e6kninger fire gange om ugen (tirsdage, onsdage, fredage og l\u00f8rdage). Den f\u00f8rste Thunderball-lodtr\u00e6kning blev afholdt i juni 1999.<\/p>\n<p>I starten var der kun \u00e9n lodtr\u00e6kning om ugen p\u00e5 l\u00f8rdage, og senere blev onsdagslodtr\u00e6kningen inkluderet.<\/p>\n<p>Indtil maj 2010 blev kombinationen trukket mellem nummer 1 og 34, pr\u00e6mien for den f\u00f8rste kategori var \u00a3250.000, og der var ingen niende pr\u00e6miekategori, da der nu er en enkelt Thunderball-kamp.<\/p>\n<p>Efter denne dato blev fredagstr\u00e6kningen ogs\u00e5 introduceret sammen med onsdags- og l\u00f8rdagstr\u00e6kningen, mens tirsdagstr\u00e6kningen blev tilf\u00f8jet i januar 2018.<\/p>\n<p>Disse \u00e6ndringer resulterede i en stigning i hovedpr\u00e6mien til de nuv\u00e6rende 500.000 pund, mens de \u00f8vrige pr\u00e6mier n\u00e6sten blev halveret.<\/p>\n<h2>Fordele ved at spille Thunderball online<\/h2>\n<p>&#8211; En af de store fordele ved at spille Thunderball er bekvemmeligheden ved at kunne spille n\u00e5r som helst p\u00e5 dagen eller natten, 24\/7, 365 dage om \u00e5ret. Blot ved at have en mobil enhed, tablet eller station\u00e6r computer, og fra hvor som helst i verden.<\/p>\n<p>&#8211; Ikke-britiske beboere har via onlineplatforme som LottoHoy.com en reel chance for at f\u00e5 adgang til dette saftige lotteri med faste pr\u00e6mier for hver kategori, uanset det indsamlede bel\u00f8b.<\/p>\n<p>&#8211; Billetten k\u00f8bes direkte fra den autoriserede virksomhed, og dermed er deltagelsen reel.<\/p>\n<p>&#8211; De vundne pr\u00e6mier indtastes \u00f8jeblikkeligt, op til 2500 euro, efter offentligg\u00f8relsen af de officielle resultater<\/p>\n<p>&#8211; Der er ogs\u00e5 en informationsbank over alle de udf\u00f8rte operationer, opbevaring af de k\u00f8bte billetter, s\u00e5 man undg\u00e5r mulige tab eller glemsomhed.<\/p>\n<p>&#8211; Rettidig information om alle b\u00e5de, n\u00e5r de akkumuleres, s\u00e5 man ikke g\u00e5r glip af muligheden for at deltage i dem.<\/p>\n<p>&#8211; En bred vifte af betalingsmetoder, indskud og udbetalinger.<\/p>\n<h2>Sandsynligheden for at vinde en pr\u00e6mie i Thunderball<\/h2>\n<p>Se tabellen nedenfor for det gennemsnitlige bel\u00f8b, der kan vindes i hver af kategorierne, plus den statistiske sandsynlighed for at vinde jackpotten eller en af de andre pr\u00e6mier i de resterende 8 kategorier.<\/p>\n","protected":false},"excerpt":{"rendered":"<p>Information om Thunderball-lotteriet I \u00f8jeblikket afholdes der Thunderball-tr\u00e6kninger fire gange om ugen (tirsdage, onsdage, fredage og l\u00f8rdage). Den f\u00f8rste Thunderball-lodtr\u00e6kning blev afholdt i juni 1999. I starten var der kun \u00e9n lodtr\u00e6kning om ugen p\u00e5 l\u00f8rdage, og senere blev onsdagslodtr\u00e6kningen inkluderet. Indtil maj 2010 blev kombinationen trukket mellem nummer 1 og 34, pr\u00e6mien for den [&hellip;]<\/p>\n","protected":false},"author":2,"featured_media":0,"parent":16746,"menu_order":10,"comment_status":"closed","ping_status":"closed","template":"thunderball-info.php","meta":{"_et_pb_use_builder":"","_et_pb_old_content":"","_et_gb_content_width":"","exclude_from_search":false,"footnotes":""},"class_list":["post-16834","page","type-page","status-publish","hentry"],"yoast_head":"<!-- This site is optimized with the Yoast SEO plugin v23.7 - https:\/\/yoast.com\/wordpress\/plugins\/seo\/ -->\n<title>Alle oplysninger om Thunderball-lotteriet - LottoHoy.com<\/title>\n<meta name=\"description\" content=\"Faste pr\u00e6mier for hver af Thunderball-kategorierne En god mulighed for p\u00e5 forh\u00e5nd at kende de mulige gevinster.\" \/>\n<meta name=\"robots\" content=\"index, follow, max-snippet:-1, max-image-preview:large, max-video-preview:-1\" \/>\n<link rel=\"canonical\" href=\"https:\/\/lottohoy.com\/da\/faq-om-online-lotteri\/information-om-thunderball\/\" \/>\n<meta property=\"og:locale\" content=\"da_DK\" \/>\n<meta property=\"og:type\" content=\"article\" \/>\n<meta property=\"og:title\" content=\"Alle oplysninger om Thunderball-lotteriet - LottoHoy.com\" \/>\n<meta property=\"og:description\" content=\"Faste pr\u00e6mier for hver af Thunderball-kategorierne En god mulighed for p\u00e5 forh\u00e5nd at kende de mulige gevinster.\" \/>\n<meta property=\"og:url\" content=\"https:\/\/lottohoy.com\/da\/faq-om-online-lotteri\/information-om-thunderball\/\" \/>\n<meta property=\"og:site_name\" content=\"Lottohoy\" \/>\n<meta name=\"twitter:card\" content=\"summary_large_image\" \/>\n<meta name=\"twitter:label1\" content=\"Estimeret l\u00e6setid\" \/>\n\t<meta name=\"twitter:data1\" content=\"2 minutter\" \/>\n<script type=\"application\/ld+json\" class=\"yoast-schema-graph\">{\"@context\":\"https:\/\/schema.org\",\"@graph\":[{\"@type\":\"WebPage\",\"@id\":\"https:\/\/lottohoy.com\/da\/faq-om-online-lotteri\/information-om-thunderball\/\",\"url\":\"https:\/\/lottohoy.com\/da\/faq-om-online-lotteri\/information-om-thunderball\/\",\"name\":\"Alle oplysninger om Thunderball-lotteriet - LottoHoy.com\",\"isPartOf\":{\"@id\":\"https:\/\/lottohoy.com\/da\/#website\"},\"datePublished\":\"2020-08-10T16:42:35+00:00\",\"dateModified\":\"2020-08-10T16:42:35+00:00\",\"description\":\"Faste pr\u00e6mier for hver af Thunderball-kategorierne En god mulighed for p\u00e5 forh\u00e5nd at kende de mulige gevinster.\",\"breadcrumb\":{\"@id\":\"https:\/\/lottohoy.com\/da\/faq-om-online-lotteri\/information-om-thunderball\/#breadcrumb\"},\"inLanguage\":\"da-DK\",\"potentialAction\":[{\"@type\":\"ReadAction\",\"target\":[\"https:\/\/lottohoy.com\/da\/faq-om-online-lotteri\/information-om-thunderball\/\"]}]},{\"@type\":\"BreadcrumbList\",\"@id\":\"https:\/\/lottohoy.com\/da\/faq-om-online-lotteri\/information-om-thunderball\/#breadcrumb\",\"itemListElement\":[{\"@type\":\"ListItem\",\"position\":1,\"name\":\"Home\",\"item\":\"https:\/\/lottohoy.com\/da\/\"},{\"@type\":\"ListItem\",\"position\":2,\"name\":\"FAQ om online-lotteri\",\"item\":\"https:\/\/lottohoy.com\/da\/faq-om-online-lotteri\/\"},{\"@type\":\"ListItem\",\"position\":3,\"name\":\"Information om Thunderball\"}]},{\"@type\":\"WebSite\",\"@id\":\"https:\/\/lottohoy.com\/da\/#website\",\"url\":\"https:\/\/lottohoy.com\/da\/\",\"name\":\"Lottohoy\",\"description\":\"\",\"potentialAction\":[{\"@type\":\"SearchAction\",\"target\":{\"@type\":\"EntryPoint\",\"urlTemplate\":\"https:\/\/lottohoy.com\/da\/?s={search_term_string}\"},\"query-input\":{\"@type\":\"PropertyValueSpecification\",\"valueRequired\":true,\"valueName\":\"search_term_string\"}}],\"inLanguage\":\"da-DK\"}]}<\/script>\n<!-- \/ Yoast SEO plugin. -->","yoast_head_json":{"title":"Alle oplysninger om Thunderball-lotteriet - LottoHoy.com","description":"Faste pr\u00e6mier for hver af Thunderball-kategorierne En god mulighed for p\u00e5 forh\u00e5nd at kende de mulige gevinster.","robots":{"index":"index","follow":"follow","max-snippet":"max-snippet:-1","max-image-preview":"max-image-preview:large","max-video-preview":"max-video-preview:-1"},"canonical":"https:\/\/lottohoy.com\/da\/faq-om-online-lotteri\/information-om-thunderball\/","og_locale":"da_DK","og_type":"article","og_title":"Alle oplysninger om Thunderball-lotteriet - LottoHoy.com","og_description":"Faste pr\u00e6mier for hver af Thunderball-kategorierne En god mulighed for p\u00e5 forh\u00e5nd at kende de mulige gevinster.","og_url":"https:\/\/lottohoy.com\/da\/faq-om-online-lotteri\/information-om-thunderball\/","og_site_name":"Lottohoy","twitter_card":"summary_large_image","twitter_misc":{"Estimeret l\u00e6setid":"2 minutter"},"schema":{"@context":"https:\/\/schema.org","@graph":[{"@type":"WebPage","@id":"https:\/\/lottohoy.com\/da\/faq-om-online-lotteri\/information-om-thunderball\/","url":"https:\/\/lottohoy.com\/da\/faq-om-online-lotteri\/information-om-thunderball\/","name":"Alle oplysninger om Thunderball-lotteriet - LottoHoy.com","isPartOf":{"@id":"https:\/\/lottohoy.com\/da\/#website"},"datePublished":"2020-08-10T16:42:35+00:00","dateModified":"2020-08-10T16:42:35+00:00","description":"Faste pr\u00e6mier for hver af Thunderball-kategorierne En god mulighed for p\u00e5 forh\u00e5nd at kende de mulige gevinster.","breadcrumb":{"@id":"https:\/\/lottohoy.com\/da\/faq-om-online-lotteri\/information-om-thunderball\/#breadcrumb"},"inLanguage":"da-DK","potentialAction":[{"@type":"ReadAction","target":["https:\/\/lottohoy.com\/da\/faq-om-online-lotteri\/information-om-thunderball\/"]}]},{"@type":"BreadcrumbList","@id":"https:\/\/lottohoy.com\/da\/faq-om-online-lotteri\/information-om-thunderball\/#breadcrumb","itemListElement":[{"@type":"ListItem","position":1,"name":"Home","item":"https:\/\/lottohoy.com\/da\/"},{"@type":"ListItem","position":2,"name":"FAQ om online-lotteri","item":"https:\/\/lottohoy.com\/da\/faq-om-online-lotteri\/"},{"@type":"ListItem","position":3,"name":"Information om Thunderball"}]},{"@type":"WebSite","@id":"https:\/\/lottohoy.com\/da\/#website","url":"https:\/\/lottohoy.com\/da\/","name":"Lottohoy","description":"","potentialAction":[{"@type":"SearchAction","target":{"@type":"EntryPoint","urlTemplate":"https:\/\/lottohoy.com\/da\/?s={search_term_string}"},"query-input":{"@type":"PropertyValueSpecification","valueRequired":true,"valueName":"search_term_string"}}],"inLanguage":"da-DK"}]}},"_links":{"self":[{"href":"https:\/\/lottohoy.com\/da\/wp-json\/wp\/v2\/pages\/16834","targetHints":{"allow":["GET"]}}],"collection":[{"href":"https:\/\/lottohoy.com\/da\/wp-json\/wp\/v2\/pages"}],"about":[{"href":"https:\/\/lottohoy.com\/da\/wp-json\/wp\/v2\/types\/page"}],"author":[{"embeddable":true,"href":"https:\/\/lottohoy.com\/da\/wp-json\/wp\/v2\/users\/2"}],"replies":[{"embeddable":true,"href":"https:\/\/lottohoy.com\/da\/wp-json\/wp\/v2\/comments?post=16834"}],"version-history":[{"count":0,"href":"https:\/\/lottohoy.com\/da\/wp-json\/wp\/v2\/pages\/16834\/revisions"}],"up":[{"embeddable":true,"href":"https:\/\/lottohoy.com\/da\/wp-json\/wp\/v2\/pages\/16746"}],"wp:attachment":[{"href":"https:\/\/lottohoy.com\/da\/wp-json\/wp\/v2\/media?parent=16834"}],"curies":[{"name":"wp","href":"https:\/\/api.w.org\/{rel}","templated":true}]}}