{"id":16826,"date":"2018-08-21T10:17:14","date_gmt":"2018-08-21T09:17:14","guid":{"rendered":"https:\/\/lottohoy.com\/?page_id=16826"},"modified":"2025-03-25T13:07:23","modified_gmt":"2025-03-25T13:07:23","slug":"ofte-stillede-spoergsmaal-om-la-primitiva","status":"publish","type":"page","link":"https:\/\/lottohoy.com\/da\/faq-om-online-lotteri\/ofte-stillede-spoergsmaal-om-la-primitiva\/","title":{"rendered":"Ofte stillede sp\u00f8rgsm\u00e5l om La Primitiva"},"content":{"rendered":"<p>La Primitiva er et lotterispil, der g\u00e5r ud p\u00e5 at forudsige seks tal ud af 49 mulige. Spillet La Primitiva g\u00e5r tilbage til oprindelsen af det spanske lotteri i 1763.<\/p>\n<h2>Regler for La Primitiva<\/h2>\n<p>La Primitivas regler er meget enkle. Spillet best\u00e5r i at forudsige seks tal fra et bord med 49 felter, nummereret fra 1 til 49.<\/p>\n<p>Derudover kan der laves enkle eller flere v\u00e6ddem\u00e5l. I en enkelt skal der forudsiges 6 tal, og du kan spille s\u00e5 mange kolonner, som du vil. Du kan ogs\u00e5 lave flere v\u00e6ddem\u00e5l ved kun at bruge den f\u00f8rste af de forventede kolonner og markere den med 7 eller flere tal op til maksimalt 11.<\/p>\n<ul>\n<li>Et multiple bet med 7 Primitiva-numre svarer til 7 bets<\/li>\n<li>Et multiple bet med 8 Primitiva-numre svarer til 28 bets<\/li>\n<li>Et multiple bet med 9 Primitiva-numre svarer til 84 bets<\/li>\n<li>Et multispil p\u00e5 10 Primitiva-numre er lig med 210 v\u00e6ddem\u00e5l<\/li>\n<li>Et multispil p\u00e5 11 Primitiva-numre er lig med 462 v\u00e6ddem\u00e5l<\/li>\n<\/ul>\n<p>Ud over disse v\u00e6ddem\u00e5l er det ogs\u00e5 muligt at spille 5 tal p\u00e5 en officiel kupon, hvilket er et multispil, hvor det manglende tal altid automatisk er korrekt. I dette tilf\u00e6lde ville det svare til at lave 44 v\u00e6ddem\u00e5l.<\/p>\n<h2><b>Hvad er refusionsnummeret for La Primitiva?<\/b><\/h2>\n<p>La Primitiva-refusion er et nummer, der tildeles tilf\u00e6ldigt af systemet p\u00e5 tidspunktet for validering af v\u00e6ddem\u00e5let.<\/p>\n<p>Pr\u00e6mien best\u00e5r af en fast betaling svarende til bel\u00f8bet for et simpelt v\u00e6ddem\u00e5l for hver eneste af de billetter, der indeholder det nummer, der tr\u00e6kkes ud af en anden tromle, der indeholder bolde nummereret 0 til 9.<\/p>\n<h2><b>Fordele ved at spille Primitiva online<\/b><\/h2>\n<p>Nye markedstendenser g\u00f8r det lige s\u00e5 enkelt at <a href=\"https:\/\/lottohoy.com\/play\/la-primitiva\/\"><strong>spille la Primitiva<\/strong><\/a> som at navigere p\u00e5 internettet.<\/p>\n<p>Fra dit eget hjem, din arbejdsplads eller din fritid kan du med en simpel internetforbindelse f\u00e5 \u00f8jeblikkelig adgang til at spille p\u00e5 alle lotterier og selvf\u00f8lgelig ogs\u00e5 p\u00e5 Primitiva.<\/p>\n<p>Der er masser af fordele ved at spille online:<\/p>\n<ul>\n<li>Det er enkelt, hurtigt og behageligt, og man skal ikke st\u00e5 i k\u00f8.<\/li>\n<li>At have en brugerkonto p\u00e5 en online lotteriplatform betyder ogs\u00e5 konstant information om alle tr\u00e6kninger, akkumulerede jackpots og vundne pr\u00e6mier.<\/li>\n<li>Det er en sikker og p\u00e5lidelig metode til alle banktransaktioner.<\/li>\n<li>Som registreret bruger mister du aldrig en kupon, og du bliver altid straks informeret om alle udf\u00f8rte transaktioner: k\u00f8b, betalinger, opkr\u00e6vninger osv.<\/li>\n<li>N\u00e5r en registreret bruger vinder en pr\u00e6mie, bliver pr\u00e6miebel\u00f8bet automatisk sat ind p\u00e5 brugerkontoen.<\/li>\n<\/ul>\n<h2><b>La Primitiva jackpot<\/b><\/h2>\n<p>Den s\u00e6rlige kategoripr\u00e6mie, ogs\u00e5 kendt som en jackpot, starter altid med et garanteret minimum p\u00e5 \u20ac 2.000.000.<\/p>\n<p>Hvis der ikke er nogen vinder af den maksimale kategori i en lodtr\u00e6kning, akkumuleres bel\u00f8bet til den n\u00e6ste lodtr\u00e6kning i samme kategori, indtil nogen til sidst rammer den store pr\u00e6mie.<\/p>\n<p>Den f\u00f8rste jackpot, der blev udbetalt i La Primitivas historie, var p\u00e5 62 millioner pesetas (ca. 372.000 \u20ac). Den st\u00f8rste jackpot, der er udbetalt til dato, var p\u00e5 101.724.559,10 \u20ac med en enkelt vinder i Barcelona den <sup>15<\/sup>. oktober 2015.<\/p>\n<h2>La Primitiva Joker<\/h2>\n<p>\u00bbJokeren\u00ab er et valgfrit spil i forbindelse med Primitive, som har v\u00e6ret tilg\u00e6ngeligt siden 2012.<\/p>\n<p>N\u00e5r den fysiske kupon er spillet, og du ogs\u00e5 \u00f8nsker at spille jokeren, skal du blot markere det tilsvarende felt. Systemet vil automatisk og tilf\u00e6ldigt tildele La Primitiva-billetten en kombination af 7 cifre fra 0.000.000 til 9.999.999, begge inklusive. Dette nummer er unikt, s\u00e5 mere end \u00e9n vinder af den f\u00f8rste kategori er ikke mulig.<\/p>\n<h3><b>Udtr\u00e6kningen af Jokeren<\/b><\/h3>\n<p>Lodtr\u00e6kningen foretages ved at tr\u00e6kke syv kugler fra en anden tromle end den, der blev brugt til den primitive lodtr\u00e6kning. Denne tromle indeholder 10 kugler med numrene 0 til 9. Efter hver udtr\u00e6kning l\u00e6gges kuglen tilbage i tromlen, hvilket betyder, at den samme kugle kan komme ud mere end \u00e9n gang.<\/p>\n<h3><b>Joker-pr\u00e6mier<\/b><\/h3>\n<p>For at f\u00e5 en pr\u00e6mie skal tallene falde sammen i samme r\u00e6kkef\u00f8lge som dem, der blev trukket i lodtr\u00e6kningen.<\/p>\n<p>Der er seks pr\u00e6miekategorier med en fast tildeling til hver kategori.<\/p>\n<p><b>Kategorier Hitpr\u00e6mier<\/b><\/p>\n<p>1 til 7 1.000.000\u20ac<\/p>\n<p>2til 6 100.000\u20ac<\/p>\n<p>3til 5 10.000\u20ac<\/p>\n<p>4to 4 1.000\u20ac<\/p>\n<p>5-3 \u20ac 100<\/p>\n<p>6-2 10 \u20ac<\/p>\n","protected":false},"excerpt":{"rendered":"<p>La Primitiva er et lotterispil, der g\u00e5r ud p\u00e5 at forudsige seks tal ud af 49 mulige. Spillet La Primitiva g\u00e5r tilbage til oprindelsen af det spanske lotteri i 1763. Regler for La Primitiva La Primitivas regler er meget enkle. Spillet best\u00e5r i at forudsige seks tal fra et bord med 49 felter, nummereret fra [&hellip;]<\/p>\n","protected":false},"author":7,"featured_media":0,"parent":16746,"menu_order":6,"comment_status":"closed","ping_status":"closed","template":"la-primitiva-info.php","meta":{"_et_pb_use_builder":"","_et_pb_old_content":"","_et_gb_content_width":"","exclude_from_search":false,"footnotes":""},"class_list":["post-16826","page","type-page","status-publish","hentry"],"yoast_head":"<!-- This site is optimized with the Yoast SEO plugin v23.7 - https:\/\/yoast.com\/wordpress\/plugins\/seo\/ -->\n<title>La Primitiva FAQ - Online lotteriguide - Lottohoy<\/title>\n<meta name=\"description\" content=\"Reglerne for La Primitiva er meget enkle. Spillet best\u00e5r i at forudsige 6 tal p\u00e5 en tabel, der indeholder 49 firkanter nummereret fra 1 til 49.\" \/>\n<meta name=\"robots\" content=\"index, follow, max-snippet:-1, max-image-preview:large, max-video-preview:-1\" \/>\n<link rel=\"canonical\" href=\"https:\/\/lottohoy.com\/da\/faq-om-online-lotteri\/ofte-stillede-spoergsmaal-om-la-primitiva\/\" \/>\n<meta property=\"og:locale\" content=\"da_DK\" \/>\n<meta property=\"og:type\" content=\"article\" \/>\n<meta property=\"og:title\" content=\"La Primitiva FAQ - Online lotteriguide - Lottohoy\" \/>\n<meta property=\"og:description\" content=\"Reglerne for La Primitiva er meget enkle. Spillet best\u00e5r i at forudsige 6 tal p\u00e5 en tabel, der indeholder 49 firkanter nummereret fra 1 til 49.\" \/>\n<meta property=\"og:url\" content=\"https:\/\/lottohoy.com\/da\/faq-om-online-lotteri\/ofte-stillede-spoergsmaal-om-la-primitiva\/\" \/>\n<meta property=\"og:site_name\" content=\"Lottohoy\" \/>\n<meta property=\"article:modified_time\" content=\"2025-03-25T13:07:23+00:00\" \/>\n<meta name=\"twitter:card\" content=\"summary_large_image\" \/>\n<meta name=\"twitter:label1\" content=\"Estimeret l\u00e6setid\" \/>\n\t<meta name=\"twitter:data1\" content=\"3 minutter\" \/>\n<script type=\"application\/ld+json\" class=\"yoast-schema-graph\">{\"@context\":\"https:\/\/schema.org\",\"@graph\":[{\"@type\":\"WebPage\",\"@id\":\"https:\/\/lottohoy.com\/da\/faq-om-online-lotteri\/ofte-stillede-spoergsmaal-om-la-primitiva\/\",\"url\":\"https:\/\/lottohoy.com\/da\/faq-om-online-lotteri\/ofte-stillede-spoergsmaal-om-la-primitiva\/\",\"name\":\"La Primitiva FAQ - Online lotteriguide - Lottohoy\",\"isPartOf\":{\"@id\":\"https:\/\/lottohoy.com\/da\/#website\"},\"datePublished\":\"2018-08-21T09:17:14+00:00\",\"dateModified\":\"2025-03-25T13:07:23+00:00\",\"description\":\"Reglerne for La Primitiva er meget enkle. Spillet best\u00e5r i at forudsige 6 tal p\u00e5 en tabel, der indeholder 49 firkanter nummereret fra 1 til 49.\",\"breadcrumb\":{\"@id\":\"https:\/\/lottohoy.com\/da\/faq-om-online-lotteri\/ofte-stillede-spoergsmaal-om-la-primitiva\/#breadcrumb\"},\"inLanguage\":\"da-DK\",\"potentialAction\":[{\"@type\":\"ReadAction\",\"target\":[\"https:\/\/lottohoy.com\/da\/faq-om-online-lotteri\/ofte-stillede-spoergsmaal-om-la-primitiva\/\"]}]},{\"@type\":\"BreadcrumbList\",\"@id\":\"https:\/\/lottohoy.com\/da\/faq-om-online-lotteri\/ofte-stillede-spoergsmaal-om-la-primitiva\/#breadcrumb\",\"itemListElement\":[{\"@type\":\"ListItem\",\"position\":1,\"name\":\"Home\",\"item\":\"https:\/\/lottohoy.com\/da\/\"},{\"@type\":\"ListItem\",\"position\":2,\"name\":\"FAQ om online-lotteri\",\"item\":\"https:\/\/lottohoy.com\/da\/faq-om-online-lotteri\/\"},{\"@type\":\"ListItem\",\"position\":3,\"name\":\"Ofte stillede sp\u00f8rgsm\u00e5l om La Primitiva\"}]},{\"@type\":\"WebSite\",\"@id\":\"https:\/\/lottohoy.com\/da\/#website\",\"url\":\"https:\/\/lottohoy.com\/da\/\",\"name\":\"Lottohoy\",\"description\":\"\",\"potentialAction\":[{\"@type\":\"SearchAction\",\"target\":{\"@type\":\"EntryPoint\",\"urlTemplate\":\"https:\/\/lottohoy.com\/da\/?s={search_term_string}\"},\"query-input\":{\"@type\":\"PropertyValueSpecification\",\"valueRequired\":true,\"valueName\":\"search_term_string\"}}],\"inLanguage\":\"da-DK\"}]}<\/script>\n<!-- \/ Yoast SEO plugin. -->","yoast_head_json":{"title":"La Primitiva FAQ - Online lotteriguide - Lottohoy","description":"Reglerne for La Primitiva er meget enkle. Spillet best\u00e5r i at forudsige 6 tal p\u00e5 en tabel, der indeholder 49 firkanter nummereret fra 1 til 49.","robots":{"index":"index","follow":"follow","max-snippet":"max-snippet:-1","max-image-preview":"max-image-preview:large","max-video-preview":"max-video-preview:-1"},"canonical":"https:\/\/lottohoy.com\/da\/faq-om-online-lotteri\/ofte-stillede-spoergsmaal-om-la-primitiva\/","og_locale":"da_DK","og_type":"article","og_title":"La Primitiva FAQ - Online lotteriguide - Lottohoy","og_description":"Reglerne for La Primitiva er meget enkle. Spillet best\u00e5r i at forudsige 6 tal p\u00e5 en tabel, der indeholder 49 firkanter nummereret fra 1 til 49.","og_url":"https:\/\/lottohoy.com\/da\/faq-om-online-lotteri\/ofte-stillede-spoergsmaal-om-la-primitiva\/","og_site_name":"Lottohoy","article_modified_time":"2025-03-25T13:07:23+00:00","twitter_card":"summary_large_image","twitter_misc":{"Estimeret l\u00e6setid":"3 minutter"},"schema":{"@context":"https:\/\/schema.org","@graph":[{"@type":"WebPage","@id":"https:\/\/lottohoy.com\/da\/faq-om-online-lotteri\/ofte-stillede-spoergsmaal-om-la-primitiva\/","url":"https:\/\/lottohoy.com\/da\/faq-om-online-lotteri\/ofte-stillede-spoergsmaal-om-la-primitiva\/","name":"La Primitiva FAQ - Online lotteriguide - Lottohoy","isPartOf":{"@id":"https:\/\/lottohoy.com\/da\/#website"},"datePublished":"2018-08-21T09:17:14+00:00","dateModified":"2025-03-25T13:07:23+00:00","description":"Reglerne for La Primitiva er meget enkle. Spillet best\u00e5r i at forudsige 6 tal p\u00e5 en tabel, der indeholder 49 firkanter nummereret fra 1 til 49.","breadcrumb":{"@id":"https:\/\/lottohoy.com\/da\/faq-om-online-lotteri\/ofte-stillede-spoergsmaal-om-la-primitiva\/#breadcrumb"},"inLanguage":"da-DK","potentialAction":[{"@type":"ReadAction","target":["https:\/\/lottohoy.com\/da\/faq-om-online-lotteri\/ofte-stillede-spoergsmaal-om-la-primitiva\/"]}]},{"@type":"BreadcrumbList","@id":"https:\/\/lottohoy.com\/da\/faq-om-online-lotteri\/ofte-stillede-spoergsmaal-om-la-primitiva\/#breadcrumb","itemListElement":[{"@type":"ListItem","position":1,"name":"Home","item":"https:\/\/lottohoy.com\/da\/"},{"@type":"ListItem","position":2,"name":"FAQ om online-lotteri","item":"https:\/\/lottohoy.com\/da\/faq-om-online-lotteri\/"},{"@type":"ListItem","position":3,"name":"Ofte stillede sp\u00f8rgsm\u00e5l om La Primitiva"}]},{"@type":"WebSite","@id":"https:\/\/lottohoy.com\/da\/#website","url":"https:\/\/lottohoy.com\/da\/","name":"Lottohoy","description":"","potentialAction":[{"@type":"SearchAction","target":{"@type":"EntryPoint","urlTemplate":"https:\/\/lottohoy.com\/da\/?s={search_term_string}"},"query-input":{"@type":"PropertyValueSpecification","valueRequired":true,"valueName":"search_term_string"}}],"inLanguage":"da-DK"}]}},"_links":{"self":[{"href":"https:\/\/lottohoy.com\/da\/wp-json\/wp\/v2\/pages\/16826","targetHints":{"allow":["GET"]}}],"collection":[{"href":"https:\/\/lottohoy.com\/da\/wp-json\/wp\/v2\/pages"}],"about":[{"href":"https:\/\/lottohoy.com\/da\/wp-json\/wp\/v2\/types\/page"}],"author":[{"embeddable":true,"href":"https:\/\/lottohoy.com\/da\/wp-json\/wp\/v2\/users\/7"}],"replies":[{"embeddable":true,"href":"https:\/\/lottohoy.com\/da\/wp-json\/wp\/v2\/comments?post=16826"}],"version-history":[{"count":1,"href":"https:\/\/lottohoy.com\/da\/wp-json\/wp\/v2\/pages\/16826\/revisions"}],"predecessor-version":[{"id":16827,"href":"https:\/\/lottohoy.com\/da\/wp-json\/wp\/v2\/pages\/16826\/revisions\/16827"}],"up":[{"embeddable":true,"href":"https:\/\/lottohoy.com\/da\/wp-json\/wp\/v2\/pages\/16746"}],"wp:attachment":[{"href":"https:\/\/lottohoy.com\/da\/wp-json\/wp\/v2\/media?parent=16826"}],"curies":[{"name":"wp","href":"https:\/\/api.w.org\/{rel}","templated":true}]}}