{"id":16812,"date":"2019-02-13T18:30:53","date_gmt":"2019-02-13T18:30:53","guid":{"rendered":"https:\/\/lottohoy.com\/faq-om-online-lotteri\/information-om-el-gordo-de-la-primitiva\/"},"modified":"2019-02-13T18:30:53","modified_gmt":"2019-02-13T18:30:53","slug":"information-om-el-gordo-de-la-primitiva","status":"publish","type":"page","link":"https:\/\/lottohoy.com\/da\/faq-om-online-lotteri\/information-om-el-gordo-de-la-primitiva\/","title":{"rendered":"Information om El Gordo de la Primitiva"},"content":{"rendered":"<p>El Gordo de la Primitiva blev skabt af Loterias y Apuestas del Estado (LAE) i Spanien som et supplement til de to andre lottospil (Primitiva og BonoLoto).<\/p>\n<p>Den f\u00f8rste tr\u00e6kning blev afholdt den <sup>31<\/sup>. oktober 1993, og us\u00e6dvanligt nok blev der kun afholdt en enkelt m\u00e5nedlig tr\u00e6kning, nemlig den sidste s\u00f8ndag i m\u00e5neden.<\/p>\n<p>Med en startpris p\u00e5 500 pesetas (svarende til 3,00 euro i dag) fik spillerne en dobbelt chance for at deltage i spillet. Man kunne v\u00e6lge at k\u00f8be en fortrykt kupon med kombinationen af de 5 hovednumre plus refusionsnummeret. Den anden mulighed gav spilleren mulighed for at v\u00e6lge sine egne numre via en kupon i en anden farve.<\/p>\n<p>Dette system blev opretholdt indtil fire \u00e5r senere, da tr\u00e6kningerne i oktober 1997 blev ugentlige p\u00e5 en s\u00f8ndag med nogle v\u00e6sentlige \u00e6ndringer i reglerne.<\/p>\n<p>Da lodtr\u00e6kningerne er bestemt og forbeholdt vindere i f\u00f8rste kategori, er det kun muligt at f\u00e5 adgang til en kumulativ jackpot, hvis der ikke er nogen vinder i den foreg\u00e5ende lodtr\u00e6kning.<\/p>\n<p>Den <sup>31<\/sup>. januar 2005 skete der en betydelig \u00e6ndring i reglerne, som omfattede en garanteret minimumsjackpot p\u00e5 \u20ac 5.000.000 og op til otte pr\u00e6miekategorier plus tilbagebetaling. Forventningerne til at opn\u00e5 pr\u00e6mien steg betydeligt.<\/p>\n<h2><b>Hvad er El Gordo de la Primitiva?<\/b><\/h2>\n<p>El Gordo de la Primitiva er grundl\u00e6ggende et tilf\u00e6ldighedsspil, hvor spilleren skal f\u00e5 s\u00e5 mange matchende numre som muligt.<\/p>\n<p>N\u00e5r lodtr\u00e6kningen finder sted, tr\u00e6kkes der tilf\u00e6ldigt fem kugler fra en af de 54 med numre mellem 1 og 54.<\/p>\n<p>Ligeledes tr\u00e6kkes en kugle fra en anden tromle, nummereret fra 0 til 9, som best\u00e5r af n\u00f8gletallet eller refusionen.<\/p>\n<p>Spilleren kan foretage s\u00e5 mange indsatser, som de \u00f8nsker, og kan g\u00f8re det manuelt ved at v\u00e6lge deres egne numre eller ved at lade systemet v\u00e6lge en tilf\u00e6ldig kombination.<\/p>\n<h2><strong>El Gordo de la Primitiva pris<\/strong><\/h2>\n<p>Hver El Gordo-billet koster \u20ac 3, og du kan lave s\u00e5 mange v\u00e6ddem\u00e5l, som du vil.<\/p>\n<h2><b>Odds for at vinde El Gordo de la Primitiva<\/b><\/h2>\n<p>Oddsene for at vinde en pr\u00e6mie er 1 ud af 19 (matchende to hovednumre), mens oddsene for at vinde f\u00f8rstepr\u00e6mien falder til 1 ud af 31.625.100.<\/p>\n<p>Det kan virke meget fjernt, hvis vi sammenligner det med <strong>La Primitiva<\/strong>, hvor oddsene er 1 i 13.983.816, og meget lettere end Euromillions, hvor oddsene er 1 i 76.275.360.<\/p>\n<h2>El Gordo mest tildelte numre<\/h2>\n<p>De 10 hyppigst udtrukne vindertal siden den f\u00f8rste udtr\u00e6kning er i stigende r\u00e6kkef\u00f8lge: 3, 6, 18, 21, 23, 11, 34, 27, 9 og 4<\/p>\n<p>P\u00e5 den anden side er de tal, der er mest tilbageholdende med at optr\u00e6de i en lodtr\u00e6kning: 52, 50, 54, 51, 49, 46, 48, 47, 43 og 53.<\/p>\n<p>Nysgerrig, ikke? De tal, der er mindst tilb\u00f8jelige til at dukke op, ser ud til at v\u00e6re af st\u00f8rre v\u00e6rdi.<\/p>\n","protected":false},"excerpt":{"rendered":"<p>El Gordo de la Primitiva blev skabt af Loterias y Apuestas del Estado (LAE) i Spanien som et supplement til de to andre lottospil (Primitiva og BonoLoto). Den f\u00f8rste tr\u00e6kning blev afholdt den 31. oktober 1993, og us\u00e6dvanligt nok blev der kun afholdt en enkelt m\u00e5nedlig tr\u00e6kning, nemlig den sidste s\u00f8ndag i m\u00e5neden. Med en [&hellip;]<\/p>\n","protected":false},"author":2,"featured_media":0,"parent":16746,"menu_order":6,"comment_status":"closed","ping_status":"closed","template":"el-gordo-info.php","meta":{"_et_pb_use_builder":"","_et_pb_old_content":"","_et_gb_content_width":"","exclude_from_search":false,"footnotes":""},"class_list":["post-16812","page","type-page","status-publish","hentry"],"yoast_head":"<!-- This site is optimized with the Yoast SEO plugin v23.7 - https:\/\/yoast.com\/wordpress\/plugins\/seo\/ -->\n<title>Information om El Gordo de la Primitiva - Lottohoy<\/title>\n<meta name=\"description\" content=\"Alt hvad du beh\u00f8ver at vide om El Gordo de la Primitiva, et af Spaniens mest ber\u00f8mte lotterier, kan du finde i vores lotteriguide.\" \/>\n<meta name=\"robots\" content=\"index, follow, max-snippet:-1, max-image-preview:large, max-video-preview:-1\" \/>\n<link rel=\"canonical\" href=\"https:\/\/lottohoy.com\/da\/faq-om-online-lotteri\/information-om-el-gordo-de-la-primitiva\/\" \/>\n<meta property=\"og:locale\" content=\"da_DK\" \/>\n<meta property=\"og:type\" content=\"article\" \/>\n<meta property=\"og:title\" content=\"Information om El Gordo de la Primitiva - Lottohoy\" \/>\n<meta property=\"og:description\" content=\"Alt hvad du beh\u00f8ver at vide om El Gordo de la Primitiva, et af Spaniens mest ber\u00f8mte lotterier, kan du finde i vores lotteriguide.\" \/>\n<meta property=\"og:url\" content=\"https:\/\/lottohoy.com\/da\/faq-om-online-lotteri\/information-om-el-gordo-de-la-primitiva\/\" \/>\n<meta property=\"og:site_name\" content=\"Lottohoy\" \/>\n<meta name=\"twitter:card\" content=\"summary_large_image\" \/>\n<meta name=\"twitter:label1\" content=\"Estimeret l\u00e6setid\" \/>\n\t<meta name=\"twitter:data1\" content=\"2 minutter\" \/>\n<script type=\"application\/ld+json\" class=\"yoast-schema-graph\">{\"@context\":\"https:\/\/schema.org\",\"@graph\":[{\"@type\":\"WebPage\",\"@id\":\"https:\/\/lottohoy.com\/da\/faq-om-online-lotteri\/information-om-el-gordo-de-la-primitiva\/\",\"url\":\"https:\/\/lottohoy.com\/da\/faq-om-online-lotteri\/information-om-el-gordo-de-la-primitiva\/\",\"name\":\"Information om El Gordo de la Primitiva - Lottohoy\",\"isPartOf\":{\"@id\":\"https:\/\/lottohoy.com\/da\/#website\"},\"datePublished\":\"2019-02-13T18:30:53+00:00\",\"dateModified\":\"2019-02-13T18:30:53+00:00\",\"description\":\"Alt hvad du beh\u00f8ver at vide om El Gordo de la Primitiva, et af Spaniens mest ber\u00f8mte lotterier, kan du finde i vores lotteriguide.\",\"breadcrumb\":{\"@id\":\"https:\/\/lottohoy.com\/da\/faq-om-online-lotteri\/information-om-el-gordo-de-la-primitiva\/#breadcrumb\"},\"inLanguage\":\"da-DK\",\"potentialAction\":[{\"@type\":\"ReadAction\",\"target\":[\"https:\/\/lottohoy.com\/da\/faq-om-online-lotteri\/information-om-el-gordo-de-la-primitiva\/\"]}]},{\"@type\":\"BreadcrumbList\",\"@id\":\"https:\/\/lottohoy.com\/da\/faq-om-online-lotteri\/information-om-el-gordo-de-la-primitiva\/#breadcrumb\",\"itemListElement\":[{\"@type\":\"ListItem\",\"position\":1,\"name\":\"Home\",\"item\":\"https:\/\/lottohoy.com\/da\/\"},{\"@type\":\"ListItem\",\"position\":2,\"name\":\"FAQ om online-lotteri\",\"item\":\"https:\/\/lottohoy.com\/da\/faq-om-online-lotteri\/\"},{\"@type\":\"ListItem\",\"position\":3,\"name\":\"Information om El Gordo de la Primitiva\"}]},{\"@type\":\"WebSite\",\"@id\":\"https:\/\/lottohoy.com\/da\/#website\",\"url\":\"https:\/\/lottohoy.com\/da\/\",\"name\":\"Lottohoy\",\"description\":\"\",\"potentialAction\":[{\"@type\":\"SearchAction\",\"target\":{\"@type\":\"EntryPoint\",\"urlTemplate\":\"https:\/\/lottohoy.com\/da\/?s={search_term_string}\"},\"query-input\":{\"@type\":\"PropertyValueSpecification\",\"valueRequired\":true,\"valueName\":\"search_term_string\"}}],\"inLanguage\":\"da-DK\"}]}<\/script>\n<!-- \/ Yoast SEO plugin. -->","yoast_head_json":{"title":"Information om El Gordo de la Primitiva - Lottohoy","description":"Alt hvad du beh\u00f8ver at vide om El Gordo de la Primitiva, et af Spaniens mest ber\u00f8mte lotterier, kan du finde i vores lotteriguide.","robots":{"index":"index","follow":"follow","max-snippet":"max-snippet:-1","max-image-preview":"max-image-preview:large","max-video-preview":"max-video-preview:-1"},"canonical":"https:\/\/lottohoy.com\/da\/faq-om-online-lotteri\/information-om-el-gordo-de-la-primitiva\/","og_locale":"da_DK","og_type":"article","og_title":"Information om El Gordo de la Primitiva - Lottohoy","og_description":"Alt hvad du beh\u00f8ver at vide om El Gordo de la Primitiva, et af Spaniens mest ber\u00f8mte lotterier, kan du finde i vores lotteriguide.","og_url":"https:\/\/lottohoy.com\/da\/faq-om-online-lotteri\/information-om-el-gordo-de-la-primitiva\/","og_site_name":"Lottohoy","twitter_card":"summary_large_image","twitter_misc":{"Estimeret l\u00e6setid":"2 minutter"},"schema":{"@context":"https:\/\/schema.org","@graph":[{"@type":"WebPage","@id":"https:\/\/lottohoy.com\/da\/faq-om-online-lotteri\/information-om-el-gordo-de-la-primitiva\/","url":"https:\/\/lottohoy.com\/da\/faq-om-online-lotteri\/information-om-el-gordo-de-la-primitiva\/","name":"Information om El Gordo de la Primitiva - Lottohoy","isPartOf":{"@id":"https:\/\/lottohoy.com\/da\/#website"},"datePublished":"2019-02-13T18:30:53+00:00","dateModified":"2019-02-13T18:30:53+00:00","description":"Alt hvad du beh\u00f8ver at vide om El Gordo de la Primitiva, et af Spaniens mest ber\u00f8mte lotterier, kan du finde i vores lotteriguide.","breadcrumb":{"@id":"https:\/\/lottohoy.com\/da\/faq-om-online-lotteri\/information-om-el-gordo-de-la-primitiva\/#breadcrumb"},"inLanguage":"da-DK","potentialAction":[{"@type":"ReadAction","target":["https:\/\/lottohoy.com\/da\/faq-om-online-lotteri\/information-om-el-gordo-de-la-primitiva\/"]}]},{"@type":"BreadcrumbList","@id":"https:\/\/lottohoy.com\/da\/faq-om-online-lotteri\/information-om-el-gordo-de-la-primitiva\/#breadcrumb","itemListElement":[{"@type":"ListItem","position":1,"name":"Home","item":"https:\/\/lottohoy.com\/da\/"},{"@type":"ListItem","position":2,"name":"FAQ om online-lotteri","item":"https:\/\/lottohoy.com\/da\/faq-om-online-lotteri\/"},{"@type":"ListItem","position":3,"name":"Information om El Gordo de la Primitiva"}]},{"@type":"WebSite","@id":"https:\/\/lottohoy.com\/da\/#website","url":"https:\/\/lottohoy.com\/da\/","name":"Lottohoy","description":"","potentialAction":[{"@type":"SearchAction","target":{"@type":"EntryPoint","urlTemplate":"https:\/\/lottohoy.com\/da\/?s={search_term_string}"},"query-input":{"@type":"PropertyValueSpecification","valueRequired":true,"valueName":"search_term_string"}}],"inLanguage":"da-DK"}]}},"_links":{"self":[{"href":"https:\/\/lottohoy.com\/da\/wp-json\/wp\/v2\/pages\/16812","targetHints":{"allow":["GET"]}}],"collection":[{"href":"https:\/\/lottohoy.com\/da\/wp-json\/wp\/v2\/pages"}],"about":[{"href":"https:\/\/lottohoy.com\/da\/wp-json\/wp\/v2\/types\/page"}],"author":[{"embeddable":true,"href":"https:\/\/lottohoy.com\/da\/wp-json\/wp\/v2\/users\/2"}],"replies":[{"embeddable":true,"href":"https:\/\/lottohoy.com\/da\/wp-json\/wp\/v2\/comments?post=16812"}],"version-history":[{"count":0,"href":"https:\/\/lottohoy.com\/da\/wp-json\/wp\/v2\/pages\/16812\/revisions"}],"up":[{"embeddable":true,"href":"https:\/\/lottohoy.com\/da\/wp-json\/wp\/v2\/pages\/16746"}],"wp:attachment":[{"href":"https:\/\/lottohoy.com\/da\/wp-json\/wp\/v2\/media?parent=16812"}],"curies":[{"name":"wp","href":"https:\/\/api.w.org\/{rel}","templated":true}]}}