{"id":16806,"date":"2018-05-03T14:23:35","date_gmt":"2018-05-03T13:23:35","guid":{"rendered":"https:\/\/lottohoy.com\/?page_id=16806"},"modified":"2025-03-25T12:51:47","modified_gmt":"2025-03-25T12:51:47","slug":"superenalotto-faq-italiens-stoerste-lotteri","status":"publish","type":"page","link":"https:\/\/lottohoy.com\/da\/faq-om-online-lotteri\/superenalotto-faq-italiens-stoerste-lotteri\/","title":{"rendered":"SuperEnalotto lotteri FAQ"},"content":{"rendered":"<h2><strong>SuperEnalotto Italien<\/strong><\/h2>\n<p>SuperEnalotto har eksisteret siden 1997, hvor den erstattede sin forg\u00e6nger, Enalotto. I begyndelsen var udv\u00e6lgelsen af den vindende kombination ret kompleks, da den var baseret p\u00e5 udtr\u00e6kningen af den f\u00f8rste kugle fra hver af de tromler, der blev fejret i byerne Bari, Firenze, Milano, Rom, Napoli og Palermo.<\/p>\n<p>Det vil sige, at hver af disse byer lavede deres eget lotteri, og den f\u00f8rste kugle, der blev udtrukket fra hver tromle, var det, der udgjorde den vindende kombination af SuperEnalotto. Hvis en af kuglerne kom ud med det samme nummer som en anden af tromlerne, blev denne kugle erstattet af den anden, den tredje osv.<\/p>\n<p>For at fuldende hele spillet fik den f\u00f8rste kugle fra Venedig-tromlen kategorien Jolly, mens den f\u00f8rste kugle fra den nationale tromle blev valgt for at bestemme Super Star.<\/p>\n<p>Hele denne kompleksitet blev forenklet i 2009 med det nye reglement, hvor man henter kuglerne direkte fra to unikke tromler. Den ene indeholder de kugler, der bestemmer kombinationen af seks tal plus en syvende kugle til Jolly, og den anden indeholder kuglen til Super Star.<\/p>\n<h2><strong>Hvordan fungerer SuperEnalotto?<\/strong><\/h2>\n<p>SuperEnalotto er et af de mest enkle lotterier at spille. Du skal bare v\u00e6lge 6 tal fra 1 til 90 og vente p\u00e5 resultaterne.<\/p>\n<p>For at spille p\u00e5 LottoHoy skal du bare oprette en konto og g\u00e5 til siden med <a href=\"https:\/\/lottohoy.com\/play\/superenalotto\/\"><strong>Superenalotto<\/strong><\/a> for at v\u00e6lge din favoritkombination. Efter lodtr\u00e6kningen vil du modtage oplysninger om vindertallene, og dine pr\u00e6mier vil blive krediteret din brugerkonto.<\/p>\n<h2><strong>Hvorn\u00e5r tr\u00e6kkes SuperEnalotto?<\/strong><\/h2>\n<p>Der er tre Superenalotto-lodtr\u00e6kninger om ugen: Tirsdag, torsdag og l\u00f8rdag, og de finder sted kl. 20:00 CET.<\/p>\n<p>Hvis lodtr\u00e6kningsdagen er en helligdag, kan datoen blive \u00e6ndret. Dette vil blive annonceret p\u00e5 forh\u00e5nd.<\/p>\n<h2><strong>S\u00e5dan spiller du SuperEnalotto online<\/strong><\/h2>\n<p>Der er masser af fordele ved at spille superenalotto online:<\/p>\n<ul>\n<li>En af de store fordele ved at spille Superenalotto online er, at du kan g\u00f8re det p\u00e5 alle tidspunkter af d\u00f8gnet, 24\/7, 365 dage om \u00e5ret. Blot ved at have en mobil enhed, en tablet eller computer, og fra hvor som helst i verden.<\/li>\n<li>Ikke-bosiddende i Italien har gennem LottoHoy.com en reel mulighed for at f\u00e5 adgang til dette saftige lotteri og dets store jackpots.<\/li>\n<li>Billetten k\u00f8bes direkte fra den autoriserede virksomhed, og p\u00e5 den m\u00e5de er deltagelsen reel. Eller gennem forsikring.<\/li>\n<li>Modtag dine gevinster umiddelbart efter, at <a href=\"https:\/\/lottohoy.com\/results\/superenalotto\/\"><strong>Superenalotto-resultaterne<\/strong><\/a> er offentliggjort.<\/li>\n<li>Oplysninger om alle de udf\u00f8rte operationer.<\/li>\n<li>Opbevaring af de k\u00f8bte billetter, s\u00e5 man undg\u00e5r mulige tab eller forglemmelser.<\/li>\n<li>Punktlig information om alle jackpots, n\u00e5r de ruller, s\u00e5 du ikke g\u00e5r glip af muligheden for at deltage i dem.<\/li>\n<li>Et bredt udvalg af betalingsmetoder.<\/li>\n<\/ul>\n<h2><strong>Hvor meget koster SuperEnalotto?<\/strong><\/h2>\n<p>Hos LottoHoy kan du spille SuperEnalotto fra en startpris p\u00e5 \u20ac2. Dette er den bedste pris p\u00e5 internettet for at f\u00e5 en sikker og hurtig oplevelse.<\/p>\n<h2><strong>Sandsynligheden for at vinde en pr\u00e6mie i SuperEnalotto<\/strong><\/h2>\n<p>Tjek det gennemsnitlige bel\u00f8b, der kan vindes i hver af kategorierne, samt den statistiske sandsynlighed, du har for at vinde en af pr\u00e6mierne.<\/p>\n","protected":false},"excerpt":{"rendered":"<p>SuperEnalotto Italien SuperEnalotto har eksisteret siden 1997, hvor den erstattede sin forg\u00e6nger, Enalotto. I begyndelsen var udv\u00e6lgelsen af den vindende kombination ret kompleks, da den var baseret p\u00e5 udtr\u00e6kningen af den f\u00f8rste kugle fra hver af de tromler, der blev fejret i byerne Bari, Firenze, Milano, Rom, Napoli og Palermo. Det vil sige, at hver [&hellip;]<\/p>\n","protected":false},"author":7,"featured_media":0,"parent":16746,"menu_order":5,"comment_status":"closed","ping_status":"closed","template":"superenalotto-info.php","meta":{"_et_pb_use_builder":"","_et_pb_old_content":"","_et_gb_content_width":"","exclude_from_search":false,"footnotes":""},"class_list":["post-16806","page","type-page","status-publish","hentry"],"yoast_head":"<!-- This site is optimized with the Yoast SEO plugin v23.7 - https:\/\/yoast.com\/wordpress\/plugins\/seo\/ -->\n<title>\u25b7 SuperEnalotto FAQ - Italiens st\u00f8rste lotteri<\/title>\n<meta name=\"description\" content=\"SuperEnalotto er et af de bedste lotterier at spille. Du skal bare v\u00e6lge 6 tal fra 1 til 90 og vente p\u00e5 resultatet. Pr\u00f8v det online nu!\" \/>\n<meta name=\"robots\" content=\"index, follow, max-snippet:-1, max-image-preview:large, max-video-preview:-1\" \/>\n<link rel=\"canonical\" href=\"https:\/\/lottohoy.com\/da\/faq-om-online-lotteri\/superenalotto-faq-italiens-stoerste-lotteri\/\" \/>\n<meta property=\"og:locale\" content=\"da_DK\" \/>\n<meta property=\"og:type\" content=\"article\" \/>\n<meta property=\"og:title\" content=\"\u25b7 SuperEnalotto FAQ - Italiens st\u00f8rste lotteri\" \/>\n<meta property=\"og:description\" content=\"SuperEnalotto er et af de bedste lotterier at spille. Du skal bare v\u00e6lge 6 tal fra 1 til 90 og vente p\u00e5 resultatet. Pr\u00f8v det online nu!\" \/>\n<meta property=\"og:url\" content=\"https:\/\/lottohoy.com\/da\/faq-om-online-lotteri\/superenalotto-faq-italiens-stoerste-lotteri\/\" \/>\n<meta property=\"og:site_name\" content=\"Lottohoy\" \/>\n<meta property=\"article:modified_time\" content=\"2025-03-25T12:51:47+00:00\" \/>\n<meta name=\"twitter:card\" content=\"summary_large_image\" \/>\n<meta name=\"twitter:label1\" content=\"Estimeret l\u00e6setid\" \/>\n\t<meta name=\"twitter:data1\" content=\"3 minutter\" \/>\n<script type=\"application\/ld+json\" class=\"yoast-schema-graph\">{\"@context\":\"https:\/\/schema.org\",\"@graph\":[{\"@type\":\"WebPage\",\"@id\":\"https:\/\/lottohoy.com\/da\/faq-om-online-lotteri\/superenalotto-faq-italiens-stoerste-lotteri\/\",\"url\":\"https:\/\/lottohoy.com\/da\/faq-om-online-lotteri\/superenalotto-faq-italiens-stoerste-lotteri\/\",\"name\":\"\u25b7 SuperEnalotto FAQ - Italiens st\u00f8rste lotteri\",\"isPartOf\":{\"@id\":\"https:\/\/lottohoy.com\/da\/#website\"},\"datePublished\":\"2018-05-03T13:23:35+00:00\",\"dateModified\":\"2025-03-25T12:51:47+00:00\",\"description\":\"SuperEnalotto er et af de bedste lotterier at spille. Du skal bare v\u00e6lge 6 tal fra 1 til 90 og vente p\u00e5 resultatet. Pr\u00f8v det online nu!\",\"breadcrumb\":{\"@id\":\"https:\/\/lottohoy.com\/da\/faq-om-online-lotteri\/superenalotto-faq-italiens-stoerste-lotteri\/#breadcrumb\"},\"inLanguage\":\"da-DK\",\"potentialAction\":[{\"@type\":\"ReadAction\",\"target\":[\"https:\/\/lottohoy.com\/da\/faq-om-online-lotteri\/superenalotto-faq-italiens-stoerste-lotteri\/\"]}]},{\"@type\":\"BreadcrumbList\",\"@id\":\"https:\/\/lottohoy.com\/da\/faq-om-online-lotteri\/superenalotto-faq-italiens-stoerste-lotteri\/#breadcrumb\",\"itemListElement\":[{\"@type\":\"ListItem\",\"position\":1,\"name\":\"Home\",\"item\":\"https:\/\/lottohoy.com\/da\/\"},{\"@type\":\"ListItem\",\"position\":2,\"name\":\"FAQ om online-lotteri\",\"item\":\"https:\/\/lottohoy.com\/da\/faq-om-online-lotteri\/\"},{\"@type\":\"ListItem\",\"position\":3,\"name\":\"SuperEnalotto lotteri FAQ\"}]},{\"@type\":\"WebSite\",\"@id\":\"https:\/\/lottohoy.com\/da\/#website\",\"url\":\"https:\/\/lottohoy.com\/da\/\",\"name\":\"Lottohoy\",\"description\":\"\",\"potentialAction\":[{\"@type\":\"SearchAction\",\"target\":{\"@type\":\"EntryPoint\",\"urlTemplate\":\"https:\/\/lottohoy.com\/da\/?s={search_term_string}\"},\"query-input\":{\"@type\":\"PropertyValueSpecification\",\"valueRequired\":true,\"valueName\":\"search_term_string\"}}],\"inLanguage\":\"da-DK\"}]}<\/script>\n<!-- \/ Yoast SEO plugin. -->","yoast_head_json":{"title":"\u25b7 SuperEnalotto FAQ - Italiens st\u00f8rste lotteri","description":"SuperEnalotto er et af de bedste lotterier at spille. Du skal bare v\u00e6lge 6 tal fra 1 til 90 og vente p\u00e5 resultatet. Pr\u00f8v det online nu!","robots":{"index":"index","follow":"follow","max-snippet":"max-snippet:-1","max-image-preview":"max-image-preview:large","max-video-preview":"max-video-preview:-1"},"canonical":"https:\/\/lottohoy.com\/da\/faq-om-online-lotteri\/superenalotto-faq-italiens-stoerste-lotteri\/","og_locale":"da_DK","og_type":"article","og_title":"\u25b7 SuperEnalotto FAQ - Italiens st\u00f8rste lotteri","og_description":"SuperEnalotto er et af de bedste lotterier at spille. Du skal bare v\u00e6lge 6 tal fra 1 til 90 og vente p\u00e5 resultatet. Pr\u00f8v det online nu!","og_url":"https:\/\/lottohoy.com\/da\/faq-om-online-lotteri\/superenalotto-faq-italiens-stoerste-lotteri\/","og_site_name":"Lottohoy","article_modified_time":"2025-03-25T12:51:47+00:00","twitter_card":"summary_large_image","twitter_misc":{"Estimeret l\u00e6setid":"3 minutter"},"schema":{"@context":"https:\/\/schema.org","@graph":[{"@type":"WebPage","@id":"https:\/\/lottohoy.com\/da\/faq-om-online-lotteri\/superenalotto-faq-italiens-stoerste-lotteri\/","url":"https:\/\/lottohoy.com\/da\/faq-om-online-lotteri\/superenalotto-faq-italiens-stoerste-lotteri\/","name":"\u25b7 SuperEnalotto FAQ - Italiens st\u00f8rste lotteri","isPartOf":{"@id":"https:\/\/lottohoy.com\/da\/#website"},"datePublished":"2018-05-03T13:23:35+00:00","dateModified":"2025-03-25T12:51:47+00:00","description":"SuperEnalotto er et af de bedste lotterier at spille. Du skal bare v\u00e6lge 6 tal fra 1 til 90 og vente p\u00e5 resultatet. Pr\u00f8v det online nu!","breadcrumb":{"@id":"https:\/\/lottohoy.com\/da\/faq-om-online-lotteri\/superenalotto-faq-italiens-stoerste-lotteri\/#breadcrumb"},"inLanguage":"da-DK","potentialAction":[{"@type":"ReadAction","target":["https:\/\/lottohoy.com\/da\/faq-om-online-lotteri\/superenalotto-faq-italiens-stoerste-lotteri\/"]}]},{"@type":"BreadcrumbList","@id":"https:\/\/lottohoy.com\/da\/faq-om-online-lotteri\/superenalotto-faq-italiens-stoerste-lotteri\/#breadcrumb","itemListElement":[{"@type":"ListItem","position":1,"name":"Home","item":"https:\/\/lottohoy.com\/da\/"},{"@type":"ListItem","position":2,"name":"FAQ om online-lotteri","item":"https:\/\/lottohoy.com\/da\/faq-om-online-lotteri\/"},{"@type":"ListItem","position":3,"name":"SuperEnalotto lotteri FAQ"}]},{"@type":"WebSite","@id":"https:\/\/lottohoy.com\/da\/#website","url":"https:\/\/lottohoy.com\/da\/","name":"Lottohoy","description":"","potentialAction":[{"@type":"SearchAction","target":{"@type":"EntryPoint","urlTemplate":"https:\/\/lottohoy.com\/da\/?s={search_term_string}"},"query-input":{"@type":"PropertyValueSpecification","valueRequired":true,"valueName":"search_term_string"}}],"inLanguage":"da-DK"}]}},"_links":{"self":[{"href":"https:\/\/lottohoy.com\/da\/wp-json\/wp\/v2\/pages\/16806","targetHints":{"allow":["GET"]}}],"collection":[{"href":"https:\/\/lottohoy.com\/da\/wp-json\/wp\/v2\/pages"}],"about":[{"href":"https:\/\/lottohoy.com\/da\/wp-json\/wp\/v2\/types\/page"}],"author":[{"embeddable":true,"href":"https:\/\/lottohoy.com\/da\/wp-json\/wp\/v2\/users\/7"}],"replies":[{"embeddable":true,"href":"https:\/\/lottohoy.com\/da\/wp-json\/wp\/v2\/comments?post=16806"}],"version-history":[{"count":1,"href":"https:\/\/lottohoy.com\/da\/wp-json\/wp\/v2\/pages\/16806\/revisions"}],"predecessor-version":[{"id":16807,"href":"https:\/\/lottohoy.com\/da\/wp-json\/wp\/v2\/pages\/16806\/revisions\/16807"}],"up":[{"embeddable":true,"href":"https:\/\/lottohoy.com\/da\/wp-json\/wp\/v2\/pages\/16746"}],"wp:attachment":[{"href":"https:\/\/lottohoy.com\/da\/wp-json\/wp\/v2\/media?parent=16806"}],"curies":[{"name":"wp","href":"https:\/\/api.w.org\/{rel}","templated":true}]}}