{"id":16792,"date":"2018-05-03T14:23:33","date_gmt":"2018-05-03T13:23:33","guid":{"rendered":"https:\/\/lottohoy.com\/faq-om-online-lotteri\/faq-om-eurojackpot-lotteriet\/"},"modified":"2018-05-03T14:23:33","modified_gmt":"2018-05-03T13:23:33","slug":"faq-om-eurojackpot-lotteriet","status":"publish","type":"page","link":"https:\/\/lottohoy.com\/da\/faq-om-online-lotteri\/faq-om-eurojackpot-lotteriet\/","title":{"rendered":"FAQ om Eurojackpot-lotteriet"},"content":{"rendered":"<p>Eurojackpot-spillet har k\u00f8rt siden 2012, og 17 europ\u00e6iske lande deltager. Tr\u00e6kningen finder sted hver tirsdag og fredag; du kan k\u00f8be lodder b\u00e5de personligt og online ved at spille hos os.<\/p>\n<h2><strong>ONCE Eurojackpot-lotteri<\/strong><\/h2>\n<p>Eurojackpot-lotteriet i Spanien forbindes normalt med ONCE (den nationale organisation for blinde i Spanien), da det er en af de organisationer, der deltager i lotteriet.<\/p>\n<p>I 2005, som f\u00f8lge af <a href=\"https:\/\/lottohoy.com\/play\/euromillions\/\"><strong>Euromillions-lotteriets<\/strong><\/a>voksende succes, begyndte muligheden for at skabe et nyt europ\u00e6isk lotteri at tage form. Men det var f\u00f8rst i <strong>2011<\/strong>, at der blev indg\u00e5et en endelig aftale om at lancere Eurojackpot.<\/p>\n<p>De lande, der i f\u00f8rste omgang underskrev aftalen, var Tyskland, Danmark, Estland, Slovenien, Finland og Holland. Senere kom Italien med, og f\u00f8rst den <sup>30<\/sup>. juni 2012 kom Spanien med.<\/p>\n<p>I februar 2013 var de deltagende lande Kroatien, Island, Letland, Litauen, Norge og Sverige. I oktober 2014 kom Ungarn og Tjekkiet til, Slovakiet i 2015 og endelig Polen i 2017 for at fuldende de nuv\u00e6rende <strong>18 lande, der deltager i Eurojackpot<\/strong>.<\/p>\n<p>Dette lotteri har samme karakteristika som Euromillions, men adskiller sig prim\u00e6rt ved at begr\u00e6nse den maksimale jackpot til <strong>120 millioner euro<\/strong>, i mods\u00e6tning til EuroMillions, som har et loft p\u00e5 250 millioner.<\/p>\n<h2><strong>S\u00e5dan spiller du Eurojackpot online<\/strong><\/h2>\n<p>Det er virkelig nemt at spille <strong>Eurojackpot-lotteriet<\/strong> p\u00e5 LottoHoy. Du skal bare f\u00f8lge disse trin:<\/p>\n<ul>\n<li style=\"list-style-type: none;\">\n<ul>\n<li>G\u00e5 til siden for at <a href=\"https:\/\/lottohoy.com\/play\/eurojackpot\/\"><strong>spille Eurojackpot<\/strong><\/a>.<\/li>\n<li>V\u00e6lg <strong>fem tal<\/strong> fra 1 til 50<\/li>\n<li>V\u00e6lg <strong>to tal<\/strong> fra 1 til 10<\/li>\n<li>Foretag din betaling<\/li>\n<li>Vent p\u00e5 den n\u00e6ste Eurojackpot-lodtr\u00e6kning, s\u00e5 bliver du m\u00e5ske million\u00e6r!<\/li>\n<\/ul>\n<\/li>\n<\/ul>\n<p>Men f\u00f8rst skal du <a href=\"https:\/\/lottohoy.com\/signup\/\">\u00e5bne din konto<\/a> hos Lottohoy!<\/p>\n<h2><strong>Hvorn\u00e5r tr\u00e6kkes Eurojackpot?<\/strong><\/h2>\n<p>Eurojackpot tr\u00e6kkes <strong>tirsdag og fredag kl. 21:00 GMT og<\/strong> afholdes i Helsinki. Der er mange lande, der sender showet live, og andre som Spanien, hvor det sendes p\u00e5 tv om fredagen med start kl. 22.15.<\/p>\n<h2><strong>Eurojackpot-pris<\/strong><\/h2>\n<p>Den officielle pris for hver Eurojackpot-kupon i 16 af de 18 lande, der er med i dette europ\u00e6iske lotteri, er \u20ac2 (i Island og Norge beregnes denne pris i deres respektive valutaer).<\/p>\n<p>P\u00e5 LottoHoy.com kan du spille Eurojackpot fra 3,5 \u20ac (muligvis den laveste pris sammenlignet med andre online lotteriplatforme)<\/p>\n<p><strong>EuroJackpot Pris <\/strong>\u20ac 2<\/p>\n<p><strong>Eurojackpot Pris online <\/strong>\u20ac 3,50<\/p>\n<h2>Eurojackpot vs. andre lotterier<\/h2>\n<p>Hvis du ser p\u00e5 tabellen nedenfor, vil du forst\u00e5, <strong>hvorfor Eurojackpot er s\u00e5 ber\u00f8mt<\/strong> blandt lotterientusiaster.<\/p>\n<p><b>Lotteripris Onlinepris Jackpotodds<\/b><\/p>\n<p>Eurojackpot 2,00 \u20ac 3,00 \u20ac 120.000.000 \u20ac 1 i 95.344.200<\/p>\n<p>Euromillions 2,50 \u20ac 3,30 \u20ac 250.000.000 \u20ac 1 i 139.838.160<\/p>\n<p>SuperEnalotto 1,00 \u20ac 3,00 \u20ac No limit 1 i 622.614.630<\/p>\n<p>PowerBall US 2,00 $ 3,00 \u20ac Ingen gr\u00e6nse 1 i 292.201.338<\/p>\n<p>MegaMillions 2,00 $ 3,00 \u20ac Ingen gr\u00e6nse 1 i 302.575.350<\/p>\n<p>La Primitiva 1,00 \u20ac 2,00 \u20ac Ingen gr\u00e6nse 1 i 139.838.160<\/p>\n<p>PowerBall AU 1,20 $ 1,50 \u20ac Ingen gr\u00e6nse 1 i 134.490.400<\/p>\n<p>UK Lottery 2,00 \u00a3 4,00 \u20ac 22.000.000 \u00a3 1 i 45.057.474<\/p>\n<p>Eurojackpot giver ikke kun mulighed for at vinde <a href=\"https:\/\/lottohoy.com\/jackpots\/\">store jackpots<\/a>, men ogs\u00e5 nogle af de <strong>bedste odds<\/strong> sammenlignet med andre lotterier.<\/p>\n<h2><strong>Odds for at vinde en pr\u00e6mie i Eurojackpot<\/strong><\/h2>\n<p>Vi har samlet den faktiske sandsynlighed for at blive tildelt i hver af pr\u00e6miekategorierne. Du kan ogs\u00e5 se, hvor mange procent af bel\u00f8bet, der er afsat til pr\u00e6mier, der uddeles, og det ansl\u00e5ede bel\u00f8b for hvert niveau i <a href=\"https:\/\/lottohoy.com\/results\/eurojackpot\/\">Eurojackpot-resultaterne.<\/a><\/p>\n","protected":false},"excerpt":{"rendered":"<p>Eurojackpot-spillet har k\u00f8rt siden 2012, og 17 europ\u00e6iske lande deltager. Tr\u00e6kningen finder sted hver tirsdag og fredag; du kan k\u00f8be lodder b\u00e5de personligt og online ved at spille hos os. ONCE Eurojackpot-lotteri Eurojackpot-lotteriet i Spanien forbindes normalt med ONCE (den nationale organisation for blinde i Spanien), da det er en af de organisationer, der deltager [&hellip;]<\/p>\n","protected":false},"author":2,"featured_media":0,"parent":16746,"menu_order":4,"comment_status":"closed","ping_status":"closed","template":"eurojackpot-info.php","meta":{"_et_pb_use_builder":"","_et_pb_old_content":"","_et_gb_content_width":"","exclude_from_search":false,"footnotes":""},"class_list":["post-16792","page","type-page","status-publish","hentry"],"yoast_head":"<!-- This site is optimized with the Yoast SEO plugin v23.7 - https:\/\/yoast.com\/wordpress\/plugins\/seo\/ -->\n<title>\u25b7 Eurojackpot Online\u3010Spil online lotteri\u3011- Lottohoy<\/title>\n<meta name=\"description\" content=\"Eurojackpot er et af de bedste lotterier derude p\u00e5 grund af dets massive jackpots. F\u00e5 din kupon nu og deltag i den n\u00e6ste tr\u00e6kning!\" \/>\n<meta name=\"robots\" content=\"index, follow, max-snippet:-1, max-image-preview:large, max-video-preview:-1\" \/>\n<link rel=\"canonical\" href=\"https:\/\/lottohoy.com\/da\/faq-om-online-lotteri\/faq-om-eurojackpot-lotteriet\/\" \/>\n<meta property=\"og:locale\" content=\"da_DK\" \/>\n<meta property=\"og:type\" content=\"article\" \/>\n<meta property=\"og:title\" content=\"\u25b7 Eurojackpot Online\u3010Spil online lotteri\u3011- Lottohoy\" \/>\n<meta property=\"og:description\" content=\"Eurojackpot er et af de bedste lotterier derude p\u00e5 grund af dets massive jackpots. F\u00e5 din kupon nu og deltag i den n\u00e6ste tr\u00e6kning!\" \/>\n<meta property=\"og:url\" content=\"https:\/\/lottohoy.com\/da\/faq-om-online-lotteri\/faq-om-eurojackpot-lotteriet\/\" \/>\n<meta property=\"og:site_name\" content=\"Lottohoy\" \/>\n<meta name=\"twitter:card\" content=\"summary_large_image\" \/>\n<meta name=\"twitter:label1\" content=\"Estimeret l\u00e6setid\" \/>\n\t<meta name=\"twitter:data1\" content=\"2 minutter\" \/>\n<script type=\"application\/ld+json\" class=\"yoast-schema-graph\">{\"@context\":\"https:\/\/schema.org\",\"@graph\":[{\"@type\":\"WebPage\",\"@id\":\"https:\/\/lottohoy.com\/da\/faq-om-online-lotteri\/faq-om-eurojackpot-lotteriet\/\",\"url\":\"https:\/\/lottohoy.com\/da\/faq-om-online-lotteri\/faq-om-eurojackpot-lotteriet\/\",\"name\":\"\u25b7 Eurojackpot Online\u3010Spil online lotteri\u3011- Lottohoy\",\"isPartOf\":{\"@id\":\"https:\/\/lottohoy.com\/da\/#website\"},\"datePublished\":\"2018-05-03T13:23:33+00:00\",\"dateModified\":\"2018-05-03T13:23:33+00:00\",\"description\":\"Eurojackpot er et af de bedste lotterier derude p\u00e5 grund af dets massive jackpots. F\u00e5 din kupon nu og deltag i den n\u00e6ste tr\u00e6kning!\",\"breadcrumb\":{\"@id\":\"https:\/\/lottohoy.com\/da\/faq-om-online-lotteri\/faq-om-eurojackpot-lotteriet\/#breadcrumb\"},\"inLanguage\":\"da-DK\",\"potentialAction\":[{\"@type\":\"ReadAction\",\"target\":[\"https:\/\/lottohoy.com\/da\/faq-om-online-lotteri\/faq-om-eurojackpot-lotteriet\/\"]}]},{\"@type\":\"BreadcrumbList\",\"@id\":\"https:\/\/lottohoy.com\/da\/faq-om-online-lotteri\/faq-om-eurojackpot-lotteriet\/#breadcrumb\",\"itemListElement\":[{\"@type\":\"ListItem\",\"position\":1,\"name\":\"Home\",\"item\":\"https:\/\/lottohoy.com\/da\/\"},{\"@type\":\"ListItem\",\"position\":2,\"name\":\"FAQ om online-lotteri\",\"item\":\"https:\/\/lottohoy.com\/da\/faq-om-online-lotteri\/\"},{\"@type\":\"ListItem\",\"position\":3,\"name\":\"FAQ om Eurojackpot-lotteriet\"}]},{\"@type\":\"WebSite\",\"@id\":\"https:\/\/lottohoy.com\/da\/#website\",\"url\":\"https:\/\/lottohoy.com\/da\/\",\"name\":\"Lottohoy\",\"description\":\"\",\"potentialAction\":[{\"@type\":\"SearchAction\",\"target\":{\"@type\":\"EntryPoint\",\"urlTemplate\":\"https:\/\/lottohoy.com\/da\/?s={search_term_string}\"},\"query-input\":{\"@type\":\"PropertyValueSpecification\",\"valueRequired\":true,\"valueName\":\"search_term_string\"}}],\"inLanguage\":\"da-DK\"}]}<\/script>\n<!-- \/ Yoast SEO plugin. -->","yoast_head_json":{"title":"\u25b7 Eurojackpot Online\u3010Spil online lotteri\u3011- Lottohoy","description":"Eurojackpot er et af de bedste lotterier derude p\u00e5 grund af dets massive jackpots. F\u00e5 din kupon nu og deltag i den n\u00e6ste tr\u00e6kning!","robots":{"index":"index","follow":"follow","max-snippet":"max-snippet:-1","max-image-preview":"max-image-preview:large","max-video-preview":"max-video-preview:-1"},"canonical":"https:\/\/lottohoy.com\/da\/faq-om-online-lotteri\/faq-om-eurojackpot-lotteriet\/","og_locale":"da_DK","og_type":"article","og_title":"\u25b7 Eurojackpot Online\u3010Spil online lotteri\u3011- Lottohoy","og_description":"Eurojackpot er et af de bedste lotterier derude p\u00e5 grund af dets massive jackpots. F\u00e5 din kupon nu og deltag i den n\u00e6ste tr\u00e6kning!","og_url":"https:\/\/lottohoy.com\/da\/faq-om-online-lotteri\/faq-om-eurojackpot-lotteriet\/","og_site_name":"Lottohoy","twitter_card":"summary_large_image","twitter_misc":{"Estimeret l\u00e6setid":"2 minutter"},"schema":{"@context":"https:\/\/schema.org","@graph":[{"@type":"WebPage","@id":"https:\/\/lottohoy.com\/da\/faq-om-online-lotteri\/faq-om-eurojackpot-lotteriet\/","url":"https:\/\/lottohoy.com\/da\/faq-om-online-lotteri\/faq-om-eurojackpot-lotteriet\/","name":"\u25b7 Eurojackpot Online\u3010Spil online lotteri\u3011- Lottohoy","isPartOf":{"@id":"https:\/\/lottohoy.com\/da\/#website"},"datePublished":"2018-05-03T13:23:33+00:00","dateModified":"2018-05-03T13:23:33+00:00","description":"Eurojackpot er et af de bedste lotterier derude p\u00e5 grund af dets massive jackpots. F\u00e5 din kupon nu og deltag i den n\u00e6ste tr\u00e6kning!","breadcrumb":{"@id":"https:\/\/lottohoy.com\/da\/faq-om-online-lotteri\/faq-om-eurojackpot-lotteriet\/#breadcrumb"},"inLanguage":"da-DK","potentialAction":[{"@type":"ReadAction","target":["https:\/\/lottohoy.com\/da\/faq-om-online-lotteri\/faq-om-eurojackpot-lotteriet\/"]}]},{"@type":"BreadcrumbList","@id":"https:\/\/lottohoy.com\/da\/faq-om-online-lotteri\/faq-om-eurojackpot-lotteriet\/#breadcrumb","itemListElement":[{"@type":"ListItem","position":1,"name":"Home","item":"https:\/\/lottohoy.com\/da\/"},{"@type":"ListItem","position":2,"name":"FAQ om online-lotteri","item":"https:\/\/lottohoy.com\/da\/faq-om-online-lotteri\/"},{"@type":"ListItem","position":3,"name":"FAQ om Eurojackpot-lotteriet"}]},{"@type":"WebSite","@id":"https:\/\/lottohoy.com\/da\/#website","url":"https:\/\/lottohoy.com\/da\/","name":"Lottohoy","description":"","potentialAction":[{"@type":"SearchAction","target":{"@type":"EntryPoint","urlTemplate":"https:\/\/lottohoy.com\/da\/?s={search_term_string}"},"query-input":{"@type":"PropertyValueSpecification","valueRequired":true,"valueName":"search_term_string"}}],"inLanguage":"da-DK"}]}},"_links":{"self":[{"href":"https:\/\/lottohoy.com\/da\/wp-json\/wp\/v2\/pages\/16792","targetHints":{"allow":["GET"]}}],"collection":[{"href":"https:\/\/lottohoy.com\/da\/wp-json\/wp\/v2\/pages"}],"about":[{"href":"https:\/\/lottohoy.com\/da\/wp-json\/wp\/v2\/types\/page"}],"author":[{"embeddable":true,"href":"https:\/\/lottohoy.com\/da\/wp-json\/wp\/v2\/users\/2"}],"replies":[{"embeddable":true,"href":"https:\/\/lottohoy.com\/da\/wp-json\/wp\/v2\/comments?post=16792"}],"version-history":[{"count":0,"href":"https:\/\/lottohoy.com\/da\/wp-json\/wp\/v2\/pages\/16792\/revisions"}],"up":[{"embeddable":true,"href":"https:\/\/lottohoy.com\/da\/wp-json\/wp\/v2\/pages\/16746"}],"wp:attachment":[{"href":"https:\/\/lottohoy.com\/da\/wp-json\/wp\/v2\/media?parent=16792"}],"curies":[{"name":"wp","href":"https:\/\/api.w.org\/{rel}","templated":true}]}}