{"id":16788,"date":"2018-05-03T14:23:36","date_gmt":"2018-05-03T13:23:36","guid":{"rendered":"https:\/\/lottohoy.com\/faq-om-online-lotteri\/ofte-stillede-spoergsmaal-om-uk-lottery\/"},"modified":"2025-04-08T15:52:45","modified_gmt":"2025-04-08T14:52:45","slug":"ofte-stillede-spoergsmaal-om-uk-lottery","status":"publish","type":"page","link":"https:\/\/lottohoy.com\/da\/faq-om-online-lotteri\/ofte-stillede-spoergsmaal-om-uk-lottery\/","title":{"rendered":"Ofte stillede sp\u00f8rgsm\u00e5l om UK Lottery"},"content":{"rendered":"<p>UK Lottery blev startet i 1994. Dette britiske lotteri tilbyder en minimumsjackpot p\u00e5 \u00a32.500.000.<\/p>\n<p>Tr\u00e6kningerne finder sted p\u00e5 onsdage og l\u00f8rdage.<\/p>\n<h2><strong>Hvad er UK Lotto?<\/strong><\/h2>\n<p>Lotto UK er det nationale lotteri i Storbritannien. Det blev oprettet i 1994, og siden da er interessen for det vokset.<\/p>\n<p>Kuglerne, der bestemmer vinderkombinationerne, som der er 59 af i alt, er inddelt i farver, s\u00e5 hver sekvens af ti tal har en anden farve (1 til 9 er hvide, 10 til 19 bl\u00e5, derefter pink, gr\u00f8n, gul og lilla).<\/p>\n<p>Lodtr\u00e6kningen best\u00e5r i at udtr\u00e6kke seks kugler + en syvende som \u00bbbonus\u00ab, og hver kupon har en kode med bogstaver og tal, der er knyttet til deltagelse i Millionaire Raffle uden omkostninger, i fysiske administrationer.<\/p>\n<p>Den mindste garanterede jackpot er 2.500.000 pund, mens det maksimale, der kan n\u00e5s med forskellige rollover, er 22 millioner pund.<\/p>\n<p>Der er seks pr\u00e6miekategorier for de <a href=\"https:\/\/lottohoy.com\/results\/lotto-uk\/\">britiske lotto-resultater<\/a>:<\/p>\n<ul>\n<li>F\u00f8rste kategori: Ved at g\u00e6tte de 6 tal i den udtrukne kombination.<\/li>\n<li>Anden kategori: Ved at g\u00e6tte 5 tal + bonuskuglen vinder du en ansl\u00e5et pr\u00e6mie p\u00e5 50.000 pund.<\/li>\n<li>Tredje kategori: Ved at g\u00e6tte fem tal vinder du en ansl\u00e5et pr\u00e6mie p\u00e5 \u00a3 1.000.<\/li>\n<li>Fjerde kategori: Ved at ramme fire tal vinder du en ansl\u00e5et pr\u00e6mie p\u00e5 \u00a3 100.<\/li>\n<li>Femte kategori: Ved at g\u00e6tte tre tal vinder du 25 pund.<\/li>\n<li>Sjette kategori: Ved at ramme to tal vinder du en gratis Lucky Lotto-lottokupon.<\/li>\n<\/ul>\n<h2><strong>Hvordan spiller man UK Lotto?<\/strong><\/h2>\n<p>Det er meget nemt at spille UK Lotto p\u00e5 LottoHoy.com. Hvis du allerede har en brugerkonto, er det blot et sp\u00f8rgsm\u00e5l om at finde siden Lotto UK, g\u00f8re de indsatser, du \u00f8nsker, og g\u00e5 videre til betaling.<\/p>\n<p>De, der endnu ikke har en brugerkonto, kan registrere sig p\u00e5 f\u00e5 sekunder; adgangsproceduren er den samme.<\/p>\n<p>N\u00e5r du er p\u00e5 UK Lotto-spillesiden, ser du fem blokke eller kolonner med felter nummereret henholdsvis 1 til 59, og du skal v\u00e6lge seks tal fra den f\u00f8rste kolonne (en kupon), hvis du vil lave et enkelt v\u00e6ddem\u00e5l.<\/p>\n<p>Hvis du vil spille flere kolonner, viser denne side op til fem kolonner, men ved at klikke p\u00e5 firkanten, hvor der st\u00e5r MORE LINES, f\u00e5r du mulighed for at have s\u00e5 mange lodder, du vil.<\/p>\n<p>N\u00e5r du har besluttet dig, skal du klikke p\u00e5 FORTS\u00c6T og foretage betalingen.<\/p>\n<h2><strong>Hvor meget koster britiske lottokuponer?<\/strong><\/h2>\n<p>Hos LottoHoy kan du k\u00f8be dine lodder til det britiske lotteri fra en startpris p\u00e5 4,75 \u20ac.<\/p>\n<h2><strong>Sandsynligheden for at vinde i UK Lotto<\/strong><\/h2>\n<p>Vi \u00f8nsker alle at vinde s\u00e5 mange penge som muligt, n\u00e5r vi <a href=\"https:\/\/lottohoy.com\/play\/lotto-uk\/\"><strong>spiller UK Lotto<\/strong><\/a>. I den f\u00f8lgende tabel kan du se, hvor sandsynligt det er, at du vinder en af pr\u00e6mierne.<\/p>\n","protected":false},"excerpt":{"rendered":"<p>UK Lottery blev startet i 1994. Dette britiske lotteri tilbyder en minimumsjackpot p\u00e5 \u00a32.500.000. Tr\u00e6kningerne finder sted p\u00e5 onsdage og l\u00f8rdage. Hvad er UK Lotto? Lotto UK er det nationale lotteri i Storbritannien. Det blev oprettet i 1994, og siden da er interessen for det vokset. Kuglerne, der bestemmer vinderkombinationerne, som der er 59 af [&hellip;]<\/p>\n","protected":false},"author":2,"featured_media":0,"parent":16746,"menu_order":3,"comment_status":"closed","ping_status":"closed","template":"lotto-uk-info.php","meta":{"_et_pb_use_builder":"","_et_pb_old_content":"","_et_gb_content_width":"","exclude_from_search":false,"footnotes":""},"class_list":["post-16788","page","type-page","status-publish","hentry"],"yoast_head":"<!-- This site is optimized with the Yoast SEO plugin v23.7 - https:\/\/yoast.com\/wordpress\/plugins\/seo\/ -->\n<title>\u25b7 UK Lottery | S\u00e5dan spiller du, jackpots, pr\u00e6mier - Lottohoy<\/title>\n<meta name=\"description\" content=\"Lotto UK er et af de mest popul\u00e6re lotterier derude. V\u00e6lg dine yndlingstal, og k\u00f8b din kupon nu. K\u00e6mpe jackpots venter p\u00e5 dig.\" \/>\n<meta name=\"robots\" content=\"index, follow, max-snippet:-1, max-image-preview:large, max-video-preview:-1\" \/>\n<link rel=\"canonical\" href=\"https:\/\/lottohoy.com\/da\/faq-om-online-lotteri\/ofte-stillede-spoergsmaal-om-uk-lottery\/\" \/>\n<meta property=\"og:locale\" content=\"da_DK\" \/>\n<meta property=\"og:type\" content=\"article\" \/>\n<meta property=\"og:title\" content=\"\u25b7 UK Lottery | S\u00e5dan spiller du, jackpots, pr\u00e6mier - Lottohoy\" \/>\n<meta property=\"og:description\" content=\"Lotto UK er et af de mest popul\u00e6re lotterier derude. V\u00e6lg dine yndlingstal, og k\u00f8b din kupon nu. K\u00e6mpe jackpots venter p\u00e5 dig.\" \/>\n<meta property=\"og:url\" content=\"https:\/\/lottohoy.com\/da\/faq-om-online-lotteri\/ofte-stillede-spoergsmaal-om-uk-lottery\/\" \/>\n<meta property=\"og:site_name\" content=\"Lottohoy\" \/>\n<meta property=\"article:modified_time\" content=\"2025-04-08T14:52:45+00:00\" \/>\n<meta name=\"twitter:card\" content=\"summary_large_image\" \/>\n<meta name=\"twitter:label1\" content=\"Estimeret l\u00e6setid\" \/>\n\t<meta name=\"twitter:data1\" content=\"3 minutter\" \/>\n<script type=\"application\/ld+json\" class=\"yoast-schema-graph\">{\"@context\":\"https:\/\/schema.org\",\"@graph\":[{\"@type\":\"WebPage\",\"@id\":\"https:\/\/lottohoy.com\/da\/faq-om-online-lotteri\/ofte-stillede-spoergsmaal-om-uk-lottery\/\",\"url\":\"https:\/\/lottohoy.com\/da\/faq-om-online-lotteri\/ofte-stillede-spoergsmaal-om-uk-lottery\/\",\"name\":\"\u25b7 UK Lottery | S\u00e5dan spiller du, jackpots, pr\u00e6mier - Lottohoy\",\"isPartOf\":{\"@id\":\"https:\/\/lottohoy.com\/da\/#website\"},\"datePublished\":\"2018-05-03T13:23:36+00:00\",\"dateModified\":\"2025-04-08T14:52:45+00:00\",\"description\":\"Lotto UK er et af de mest popul\u00e6re lotterier derude. V\u00e6lg dine yndlingstal, og k\u00f8b din kupon nu. K\u00e6mpe jackpots venter p\u00e5 dig.\",\"breadcrumb\":{\"@id\":\"https:\/\/lottohoy.com\/da\/faq-om-online-lotteri\/ofte-stillede-spoergsmaal-om-uk-lottery\/#breadcrumb\"},\"inLanguage\":\"da-DK\",\"potentialAction\":[{\"@type\":\"ReadAction\",\"target\":[\"https:\/\/lottohoy.com\/da\/faq-om-online-lotteri\/ofte-stillede-spoergsmaal-om-uk-lottery\/\"]}]},{\"@type\":\"BreadcrumbList\",\"@id\":\"https:\/\/lottohoy.com\/da\/faq-om-online-lotteri\/ofte-stillede-spoergsmaal-om-uk-lottery\/#breadcrumb\",\"itemListElement\":[{\"@type\":\"ListItem\",\"position\":1,\"name\":\"Home\",\"item\":\"https:\/\/lottohoy.com\/da\/\"},{\"@type\":\"ListItem\",\"position\":2,\"name\":\"FAQ om online-lotteri\",\"item\":\"https:\/\/lottohoy.com\/da\/faq-om-online-lotteri\/\"},{\"@type\":\"ListItem\",\"position\":3,\"name\":\"Ofte stillede sp\u00f8rgsm\u00e5l om UK Lottery\"}]},{\"@type\":\"WebSite\",\"@id\":\"https:\/\/lottohoy.com\/da\/#website\",\"url\":\"https:\/\/lottohoy.com\/da\/\",\"name\":\"Lottohoy\",\"description\":\"\",\"potentialAction\":[{\"@type\":\"SearchAction\",\"target\":{\"@type\":\"EntryPoint\",\"urlTemplate\":\"https:\/\/lottohoy.com\/da\/?s={search_term_string}\"},\"query-input\":{\"@type\":\"PropertyValueSpecification\",\"valueRequired\":true,\"valueName\":\"search_term_string\"}}],\"inLanguage\":\"da-DK\"}]}<\/script>\n<!-- \/ Yoast SEO plugin. -->","yoast_head_json":{"title":"\u25b7 UK Lottery | S\u00e5dan spiller du, jackpots, pr\u00e6mier - Lottohoy","description":"Lotto UK er et af de mest popul\u00e6re lotterier derude. V\u00e6lg dine yndlingstal, og k\u00f8b din kupon nu. K\u00e6mpe jackpots venter p\u00e5 dig.","robots":{"index":"index","follow":"follow","max-snippet":"max-snippet:-1","max-image-preview":"max-image-preview:large","max-video-preview":"max-video-preview:-1"},"canonical":"https:\/\/lottohoy.com\/da\/faq-om-online-lotteri\/ofte-stillede-spoergsmaal-om-uk-lottery\/","og_locale":"da_DK","og_type":"article","og_title":"\u25b7 UK Lottery | S\u00e5dan spiller du, jackpots, pr\u00e6mier - Lottohoy","og_description":"Lotto UK er et af de mest popul\u00e6re lotterier derude. V\u00e6lg dine yndlingstal, og k\u00f8b din kupon nu. K\u00e6mpe jackpots venter p\u00e5 dig.","og_url":"https:\/\/lottohoy.com\/da\/faq-om-online-lotteri\/ofte-stillede-spoergsmaal-om-uk-lottery\/","og_site_name":"Lottohoy","article_modified_time":"2025-04-08T14:52:45+00:00","twitter_card":"summary_large_image","twitter_misc":{"Estimeret l\u00e6setid":"3 minutter"},"schema":{"@context":"https:\/\/schema.org","@graph":[{"@type":"WebPage","@id":"https:\/\/lottohoy.com\/da\/faq-om-online-lotteri\/ofte-stillede-spoergsmaal-om-uk-lottery\/","url":"https:\/\/lottohoy.com\/da\/faq-om-online-lotteri\/ofte-stillede-spoergsmaal-om-uk-lottery\/","name":"\u25b7 UK Lottery | S\u00e5dan spiller du, jackpots, pr\u00e6mier - Lottohoy","isPartOf":{"@id":"https:\/\/lottohoy.com\/da\/#website"},"datePublished":"2018-05-03T13:23:36+00:00","dateModified":"2025-04-08T14:52:45+00:00","description":"Lotto UK er et af de mest popul\u00e6re lotterier derude. V\u00e6lg dine yndlingstal, og k\u00f8b din kupon nu. K\u00e6mpe jackpots venter p\u00e5 dig.","breadcrumb":{"@id":"https:\/\/lottohoy.com\/da\/faq-om-online-lotteri\/ofte-stillede-spoergsmaal-om-uk-lottery\/#breadcrumb"},"inLanguage":"da-DK","potentialAction":[{"@type":"ReadAction","target":["https:\/\/lottohoy.com\/da\/faq-om-online-lotteri\/ofte-stillede-spoergsmaal-om-uk-lottery\/"]}]},{"@type":"BreadcrumbList","@id":"https:\/\/lottohoy.com\/da\/faq-om-online-lotteri\/ofte-stillede-spoergsmaal-om-uk-lottery\/#breadcrumb","itemListElement":[{"@type":"ListItem","position":1,"name":"Home","item":"https:\/\/lottohoy.com\/da\/"},{"@type":"ListItem","position":2,"name":"FAQ om online-lotteri","item":"https:\/\/lottohoy.com\/da\/faq-om-online-lotteri\/"},{"@type":"ListItem","position":3,"name":"Ofte stillede sp\u00f8rgsm\u00e5l om UK Lottery"}]},{"@type":"WebSite","@id":"https:\/\/lottohoy.com\/da\/#website","url":"https:\/\/lottohoy.com\/da\/","name":"Lottohoy","description":"","potentialAction":[{"@type":"SearchAction","target":{"@type":"EntryPoint","urlTemplate":"https:\/\/lottohoy.com\/da\/?s={search_term_string}"},"query-input":{"@type":"PropertyValueSpecification","valueRequired":true,"valueName":"search_term_string"}}],"inLanguage":"da-DK"}]}},"_links":{"self":[{"href":"https:\/\/lottohoy.com\/da\/wp-json\/wp\/v2\/pages\/16788","targetHints":{"allow":["GET"]}}],"collection":[{"href":"https:\/\/lottohoy.com\/da\/wp-json\/wp\/v2\/pages"}],"about":[{"href":"https:\/\/lottohoy.com\/da\/wp-json\/wp\/v2\/types\/page"}],"author":[{"embeddable":true,"href":"https:\/\/lottohoy.com\/da\/wp-json\/wp\/v2\/users\/2"}],"replies":[{"embeddable":true,"href":"https:\/\/lottohoy.com\/da\/wp-json\/wp\/v2\/comments?post=16788"}],"version-history":[{"count":1,"href":"https:\/\/lottohoy.com\/da\/wp-json\/wp\/v2\/pages\/16788\/revisions"}],"predecessor-version":[{"id":18346,"href":"https:\/\/lottohoy.com\/da\/wp-json\/wp\/v2\/pages\/16788\/revisions\/18346"}],"up":[{"embeddable":true,"href":"https:\/\/lottohoy.com\/da\/wp-json\/wp\/v2\/pages\/16746"}],"wp:attachment":[{"href":"https:\/\/lottohoy.com\/da\/wp-json\/wp\/v2\/media?parent=16788"}],"curies":[{"name":"wp","href":"https:\/\/api.w.org\/{rel}","templated":true}]}}