{"id":16776,"date":"2018-05-03T14:23:33","date_gmt":"2018-05-03T13:23:33","guid":{"rendered":"https:\/\/lottohoy.com\/faq-om-online-lotteri\/euromillions-lotteri-faq\/"},"modified":"2025-04-08T15:50:10","modified_gmt":"2025-04-08T14:50:10","slug":"euromillions-lotteri-faq","status":"publish","type":"page","link":"https:\/\/lottohoy.com\/da\/faq-om-online-lotteri\/euromillions-lotteri-faq\/","title":{"rendered":"EuroMillions lotteri FAQ"},"content":{"rendered":"<h2>Hvad er Euromillions?<\/h2>\n<p>Euromillions er et <a href=\"https:\/\/lottohoy.com\/da\/\"><strong>lotterispil<\/strong>,<\/a> der afholdes hver tirsdag og fredag kl. 21.30 i Paris. Det er det vigtigste lotteri i Europa, da det samler flest deltagere og uddeler de h\u00f8jeste pr\u00e6mier.<\/p>\n<p>Den f\u00f8rste tr\u00e6kning blev afholdt den 13. februar 2004, hvor tre lande var de vigtigste arrang\u00f8rer af lotteriet, nemlig lotteribureauerne i Storbritannien (National Lottery), Frankrig (La Fran\u00e7aise des Jeux) og Spanien (State Lotteries and Gambling). Kun f\u00e5 m\u00e5neder efter denne f\u00f8rste tr\u00e6kning kom seks andre lande med: \u00d8strig, Belgien, Irland, Luxembourg, Portugal og Schweiz.<\/p>\n<p>Vi taler om et ganske ungt lotteri, da det blev etableret fra f\u00f8dslen af EU-valutaen Euro (\u20ac). I mere end et \u00e5rti blev muligheden for at skabe et f\u00e6lles lotteri for de 500 millioner indbyggere i EU unders\u00f8gt.<\/p>\n<p>I dette EuroMillions-lotteri er der garanteret en minimumspr\u00e6mie p\u00e5 20.000.000 euro til den f\u00f8rste kategori af vindere og et aktuelt <del>maksimum p\u00e5 op til 190.000.000 euro<\/del> (dette bel\u00f8b er blevet uddelt ved <strong>tre lejligheder<\/strong> til dato).<\/p>\n<p>Tirsdag den 4. februar 2020 tr\u00e6der nye \u00e6ndringer i Euromillions i kraft. Det loft, der kan n\u00e5 pr\u00e6miebel\u00f8bet til den f\u00f8rste kategori, g\u00e5r op til <strong>200 millioner euro<\/strong> og kan gradvist n\u00e5 250 millioner euro som maksimumsgr\u00e6nse. Der foretages ogs\u00e5 \u00e6ndringer i de procentsatser, der er afsat til pr\u00e6mier i de forskellige kategorier.<\/p>\n<h2>Hvordan spiller man Euromillions?<\/h2>\n<p>Der er tre vigtige faktorer at tage hensyn til i Euromillions-spillet: De regler, der regulerer spillet, pr\u00e6miekategorierne og fordelingen af pr\u00e6mien og \u00bbjackpotten\u00ab.<\/p>\n<p>I bund og grund handler det om at v\u00e6lge fem tal mellem 1 og 50 og to stjerner mellem 1 og 12. Jo flere tal og stjerner du f\u00e5r rigtigt, jo st\u00f8rre bliver pr\u00e6mien. S\u00e5 nemt er det!<\/p>\n<p>N\u00e5r du g\u00e5r ind i <a href=\"https:\/\/lottohoy.com\/da\/spil\/spil-euromillions\/\"><strong>Play Euromillions-sektionen<\/strong><\/a>, vil du se en r\u00e6kke best\u00e5ende af fem kolonner, som hver best\u00e5r af 50 felter nummereret fra 1 til 50, og en anden del, som best\u00e5r af 12 felter (heldige stjerner), nummereret fra 1 til 12.<\/p>\n<p>Som du kan se, er der oprindeligt en linje med fem spilkolonner, hvor man kan g\u00f8re indsatser, men antallet af r\u00e6kker kan udvides ved at klikke p\u00e5 boksen MORE LINES.<\/p>\n<p>I hver af disse tabeller eller linjer skal forudsigelserne foretages (fem tal og to stjerner). Derudover kan det g\u00f8res manuelt ved at v\u00e6lge foretrukne tal eller tilf\u00e6ldigt ved hj\u00e6lp af knappen QUICK SELECTION, der vises over hver kolonne.<\/p>\n<p>N\u00e5r du har udfyldt alle de lodder, du vil spille p\u00e5, kan du se det samlede bel\u00f8b i nederste h\u00f8jre hj\u00f8rne.<\/p>\n<p>Ved at klikke p\u00e5 feltet FORTS\u00c6T kommer du til at bekr\u00e6fte ordren og foretage betalingen, hvor du kan v\u00e6lge mellem at g\u00f8re det med dine tidligere indbetalte midler eller med en af de mere end <strong>20 betalingsmetoder<\/strong>, vi tilbyder.<\/p>\n<h3>Euromillions-indsatsens pris<\/h3>\n<p>Den officielle pris for hvert v\u00e6ddem\u00e5l varierer afh\u00e6ngigt af landet og dets valuta. For at f\u00e5 en grov id\u00e9 sammenlignes det med euroen.<\/p>\n<p>Sammen med de samlede <strong>Euromillions-v\u00e6ddem\u00e5l<\/strong> er der etableret et supplement i nogle af de lande, der organiserer dette lotteri: <strong>theMillion<\/strong>.<\/p>\n<p>Denne tr\u00e6kning afholdes hver uge i hvert af disse lande med v\u00e6ddem\u00e5l k\u00f8bt om fredagen. Der gives automatisk en unik kode, og hvis vindernummeret matcher din kupon, vinder du 1.000.000 euro, uanset om din kombination er blevet tildelt eller ej.<\/p>\n<h2>S\u00e6rlige Euromillions-tr\u00e6kninger<\/h2>\n<p>Der afholdes<strong>supplerende Euromillions-tr\u00e6kninger<\/strong> i de forskellige arrang\u00f8rlande. I nogle tilf\u00e6lde med samme bel\u00f8b som Euromillions-v\u00e6ddem\u00e5lene, og i andre tilf\u00e6lde med et separat bel\u00f8b.<\/p>\n<h4><em>\u00bbRegnen af millioner\u00ab<\/em><\/h4>\n<p><strong>Euromillions-regnen er en lodtr\u00e6kning <\/strong>, hvor alle deltagende lande spiller og skaber flere million\u00e6rer inden for en enkelt lodtr\u00e6kning.<\/p>\n<p>Vinderne udv\u00e6lges tilf\u00e6ldigt blandt alle de lodder, der indg\u00e5r i lodtr\u00e6kningen under denne s\u00e6rlige begivenhed, som finder sted ved bestemte lejligheder i l\u00f8bet af \u00e5ret.<\/p>\n<p><b><em>\u00bbSuperlodtr\u00e6kningen\u00ab:<\/em><\/b><\/p>\n<p>Dette er, n\u00e5r de deltagende lotteriorganisationer beslutter at tilbyde en <strong>s\u00e6rlig garanteret fond<\/strong> til den f\u00f8rste kategori (jackpot), der findes i enhver annonceret lodtr\u00e6kning.<\/p>\n<p>Siden 2017 har der v\u00e6ret afholdt to s\u00e5danne lodtr\u00e6kninger hvert \u00e5r med en pr\u00e6miesum p\u00e5 \u20ac130.000.000. <strong>Fra 1<\/strong><sup><strong>.<\/strong><\/sup><strong>februar 2020 vil der v\u00e6re tre \u00bbsupertr\u00e6kninger\u00ab hvert \u00e5r<\/strong>, og i princippet forventes det garanterede bel\u00f8b at stige, uanset v\u00e6rdien af den tidligere tr\u00e6kning, uanset om den er vundet eller ej.<\/p>\n<p>Hvis der ikke er nogen vinder i den f\u00f8rste kategori, akkumuleres jackpotten til den n\u00e6ste tr\u00e6kning, indtil et maksimum p\u00e5 190.000.000 \u20ac er n\u00e5et.<\/p>\n<h4><em>De s\u00e6rlige lodtr\u00e6kninger:<\/em><\/h4>\n<p>Ogs\u00e5 kaldet <strong>Big Friday<\/strong>, er tr\u00e6kninger med en garanteret minimumsjackpot p\u00e5 ni cifre og fungerer med n\u00f8jagtig de samme regler som almindelige tr\u00e6kninger.<\/p>\n<p>Euromillions <strong>Big Friday-jackpotfonden<\/strong> best\u00e5r af 4,8 % af den f\u00e6lles pr\u00e6miefond for de f\u00f8rste akkumuleringer, efter at jackpotten er genstartet med det garanterede minimumsbel\u00f8b. Efter otte tr\u00e6kninger derefter udbetales 21% til Fund Booster.<\/p>\n<h3>Odds for at vinde Euromillion<\/h3>\n<p>Nedenfor kan du se en tabel, hvor vi har samlet alle odds for at vinde en pr\u00e6mie i hver af kategorierne. Kombiner disse odds med de seneste <a href=\"https:\/\/lottohoy.com\/da\/resultater-af-lotterier\/euromillions-resultater\/\"><strong>resultater fra Euromillions<\/strong><\/a> for at \u00f8ge dine chancer for at vinde en pr\u00e6mie.<\/p>\n","protected":false},"excerpt":{"rendered":"<p>Hvad er Euromillions? Euromillions er et lotterispil, der afholdes hver tirsdag og fredag kl. 21.30 i Paris. Det er det vigtigste lotteri i Europa, da det samler flest deltagere og uddeler de h\u00f8jeste pr\u00e6mier. Den f\u00f8rste tr\u00e6kning blev afholdt den 13. februar 2004, hvor tre lande var de vigtigste arrang\u00f8rer af lotteriet, nemlig lotteribureauerne i [&hellip;]<\/p>\n","protected":false},"author":2,"featured_media":0,"parent":16746,"menu_order":3,"comment_status":"closed","ping_status":"closed","template":"euromillions-at-info.php","meta":{"_et_pb_use_builder":"","_et_pb_old_content":"","_et_gb_content_width":"","exclude_from_search":false,"footnotes":""},"class_list":["post-16776","page","type-page","status-publish","hentry"],"yoast_head":"<!-- This site is optimized with the Yoast SEO plugin v23.7 - https:\/\/yoast.com\/wordpress\/plugins\/seo\/ -->\n<title>\u25b7 Euromillions Lottery Guide\u30102021\u3011 S\u00e5dan spiller du p\u00e5 Lottohoy<\/title>\n<meta name=\"description\" content=\"Euromillions er det st\u00f8rste og mest popul\u00e6re lotteri i Europa. L\u00e6r mere om regler, pr\u00e6miefordeling og jackpot rollovers p\u00e5 vores FAQ-side.\" \/>\n<meta name=\"robots\" content=\"index, follow, max-snippet:-1, max-image-preview:large, max-video-preview:-1\" \/>\n<link rel=\"canonical\" href=\"https:\/\/lottohoy.com\/da\/faq-om-online-lotteri\/euromillions-lotteri-faq\/\" \/>\n<meta property=\"og:locale\" content=\"da_DK\" \/>\n<meta property=\"og:type\" content=\"article\" \/>\n<meta property=\"og:title\" content=\"\u25b7 Euromillions Lottery Guide\u30102021\u3011 S\u00e5dan spiller du p\u00e5 Lottohoy\" \/>\n<meta property=\"og:description\" content=\"Euromillions er det st\u00f8rste og mest popul\u00e6re lotteri i Europa. L\u00e6r mere om regler, pr\u00e6miefordeling og jackpot rollovers p\u00e5 vores FAQ-side.\" \/>\n<meta property=\"og:url\" content=\"https:\/\/lottohoy.com\/da\/faq-om-online-lotteri\/euromillions-lotteri-faq\/\" \/>\n<meta property=\"og:site_name\" content=\"Lottohoy\" \/>\n<meta property=\"article:modified_time\" content=\"2025-04-08T14:50:10+00:00\" \/>\n<meta name=\"twitter:card\" content=\"summary_large_image\" \/>\n<meta name=\"twitter:label1\" content=\"Estimeret l\u00e6setid\" \/>\n\t<meta name=\"twitter:data1\" content=\"5 minutter\" \/>\n<script type=\"application\/ld+json\" class=\"yoast-schema-graph\">{\"@context\":\"https:\/\/schema.org\",\"@graph\":[{\"@type\":\"WebPage\",\"@id\":\"https:\/\/lottohoy.com\/da\/faq-om-online-lotteri\/euromillions-lotteri-faq\/\",\"url\":\"https:\/\/lottohoy.com\/da\/faq-om-online-lotteri\/euromillions-lotteri-faq\/\",\"name\":\"\u25b7 Euromillions Lottery Guide\u30102021\u3011 S\u00e5dan spiller du p\u00e5 Lottohoy\",\"isPartOf\":{\"@id\":\"https:\/\/lottohoy.com\/da\/#website\"},\"datePublished\":\"2018-05-03T13:23:33+00:00\",\"dateModified\":\"2025-04-08T14:50:10+00:00\",\"description\":\"Euromillions er det st\u00f8rste og mest popul\u00e6re lotteri i Europa. L\u00e6r mere om regler, pr\u00e6miefordeling og jackpot rollovers p\u00e5 vores FAQ-side.\",\"breadcrumb\":{\"@id\":\"https:\/\/lottohoy.com\/da\/faq-om-online-lotteri\/euromillions-lotteri-faq\/#breadcrumb\"},\"inLanguage\":\"da-DK\",\"potentialAction\":[{\"@type\":\"ReadAction\",\"target\":[\"https:\/\/lottohoy.com\/da\/faq-om-online-lotteri\/euromillions-lotteri-faq\/\"]}]},{\"@type\":\"BreadcrumbList\",\"@id\":\"https:\/\/lottohoy.com\/da\/faq-om-online-lotteri\/euromillions-lotteri-faq\/#breadcrumb\",\"itemListElement\":[{\"@type\":\"ListItem\",\"position\":1,\"name\":\"Home\",\"item\":\"https:\/\/lottohoy.com\/da\/\"},{\"@type\":\"ListItem\",\"position\":2,\"name\":\"FAQ om online-lotteri\",\"item\":\"https:\/\/lottohoy.com\/da\/faq-om-online-lotteri\/\"},{\"@type\":\"ListItem\",\"position\":3,\"name\":\"EuroMillions lotteri FAQ\"}]},{\"@type\":\"WebSite\",\"@id\":\"https:\/\/lottohoy.com\/da\/#website\",\"url\":\"https:\/\/lottohoy.com\/da\/\",\"name\":\"Lottohoy\",\"description\":\"\",\"potentialAction\":[{\"@type\":\"SearchAction\",\"target\":{\"@type\":\"EntryPoint\",\"urlTemplate\":\"https:\/\/lottohoy.com\/da\/?s={search_term_string}\"},\"query-input\":{\"@type\":\"PropertyValueSpecification\",\"valueRequired\":true,\"valueName\":\"search_term_string\"}}],\"inLanguage\":\"da-DK\"}]}<\/script>\n<!-- \/ Yoast SEO plugin. -->","yoast_head_json":{"title":"\u25b7 Euromillions Lottery Guide\u30102021\u3011 S\u00e5dan spiller du p\u00e5 Lottohoy","description":"Euromillions er det st\u00f8rste og mest popul\u00e6re lotteri i Europa. L\u00e6r mere om regler, pr\u00e6miefordeling og jackpot rollovers p\u00e5 vores FAQ-side.","robots":{"index":"index","follow":"follow","max-snippet":"max-snippet:-1","max-image-preview":"max-image-preview:large","max-video-preview":"max-video-preview:-1"},"canonical":"https:\/\/lottohoy.com\/da\/faq-om-online-lotteri\/euromillions-lotteri-faq\/","og_locale":"da_DK","og_type":"article","og_title":"\u25b7 Euromillions Lottery Guide\u30102021\u3011 S\u00e5dan spiller du p\u00e5 Lottohoy","og_description":"Euromillions er det st\u00f8rste og mest popul\u00e6re lotteri i Europa. L\u00e6r mere om regler, pr\u00e6miefordeling og jackpot rollovers p\u00e5 vores FAQ-side.","og_url":"https:\/\/lottohoy.com\/da\/faq-om-online-lotteri\/euromillions-lotteri-faq\/","og_site_name":"Lottohoy","article_modified_time":"2025-04-08T14:50:10+00:00","twitter_card":"summary_large_image","twitter_misc":{"Estimeret l\u00e6setid":"5 minutter"},"schema":{"@context":"https:\/\/schema.org","@graph":[{"@type":"WebPage","@id":"https:\/\/lottohoy.com\/da\/faq-om-online-lotteri\/euromillions-lotteri-faq\/","url":"https:\/\/lottohoy.com\/da\/faq-om-online-lotteri\/euromillions-lotteri-faq\/","name":"\u25b7 Euromillions Lottery Guide\u30102021\u3011 S\u00e5dan spiller du p\u00e5 Lottohoy","isPartOf":{"@id":"https:\/\/lottohoy.com\/da\/#website"},"datePublished":"2018-05-03T13:23:33+00:00","dateModified":"2025-04-08T14:50:10+00:00","description":"Euromillions er det st\u00f8rste og mest popul\u00e6re lotteri i Europa. L\u00e6r mere om regler, pr\u00e6miefordeling og jackpot rollovers p\u00e5 vores FAQ-side.","breadcrumb":{"@id":"https:\/\/lottohoy.com\/da\/faq-om-online-lotteri\/euromillions-lotteri-faq\/#breadcrumb"},"inLanguage":"da-DK","potentialAction":[{"@type":"ReadAction","target":["https:\/\/lottohoy.com\/da\/faq-om-online-lotteri\/euromillions-lotteri-faq\/"]}]},{"@type":"BreadcrumbList","@id":"https:\/\/lottohoy.com\/da\/faq-om-online-lotteri\/euromillions-lotteri-faq\/#breadcrumb","itemListElement":[{"@type":"ListItem","position":1,"name":"Home","item":"https:\/\/lottohoy.com\/da\/"},{"@type":"ListItem","position":2,"name":"FAQ om online-lotteri","item":"https:\/\/lottohoy.com\/da\/faq-om-online-lotteri\/"},{"@type":"ListItem","position":3,"name":"EuroMillions lotteri FAQ"}]},{"@type":"WebSite","@id":"https:\/\/lottohoy.com\/da\/#website","url":"https:\/\/lottohoy.com\/da\/","name":"Lottohoy","description":"","potentialAction":[{"@type":"SearchAction","target":{"@type":"EntryPoint","urlTemplate":"https:\/\/lottohoy.com\/da\/?s={search_term_string}"},"query-input":{"@type":"PropertyValueSpecification","valueRequired":true,"valueName":"search_term_string"}}],"inLanguage":"da-DK"}]}},"_links":{"self":[{"href":"https:\/\/lottohoy.com\/da\/wp-json\/wp\/v2\/pages\/16776","targetHints":{"allow":["GET"]}}],"collection":[{"href":"https:\/\/lottohoy.com\/da\/wp-json\/wp\/v2\/pages"}],"about":[{"href":"https:\/\/lottohoy.com\/da\/wp-json\/wp\/v2\/types\/page"}],"author":[{"embeddable":true,"href":"https:\/\/lottohoy.com\/da\/wp-json\/wp\/v2\/users\/2"}],"replies":[{"embeddable":true,"href":"https:\/\/lottohoy.com\/da\/wp-json\/wp\/v2\/comments?post=16776"}],"version-history":[{"count":2,"href":"https:\/\/lottohoy.com\/da\/wp-json\/wp\/v2\/pages\/16776\/revisions"}],"predecessor-version":[{"id":18345,"href":"https:\/\/lottohoy.com\/da\/wp-json\/wp\/v2\/pages\/16776\/revisions\/18345"}],"up":[{"embeddable":true,"href":"https:\/\/lottohoy.com\/da\/wp-json\/wp\/v2\/pages\/16746"}],"wp:attachment":[{"href":"https:\/\/lottohoy.com\/da\/wp-json\/wp\/v2\/media?parent=16776"}],"curies":[{"name":"wp","href":"https:\/\/api.w.org\/{rel}","templated":true}]}}