{"id":16768,"date":"2018-05-03T14:23:34","date_gmt":"2018-05-03T13:23:34","guid":{"rendered":"https:\/\/lottohoy.com\/?page_id=16768"},"modified":"2025-05-28T16:40:48","modified_gmt":"2025-05-28T15:40:48","slug":"faq-om-mega-millions-lotteriet","status":"publish","type":"page","link":"https:\/\/lottohoy.com\/da\/faq-om-online-lotteri\/faq-om-mega-millions-lotteriet\/","title":{"rendered":"FAQ om Mega Millions-lotteriet"},"content":{"rendered":"<p data-start=\"185\" data-end=\"438\">MegaMillions er et lotterispil fra USA, der i \u00f8jeblikket tilbydes i 44 stater. Nedenfor finder du generelle oplysninger om, hvorn\u00e5r tr\u00e6kningerne finder sted, hvordan man spiller, og alle de oplysninger, du har brug for, for at <a href=\"https:\/\/lottohoy.com\/da\/spil\/\">spille MegaMillions.<\/a><\/p>\n<h1 data-start=\"440\" data-end=\"477\"><strong>Hvordan spiller man MegaMillions?<\/strong><\/h1>\n<p data-start=\"479\" data-end=\"578\">Det er meget nemt at spille MegaMillions; p\u00e5 spillesiden ser du en startsk\u00e6rm med 5 spillekolonner.<\/p>\n<p data-start=\"580\" data-end=\"794\">Ved en enkel indsats bruger du den f\u00f8rste kolonne, hvor du skal v\u00e6lge 5 tal fra det \u00f8verste felt med numre fra 1 til 75, samt \u00e9t ekstra tal kaldet <strong data-start=\"727\" data-end=\"739\">MegaBall<\/strong>, som v\u00e6lges fra det andet felt med numre fra 1 til 25.<\/p>\n<p data-start=\"796\" data-end=\"950\">Du kan v\u00e6lge kombinationen manuelt ved at klikke p\u00e5 de \u00f8nskede tal, eller lade systemet v\u00e6lge tallene automatisk med en tilf\u00e6ldig generering af 5 + 1 tal.<\/p>\n<p data-start=\"952\" data-end=\"1145\">P\u00e5 vores platform kan du spille s\u00e5 mange r\u00e6kker, du vil, blot ved at klikke p\u00e5 <strong data-start=\"1031\" data-end=\"1054\">tilf\u00f8j flere linjer<\/strong>, op til et maksimum p\u00e5 20. Jo flere r\u00e6kker du spiller, desto st\u00f8rre er dine vinderchancer.<\/p>\n<h2 data-start=\"1147\" data-end=\"1183\"><strong>Amerikansk lotteri: MegaMillions<\/strong><\/h2>\n<p data-start=\"1185\" data-end=\"1291\">MegaMillions i sin nuv\u00e6rende form g\u00e5r tilbage til 2002, men i 1996 var spillet kendt som <strong data-start=\"1274\" data-end=\"1290\">The Big Game<\/strong>.<\/p>\n<p data-start=\"1293\" data-end=\"1409\">I l\u00f8bet af de sidste 24 \u00e5r er spillet blevet \u00e6ndret flere gange for at g\u00f8re pr\u00e6mierne mere attraktive for spillerne.<\/p>\n<p data-start=\"1411\" data-end=\"1650\">Fra april 2025 er der tr\u00e5dt en ny struktur i kraft, som omfatter: en stigning i den garanterede minimumspr\u00e6mie, en obligatorisk multiplikator (som tidligere var valgfri og kostede ekstra), samt en \u00e6ndring i prisen p\u00e5 den almindelige kupon.<\/p>\n<p data-start=\"1652\" data-end=\"1904\">Minimumspr\u00e6mien i f\u00f8rste kategori \u00f8ges til $40 millioner. De \u00f8vrige pr\u00e6miekategorier opdateres ogs\u00e5, og pr\u00e6mierne kan nu ganges med x2, x3, x4, x5 eller endda x10 ved hj\u00e6lp af <a href=\"https:\/\/lottohoy.com\/da\/resultater-af-lotterier\/mega-millions-resultater\/\"><strong data-start=\"1828\" data-end=\"1860\">MegaMillions Multiplikatoren<\/strong><\/a>, som automatisk er inkluderet i hver kupon.<\/p>\n<p data-start=\"1906\" data-end=\"1995\">Multiplikatoren genereres tilf\u00e6ldigt af systemet og tilf\u00f8jer ekstra sp\u00e6nding til spillet.<\/p>\n<p data-start=\"1997\" data-end=\"2254\">Et af arrang\u00f8rernes m\u00e5l var at n\u00e5 en jackpot p\u00e5 1 milliard dollars. Den h\u00f8jeste gevinst indtil videre var p\u00e5 $1,602 milliarder den 9. august 2023 (selvom denne blev overg\u00e5et af konkurrenten <a href=\"https:\/\/lottohoy.com\/da\/spil\/powerball\/\"><strong data-start=\"2187\" data-end=\"2200\">Powerball<\/strong><\/a>, som udbetalte $2,4 milliarder den 7. november 2022).<\/p>\n<p data-start=\"2256\" data-end=\"2378\">MegaMillions-kuponer kan k\u00f8bes b\u00e5de af amerikanske statsborgere og udl\u00e6ndinge, som angivet i reglerne og skattepolitikken.<\/p>\n<h2 data-start=\"2380\" data-end=\"2418\"><strong>S\u00e5dan k\u00f8ber du MegaMillions online<\/strong><\/h2>\n<p data-start=\"2420\" data-end=\"2601\">Via vores platform lottphoy.com er det meget nemt at k\u00f8be denne lotteri-kupon. Du skal blot <a href=\"https:\/\/lottohoy.com\/da\/login\/\"><strong data-start=\"2536\" data-end=\"2560\">logge ind som bruger<\/strong><\/a> eller <strong data-start=\"2567\" data-end=\"2600\">oprette en gratis brugerkonto<\/strong>.<\/p>\n<p data-start=\"2603\" data-end=\"2787\">At oprette en konto er hurtigt og gratis. Klik p\u00e5<a href=\"https:\/\/lottohoy.com\/da\/registrering\/\"> <strong data-start=\"2653\" data-end=\"2666\">Registrer<\/strong><\/a> i \u00f8verste h\u00f8jre hj\u00f8rne af sk\u00e6rmen, udfyld den korte formular med din e-mailadresse, v\u00e6lg en adgangskode, og bekr\u00e6ft den.<\/p>\n<p data-start=\"2789\" data-end=\"2919\">Du vil derefter modtage en e-mail for at bekr\u00e6fte og aktivere din konto, s\u00e5 du f\u00e5r adgang til alle funktionerne i din brugerkonto.<\/p>\n<p data-start=\"2921\" data-end=\"3108\">N\u00e5r alle oplysninger er sat op, kan du inds\u00e6tte penge p\u00e5 din konto eller direkte betale for din deltagelse i <a href=\"https:\/\/lottohoy.com\/da\/spil\/spil-mega-millions\/\">MegaMillions<\/a> eller andre <a class=\"\" href=\"https:\/\/lottohoy.com\/da\/spil\/\" target=\"_new\" rel=\"noopener\" data-start=\"3055\" data-end=\"3095\">online lotterier<\/a> p\u00e5 LottoHoy.<\/p>\n<p data-start=\"3110\" data-end=\"3284\">At have penge p\u00e5 din brugerkonto g\u00f8r det lettere at k\u00f8be kuponer n\u00e5r som helst og hvor som helst. Hvis du foretr\u00e6kker at k\u00f8be enkeltkuponer, er det heller ikke noget problem.<\/p>\n<h2 data-start=\"3286\" data-end=\"3331\"><strong>Fordele ved at spille MegaMillions online<\/strong><\/h2>\n<p data-start=\"3333\" data-end=\"3548\">Hos LottoHoy tilbyder vi ikke kun de st\u00f8rste lotterier i verden, men ogs\u00e5 den mest omfattende information online om resultater og pr\u00e6mier, mange betalingsmuligheder og sikkerheden fra et seri\u00f8st og ansvarligt firma.<\/p>\n<p data-start=\"3550\" data-end=\"3627\">At k\u00f8be en kupon via vores platform er ligesom at g\u00f8re det fysisk i en butik.<\/p>\n<p data-start=\"3629\" data-end=\"3671\">Fordelene ved at spille hos os inkluderer:<\/p>\n<p data-start=\"3673\" data-end=\"4292\">\u25cf <strong data-start=\"3675\" data-end=\"3693\">Bekvemmelighed<\/strong> ved k\u00f8b af MegaMillions-kuponer via sikre protokoller p\u00e5 lottohoy.com<br data-start=\"3787\" data-end=\"3790\" \/>\u25cf <strong data-start=\"3792\" data-end=\"3819\">Personlige opdateringer<\/strong> om nye tr\u00e6kninger og kampagner<br data-start=\"3850\" data-end=\"3853\" \/>\u25cf <strong data-start=\"3855\" data-end=\"3880\">Opdaterede <a href=\"https:\/\/lottohoy.com\/da\/resultater-af-lotterier\/mega-millions-resultater\/\">resultater<\/a><\/strong> af MegaMillions efter hver tr\u00e6kning<br data-start=\"3916\" data-end=\"3919\" \/>\u25cf <strong data-start=\"3921\" data-end=\"3949\">\u00d8jeblikkelig inds\u00e6ttelse<\/strong> af vundne pr\u00e6mier p\u00e5 din brugerkonto<br data-start=\"3986\" data-end=\"3989\" \/>\u25cf <strong data-start=\"3991\" data-end=\"4026\">Kontrol over alle transaktioner<\/strong> via din brugerkonto: indskud, betalinger, gevinster osv.<br data-start=\"4083\" data-end=\"4086\" \/>\u25cf <strong data-start=\"4088\" data-end=\"4128\">Fleksible ind- og udbetalingsmetoder<\/strong><br data-start=\"4128\" data-end=\"4131\" \/>\u25cf <strong data-start=\"4133\" data-end=\"4192\">Mulighed for at deltage i ekstra tr\u00e6kninger og bonusser<\/strong> fra lottohoy.com<br data-start=\"4209\" data-end=\"4212\" \/>\u25cf <strong data-start=\"4214\" data-end=\"4233\">Ekstra services<\/strong>, der l\u00f8bende tilf\u00f8jes for at tilfredsstille vores kunder<\/p>\n<p data-start=\"4294\" data-end=\"4372\">Og det hele uden at forlade dit hjem, din arbejdsplads \u2013 eller hvor end du er.<\/p>\n<h2 data-start=\"4374\" data-end=\"4422\"><strong>Udbetalinger og vinderchancer i MegaMillions<\/strong><\/h2>\n<p data-start=\"4424\" data-end=\"4558\">Tabellen nedenfor viser, hvordan pr\u00e6mierne i MegaMillions er fordelt, samt dine vinderchancer med en tilf\u00e6ldigt tildelt multiplikator:<\/p>\n<div class=\"_tableContainer_16hzy_1\">\n<div class=\"_tableWrapper_16hzy_14 group flex w-fit flex-col-reverse\">\n<table class=\"w-fit min-w-(--thread-content-width)\" data-start=\"4560\" data-end=\"5599\">\n<thead data-start=\"4560\" data-end=\"4654\">\n<tr data-start=\"4560\" data-end=\"4654\">\n<th data-start=\"4560\" data-end=\"4576\" data-col-size=\"sm\">Rigtige tal<\/th>\n<th data-start=\"4576\" data-end=\"4592\" data-col-size=\"sm\">Gevinst<\/th>\n<th data-start=\"4592\" data-end=\"4604\" data-col-size=\"sm\">x2<\/th>\n<th data-start=\"4604\" data-end=\"4616\" data-col-size=\"sm\">x3<\/th>\n<th data-start=\"4616\" data-end=\"4628\" data-col-size=\"sm\">x4<\/th>\n<th data-start=\"4628\" data-end=\"4640\" data-col-size=\"sm\">x5<\/th>\n<th data-start=\"4640\" data-end=\"4654\" data-col-size=\"sm\">x10<\/th>\n<\/tr>\n<\/thead>\n<tbody data-start=\"4750\" data-end=\"5599\">\n<tr data-start=\"4750\" data-end=\"4799\">\n<td style=\"text-align: center\" data-start=\"4750\" data-end=\"4766\" data-col-size=\"sm\">5 + MB<\/td>\n<td data-col-size=\"sm\" data-start=\"4766\" data-end=\"4782\">Jackpot<\/td>\n<td data-col-size=\"sm\" data-start=\"4782\" data-end=\"4799\">Ikke relevant<\/td>\n<td data-col-size=\"sm\">Ikke relevant<\/td>\n<td data-col-size=\"sm\">Ikke relevant<\/td>\n<td data-col-size=\"sm\">Ikke relevant<\/td>\n<td data-col-size=\"sm\">Ikke relevant<\/td>\n<\/tr>\n<tr data-start=\"4800\" data-end=\"4899\">\n<td style=\"text-align: center\" data-start=\"4800\" data-end=\"4816\" data-col-size=\"sm\">5<\/td>\n<td data-col-size=\"sm\" data-start=\"4816\" data-end=\"4832\">$1.000.000<\/td>\n<td data-col-size=\"sm\" data-start=\"4832\" data-end=\"4845\">$2.000.000<\/td>\n<td data-col-size=\"sm\" data-start=\"4845\" data-end=\"4858\">$3.000.000<\/td>\n<td data-col-size=\"sm\" data-start=\"4858\" data-end=\"4871\">$4.000.000<\/td>\n<td data-col-size=\"sm\" data-start=\"4871\" data-end=\"4884\">$5.000.000<\/td>\n<td data-col-size=\"sm\" data-start=\"4884\" data-end=\"4899\">$10.000.000<\/td>\n<\/tr>\n<tr data-start=\"4900\" data-end=\"4999\">\n<td style=\"text-align: center\" data-start=\"4900\" data-end=\"4916\" data-col-size=\"sm\">4 + MB<\/td>\n<td data-col-size=\"sm\" data-start=\"4916\" data-end=\"4932\">$10.000<\/td>\n<td data-col-size=\"sm\" data-start=\"4932\" data-end=\"4945\">$20.000<\/td>\n<td data-col-size=\"sm\" data-start=\"4945\" data-end=\"4958\">$30.000<\/td>\n<td data-col-size=\"sm\" data-start=\"4958\" data-end=\"4971\">$40.000<\/td>\n<td data-col-size=\"sm\" data-start=\"4971\" data-end=\"4984\">$50.000<\/td>\n<td data-col-size=\"sm\" data-start=\"4984\" data-end=\"4999\">$100.000<\/td>\n<\/tr>\n<tr data-start=\"5000\" data-end=\"5099\">\n<td style=\"text-align: center\" data-start=\"5000\" data-end=\"5016\" data-col-size=\"sm\">4<\/td>\n<td data-col-size=\"sm\" data-start=\"5016\" data-end=\"5032\">$500<\/td>\n<td data-col-size=\"sm\" data-start=\"5032\" data-end=\"5045\">$1.000<\/td>\n<td data-col-size=\"sm\" data-start=\"5045\" data-end=\"5058\">$1.500<\/td>\n<td data-col-size=\"sm\" data-start=\"5058\" data-end=\"5071\">$2.000<\/td>\n<td data-col-size=\"sm\" data-start=\"5071\" data-end=\"5084\">$2.500<\/td>\n<td data-col-size=\"sm\" data-start=\"5084\" data-end=\"5099\">$5.000<\/td>\n<\/tr>\n<tr data-start=\"5100\" data-end=\"5199\">\n<td style=\"text-align: center\" data-start=\"5100\" data-end=\"5116\" data-col-size=\"sm\">3 + MB<\/td>\n<td data-col-size=\"sm\" data-start=\"5116\" data-end=\"5132\">$200<\/td>\n<td data-col-size=\"sm\" data-start=\"5132\" data-end=\"5145\">$400<\/td>\n<td data-col-size=\"sm\" data-start=\"5145\" data-end=\"5158\">$600<\/td>\n<td data-col-size=\"sm\" data-start=\"5158\" data-end=\"5171\">$800<\/td>\n<td data-col-size=\"sm\" data-start=\"5171\" data-end=\"5184\">$1.000<\/td>\n<td data-col-size=\"sm\" data-start=\"5184\" data-end=\"5199\">$2.000<\/td>\n<\/tr>\n<tr data-start=\"5200\" data-end=\"5299\">\n<td style=\"text-align: center\" data-start=\"5200\" data-end=\"5216\" data-col-size=\"sm\">3<\/td>\n<td data-col-size=\"sm\" data-start=\"5216\" data-end=\"5232\">$10<\/td>\n<td data-col-size=\"sm\" data-start=\"5232\" data-end=\"5245\">$20<\/td>\n<td data-col-size=\"sm\" data-start=\"5245\" data-end=\"5258\">$30<\/td>\n<td data-col-size=\"sm\" data-start=\"5258\" data-end=\"5271\">$40<\/td>\n<td data-col-size=\"sm\" data-start=\"5271\" data-end=\"5284\">$50<\/td>\n<td data-col-size=\"sm\" data-start=\"5284\" data-end=\"5299\">$100<\/td>\n<\/tr>\n<tr data-start=\"5300\" data-end=\"5399\">\n<td style=\"text-align: center\" data-start=\"5300\" data-end=\"5316\" data-col-size=\"sm\">2 + MB<\/td>\n<td data-col-size=\"sm\" data-start=\"5316\" data-end=\"5332\">$10<\/td>\n<td data-col-size=\"sm\" data-start=\"5332\" data-end=\"5345\">$20<\/td>\n<td data-col-size=\"sm\" data-start=\"5345\" data-end=\"5358\">$30<\/td>\n<td data-col-size=\"sm\" data-start=\"5358\" data-end=\"5371\">$40<\/td>\n<td data-col-size=\"sm\" data-start=\"5371\" data-end=\"5384\">$50<\/td>\n<td data-col-size=\"sm\" data-start=\"5384\" data-end=\"5399\">$100<\/td>\n<\/tr>\n<tr data-start=\"5400\" data-end=\"5499\">\n<td style=\"text-align: center\" data-start=\"5400\" data-end=\"5416\" data-col-size=\"sm\">1 + MB<\/td>\n<td data-start=\"5416\" data-end=\"5432\" data-col-size=\"sm\">$7<\/td>\n<td data-col-size=\"sm\" data-start=\"5432\" data-end=\"5445\">$14<\/td>\n<td data-col-size=\"sm\" data-start=\"5445\" data-end=\"5458\">$21<\/td>\n<td data-col-size=\"sm\" data-start=\"5458\" data-end=\"5471\">$28<\/td>\n<td data-col-size=\"sm\" data-start=\"5471\" data-end=\"5484\">$35<\/td>\n<td data-col-size=\"sm\" data-start=\"5484\" data-end=\"5499\">$70<\/td>\n<\/tr>\n<tr data-start=\"5500\" data-end=\"5599\">\n<td style=\"text-align: center\" data-start=\"5500\" data-end=\"5516\" data-col-size=\"sm\">MB<\/td>\n<td data-col-size=\"sm\" data-start=\"5516\" data-end=\"5532\">$5<\/td>\n<td data-col-size=\"sm\" data-start=\"5532\" data-end=\"5545\">$10<\/td>\n<td data-col-size=\"sm\" data-start=\"5545\" data-end=\"5558\">$15<\/td>\n<td data-col-size=\"sm\" data-start=\"5558\" data-end=\"5571\">$20<\/td>\n<td data-col-size=\"sm\" data-start=\"5571\" data-end=\"5584\">$25<\/td>\n<td data-col-size=\"sm\" data-start=\"5584\" data-end=\"5599\">$50<\/td>\n<\/tr>\n<\/tbody>\n<\/table>\n<div class=\"sticky end-(--thread-content-margin) h-0 self-end select-none\">\n<div class=\"absolute end-0 flex items-end\"><\/div>\n<\/div>\n<\/div>\n<\/div>\n<p data-start=\"5601\" data-end=\"5755\">Nu handler det ikke l\u00e6ngere kun om at ramme seks tal \u2013 <strong data-start=\"5656\" data-end=\"5692\">hver gevinst kan blive sp\u00e6ndende<\/strong>, fordi den tilf\u00e6ldige multiplikator giver en ekstra dimension.<\/p>\n<h3 data-start=\"5757\" data-end=\"5790\"><strong>Multiplikator-sandsynligheder<\/strong><\/h3>\n<div class=\"_tableContainer_16hzy_1\">\n<div class=\"_tableWrapper_16hzy_14 group flex w-fit flex-col-reverse\">\n<table class=\"w-fit min-w-(--thread-content-width)\" style=\"width: 265px\" data-start=\"5792\" data-end=\"6035\">\n<thead data-start=\"5792\" data-end=\"5825\">\n<tr data-start=\"5792\" data-end=\"5825\">\n<th style=\"width: 117.672px;text-align: center\" data-start=\"5792\" data-end=\"5808\" data-col-size=\"sm\">Multiplikator<\/th>\n<th style=\"width: 131.328px;text-align: center\" data-start=\"5808\" data-end=\"5825\" data-col-size=\"sm\">Sandsynlighed<\/th>\n<\/tr>\n<\/thead>\n<tbody data-start=\"5861\" data-end=\"6035\">\n<tr data-start=\"5861\" data-end=\"5895\">\n<td style=\"width: 117.672px;text-align: center\" data-start=\"5861\" data-end=\"5877\" data-col-size=\"sm\">x10<\/td>\n<td style=\"width: 131.328px;text-align: center\" data-col-size=\"sm\" data-start=\"5877\" data-end=\"5895\">1 ud af 32<\/td>\n<\/tr>\n<tr data-start=\"5896\" data-end=\"5930\">\n<td style=\"width: 117.672px;text-align: center\" data-start=\"5896\" data-end=\"5912\" data-col-size=\"sm\">x5<\/td>\n<td style=\"width: 131.328px;text-align: center\" data-col-size=\"sm\" data-start=\"5912\" data-end=\"5930\">1 ud af 16<\/td>\n<\/tr>\n<tr data-start=\"5931\" data-end=\"5965\">\n<td style=\"width: 117.672px;text-align: center\" data-start=\"5931\" data-end=\"5947\" data-col-size=\"sm\">x4<\/td>\n<td style=\"width: 131.328px;text-align: center\" data-col-size=\"sm\" data-start=\"5947\" data-end=\"5965\">1 ud af 8<\/td>\n<\/tr>\n<tr data-start=\"5966\" data-end=\"6000\">\n<td style=\"width: 117.672px;text-align: center\" data-start=\"5966\" data-end=\"5982\" data-col-size=\"sm\">x3<\/td>\n<td style=\"width: 131.328px;text-align: center\" data-col-size=\"sm\" data-start=\"5982\" data-end=\"6000\">1 ud af 3<\/td>\n<\/tr>\n<tr data-start=\"6001\" data-end=\"6035\">\n<td style=\"width: 117.672px;text-align: center\" data-start=\"6001\" data-end=\"6017\" data-col-size=\"sm\">x2<\/td>\n<td style=\"width: 131.328px;text-align: center\" data-col-size=\"sm\" data-start=\"6017\" data-end=\"6035\">1 ud af 2<\/td>\n<\/tr>\n<\/tbody>\n<\/table>\n<div class=\"sticky end-(--thread-content-margin) h-0 self-end select-none\">\n<div class=\"absolute end-0 flex items-end\"><\/div>\n<\/div>\n<\/div>\n<\/div>\n<p data-start=\"6037\" data-end=\"6129\">50 % af det samlede salg g\u00e5r til pr\u00e6mieudbetalinger. Den samlede vinderchance er 1 ud af 24.<\/p>\n","protected":false},"excerpt":{"rendered":"<p>MegaMillions er et lotterispil fra USA, der i \u00f8jeblikket tilbydes i 44 stater. Nedenfor finder du generelle oplysninger om, hvorn\u00e5r tr\u00e6kningerne finder sted, hvordan man spiller, og alle de oplysninger, du har brug for, for at spille MegaMillions. Hvordan spiller man MegaMillions? Det er meget nemt at spille MegaMillions; p\u00e5 spillesiden ser du en startsk\u00e6rm [&hellip;]<\/p>\n","protected":false},"author":7,"featured_media":0,"parent":16746,"menu_order":2,"comment_status":"closed","ping_status":"closed","template":"megamillion-info.php","meta":{"_et_pb_use_builder":"","_et_pb_old_content":"","_et_gb_content_width":"","exclude_from_search":false,"footnotes":""},"class_list":["post-16768","page","type-page","status-publish","hentry"],"yoast_head":"<!-- This site is optimized with the Yoast SEO plugin v23.7 - https:\/\/yoast.com\/wordpress\/plugins\/seo\/ -->\n<title>\u25b7 Mega Millions Online Lottery Guide\u30102021\u3011- Lottohoy<\/title>\n<meta name=\"description\" content=\"Opdag, hvorfor Megamillions er et af de st\u00f8rste og mest popul\u00e6re lotterier i verden. Du kan f\u00e5 din kupon til den n\u00e6ste tr\u00e6kning nu!\" \/>\n<meta name=\"robots\" content=\"index, follow, max-snippet:-1, max-image-preview:large, max-video-preview:-1\" \/>\n<link rel=\"canonical\" href=\"https:\/\/lottohoy.com\/da\/faq-om-online-lotteri\/faq-om-mega-millions-lotteriet\/\" \/>\n<meta property=\"og:locale\" content=\"da_DK\" \/>\n<meta property=\"og:type\" content=\"article\" \/>\n<meta property=\"og:title\" content=\"\u25b7 Mega Millions Online Lottery Guide\u30102021\u3011- Lottohoy\" \/>\n<meta property=\"og:description\" content=\"Opdag, hvorfor Megamillions er et af de st\u00f8rste og mest popul\u00e6re lotterier i verden. Du kan f\u00e5 din kupon til den n\u00e6ste tr\u00e6kning nu!\" \/>\n<meta property=\"og:url\" content=\"https:\/\/lottohoy.com\/da\/faq-om-online-lotteri\/faq-om-mega-millions-lotteriet\/\" \/>\n<meta property=\"og:site_name\" content=\"Lottohoy\" \/>\n<meta property=\"article:modified_time\" content=\"2025-05-28T15:40:48+00:00\" \/>\n<meta name=\"twitter:card\" content=\"summary_large_image\" \/>\n<meta name=\"twitter:label1\" content=\"Estimeret l\u00e6setid\" \/>\n\t<meta name=\"twitter:data1\" content=\"4 minutter\" \/>\n<script type=\"application\/ld+json\" class=\"yoast-schema-graph\">{\"@context\":\"https:\/\/schema.org\",\"@graph\":[{\"@type\":\"WebPage\",\"@id\":\"https:\/\/lottohoy.com\/da\/faq-om-online-lotteri\/faq-om-mega-millions-lotteriet\/\",\"url\":\"https:\/\/lottohoy.com\/da\/faq-om-online-lotteri\/faq-om-mega-millions-lotteriet\/\",\"name\":\"\u25b7 Mega Millions Online Lottery Guide\u30102021\u3011- Lottohoy\",\"isPartOf\":{\"@id\":\"https:\/\/lottohoy.com\/da\/#website\"},\"datePublished\":\"2018-05-03T13:23:34+00:00\",\"dateModified\":\"2025-05-28T15:40:48+00:00\",\"description\":\"Opdag, hvorfor Megamillions er et af de st\u00f8rste og mest popul\u00e6re lotterier i verden. Du kan f\u00e5 din kupon til den n\u00e6ste tr\u00e6kning nu!\",\"breadcrumb\":{\"@id\":\"https:\/\/lottohoy.com\/da\/faq-om-online-lotteri\/faq-om-mega-millions-lotteriet\/#breadcrumb\"},\"inLanguage\":\"da-DK\",\"potentialAction\":[{\"@type\":\"ReadAction\",\"target\":[\"https:\/\/lottohoy.com\/da\/faq-om-online-lotteri\/faq-om-mega-millions-lotteriet\/\"]}]},{\"@type\":\"BreadcrumbList\",\"@id\":\"https:\/\/lottohoy.com\/da\/faq-om-online-lotteri\/faq-om-mega-millions-lotteriet\/#breadcrumb\",\"itemListElement\":[{\"@type\":\"ListItem\",\"position\":1,\"name\":\"Home\",\"item\":\"https:\/\/lottohoy.com\/da\/\"},{\"@type\":\"ListItem\",\"position\":2,\"name\":\"FAQ om online-lotteri\",\"item\":\"https:\/\/lottohoy.com\/da\/faq-om-online-lotteri\/\"},{\"@type\":\"ListItem\",\"position\":3,\"name\":\"FAQ om Mega Millions-lotteriet\"}]},{\"@type\":\"WebSite\",\"@id\":\"https:\/\/lottohoy.com\/da\/#website\",\"url\":\"https:\/\/lottohoy.com\/da\/\",\"name\":\"Lottohoy\",\"description\":\"\",\"potentialAction\":[{\"@type\":\"SearchAction\",\"target\":{\"@type\":\"EntryPoint\",\"urlTemplate\":\"https:\/\/lottohoy.com\/da\/?s={search_term_string}\"},\"query-input\":{\"@type\":\"PropertyValueSpecification\",\"valueRequired\":true,\"valueName\":\"search_term_string\"}}],\"inLanguage\":\"da-DK\"}]}<\/script>\n<!-- \/ Yoast SEO plugin. -->","yoast_head_json":{"title":"\u25b7 Mega Millions Online Lottery Guide\u30102021\u3011- Lottohoy","description":"Opdag, hvorfor Megamillions er et af de st\u00f8rste og mest popul\u00e6re lotterier i verden. Du kan f\u00e5 din kupon til den n\u00e6ste tr\u00e6kning nu!","robots":{"index":"index","follow":"follow","max-snippet":"max-snippet:-1","max-image-preview":"max-image-preview:large","max-video-preview":"max-video-preview:-1"},"canonical":"https:\/\/lottohoy.com\/da\/faq-om-online-lotteri\/faq-om-mega-millions-lotteriet\/","og_locale":"da_DK","og_type":"article","og_title":"\u25b7 Mega Millions Online Lottery Guide\u30102021\u3011- Lottohoy","og_description":"Opdag, hvorfor Megamillions er et af de st\u00f8rste og mest popul\u00e6re lotterier i verden. Du kan f\u00e5 din kupon til den n\u00e6ste tr\u00e6kning nu!","og_url":"https:\/\/lottohoy.com\/da\/faq-om-online-lotteri\/faq-om-mega-millions-lotteriet\/","og_site_name":"Lottohoy","article_modified_time":"2025-05-28T15:40:48+00:00","twitter_card":"summary_large_image","twitter_misc":{"Estimeret l\u00e6setid":"4 minutter"},"schema":{"@context":"https:\/\/schema.org","@graph":[{"@type":"WebPage","@id":"https:\/\/lottohoy.com\/da\/faq-om-online-lotteri\/faq-om-mega-millions-lotteriet\/","url":"https:\/\/lottohoy.com\/da\/faq-om-online-lotteri\/faq-om-mega-millions-lotteriet\/","name":"\u25b7 Mega Millions Online Lottery Guide\u30102021\u3011- Lottohoy","isPartOf":{"@id":"https:\/\/lottohoy.com\/da\/#website"},"datePublished":"2018-05-03T13:23:34+00:00","dateModified":"2025-05-28T15:40:48+00:00","description":"Opdag, hvorfor Megamillions er et af de st\u00f8rste og mest popul\u00e6re lotterier i verden. Du kan f\u00e5 din kupon til den n\u00e6ste tr\u00e6kning nu!","breadcrumb":{"@id":"https:\/\/lottohoy.com\/da\/faq-om-online-lotteri\/faq-om-mega-millions-lotteriet\/#breadcrumb"},"inLanguage":"da-DK","potentialAction":[{"@type":"ReadAction","target":["https:\/\/lottohoy.com\/da\/faq-om-online-lotteri\/faq-om-mega-millions-lotteriet\/"]}]},{"@type":"BreadcrumbList","@id":"https:\/\/lottohoy.com\/da\/faq-om-online-lotteri\/faq-om-mega-millions-lotteriet\/#breadcrumb","itemListElement":[{"@type":"ListItem","position":1,"name":"Home","item":"https:\/\/lottohoy.com\/da\/"},{"@type":"ListItem","position":2,"name":"FAQ om online-lotteri","item":"https:\/\/lottohoy.com\/da\/faq-om-online-lotteri\/"},{"@type":"ListItem","position":3,"name":"FAQ om Mega Millions-lotteriet"}]},{"@type":"WebSite","@id":"https:\/\/lottohoy.com\/da\/#website","url":"https:\/\/lottohoy.com\/da\/","name":"Lottohoy","description":"","potentialAction":[{"@type":"SearchAction","target":{"@type":"EntryPoint","urlTemplate":"https:\/\/lottohoy.com\/da\/?s={search_term_string}"},"query-input":{"@type":"PropertyValueSpecification","valueRequired":true,"valueName":"search_term_string"}}],"inLanguage":"da-DK"}]}},"_links":{"self":[{"href":"https:\/\/lottohoy.com\/da\/wp-json\/wp\/v2\/pages\/16768","targetHints":{"allow":["GET"]}}],"collection":[{"href":"https:\/\/lottohoy.com\/da\/wp-json\/wp\/v2\/pages"}],"about":[{"href":"https:\/\/lottohoy.com\/da\/wp-json\/wp\/v2\/types\/page"}],"author":[{"embeddable":true,"href":"https:\/\/lottohoy.com\/da\/wp-json\/wp\/v2\/users\/7"}],"replies":[{"embeddable":true,"href":"https:\/\/lottohoy.com\/da\/wp-json\/wp\/v2\/comments?post=16768"}],"version-history":[{"count":3,"href":"https:\/\/lottohoy.com\/da\/wp-json\/wp\/v2\/pages\/16768\/revisions"}],"predecessor-version":[{"id":20029,"href":"https:\/\/lottohoy.com\/da\/wp-json\/wp\/v2\/pages\/16768\/revisions\/20029"}],"up":[{"embeddable":true,"href":"https:\/\/lottohoy.com\/da\/wp-json\/wp\/v2\/pages\/16746"}],"wp:attachment":[{"href":"https:\/\/lottohoy.com\/da\/wp-json\/wp\/v2\/media?parent=16768"}],"curies":[{"name":"wp","href":"https:\/\/api.w.org\/{rel}","templated":true}]}}