{"id":16752,"date":"2018-05-03T14:23:34","date_gmt":"2018-05-03T13:23:34","guid":{"rendered":"https:\/\/lottohoy.com\/faq-om-online-lotteri\/faq-om-powerball-lotteriet\/"},"modified":"2018-05-03T14:23:34","modified_gmt":"2018-05-03T13:23:34","slug":"faq-om-powerball-lotteriet","status":"publish","type":"page","link":"https:\/\/lottohoy.com\/da\/faq-om-online-lotteri\/faq-om-powerball-lotteriet\/","title":{"rendered":"FAQ om Powerball-lotteriet"},"content":{"rendered":"<p>Powerball er det vigtigste lotteri i USA (sammen med <a href=\"https:\/\/lottohoy.com\/play\/mega-millions\/\">MegaMillions<\/a>). Det spilles i 44 stater, foruden Puerto Rico og De Amerikanske Jomfru\u00f8er. Og fra nu af kan du ogs\u00e5 <a href=\"https:\/\/lottohoy.com\/play\/powerball\/\">k\u00f8be Powerball online<\/a> hos LottoHoy.<\/p>\n<h2><strong>Powerball-lotteriet<\/strong><\/h2>\n<p>Det mest karakteristiske ved Powerball er, at det har en indledende <strong>minimumsjackpot p\u00e5 40 millioner dollars<\/strong>, som vil blive \u00f8get ubegr\u00e6nset i tilf\u00e6lde af, at der ikke er nogen vindere i den f\u00f8rste kategori.<\/p>\n<p>Vinderne i den s\u00e6rlige kategori kan v\u00e6lge at modtage pengepr\u00e6mien p\u00e5 \u00e9n gang (eksklusive skatter og udgifter) eller at f\u00e5 den udbetalt i 30 annuiteter.<\/p>\n<h2><strong>Hvordan fungerer Powerball-lotteriet?<\/strong><\/h2>\n<p>At<a href=\"https:\/\/lottohoy.com\/play\/powerball\/\"><strong>spille Powerball<\/strong><\/a> er s\u00e5 enkelt som at v\u00e6lge <strong>fem tal<\/strong>fra 1 til 69 hvide kugler og <strong>et tal<\/strong> fra 1 til 26 r\u00f8de kugler).<\/p>\n<p><strong>Vindertallene<\/strong> udv\u00e6lges ved hj\u00e6lp af to kuglemaskiner. Fra den f\u00f8rste maskine tr\u00e6kkes fem hvide kugler, og fra den anden maskine tr\u00e6kkes de r\u00f8de kugler.<\/p>\n<p>For at <strong>vinde en pr\u00e6mie<\/strong> skal du mindst matche Powerball, hvilket vil give dig den laveste pr\u00e6mie. Der er i alt ni pr\u00e6miekategorier afh\u00e6ngigt af, hvor mange tal du har matchet.<\/p>\n<h2><strong>Hvorn\u00e5r tr\u00e6kkes der Powerball?<\/strong><\/h2>\n<p>De officielle Powerball-tr\u00e6kninger afholdes hver <strong>mandag,<\/strong> <strong>onsdag og l\u00f8rdag kl. 22:59 ET<\/strong> i Florida, USA (kl. 4:59 CET torsdag og s\u00f8ndag).<\/p>\n<p>Tr\u00e6kningerne sendes p\u00e5 tv i hele USA, og kort tid efter, n\u00e5r den sidste kontrol er f\u00e6rdig, kan du se <a href=\"https:\/\/lottohoy.com\/results\/powerball\/\"><strong>resultatet af den officielle Powerball-tr\u00e6kning<\/strong><\/a> p\u00e5 vores online platform.<\/p>\n<h2><strong>Hvor meget koster Powerball-billetter?<\/strong><\/h2>\n<p>Du kan spille Powerball online hos LottoHoy fra \u20ac3,95. Dette er den <strong>bedste mulighed<\/strong>, som nogen online agent tilbyder.<\/p>\n<p>Husk, at det at spille Powerball hos LottoHoy er som at g\u00f8re det direkte i USA. Vi handler p\u00e5 vegne af dig og k\u00f8ber kuponen fra en <strong>officiel forhandler<\/strong>, s\u00e5 du er <strong>garanteret<\/strong> at modtage din gevinst.<\/p>\n<h2><strong>Hvor kan man k\u00f8be Powerball-kuponer online?<\/strong><\/h2>\n<p>Du kan <strong>k\u00f8be dine Powerball-kuponer<\/strong> hos LottoHoy. Der er mange fordele ved at spille med i mods\u00e6tning til at g\u00f8re det gennem fysiske salgssteder. Her er nogle af dem:<\/p>\n<ul>\n<li style=\"list-style-type: none;\">\n<ul>\n<li>Komforten ved at kunne <strong>spille<\/strong> p\u00e5 et <strong>hvilket som helst tidspunkt<\/strong> af dagen eller natten, 24\/7.<\/li>\n<li>Det kan spilles fra <strong>enhver mobil enhed<\/strong>, tablet eller computer.<\/li>\n<li><strong>Alle kan spille<\/strong> fra et hvilket som helst geografisk sted med en grundl\u00e6ggende internetforbindelse.<\/li>\n<li>Det er <strong>100 % sikkert<\/strong>. Billetten k\u00f8bes direkte fra den autoriserede virksomhed (eller enhed, der tilbyder tjenesten), og dermed <strong>er deltagelsen reel<\/strong>.<\/li>\n<li><strong>Pr\u00e6mierne inds\u00e6ttes automatisk<\/strong> p\u00e5 din brugerkonto efter hver lodtr\u00e6kning.<\/li>\n<li>Du kan se alle de udf\u00f8rte transaktioner i din <strong>brugerprofil<\/strong>.<\/li>\n<li>V\u00e6lg mellem en <strong>bred vifte af betalingsmetoder<\/strong>, ind- og udbetalinger.<\/li>\n<li>\u00a0<\/li>\n<\/ul>\n<\/li>\n<\/ul>\n<h2><strong>Hvilke Powerball-numre kommer op flest gange?<\/strong><\/h2>\n<p>Som du ved, har vi p\u00e5 vores <a href=\"https:\/\/lottohoy.com\/results\/powerball\/\"><strong>Powerball-resultatside<\/strong><\/a> resultaterne af tr\u00e6kningerne fra de sidste to \u00e5r. En analyse af <strong>vindertallene<\/strong> kan hj\u00e6lpe dig med at \u00f8ge dine chancer for at <strong>vinde<\/strong> en pr\u00e6mie.<\/p>\n<p>De tal, der v\u00e6lges hyppigst, er <strong>8, 26, 22, 23 og 36.<\/strong> Omvendt er de tal, der er blevet valgt mindst, <strong>15, 51, 37, 47, 12, 4 og 24.<\/strong><\/p>\n<h2><strong>Chancer for at vinde i PowerBall<\/strong><\/h2>\n<p>Nedenfor kan du se <strong>sandsynligheden for at vinde<\/strong> i hver af Powerball-kategorierne.<\/p>\n","protected":false},"excerpt":{"rendered":"<p>Powerball er det vigtigste lotteri i USA (sammen med MegaMillions). Det spilles i 44 stater, foruden Puerto Rico og De Amerikanske Jomfru\u00f8er. Og fra nu af kan du ogs\u00e5 k\u00f8be Powerball online hos LottoHoy. Powerball-lotteriet Det mest karakteristiske ved Powerball er, at det har en indledende minimumsjackpot p\u00e5 40 millioner dollars, som vil blive \u00f8get [&hellip;]<\/p>\n","protected":false},"author":2,"featured_media":0,"parent":16746,"menu_order":1,"comment_status":"closed","ping_status":"closed","template":"powerball-usa-info.php","meta":{"_et_pb_use_builder":"","_et_pb_old_content":"","_et_gb_content_width":"","exclude_from_search":false,"footnotes":""},"class_list":["post-16752","page","type-page","status-publish","hentry"],"yoast_head":"<!-- This site is optimized with the Yoast SEO plugin v23.7 - https:\/\/yoast.com\/wordpress\/plugins\/seo\/ -->\n<title>\u25b7 Powerball FAQ og online lotteriguide | Lottohoy<\/title>\n<meta name=\"description\" content=\"Komplet guide til Powerball, et af de mest popul\u00e6re lotterier i USA. K\u00f8b din Powerball-kupon online nu, og g\u00f8r dine dr\u00f8mme til virkelighed!\" \/>\n<meta name=\"robots\" content=\"index, follow, max-snippet:-1, max-image-preview:large, max-video-preview:-1\" \/>\n<link rel=\"canonical\" href=\"https:\/\/lottohoy.com\/da\/faq-om-online-lotteri\/faq-om-powerball-lotteriet\/\" \/>\n<meta property=\"og:locale\" content=\"da_DK\" \/>\n<meta property=\"og:type\" content=\"article\" \/>\n<meta property=\"og:title\" content=\"\u25b7 Powerball FAQ og online lotteriguide | Lottohoy\" \/>\n<meta property=\"og:description\" content=\"Komplet guide til Powerball, et af de mest popul\u00e6re lotterier i USA. K\u00f8b din Powerball-kupon online nu, og g\u00f8r dine dr\u00f8mme til virkelighed!\" \/>\n<meta property=\"og:url\" content=\"https:\/\/lottohoy.com\/da\/faq-om-online-lotteri\/faq-om-powerball-lotteriet\/\" \/>\n<meta property=\"og:site_name\" content=\"Lottohoy\" \/>\n<meta name=\"twitter:card\" content=\"summary_large_image\" \/>\n<meta name=\"twitter:label1\" content=\"Estimeret l\u00e6setid\" \/>\n\t<meta name=\"twitter:data1\" content=\"3 minutter\" \/>\n<script type=\"application\/ld+json\" class=\"yoast-schema-graph\">{\"@context\":\"https:\/\/schema.org\",\"@graph\":[{\"@type\":\"WebPage\",\"@id\":\"https:\/\/lottohoy.com\/da\/faq-om-online-lotteri\/faq-om-powerball-lotteriet\/\",\"url\":\"https:\/\/lottohoy.com\/da\/faq-om-online-lotteri\/faq-om-powerball-lotteriet\/\",\"name\":\"\u25b7 Powerball FAQ og online lotteriguide | Lottohoy\",\"isPartOf\":{\"@id\":\"https:\/\/lottohoy.com\/da\/#website\"},\"datePublished\":\"2018-05-03T13:23:34+00:00\",\"dateModified\":\"2018-05-03T13:23:34+00:00\",\"description\":\"Komplet guide til Powerball, et af de mest popul\u00e6re lotterier i USA. K\u00f8b din Powerball-kupon online nu, og g\u00f8r dine dr\u00f8mme til virkelighed!\",\"breadcrumb\":{\"@id\":\"https:\/\/lottohoy.com\/da\/faq-om-online-lotteri\/faq-om-powerball-lotteriet\/#breadcrumb\"},\"inLanguage\":\"da-DK\",\"potentialAction\":[{\"@type\":\"ReadAction\",\"target\":[\"https:\/\/lottohoy.com\/da\/faq-om-online-lotteri\/faq-om-powerball-lotteriet\/\"]}]},{\"@type\":\"BreadcrumbList\",\"@id\":\"https:\/\/lottohoy.com\/da\/faq-om-online-lotteri\/faq-om-powerball-lotteriet\/#breadcrumb\",\"itemListElement\":[{\"@type\":\"ListItem\",\"position\":1,\"name\":\"Home\",\"item\":\"https:\/\/lottohoy.com\/da\/\"},{\"@type\":\"ListItem\",\"position\":2,\"name\":\"FAQ om online-lotteri\",\"item\":\"https:\/\/lottohoy.com\/da\/faq-om-online-lotteri\/\"},{\"@type\":\"ListItem\",\"position\":3,\"name\":\"FAQ om Powerball-lotteriet\"}]},{\"@type\":\"WebSite\",\"@id\":\"https:\/\/lottohoy.com\/da\/#website\",\"url\":\"https:\/\/lottohoy.com\/da\/\",\"name\":\"Lottohoy\",\"description\":\"\",\"potentialAction\":[{\"@type\":\"SearchAction\",\"target\":{\"@type\":\"EntryPoint\",\"urlTemplate\":\"https:\/\/lottohoy.com\/da\/?s={search_term_string}\"},\"query-input\":{\"@type\":\"PropertyValueSpecification\",\"valueRequired\":true,\"valueName\":\"search_term_string\"}}],\"inLanguage\":\"da-DK\"}]}<\/script>\n<!-- \/ Yoast SEO plugin. -->","yoast_head_json":{"title":"\u25b7 Powerball FAQ og online lotteriguide | Lottohoy","description":"Komplet guide til Powerball, et af de mest popul\u00e6re lotterier i USA. K\u00f8b din Powerball-kupon online nu, og g\u00f8r dine dr\u00f8mme til virkelighed!","robots":{"index":"index","follow":"follow","max-snippet":"max-snippet:-1","max-image-preview":"max-image-preview:large","max-video-preview":"max-video-preview:-1"},"canonical":"https:\/\/lottohoy.com\/da\/faq-om-online-lotteri\/faq-om-powerball-lotteriet\/","og_locale":"da_DK","og_type":"article","og_title":"\u25b7 Powerball FAQ og online lotteriguide | Lottohoy","og_description":"Komplet guide til Powerball, et af de mest popul\u00e6re lotterier i USA. K\u00f8b din Powerball-kupon online nu, og g\u00f8r dine dr\u00f8mme til virkelighed!","og_url":"https:\/\/lottohoy.com\/da\/faq-om-online-lotteri\/faq-om-powerball-lotteriet\/","og_site_name":"Lottohoy","twitter_card":"summary_large_image","twitter_misc":{"Estimeret l\u00e6setid":"3 minutter"},"schema":{"@context":"https:\/\/schema.org","@graph":[{"@type":"WebPage","@id":"https:\/\/lottohoy.com\/da\/faq-om-online-lotteri\/faq-om-powerball-lotteriet\/","url":"https:\/\/lottohoy.com\/da\/faq-om-online-lotteri\/faq-om-powerball-lotteriet\/","name":"\u25b7 Powerball FAQ og online lotteriguide | Lottohoy","isPartOf":{"@id":"https:\/\/lottohoy.com\/da\/#website"},"datePublished":"2018-05-03T13:23:34+00:00","dateModified":"2018-05-03T13:23:34+00:00","description":"Komplet guide til Powerball, et af de mest popul\u00e6re lotterier i USA. K\u00f8b din Powerball-kupon online nu, og g\u00f8r dine dr\u00f8mme til virkelighed!","breadcrumb":{"@id":"https:\/\/lottohoy.com\/da\/faq-om-online-lotteri\/faq-om-powerball-lotteriet\/#breadcrumb"},"inLanguage":"da-DK","potentialAction":[{"@type":"ReadAction","target":["https:\/\/lottohoy.com\/da\/faq-om-online-lotteri\/faq-om-powerball-lotteriet\/"]}]},{"@type":"BreadcrumbList","@id":"https:\/\/lottohoy.com\/da\/faq-om-online-lotteri\/faq-om-powerball-lotteriet\/#breadcrumb","itemListElement":[{"@type":"ListItem","position":1,"name":"Home","item":"https:\/\/lottohoy.com\/da\/"},{"@type":"ListItem","position":2,"name":"FAQ om online-lotteri","item":"https:\/\/lottohoy.com\/da\/faq-om-online-lotteri\/"},{"@type":"ListItem","position":3,"name":"FAQ om Powerball-lotteriet"}]},{"@type":"WebSite","@id":"https:\/\/lottohoy.com\/da\/#website","url":"https:\/\/lottohoy.com\/da\/","name":"Lottohoy","description":"","potentialAction":[{"@type":"SearchAction","target":{"@type":"EntryPoint","urlTemplate":"https:\/\/lottohoy.com\/da\/?s={search_term_string}"},"query-input":{"@type":"PropertyValueSpecification","valueRequired":true,"valueName":"search_term_string"}}],"inLanguage":"da-DK"}]}},"_links":{"self":[{"href":"https:\/\/lottohoy.com\/da\/wp-json\/wp\/v2\/pages\/16752","targetHints":{"allow":["GET"]}}],"collection":[{"href":"https:\/\/lottohoy.com\/da\/wp-json\/wp\/v2\/pages"}],"about":[{"href":"https:\/\/lottohoy.com\/da\/wp-json\/wp\/v2\/types\/page"}],"author":[{"embeddable":true,"href":"https:\/\/lottohoy.com\/da\/wp-json\/wp\/v2\/users\/2"}],"replies":[{"embeddable":true,"href":"https:\/\/lottohoy.com\/da\/wp-json\/wp\/v2\/comments?post=16752"}],"version-history":[{"count":0,"href":"https:\/\/lottohoy.com\/da\/wp-json\/wp\/v2\/pages\/16752\/revisions"}],"up":[{"embeddable":true,"href":"https:\/\/lottohoy.com\/da\/wp-json\/wp\/v2\/pages\/16746"}],"wp:attachment":[{"href":"https:\/\/lottohoy.com\/da\/wp-json\/wp\/v2\/media?parent=16752"}],"curies":[{"name":"wp","href":"https:\/\/api.w.org\/{rel}","templated":true}]}}